{"id":184,"date":"2015-04-27T21:01:21","date_gmt":"2015-04-27T21:01:21","guid":{"rendered":"http:\/\/livingston.gocactus.com\/experience-2\/partnerships\/"},"modified":"2023-06-29T03:06:08","modified_gmt":"2023-06-29T07:06:08","slug":"partenariat","status":"publish","type":"page","link":"https:\/\/www.livingstonintl.com\/fr\/experience-fr\/partenariat\/","title":{"rendered":"Partenariat"},"content":{"rendered":"\n<style type=\"text\/css\">\n.c-program-card{\n    background-color: #062645;\n    padding: 2rem;\n    text-align: center;\n    border-radius: 0.625rem;\n    margin-top:1.5rem;\n    margin-bottom:1.5rem;\n}\n\n.c-program-card p{\n    color: #bdcddb;\n    width: 80%;\n    margin: 0 auto;\n   padding-top:0.5rem;\n   padding-bottom:1.5rem;\n}\n<\/style>\n\n\n\n\n\n<!-- MASTHEAD: MAIN -->\n<section id=\"masthead-block\" class=\"lii-block lii-block-masthead\">\n\n\t<div class=\"masthead-background hide-for-small-only\">\n\t\t\t<\/div>\n\n\t<div class=\"masthead-container\" style=\"background: linear-gradient(90deg, rgba(0, 14, 28, 0) 0%, rgba(49, 70, 87, 0) 67%);\">\n\t\t<div class=\"grid-container\">\n\t\t\t<div id=\"mastheadContent\" class=\"masthead-content no-padding-bottom\" style=\"filter: drop-shadow(0px 0px 80px rgba(42, 52, 61, 0.2))\">\n\t\t\t\t<div class=\"grid-x masthead-breadcrumbs\">\n\t\t\t\t\t<div class=\"small-12 cell\">\n\t\t\t\t\t\t\n\n\t<section class=\"breadcrumbs hide-for-small-only clearfix\" itemprop=\"breadcrumb\">\n\t\t<span property=\"itemListElement\" typeof=\"ListItem\">\n\t\t\t\t\t<a property=\"item\" typeof=\"WebPage\" title=\"Aller \u00e0 Soci\u00e9t\u00e9 internationale Livingston.\" href=\"https:\/\/www.livingstonintl.com\/fr\/\" class=\"home\"><span property=\"name\">Accueil<\/span><\/a>&nbsp;\/&nbsp;\n\t\t\t\t<meta property=\"position\" content=\"1\"><\/span>\n\t\t<\/section>\n\t\t\t\t\t<\/div>\n\t\t\t\t<\/div>\n\t\t\t\t<div class=\"grid-x\">\n\t\t\t\t\t<div class=\"small-12 cell\">\n\t\t\t\t\t\t<h1 style=\"filter: drop-shadow(0px 0px 80px rgba(42, 52, 61, 0.2)); width:calc(1em * 10.5);\">\n\t\t\t\t\t\t\t<span class=\"white\">Un Partenariat.<br><\/span>\n\t\t\t\t\t\t\t<span class=\"orange\">Avec des avantages.<\/span>\n\t\t\t\t\t\t<\/h1>\n\t\t\t\t\t<\/div>\n\t\t\t\t<\/div>\n\t\t\t\t<div class=\"grid-x\">\n\t\t\t\t\t<div class=\"small-12 cell\">\n\t\t\t\t\t\t<p style=\"width:calc(1em * 40);\">\n\t\t\t\t\t\t\tNous collaborons avec des transporteurs et des associations commerciales pour vous offrir davantage. Plus d\u2019expertise de courtage en douane \u00e0 vos c\u00f4t\u00e9s lorsque vous en avez besoin. Plus de soutien au commerce international de bout en bout. Et plus d\u2019avantages lorsque vos clients d\u00e9sirent un service exceptionnel. Ce qui est toujours le cas.\t\t\t\t\t\t<\/p>\n\t\t\t\t\t\t\t\t\t\t\t<\/div>\n\t\t\t\t<\/div>\n\t\t\t<\/div>\n\t\t<\/div>\n\t<\/div>\n\n\t<div class=\"masthead-background show-for-small-only\">\n\t\t\t<\/div>\n\n\t<!--\t\t<div class=\"masthead-breadcrumbs\">-->\n<!--\t\t\t<div class=\"grid-container\">-->\n<!--\t\t\t\t<div class=\"grid-x\">-->\n<!--\t\t\t\t\t<div class=\"small-12 cell\">-->\n<!--\t\t\t\t\t\t--><!--\t\t\t\t\t<\/div>-->\n<!--\t\t\t\t<\/div>-->\n<!--\t\t\t<\/div>-->\n<!--\t\t<\/div>-->\n\t\n<\/section>\n<div class=\"angle-border\"><\/div><!-- \/ MASTHEAD: MAIN -->\n\n\n\n<!-- TEXT BLOCKS -->\n<div id=\"text-block_c6a8aca8f2256f007e35987fd34c04f1\" class=\"lii-block lii-block-text no-padding-bottom white-background no-border\">\n\n\t\t<section class=\"grid-container \">\n\t\t<div class=\"grid-x grid-margin-x\">\n\t\t\t<div class=\"cell\">\n\t\t\t\t\t\t\t\t\t\t\t\t<h2 class=\"align-center \" style=\"width:calc(1rem * 48.5)\">Des programmes de partenariat vous donnent l\u2019avantage.<\/h2>\t\t\t\t<p style=\"width:calc(1em * 40)\" class=\"align-center\">Pour les transporteurs et les compagnies de transport, cela signifie une solution compl\u00e8te pour un service harmonieux, un d\u00e9douanement optimis\u00e9 et des revenus accrus.\r\n\r\nPour les organisations membres, cela signifie une valeur ajout\u00e9e \u00e0 vos membres en les aidants \u00e0 cro\u00eetre, r\u00e9duire les co\u00fbts et g\u00e9rer le temps \u2014 \u00e0 un taux pr\u00e9f\u00e9rentiel.<\/p>\t\t\t\t\t\t\t<\/div>\n\t\t<\/div>\n\t<\/section>\n\t\n\t\n\t\n\t\n<\/div>\n<!-- \/ TEXT BLOCKS -->\n\n\n\n\n\n<!-- COLUMNS BLOCKS -->\n<div id=\"columns-block_810ea354fe38f56325c80afb59142669\" class=\"lii-block padding-v4x lii-block-columns no-padding-top  white-background \">\n\n\t<section class=\"grid-container\">\n\t\t<div class=\"grid-x grid-margin-x\">\n\t\t\t\t\t\t<div class=\"cell small-12 medium-auto\">\n\t\t\t\t<div class=\"c-program-card\">\r\n   <h3 class=\"h4 white\">Transporteurs et transitaires<\/h3>\r\n   <p>Offrez \u00e0 vos clients une solution alliant le transport et le courtage en douane.<\/p>\r\n   <a class=\"button yellow\" href=\"\/fr\/experience-fr\/partenariat\/carrier-and-forwarder-partnerships\/\">En Savoir Plus<\/a>\r\n<\/div>\t\t\t<\/div>\n\t\t\t\t\t\t<div class=\"cell small-12 medium-auto\">\n\t\t\t\t<div class=\"c-program-card\">\r\n   <h3 class=\"h4 white\">Organisations membres<\/h3>\r\n   <p>Offrez \u00e0 vos membres des services li\u00e9s au commerce et au transport \u00e0 des taux pr\u00e9f\u00e9rentiels.<\/p>\r\n   <a class=\"button yellow\" href=\"\/fr\/experience-fr\/partenariat\/member-organizations\/\"> En Savoir Plus<\/a>\r\n<\/div>\t\t\t<\/div>\n\t\t\t\t\t<\/div>\n\t<\/section>\n\n\t\n\t\n<\/div>\n<!-- \/ COLUMNS BLOCKS -->\n\n\n\n\n<div id=\"partnership-program-form\" class=\"show-registration full-width light-grey-background section-content\" style=\"border-top:1px solid #DCE5EC;\">\n   <div class=\"grid-container\">\n      <div class=\"grid-x\">\n         <div class=\"small-12 cell\">\n            <h4 class=\"h2\" style=\"margin-bottom: 1.875rem;\">Participez \u00e0 notre <br>programme de partenariat<\/h4>\n            <p style=\"font-size:1.25rem\">Fort de 70 ans d\u2019exp\u00e9rience et une pr\u00e9sence respect\u00e9e \u00e0 tous les ports principaux aux \u00c9tats-Unis et au Canada, Livingston a les ressources pour aider vos membres \u00e0 aller plus loin \u2014 dans de nouveaux march\u00e9s et au-del\u00e0 de la concurrence.<\/p>\n            <p style=\"font-size:1.25rem\">Contactez-nous aujourd\u2019hui pour d\u00e9couvrir comment nous pouvons aider vos membres \u00e0 s\u2019informer et \u00e0 prendre des d\u00e9cisions plus \u00e9clair\u00e9es et comment nous pouvons les accompagner \u00e0 naviguer dans les r\u00e9glementations, \u00e0 chaque \u00e9tape.<\/p>\n            <!-- Pardot Form Goes here -->\n         <\/div>\n      <\/div>\n   <\/div>\n<\/div>\n","protected":false},"excerpt":{"rendered":"<p>Participez \u00e0 notre programme de partenariat Fort de 70 ans d\u2019exp\u00e9rience et une pr\u00e9sence respect\u00e9e \u00e0 tous les ports principaux aux \u00c9tats-Unis et au Canada, Livingston a les ressources pour aider vos membres \u00e0 aller plus loin \u2014 dans de nouveaux march\u00e9s et au-del\u00e0 de la concurrence. Contactez-nous aujourd\u2019hui pour d\u00e9couvrir comment nous pouvons aider<a class=\"excerpt-read-more\" href=\"https:\/\/www.livingstonintl.com\/fr\/experience-fr\/partenariat\/\" title=\"ReadPartenariat\">&#8230; Read more &raquo;<\/a><\/p>\n","protected":false},"author":32,"featured_media":0,"parent":72,"menu_order":399,"comment_status":"closed","ping_status":"closed","template":"template-page\/page-main.php","meta":{"_acf_changed":false,"footnotes":""},"class_list":["post-184","page","type-page","status-publish","hentry"],"acf":[],"yoast_head":"<!-- This site is optimized with the Yoast SEO plugin v27.2 - https:\/\/yoast.com\/product\/yoast-seo-wordpress\/ -->\n<title>Partenariat - Livingston International<\/title>\n<meta name=\"robots\" content=\"index, follow, max-snippet:-1, max-image-preview:large, max-video-preview:-1\" \/>\n<link rel=\"canonical\" href=\"https:\/\/www.livingstonintl.com\/fr\/experience-fr\/partenariat\/\" \/>\n<meta property=\"og:locale\" content=\"fr_FR\" \/>\n<meta property=\"og:type\" content=\"article\" \/>\n<meta property=\"og:title\" content=\"Partenariat - Livingston International\" \/>\n<meta property=\"og:description\" content=\"Participez \u00e0 notre programme de partenariat Fort de 70 ans d\u2019exp\u00e9rience et une pr\u00e9sence respect\u00e9e \u00e0 tous les ports principaux aux \u00c9tats-Unis et au Canada, Livingston a les ressources pour aider vos membres \u00e0 aller plus loin \u2014 dans de nouveaux march\u00e9s et au-del\u00e0 de la concurrence. Contactez-nous aujourd\u2019hui pour d\u00e9couvrir comment nous pouvons aider... Read more &raquo;\" \/>\n<meta property=\"og:url\" content=\"https:\/\/www.livingstonintl.com\/fr\/experience-fr\/partenariat\/\" \/>\n<meta property=\"og:site_name\" content=\"Livingston International\" \/>\n<meta property=\"article:publisher\" content=\"https:\/\/www.facebook.com\/livingstoninternational\" \/>\n<meta property=\"article:modified_time\" content=\"2023-06-29T07:06:08+00:00\" \/>\n<meta property=\"og:image\" content=\"https:\/\/cdn.livingstonintl.com\/livingston-content\/uploads\/2022\/09\/12163235\/2022-livingston-fb.jpg\" \/>\n\t<meta property=\"og:image:width\" content=\"1200\" \/>\n\t<meta property=\"og:image:height\" content=\"630\" \/>\n\t<meta property=\"og:image:type\" content=\"image\/jpeg\" \/>\n<meta name=\"twitter:label1\" content=\"Dur\u00e9e de lecture estim\u00e9e\" \/>\n\t<meta name=\"twitter:data1\" content=\"1 minute\" \/>\n<script type=\"application\/ld+json\" class=\"yoast-schema-graph\">{\"@context\":\"https:\/\/schema.org\",\"@graph\":[{\"@type\":\"WebPage\",\"@id\":\"https:\/\/www.livingstonintl.com\/fr\/experience-fr\/partenariat\/\",\"url\":\"https:\/\/www.livingstonintl.com\/fr\/experience-fr\/partenariat\/\",\"name\":\"Partenariat - Livingston International\",\"isPartOf\":{\"@id\":\"https:\/\/www.livingstonintl.com\/fr\/#website\"},\"datePublished\":\"2015-04-27T21:01:21+00:00\",\"dateModified\":\"2023-06-29T07:06:08+00:00\",\"breadcrumb\":{\"@id\":\"https:\/\/www.livingstonintl.com\/fr\/experience-fr\/partenariat\/#breadcrumb\"},\"inLanguage\":\"fr-FR\",\"potentialAction\":[{\"@type\":\"ReadAction\",\"target\":[\"https:\/\/www.livingstonintl.com\/fr\/experience-fr\/partenariat\/\"]}]},{\"@type\":\"BreadcrumbList\",\"@id\":\"https:\/\/www.livingstonintl.com\/fr\/experience-fr\/partenariat\/#breadcrumb\",\"itemListElement\":[{\"@type\":\"ListItem\",\"position\":1,\"name\":\"Accueil\",\"item\":\"https:\/\/www.livingstonintl.com\/fr\/\"},{\"@type\":\"ListItem\",\"position\":2,\"name\":\"Experience\",\"item\":\"https:\/\/www.livingstonintl.com\/fr\/experience-fr\/\"},{\"@type\":\"ListItem\",\"position\":3,\"name\":\"Partenariat\"}]},{\"@type\":\"WebSite\",\"@id\":\"https:\/\/www.livingstonintl.com\/fr\/#website\",\"url\":\"https:\/\/www.livingstonintl.com\/fr\/\",\"name\":\"Livingston International\",\"description\":\"Simplify Trade\",\"publisher\":{\"@id\":\"https:\/\/www.livingstonintl.com\/fr\/#organization\"},\"potentialAction\":[{\"@type\":\"SearchAction\",\"target\":{\"@type\":\"EntryPoint\",\"urlTemplate\":\"https:\/\/www.livingstonintl.com\/fr\/?s={search_term_string}\"},\"query-input\":{\"@type\":\"PropertyValueSpecification\",\"valueRequired\":true,\"valueName\":\"search_term_string\"}}],\"inLanguage\":\"fr-FR\"},{\"@type\":\"Organization\",\"@id\":\"https:\/\/www.livingstonintl.com\/fr\/#organization\",\"name\":\"Livingston International\",\"url\":\"https:\/\/www.livingstonintl.com\/fr\/\",\"logo\":{\"@type\":\"ImageObject\",\"inLanguage\":\"fr-FR\",\"@id\":\"https:\/\/www.livingstonintl.com\/fr\/#\/schema\/logo\/image\/\",\"url\":\"https:\/\/cdn.livingstonintl.com\/livingston-content\/uploads\/2022\/09\/12163235\/2022-livingston-fb.jpg\",\"contentUrl\":\"https:\/\/cdn.livingstonintl.com\/livingston-content\/uploads\/2022\/09\/12163235\/2022-livingston-fb.jpg\",\"width\":1200,\"height\":630,\"caption\":\"Livingston International\"},\"image\":{\"@id\":\"https:\/\/www.livingstonintl.com\/fr\/#\/schema\/logo\/image\/\"},\"sameAs\":[\"https:\/\/www.facebook.com\/livingstoninternational\",\"https:\/\/x.com\/livingston_intl\",\"https:\/\/linkedin.com\/company\/livingston-international\"]}]}<\/script>\n<!-- \/ Yoast SEO plugin. -->","yoast_head_json":{"title":"Partenariat - Livingston International","robots":{"index":"index","follow":"follow","max-snippet":"max-snippet:-1","max-image-preview":"max-image-preview:large","max-video-preview":"max-video-preview:-1"},"canonical":"https:\/\/www.livingstonintl.com\/fr\/experience-fr\/partenariat\/","og_locale":"fr_FR","og_type":"article","og_title":"Partenariat - Livingston International","og_description":"Participez \u00e0 notre programme de partenariat Fort de 70 ans d\u2019exp\u00e9rience et une pr\u00e9sence respect\u00e9e \u00e0 tous les ports principaux aux \u00c9tats-Unis et au Canada, Livingston a les ressources pour aider vos membres \u00e0 aller plus loin \u2014 dans de nouveaux march\u00e9s et au-del\u00e0 de la concurrence. Contactez-nous aujourd\u2019hui pour d\u00e9couvrir comment nous pouvons aider... Read more &raquo;","og_url":"https:\/\/www.livingstonintl.com\/fr\/experience-fr\/partenariat\/","og_site_name":"Livingston International","article_publisher":"https:\/\/www.facebook.com\/livingstoninternational","article_modified_time":"2023-06-29T07:06:08+00:00","og_image":[{"width":1200,"height":630,"url":"https:\/\/cdn.livingstonintl.com\/livingston-content\/uploads\/2022\/09\/12163235\/2022-livingston-fb.jpg","type":"image\/jpeg"}],"twitter_misc":{"Dur\u00e9e de lecture estim\u00e9e":"1 minute"},"schema":{"@context":"https:\/\/schema.org","@graph":[{"@type":"WebPage","@id":"https:\/\/www.livingstonintl.com\/fr\/experience-fr\/partenariat\/","url":"https:\/\/www.livingstonintl.com\/fr\/experience-fr\/partenariat\/","name":"Partenariat - Livingston International","isPartOf":{"@id":"https:\/\/www.livingstonintl.com\/fr\/#website"},"datePublished":"2015-04-27T21:01:21+00:00","dateModified":"2023-06-29T07:06:08+00:00","breadcrumb":{"@id":"https:\/\/www.livingstonintl.com\/fr\/experience-fr\/partenariat\/#breadcrumb"},"inLanguage":"fr-FR","potentialAction":[{"@type":"ReadAction","target":["https:\/\/www.livingstonintl.com\/fr\/experience-fr\/partenariat\/"]}]},{"@type":"BreadcrumbList","@id":"https:\/\/www.livingstonintl.com\/fr\/experience-fr\/partenariat\/#breadcrumb","itemListElement":[{"@type":"ListItem","position":1,"name":"Accueil","item":"https:\/\/www.livingstonintl.com\/fr\/"},{"@type":"ListItem","position":2,"name":"Experience","item":"https:\/\/www.livingstonintl.com\/fr\/experience-fr\/"},{"@type":"ListItem","position":3,"name":"Partenariat"}]},{"@type":"WebSite","@id":"https:\/\/www.livingstonintl.com\/fr\/#website","url":"https:\/\/www.livingstonintl.com\/fr\/","name":"Livingston International","description":"Simplify Trade","publisher":{"@id":"https:\/\/www.livingstonintl.com\/fr\/#organization"},"potentialAction":[{"@type":"SearchAction","target":{"@type":"EntryPoint","urlTemplate":"https:\/\/www.livingstonintl.com\/fr\/?s={search_term_string}"},"query-input":{"@type":"PropertyValueSpecification","valueRequired":true,"valueName":"search_term_string"}}],"inLanguage":"fr-FR"},{"@type":"Organization","@id":"https:\/\/www.livingstonintl.com\/fr\/#organization","name":"Livingston International","url":"https:\/\/www.livingstonintl.com\/fr\/","logo":{"@type":"ImageObject","inLanguage":"fr-FR","@id":"https:\/\/www.livingstonintl.com\/fr\/#\/schema\/logo\/image\/","url":"https:\/\/cdn.livingstonintl.com\/livingston-content\/uploads\/2022\/09\/12163235\/2022-livingston-fb.jpg","contentUrl":"https:\/\/cdn.livingstonintl.com\/livingston-content\/uploads\/2022\/09\/12163235\/2022-livingston-fb.jpg","width":1200,"height":630,"caption":"Livingston International"},"image":{"@id":"https:\/\/www.livingstonintl.com\/fr\/#\/schema\/logo\/image\/"},"sameAs":["https:\/\/www.facebook.com\/livingstoninternational","https:\/\/x.com\/livingston_intl","https:\/\/linkedin.com\/company\/livingston-international"]}]}},"_links":{"self":[{"href":"https:\/\/wp.livingstonintl.com\/fr\/wp-json\/wp\/v2\/pages\/184","targetHints":{"allow":["GET"]}}],"collection":[{"href":"https:\/\/wp.livingstonintl.com\/fr\/wp-json\/wp\/v2\/pages"}],"about":[{"href":"https:\/\/wp.livingstonintl.com\/fr\/wp-json\/wp\/v2\/types\/page"}],"author":[{"embeddable":true,"href":"https:\/\/wp.livingstonintl.com\/fr\/wp-json\/wp\/v2\/users\/32"}],"replies":[{"embeddable":true,"href":"https:\/\/wp.livingstonintl.com\/fr\/wp-json\/wp\/v2\/comments?post=184"}],"version-history":[{"count":2,"href":"https:\/\/wp.livingstonintl.com\/fr\/wp-json\/wp\/v2\/pages\/184\/revisions"}],"predecessor-version":[{"id":58764,"href":"https:\/\/wp.livingstonintl.com\/fr\/wp-json\/wp\/v2\/pages\/184\/revisions\/58764"}],"up":[{"embeddable":true,"href":"https:\/\/wp.livingstonintl.com\/fr\/wp-json\/wp\/v2\/pages\/72"}],"wp:attachment":[{"href":"https:\/\/wp.livingstonintl.com\/fr\/wp-json\/wp\/v2\/media?parent=184"}],"curies":[{"name":"wp","href":"https:\/\/api.w.org\/{rel}","templated":true}]}}