{"id":190,"date":"2015-04-27T20:59:24","date_gmt":"2015-04-27T20:59:24","guid":{"rendered":"http:\/\/livingston.gocactus.com\/experience-2\/heavy-equipment\/"},"modified":"2022-10-27T14:48:39","modified_gmt":"2022-10-27T18:48:39","slug":"equipment-lourd","status":"publish","type":"page","link":"https:\/\/www.livingstonintl.com\/fr\/experience-fr\/equipment-lourd\/","title":{"rendered":"\u00c9quipment lourd"},"content":{"rendered":"\n\n\n<!-- MASTHEAD: MAIN -->\n<section id=\"masthead-block\" class=\"lii-block lii-block-masthead\">\n\n\t<div class=\"masthead-background hide-for-small-only\">\n\t\t\t\t<img decoding=\"async\" src=\"data:image\/image\/jpeg;base64, \/9j\/4AAQSkZJRgABAQEAYABgAAD\/\/gA7Q1JFQVRPUjogZ2QtanBlZyB2MS4wICh1c2luZyBJSkcgSlBFRyB2NjIpLCBxdWFsaXR5ID0gODIK\/9sAQwAGBAQFBAQGBQUFBgYGBwkOCQkICAkSDQ0KDhUSFhYVEhQUFxohHBcYHxkUFB0nHR8iIyUlJRYcKSwoJCshJCUk\/9sAQwEGBgYJCAkRCQkRJBgUGCQkJCQkJCQkJCQkJCQkJCQkJCQkJCQkJCQkJCQkJCQkJCQkJCQkJCQkJCQkJCQkJCQk\/8AAEQgAawC+AwEiAAIRAQMRAf\/EAB8AAAEFAQEBAQEBAAAAAAAAAAABAgMEBQYHCAkKC\/\/EALUQAAIBAwMCBAMFBQQEAAABfQECAwAEEQUSITFBBhNRYQcicRQygZGhCCNCscEVUtHwJDNicoIJChYXGBkaJSYnKCkqNDU2Nzg5OkNERUZHSElKU1RVVldYWVpjZGVmZ2hpanN0dXZ3eHl6g4SFhoeIiYqSk5SVlpeYmZqio6Slpqeoqaqys7S1tre4ubrCw8TFxsfIycrS09TV1tfY2drh4uPk5ebn6Onq8fLz9PX29\/j5+v\/EAB8BAAMBAQEBAQEBAQEAAAAAAAABAgMEBQYHCAkKC\/\/EALURAAIBAgQEAwQHBQQEAAECdwABAgMRBAUhMQYSQVEHYXETIjKBCBRCkaGxwQkjM1LwFWJy0QoWJDThJfEXGBkaJicoKSo1Njc4OTpDREVGR0hJSlNUVVZXWFlaY2RlZmdoaWpzdHV2d3h5eoKDhIWGh4iJipKTlJWWl5iZmqKjpKWmp6ipqrKztLW2t7i5usLDxMXGx8jJytLT1NXW19jZ2uLj5OXm5+jp6vLz9PX29\/j5+v\/aAAwDAQACEQMRAD8A8RUccDk0hGc8dKahORmpAuCSM7T3roIG4wMnpikdgiuUJzjpTnGACeRioPNaIb1YMc4Ge1AEIbGKjlbL49KdnKnJ6Go1yzkjrmgDsLS3Gn2VtZKD51wN8vsDxj+Q\/Ot+2txNMiKQyL97HDf54FVI2jj0m3lnixeuwUr\/AHQCRkVe0pRBE0rkOy9DnkkcH9aRI29lkDoGbHkMSwIyN59fz\/M0ktkJY4HjZFbcJJQr8H0FSi2BureLcFYnzZX7Z4PP4fz9qra3dm1hdkKKzuScnB46Y\/AfrQBT1zWl0tDaxLukGWcsMhSQePrzXL6KWvtXgMrHZv3MSevoP0qG7eWeXYMs8rYC+9aemTpata6eIUZ47gyyS4G7djG0H0pgemeKdPs\/E2gASAw3FqmYJP7zY6Edwa15LZUsYLdCS0UIjbHHIGKksYbXVrGztblTBLDIkiseA4DZH1BPao9eEemJIbhljDDAYHB4\/wD1Vzt9Bo4PxHBDDqIUMN2MnnGR2rGu5Ehd3y2EXpn8a09QuEvrtp03hGXjf1bHWuZ1i5DTSRxnKjqfU1tHYZnXNwWy5JOeeazC+eT1NT3MmVKjqOuKq4BpsBpVmYkVojMtkjs7en4iqKP5ThiPl6HFXhLvhCRkbCOAOKQyxExManJ3EU0sQ3NCzR4C\/KvsDUbNx+NO4hJOCB600Lke1OK78E0HGcdBUgTr6g81KrMTUSkqeakUZfAPb86sB0kZ28dhVQtFJguWQHqcdR64\/OrtwJJ40SMcNgMfQd6j1FI3SNIoyjbBhc5wRkEUAVpLdUnMSSK4PRh0NJZ7ReRGUfIsi7sY6A0zY5IbH3ccd6fgoxyDk80CuekT6duaO5QNIhjBRv4ceo9qktD5zKGwsUXLseM1zfhTxdcaEGtZkW6sJAQ0MnIGe49K3zq+iXslk0Uz2kc05FzFJ8wRQMjB\/unpU6iJGmEMctxMSrudzE9AnYfiecelc14gvv8Alm+d+d21hjYOw+vJJHqfatK+vobe4sbSS5intppDcSzj5hv3cA9wAqqMdqz\/ABNoN2Ll50Qy28qh1lVty7eBnI96YFDTbK4Gm3evIgcW8iwocZ2Ofm3fhj82ro10seIZ4tdsDBEkaFp4N21kIBJOe49\/pUnw61O3hsL3TLjaFY7mRuki8cZ6evXtVnxJp\/k6HO9uot5xcCR0hOFCABQvv2OfWl1A7LTr2a08Ni9njWaOEgoOwkz8mfTnbzXQ+JvD9p4isYwzFJQS0U2funGDkdxziuH+HOtyw2M1jeHzQTnDc5GOhzxjrXb3Ot2FrbG5aUIqpldxA56YOf51hNNMaPINct2srqa3vnVZIDsyhyre478nj8TXFXTZ3FeBnArqvFsw1Of7QkqHBO4HoT36e\/8AOuSlB27uAPrW8dhmZPJhiO\/rTY23cdDU86hsgc+gFbGh6Sv2b7c9rI8cUi75yAyRHkjcpGCDgcHOcHr0ofmM5+QMMA96kjJhRznqOB71cvZF1HUJpYbaO3R2ysMedq+wySQPbNUZ4XjbGKAGrKd4zyKvqSUBUE4PXvWavytkqTitK3kZ493B7UAx7bhzwOe9Ick8cU47AO5PfFL\/AKvBk7jigQ9jxgdRU0WGAJ4YVCFzyM1PGgPsaaYE0bFflzwahureQ4ePkj0qdUc4wKsqMYVuVNMDHEhwQ4w\/vSyDzEzjB9q1rjSllG9MBvXsajGkzom8PGcdsmlcLGXESxKknFaNvtA25JAB60q6RMzAkICf9rGaedKvY1ICKT67hTJaIJBgAE9a6PR7iOCEiYEQtFsmx02txux6qcH86557G8AG63kJHXAzWro+rrp8imcSKyj7rIeRQAtq\/wDYz3CpJGZJd65U5wAPlYemcn6g0+98QTtZX0Lhidy89e2Dn8R171W8TXcl1fPNAiRpIFXCgZAx1NZlw6j7V2Ep+Xg4P0oHY6DRvFBs7RXSHLxH95tPIXHXHf0rV1XXFm09by0kElu4XfHJ0PqpBP1rgbN5LQyTsmVKFRkHBzTFurprdokJKgbmGQAKlxT1GPuL2W9m+zwLt8xug5J9Bmptc8PajoDW6X0JTz4xLGwBwwPuR1\/xrV8MWV5orWmtXFit3beaGNtI7Ks2ORu2+hwRwenSum1y\/wBX+IurWceoQGCwtgCUhHVjgNtJ6liBj0Azzg1DqWfkaKF15nIeGdFt5v8AStRRmRgREhO1XO4Lkn0Bb1GcEZ646rxZaXEfhxRb3QNqspkk6LGW24ARegUYPQck8jnNbLRabpG+4nht1hVlBUZZI2AOI1J+8Rjb6DBJ54rg\/Eur3WqBo95W1WRnWIdOT1\/kPyrKLdSV7aIuS5I2vqcxLdCNmAGT\/eFMknNwuSMHvUc64bNMjc8iugwGnIzzU0E6pHIrZzjj61XfrTeaQ7FiOd9wG44HSrX2oYw3B9c4zVaBEI8wEZXqp7\/SiJEmdg7EY9KYM2wu3Pb2qRQOMA80gIYdakRMjimxFhA2zAINO53fN9abHHtABPJ7CpCAr4bsM4pWAsQuQOOQfWp1IQZIPPUVWUbVXuT2HaledVBGTRYCEavabtolAw+35vT1+lTpMsxXyp43YkDgg\/5+v+NY0+lwSAlZip6jIzViLSHt9PM0MpeSNt\/ty23\/ANlp6DNW6uktZooJLkKWzkbsY9PpVe5vreCTzVdZJFJCAHI9Dz+FYs9hcSSPLNKnmE5I9KrpbyLn5lxmiwrmnfas905UQqrDk4OaotcSBgW5x2NClYhx1qCSXPamK5JcanNIMOWAA4APFQwalOkLxRx5XduLFiO3\/wBaomR5OApzmtHR9AudQWWZ\/wB1boQG4+Zj6Dn359B17ZmUuXVlKN3ZFjSdT1G+hSzXzrjawMSK4XkkLz+eAe34DHpdpbSX+nWEWixQx3UUohlkWQhUPco38S5JOVBIyR0IzkeHdGj8PhpiltI8qGK4iePzWjjdduBnGW5HPrgAdauWOhz3V5ajw\/aXDRx5klmNwEYxIcYjIYY68gDnAwcVzTtLVHRF8ujYs8dvr\/iH+zJSwjsgPMZxtErlsMQAeCThfQAAAHjHJ+N4NOtNSe30sybI12yBmDBXycgHuOldJ4jtbaPU5ktYB5qkqxcfcPQjP1B9K557SGd2Eq7XOSSvStKMXa5nVkmzh5ssx4qKL\/WAGuivtAZMsMbTyMGsuTS7iBTIUYj1AzWzRkmVJI8VDjnFWHzjOPxFRcZ46mkxjo2UAgjgYpYo3cswbHvSzx7W2gEY65ppJRQvPXNIDoIgoblhj61djCcDcv51SScKfuEg+1TpdoDkxdf9gVYi\/GUVd25cVHNeWi7svkkAHaCaxbm5LyMW4XPAzwPwqISr0CfrQLU0r7UQ8eYRJu6HK9q9B8CeIdN0vSrM6j4fkvZ13GR2slIKksQd+05GCv0xXlMkikYK\/rW9aavdyeFnsVjl8sOFjKscLyWPHvjFTK9tCoq+56nD4r8J3V1Hcnw1aRW5kBYCyjYnk5xuAUjOMgkda811qaaSS9NjEY7eQqY40wPLXczbeOM\/N2psaahqnhlEtbAraJcGcyFt\/RFQg46DKk8j+L87NvqemQ6JBE8Vm80CfPtlX5jk5OCp5xt6dakInLlLro8MxJ9UOaY8V0OPs84\/4Aa3RrtgzNhXiBP3lXDL+QFQz65aY\/d\/a8+uSP8A2bmquwsjDkjnTh1YZ7VJb2FzckbEO1gcOQcZA6dOtdP4H0ay8X+IjaX0vlW628km+aQqoIGQWI6D+uPWrEsltpiIgu4gqFiIwN3lk4Bx1GOMZGfu5HWht9AVjLt9BlijRZVMcm3dkry2e2Owx\/n06Xw\/oFxf\/wDEutpXgMxWRLhs7VQlsscnhfk6gHkevTIe+ikdmBVSSqknJyc4JPtwc+xro316z\/4Rv7NHaW8MkkreYixfKAWDAoR7g8HgZ4HTGUlLqWmiPWNTubQjT9JunigRQn2l4\/3si4HX0zwcdhheg5q6TrOraOyLBrF3GFBUbWwAD1GB61AtyoI8xNx9l6DpgiiSeEsWXPbgRn\/CtIxSREpNiald3k0jXH765lkcu7b+WJ6n86ohr92GbSUqRwQR1\/OtCC\/VmZJIZgM4HGOPxqR7mFY8+XNjOfuj+lUTcy5obiU7Ws5No7cf41RNtLASFhdVPQMOP51ukxysFiilbONyhT\/hUM8OBjEgPoxx\/SmCZzE1kZMZt9uRnIB4qi+nGPL4kyORhCa6S4ikT+Dn\/rp1\/wDHapPI\/IMXPs4\/woGYrx44EczEn+JartFKTnypB+FbD5I5iB\/4F\/8AWqJjsAAiye43D\/ClYC+lncAcS6d\/4HQf\/F019Gv7mOWWN7N0hUu+y9hO0AE5wGz0B\/KstXToI5\/wkH\/xNTWl+bMShYZGWVWRt0nIBVl4wB2Y0nzD0GGyucEhrYj2uY\/5bqY0VwhwxgyP+m6f40qTKGyEm\/7+D\/4mkmZZ3yUl3H\/bB\/8AZaNQ0GSQTkjcI1JAI3SqMg9xk811nh67e10YWkrCPzCzgbgVcDJ7deQPyrk7k+aEDAjYoQYPJAra0bUrLTLcSy21xLcQp8gaIMqnJIJ9vrSltqNbkFvresjTU0eC4ItW+TyYSoaQFs7WI+Zhnsc9B6CoU025ZtgjgUk9WnQH\/wBCplmbjTtRtbx7SaR1lV1WQkBzkHHTvWg93aG5KHRJ1m5OPtLAjvxxTu10EkiWLwxIozNPZDvxeQj\/ANnq9F4dRFLLHZuAA297yEqQSRwd2D0P071i3rQHaH0+\/jLHaAZ+p9OUq9Y38trpzWT6PJPApDhmc7lwWJ5A\/wBr9BSbl0GkjQi0u7gJe3ktYt2VLJfQrkZ9n+lVmsmLMkr2UndgbyJifw3ZJ9qqxTi\/wlvo8464Ec559eMVXex2XCSCzu45VO4K8np6jbQuYHY1xpNyqgFLRQT3uoup9fm61IsE8RXc9kucEZu4h\/7NUJvd7AyaO25vmyJXHPqARx61RuLWCTK\/YLkYHQTn\/wCJoXN1B8p0VjbXeoSrFai1lkKM+FuozgDGed3B+YcdeauNoGstkbLTC5B23sXXGcfe965nQrmXRJ2mtrOYhlZSGkOfmKHIIAx9wVpXHiu8diwtLiPJ\/hnfH5EGpfPfQqKp21ZeudP1HTVLTf2dEo67ruEf+z+9U1XULuDfHDBsOVDGVRypwep9awNWvrjU8iaK8PbmUY\/9AqW08UXEEBthZCQh2fKuwxuYt2+tP3khWhfRmjLDqcOBugjI4P79eT\/31UMt7NLc+X5tqJTjgXCBfxJOKzLnXJ58h4rhM88SH+orKE0az+dtkZu4ds5H5U1cTS6M6KQTPli9n1\/5+4j7f3qozAqQfNtB\/wBvMf8A8VWbJcwsPlt2U+0h\/wAKqSKj\/wDLKX\/vvP8ASjURq5llUnfBjOM+enP681G6SZzugH\/bZP8AGqkBBiCeU0igkjnp69qa0SE\/6mQf8C\/+tRqBuFPl6DdjBqCSynnIGVC+lXYVBlYEZ570lwPs6ExZUg+tWIit7CK2QvLtc9ee1RsqkFmVQWb8hQkryqu9s5bFOCK9u5YZ69fpQBR1KSNJV8vkxnJxUqzRNbXc8bkSyBU2E9fU1b0qJLgKsqK4MYPzDPNV721ht53WJAoFAFnSr1NQubcXLkSRMGyx446YpBqMLeInbBlhdwm4cEL3xWFL8pYDgVrRW8X2W0n2ASN1Yd6ANrxm9ravYyWhLqdxwfw59jVq0mim0SeaIne8JJz\/AAHvWH4jAxanHJXmnW0jJoc4U4Bx\/OiwrHUeG9Otj4ftrrfm4lLMzA9MHGPboansy8l0wkZ2z\/ePK\/SqPgf97ox38+XIyr7Dg\/zJp1he3H9opD5z+WH+7njrSQjTQoqAbDuik+Ud2\/zmtC7t0BjZlCE9ccjp3rAimkZ7aMuSjuxYevK\/411jfL0GMDj2pAUDCoj+Ug56jbg5rNnilVztGR6E1qSTSBkwx5Az+VUrtm8w8nmmgMqZGOQykjnv1rGGkvFqpuo0VIRjHzDLMf6VtfemZSTjdjrUN8ipMm3Iy2etMEVbvJX5UxzjII\/xrm9bmHliMqN\/XPtW3dO32WZs8ryD3Fctdj93nvQUhlhd7JVVxuQnBz2rReFZJF2NtB4GeM+4rFTjJrXgYssBPVYwR7HJqQI7GJkE4YYCfq3+RVlYEJ3qcse\/SkBIjbB6D+tJCxDsAeOKqwH\/2Q==\" data-src='https:\/\/cdn.livingstonintl.com\/livingston-content\/uploads\/2020\/11\/09032902\/masthead-industries-heavy-equipment.jpg' alt=\"\" \/>\n\t\t\t<\/div>\n\n\t<div class=\"masthead-container\" style=\"background: linear-gradient(90deg, rgba(0, 14, 28, 0.5) 0%, rgba(49, 70, 87, 0) 100%);\">\n\t\t<div class=\"grid-container\">\n\t\t\t<div id=\"mastheadContent\" class=\"masthead-content \" style=\"filter: drop-shadow(0px 0px 40px rgba(42, 52, 61, 0.2))\">\n\t\t\t\t<div class=\"grid-x masthead-breadcrumbs\">\n\t\t\t\t\t<div class=\"small-12 cell\">\n\t\t\t\t\t\t\n\n\t<section class=\"breadcrumbs hide-for-small-only clearfix\" itemprop=\"breadcrumb\">\n\t\t<span property=\"itemListElement\" typeof=\"ListItem\">\n\t\t\t\t\t<a property=\"item\" typeof=\"WebPage\" title=\"Aller \u00e0 Soci\u00e9t\u00e9 internationale Livingston.\" href=\"https:\/\/www.livingstonintl.com\/fr\/\" class=\"home\"><span property=\"name\">Accueil<\/span><\/a>&nbsp;\/&nbsp;\n\t\t\t\t<meta property=\"position\" content=\"1\"><\/span>\n\t\t<\/section>\n\t\t\t\t\t<\/div>\n\t\t\t\t<\/div>\n\t\t\t\t<div class=\"grid-x\">\n\t\t\t\t\t<div class=\"small-12 cell\">\n\t\t\t\t\t\t<h1 style=\"filter: drop-shadow(0px 0px 40px rgba(42, 52, 61, 0.2)); width:calc(1em * 10.5);\">\n\t\t\t\t\t\t\t<span class=\"white\">Mat\u00e9riel lourd<\/span>\n\t\t\t\t\t\t\t<span class=\"orange\">Nous nous chargeons du gros du travail.<\/span>\n\t\t\t\t\t\t<\/h1>\n\t\t\t\t\t<\/div>\n\t\t\t\t<\/div>\n\t\t\t\t<div class=\"grid-x\">\n\t\t\t\t\t<div class=\"small-12 cell\">\n\t\t\t\t\t\t<p style=\"width:calc(1em * 21);\">\n\t\t\t\t\t\t\tLes projets et les entreprises comptent sur l\u2019arriv\u00e9e \u00e0 temps du mat\u00e9riel lourd. Comptez sur Livingston pour faire face \u00e0 toutes les complexit\u00e9s et proc\u00e9der au d\u00e9douanement. Plus rapidement.\t\t\t\t\t\t<\/p>\n\t\t\t\t\t\t\t\t\t\t\t<\/div>\n\t\t\t\t<\/div>\n\t\t\t<\/div>\n\t\t<\/div>\n\t<\/div>\n\n\t<div class=\"masthead-background show-for-small-only\">\n\t\t\t\t\t<img decoding=\"async\" src=\"data:image\/image\/jpeg;base64, \/9j\/4AAQSkZJRgABAQEAYABgAAD\/\/gA7Q1JFQVRPUjogZ2QtanBlZyB2MS4wICh1c2luZyBJSkcgSlBFRyB2NjIpLCBxdWFsaXR5ID0gODIK\/9sAQwAGBAQFBAQGBQUFBgYGBwkOCQkICAkSDQ0KDhUSFhYVEhQUFxohHBcYHxkUFB0nHR8iIyUlJRYcKSwoJCshJCUk\/9sAQwEGBgYJCAkRCQkRJBgUGCQkJCQkJCQkJCQkJCQkJCQkJCQkJCQkJCQkJCQkJCQkJCQkJCQkJCQkJCQkJCQkJCQk\/8AAEQgAawC+AwEiAAIRAQMRAf\/EAB8AAAEFAQEBAQEBAAAAAAAAAAABAgMEBQYHCAkKC\/\/EALUQAAIBAwMCBAMFBQQEAAABfQECAwAEEQUSITFBBhNRYQcicRQygZGhCCNCscEVUtHwJDNicoIJChYXGBkaJSYnKCkqNDU2Nzg5OkNERUZHSElKU1RVVldYWVpjZGVmZ2hpanN0dXZ3eHl6g4SFhoeIiYqSk5SVlpeYmZqio6Slpqeoqaqys7S1tre4ubrCw8TFxsfIycrS09TV1tfY2drh4uPk5ebn6Onq8fLz9PX29\/j5+v\/EAB8BAAMBAQEBAQEBAQEAAAAAAAABAgMEBQYHCAkKC\/\/EALURAAIBAgQEAwQHBQQEAAECdwABAgMRBAUhMQYSQVEHYXETIjKBCBRCkaGxwQkjM1LwFWJy0QoWJDThJfEXGBkaJicoKSo1Njc4OTpDREVGR0hJSlNUVVZXWFlaY2RlZmdoaWpzdHV2d3h5eoKDhIWGh4iJipKTlJWWl5iZmqKjpKWmp6ipqrKztLW2t7i5usLDxMXGx8jJytLT1NXW19jZ2uLj5OXm5+jp6vLz9PX29\/j5+v\/aAAwDAQACEQMRAD8A8RUccDk0hGc8dKahORmpAuCSM7T3roIG4wMnpikdgiuUJzjpTnGACeRioPNaIb1YMc4Ge1AEIbGKjlbL49KdnKnJ6Go1yzkjrmgDsLS3Gn2VtZKD51wN8vsDxj+Q\/Ot+2txNMiKQyL97HDf54FVI2jj0m3lnixeuwUr\/AHQCRkVe0pRBE0rkOy9DnkkcH9aRI29lkDoGbHkMSwIyN59fz\/M0ktkJY4HjZFbcJJQr8H0FSi2BureLcFYnzZX7Z4PP4fz9qra3dm1hdkKKzuScnB46Y\/AfrQBT1zWl0tDaxLukGWcsMhSQePrzXL6KWvtXgMrHZv3MSevoP0qG7eWeXYMs8rYC+9aemTpata6eIUZ47gyyS4G7djG0H0pgemeKdPs\/E2gASAw3FqmYJP7zY6Edwa15LZUsYLdCS0UIjbHHIGKksYbXVrGztblTBLDIkiseA4DZH1BPao9eEemJIbhljDDAYHB4\/wD1Vzt9Bo4PxHBDDqIUMN2MnnGR2rGu5Ehd3y2EXpn8a09QuEvrtp03hGXjf1bHWuZ1i5DTSRxnKjqfU1tHYZnXNwWy5JOeeazC+eT1NT3MmVKjqOuKq4BpsBpVmYkVojMtkjs7en4iqKP5ThiPl6HFXhLvhCRkbCOAOKQyxExManJ3EU0sQ3NCzR4C\/KvsDUbNx+NO4hJOCB600Lke1OK78E0HGcdBUgTr6g81KrMTUSkqeakUZfAPb86sB0kZ28dhVQtFJguWQHqcdR64\/OrtwJJ40SMcNgMfQd6j1FI3SNIoyjbBhc5wRkEUAVpLdUnMSSK4PRh0NJZ7ReRGUfIsi7sY6A0zY5IbH3ccd6fgoxyDk80CuekT6duaO5QNIhjBRv4ceo9qktD5zKGwsUXLseM1zfhTxdcaEGtZkW6sJAQ0MnIGe49K3zq+iXslk0Uz2kc05FzFJ8wRQMjB\/unpU6iJGmEMctxMSrudzE9AnYfiecelc14gvv8Alm+d+d21hjYOw+vJJHqfatK+vobe4sbSS5intppDcSzj5hv3cA9wAqqMdqz\/ABNoN2Ll50Qy28qh1lVty7eBnI96YFDTbK4Gm3evIgcW8iwocZ2Ofm3fhj82ro10seIZ4tdsDBEkaFp4N21kIBJOe49\/pUnw61O3hsL3TLjaFY7mRuki8cZ6evXtVnxJp\/k6HO9uot5xcCR0hOFCABQvv2OfWl1A7LTr2a08Ni9njWaOEgoOwkz8mfTnbzXQ+JvD9p4isYwzFJQS0U2funGDkdxziuH+HOtyw2M1jeHzQTnDc5GOhzxjrXb3Ot2FrbG5aUIqpldxA56YOf51hNNMaPINct2srqa3vnVZIDsyhyre478nj8TXFXTZ3FeBnArqvFsw1Of7QkqHBO4HoT36e\/8AOuSlB27uAPrW8dhmZPJhiO\/rTY23cdDU86hsgc+gFbGh6Sv2b7c9rI8cUi75yAyRHkjcpGCDgcHOcHr0ofmM5+QMMA96kjJhRznqOB71cvZF1HUJpYbaO3R2ysMedq+wySQPbNUZ4XjbGKAGrKd4zyKvqSUBUE4PXvWavytkqTitK3kZ493B7UAx7bhzwOe9Ick8cU47AO5PfFL\/AKvBk7jigQ9jxgdRU0WGAJ4YVCFzyM1PGgPsaaYE0bFflzwahureQ4ePkj0qdUc4wKsqMYVuVNMDHEhwQ4w\/vSyDzEzjB9q1rjSllG9MBvXsajGkzom8PGcdsmlcLGXESxKknFaNvtA25JAB60q6RMzAkICf9rGaedKvY1ICKT67hTJaIJBgAE9a6PR7iOCEiYEQtFsmx02txux6qcH86557G8AG63kJHXAzWro+rrp8imcSKyj7rIeRQAtq\/wDYz3CpJGZJd65U5wAPlYemcn6g0+98QTtZX0Lhidy89e2Dn8R171W8TXcl1fPNAiRpIFXCgZAx1NZlw6j7V2Ep+Xg4P0oHY6DRvFBs7RXSHLxH95tPIXHXHf0rV1XXFm09by0kElu4XfHJ0PqpBP1rgbN5LQyTsmVKFRkHBzTFurprdokJKgbmGQAKlxT1GPuL2W9m+zwLt8xug5J9Bmptc8PajoDW6X0JTz4xLGwBwwPuR1\/xrV8MWV5orWmtXFit3beaGNtI7Ks2ORu2+hwRwenSum1y\/wBX+IurWceoQGCwtgCUhHVjgNtJ6liBj0Azzg1DqWfkaKF15nIeGdFt5v8AStRRmRgREhO1XO4Lkn0Bb1GcEZ646rxZaXEfhxRb3QNqspkk6LGW24ARegUYPQck8jnNbLRabpG+4nht1hVlBUZZI2AOI1J+8Rjb6DBJ54rg\/Eur3WqBo95W1WRnWIdOT1\/kPyrKLdSV7aIuS5I2vqcxLdCNmAGT\/eFMknNwuSMHvUc64bNMjc8iugwGnIzzU0E6pHIrZzjj61XfrTeaQ7FiOd9wG44HSrX2oYw3B9c4zVaBEI8wEZXqp7\/SiJEmdg7EY9KYM2wu3Pb2qRQOMA80gIYdakRMjimxFhA2zAINO53fN9abHHtABPJ7CpCAr4bsM4pWAsQuQOOQfWp1IQZIPPUVWUbVXuT2HaledVBGTRYCEavabtolAw+35vT1+lTpMsxXyp43YkDgg\/5+v+NY0+lwSAlZip6jIzViLSHt9PM0MpeSNt\/ty23\/ANlp6DNW6uktZooJLkKWzkbsY9PpVe5vreCTzVdZJFJCAHI9Dz+FYs9hcSSPLNKnmE5I9KrpbyLn5lxmiwrmnfas905UQqrDk4OaotcSBgW5x2NClYhx1qCSXPamK5JcanNIMOWAA4APFQwalOkLxRx5XduLFiO3\/wBaomR5OApzmtHR9AudQWWZ\/wB1boQG4+Zj6Dn359B17ZmUuXVlKN3ZFjSdT1G+hSzXzrjawMSK4XkkLz+eAe34DHpdpbSX+nWEWixQx3UUohlkWQhUPco38S5JOVBIyR0IzkeHdGj8PhpiltI8qGK4iePzWjjdduBnGW5HPrgAdauWOhz3V5ajw\/aXDRx5klmNwEYxIcYjIYY68gDnAwcVzTtLVHRF8ujYs8dvr\/iH+zJSwjsgPMZxtErlsMQAeCThfQAAAHjHJ+N4NOtNSe30sybI12yBmDBXycgHuOldJ4jtbaPU5ktYB5qkqxcfcPQjP1B9K557SGd2Eq7XOSSvStKMXa5nVkmzh5ssx4qKL\/WAGuivtAZMsMbTyMGsuTS7iBTIUYj1AzWzRkmVJI8VDjnFWHzjOPxFRcZ46mkxjo2UAgjgYpYo3cswbHvSzx7W2gEY65ppJRQvPXNIDoIgoblhj61djCcDcv51SScKfuEg+1TpdoDkxdf9gVYi\/GUVd25cVHNeWi7svkkAHaCaxbm5LyMW4XPAzwPwqISr0CfrQLU0r7UQ8eYRJu6HK9q9B8CeIdN0vSrM6j4fkvZ13GR2slIKksQd+05GCv0xXlMkikYK\/rW9aavdyeFnsVjl8sOFjKscLyWPHvjFTK9tCoq+56nD4r8J3V1Hcnw1aRW5kBYCyjYnk5xuAUjOMgkda811qaaSS9NjEY7eQqY40wPLXczbeOM\/N2psaahqnhlEtbAraJcGcyFt\/RFQg46DKk8j+L87NvqemQ6JBE8Vm80CfPtlX5jk5OCp5xt6dakInLlLro8MxJ9UOaY8V0OPs84\/4Aa3RrtgzNhXiBP3lXDL+QFQz65aY\/d\/a8+uSP8A2bmquwsjDkjnTh1YZ7VJb2FzckbEO1gcOQcZA6dOtdP4H0ay8X+IjaX0vlW628km+aQqoIGQWI6D+uPWrEsltpiIgu4gqFiIwN3lk4Bx1GOMZGfu5HWht9AVjLt9BlijRZVMcm3dkry2e2Owx\/n06Xw\/oFxf\/wDEutpXgMxWRLhs7VQlsscnhfk6gHkevTIe+ikdmBVSSqknJyc4JPtwc+xro316z\/4Rv7NHaW8MkkreYixfKAWDAoR7g8HgZ4HTGUlLqWmiPWNTubQjT9JunigRQn2l4\/3si4HX0zwcdhheg5q6TrOraOyLBrF3GFBUbWwAD1GB61AtyoI8xNx9l6DpgiiSeEsWXPbgRn\/CtIxSREpNiald3k0jXH765lkcu7b+WJ6n86ohr92GbSUqRwQR1\/OtCC\/VmZJIZgM4HGOPxqR7mFY8+XNjOfuj+lUTcy5obiU7Ws5No7cf41RNtLASFhdVPQMOP51ukxysFiilbONyhT\/hUM8OBjEgPoxx\/SmCZzE1kZMZt9uRnIB4qi+nGPL4kyORhCa6S4ikT+Dn\/rp1\/wDHapPI\/IMXPs4\/woGYrx44EczEn+JartFKTnypB+FbD5I5iB\/4F\/8AWqJjsAAiye43D\/ClYC+lncAcS6d\/4HQf\/F019Gv7mOWWN7N0hUu+y9hO0AE5wGz0B\/KstXToI5\/wkH\/xNTWl+bMShYZGWVWRt0nIBVl4wB2Y0nzD0GGyucEhrYj2uY\/5bqY0VwhwxgyP+m6f40qTKGyEm\/7+D\/4mkmZZ3yUl3H\/bB\/8AZaNQ0GSQTkjcI1JAI3SqMg9xk811nh67e10YWkrCPzCzgbgVcDJ7deQPyrk7k+aEDAjYoQYPJAra0bUrLTLcSy21xLcQp8gaIMqnJIJ9vrSltqNbkFvresjTU0eC4ItW+TyYSoaQFs7WI+Zhnsc9B6CoU025ZtgjgUk9WnQH\/wBCplmbjTtRtbx7SaR1lV1WQkBzkHHTvWg93aG5KHRJ1m5OPtLAjvxxTu10EkiWLwxIozNPZDvxeQj\/ANnq9F4dRFLLHZuAA297yEqQSRwd2D0P071i3rQHaH0+\/jLHaAZ+p9OUq9Y38trpzWT6PJPApDhmc7lwWJ5A\/wBr9BSbl0GkjQi0u7gJe3ktYt2VLJfQrkZ9n+lVmsmLMkr2UndgbyJifw3ZJ9qqxTi\/wlvo8464Ec559eMVXex2XCSCzu45VO4K8np6jbQuYHY1xpNyqgFLRQT3uoup9fm61IsE8RXc9kucEZu4h\/7NUJvd7AyaO25vmyJXHPqARx61RuLWCTK\/YLkYHQTn\/wCJoXN1B8p0VjbXeoSrFai1lkKM+FuozgDGed3B+YcdeauNoGstkbLTC5B23sXXGcfe965nQrmXRJ2mtrOYhlZSGkOfmKHIIAx9wVpXHiu8diwtLiPJ\/hnfH5EGpfPfQqKp21ZeudP1HTVLTf2dEo67ruEf+z+9U1XULuDfHDBsOVDGVRypwep9awNWvrjU8iaK8PbmUY\/9AqW08UXEEBthZCQh2fKuwxuYt2+tP3khWhfRmjLDqcOBugjI4P79eT\/31UMt7NLc+X5tqJTjgXCBfxJOKzLnXJ58h4rhM88SH+orKE0az+dtkZu4ds5H5U1cTS6M6KQTPli9n1\/5+4j7f3qozAqQfNtB\/wBvMf8A8VWbJcwsPlt2U+0h\/wAKqSKj\/wDLKX\/vvP8ASjURq5llUnfBjOM+enP681G6SZzugH\/bZP8AGqkBBiCeU0igkjnp69qa0SE\/6mQf8C\/+tRqBuFPl6DdjBqCSynnIGVC+lXYVBlYEZ570lwPs6ExZUg+tWIit7CK2QvLtc9ee1RsqkFmVQWb8hQkryqu9s5bFOCK9u5YZ69fpQBR1KSNJV8vkxnJxUqzRNbXc8bkSyBU2E9fU1b0qJLgKsqK4MYPzDPNV721ht53WJAoFAFnSr1NQubcXLkSRMGyx446YpBqMLeInbBlhdwm4cEL3xWFL8pYDgVrRW8X2W0n2ASN1Yd6ANrxm9ravYyWhLqdxwfw59jVq0mim0SeaIne8JJz\/AAHvWH4jAxanHJXmnW0jJoc4U4Bx\/OiwrHUeG9Otj4ftrrfm4lLMzA9MHGPboansy8l0wkZ2z\/ePK\/SqPgf97ox38+XIyr7Dg\/zJp1he3H9opD5z+WH+7njrSQjTQoqAbDuik+Ud2\/zmtC7t0BjZlCE9ccjp3rAimkZ7aMuSjuxYevK\/411jfL0GMDj2pAUDCoj+Ug56jbg5rNnilVztGR6E1qSTSBkwx5Az+VUrtm8w8nmmgMqZGOQykjnv1rGGkvFqpuo0VIRjHzDLMf6VtfemZSTjdjrUN8ipMm3Iy2etMEVbvJX5UxzjII\/xrm9bmHliMqN\/XPtW3dO32WZs8ryD3Fctdj93nvQUhlhd7JVVxuQnBz2rReFZJF2NtB4GeM+4rFTjJrXgYssBPVYwR7HJqQI7GJkE4YYCfq3+RVlYEJ3qcse\/SkBIjbB6D+tJCxDsAeOKqwH\/2Q==\" class=\"lii-lazy\" data-src='https:\/\/cdn.livingstonintl.com\/livingston-content\/uploads\/2020\/11\/09032902\/masthead-industries-heavy-equipment.jpg' alt=\"\" \/>\n\t\t\t<\/div>\n\n\t<!--\t\t<div class=\"masthead-breadcrumbs\">-->\n<!--\t\t\t<div class=\"grid-container\">-->\n<!--\t\t\t\t<div class=\"grid-x\">-->\n<!--\t\t\t\t\t<div class=\"small-12 cell\">-->\n<!--\t\t\t\t\t\t--><!--\t\t\t\t\t<\/div>-->\n<!--\t\t\t\t<\/div>-->\n<!--\t\t\t<\/div>-->\n<!--\t\t<\/div>-->\n\t\n<\/section>\n<!-- \/ MASTHEAD: MAIN -->\n","protected":false},"excerpt":{"rendered":"","protected":false},"author":32,"featured_media":0,"parent":72,"menu_order":378,"comment_status":"closed","ping_status":"closed","template":"template-retired\/page-experience.php","meta":{"_acf_changed":false,"footnotes":""},"class_list":["post-190","page","type-page","status-publish","hentry"],"acf":[],"yoast_head":"<!-- This site is optimized with the Yoast SEO plugin v27.2 - https:\/\/yoast.com\/product\/yoast-seo-wordpress\/ -->\n<title>\u00c9quipment lourd - Livingston International<\/title>\n<meta name=\"robots\" content=\"index, follow, max-snippet:-1, max-image-preview:large, max-video-preview:-1\" \/>\n<link rel=\"canonical\" href=\"https:\/\/www.livingstonintl.com\/fr\/experience-fr\/equipment-lourd\/\" \/>\n<meta property=\"og:locale\" content=\"fr_FR\" \/>\n<meta property=\"og:type\" content=\"article\" \/>\n<meta property=\"og:title\" content=\"\u00c9quipment lourd - Livingston International\" \/>\n<meta property=\"og:url\" content=\"https:\/\/www.livingstonintl.com\/fr\/experience-fr\/equipment-lourd\/\" \/>\n<meta property=\"og:site_name\" content=\"Livingston International\" \/>\n<meta property=\"article:publisher\" content=\"https:\/\/www.facebook.com\/livingstoninternational\" \/>\n<meta property=\"article:modified_time\" content=\"2022-10-27T18:48:39+00:00\" \/>\n<meta property=\"og:image\" content=\"https:\/\/cdn.livingstonintl.com\/livingston-content\/uploads\/2022\/09\/12163235\/2022-livingston-fb.jpg\" \/>\n\t<meta property=\"og:image:width\" content=\"1200\" \/>\n\t<meta property=\"og:image:height\" content=\"630\" \/>\n\t<meta property=\"og:image:type\" content=\"image\/jpeg\" \/>\n<script type=\"application\/ld+json\" class=\"yoast-schema-graph\">{\"@context\":\"https:\/\/schema.org\",\"@graph\":[{\"@type\":\"WebPage\",\"@id\":\"https:\/\/www.livingstonintl.com\/fr\/experience-fr\/equipment-lourd\/\",\"url\":\"https:\/\/www.livingstonintl.com\/fr\/experience-fr\/equipment-lourd\/\",\"name\":\"\u00c9quipment lourd - Livingston International\",\"isPartOf\":{\"@id\":\"https:\/\/www.livingstonintl.com\/fr\/#website\"},\"datePublished\":\"2015-04-27T20:59:24+00:00\",\"dateModified\":\"2022-10-27T18:48:39+00:00\",\"breadcrumb\":{\"@id\":\"https:\/\/www.livingstonintl.com\/fr\/experience-fr\/equipment-lourd\/#breadcrumb\"},\"inLanguage\":\"fr-FR\",\"potentialAction\":[{\"@type\":\"ReadAction\",\"target\":[\"https:\/\/www.livingstonintl.com\/fr\/experience-fr\/equipment-lourd\/\"]}]},{\"@type\":\"BreadcrumbList\",\"@id\":\"https:\/\/www.livingstonintl.com\/fr\/experience-fr\/equipment-lourd\/#breadcrumb\",\"itemListElement\":[{\"@type\":\"ListItem\",\"position\":1,\"name\":\"Accueil\",\"item\":\"https:\/\/www.livingstonintl.com\/fr\/\"},{\"@type\":\"ListItem\",\"position\":2,\"name\":\"Experience\",\"item\":\"https:\/\/www.livingstonintl.com\/fr\/experience-fr\/\"},{\"@type\":\"ListItem\",\"position\":3,\"name\":\"\u00c9quipment lourd\"}]},{\"@type\":\"WebSite\",\"@id\":\"https:\/\/www.livingstonintl.com\/fr\/#website\",\"url\":\"https:\/\/www.livingstonintl.com\/fr\/\",\"name\":\"Livingston International\",\"description\":\"Simplify Trade\",\"publisher\":{\"@id\":\"https:\/\/www.livingstonintl.com\/fr\/#organization\"},\"potentialAction\":[{\"@type\":\"SearchAction\",\"target\":{\"@type\":\"EntryPoint\",\"urlTemplate\":\"https:\/\/www.livingstonintl.com\/fr\/?s={search_term_string}\"},\"query-input\":{\"@type\":\"PropertyValueSpecification\",\"valueRequired\":true,\"valueName\":\"search_term_string\"}}],\"inLanguage\":\"fr-FR\"},{\"@type\":\"Organization\",\"@id\":\"https:\/\/www.livingstonintl.com\/fr\/#organization\",\"name\":\"Livingston International\",\"url\":\"https:\/\/www.livingstonintl.com\/fr\/\",\"logo\":{\"@type\":\"ImageObject\",\"inLanguage\":\"fr-FR\",\"@id\":\"https:\/\/www.livingstonintl.com\/fr\/#\/schema\/logo\/image\/\",\"url\":\"https:\/\/cdn.livingstonintl.com\/livingston-content\/uploads\/2022\/09\/12163235\/2022-livingston-fb.jpg\",\"contentUrl\":\"https:\/\/cdn.livingstonintl.com\/livingston-content\/uploads\/2022\/09\/12163235\/2022-livingston-fb.jpg\",\"width\":1200,\"height\":630,\"caption\":\"Livingston International\"},\"image\":{\"@id\":\"https:\/\/www.livingstonintl.com\/fr\/#\/schema\/logo\/image\/\"},\"sameAs\":[\"https:\/\/www.facebook.com\/livingstoninternational\",\"https:\/\/x.com\/livingston_intl\",\"https:\/\/linkedin.com\/company\/livingston-international\"]}]}<\/script>\n<!-- \/ Yoast SEO plugin. -->","yoast_head_json":{"title":"\u00c9quipment lourd - Livingston International","robots":{"index":"index","follow":"follow","max-snippet":"max-snippet:-1","max-image-preview":"max-image-preview:large","max-video-preview":"max-video-preview:-1"},"canonical":"https:\/\/www.livingstonintl.com\/fr\/experience-fr\/equipment-lourd\/","og_locale":"fr_FR","og_type":"article","og_title":"\u00c9quipment lourd - Livingston International","og_url":"https:\/\/www.livingstonintl.com\/fr\/experience-fr\/equipment-lourd\/","og_site_name":"Livingston International","article_publisher":"https:\/\/www.facebook.com\/livingstoninternational","article_modified_time":"2022-10-27T18:48:39+00:00","og_image":[{"width":1200,"height":630,"url":"https:\/\/cdn.livingstonintl.com\/livingston-content\/uploads\/2022\/09\/12163235\/2022-livingston-fb.jpg","type":"image\/jpeg"}],"schema":{"@context":"https:\/\/schema.org","@graph":[{"@type":"WebPage","@id":"https:\/\/www.livingstonintl.com\/fr\/experience-fr\/equipment-lourd\/","url":"https:\/\/www.livingstonintl.com\/fr\/experience-fr\/equipment-lourd\/","name":"\u00c9quipment lourd - Livingston International","isPartOf":{"@id":"https:\/\/www.livingstonintl.com\/fr\/#website"},"datePublished":"2015-04-27T20:59:24+00:00","dateModified":"2022-10-27T18:48:39+00:00","breadcrumb":{"@id":"https:\/\/www.livingstonintl.com\/fr\/experience-fr\/equipment-lourd\/#breadcrumb"},"inLanguage":"fr-FR","potentialAction":[{"@type":"ReadAction","target":["https:\/\/www.livingstonintl.com\/fr\/experience-fr\/equipment-lourd\/"]}]},{"@type":"BreadcrumbList","@id":"https:\/\/www.livingstonintl.com\/fr\/experience-fr\/equipment-lourd\/#breadcrumb","itemListElement":[{"@type":"ListItem","position":1,"name":"Accueil","item":"https:\/\/www.livingstonintl.com\/fr\/"},{"@type":"ListItem","position":2,"name":"Experience","item":"https:\/\/www.livingstonintl.com\/fr\/experience-fr\/"},{"@type":"ListItem","position":3,"name":"\u00c9quipment lourd"}]},{"@type":"WebSite","@id":"https:\/\/www.livingstonintl.com\/fr\/#website","url":"https:\/\/www.livingstonintl.com\/fr\/","name":"Livingston International","description":"Simplify Trade","publisher":{"@id":"https:\/\/www.livingstonintl.com\/fr\/#organization"},"potentialAction":[{"@type":"SearchAction","target":{"@type":"EntryPoint","urlTemplate":"https:\/\/www.livingstonintl.com\/fr\/?s={search_term_string}"},"query-input":{"@type":"PropertyValueSpecification","valueRequired":true,"valueName":"search_term_string"}}],"inLanguage":"fr-FR"},{"@type":"Organization","@id":"https:\/\/www.livingstonintl.com\/fr\/#organization","name":"Livingston International","url":"https:\/\/www.livingstonintl.com\/fr\/","logo":{"@type":"ImageObject","inLanguage":"fr-FR","@id":"https:\/\/www.livingstonintl.com\/fr\/#\/schema\/logo\/image\/","url":"https:\/\/cdn.livingstonintl.com\/livingston-content\/uploads\/2022\/09\/12163235\/2022-livingston-fb.jpg","contentUrl":"https:\/\/cdn.livingstonintl.com\/livingston-content\/uploads\/2022\/09\/12163235\/2022-livingston-fb.jpg","width":1200,"height":630,"caption":"Livingston International"},"image":{"@id":"https:\/\/www.livingstonintl.com\/fr\/#\/schema\/logo\/image\/"},"sameAs":["https:\/\/www.facebook.com\/livingstoninternational","https:\/\/x.com\/livingston_intl","https:\/\/linkedin.com\/company\/livingston-international"]}]}},"_links":{"self":[{"href":"https:\/\/wp.livingstonintl.com\/fr\/wp-json\/wp\/v2\/pages\/190","targetHints":{"allow":["GET"]}}],"collection":[{"href":"https:\/\/wp.livingstonintl.com\/fr\/wp-json\/wp\/v2\/pages"}],"about":[{"href":"https:\/\/wp.livingstonintl.com\/fr\/wp-json\/wp\/v2\/types\/page"}],"author":[{"embeddable":true,"href":"https:\/\/wp.livingstonintl.com\/fr\/wp-json\/wp\/v2\/users\/32"}],"replies":[{"embeddable":true,"href":"https:\/\/wp.livingstonintl.com\/fr\/wp-json\/wp\/v2\/comments?post=190"}],"version-history":[{"count":3,"href":"https:\/\/wp.livingstonintl.com\/fr\/wp-json\/wp\/v2\/pages\/190\/revisions"}],"predecessor-version":[{"id":57699,"href":"https:\/\/wp.livingstonintl.com\/fr\/wp-json\/wp\/v2\/pages\/190\/revisions\/57699"}],"up":[{"embeddable":true,"href":"https:\/\/wp.livingstonintl.com\/fr\/wp-json\/wp\/v2\/pages\/72"}],"wp:attachment":[{"href":"https:\/\/wp.livingstonintl.com\/fr\/wp-json\/wp\/v2\/media?parent=190"}],"curies":[{"name":"wp","href":"https:\/\/api.w.org\/{rel}","templated":true}]}}