{"id":193,"date":"2015-04-27T20:58:22","date_gmt":"2015-04-27T20:58:22","guid":{"rendered":"http:\/\/livingston.gocactus.com\/experience-2\/agriculture\/"},"modified":"2022-10-27T14:44:28","modified_gmt":"2022-10-27T18:44:28","slug":"agriculture","status":"publish","type":"page","link":"https:\/\/www.livingstonintl.com\/fr\/experience-fr\/agriculture\/","title":{"rendered":"Agriculture"},"content":{"rendered":"\n\n\n<!-- MASTHEAD: MAIN -->\n<section id=\"masthead-block\" class=\"lii-block lii-block-masthead\">\n\n\t<div class=\"masthead-background hide-for-small-only\">\n\t\t\t\t<img decoding=\"async\" src=\"data:image\/image\/jpeg;base64, \/9j\/4AAQSkZJRgABAQEAYABgAAD\/\/gA7Q1JFQVRPUjogZ2QtanBlZyB2MS4wICh1c2luZyBJSkcgSlBFRyB2NjIpLCBxdWFsaXR5ID0gODIK\/9sAQwAGBAQFBAQGBQUFBgYGBwkOCQkICAkSDQ0KDhUSFhYVEhQUFxohHBcYHxkUFB0nHR8iIyUlJRYcKSwoJCshJCUk\/9sAQwEGBgYJCAkRCQkRJBgUGCQkJCQkJCQkJCQkJCQkJCQkJCQkJCQkJCQkJCQkJCQkJCQkJCQkJCQkJCQkJCQkJCQk\/8AAEQgAawC+AwEiAAIRAQMRAf\/EAB8AAAEFAQEBAQEBAAAAAAAAAAABAgMEBQYHCAkKC\/\/EALUQAAIBAwMCBAMFBQQEAAABfQECAwAEEQUSITFBBhNRYQcicRQygZGhCCNCscEVUtHwJDNicoIJChYXGBkaJSYnKCkqNDU2Nzg5OkNERUZHSElKU1RVVldYWVpjZGVmZ2hpanN0dXZ3eHl6g4SFhoeIiYqSk5SVlpeYmZqio6Slpqeoqaqys7S1tre4ubrCw8TFxsfIycrS09TV1tfY2drh4uPk5ebn6Onq8fLz9PX29\/j5+v\/EAB8BAAMBAQEBAQEBAQEAAAAAAAABAgMEBQYHCAkKC\/\/EALURAAIBAgQEAwQHBQQEAAECdwABAgMRBAUhMQYSQVEHYXETIjKBCBRCkaGxwQkjM1LwFWJy0QoWJDThJfEXGBkaJicoKSo1Njc4OTpDREVGR0hJSlNUVVZXWFlaY2RlZmdoaWpzdHV2d3h5eoKDhIWGh4iJipKTlJWWl5iZmqKjpKWmp6ipqrKztLW2t7i5usLDxMXGx8jJytLT1NXW19jZ2uLj5OXm5+jp6vLz9PX29\/j5+v\/aAAwDAQACEQMRAD8A57y6Xy6s+V7Uoir6xHzFisI6UR1ZEVOEVMVisI6cIqsiKlEVUmTYrCL2pRFVryvanCKmFioIaXyvargi9qPKoFYpiL2pfK9quCKjyfagVin5XtR5VXfJo8mgLFLyvajyvarvk0nk0BYpeTR5NXfJpDFQFiiYvakMPtV4xGk8o+9AcpR8g+hpPszH+E1dMR75pPLwc0ByooG1JPT9aabY+351qxJDkCQsB9BVuKwhnJ8rDY9ahstU0yp5a+hpRGvoateSfSlEXtUm7RWEa\/3T+dOEY\/un86tCH2pwhp3IKoiH9004RD+7VoQ04Q07ksqCIelOEXtVsQ+1OEPtRcRUEXtSiH2q4ITS+T7UXEyl5PtS+T7Vd8j2pfJp3JKPk+1Hle1XvJ9qPJp3Ao+V7UeT7Ve8j2pPJ9qLgUTF7Unle1XvJpPJ9qLjKJi9qQxVf8qmmGi40UDFTDF7VomHimGH2pXGZ5i9qVN0ZyuRVww+1MMPtSGi8LQ43A5+lM2YNaf2SdefKIo+zO33o\/0rBSN3FmeqZ\/hFPEY\/uVeFoR\/ARUq264+binzk8rM4RL\/dqRYV9KvGzB6SLSiyPZ1P40c6J5WVBboR0pRbL6GrosyO4\/Wni2P95f1o5hcpSWLb0pwhU\/eX8hirogH95f1p32Zf7w\/WjmFYprbQk\/MXH4VKbGBhlJxn0YEVY+zL\/fH5Gl+yr\/z0X8jRcLFBrIjsD9Oab9lPpWl9lX\/noPyNL9lT\/np+lHOLlMS8ZbKLzZFJQZyQVG0AEkkkgYwKbZSx38Anh5jJIB3KQce4JFU\/iOFtfDE8qJLM4ztRIw3OxuTkHgdf8Kb8MIxL4J01pvMV9nRotpx2P5d+9R7X3+U09l7nMankH0pDB7VrfZof77f980n2aH++3\/fP\/wBetOcz5TJNufSmGD2rYNvF\/ef\/AL5\/+vTDBEO7f980c4+UyDBTDBWw0EXq3\/fNRmGL1cfhT5w5TIMJppt27DNarRJ\/eb\/vmozEv95vyo5w5SdVPqamRQx+Zvxqyqxeg\/WpAsJ\/gX9a4uc7FEiSAcbZh+dWFtJWX5Zcj0DCgRQ\/3B+dPEMJ\/hI+jUcxVhv2Scf3j+FOEM6HOSD9DUscCL91nX6GrCq+OJ5Pzpc4uUplbg9Wpyi4Xr39qvJ5gPM\/5rVlWyBuMbD\/AHaTqByX6mUrOBgqp+opwTOMxp+QrUEULdQn5GlFpF2YD8TS9qg9kzOWEdkQ\/hUggJHNtGfwrSWzHZ1\/OnCyfqCD+VL2o1SZlGJR0t4\/xFIVj72qVsixc9RU0GmJJKqyZ2nrg4NTKukrsaoSbsjxj42ala2fhpLLyIGmuGZlDpvAAQjpkYOW4PqKl+D2sWc\/hm20mVLdL+3XcYREYi6YGHUfxe5HfOcGuf8AifHHPp2r3jCVrq3vLiKF2kPyqsUbL+rH9PQVi6fZXup2dnHplrd3Gqx2drLbCB23rI4YyFcHjhevYL6VzfW1zcyOz6o+Tkue7yJbqpZ4MADJwTSGC3I4jx+JrzjxhrXiPw9YeGhcvd2WoXMET3kMhz+8Iwwwc45z0r1qARXClTA8cicOjY3L6H3B9a6KeJU9Uc1TCuG5kG0jPTP51GbInpk1uGGMdmH4UhgTsfzrVVjF0THjsU\/iQk0PYx4P7lhWuYcdADTGUjqKPasfskYMllH\/ALQ\/Cofsa\/3v0reZVPVfzpmyP+6Pyp+1YexRmiL2p6x0oYU25vILCAXFzKsURkWIO3TeQSB+IB\/Kub2p0exZKsftUixVm3PiXSrLf9ou1jMcBuWBVs+UDgtjHIzRZeLdDvdKh1WDUoDZzLvjdsqWG7bkKRu68dKXtl3H7FmusYqVY6bG6soYEEEZFTKRT9qL2TAR1IqEUBhUikUvaB7JiqWFSAv7fkKaGFODCp9oh+zY4M\/X5f8AvkVIJH\/uofwqMMKcHFLnQ1BkvnP\/AHcfQmkj1SO0vrWGaZY5LhikQY\/eYKTgfhTPMrItdRt9V8S29myODY3Sg7sYYlCQR+v5flnUkuVmkIvmR418RRLJoWug5kLX91kev7iKucb7VB4aWS1uJrSZdOsCrxMVZDhuhHNd\/wDEWxt\/+Ed8TMxLBbm6YANz\/qoelcsIIG8KxZ4J0ywxk+zda5IM7pFC9sr6Dwz4bu9Q1O5v7i+2XPmTks0YZRhATknHqfWvbNVukl1c2No+ranrUNuZktLWURlYSQC7sAAF3Aep9Aa818RxQr4D8GOGzts4u\/8AsivSfDZB+Ol2FwC3hYk\/+BBranP3bsxqQ95JbHMeHb6707U76PxJrM8CTymSNI7qU+Q3TaWYnI4HYDPpmuntbzTLySXZrF9IgnEShbksx\/dhsY65zXm3jnzP7Xn75c5\/OpfDWpTx+AUuEbZIuvwgMD1BlRSPyOK2voZNHb61cXui6nbSSnULK2VsstzKC0q9+GGB6itSx13R9Tu7eKx1sXMpy\/k7k3Y2nqMZGP8APFV\/jVHl7ZjxmIH9K8w+GpWLxpAQwy0Uo\/SlCTauxzilpY9xaNf7w\/OoWiX1\/WoWmP8AeqMzn1rXmMuVdjy5fiNqzOI18Ozh\/wDfJH8qwb651CTT9fuUtJFvrnU7eVLduSfLhkBwPQM+K6OC4JX5YJCM\/wB7NTqJGOfskhB6ZY\/414X199Uez9Sj3OV8YfadR1W3a0R5xHo0sDMg480hvk+uTXBDSdZs08LTT2F0fsUUizYQsY8yNgED\/ZxXtiy55+zufbI4\/Wp1I\/ijQenzAf1qfr2t7D\/s9fzElx4\/OpLHJpGjX8MDWDW7qwGUuM\/fGTnGOh9+nesqw8W+Mkyr6W8rSKMyTsiqhHcBTzmtZVRsH5QfZj\/jUqvErAA4Puc5\/Sl\/aElsjRYCHVjNU8ReJDrU02mWii2kwRFMAyr8oH8J46fTk1b0XXPEM7SJq0MUChQY2hj6nnIOX+lNEkZ5DnHsP8KsJKoAO2QfVT\/jS\/tGfYr+z4dwuvEet28myGyFwcsQyYxtzxnLDnGO9U7rxx4hjmRbbwzO0eMOzzJwfbDc1e3x55L\/AE2kf1qSMRnopYf8Bo\/tKfYX9nw7ma\/ifWleGNnt4WkD8tHMwQ8YDFUOCc8fjV+417W4I2k8ywcFcoqLMST6fc6\/Wpwwc8KPl9Wzj8hT93cGPHrlv6Uv7Sn2D+z4dzHuPEnitIHeKyDsI+CqFucHt1P09qj0mG6uNY1LVNb0+ZQdMlNuiFyDctsCZUdSBuxnOMnocVtuVPG6AE9sZ\/nSiSNDzPEMf3UB\/kaP7Tm1awv7Oh3PGpNB8YLcyA2WuzQF2x\/pDlQpUY4By3Q96xtUsfHEX2j7JpfixiNqRMDKFccZLD8TjAGK99N3bqMfalOewXGP0pn2y3xkiRyPqP61X9rS\/lF\/ZkP5meFW+mfEx5LUbNcliIV2jeWVRGMnKHeQM\/TPau\/TXvHOh\/EuHxTaeFGu7V9L\/s6eNplB2mVnypB+8Pl6gjr+Hafb4GOBFn\/tof8AJqVLwhQESPOemWOP5CiWayf2UEctivtM8+8Q2+qatM17HpN\/GXfJieP5h\/Q\/hWHotn4kS0TRW0CdIpdWiuPtEkTAookRtxOMBeD+VevNLdOflCqPrj\/GlSxnb5mlIJ77z\/jS\/tWX8of2dH+Yu\/FKIa1BGbJ1nKRhcJyc49q8a0G21vRvEltdLompMqeYpZ7aQJgr6ha9disEAAkupmI9JTn9Kf8AZrZW7g56vL0\/CiOaSStyilgIt7nNyeJtUVeNJnZvTa4\/mKjHifUc4fS5B+JH9K37l7e35R3JzwY5Bx+FY1xcyE8XVwg9MqTVLNJ9hfUYdzl180gBrjPfAyafHFK7Hy2eTjPJx\/n8qrXErqxAPAHp7Vc3vKsqM74BOMMRjkelcdjpuOjs5xjz5IogSflyCQPqcfyqdLeOIEi6BUdcEZ\/TFUJreOTyvMXzMEAbyW7e9SWgG7YFUKN+MDHQUmkUmXrS6tpwWhuFmA\/2sj86uxkL1Qr7pnp+tY8EQmu13tKwDZA8xsfzq7FBFG5KRop25yBjvSaRSZcN9b8rDGHYcY80D\/P5U53ul27LZgD\/AHVZueKWwRXgVmGTyf51cMKHP3htJxhiKh2KIIvtLLzaTkg9W+Ufz9KSSPUJWOC8QA\/5Z5z+VIhYFhubHLY3HrmokkfajeY+cD+I80tB6jJdP1GXaRPfuSTxtG0\/UlTgVJb6PKxJuJS0mTgIXx16Yz\/hUpGdwJYjHck1IZHiSNUZgNnTPtSbCwCw8sn5dp65Yt2qKNHErbYVhgB++IyCT64x06c1ahJVtw+9gnPcHiozcShiwcgk9aWg9R5t2LgM0uB7kZP4U7yo15YOV\/2RVK4ml+Q+bJnGfvH3qCO5mYrmRjnjn8KV12Hqbcexl3KWA5+Y\/wD1\/pRHICpMrsOcABsAf41nm6naJsyseMcmiJ2YKSe\/bj1ougszREy4+Wbc2PlVSF\/+vQrzeYA5xG3ViwwP1561lpNIjuVYggAjH0NWHkf5RubBx3+tF0KzLrO5bYhiSPO3gdfr+FUbiCWRtqouE5JztzxUTSuEY7uQM5\/A04yP5aPuO49\/x\/8Ar01JCaZTmsdQk6Ljpn5uB\/8AW\/zx3otBdWW8mKZtzYJALeuPz\/TpW4rs5fcc5OPwqJXJLE4J45IHvVcyFyn\/2Q==\" data-src='https:\/\/cdn.livingstonintl.com\/livingston-content\/uploads\/2020\/11\/09032850\/masthead-industries-agriculture.jpg' alt=\"\" \/>\n\t\t\t<\/div>\n\n\t<div class=\"masthead-container\" style=\"background: linear-gradient(90deg, rgba(0, 14, 28, 0.3) 0%, rgba(49, 70, 87, 0) 85%);\">\n\t\t<div class=\"grid-container\">\n\t\t\t<div id=\"mastheadContent\" class=\"masthead-content \" style=\"filter: drop-shadow(0px 0px 80px rgba(0, 51, 128, 0.47))\">\n\t\t\t\t<div class=\"grid-x masthead-breadcrumbs\">\n\t\t\t\t\t<div class=\"small-12 cell\">\n\t\t\t\t\t\t\n\n\t<section class=\"breadcrumbs hide-for-small-only clearfix\" itemprop=\"breadcrumb\">\n\t\t<span property=\"itemListElement\" typeof=\"ListItem\">\n\t\t\t\t\t<a property=\"item\" typeof=\"WebPage\" title=\"Aller \u00e0 Soci\u00e9t\u00e9 internationale Livingston.\" href=\"https:\/\/www.livingstonintl.com\/fr\/\" class=\"home\"><span property=\"name\">Accueil<\/span><\/a>&nbsp;\/&nbsp;\n\t\t\t\t<meta property=\"position\" content=\"1\"><\/span>\n\t\t<\/section>\n\t\t\t\t\t<\/div>\n\t\t\t\t<\/div>\n\t\t\t\t<div class=\"grid-x\">\n\t\t\t\t\t<div class=\"small-12 cell\">\n\t\t\t\t\t\t<h1 style=\"filter: drop-shadow(0px 0px 80px rgba(0, 51, 128, 0.47)); width:calc(1em * 10.5);\">\n\t\t\t\t\t\t\t<span class=\"white\">Agriculture<\/span>\n\t\t\t\t\t\t\t<span class=\"orange\">Parce que chaque <br>heure compte.<\/span>\n\t\t\t\t\t\t<\/h1>\n\t\t\t\t\t<\/div>\n\t\t\t\t<\/div>\n\t\t\t\t<div class=\"grid-x\">\n\t\t\t\t\t<div class=\"small-12 cell\">\n\t\t\t\t\t\t<p style=\"width:calc(1em * 23);\">\n\t\t\t\t\t\t\tLes aliments ne peuvent pas attendre. Comptez sur Livingston afin d\u2019acc\u00e9l\u00e9rer les d\u00e9lais critiques. Fruits et l\u00e9gumes. C\u00e9r\u00e9ales. Biocarburants. \u00c9quipement. D\u00e9douanement plus rapide.\t\t\t\t\t\t<\/p>\n\t\t\t\t\t\t\t\t\t\t\t<\/div>\n\t\t\t\t<\/div>\n\t\t\t<\/div>\n\t\t<\/div>\n\t<\/div>\n\n\t<div class=\"masthead-background show-for-small-only\">\n\t\t\t\t\t<img decoding=\"async\" src=\"data:image\/image\/jpeg;base64, \/9j\/4AAQSkZJRgABAQEAYABgAAD\/\/gA7Q1JFQVRPUjogZ2QtanBlZyB2MS4wICh1c2luZyBJSkcgSlBFRyB2NjIpLCBxdWFsaXR5ID0gODIK\/9sAQwAGBAQFBAQGBQUFBgYGBwkOCQkICAkSDQ0KDhUSFhYVEhQUFxohHBcYHxkUFB0nHR8iIyUlJRYcKSwoJCshJCUk\/9sAQwEGBgYJCAkRCQkRJBgUGCQkJCQkJCQkJCQkJCQkJCQkJCQkJCQkJCQkJCQkJCQkJCQkJCQkJCQkJCQkJCQkJCQk\/8AAEQgAawC+AwEiAAIRAQMRAf\/EAB8AAAEFAQEBAQEBAAAAAAAAAAABAgMEBQYHCAkKC\/\/EALUQAAIBAwMCBAMFBQQEAAABfQECAwAEEQUSITFBBhNRYQcicRQygZGhCCNCscEVUtHwJDNicoIJChYXGBkaJSYnKCkqNDU2Nzg5OkNERUZHSElKU1RVVldYWVpjZGVmZ2hpanN0dXZ3eHl6g4SFhoeIiYqSk5SVlpeYmZqio6Slpqeoqaqys7S1tre4ubrCw8TFxsfIycrS09TV1tfY2drh4uPk5ebn6Onq8fLz9PX29\/j5+v\/EAB8BAAMBAQEBAQEBAQEAAAAAAAABAgMEBQYHCAkKC\/\/EALURAAIBAgQEAwQHBQQEAAECdwABAgMRBAUhMQYSQVEHYXETIjKBCBRCkaGxwQkjM1LwFWJy0QoWJDThJfEXGBkaJicoKSo1Njc4OTpDREVGR0hJSlNUVVZXWFlaY2RlZmdoaWpzdHV2d3h5eoKDhIWGh4iJipKTlJWWl5iZmqKjpKWmp6ipqrKztLW2t7i5usLDxMXGx8jJytLT1NXW19jZ2uLj5OXm5+jp6vLz9PX29\/j5+v\/aAAwDAQACEQMRAD8A57y6Xy6s+V7Uoir6xHzFisI6UR1ZEVOEVMVisI6cIqsiKlEVUmTYrCL2pRFVryvanCKmFioIaXyvargi9qPKoFYpiL2pfK9quCKjyfagVin5XtR5VXfJo8mgLFLyvajyvarvk0nk0BYpeTR5NXfJpDFQFiiYvakMPtV4xGk8o+9AcpR8g+hpPszH+E1dMR75pPLwc0ByooG1JPT9aabY+351qxJDkCQsB9BVuKwhnJ8rDY9ahstU0yp5a+hpRGvoateSfSlEXtUm7RWEa\/3T+dOEY\/un86tCH2pwhp3IKoiH9004RD+7VoQ04Q07ksqCIelOEXtVsQ+1OEPtRcRUEXtSiH2q4ITS+T7UXEyl5PtS+T7Vd8j2pfJp3JKPk+1Hle1XvJ9qPJp3Ao+V7UeT7Ve8j2pPJ9qLgUTF7Unle1XvJpPJ9qLjKJi9qQxVf8qmmGi40UDFTDF7VomHimGH2pXGZ5i9qVN0ZyuRVww+1MMPtSGi8LQ43A5+lM2YNaf2SdefKIo+zO33o\/0rBSN3FmeqZ\/hFPEY\/uVeFoR\/ARUq264+binzk8rM4RL\/dqRYV9KvGzB6SLSiyPZ1P40c6J5WVBboR0pRbL6GrosyO4\/Wni2P95f1o5hcpSWLb0pwhU\/eX8hirogH95f1p32Zf7w\/WjmFYprbQk\/MXH4VKbGBhlJxn0YEVY+zL\/fH5Gl+yr\/z0X8jRcLFBrIjsD9Oab9lPpWl9lX\/noPyNL9lT\/np+lHOLlMS8ZbKLzZFJQZyQVG0AEkkkgYwKbZSx38Anh5jJIB3KQce4JFU\/iOFtfDE8qJLM4ztRIw3OxuTkHgdf8Kb8MIxL4J01pvMV9nRotpx2P5d+9R7X3+U09l7nMankH0pDB7VrfZof77f980n2aH++3\/fP\/wBetOcz5TJNufSmGD2rYNvF\/ef\/AL5\/+vTDBEO7f980c4+UyDBTDBWw0EXq3\/fNRmGL1cfhT5w5TIMJppt27DNarRJ\/eb\/vmozEv95vyo5w5SdVPqamRQx+Zvxqyqxeg\/WpAsJ\/gX9a4uc7FEiSAcbZh+dWFtJWX5Zcj0DCgRQ\/3B+dPEMJ\/hI+jUcxVhv2Scf3j+FOEM6HOSD9DUscCL91nX6GrCq+OJ5Pzpc4uUplbg9Wpyi4Xr39qvJ5gPM\/5rVlWyBuMbD\/AHaTqByX6mUrOBgqp+opwTOMxp+QrUEULdQn5GlFpF2YD8TS9qg9kzOWEdkQ\/hUggJHNtGfwrSWzHZ1\/OnCyfqCD+VL2o1SZlGJR0t4\/xFIVj72qVsixc9RU0GmJJKqyZ2nrg4NTKukrsaoSbsjxj42ala2fhpLLyIGmuGZlDpvAAQjpkYOW4PqKl+D2sWc\/hm20mVLdL+3XcYREYi6YGHUfxe5HfOcGuf8AifHHPp2r3jCVrq3vLiKF2kPyqsUbL+rH9PQVi6fZXup2dnHplrd3Gqx2drLbCB23rI4YyFcHjhevYL6VzfW1zcyOz6o+Tkue7yJbqpZ4MADJwTSGC3I4jx+JrzjxhrXiPw9YeGhcvd2WoXMET3kMhz+8Iwwwc45z0r1qARXClTA8cicOjY3L6H3B9a6KeJU9Uc1TCuG5kG0jPTP51GbInpk1uGGMdmH4UhgTsfzrVVjF0THjsU\/iQk0PYx4P7lhWuYcdADTGUjqKPasfskYMllH\/ALQ\/Cofsa\/3v0reZVPVfzpmyP+6Pyp+1YexRmiL2p6x0oYU25vILCAXFzKsURkWIO3TeQSB+IB\/Kub2p0exZKsftUixVm3PiXSrLf9ou1jMcBuWBVs+UDgtjHIzRZeLdDvdKh1WDUoDZzLvjdsqWG7bkKRu68dKXtl3H7FmusYqVY6bG6soYEEEZFTKRT9qL2TAR1IqEUBhUikUvaB7JiqWFSAv7fkKaGFODCp9oh+zY4M\/X5f8AvkVIJH\/uofwqMMKcHFLnQ1BkvnP\/AHcfQmkj1SO0vrWGaZY5LhikQY\/eYKTgfhTPMrItdRt9V8S29myODY3Sg7sYYlCQR+v5flnUkuVmkIvmR418RRLJoWug5kLX91kev7iKucb7VB4aWS1uJrSZdOsCrxMVZDhuhHNd\/wDEWxt\/+Ed8TMxLBbm6YANz\/qoelcsIIG8KxZ4J0ywxk+zda5IM7pFC9sr6Dwz4bu9Q1O5v7i+2XPmTks0YZRhATknHqfWvbNVukl1c2No+ranrUNuZktLWURlYSQC7sAAF3Aep9Aa818RxQr4D8GOGzts4u\/8AsivSfDZB+Ol2FwC3hYk\/+BBranP3bsxqQ95JbHMeHb6707U76PxJrM8CTymSNI7qU+Q3TaWYnI4HYDPpmuntbzTLySXZrF9IgnEShbksx\/dhsY65zXm3jnzP7Xn75c5\/OpfDWpTx+AUuEbZIuvwgMD1BlRSPyOK2voZNHb61cXui6nbSSnULK2VsstzKC0q9+GGB6itSx13R9Tu7eKx1sXMpy\/k7k3Y2nqMZGP8APFV\/jVHl7ZjxmIH9K8w+GpWLxpAQwy0Uo\/SlCTauxzilpY9xaNf7w\/OoWiX1\/WoWmP8AeqMzn1rXmMuVdjy5fiNqzOI18Ozh\/wDfJH8qwb651CTT9fuUtJFvrnU7eVLduSfLhkBwPQM+K6OC4JX5YJCM\/wB7NTqJGOfskhB6ZY\/414X199Uez9Sj3OV8YfadR1W3a0R5xHo0sDMg480hvk+uTXBDSdZs08LTT2F0fsUUizYQsY8yNgED\/ZxXtiy55+zufbI4\/Wp1I\/ijQenzAf1qfr2t7D\/s9fzElx4\/OpLHJpGjX8MDWDW7qwGUuM\/fGTnGOh9+nesqw8W+Mkyr6W8rSKMyTsiqhHcBTzmtZVRsH5QfZj\/jUqvErAA4Puc5\/Sl\/aElsjRYCHVjNU8ReJDrU02mWii2kwRFMAyr8oH8J46fTk1b0XXPEM7SJq0MUChQY2hj6nnIOX+lNEkZ5DnHsP8KsJKoAO2QfVT\/jS\/tGfYr+z4dwuvEet28myGyFwcsQyYxtzxnLDnGO9U7rxx4hjmRbbwzO0eMOzzJwfbDc1e3x55L\/AE2kf1qSMRnopYf8Bo\/tKfYX9nw7ma\/ifWleGNnt4WkD8tHMwQ8YDFUOCc8fjV+417W4I2k8ywcFcoqLMST6fc6\/Wpwwc8KPl9Wzj8hT93cGPHrlv6Uv7Sn2D+z4dzHuPEnitIHeKyDsI+CqFucHt1P09qj0mG6uNY1LVNb0+ZQdMlNuiFyDctsCZUdSBuxnOMnocVtuVPG6AE9sZ\/nSiSNDzPEMf3UB\/kaP7Tm1awv7Oh3PGpNB8YLcyA2WuzQF2x\/pDlQpUY4By3Q96xtUsfHEX2j7JpfixiNqRMDKFccZLD8TjAGK99N3bqMfalOewXGP0pn2y3xkiRyPqP61X9rS\/lF\/ZkP5meFW+mfEx5LUbNcliIV2jeWVRGMnKHeQM\/TPau\/TXvHOh\/EuHxTaeFGu7V9L\/s6eNplB2mVnypB+8Pl6gjr+Hafb4GOBFn\/tof8AJqVLwhQESPOemWOP5CiWayf2UEctivtM8+8Q2+qatM17HpN\/GXfJieP5h\/Q\/hWHotn4kS0TRW0CdIpdWiuPtEkTAookRtxOMBeD+VevNLdOflCqPrj\/GlSxnb5mlIJ77z\/jS\/tWX8of2dH+Yu\/FKIa1BGbJ1nKRhcJyc49q8a0G21vRvEltdLompMqeYpZ7aQJgr6ha9disEAAkupmI9JTn9Kf8AZrZW7g56vL0\/CiOaSStyilgIt7nNyeJtUVeNJnZvTa4\/mKjHifUc4fS5B+JH9K37l7e35R3JzwY5Bx+FY1xcyE8XVwg9MqTVLNJ9hfUYdzl180gBrjPfAyafHFK7Hy2eTjPJx\/n8qrXErqxAPAHp7Vc3vKsqM74BOMMRjkelcdjpuOjs5xjz5IogSflyCQPqcfyqdLeOIEi6BUdcEZ\/TFUJreOTyvMXzMEAbyW7e9SWgG7YFUKN+MDHQUmkUmXrS6tpwWhuFmA\/2sj86uxkL1Qr7pnp+tY8EQmu13tKwDZA8xsfzq7FBFG5KRop25yBjvSaRSZcN9b8rDGHYcY80D\/P5U53ul27LZgD\/AHVZueKWwRXgVmGTyf51cMKHP3htJxhiKh2KIIvtLLzaTkg9W+Ufz9KSSPUJWOC8QA\/5Z5z+VIhYFhubHLY3HrmokkfajeY+cD+I80tB6jJdP1GXaRPfuSTxtG0\/UlTgVJb6PKxJuJS0mTgIXx16Yz\/hUpGdwJYjHck1IZHiSNUZgNnTPtSbCwCw8sn5dp65Yt2qKNHErbYVhgB++IyCT64x06c1ahJVtw+9gnPcHiozcShiwcgk9aWg9R5t2LgM0uB7kZP4U7yo15YOV\/2RVK4ml+Q+bJnGfvH3qCO5mYrmRjnjn8KV12Hqbcexl3KWA5+Y\/wD1\/pRHICpMrsOcABsAf41nm6naJsyseMcmiJ2YKSe\/bj1ougszREy4+Wbc2PlVSF\/+vQrzeYA5xG3ViwwP1561lpNIjuVYggAjH0NWHkf5RubBx3+tF0KzLrO5bYhiSPO3gdfr+FUbiCWRtqouE5JztzxUTSuEY7uQM5\/A04yP5aPuO49\/x\/8Ar01JCaZTmsdQk6Ljpn5uB\/8AW\/zx3otBdWW8mKZtzYJALeuPz\/TpW4rs5fcc5OPwqJXJLE4J45IHvVcyFyn\/2Q==\" class=\"lii-lazy\" data-src='https:\/\/cdn.livingstonintl.com\/livingston-content\/uploads\/2020\/11\/09032850\/masthead-industries-agriculture.jpg' alt=\"\" \/>\n\t\t\t<\/div>\n\n\t<!--\t\t<div class=\"masthead-breadcrumbs\">-->\n<!--\t\t\t<div class=\"grid-container\">-->\n<!--\t\t\t\t<div class=\"grid-x\">-->\n<!--\t\t\t\t\t<div class=\"small-12 cell\">-->\n<!--\t\t\t\t\t\t--><!--\t\t\t\t\t<\/div>-->\n<!--\t\t\t\t<\/div>-->\n<!--\t\t\t<\/div>-->\n<!--\t\t<\/div>-->\n\t\n<\/section>\n<!-- \/ MASTHEAD: MAIN -->\n","protected":false},"excerpt":{"rendered":"","protected":false},"author":32,"featured_media":0,"parent":72,"menu_order":372,"comment_status":"closed","ping_status":"closed","template":"template-retired\/page-experience.php","meta":{"_acf_changed":false,"footnotes":""},"class_list":["post-193","page","type-page","status-publish","hentry"],"acf":[],"yoast_head":"<!-- This site is optimized with the Yoast SEO plugin v27.2 - https:\/\/yoast.com\/product\/yoast-seo-wordpress\/ -->\n<title>Agriculture - Livingston International<\/title>\n<meta name=\"robots\" content=\"index, follow, max-snippet:-1, max-image-preview:large, max-video-preview:-1\" \/>\n<link rel=\"canonical\" href=\"https:\/\/www.livingstonintl.com\/fr\/experience-fr\/agriculture\/\" \/>\n<meta property=\"og:locale\" content=\"fr_FR\" \/>\n<meta property=\"og:type\" content=\"article\" \/>\n<meta property=\"og:title\" content=\"Agriculture - Livingston International\" \/>\n<meta property=\"og:url\" content=\"https:\/\/www.livingstonintl.com\/fr\/experience-fr\/agriculture\/\" \/>\n<meta property=\"og:site_name\" content=\"Livingston International\" \/>\n<meta property=\"article:publisher\" content=\"https:\/\/www.facebook.com\/livingstoninternational\" \/>\n<meta property=\"article:modified_time\" content=\"2022-10-27T18:44:28+00:00\" \/>\n<meta property=\"og:image\" content=\"https:\/\/cdn.livingstonintl.com\/livingston-content\/uploads\/2022\/09\/12163235\/2022-livingston-fb.jpg\" \/>\n\t<meta property=\"og:image:width\" content=\"1200\" \/>\n\t<meta property=\"og:image:height\" content=\"630\" \/>\n\t<meta property=\"og:image:type\" content=\"image\/jpeg\" \/>\n<script type=\"application\/ld+json\" class=\"yoast-schema-graph\">{\"@context\":\"https:\/\/schema.org\",\"@graph\":[{\"@type\":\"WebPage\",\"@id\":\"https:\/\/www.livingstonintl.com\/fr\/experience-fr\/agriculture\/\",\"url\":\"https:\/\/www.livingstonintl.com\/fr\/experience-fr\/agriculture\/\",\"name\":\"Agriculture - Livingston International\",\"isPartOf\":{\"@id\":\"https:\/\/www.livingstonintl.com\/fr\/#website\"},\"datePublished\":\"2015-04-27T20:58:22+00:00\",\"dateModified\":\"2022-10-27T18:44:28+00:00\",\"breadcrumb\":{\"@id\":\"https:\/\/www.livingstonintl.com\/fr\/experience-fr\/agriculture\/#breadcrumb\"},\"inLanguage\":\"fr-FR\",\"potentialAction\":[{\"@type\":\"ReadAction\",\"target\":[\"https:\/\/www.livingstonintl.com\/fr\/experience-fr\/agriculture\/\"]}]},{\"@type\":\"BreadcrumbList\",\"@id\":\"https:\/\/www.livingstonintl.com\/fr\/experience-fr\/agriculture\/#breadcrumb\",\"itemListElement\":[{\"@type\":\"ListItem\",\"position\":1,\"name\":\"Accueil\",\"item\":\"https:\/\/www.livingstonintl.com\/fr\/\"},{\"@type\":\"ListItem\",\"position\":2,\"name\":\"Experience\",\"item\":\"https:\/\/www.livingstonintl.com\/fr\/experience-fr\/\"},{\"@type\":\"ListItem\",\"position\":3,\"name\":\"Agriculture\"}]},{\"@type\":\"WebSite\",\"@id\":\"https:\/\/www.livingstonintl.com\/fr\/#website\",\"url\":\"https:\/\/www.livingstonintl.com\/fr\/\",\"name\":\"Livingston International\",\"description\":\"Simplify Trade\",\"publisher\":{\"@id\":\"https:\/\/www.livingstonintl.com\/fr\/#organization\"},\"potentialAction\":[{\"@type\":\"SearchAction\",\"target\":{\"@type\":\"EntryPoint\",\"urlTemplate\":\"https:\/\/www.livingstonintl.com\/fr\/?s={search_term_string}\"},\"query-input\":{\"@type\":\"PropertyValueSpecification\",\"valueRequired\":true,\"valueName\":\"search_term_string\"}}],\"inLanguage\":\"fr-FR\"},{\"@type\":\"Organization\",\"@id\":\"https:\/\/www.livingstonintl.com\/fr\/#organization\",\"name\":\"Livingston International\",\"url\":\"https:\/\/www.livingstonintl.com\/fr\/\",\"logo\":{\"@type\":\"ImageObject\",\"inLanguage\":\"fr-FR\",\"@id\":\"https:\/\/www.livingstonintl.com\/fr\/#\/schema\/logo\/image\/\",\"url\":\"https:\/\/cdn.livingstonintl.com\/livingston-content\/uploads\/2022\/09\/12163235\/2022-livingston-fb.jpg\",\"contentUrl\":\"https:\/\/cdn.livingstonintl.com\/livingston-content\/uploads\/2022\/09\/12163235\/2022-livingston-fb.jpg\",\"width\":1200,\"height\":630,\"caption\":\"Livingston International\"},\"image\":{\"@id\":\"https:\/\/www.livingstonintl.com\/fr\/#\/schema\/logo\/image\/\"},\"sameAs\":[\"https:\/\/www.facebook.com\/livingstoninternational\",\"https:\/\/x.com\/livingston_intl\",\"https:\/\/linkedin.com\/company\/livingston-international\"]}]}<\/script>\n<!-- \/ Yoast SEO plugin. -->","yoast_head_json":{"title":"Agriculture - Livingston International","robots":{"index":"index","follow":"follow","max-snippet":"max-snippet:-1","max-image-preview":"max-image-preview:large","max-video-preview":"max-video-preview:-1"},"canonical":"https:\/\/www.livingstonintl.com\/fr\/experience-fr\/agriculture\/","og_locale":"fr_FR","og_type":"article","og_title":"Agriculture - Livingston International","og_url":"https:\/\/www.livingstonintl.com\/fr\/experience-fr\/agriculture\/","og_site_name":"Livingston International","article_publisher":"https:\/\/www.facebook.com\/livingstoninternational","article_modified_time":"2022-10-27T18:44:28+00:00","og_image":[{"width":1200,"height":630,"url":"https:\/\/cdn.livingstonintl.com\/livingston-content\/uploads\/2022\/09\/12163235\/2022-livingston-fb.jpg","type":"image\/jpeg"}],"schema":{"@context":"https:\/\/schema.org","@graph":[{"@type":"WebPage","@id":"https:\/\/www.livingstonintl.com\/fr\/experience-fr\/agriculture\/","url":"https:\/\/www.livingstonintl.com\/fr\/experience-fr\/agriculture\/","name":"Agriculture - Livingston International","isPartOf":{"@id":"https:\/\/www.livingstonintl.com\/fr\/#website"},"datePublished":"2015-04-27T20:58:22+00:00","dateModified":"2022-10-27T18:44:28+00:00","breadcrumb":{"@id":"https:\/\/www.livingstonintl.com\/fr\/experience-fr\/agriculture\/#breadcrumb"},"inLanguage":"fr-FR","potentialAction":[{"@type":"ReadAction","target":["https:\/\/www.livingstonintl.com\/fr\/experience-fr\/agriculture\/"]}]},{"@type":"BreadcrumbList","@id":"https:\/\/www.livingstonintl.com\/fr\/experience-fr\/agriculture\/#breadcrumb","itemListElement":[{"@type":"ListItem","position":1,"name":"Accueil","item":"https:\/\/www.livingstonintl.com\/fr\/"},{"@type":"ListItem","position":2,"name":"Experience","item":"https:\/\/www.livingstonintl.com\/fr\/experience-fr\/"},{"@type":"ListItem","position":3,"name":"Agriculture"}]},{"@type":"WebSite","@id":"https:\/\/www.livingstonintl.com\/fr\/#website","url":"https:\/\/www.livingstonintl.com\/fr\/","name":"Livingston International","description":"Simplify Trade","publisher":{"@id":"https:\/\/www.livingstonintl.com\/fr\/#organization"},"potentialAction":[{"@type":"SearchAction","target":{"@type":"EntryPoint","urlTemplate":"https:\/\/www.livingstonintl.com\/fr\/?s={search_term_string}"},"query-input":{"@type":"PropertyValueSpecification","valueRequired":true,"valueName":"search_term_string"}}],"inLanguage":"fr-FR"},{"@type":"Organization","@id":"https:\/\/www.livingstonintl.com\/fr\/#organization","name":"Livingston International","url":"https:\/\/www.livingstonintl.com\/fr\/","logo":{"@type":"ImageObject","inLanguage":"fr-FR","@id":"https:\/\/www.livingstonintl.com\/fr\/#\/schema\/logo\/image\/","url":"https:\/\/cdn.livingstonintl.com\/livingston-content\/uploads\/2022\/09\/12163235\/2022-livingston-fb.jpg","contentUrl":"https:\/\/cdn.livingstonintl.com\/livingston-content\/uploads\/2022\/09\/12163235\/2022-livingston-fb.jpg","width":1200,"height":630,"caption":"Livingston International"},"image":{"@id":"https:\/\/www.livingstonintl.com\/fr\/#\/schema\/logo\/image\/"},"sameAs":["https:\/\/www.facebook.com\/livingstoninternational","https:\/\/x.com\/livingston_intl","https:\/\/linkedin.com\/company\/livingston-international"]}]}},"_links":{"self":[{"href":"https:\/\/wp.livingstonintl.com\/fr\/wp-json\/wp\/v2\/pages\/193","targetHints":{"allow":["GET"]}}],"collection":[{"href":"https:\/\/wp.livingstonintl.com\/fr\/wp-json\/wp\/v2\/pages"}],"about":[{"href":"https:\/\/wp.livingstonintl.com\/fr\/wp-json\/wp\/v2\/types\/page"}],"author":[{"embeddable":true,"href":"https:\/\/wp.livingstonintl.com\/fr\/wp-json\/wp\/v2\/users\/32"}],"replies":[{"embeddable":true,"href":"https:\/\/wp.livingstonintl.com\/fr\/wp-json\/wp\/v2\/comments?post=193"}],"version-history":[{"count":3,"href":"https:\/\/wp.livingstonintl.com\/fr\/wp-json\/wp\/v2\/pages\/193\/revisions"}],"predecessor-version":[{"id":57690,"href":"https:\/\/wp.livingstonintl.com\/fr\/wp-json\/wp\/v2\/pages\/193\/revisions\/57690"}],"up":[{"embeddable":true,"href":"https:\/\/wp.livingstonintl.com\/fr\/wp-json\/wp\/v2\/pages\/72"}],"wp:attachment":[{"href":"https:\/\/wp.livingstonintl.com\/fr\/wp-json\/wp\/v2\/media?parent=193"}],"curies":[{"name":"wp","href":"https:\/\/api.w.org\/{rel}","templated":true}]}}