{"id":214,"date":"2015-04-27T21:10:54","date_gmt":"2015-04-27T21:10:54","guid":{"rendered":"http:\/\/livingston.gocactus.com\/experience-2\/partnerships\/member-organizations\/"},"modified":"2023-06-29T03:15:59","modified_gmt":"2023-06-29T07:15:59","slug":"member-organizations","status":"publish","type":"page","link":"https:\/\/www.livingstonintl.com\/fr\/experience-fr\/partenariat\/member-organizations\/","title":{"rendered":"Organisations membres"},"content":{"rendered":"\n\n\n<!-- MASTHEAD: MAIN -->\n<section id=\"masthead-block\" class=\"lii-block lii-block-masthead\">\n\n\t<div class=\"masthead-background hide-for-small-only\">\n\t\t\t<\/div>\n\n\t<div class=\"masthead-container\" style=\"background: linear-gradient(90deg, rgba(0, 14, 28, 0) 0%, rgba(49, 70, 87, 0) 67%);\">\n\t\t<div class=\"grid-container\">\n\t\t\t<div id=\"mastheadContent\" class=\"masthead-content no-padding-bottom\" style=\"filter: drop-shadow(0px 0px 80px rgba(42, 52, 61, 0.2))\">\n\t\t\t\t<div class=\"grid-x masthead-breadcrumbs\">\n\t\t\t\t\t<div class=\"small-12 cell\">\n\t\t\t\t\t\t\n\n\t<section class=\"breadcrumbs hide-for-small-only clearfix\" itemprop=\"breadcrumb\">\n\t\t<span property=\"itemListElement\" typeof=\"ListItem\">\n\t\t\t\t\t<a property=\"item\" typeof=\"WebPage\" title=\"Aller \u00e0 Soci\u00e9t\u00e9 internationale Livingston.\" href=\"https:\/\/www.livingstonintl.com\/fr\/\" class=\"home\"><span property=\"name\">Accueil<\/span><\/a>&nbsp;\/&nbsp;\n\t\t\t\t<meta property=\"position\" content=\"1\"><\/span>\n\t\t<\/section>\n\t\t\t\t\t<\/div>\n\t\t\t\t<\/div>\n\t\t\t\t<div class=\"grid-x\">\n\t\t\t\t\t<div class=\"small-12 cell\">\n\t\t\t\t\t\t<h1 style=\"filter: drop-shadow(0px 0px 80px rgba(42, 52, 61, 0.2)); width:calc(1em * 10.5);\">\n\t\t\t\t\t\t\t<span class=\"white\">Organisations<\/span>\n\t\t\t\t\t\t\t<span class=\"orange\">Membres.<\/span>\n\t\t\t\t\t\t<\/h1>\n\t\t\t\t\t<\/div>\n\t\t\t\t<\/div>\n\t\t\t\t<div class=\"grid-x\">\n\t\t\t\t\t<div class=\"small-12 cell\">\n\t\t\t\t\t\t<p style=\"width:calc(1em * 40);\">\n\t\t\t\t\t\t\tNous travaillons avec des centaines de petites entreprises. Nous savons que vos membres veulent cro\u00eetre, r\u00e9duire leurs co\u00fbts, et mieux g\u00e9rer leur temps. Lorsque votre organisation collabore avec nous, vous pouvez aider vos membres \u00e0 aller plus loin \u2014 dans de nouveaux march\u00e9s et au-del\u00e0 de la concurrence.\t\t\t\t\t\t<\/p>\n\t\t\t\t\t\t\t\t\t\t\t<\/div>\n\t\t\t\t<\/div>\n\t\t\t<\/div>\n\t\t<\/div>\n\t<\/div>\n\n\t<div class=\"masthead-background show-for-small-only\">\n\t\t\t<\/div>\n\n\t<!--\t\t<div class=\"masthead-breadcrumbs\">-->\n<!--\t\t\t<div class=\"grid-container\">-->\n<!--\t\t\t\t<div class=\"grid-x\">-->\n<!--\t\t\t\t\t<div class=\"small-12 cell\">-->\n<!--\t\t\t\t\t\t--><!--\t\t\t\t\t<\/div>-->\n<!--\t\t\t\t<\/div>-->\n<!--\t\t\t<\/div>-->\n<!--\t\t<\/div>-->\n\t\n<\/section>\n<div class=\"angle-border\"><\/div><!-- \/ MASTHEAD: MAIN -->\n\n\n\n<!-- TEXT BLOCKS -->\n<div id=\"icon-block_a06bc896c05320944ab928f1524158cd\" class=\"lii-block lii-block-icons-holder white-background no-border\">\n\n\t\t<section class=\"grid-container lii-block-text clear-bottom\">\n\t\t<div class=\"grid-x grid-margin-x clear-bottom\">\n\t\t\t<div class=\"cell\">\n\t\t\t\t<h2 class=\"align-center \" style=\"width:calc(1rem * 68.5)\">Des avantages qui font la diff\u00e9rence. <br><span class=\"yellow\">Simplification. \u00c9ducation. Soutien.<\/span><\/h2>\t\t\t\t<p style=\"width:calc(1em * 45)\" class=\"align-center\">Nous couvrons tout. Lorsque votre organisation collabore avec Livingston, vos membres ont tous les services et solutions dont ils auront besoin pour une importation et exportation r\u00e9ussie et sans souci \u2014 du courtage en douane et conseils de conformit\u00e9 au transit, applications et \u00e9ducation.<\/p>\t\t\t<\/div>\n\t\t<\/div>\n\t<\/section>\n\t\n\t\t<section class=\"grid-container lii-columns padding-max-bottom icon-grid \">\n\t\t\t\t<div class=\"grid-x grid-padding-x lii-block-icons\">\n\t\t\t\t\t\t<div class=\"cell small-12 medium-4 icon-holder\">\n\t\t\t\t\t\t\t\t\t<img loading=\"lazy\" decoding=\"async\" class=\"icon\" src=\"https:\/\/cdn.livingstonintl.com\/livingston-content\/uploads\/2022\/08\/12041326\/partnerships.svg\" width=\"340\" height=\"160\" alt=\"\">\n\t\t\t\t\t\t\t\t<h3 class=\"icon-heading\">Collaborez avec un leader.<\/h3><p class=\"\">Nous sommes le principal fournisseur de courtage en douane et de conformit\u00e9 douani\u00e8re en Am\u00e9rique du Nord. Nos experts aident vos membres afin qu\u2019ils puissent se concentrer sur ce qui compte \u2014 d\u00e9velopper leurs activit\u00e9s. Sans souci.<\/p>\t\t\t<\/div>\n\t\t\t\t\t\t<div class=\"cell small-12 medium-4 icon-holder\">\n\t\t\t\t\t\t\t\t\t<img loading=\"lazy\" decoding=\"async\" class=\"icon\" src=\"https:\/\/cdn.livingstonintl.com\/livingston-content\/uploads\/2022\/08\/12041202\/global.svg\" width=\"340\" height=\"160\" alt=\"\">\n\t\t\t\t\t\t\t\t<h3 class=\"icon-heading\">Offrez plus \u00e0 vos membres.<\/h3><p class=\"\">Le meilleur moyen d\u2019attirer et retenir des membres? Offrir plus. Avec Livingston, vous pouvez. Les petites entreprises ont besoin d\u2019aide avec l\u2019importation et l\u2019exportation. Tirez parti de notre base de 40 000 clients au moyen d\u2019initiatives de comarquage, de pr\u00e9sentations et de tables rondes.<\/p>\t\t\t<\/div>\n\t\t\t\t\t\t<div class=\"cell small-12 medium-4 icon-holder\">\n\t\t\t\t\t\t\t\t\t<img loading=\"lazy\" decoding=\"async\" class=\"icon\" src=\"https:\/\/cdn.livingstonintl.com\/livingston-content\/uploads\/2022\/08\/12041455\/tools.svg\" width=\"340\" height=\"160\" alt=\"\">\n\t\t\t\t\t\t\t\t<h3 class=\"icon-heading\">Fournissez des solutions sur mesure.<\/h3><p class=\"\">Les conseils en mati\u00e8re de commerce ne devraient pas \u00eatre une chose rare. Chez nous, ils ne le sont pas. Nous travaillons avec vos organisations membres pour fournir des services et des solutions adapt\u00e9s \u00e0 votre mandat et \u00e0 vos membres \u2014 secteur par secteur, membre par membre.<\/p>\t\t\t<\/div>\n\t\t\t\t\t<\/div>\n\t\t\t\t<div class=\"grid-x grid-padding-x lii-block-icons\">\n\t\t\t\t\t\t<div class=\"cell small-12 medium-4 icon-holder\">\n\t\t\t\t\t\t\t\t\t<img loading=\"lazy\" decoding=\"async\" class=\"icon\" src=\"https:\/\/cdn.livingstonintl.com\/livingston-content\/uploads\/2022\/08\/12041131\/excel.svg\" width=\"340\" height=\"160\" alt=\"\">\n\t\t\t\t\t\t\t\t<h3 class=\"icon-heading\">Simplifiez pour d\u00e9velopper avec confiance.<\/h3><p class=\"\">Notre mission est de simplifier les vies des propri\u00e9taires de petites entreprises en les guidant dans le labyrinthe du commerce international. Nous les aidons \u00e0 acqu\u00e9rir une plus grande confiance dans leurs d\u00e9cisions commerciales avec les outils et les informations pour simplifier les transactions, le travail de bureau et les r\u00e9gulations.<\/p>\t\t\t<\/div>\n\t\t\t\t\t\t<div class=\"cell small-12 medium-4 icon-holder\">\n\t\t\t\t\t\t\t\t\t<img loading=\"lazy\" decoding=\"async\" class=\"icon\" src=\"https:\/\/cdn.livingstonintl.com\/livingston-content\/uploads\/2023\/04\/18074323\/media.svg\" width=\"340\" height=\"160\" alt=\"\">\n\t\t\t\t\t\t\t\t<h3 class=\"icon-heading\">\u00c9duquez, pour de meilleures d\u00e9cisions.<\/h3><p class=\"\">Nous avons la r\u00e9ussite de vos membres \u00e0 c\u0153ur. Les propri\u00e9taires de petites entreprises n\u2019ont pas le temps ni le d\u00e9sir de devenir des experts en commerce international. Nous leur facilitons la t\u00e2che en leur tenant la main et en apaisant leurs craintes. Nos webinaires brefs et d\u2019acc\u00e8s facile et notre vaste biblioth\u00e8que de ressources pratiques renforcent la confiance.<\/p>\t\t\t<\/div>\n\t\t\t\t\t\t<div class=\"cell small-12 medium-4 icon-holder\">\n\t\t\t\t\t\t\t\t\t<img loading=\"lazy\" decoding=\"async\" class=\"icon\" src=\"https:\/\/cdn.livingstonintl.com\/livingston-content\/uploads\/2022\/08\/12041410\/safety-and-security.svg\" width=\"340\" height=\"160\" alt=\"\">\n\t\t\t\t\t\t\t\t<h3 class=\"icon-heading\">Assistez, \u00e0 chaque \u00e9tape.<\/h3><p class=\"\">Le partenariat signifie le service. Nous avons l\u2019esprit pratique. Vos membres auront un courtier en douane et un transitaire qui conna\u00eet tous les trucs et astuces. Nous fournirons des suggestions et des conseils utiles. Ils seront convaincus que tout est couvert. Et ce le sera.<\/p>\t\t\t<\/div>\n\t\t\t\t\t<\/div>\n\t\t\t<\/section>\n\t\n\t\n\t\n<\/div>\n<!-- \/ TEXT BLOCKS -->\n\n\n\n\n\n<div id=\"register-form\" class=\"show-registration full-width light-grey-background section-content\" style=\"border-top:1px solid #DCE5EC;\">\n   <div class=\"grid-container\">\n      <div class=\"grid-x\">\n         <div class=\"small-12 cell\">\n            <h4 class=\"h2\" style=\"margin-bottom: 1.875rem;\">Participez \u00e0 notre <br>programme de partenariat<\/h4>\n            <p style=\"font-size:1.25rem\">Fort de 70 ans d\u2019exp\u00e9rience et une pr\u00e9sence respect\u00e9e \u00e0 tous les ports principaux aux \u00c9tats-Unis et au Canada, Livingston a les ressources pour aider vos membres \u00e0 aller plus loin \u2014 dans de nouveaux march\u00e9s et au-del\u00e0 de la concurrence.<\/p>\n\n            <p style=\"font-size:1.25rem\">Contactez Ilsie Berlanga \u00e0 <a href=\"mailto:iberlanga@livingstonintl.com\">iberlanga@livingstonintl.com<\/a> aujourd\u2019hui pour d\u00e9couvrir comment nous pouvons aider vos membres \u00e0 s\u2019informer et \u00e0 prendre des d\u00e9cisions plus \u00e9clair\u00e9es et comment nous pouvons les accompagner \u00e0 naviguer dans les r\u00e9glementations, \u00e0 chaque \u00e9tape.<\/p>\n          \n         <\/div>\n      <\/div>\n   <\/div>\n<\/div>\n","protected":false},"excerpt":{"rendered":"<p>Participez \u00e0 notre programme de partenariat Fort de 70 ans d\u2019exp\u00e9rience et une pr\u00e9sence respect\u00e9e \u00e0 tous les ports principaux aux \u00c9tats-Unis et au Canada, Livingston a les ressources pour aider vos membres \u00e0 aller plus loin \u2014 dans de nouveaux march\u00e9s et au-del\u00e0 de la concurrence. Contactez Ilsie Berlanga \u00e0 iberlanga@livingstonintl.com aujourd\u2019hui pour d\u00e9couvrir<a class=\"excerpt-read-more\" href=\"https:\/\/www.livingstonintl.com\/fr\/experience-fr\/partenariat\/member-organizations\/\" title=\"ReadOrganisations membres\">&#8230; Read more &raquo;<\/a><\/p>\n","protected":false},"author":32,"featured_media":0,"parent":184,"menu_order":402,"comment_status":"closed","ping_status":"closed","template":"template-page\/page-main.php","meta":{"_acf_changed":false,"footnotes":""},"class_list":["post-214","page","type-page","status-publish","hentry"],"acf":[],"yoast_head":"<!-- This site is optimized with the Yoast SEO plugin v27.2 - https:\/\/yoast.com\/product\/yoast-seo-wordpress\/ -->\n<title>Organisations membres - Livingston International<\/title>\n<meta name=\"robots\" content=\"index, follow, max-snippet:-1, max-image-preview:large, max-video-preview:-1\" \/>\n<link rel=\"canonical\" href=\"https:\/\/www.livingstonintl.com\/fr\/experience-fr\/partenariat\/member-organizations\/\" \/>\n<meta property=\"og:locale\" content=\"fr_FR\" \/>\n<meta property=\"og:type\" content=\"article\" \/>\n<meta property=\"og:title\" content=\"Organisations membres - Livingston International\" \/>\n<meta property=\"og:description\" content=\"Participez \u00e0 notre programme de partenariat Fort de 70 ans d\u2019exp\u00e9rience et une pr\u00e9sence respect\u00e9e \u00e0 tous les ports principaux aux \u00c9tats-Unis et au Canada, Livingston a les ressources pour aider vos membres \u00e0 aller plus loin \u2014 dans de nouveaux march\u00e9s et au-del\u00e0 de la concurrence. Contactez Ilsie Berlanga \u00e0 iberlanga@livingstonintl.com aujourd\u2019hui pour d\u00e9couvrir... Read more &raquo;\" \/>\n<meta property=\"og:url\" content=\"https:\/\/www.livingstonintl.com\/fr\/experience-fr\/partenariat\/member-organizations\/\" \/>\n<meta property=\"og:site_name\" content=\"Livingston International\" \/>\n<meta property=\"article:publisher\" content=\"https:\/\/www.facebook.com\/livingstoninternational\" \/>\n<meta property=\"article:modified_time\" content=\"2023-06-29T07:15:59+00:00\" \/>\n<meta property=\"og:image\" content=\"https:\/\/cdn.livingstonintl.com\/livingston-content\/uploads\/2022\/09\/12163235\/2022-livingston-fb.jpg\" \/>\n\t<meta property=\"og:image:width\" content=\"1200\" \/>\n\t<meta property=\"og:image:height\" content=\"630\" \/>\n\t<meta property=\"og:image:type\" content=\"image\/jpeg\" \/>\n<meta name=\"twitter:label1\" content=\"Dur\u00e9e de lecture estim\u00e9e\" \/>\n\t<meta name=\"twitter:data1\" content=\"1 minute\" \/>\n<script type=\"application\/ld+json\" class=\"yoast-schema-graph\">{\"@context\":\"https:\/\/schema.org\",\"@graph\":[{\"@type\":\"WebPage\",\"@id\":\"https:\/\/www.livingstonintl.com\/fr\/experience-fr\/partenariat\/member-organizations\/\",\"url\":\"https:\/\/www.livingstonintl.com\/fr\/experience-fr\/partenariat\/member-organizations\/\",\"name\":\"Organisations membres - Livingston International\",\"isPartOf\":{\"@id\":\"https:\/\/www.livingstonintl.com\/fr\/#website\"},\"datePublished\":\"2015-04-27T21:10:54+00:00\",\"dateModified\":\"2023-06-29T07:15:59+00:00\",\"breadcrumb\":{\"@id\":\"https:\/\/www.livingstonintl.com\/fr\/experience-fr\/partenariat\/member-organizations\/#breadcrumb\"},\"inLanguage\":\"fr-FR\",\"potentialAction\":[{\"@type\":\"ReadAction\",\"target\":[\"https:\/\/www.livingstonintl.com\/fr\/experience-fr\/partenariat\/member-organizations\/\"]}]},{\"@type\":\"BreadcrumbList\",\"@id\":\"https:\/\/www.livingstonintl.com\/fr\/experience-fr\/partenariat\/member-organizations\/#breadcrumb\",\"itemListElement\":[{\"@type\":\"ListItem\",\"position\":1,\"name\":\"Accueil\",\"item\":\"https:\/\/www.livingstonintl.com\/fr\/\"},{\"@type\":\"ListItem\",\"position\":2,\"name\":\"Experience\",\"item\":\"https:\/\/www.livingstonintl.com\/fr\/experience-fr\/\"},{\"@type\":\"ListItem\",\"position\":3,\"name\":\"Partenariat\",\"item\":\"https:\/\/www.livingstonintl.com\/fr\/experience-fr\/partenariat\/\"},{\"@type\":\"ListItem\",\"position\":4,\"name\":\"Organisations membres\"}]},{\"@type\":\"WebSite\",\"@id\":\"https:\/\/www.livingstonintl.com\/fr\/#website\",\"url\":\"https:\/\/www.livingstonintl.com\/fr\/\",\"name\":\"Livingston International\",\"description\":\"Simplify Trade\",\"publisher\":{\"@id\":\"https:\/\/www.livingstonintl.com\/fr\/#organization\"},\"potentialAction\":[{\"@type\":\"SearchAction\",\"target\":{\"@type\":\"EntryPoint\",\"urlTemplate\":\"https:\/\/www.livingstonintl.com\/fr\/?s={search_term_string}\"},\"query-input\":{\"@type\":\"PropertyValueSpecification\",\"valueRequired\":true,\"valueName\":\"search_term_string\"}}],\"inLanguage\":\"fr-FR\"},{\"@type\":\"Organization\",\"@id\":\"https:\/\/www.livingstonintl.com\/fr\/#organization\",\"name\":\"Livingston International\",\"url\":\"https:\/\/www.livingstonintl.com\/fr\/\",\"logo\":{\"@type\":\"ImageObject\",\"inLanguage\":\"fr-FR\",\"@id\":\"https:\/\/www.livingstonintl.com\/fr\/#\/schema\/logo\/image\/\",\"url\":\"https:\/\/cdn.livingstonintl.com\/livingston-content\/uploads\/2022\/09\/12163235\/2022-livingston-fb.jpg\",\"contentUrl\":\"https:\/\/cdn.livingstonintl.com\/livingston-content\/uploads\/2022\/09\/12163235\/2022-livingston-fb.jpg\",\"width\":1200,\"height\":630,\"caption\":\"Livingston International\"},\"image\":{\"@id\":\"https:\/\/www.livingstonintl.com\/fr\/#\/schema\/logo\/image\/\"},\"sameAs\":[\"https:\/\/www.facebook.com\/livingstoninternational\",\"https:\/\/x.com\/livingston_intl\",\"https:\/\/linkedin.com\/company\/livingston-international\"]}]}<\/script>\n<!-- \/ Yoast SEO plugin. -->","yoast_head_json":{"title":"Organisations membres - Livingston International","robots":{"index":"index","follow":"follow","max-snippet":"max-snippet:-1","max-image-preview":"max-image-preview:large","max-video-preview":"max-video-preview:-1"},"canonical":"https:\/\/www.livingstonintl.com\/fr\/experience-fr\/partenariat\/member-organizations\/","og_locale":"fr_FR","og_type":"article","og_title":"Organisations membres - Livingston International","og_description":"Participez \u00e0 notre programme de partenariat Fort de 70 ans d\u2019exp\u00e9rience et une pr\u00e9sence respect\u00e9e \u00e0 tous les ports principaux aux \u00c9tats-Unis et au Canada, Livingston a les ressources pour aider vos membres \u00e0 aller plus loin \u2014 dans de nouveaux march\u00e9s et au-del\u00e0 de la concurrence. Contactez Ilsie Berlanga \u00e0 iberlanga@livingstonintl.com aujourd\u2019hui pour d\u00e9couvrir... Read more &raquo;","og_url":"https:\/\/www.livingstonintl.com\/fr\/experience-fr\/partenariat\/member-organizations\/","og_site_name":"Livingston International","article_publisher":"https:\/\/www.facebook.com\/livingstoninternational","article_modified_time":"2023-06-29T07:15:59+00:00","og_image":[{"width":1200,"height":630,"url":"https:\/\/cdn.livingstonintl.com\/livingston-content\/uploads\/2022\/09\/12163235\/2022-livingston-fb.jpg","type":"image\/jpeg"}],"twitter_misc":{"Dur\u00e9e de lecture estim\u00e9e":"1 minute"},"schema":{"@context":"https:\/\/schema.org","@graph":[{"@type":"WebPage","@id":"https:\/\/www.livingstonintl.com\/fr\/experience-fr\/partenariat\/member-organizations\/","url":"https:\/\/www.livingstonintl.com\/fr\/experience-fr\/partenariat\/member-organizations\/","name":"Organisations membres - Livingston International","isPartOf":{"@id":"https:\/\/www.livingstonintl.com\/fr\/#website"},"datePublished":"2015-04-27T21:10:54+00:00","dateModified":"2023-06-29T07:15:59+00:00","breadcrumb":{"@id":"https:\/\/www.livingstonintl.com\/fr\/experience-fr\/partenariat\/member-organizations\/#breadcrumb"},"inLanguage":"fr-FR","potentialAction":[{"@type":"ReadAction","target":["https:\/\/www.livingstonintl.com\/fr\/experience-fr\/partenariat\/member-organizations\/"]}]},{"@type":"BreadcrumbList","@id":"https:\/\/www.livingstonintl.com\/fr\/experience-fr\/partenariat\/member-organizations\/#breadcrumb","itemListElement":[{"@type":"ListItem","position":1,"name":"Accueil","item":"https:\/\/www.livingstonintl.com\/fr\/"},{"@type":"ListItem","position":2,"name":"Experience","item":"https:\/\/www.livingstonintl.com\/fr\/experience-fr\/"},{"@type":"ListItem","position":3,"name":"Partenariat","item":"https:\/\/www.livingstonintl.com\/fr\/experience-fr\/partenariat\/"},{"@type":"ListItem","position":4,"name":"Organisations membres"}]},{"@type":"WebSite","@id":"https:\/\/www.livingstonintl.com\/fr\/#website","url":"https:\/\/www.livingstonintl.com\/fr\/","name":"Livingston International","description":"Simplify Trade","publisher":{"@id":"https:\/\/www.livingstonintl.com\/fr\/#organization"},"potentialAction":[{"@type":"SearchAction","target":{"@type":"EntryPoint","urlTemplate":"https:\/\/www.livingstonintl.com\/fr\/?s={search_term_string}"},"query-input":{"@type":"PropertyValueSpecification","valueRequired":true,"valueName":"search_term_string"}}],"inLanguage":"fr-FR"},{"@type":"Organization","@id":"https:\/\/www.livingstonintl.com\/fr\/#organization","name":"Livingston International","url":"https:\/\/www.livingstonintl.com\/fr\/","logo":{"@type":"ImageObject","inLanguage":"fr-FR","@id":"https:\/\/www.livingstonintl.com\/fr\/#\/schema\/logo\/image\/","url":"https:\/\/cdn.livingstonintl.com\/livingston-content\/uploads\/2022\/09\/12163235\/2022-livingston-fb.jpg","contentUrl":"https:\/\/cdn.livingstonintl.com\/livingston-content\/uploads\/2022\/09\/12163235\/2022-livingston-fb.jpg","width":1200,"height":630,"caption":"Livingston International"},"image":{"@id":"https:\/\/www.livingstonintl.com\/fr\/#\/schema\/logo\/image\/"},"sameAs":["https:\/\/www.facebook.com\/livingstoninternational","https:\/\/x.com\/livingston_intl","https:\/\/linkedin.com\/company\/livingston-international"]}]}},"_links":{"self":[{"href":"https:\/\/wp.livingstonintl.com\/fr\/wp-json\/wp\/v2\/pages\/214","targetHints":{"allow":["GET"]}}],"collection":[{"href":"https:\/\/wp.livingstonintl.com\/fr\/wp-json\/wp\/v2\/pages"}],"about":[{"href":"https:\/\/wp.livingstonintl.com\/fr\/wp-json\/wp\/v2\/types\/page"}],"author":[{"embeddable":true,"href":"https:\/\/wp.livingstonintl.com\/fr\/wp-json\/wp\/v2\/users\/32"}],"replies":[{"embeddable":true,"href":"https:\/\/wp.livingstonintl.com\/fr\/wp-json\/wp\/v2\/comments?post=214"}],"version-history":[{"count":2,"href":"https:\/\/wp.livingstonintl.com\/fr\/wp-json\/wp\/v2\/pages\/214\/revisions"}],"predecessor-version":[{"id":58776,"href":"https:\/\/wp.livingstonintl.com\/fr\/wp-json\/wp\/v2\/pages\/214\/revisions\/58776"}],"up":[{"embeddable":true,"href":"https:\/\/wp.livingstonintl.com\/fr\/wp-json\/wp\/v2\/pages\/184"}],"wp:attachment":[{"href":"https:\/\/wp.livingstonintl.com\/fr\/wp-json\/wp\/v2\/media?parent=214"}],"curies":[{"name":"wp","href":"https:\/\/api.w.org\/{rel}","templated":true}]}}