{"id":215,"date":"2015-04-27T21:10:08","date_gmt":"2015-04-27T21:10:08","guid":{"rendered":"http:\/\/livingston.gocactus.com\/experience-2\/partnerships\/carrier-and-forwarders\/"},"modified":"2023-06-29T03:11:59","modified_gmt":"2023-06-29T07:11:59","slug":"carrier-and-forwarder-partnerships","status":"publish","type":"page","link":"https:\/\/www.livingstonintl.com\/fr\/experience-fr\/partenariat\/carrier-and-forwarder-partnerships\/","title":{"rendered":"Partenariats de transporteurs et transitaires"},"content":{"rendered":"\n\n\n<!-- MASTHEAD: MAIN -->\n<section id=\"masthead-block\" class=\"lii-block lii-block-masthead\">\n\n\t<div class=\"masthead-background hide-for-small-only\">\n\t\t\t<\/div>\n\n\t<div class=\"masthead-container\" style=\"background: linear-gradient(90deg, rgba(0, 14, 28, 0) 0%, rgba(49, 70, 87, 0) 67%);\">\n\t\t<div class=\"grid-container\">\n\t\t\t<div id=\"mastheadContent\" class=\"masthead-content no-padding-bottom\" style=\"filter: drop-shadow(0px 0px 80px rgba(42, 52, 61, 0.2))\">\n\t\t\t\t<div class=\"grid-x masthead-breadcrumbs\">\n\t\t\t\t\t<div class=\"small-12 cell\">\n\t\t\t\t\t\t\n\n\t<section class=\"breadcrumbs hide-for-small-only clearfix\" itemprop=\"breadcrumb\">\n\t\t<span property=\"itemListElement\" typeof=\"ListItem\">\n\t\t\t\t\t<a property=\"item\" typeof=\"WebPage\" title=\"Aller \u00e0 Soci\u00e9t\u00e9 internationale Livingston.\" href=\"https:\/\/www.livingstonintl.com\/fr\/\" class=\"home\"><span property=\"name\">Accueil<\/span><\/a>&nbsp;\/&nbsp;\n\t\t\t\t<meta property=\"position\" content=\"1\"><\/span>\n\t\t<\/section>\n\t\t\t\t\t<\/div>\n\t\t\t\t<\/div>\n\t\t\t\t<div class=\"grid-x\">\n\t\t\t\t\t<div class=\"small-12 cell\">\n\t\t\t\t\t\t<h1 style=\"filter: drop-shadow(0px 0px 80px rgba(42, 52, 61, 0.2)); width:calc(1em * 14);\">\n\t\t\t\t\t\t\t<span class=\"white\">Partenariats de transporteurs <br><\/span>\n\t\t\t\t\t\t\t<span class=\"orange\">et transitaires.<\/span>\n\t\t\t\t\t\t<\/h1>\n\t\t\t\t\t<\/div>\n\t\t\t\t<\/div>\n\t\t\t\t<div class=\"grid-x\">\n\t\t\t\t\t<div class=\"small-12 cell\">\n\t\t\t\t\t\t<p style=\"width:calc(1em * 32);\">\n\t\t\t\t\t\t\tAm\u00e9liorez votre proposition de valeur aux clients. En tant que fournisseur de transport terrestre ou transitaire, vos clients veulent de la rapidit\u00e9 et de la s\u00e9curit\u00e9 sans soucis aux fronti\u00e8res. C\u2019est chose faite.\t\t\t\t\t\t<\/p>\n\t\t\t\t\t\t\t\t\t\t\t<\/div>\n\t\t\t\t<\/div>\n\t\t\t<\/div>\n\t\t<\/div>\n\t<\/div>\n\n\t<div class=\"masthead-background show-for-small-only\">\n\t\t\t<\/div>\n\n\t<!--\t\t<div class=\"masthead-breadcrumbs\">-->\n<!--\t\t\t<div class=\"grid-container\">-->\n<!--\t\t\t\t<div class=\"grid-x\">-->\n<!--\t\t\t\t\t<div class=\"small-12 cell\">-->\n<!--\t\t\t\t\t\t--><!--\t\t\t\t\t<\/div>-->\n<!--\t\t\t\t<\/div>-->\n<!--\t\t\t<\/div>-->\n<!--\t\t<\/div>-->\n\t\n<\/section>\n<div class=\"angle-border\"><\/div><!-- \/ MASTHEAD: MAIN -->\n\n\n\n<!-- RIBBON BLOCKS -->\n<div id=\"ribbon-block_0d6c8e617de00ecd837c65fdef4b0cd7\" class=\"lii-block lii-block-ribbon no-padding-bottom  white-background no-border\">\n\n\t<section class=\"grid-container\">\n\t\t<div class=\"grid-x grid-margin-x\">\n\t\t\t\t\t\t<div class=\"cell small-12 medium-auto\">\n\t\t\t\t<div class=\"\">\n\t\t\t\t\t<p>\n\t\t\t\t\t\t<p style=\"line-height:1.5\"><strong>Vos clients veulent que les choses soient simples.<\/strong> Ils veulent que leurs biens soient livr\u00e9s comme promis, sans interruptions de la cha\u00eene d\u2019approvisionnement. En offrant une solution compl\u00e8te qui comprend le courtage en douane, vous \u00e9liminerez des obstacles potentiels, rendrez leurs vies plus faciles et aiderez \u00e0 rendre les futures affaires plus probables.<\/p>\t\t\t\t\t<\/p>\n\t\t\t\t<\/div>\n\t\t\t<\/div>\n\t\t\t\t\t<\/div>\n\t<\/section>\n\n<\/div>\n<!-- \/ RIBBON BLOCKS -->\n\n\n\n\n<!-- COLUMNS BLOCKS -->\n<div id=\"columns-block_5b4bbde73597f7b5b7389f29332d4840\" class=\"lii-block padding-v4x lii-block-columns  white-background \">\n\n\t<section class=\"grid-container\">\n\t\t<div class=\"grid-x grid-margin-x\">\n\t\t\t\t\t\t<div class=\"cell small-12 medium-auto\">\n\t\t\t\t<h3 class=\"h4\">Programme de partenariat <br><span class=\"yellow\">pour les transporteurs<\/span><\/h3><p class=\"\"><\/p>\r\n<p>D\u00e9marquez-vous dans un march\u00e9 congestionn\u00e9. Avec Livingston \u00e0 vos c\u00f4t\u00e9s, vous pouvez fournir une solution de courtage\/transport transparente. Nous nous occupons des fonctions de courtage d\u2019arri\u00e8re-plan. Vous vous concentrez sur votre activit\u00e9 principale tout en concurren\u00e7ant plus efficacement avec les grands joueurs.<\/p>\r\n<p>\r\n<p><a href=\"\/fr\/experience-fr\/partenariat\/carrier-and-forwarder-partnerships\/partnership-program-for-carriers\/\" class=\"button small orange\">En Savoir Plus<\/a>\r\n<\/p><p><\/p>\t\t\t<\/div>\n\t\t\t\t\t\t<div class=\"cell small-12 medium-auto\">\n\t\t\t\t<h3 class=\"h4\">Programme de partenariat <br><span class=\"yellow\">pour les transitaires<\/span><\/h3>\r\n<p class=\"\"><\/p>\r\n<p class=\"padding-bottom-very-compact\">Offrez plus \u00e0 vos clients. Ajoutez un service de courtage en douane exceptionnel. Ou, si vous avez d\u00e9j\u00e0 une solution interne, am\u00e9liorez votre couverture, votre efficacit\u00e9 et vos co\u00fbts gr\u00e2ce \u00e0 notre r\u00e9seau de bureaux s\u2019\u00e9tendant d\u2019un oc\u00e9an \u00e0 l\u2019autre et notre structure op\u00e9rationnelle 24\/7\/365 extr\u00eamement efficace. Soyez \u00e0 votre meilleur. En Savoir Plus<\/p>\r\n<p><a href=\"\/fr\/experience-fr\/partenariat\/carrier-and-forwarder-partnerships\/parnership-program-for-frieght-forwarders\/\" class=\"button small orange\">En Savoir Plus<\/a>\r\n<\/p><p><\/p>\t\t\t<\/div>\n\t\t\t\t\t<\/div>\n\t<\/section>\n\n\t\n\t\n<\/div>\n<!-- \/ COLUMNS BLOCKS -->\n\n\n\n\n<!-- TEXT BLOCKS -->\n<div id=\"icon-block_2248e898f65ad1020f0929bd5045c8f6\" class=\"lii-block lii-block-icons-holder dark-blue-background border-top\">\n\n\t\n\t\t<section class=\"grid-container lii-columns padding-max icon-grid \">\n\t\t\t\t<div class=\"grid-x grid-padding-x lii-block-icons\">\n\t\t\t\t\t\t<div class=\"cell small-12 medium-4 icon-holder\">\n\t\t\t\t\t\t\t\t\t<img loading=\"lazy\" decoding=\"async\" class=\"icon\" src=\"https:\/\/cdn.livingstonintl.com\/livingston-content\/uploads\/2022\/08\/12041050\/customs-clearance.svg\" width=\"340\" height=\"160\" alt=\"\">\n\t\t\t\t\t\t\t\t<h3 class=\"icon-heading\">Offrez plus, de fa\u00e7on plus efficace.<\/h3><p class=\"\">Le courtage en douane ajoute un flux de revenus \u00e0 votre portefeuille. Si vous offrez d\u00e9j\u00e0 une solution de courtage en douane, rentabilisez notre mod\u00e8le et adaptez-le pour r\u00e9duire vos co\u00fbts fixes.<\/p>\t\t\t<\/div>\n\t\t\t\t\t\t<div class=\"cell small-12 medium-4 icon-holder\">\n\t\t\t\t\t\t\t\t\t<img loading=\"lazy\" decoding=\"async\" class=\"icon\" src=\"https:\/\/cdn.livingstonintl.com\/livingston-content\/uploads\/2022\/08\/12041419\/shield-filled.svg\" width=\"340\" height=\"160\" alt=\"\">\n\t\t\t\t\t\t\t\t<h3 class=\"icon-heading\">Collaborez sans soucis.<\/h3><p class=\"\">Nous conservons scrupuleusement nos bases de clients s\u00e9par\u00e9ment. L\u2019externalisation de courtage est cloisonn\u00e9e de nos offres traditionnelles de courtage en gros. Vos clients sont vos clients, pas les n\u00f4tres.<\/p>\t\t\t<\/div>\n\t\t\t\t\t\t<div class=\"cell small-12 medium-4 icon-holder\">\n\t\t\t\t\t\t\t\t\t<img loading=\"lazy\" decoding=\"async\" class=\"icon\" src=\"https:\/\/cdn.livingstonintl.com\/livingston-content\/uploads\/2022\/08\/12041033\/contact-center.svg\" width=\"340\" height=\"160\" alt=\"\">\n\t\t\t\t\t\t\t\t<h3 class=\"icon-heading\">Soyez au service de vos clients 24\/7.<\/h3><p class=\"\">Avec notre r\u00e9seau de bureaux d\u2019un oc\u00e9an \u00e0 l\u2019autre et notre structure op\u00e9rationnelle 24\/7, vous \u00eates en mesure de fournir \u00e0 vos clients un d\u00e9douanement \u00e0 tout moment de la journ\u00e9e, quel que soit l\u2019heure du jour ou le jour de la semaine.<\/p>\t\t\t<\/div>\n\t\t\t\t\t<\/div>\n\t\t\t\t<div class=\"grid-x grid-padding-x lii-block-icons\">\n\t\t\t\t\t\t<div class=\"cell small-12 medium-4 icon-holder\">\n\t\t\t\t\t\t\t\t\t<img loading=\"lazy\" decoding=\"async\" class=\"icon\" src=\"https:\/\/cdn.livingstonintl.com\/livingston-content\/uploads\/2022\/08\/12041110\/document.svg\" width=\"340\" height=\"160\" alt=\"\">\n\t\t\t\t\t\t\t\t<h3 class=\"icon-heading\">Envoyez une seule facture.<\/h3><p class=\"\">Les clients appr\u00e9cient une facture unique. Transit group\u00e9, transport, et courtage en douane regroup\u00e9 en un seul service pratique avec une seule facture, comprenant tous les frais de courtage en douane, droits et taxes.<\/p>\t\t\t<\/div>\n\t\t\t\t\t\t<div class=\"cell small-12 medium-4 icon-holder\">\n\t\t\t\t\t\t\t\t\t<img loading=\"lazy\" decoding=\"async\" class=\"icon\" src=\"https:\/\/cdn.livingstonintl.com\/livingston-content\/uploads\/2022\/08\/12041508\/tradesphere-2.svg\" width=\"340\" height=\"160\" alt=\"\">\n\t\t\t\t\t\t\t\t<h3 class=\"icon-heading\">Am\u00e9liorez la transparence.<\/h3><p class=\"\">Rendez votre processus de courtage en douane pleinement visible \u00e0 vos clients, \u00e0 chaque \u00e9tape. Avec nos logiciels, ils ont un acc\u00e8s facile \u00e0 toutes leurs informations, en plus de capacit\u00e9s de rapport puissantes.<\/p>\t\t\t<\/div>\n\t\t\t\t\t\t<div class=\"cell small-12 medium-4 icon-holder\">\n\t\t\t\t\t\t\t\t\t<img loading=\"lazy\" decoding=\"async\" class=\"icon\" src=\"https:\/\/cdn.livingstonintl.com\/livingston-content\/uploads\/2022\/08\/12041326\/partnerships.svg\" width=\"340\" height=\"160\" alt=\"\">\n\t\t\t\t\t\t\t\t<h3 class=\"icon-heading\">Renforcez la fid\u00e9lit\u00e9.<\/h3><p class=\"\">Les clients s\u2019en tiennent aux fournisseurs qui offrent tout. Service. Commodit\u00e9. Simplification. Lorsque votre solution de transport comprend le courtage en douane, vous couvrez les besoins de vos clients, du d\u00e9but jusqu\u2019\u00e0 la fin.<\/p>\t\t\t<\/div>\n\t\t\t\t\t<\/div>\n\t\t\t<\/section>\n\t\n\t\n\t\n<\/div>\n<!-- \/ TEXT BLOCKS -->\n\n\n\n\n\n<div id=\"partnership-program-form\" class=\"show-registration full-width light-grey-background section-content\" style=\"border-top:1px solid #DCE5EC;\">\n   <div class=\"grid-container\">\n      <div class=\"grid-x\">\n         <div class=\"small-12 cell\">\n            <h4 class=\"h2\" style=\"margin-bottom: 1.875rem;\">Participez \u00e0 notre <br>programme de partenariat<\/h4>\n            <p style=\"font-size:1.25rem\">Fort de 70 ans d\u2019exp\u00e9rience et une pr\u00e9sence respect\u00e9e \u00e0 tous les ports principaux aux \u00c9tats-Unis et au Canada, Livingston a les ressources et les gens pour vous aider \u00e0 \u00e9lever votre offre de service de transport ou de transit pour atteindre de nouveaux sommets.<\/p>\n            <p style=\"font-size:1.25rem\">Contactez <a href=\"mailto:partnerships@livingstonintl.com\">partnerships@livingstonintl.com<\/a> pour d\u00e9couvrir comment nous pouvons vous aider \u00e0 fournir une offre de courtage en douane et transit tout en am\u00e9liorant vos r\u00e9sultats.<\/p>\n            <!----- Pardot Form goes here ------>\n         <\/div>\n      <\/div>\n   <\/div>\n<\/div>\n","protected":false},"excerpt":{"rendered":"<p>Participez \u00e0 notre programme de partenariat Fort de 70 ans d\u2019exp\u00e9rience et une pr\u00e9sence respect\u00e9e \u00e0 tous les ports principaux aux \u00c9tats-Unis et au Canada, Livingston a les ressources et les gens pour vous aider \u00e0 \u00e9lever votre offre de service de transport ou de transit pour atteindre de nouveaux sommets. Contactez partnerships@livingstonintl.com pour d\u00e9couvrir<a class=\"excerpt-read-more\" href=\"https:\/\/www.livingstonintl.com\/fr\/experience-fr\/partenariat\/carrier-and-forwarder-partnerships\/\" title=\"ReadPartenariats de transporteurs et transitaires\">&#8230; Read more &raquo;<\/a><\/p>\n","protected":false},"author":32,"featured_media":0,"parent":184,"menu_order":405,"comment_status":"closed","ping_status":"closed","template":"template-page\/page-main.php","meta":{"_acf_changed":false,"footnotes":""},"class_list":["post-215","page","type-page","status-publish","hentry"],"acf":[],"yoast_head":"<!-- This site is optimized with the Yoast SEO plugin v27.2 - https:\/\/yoast.com\/product\/yoast-seo-wordpress\/ -->\n<title>Partenariats de transporteurs et transitaires - Livingston International<\/title>\n<meta name=\"robots\" content=\"index, follow, max-snippet:-1, max-image-preview:large, max-video-preview:-1\" \/>\n<link rel=\"canonical\" href=\"https:\/\/www.livingstonintl.com\/fr\/experience-fr\/partenariat\/carrier-and-forwarder-partnerships\/\" \/>\n<meta property=\"og:locale\" content=\"fr_FR\" \/>\n<meta property=\"og:type\" content=\"article\" \/>\n<meta property=\"og:title\" content=\"Partenariats de transporteurs et transitaires - Livingston International\" \/>\n<meta property=\"og:description\" content=\"Participez \u00e0 notre programme de partenariat Fort de 70 ans d\u2019exp\u00e9rience et une pr\u00e9sence respect\u00e9e \u00e0 tous les ports principaux aux \u00c9tats-Unis et au Canada, Livingston a les ressources et les gens pour vous aider \u00e0 \u00e9lever votre offre de service de transport ou de transit pour atteindre de nouveaux sommets. Contactez partnerships@livingstonintl.com pour d\u00e9couvrir... Read more &raquo;\" \/>\n<meta property=\"og:url\" content=\"https:\/\/www.livingstonintl.com\/fr\/experience-fr\/partenariat\/carrier-and-forwarder-partnerships\/\" \/>\n<meta property=\"og:site_name\" content=\"Livingston International\" \/>\n<meta property=\"article:publisher\" content=\"https:\/\/www.facebook.com\/livingstoninternational\" \/>\n<meta property=\"article:modified_time\" content=\"2023-06-29T07:11:59+00:00\" \/>\n<meta property=\"og:image\" content=\"https:\/\/cdn.livingstonintl.com\/livingston-content\/uploads\/2022\/09\/12163235\/2022-livingston-fb.jpg\" \/>\n\t<meta property=\"og:image:width\" content=\"1200\" \/>\n\t<meta property=\"og:image:height\" content=\"630\" \/>\n\t<meta property=\"og:image:type\" content=\"image\/jpeg\" \/>\n<meta name=\"twitter:label1\" content=\"Dur\u00e9e de lecture estim\u00e9e\" \/>\n\t<meta name=\"twitter:data1\" content=\"1 minute\" \/>\n<script type=\"application\/ld+json\" class=\"yoast-schema-graph\">{\"@context\":\"https:\/\/schema.org\",\"@graph\":[{\"@type\":\"WebPage\",\"@id\":\"https:\/\/www.livingstonintl.com\/fr\/experience-fr\/partenariat\/carrier-and-forwarder-partnerships\/\",\"url\":\"https:\/\/www.livingstonintl.com\/fr\/experience-fr\/partenariat\/carrier-and-forwarder-partnerships\/\",\"name\":\"Partenariats de transporteurs et transitaires - Livingston International\",\"isPartOf\":{\"@id\":\"https:\/\/www.livingstonintl.com\/fr\/#website\"},\"datePublished\":\"2015-04-27T21:10:08+00:00\",\"dateModified\":\"2023-06-29T07:11:59+00:00\",\"breadcrumb\":{\"@id\":\"https:\/\/www.livingstonintl.com\/fr\/experience-fr\/partenariat\/carrier-and-forwarder-partnerships\/#breadcrumb\"},\"inLanguage\":\"fr-FR\",\"potentialAction\":[{\"@type\":\"ReadAction\",\"target\":[\"https:\/\/www.livingstonintl.com\/fr\/experience-fr\/partenariat\/carrier-and-forwarder-partnerships\/\"]}]},{\"@type\":\"BreadcrumbList\",\"@id\":\"https:\/\/www.livingstonintl.com\/fr\/experience-fr\/partenariat\/carrier-and-forwarder-partnerships\/#breadcrumb\",\"itemListElement\":[{\"@type\":\"ListItem\",\"position\":1,\"name\":\"Accueil\",\"item\":\"https:\/\/www.livingstonintl.com\/fr\/\"},{\"@type\":\"ListItem\",\"position\":2,\"name\":\"Experience\",\"item\":\"https:\/\/www.livingstonintl.com\/fr\/experience-fr\/\"},{\"@type\":\"ListItem\",\"position\":3,\"name\":\"Partenariat\",\"item\":\"https:\/\/www.livingstonintl.com\/fr\/experience-fr\/partenariat\/\"},{\"@type\":\"ListItem\",\"position\":4,\"name\":\"Partenariats de transporteurs et transitaires\"}]},{\"@type\":\"WebSite\",\"@id\":\"https:\/\/www.livingstonintl.com\/fr\/#website\",\"url\":\"https:\/\/www.livingstonintl.com\/fr\/\",\"name\":\"Livingston International\",\"description\":\"Simplify Trade\",\"publisher\":{\"@id\":\"https:\/\/www.livingstonintl.com\/fr\/#organization\"},\"potentialAction\":[{\"@type\":\"SearchAction\",\"target\":{\"@type\":\"EntryPoint\",\"urlTemplate\":\"https:\/\/www.livingstonintl.com\/fr\/?s={search_term_string}\"},\"query-input\":{\"@type\":\"PropertyValueSpecification\",\"valueRequired\":true,\"valueName\":\"search_term_string\"}}],\"inLanguage\":\"fr-FR\"},{\"@type\":\"Organization\",\"@id\":\"https:\/\/www.livingstonintl.com\/fr\/#organization\",\"name\":\"Livingston International\",\"url\":\"https:\/\/www.livingstonintl.com\/fr\/\",\"logo\":{\"@type\":\"ImageObject\",\"inLanguage\":\"fr-FR\",\"@id\":\"https:\/\/www.livingstonintl.com\/fr\/#\/schema\/logo\/image\/\",\"url\":\"https:\/\/cdn.livingstonintl.com\/livingston-content\/uploads\/2022\/09\/12163235\/2022-livingston-fb.jpg\",\"contentUrl\":\"https:\/\/cdn.livingstonintl.com\/livingston-content\/uploads\/2022\/09\/12163235\/2022-livingston-fb.jpg\",\"width\":1200,\"height\":630,\"caption\":\"Livingston International\"},\"image\":{\"@id\":\"https:\/\/www.livingstonintl.com\/fr\/#\/schema\/logo\/image\/\"},\"sameAs\":[\"https:\/\/www.facebook.com\/livingstoninternational\",\"https:\/\/x.com\/livingston_intl\",\"https:\/\/linkedin.com\/company\/livingston-international\"]}]}<\/script>\n<!-- \/ Yoast SEO plugin. -->","yoast_head_json":{"title":"Partenariats de transporteurs et transitaires - Livingston International","robots":{"index":"index","follow":"follow","max-snippet":"max-snippet:-1","max-image-preview":"max-image-preview:large","max-video-preview":"max-video-preview:-1"},"canonical":"https:\/\/www.livingstonintl.com\/fr\/experience-fr\/partenariat\/carrier-and-forwarder-partnerships\/","og_locale":"fr_FR","og_type":"article","og_title":"Partenariats de transporteurs et transitaires - Livingston International","og_description":"Participez \u00e0 notre programme de partenariat Fort de 70 ans d\u2019exp\u00e9rience et une pr\u00e9sence respect\u00e9e \u00e0 tous les ports principaux aux \u00c9tats-Unis et au Canada, Livingston a les ressources et les gens pour vous aider \u00e0 \u00e9lever votre offre de service de transport ou de transit pour atteindre de nouveaux sommets. Contactez partnerships@livingstonintl.com pour d\u00e9couvrir... Read more &raquo;","og_url":"https:\/\/www.livingstonintl.com\/fr\/experience-fr\/partenariat\/carrier-and-forwarder-partnerships\/","og_site_name":"Livingston International","article_publisher":"https:\/\/www.facebook.com\/livingstoninternational","article_modified_time":"2023-06-29T07:11:59+00:00","og_image":[{"width":1200,"height":630,"url":"https:\/\/cdn.livingstonintl.com\/livingston-content\/uploads\/2022\/09\/12163235\/2022-livingston-fb.jpg","type":"image\/jpeg"}],"twitter_misc":{"Dur\u00e9e de lecture estim\u00e9e":"1 minute"},"schema":{"@context":"https:\/\/schema.org","@graph":[{"@type":"WebPage","@id":"https:\/\/www.livingstonintl.com\/fr\/experience-fr\/partenariat\/carrier-and-forwarder-partnerships\/","url":"https:\/\/www.livingstonintl.com\/fr\/experience-fr\/partenariat\/carrier-and-forwarder-partnerships\/","name":"Partenariats de transporteurs et transitaires - Livingston International","isPartOf":{"@id":"https:\/\/www.livingstonintl.com\/fr\/#website"},"datePublished":"2015-04-27T21:10:08+00:00","dateModified":"2023-06-29T07:11:59+00:00","breadcrumb":{"@id":"https:\/\/www.livingstonintl.com\/fr\/experience-fr\/partenariat\/carrier-and-forwarder-partnerships\/#breadcrumb"},"inLanguage":"fr-FR","potentialAction":[{"@type":"ReadAction","target":["https:\/\/www.livingstonintl.com\/fr\/experience-fr\/partenariat\/carrier-and-forwarder-partnerships\/"]}]},{"@type":"BreadcrumbList","@id":"https:\/\/www.livingstonintl.com\/fr\/experience-fr\/partenariat\/carrier-and-forwarder-partnerships\/#breadcrumb","itemListElement":[{"@type":"ListItem","position":1,"name":"Accueil","item":"https:\/\/www.livingstonintl.com\/fr\/"},{"@type":"ListItem","position":2,"name":"Experience","item":"https:\/\/www.livingstonintl.com\/fr\/experience-fr\/"},{"@type":"ListItem","position":3,"name":"Partenariat","item":"https:\/\/www.livingstonintl.com\/fr\/experience-fr\/partenariat\/"},{"@type":"ListItem","position":4,"name":"Partenariats de transporteurs et transitaires"}]},{"@type":"WebSite","@id":"https:\/\/www.livingstonintl.com\/fr\/#website","url":"https:\/\/www.livingstonintl.com\/fr\/","name":"Livingston International","description":"Simplify Trade","publisher":{"@id":"https:\/\/www.livingstonintl.com\/fr\/#organization"},"potentialAction":[{"@type":"SearchAction","target":{"@type":"EntryPoint","urlTemplate":"https:\/\/www.livingstonintl.com\/fr\/?s={search_term_string}"},"query-input":{"@type":"PropertyValueSpecification","valueRequired":true,"valueName":"search_term_string"}}],"inLanguage":"fr-FR"},{"@type":"Organization","@id":"https:\/\/www.livingstonintl.com\/fr\/#organization","name":"Livingston International","url":"https:\/\/www.livingstonintl.com\/fr\/","logo":{"@type":"ImageObject","inLanguage":"fr-FR","@id":"https:\/\/www.livingstonintl.com\/fr\/#\/schema\/logo\/image\/","url":"https:\/\/cdn.livingstonintl.com\/livingston-content\/uploads\/2022\/09\/12163235\/2022-livingston-fb.jpg","contentUrl":"https:\/\/cdn.livingstonintl.com\/livingston-content\/uploads\/2022\/09\/12163235\/2022-livingston-fb.jpg","width":1200,"height":630,"caption":"Livingston International"},"image":{"@id":"https:\/\/www.livingstonintl.com\/fr\/#\/schema\/logo\/image\/"},"sameAs":["https:\/\/www.facebook.com\/livingstoninternational","https:\/\/x.com\/livingston_intl","https:\/\/linkedin.com\/company\/livingston-international"]}]}},"_links":{"self":[{"href":"https:\/\/wp.livingstonintl.com\/fr\/wp-json\/wp\/v2\/pages\/215","targetHints":{"allow":["GET"]}}],"collection":[{"href":"https:\/\/wp.livingstonintl.com\/fr\/wp-json\/wp\/v2\/pages"}],"about":[{"href":"https:\/\/wp.livingstonintl.com\/fr\/wp-json\/wp\/v2\/types\/page"}],"author":[{"embeddable":true,"href":"https:\/\/wp.livingstonintl.com\/fr\/wp-json\/wp\/v2\/users\/32"}],"replies":[{"embeddable":true,"href":"https:\/\/wp.livingstonintl.com\/fr\/wp-json\/wp\/v2\/comments?post=215"}],"version-history":[{"count":2,"href":"https:\/\/wp.livingstonintl.com\/fr\/wp-json\/wp\/v2\/pages\/215\/revisions"}],"predecessor-version":[{"id":58769,"href":"https:\/\/wp.livingstonintl.com\/fr\/wp-json\/wp\/v2\/pages\/215\/revisions\/58769"}],"up":[{"embeddable":true,"href":"https:\/\/wp.livingstonintl.com\/fr\/wp-json\/wp\/v2\/pages\/184"}],"wp:attachment":[{"href":"https:\/\/wp.livingstonintl.com\/fr\/wp-json\/wp\/v2\/media?parent=215"}],"curies":[{"name":"wp","href":"https:\/\/api.w.org\/{rel}","templated":true}]}}