{"id":218,"date":"2015-04-27T21:07:53","date_gmt":"2015-04-27T21:07:53","guid":{"rendered":"http:\/\/livingston.gocactus.com\/experience-2\/small-business-services\/customs-brokerage\/"},"modified":"2016-11-06T17:13:02","modified_gmt":"2016-11-06T17:13:02","slug":"courtage-en-douane-pour-petites-entreprises","status":"publish","type":"page","link":"https:\/\/www.livingstonintl.com\/fr\/experience-fr\/votre-petite-entreprise\/courtage-en-douane-pour-petites-entreprises\/","title":{"rendered":"Courtage en douane pour petites entreprises"},"content":{"rendered":"<h1><span class=\"blue\">Courtage en douane<\/span><span class=\"orange\">pour petites entreprises<\/span><\/h1>\n<p>Livingston r\u00e9sout le casse-t\u00eate de l\u2019importation et de l\u2019exportation tout en aidant \u00e0 r\u00e9duire les risques et les retards. Pour que vous puissiez vous concentrer sur vos activit\u00e9s.<\/p>\n","protected":false},"excerpt":{"rendered":"<p>Courtage en douanepour petites entreprises Livingston r\u00e9sout le casse-t\u00eate de l\u2019importation et de l\u2019exportation tout en aidant \u00e0 r\u00e9duire les risques et les retards. Pour que vous puissiez vous concentrer sur vos activit\u00e9s.<\/p>\n","protected":false},"author":32,"featured_media":0,"parent":185,"menu_order":394,"comment_status":"closed","ping_status":"closed","template":"template-retired\/page-default-child-call.php","meta":{"_acf_changed":false,"footnotes":""},"class_list":["post-218","page","type-page","status-publish","hentry"],"acf":[],"yoast_head":"<!-- This site is optimized with the Yoast SEO plugin v27.2 - https:\/\/yoast.com\/product\/yoast-seo-wordpress\/ -->\n<title>Courtage en douane pour petites entreprises - Livingston International<\/title>\n<meta name=\"robots\" content=\"index, follow, max-snippet:-1, max-image-preview:large, max-video-preview:-1\" \/>\n<link rel=\"canonical\" href=\"https:\/\/www.livingstonintl.com\/fr\/experience-fr\/votre-petite-entreprise\/courtage-en-douane-pour-petites-entreprises\/\" \/>\n<meta property=\"og:locale\" content=\"fr_FR\" \/>\n<meta property=\"og:type\" content=\"article\" \/>\n<meta property=\"og:title\" content=\"Courtage en douane pour petites entreprises - Livingston International\" \/>\n<meta property=\"og:description\" content=\"Courtage en douanepour petites entreprises Livingston r\u00e9sout le casse-t\u00eate de l\u2019importation et de l\u2019exportation tout en aidant \u00e0 r\u00e9duire les risques et les retards. Pour que vous puissiez vous concentrer sur vos activit\u00e9s.\" \/>\n<meta property=\"og:url\" content=\"https:\/\/www.livingstonintl.com\/fr\/experience-fr\/votre-petite-entreprise\/courtage-en-douane-pour-petites-entreprises\/\" \/>\n<meta property=\"og:site_name\" content=\"Livingston International\" \/>\n<meta property=\"article:publisher\" content=\"https:\/\/www.facebook.com\/livingstoninternational\" \/>\n<meta property=\"article:modified_time\" content=\"2016-11-06T17:13:02+00:00\" \/>\n<meta property=\"og:image\" content=\"https:\/\/cdn.livingstonintl.com\/livingston-content\/uploads\/2022\/09\/12163235\/2022-livingston-fb.jpg\" \/>\n\t<meta property=\"og:image:width\" content=\"1200\" \/>\n\t<meta property=\"og:image:height\" content=\"630\" \/>\n\t<meta property=\"og:image:type\" content=\"image\/jpeg\" \/>\n<script type=\"application\/ld+json\" class=\"yoast-schema-graph\">{\"@context\":\"https:\/\/schema.org\",\"@graph\":[{\"@type\":\"WebPage\",\"@id\":\"https:\/\/www.livingstonintl.com\/fr\/experience-fr\/votre-petite-entreprise\/courtage-en-douane-pour-petites-entreprises\/\",\"url\":\"https:\/\/www.livingstonintl.com\/fr\/experience-fr\/votre-petite-entreprise\/courtage-en-douane-pour-petites-entreprises\/\",\"name\":\"Courtage en douane pour petites entreprises - Livingston International\",\"isPartOf\":{\"@id\":\"https:\/\/www.livingstonintl.com\/fr\/#website\"},\"datePublished\":\"2015-04-27T21:07:53+00:00\",\"dateModified\":\"2016-11-06T17:13:02+00:00\",\"breadcrumb\":{\"@id\":\"https:\/\/www.livingstonintl.com\/fr\/experience-fr\/votre-petite-entreprise\/courtage-en-douane-pour-petites-entreprises\/#breadcrumb\"},\"inLanguage\":\"fr-FR\",\"potentialAction\":[{\"@type\":\"ReadAction\",\"target\":[\"https:\/\/www.livingstonintl.com\/fr\/experience-fr\/votre-petite-entreprise\/courtage-en-douane-pour-petites-entreprises\/\"]}]},{\"@type\":\"BreadcrumbList\",\"@id\":\"https:\/\/www.livingstonintl.com\/fr\/experience-fr\/votre-petite-entreprise\/courtage-en-douane-pour-petites-entreprises\/#breadcrumb\",\"itemListElement\":[{\"@type\":\"ListItem\",\"position\":1,\"name\":\"Accueil\",\"item\":\"https:\/\/www.livingstonintl.com\/fr\/\"},{\"@type\":\"ListItem\",\"position\":2,\"name\":\"Experience\",\"item\":\"https:\/\/www.livingstonintl.com\/fr\/experience-fr\/\"},{\"@type\":\"ListItem\",\"position\":3,\"name\":\"Votre petite entreprise\",\"item\":\"https:\/\/www.livingstonintl.com\/fr\/experience-fr\/votre-petite-entreprise\/\"},{\"@type\":\"ListItem\",\"position\":4,\"name\":\"Courtage en douane pour petites entreprises\"}]},{\"@type\":\"WebSite\",\"@id\":\"https:\/\/www.livingstonintl.com\/fr\/#website\",\"url\":\"https:\/\/www.livingstonintl.com\/fr\/\",\"name\":\"Livingston International\",\"description\":\"Simplify Trade\",\"publisher\":{\"@id\":\"https:\/\/www.livingstonintl.com\/fr\/#organization\"},\"potentialAction\":[{\"@type\":\"SearchAction\",\"target\":{\"@type\":\"EntryPoint\",\"urlTemplate\":\"https:\/\/www.livingstonintl.com\/fr\/?s={search_term_string}\"},\"query-input\":{\"@type\":\"PropertyValueSpecification\",\"valueRequired\":true,\"valueName\":\"search_term_string\"}}],\"inLanguage\":\"fr-FR\"},{\"@type\":\"Organization\",\"@id\":\"https:\/\/www.livingstonintl.com\/fr\/#organization\",\"name\":\"Livingston International\",\"url\":\"https:\/\/www.livingstonintl.com\/fr\/\",\"logo\":{\"@type\":\"ImageObject\",\"inLanguage\":\"fr-FR\",\"@id\":\"https:\/\/www.livingstonintl.com\/fr\/#\/schema\/logo\/image\/\",\"url\":\"https:\/\/cdn.livingstonintl.com\/livingston-content\/uploads\/2022\/09\/12163235\/2022-livingston-fb.jpg\",\"contentUrl\":\"https:\/\/cdn.livingstonintl.com\/livingston-content\/uploads\/2022\/09\/12163235\/2022-livingston-fb.jpg\",\"width\":1200,\"height\":630,\"caption\":\"Livingston International\"},\"image\":{\"@id\":\"https:\/\/www.livingstonintl.com\/fr\/#\/schema\/logo\/image\/\"},\"sameAs\":[\"https:\/\/www.facebook.com\/livingstoninternational\",\"https:\/\/x.com\/livingston_intl\",\"https:\/\/linkedin.com\/company\/livingston-international\"]}]}<\/script>\n<!-- \/ Yoast SEO plugin. -->","yoast_head_json":{"title":"Courtage en douane pour petites entreprises - Livingston International","robots":{"index":"index","follow":"follow","max-snippet":"max-snippet:-1","max-image-preview":"max-image-preview:large","max-video-preview":"max-video-preview:-1"},"canonical":"https:\/\/www.livingstonintl.com\/fr\/experience-fr\/votre-petite-entreprise\/courtage-en-douane-pour-petites-entreprises\/","og_locale":"fr_FR","og_type":"article","og_title":"Courtage en douane pour petites entreprises - Livingston International","og_description":"Courtage en douanepour petites entreprises Livingston r\u00e9sout le casse-t\u00eate de l\u2019importation et de l\u2019exportation tout en aidant \u00e0 r\u00e9duire les risques et les retards. Pour que vous puissiez vous concentrer sur vos activit\u00e9s.","og_url":"https:\/\/www.livingstonintl.com\/fr\/experience-fr\/votre-petite-entreprise\/courtage-en-douane-pour-petites-entreprises\/","og_site_name":"Livingston International","article_publisher":"https:\/\/www.facebook.com\/livingstoninternational","article_modified_time":"2016-11-06T17:13:02+00:00","og_image":[{"width":1200,"height":630,"url":"https:\/\/cdn.livingstonintl.com\/livingston-content\/uploads\/2022\/09\/12163235\/2022-livingston-fb.jpg","type":"image\/jpeg"}],"schema":{"@context":"https:\/\/schema.org","@graph":[{"@type":"WebPage","@id":"https:\/\/www.livingstonintl.com\/fr\/experience-fr\/votre-petite-entreprise\/courtage-en-douane-pour-petites-entreprises\/","url":"https:\/\/www.livingstonintl.com\/fr\/experience-fr\/votre-petite-entreprise\/courtage-en-douane-pour-petites-entreprises\/","name":"Courtage en douane pour petites entreprises - Livingston International","isPartOf":{"@id":"https:\/\/www.livingstonintl.com\/fr\/#website"},"datePublished":"2015-04-27T21:07:53+00:00","dateModified":"2016-11-06T17:13:02+00:00","breadcrumb":{"@id":"https:\/\/www.livingstonintl.com\/fr\/experience-fr\/votre-petite-entreprise\/courtage-en-douane-pour-petites-entreprises\/#breadcrumb"},"inLanguage":"fr-FR","potentialAction":[{"@type":"ReadAction","target":["https:\/\/www.livingstonintl.com\/fr\/experience-fr\/votre-petite-entreprise\/courtage-en-douane-pour-petites-entreprises\/"]}]},{"@type":"BreadcrumbList","@id":"https:\/\/www.livingstonintl.com\/fr\/experience-fr\/votre-petite-entreprise\/courtage-en-douane-pour-petites-entreprises\/#breadcrumb","itemListElement":[{"@type":"ListItem","position":1,"name":"Accueil","item":"https:\/\/www.livingstonintl.com\/fr\/"},{"@type":"ListItem","position":2,"name":"Experience","item":"https:\/\/www.livingstonintl.com\/fr\/experience-fr\/"},{"@type":"ListItem","position":3,"name":"Votre petite entreprise","item":"https:\/\/www.livingstonintl.com\/fr\/experience-fr\/votre-petite-entreprise\/"},{"@type":"ListItem","position":4,"name":"Courtage en douane pour petites entreprises"}]},{"@type":"WebSite","@id":"https:\/\/www.livingstonintl.com\/fr\/#website","url":"https:\/\/www.livingstonintl.com\/fr\/","name":"Livingston International","description":"Simplify Trade","publisher":{"@id":"https:\/\/www.livingstonintl.com\/fr\/#organization"},"potentialAction":[{"@type":"SearchAction","target":{"@type":"EntryPoint","urlTemplate":"https:\/\/www.livingstonintl.com\/fr\/?s={search_term_string}"},"query-input":{"@type":"PropertyValueSpecification","valueRequired":true,"valueName":"search_term_string"}}],"inLanguage":"fr-FR"},{"@type":"Organization","@id":"https:\/\/www.livingstonintl.com\/fr\/#organization","name":"Livingston International","url":"https:\/\/www.livingstonintl.com\/fr\/","logo":{"@type":"ImageObject","inLanguage":"fr-FR","@id":"https:\/\/www.livingstonintl.com\/fr\/#\/schema\/logo\/image\/","url":"https:\/\/cdn.livingstonintl.com\/livingston-content\/uploads\/2022\/09\/12163235\/2022-livingston-fb.jpg","contentUrl":"https:\/\/cdn.livingstonintl.com\/livingston-content\/uploads\/2022\/09\/12163235\/2022-livingston-fb.jpg","width":1200,"height":630,"caption":"Livingston International"},"image":{"@id":"https:\/\/www.livingstonintl.com\/fr\/#\/schema\/logo\/image\/"},"sameAs":["https:\/\/www.facebook.com\/livingstoninternational","https:\/\/x.com\/livingston_intl","https:\/\/linkedin.com\/company\/livingston-international"]}]}},"_links":{"self":[{"href":"https:\/\/wp.livingstonintl.com\/fr\/wp-json\/wp\/v2\/pages\/218","targetHints":{"allow":["GET"]}}],"collection":[{"href":"https:\/\/wp.livingstonintl.com\/fr\/wp-json\/wp\/v2\/pages"}],"about":[{"href":"https:\/\/wp.livingstonintl.com\/fr\/wp-json\/wp\/v2\/types\/page"}],"author":[{"embeddable":true,"href":"https:\/\/wp.livingstonintl.com\/fr\/wp-json\/wp\/v2\/users\/32"}],"replies":[{"embeddable":true,"href":"https:\/\/wp.livingstonintl.com\/fr\/wp-json\/wp\/v2\/comments?post=218"}],"version-history":[{"count":0,"href":"https:\/\/wp.livingstonintl.com\/fr\/wp-json\/wp\/v2\/pages\/218\/revisions"}],"up":[{"embeddable":true,"href":"https:\/\/wp.livingstonintl.com\/fr\/wp-json\/wp\/v2\/pages\/185"}],"wp:attachment":[{"href":"https:\/\/wp.livingstonintl.com\/fr\/wp-json\/wp\/v2\/media?parent=218"}],"curies":[{"name":"wp","href":"https:\/\/api.w.org\/{rel}","templated":true}]}}