{"id":27833,"date":"2015-10-02T09:23:58","date_gmt":"2015-10-02T13:23:58","guid":{"rendered":"\/fr\/?page_id=27833"},"modified":"2023-08-15T15:29:10","modified_gmt":"2023-08-15T19:29:10","slug":"gcra-gestion-des-cotisations-et-des-recettes-de-lasfc","status":"publish","type":"page","link":"https:\/\/www.livingstonintl.com\/fr\/gcra-gestion-des-cotisations-et-des-recettes-de-lasfc\/","title":{"rendered":"GCRA &#124; Gestion des cotisations et des recettes de l&#039;ASFC"},"content":{"rendered":"<p>La GCRA est un projet de plusieurs ann\u00e9es dont la premi\u00e8re phase, le Grand livre des comptes clients (GLCC), d\u00e9butera le 25 janvier 2016. L\u2019ASFC veut am\u00e9liorer la prestation des services en simplifiant les processus et en multipliant les possibilit\u00e9s d&rsquo;\u00e9changes \u00e9lectroniques pour le secteur commercial.<\/p>\n<p>La GCRA sera mise en \u0153uvre progressivement d&rsquo;ici 2020.<\/p>\n<p>Le GLCC change la pr\u00e9sentation des documents comptables des importateurs.<\/p>\n<h2>Quels sont les changements ?<\/h2>\n<p>Le GLCC remplacera les syst\u00e8mes actuels de gestion des recettes et esp\u00e8ces. L\u2019ASFC remplacera le relev\u00e9 K84 par un relev\u00e9 de compte (RC) pour les importateurs et les fournisseurs de services externes. Alors que le relev\u00e9 K84 \u00e9tait bas\u00e9 sur le num\u00e9ro de compte-garantie du courtier ou de l\u2019importateur, le relev\u00e9 de compte figurera au niveau du num\u00e9ro d\u2019entreprise (NE). Pour les importateurs, le NE est not\u00e9 au niveau du BN15, qui comprend la terminaison de num\u00e9ro RM.<\/p>\n<p>On fournira des avis quotidiens (AQ) comprenant les d\u00e9tails des transactions; le relev\u00e9 de compte contient un sommaire des droits et taxes figurant dans les avis quotidiens.<\/p>\n<p>Le relev\u00e9 de compte contient une section \u00ab Autres \u00bb o\u00f9 figureront les types de documents autres que les B3. Ces autres types de documents ne sont pas compris dans l\u2019obligation g\u00e9n\u00e9rale mensuelle envers le Receveur g\u00e9n\u00e9ral; la date d\u2019\u00e9ch\u00e9ance de leur paiement est indiqu\u00e9e.<\/p>\n<h2>Gestion des options de paiement<\/h2>\n<p>Les paiements peuvent \u00eatre r\u00e9gl\u00e9s par ch\u00e8que, transfert bancaire ou virement \u00e9lectronique. Dans le nouvel environnement, les importateurs peuvent remettre leurs paiements directement \u00e0 l\u2019ASFC.<\/p>\n<p>Les importateurs qui ont leur propre compte-garantie peuvent recevoir leurs propres avis quotidiens (AQ) et relev\u00e9s de compte (RC) par voie \u00e9lectronique. Dans ce but, l&rsquo;importateur doit remplir une demande de grand livre de comptes clients (GLCC) et la soumettre \u00e0 l\u2019Unit\u00e9 des services techniques aux clients commerciaux (USTCC) de l\u2019ASFC. La demande pr\u00e9cise comment l\u2019importateur pr\u00e9f\u00e8re recevoir ses avis quotidiens et relev\u00e9s de compte \u00e9lectroniques, et donne \u00e0 l\u2019agence l\u2019autorisation d\u2019envoyer le nouveau formulaire. <a href=\"\/livingston-content\/uploads\/2015\/10\/DN-SOA-Application-Form-V3.docx\" target=\"_blank\" rel=\"noopener\">T\u00e9l\u00e9chargez ici le formulaire de demande du GLCC<\/a>. Une fois le formulaire rempli, <a href=\"mailto:TCCU-USTCC@cbsa-asfc.gc.ca\" target=\"_blank\" rel=\"noopener\">cliquez ici pour<\/a> l\u2019envoyer \u00e0 l\u2019ASFC.<\/p>\n<p>Les clients de Livingston peuvent encore d\u00e9cider de faire envoyer leurs relev\u00e9s \u00e0 Livingston qui les g\u00e9rera en leur nom, ou de g\u00e9rer directement les re\u00e7us et paiements.<\/p>\n<h2>Tenez-vous au courant de la GCRA<\/h2>\n<p>Les experts de Livingston en douane et affaires r\u00e9glementaires surveillent attentivement le d\u00e9ploiement et les derni\u00e8res nouvelles des projets GCRA et GLCC. Pour en savoir plus, n\u2019h\u00e9sitez pas \u00e0 communiquer avec nous !<\/p>\n<h5><a href=\"mailto:ARLProject@livingstonintl.com\">\u00c9crivez-nous<\/a><\/h5>\n<p>L\u2019ASFC affiche r\u00e9guli\u00e8rement des nouvelles de la GCRA \u00e0 son site Web.<\/p>\n<h5><a href=\"http:\/\/www.cbsa-asfc.gc.ca\/prog\/carm-gcra\/menu-fra.html\" target=\"_blank\" rel=\"noopener\">Visitez l\u2019ASFC<\/a><\/h5>\n","protected":false},"excerpt":{"rendered":"<p>La GCRA est un projet de plusieurs ann\u00e9es dont la premi\u00e8re phase, le Grand livre des comptes clients (GLCC), d\u00e9butera le 25 janvier 2016. L\u2019ASFC veut am\u00e9liorer la prestation des services en simplifiant les processus et en multipliant les possibilit\u00e9s d&rsquo;\u00e9changes \u00e9lectroniques pour le secteur commercial. La GCRA sera mise en \u0153uvre progressivement d&rsquo;ici 2020.<a class=\"excerpt-read-more\" href=\"https:\/\/www.livingstonintl.com\/fr\/gcra-gestion-des-cotisations-et-des-recettes-de-lasfc\/\" title=\"ReadGCRA &#124; Gestion des cotisations et des recettes de l&#039;ASFC\">&#8230; Read more &raquo;<\/a><\/p>\n","protected":false},"author":32,"featured_media":0,"parent":0,"menu_order":195,"comment_status":"closed","ping_status":"closed","template":"","meta":{"_acf_changed":false,"footnotes":""},"class_list":["post-27833","page","type-page","status-publish","hentry"],"acf":[],"yoast_head":"<!-- This site is optimized with the Yoast SEO plugin v27.2 - https:\/\/yoast.com\/product\/yoast-seo-wordpress\/ -->\n<title>GCRA &#124; Gestion des cotisations et des recettes de l&#039;ASFC - Livingston International<\/title>\n<meta name=\"robots\" content=\"index, follow, max-snippet:-1, max-image-preview:large, max-video-preview:-1\" \/>\n<link rel=\"canonical\" href=\"https:\/\/www.livingstonintl.com\/fr\/gcra-gestion-des-cotisations-et-des-recettes-de-lasfc\/\" \/>\n<meta property=\"og:locale\" content=\"fr_FR\" \/>\n<meta property=\"og:type\" content=\"article\" \/>\n<meta property=\"og:title\" content=\"GCRA &#124; Gestion des cotisations et des recettes de l&#039;ASFC - Livingston International\" \/>\n<meta property=\"og:description\" content=\"La GCRA est un projet de plusieurs ann\u00e9es dont la premi\u00e8re phase, le Grand livre des comptes clients (GLCC), d\u00e9butera le 25 janvier 2016. L\u2019ASFC veut am\u00e9liorer la prestation des services en simplifiant les processus et en multipliant les possibilit\u00e9s d&rsquo;\u00e9changes \u00e9lectroniques pour le secteur commercial. La GCRA sera mise en \u0153uvre progressivement d&rsquo;ici 2020.... Read more &raquo;\" \/>\n<meta property=\"og:url\" content=\"https:\/\/www.livingstonintl.com\/fr\/gcra-gestion-des-cotisations-et-des-recettes-de-lasfc\/\" \/>\n<meta property=\"og:site_name\" content=\"Livingston International\" \/>\n<meta property=\"article:publisher\" content=\"https:\/\/www.facebook.com\/livingstoninternational\" \/>\n<meta property=\"article:modified_time\" content=\"2023-08-15T19:29:10+00:00\" \/>\n<meta property=\"og:image\" content=\"https:\/\/cdn.livingstonintl.com\/livingston-content\/uploads\/2022\/09\/12163235\/2022-livingston-fb.jpg\" \/>\n\t<meta property=\"og:image:width\" content=\"1200\" \/>\n\t<meta property=\"og:image:height\" content=\"630\" \/>\n\t<meta property=\"og:image:type\" content=\"image\/jpeg\" \/>\n<meta name=\"twitter:label1\" content=\"Dur\u00e9e de lecture estim\u00e9e\" \/>\n\t<meta name=\"twitter:data1\" content=\"2 minutes\" \/>\n<script type=\"application\/ld+json\" class=\"yoast-schema-graph\">{\"@context\":\"https:\/\/schema.org\",\"@graph\":[{\"@type\":\"WebPage\",\"@id\":\"https:\/\/www.livingstonintl.com\/fr\/gcra-gestion-des-cotisations-et-des-recettes-de-lasfc\/\",\"url\":\"https:\/\/www.livingstonintl.com\/fr\/gcra-gestion-des-cotisations-et-des-recettes-de-lasfc\/\",\"name\":\"GCRA &#124; Gestion des cotisations et des recettes de l&#039;ASFC - Livingston International\",\"isPartOf\":{\"@id\":\"https:\/\/www.livingstonintl.com\/fr\/#website\"},\"datePublished\":\"2015-10-02T13:23:58+00:00\",\"dateModified\":\"2023-08-15T19:29:10+00:00\",\"breadcrumb\":{\"@id\":\"https:\/\/www.livingstonintl.com\/fr\/gcra-gestion-des-cotisations-et-des-recettes-de-lasfc\/#breadcrumb\"},\"inLanguage\":\"fr-FR\",\"potentialAction\":[{\"@type\":\"ReadAction\",\"target\":[\"https:\/\/www.livingstonintl.com\/fr\/gcra-gestion-des-cotisations-et-des-recettes-de-lasfc\/\"]}]},{\"@type\":\"BreadcrumbList\",\"@id\":\"https:\/\/www.livingstonintl.com\/fr\/gcra-gestion-des-cotisations-et-des-recettes-de-lasfc\/#breadcrumb\",\"itemListElement\":[{\"@type\":\"ListItem\",\"position\":1,\"name\":\"Accueil\",\"item\":\"https:\/\/www.livingstonintl.com\/fr\/\"},{\"@type\":\"ListItem\",\"position\":2,\"name\":\"GCRA &#124; Gestion des cotisations et des recettes de l&#039;ASFC\"}]},{\"@type\":\"WebSite\",\"@id\":\"https:\/\/www.livingstonintl.com\/fr\/#website\",\"url\":\"https:\/\/www.livingstonintl.com\/fr\/\",\"name\":\"Livingston International\",\"description\":\"Simplify Trade\",\"publisher\":{\"@id\":\"https:\/\/www.livingstonintl.com\/fr\/#organization\"},\"potentialAction\":[{\"@type\":\"SearchAction\",\"target\":{\"@type\":\"EntryPoint\",\"urlTemplate\":\"https:\/\/www.livingstonintl.com\/fr\/?s={search_term_string}\"},\"query-input\":{\"@type\":\"PropertyValueSpecification\",\"valueRequired\":true,\"valueName\":\"search_term_string\"}}],\"inLanguage\":\"fr-FR\"},{\"@type\":\"Organization\",\"@id\":\"https:\/\/www.livingstonintl.com\/fr\/#organization\",\"name\":\"Livingston International\",\"url\":\"https:\/\/www.livingstonintl.com\/fr\/\",\"logo\":{\"@type\":\"ImageObject\",\"inLanguage\":\"fr-FR\",\"@id\":\"https:\/\/www.livingstonintl.com\/fr\/#\/schema\/logo\/image\/\",\"url\":\"https:\/\/cdn.livingstonintl.com\/livingston-content\/uploads\/2022\/09\/12163235\/2022-livingston-fb.jpg\",\"contentUrl\":\"https:\/\/cdn.livingstonintl.com\/livingston-content\/uploads\/2022\/09\/12163235\/2022-livingston-fb.jpg\",\"width\":1200,\"height\":630,\"caption\":\"Livingston International\"},\"image\":{\"@id\":\"https:\/\/www.livingstonintl.com\/fr\/#\/schema\/logo\/image\/\"},\"sameAs\":[\"https:\/\/www.facebook.com\/livingstoninternational\",\"https:\/\/x.com\/livingston_intl\",\"https:\/\/linkedin.com\/company\/livingston-international\"]}]}<\/script>\n<!-- \/ Yoast SEO plugin. -->","yoast_head_json":{"title":"GCRA &#124; Gestion des cotisations et des recettes de l&#039;ASFC - Livingston International","robots":{"index":"index","follow":"follow","max-snippet":"max-snippet:-1","max-image-preview":"max-image-preview:large","max-video-preview":"max-video-preview:-1"},"canonical":"https:\/\/www.livingstonintl.com\/fr\/gcra-gestion-des-cotisations-et-des-recettes-de-lasfc\/","og_locale":"fr_FR","og_type":"article","og_title":"GCRA &#124; Gestion des cotisations et des recettes de l&#039;ASFC - Livingston International","og_description":"La GCRA est un projet de plusieurs ann\u00e9es dont la premi\u00e8re phase, le Grand livre des comptes clients (GLCC), d\u00e9butera le 25 janvier 2016. L\u2019ASFC veut am\u00e9liorer la prestation des services en simplifiant les processus et en multipliant les possibilit\u00e9s d&rsquo;\u00e9changes \u00e9lectroniques pour le secteur commercial. La GCRA sera mise en \u0153uvre progressivement d&rsquo;ici 2020.... Read more &raquo;","og_url":"https:\/\/www.livingstonintl.com\/fr\/gcra-gestion-des-cotisations-et-des-recettes-de-lasfc\/","og_site_name":"Livingston International","article_publisher":"https:\/\/www.facebook.com\/livingstoninternational","article_modified_time":"2023-08-15T19:29:10+00:00","og_image":[{"width":1200,"height":630,"url":"https:\/\/cdn.livingstonintl.com\/livingston-content\/uploads\/2022\/09\/12163235\/2022-livingston-fb.jpg","type":"image\/jpeg"}],"twitter_misc":{"Dur\u00e9e de lecture estim\u00e9e":"2 minutes"},"schema":{"@context":"https:\/\/schema.org","@graph":[{"@type":"WebPage","@id":"https:\/\/www.livingstonintl.com\/fr\/gcra-gestion-des-cotisations-et-des-recettes-de-lasfc\/","url":"https:\/\/www.livingstonintl.com\/fr\/gcra-gestion-des-cotisations-et-des-recettes-de-lasfc\/","name":"GCRA &#124; Gestion des cotisations et des recettes de l&#039;ASFC - Livingston International","isPartOf":{"@id":"https:\/\/www.livingstonintl.com\/fr\/#website"},"datePublished":"2015-10-02T13:23:58+00:00","dateModified":"2023-08-15T19:29:10+00:00","breadcrumb":{"@id":"https:\/\/www.livingstonintl.com\/fr\/gcra-gestion-des-cotisations-et-des-recettes-de-lasfc\/#breadcrumb"},"inLanguage":"fr-FR","potentialAction":[{"@type":"ReadAction","target":["https:\/\/www.livingstonintl.com\/fr\/gcra-gestion-des-cotisations-et-des-recettes-de-lasfc\/"]}]},{"@type":"BreadcrumbList","@id":"https:\/\/www.livingstonintl.com\/fr\/gcra-gestion-des-cotisations-et-des-recettes-de-lasfc\/#breadcrumb","itemListElement":[{"@type":"ListItem","position":1,"name":"Accueil","item":"https:\/\/www.livingstonintl.com\/fr\/"},{"@type":"ListItem","position":2,"name":"GCRA &#124; Gestion des cotisations et des recettes de l&#039;ASFC"}]},{"@type":"WebSite","@id":"https:\/\/www.livingstonintl.com\/fr\/#website","url":"https:\/\/www.livingstonintl.com\/fr\/","name":"Livingston International","description":"Simplify Trade","publisher":{"@id":"https:\/\/www.livingstonintl.com\/fr\/#organization"},"potentialAction":[{"@type":"SearchAction","target":{"@type":"EntryPoint","urlTemplate":"https:\/\/www.livingstonintl.com\/fr\/?s={search_term_string}"},"query-input":{"@type":"PropertyValueSpecification","valueRequired":true,"valueName":"search_term_string"}}],"inLanguage":"fr-FR"},{"@type":"Organization","@id":"https:\/\/www.livingstonintl.com\/fr\/#organization","name":"Livingston International","url":"https:\/\/www.livingstonintl.com\/fr\/","logo":{"@type":"ImageObject","inLanguage":"fr-FR","@id":"https:\/\/www.livingstonintl.com\/fr\/#\/schema\/logo\/image\/","url":"https:\/\/cdn.livingstonintl.com\/livingston-content\/uploads\/2022\/09\/12163235\/2022-livingston-fb.jpg","contentUrl":"https:\/\/cdn.livingstonintl.com\/livingston-content\/uploads\/2022\/09\/12163235\/2022-livingston-fb.jpg","width":1200,"height":630,"caption":"Livingston International"},"image":{"@id":"https:\/\/www.livingstonintl.com\/fr\/#\/schema\/logo\/image\/"},"sameAs":["https:\/\/www.facebook.com\/livingstoninternational","https:\/\/x.com\/livingston_intl","https:\/\/linkedin.com\/company\/livingston-international"]}]}},"_links":{"self":[{"href":"https:\/\/wp.livingstonintl.com\/fr\/wp-json\/wp\/v2\/pages\/27833","targetHints":{"allow":["GET"]}}],"collection":[{"href":"https:\/\/wp.livingstonintl.com\/fr\/wp-json\/wp\/v2\/pages"}],"about":[{"href":"https:\/\/wp.livingstonintl.com\/fr\/wp-json\/wp\/v2\/types\/page"}],"author":[{"embeddable":true,"href":"https:\/\/wp.livingstonintl.com\/fr\/wp-json\/wp\/v2\/users\/32"}],"replies":[{"embeddable":true,"href":"https:\/\/wp.livingstonintl.com\/fr\/wp-json\/wp\/v2\/comments?post=27833"}],"version-history":[{"count":1,"href":"https:\/\/wp.livingstonintl.com\/fr\/wp-json\/wp\/v2\/pages\/27833\/revisions"}],"predecessor-version":[{"id":58905,"href":"https:\/\/wp.livingstonintl.com\/fr\/wp-json\/wp\/v2\/pages\/27833\/revisions\/58905"}],"wp:attachment":[{"href":"https:\/\/wp.livingstonintl.com\/fr\/wp-json\/wp\/v2\/media?parent=27833"}],"curies":[{"name":"wp","href":"https:\/\/api.w.org\/{rel}","templated":true}]}}