{"id":28253,"date":"2015-10-23T13:34:10","date_gmt":"2015-10-23T17:34:10","guid":{"rendered":"\/fr\/?page_id=28253"},"modified":"2015-10-23T13:34:10","modified_gmt":"2015-10-23T17:34:10","slug":"gestion-des-exigences-aphis-ace","status":"publish","type":"page","link":"https:\/\/www.livingstonintl.com\/fr\/gestion-des-exigences-aphis-ace\/","title":{"rendered":"GESTION DES EXIGENCES APHIS ACE"},"content":{"rendered":"<p>La transmission \u00e9lectronique des donn\u00e9es d\u2019importation par l\u2019interm\u00e9diaire de l\u2019ACE (Automated Commercial Environment) deviendra obligatoire \u00e0 partir du 28 f\u00e9vrier 2016. L\u2019APHIS (Animal and Plant Health Inspection Service) est l\u2019une des trois agences gouvernementales participantes dont les exigences de transmission par voie \u00e9lectronique entreront en vigueur en m\u00eame temps. Si vous importez des produits APHIS r\u00e9glement\u00e9s par la loi Lacey Act, vous devrez peut-\u00eatre mettre \u00e0 jour vos processus d\u2019importation.<br \/>\n[one_half_first]<\/p>\n<h4>Transmission des donn\u00e9es APHIS avant l\u2019ACE<\/h4>\n<p>Les importateurs peuvent fournir \u00e0 leur courtier en douane leurs donn\u00e9es de transmission APHIS, par exemple des formulaires ou d\u2019autres documents, ou ils peuvent envoyer leurs donn\u00e9es \u00e0 l\u2019APHIS par la poste, avec le formulaire PPQ505. Le nom des composants, la quantit\u00e9, l\u2019unit\u00e9 de mesure et d\u2019autres \u00e9l\u00e9ments de donn\u00e9es sont obligatoires.<br \/>\n[\/one_half_first][one_half_last]<\/p>\n<h4>Nouveaut\u00e9s lors de l\u2019entr\u00e9e en vigueur de l\u2019ACE<\/h4>\n<p>En f\u00e9vrier prochain, les donn\u00e9es devront \u00eatre transmises par l\u2019ACE, m\u00eame si l\u2019APHIS continuera \u00e0 utiliser le Lacey Act Web Governance System (LAWGS) et certains formulaires sur papier. En plus des \u00e9l\u00e9ments de donn\u00e9es habituels, il faudra \u00e9galement transmettre le nom du contact et l\u2019adresse pour les importations, ainsi que la date.[\/one_half_last][one_half_first]<\/p>\n<h4>Autres \u00e9l\u00e9ments de donn\u00e9es <\/h4>\n<p>Certaines marchandises pourraient n\u00e9cessiter d\u2019autres licences ou formulaires (comme c\u2019est le cas aujourd\u2019hui). Lorsqu\u2019il y a lieu, votre courtier en douane devra d\u00e9clarer des donn\u00e9es suppl\u00e9mentaires telles que le code de type, le type et le type de date.[\/one_half_first][one_half_last]<\/p>\n<h4>Commencez \u00e0 vous pr\u00e9parer maintenant <\/h4>\n<p>Pour vous pr\u00e9parer \u00e0 l\u2019ACE, commencez d\u00e8s maintenant \u00e0 passer en revue la base de donn\u00e9es de vos produits pour savoir quelles exigences, s\u2019il y a lieu, vous toucheront et ce que vous devez faire pour assurer votre conformit\u00e9 r\u00e9glementaire lors de l\u2019entr\u00e9e en vigueur de l\u2019ACE.[\/one_half_last]<\/p>\n<h3>Livingston est pr\u00eat pour l\u2019ACE <\/h3>\n<p>Livingston s\u2019engage \u00e0 offrir une int\u00e9gration ACE sans accroc \u00e0 ses clients actuels. Nous sommes pr\u00eats \u00e0 soutenir les nouveaux clients et leurs besoins pour l\u2019ACE, y compris les exigences de l\u2019APHIS et des autres agences gouvernementales participantes.<\/p>\n<p>Nous transmettrons des sommaires de d\u00e9claration ACE et des donn\u00e9es de d\u00e9douanement pour toutes les d\u00e9clarations admissibles et obligatoires avant la ou les dates applicables stipul\u00e9es par le CBP. Tous nos syst\u00e8mes seront pr\u00eats pour l\u2019ACE avant la date obligatoire pour les sommaires de d\u00e9claration, les donn\u00e9es de d\u00e9douanement et les exigences des agences gouvernementales participantes.<\/p>\n","protected":false},"excerpt":{"rendered":"<p>La transmission \u00e9lectronique des donn\u00e9es d\u2019importation par l\u2019interm\u00e9diaire de l\u2019ACE (Automated Commercial Environment) deviendra obligatoire \u00e0 partir du 28 f\u00e9vrier 2016. L\u2019APHIS (Animal and Plant Health Inspection Service) est l\u2019une des trois agences gouvernementales participantes dont les exigences de transmission par voie \u00e9lectronique entreront en vigueur en m\u00eame temps. Si vous importez des produits APHIS<a class=\"excerpt-read-more\" href=\"https:\/\/www.livingstonintl.com\/fr\/gestion-des-exigences-aphis-ace\/\" title=\"ReadGESTION DES EXIGENCES APHIS ACE\">&#8230; Read more &raquo;<\/a><\/p>\n","protected":false},"author":32,"featured_media":0,"parent":0,"menu_order":427,"comment_status":"closed","ping_status":"closed","template":"page-LP-2015.php","meta":{"_acf_changed":false,"footnotes":""},"class_list":["post-28253","page","type-page","status-publish","hentry"],"acf":[],"yoast_head":"<!-- This site is optimized with the Yoast SEO plugin v27.2 - https:\/\/yoast.com\/product\/yoast-seo-wordpress\/ -->\n<title>GESTION DES EXIGENCES APHIS ACE - Livingston International<\/title>\n<meta name=\"robots\" content=\"index, follow, max-snippet:-1, max-image-preview:large, max-video-preview:-1\" \/>\n<link rel=\"canonical\" href=\"https:\/\/www.livingstonintl.com\/fr\/gestion-des-exigences-aphis-ace\/\" \/>\n<meta property=\"og:locale\" content=\"fr_FR\" \/>\n<meta property=\"og:type\" content=\"article\" \/>\n<meta property=\"og:title\" content=\"GESTION DES EXIGENCES APHIS ACE - Livingston International\" \/>\n<meta property=\"og:description\" content=\"La transmission \u00e9lectronique des donn\u00e9es d\u2019importation par l\u2019interm\u00e9diaire de l\u2019ACE (Automated Commercial Environment) deviendra obligatoire \u00e0 partir du 28 f\u00e9vrier 2016. L\u2019APHIS (Animal and Plant Health Inspection Service) est l\u2019une des trois agences gouvernementales participantes dont les exigences de transmission par voie \u00e9lectronique entreront en vigueur en m\u00eame temps. Si vous importez des produits APHIS... Read more &raquo;\" \/>\n<meta property=\"og:url\" content=\"https:\/\/www.livingstonintl.com\/fr\/gestion-des-exigences-aphis-ace\/\" \/>\n<meta property=\"og:site_name\" content=\"Livingston International\" \/>\n<meta property=\"article:publisher\" content=\"https:\/\/www.facebook.com\/livingstoninternational\" \/>\n<meta property=\"og:image\" content=\"https:\/\/cdn.livingstonintl.com\/livingston-content\/uploads\/2022\/09\/12163235\/2022-livingston-fb.jpg\" \/>\n\t<meta property=\"og:image:width\" content=\"1200\" \/>\n\t<meta property=\"og:image:height\" content=\"630\" \/>\n\t<meta property=\"og:image:type\" content=\"image\/jpeg\" \/>\n<meta name=\"twitter:label1\" content=\"Dur\u00e9e de lecture estim\u00e9e\" \/>\n\t<meta name=\"twitter:data1\" content=\"2 minutes\" \/>\n<script type=\"application\/ld+json\" class=\"yoast-schema-graph\">{\"@context\":\"https:\/\/schema.org\",\"@graph\":[{\"@type\":\"WebPage\",\"@id\":\"https:\/\/www.livingstonintl.com\/fr\/gestion-des-exigences-aphis-ace\/\",\"url\":\"https:\/\/www.livingstonintl.com\/fr\/gestion-des-exigences-aphis-ace\/\",\"name\":\"GESTION DES EXIGENCES APHIS ACE - Livingston International\",\"isPartOf\":{\"@id\":\"https:\/\/www.livingstonintl.com\/fr\/#website\"},\"datePublished\":\"2015-10-23T17:34:10+00:00\",\"breadcrumb\":{\"@id\":\"https:\/\/www.livingstonintl.com\/fr\/gestion-des-exigences-aphis-ace\/#breadcrumb\"},\"inLanguage\":\"fr-FR\",\"potentialAction\":[{\"@type\":\"ReadAction\",\"target\":[\"https:\/\/www.livingstonintl.com\/fr\/gestion-des-exigences-aphis-ace\/\"]}]},{\"@type\":\"BreadcrumbList\",\"@id\":\"https:\/\/www.livingstonintl.com\/fr\/gestion-des-exigences-aphis-ace\/#breadcrumb\",\"itemListElement\":[{\"@type\":\"ListItem\",\"position\":1,\"name\":\"Accueil\",\"item\":\"https:\/\/www.livingstonintl.com\/fr\/\"},{\"@type\":\"ListItem\",\"position\":2,\"name\":\"GESTION DES EXIGENCES APHIS ACE\"}]},{\"@type\":\"WebSite\",\"@id\":\"https:\/\/www.livingstonintl.com\/fr\/#website\",\"url\":\"https:\/\/www.livingstonintl.com\/fr\/\",\"name\":\"Livingston International\",\"description\":\"Simplify Trade\",\"publisher\":{\"@id\":\"https:\/\/www.livingstonintl.com\/fr\/#organization\"},\"potentialAction\":[{\"@type\":\"SearchAction\",\"target\":{\"@type\":\"EntryPoint\",\"urlTemplate\":\"https:\/\/www.livingstonintl.com\/fr\/?s={search_term_string}\"},\"query-input\":{\"@type\":\"PropertyValueSpecification\",\"valueRequired\":true,\"valueName\":\"search_term_string\"}}],\"inLanguage\":\"fr-FR\"},{\"@type\":\"Organization\",\"@id\":\"https:\/\/www.livingstonintl.com\/fr\/#organization\",\"name\":\"Livingston International\",\"url\":\"https:\/\/www.livingstonintl.com\/fr\/\",\"logo\":{\"@type\":\"ImageObject\",\"inLanguage\":\"fr-FR\",\"@id\":\"https:\/\/www.livingstonintl.com\/fr\/#\/schema\/logo\/image\/\",\"url\":\"https:\/\/cdn.livingstonintl.com\/livingston-content\/uploads\/2022\/09\/12163235\/2022-livingston-fb.jpg\",\"contentUrl\":\"https:\/\/cdn.livingstonintl.com\/livingston-content\/uploads\/2022\/09\/12163235\/2022-livingston-fb.jpg\",\"width\":1200,\"height\":630,\"caption\":\"Livingston International\"},\"image\":{\"@id\":\"https:\/\/www.livingstonintl.com\/fr\/#\/schema\/logo\/image\/\"},\"sameAs\":[\"https:\/\/www.facebook.com\/livingstoninternational\",\"https:\/\/x.com\/livingston_intl\",\"https:\/\/linkedin.com\/company\/livingston-international\"]}]}<\/script>\n<!-- \/ Yoast SEO plugin. -->","yoast_head_json":{"title":"GESTION DES EXIGENCES APHIS ACE - Livingston International","robots":{"index":"index","follow":"follow","max-snippet":"max-snippet:-1","max-image-preview":"max-image-preview:large","max-video-preview":"max-video-preview:-1"},"canonical":"https:\/\/www.livingstonintl.com\/fr\/gestion-des-exigences-aphis-ace\/","og_locale":"fr_FR","og_type":"article","og_title":"GESTION DES EXIGENCES APHIS ACE - Livingston International","og_description":"La transmission \u00e9lectronique des donn\u00e9es d\u2019importation par l\u2019interm\u00e9diaire de l\u2019ACE (Automated Commercial Environment) deviendra obligatoire \u00e0 partir du 28 f\u00e9vrier 2016. L\u2019APHIS (Animal and Plant Health Inspection Service) est l\u2019une des trois agences gouvernementales participantes dont les exigences de transmission par voie \u00e9lectronique entreront en vigueur en m\u00eame temps. Si vous importez des produits APHIS... Read more &raquo;","og_url":"https:\/\/www.livingstonintl.com\/fr\/gestion-des-exigences-aphis-ace\/","og_site_name":"Livingston International","article_publisher":"https:\/\/www.facebook.com\/livingstoninternational","og_image":[{"width":1200,"height":630,"url":"https:\/\/cdn.livingstonintl.com\/livingston-content\/uploads\/2022\/09\/12163235\/2022-livingston-fb.jpg","type":"image\/jpeg"}],"twitter_misc":{"Dur\u00e9e de lecture estim\u00e9e":"2 minutes"},"schema":{"@context":"https:\/\/schema.org","@graph":[{"@type":"WebPage","@id":"https:\/\/www.livingstonintl.com\/fr\/gestion-des-exigences-aphis-ace\/","url":"https:\/\/www.livingstonintl.com\/fr\/gestion-des-exigences-aphis-ace\/","name":"GESTION DES EXIGENCES APHIS ACE - Livingston International","isPartOf":{"@id":"https:\/\/www.livingstonintl.com\/fr\/#website"},"datePublished":"2015-10-23T17:34:10+00:00","breadcrumb":{"@id":"https:\/\/www.livingstonintl.com\/fr\/gestion-des-exigences-aphis-ace\/#breadcrumb"},"inLanguage":"fr-FR","potentialAction":[{"@type":"ReadAction","target":["https:\/\/www.livingstonintl.com\/fr\/gestion-des-exigences-aphis-ace\/"]}]},{"@type":"BreadcrumbList","@id":"https:\/\/www.livingstonintl.com\/fr\/gestion-des-exigences-aphis-ace\/#breadcrumb","itemListElement":[{"@type":"ListItem","position":1,"name":"Accueil","item":"https:\/\/www.livingstonintl.com\/fr\/"},{"@type":"ListItem","position":2,"name":"GESTION DES EXIGENCES APHIS ACE"}]},{"@type":"WebSite","@id":"https:\/\/www.livingstonintl.com\/fr\/#website","url":"https:\/\/www.livingstonintl.com\/fr\/","name":"Livingston International","description":"Simplify Trade","publisher":{"@id":"https:\/\/www.livingstonintl.com\/fr\/#organization"},"potentialAction":[{"@type":"SearchAction","target":{"@type":"EntryPoint","urlTemplate":"https:\/\/www.livingstonintl.com\/fr\/?s={search_term_string}"},"query-input":{"@type":"PropertyValueSpecification","valueRequired":true,"valueName":"search_term_string"}}],"inLanguage":"fr-FR"},{"@type":"Organization","@id":"https:\/\/www.livingstonintl.com\/fr\/#organization","name":"Livingston International","url":"https:\/\/www.livingstonintl.com\/fr\/","logo":{"@type":"ImageObject","inLanguage":"fr-FR","@id":"https:\/\/www.livingstonintl.com\/fr\/#\/schema\/logo\/image\/","url":"https:\/\/cdn.livingstonintl.com\/livingston-content\/uploads\/2022\/09\/12163235\/2022-livingston-fb.jpg","contentUrl":"https:\/\/cdn.livingstonintl.com\/livingston-content\/uploads\/2022\/09\/12163235\/2022-livingston-fb.jpg","width":1200,"height":630,"caption":"Livingston International"},"image":{"@id":"https:\/\/www.livingstonintl.com\/fr\/#\/schema\/logo\/image\/"},"sameAs":["https:\/\/www.facebook.com\/livingstoninternational","https:\/\/x.com\/livingston_intl","https:\/\/linkedin.com\/company\/livingston-international"]}]}},"_links":{"self":[{"href":"https:\/\/wp.livingstonintl.com\/fr\/wp-json\/wp\/v2\/pages\/28253","targetHints":{"allow":["GET"]}}],"collection":[{"href":"https:\/\/wp.livingstonintl.com\/fr\/wp-json\/wp\/v2\/pages"}],"about":[{"href":"https:\/\/wp.livingstonintl.com\/fr\/wp-json\/wp\/v2\/types\/page"}],"author":[{"embeddable":true,"href":"https:\/\/wp.livingstonintl.com\/fr\/wp-json\/wp\/v2\/users\/32"}],"replies":[{"embeddable":true,"href":"https:\/\/wp.livingstonintl.com\/fr\/wp-json\/wp\/v2\/comments?post=28253"}],"version-history":[{"count":0,"href":"https:\/\/wp.livingstonintl.com\/fr\/wp-json\/wp\/v2\/pages\/28253\/revisions"}],"wp:attachment":[{"href":"https:\/\/wp.livingstonintl.com\/fr\/wp-json\/wp\/v2\/media?parent=28253"}],"curies":[{"name":"wp","href":"https:\/\/api.w.org\/{rel}","templated":true}]}}