{"id":28387,"date":"2015-10-09T16:29:24","date_gmt":"2015-10-09T16:29:24","guid":{"rendered":"http:\/\/livingston.gocactus.com\/fr\/?page_id=28387"},"modified":"2015-11-17T22:11:29","modified_gmt":"2015-11-17T22:11:29","slug":"besoins-commerciaux","status":"publish","type":"page","link":"https:\/\/www.livingstonintl.com\/fr\/experience-fr\/besoins-commerciaux\/","title":{"rendered":"Besoins commerciaux"},"content":{"rendered":"<p>La Soci\u00e9t\u00e9 internationale Livingston offre toute une gamme de services de courtage en douane, pour aider les entreprises ayant des besoins commerciaux particuliers en rapport avec les importations et exportations.<\/p>\n<p>Veuillez vous reporter aux sections suivantes pour savoir comment nous adaptons nos services \u00e0 vos besoins commerciaux\u00a0:<\/p>\n<ul>\n<li><a href=\"\/?page_id=28982\">Importation \u00e0 l&rsquo;Am\u00e9rique du Nord<\/a><\/li>\n<li><a href=\"\/?page_id=28412\">Exp\u00e9dition<\/a><\/li>\n<li><a href=\"\/?page_id=28984\">Gestion du processus douanier<\/a><\/li>\n<li><a href=\"\/?page_id=28986\">Gestion de la conformit\u00e9 et des risques<\/a><\/li>\n<li><a href=\"\/?page_id=28990\">Sous-traitance du processus douanier<\/a><\/li>\n<li><a href=\"\/?page_id=28993\">Exportation<\/a><\/li>\n<\/ul>\n<p>&nbsp;<\/p>\n","protected":false},"excerpt":{"rendered":"<p>La Soci\u00e9t\u00e9 internationale Livingston offre toute une gamme de services de courtage en douane, pour aider les entreprises ayant des besoins commerciaux particuliers en rapport avec les importations et exportations. Veuillez vous reporter aux sections suivantes pour savoir comment nous adaptons nos services \u00e0 vos besoins commerciaux\u00a0: Importation \u00e0 l&rsquo;Am\u00e9rique du Nord Exp\u00e9dition Gestion du<a class=\"excerpt-read-more\" href=\"https:\/\/www.livingstonintl.com\/fr\/experience-fr\/besoins-commerciaux\/\" title=\"ReadBesoins commerciaux\">&#8230; Read more &raquo;<\/a><\/p>\n","protected":false},"author":32,"featured_media":0,"parent":72,"menu_order":488,"comment_status":"closed","ping_status":"closed","template":"","meta":{"_acf_changed":false,"footnotes":""},"class_list":["post-28387","page","type-page","status-publish","hentry"],"acf":[],"yoast_head":"<!-- This site is optimized with the Yoast SEO plugin v27.2 - https:\/\/yoast.com\/product\/yoast-seo-wordpress\/ -->\n<title>Besoins commerciaux - Livingston International<\/title>\n<meta name=\"robots\" content=\"index, follow, max-snippet:-1, max-image-preview:large, max-video-preview:-1\" \/>\n<link rel=\"canonical\" href=\"https:\/\/www.livingstonintl.com\/fr\/experience-fr\/besoins-commerciaux\/\" \/>\n<meta property=\"og:locale\" content=\"fr_FR\" \/>\n<meta property=\"og:type\" content=\"article\" \/>\n<meta property=\"og:title\" content=\"Besoins commerciaux - Livingston International\" \/>\n<meta property=\"og:description\" content=\"La Soci\u00e9t\u00e9 internationale Livingston offre toute une gamme de services de courtage en douane, pour aider les entreprises ayant des besoins commerciaux particuliers en rapport avec les importations et exportations. Veuillez vous reporter aux sections suivantes pour savoir comment nous adaptons nos services \u00e0 vos besoins commerciaux\u00a0: Importation \u00e0 l&rsquo;Am\u00e9rique du Nord Exp\u00e9dition Gestion du... Read more &raquo;\" \/>\n<meta property=\"og:url\" content=\"https:\/\/www.livingstonintl.com\/fr\/experience-fr\/besoins-commerciaux\/\" \/>\n<meta property=\"og:site_name\" content=\"Livingston International\" \/>\n<meta property=\"article:publisher\" content=\"https:\/\/www.facebook.com\/livingstoninternational\" \/>\n<meta property=\"article:modified_time\" content=\"2015-11-17T22:11:29+00:00\" \/>\n<meta property=\"og:image\" content=\"https:\/\/cdn.livingstonintl.com\/livingston-content\/uploads\/2022\/09\/12163235\/2022-livingston-fb.jpg\" \/>\n\t<meta property=\"og:image:width\" content=\"1200\" \/>\n\t<meta property=\"og:image:height\" content=\"630\" \/>\n\t<meta property=\"og:image:type\" content=\"image\/jpeg\" \/>\n<script type=\"application\/ld+json\" class=\"yoast-schema-graph\">{\"@context\":\"https:\/\/schema.org\",\"@graph\":[{\"@type\":\"WebPage\",\"@id\":\"https:\/\/www.livingstonintl.com\/fr\/experience-fr\/besoins-commerciaux\/\",\"url\":\"https:\/\/www.livingstonintl.com\/fr\/experience-fr\/besoins-commerciaux\/\",\"name\":\"Besoins commerciaux - Livingston International\",\"isPartOf\":{\"@id\":\"https:\/\/www.livingstonintl.com\/fr\/#website\"},\"datePublished\":\"2015-10-09T16:29:24+00:00\",\"dateModified\":\"2015-11-17T22:11:29+00:00\",\"breadcrumb\":{\"@id\":\"https:\/\/www.livingstonintl.com\/fr\/experience-fr\/besoins-commerciaux\/#breadcrumb\"},\"inLanguage\":\"fr-FR\",\"potentialAction\":[{\"@type\":\"ReadAction\",\"target\":[\"https:\/\/www.livingstonintl.com\/fr\/experience-fr\/besoins-commerciaux\/\"]}]},{\"@type\":\"BreadcrumbList\",\"@id\":\"https:\/\/www.livingstonintl.com\/fr\/experience-fr\/besoins-commerciaux\/#breadcrumb\",\"itemListElement\":[{\"@type\":\"ListItem\",\"position\":1,\"name\":\"Accueil\",\"item\":\"https:\/\/www.livingstonintl.com\/fr\/\"},{\"@type\":\"ListItem\",\"position\":2,\"name\":\"Experience\",\"item\":\"https:\/\/www.livingstonintl.com\/fr\/experience-fr\/\"},{\"@type\":\"ListItem\",\"position\":3,\"name\":\"Besoins commerciaux\"}]},{\"@type\":\"WebSite\",\"@id\":\"https:\/\/www.livingstonintl.com\/fr\/#website\",\"url\":\"https:\/\/www.livingstonintl.com\/fr\/\",\"name\":\"Livingston International\",\"description\":\"Simplify Trade\",\"publisher\":{\"@id\":\"https:\/\/www.livingstonintl.com\/fr\/#organization\"},\"potentialAction\":[{\"@type\":\"SearchAction\",\"target\":{\"@type\":\"EntryPoint\",\"urlTemplate\":\"https:\/\/www.livingstonintl.com\/fr\/?s={search_term_string}\"},\"query-input\":{\"@type\":\"PropertyValueSpecification\",\"valueRequired\":true,\"valueName\":\"search_term_string\"}}],\"inLanguage\":\"fr-FR\"},{\"@type\":\"Organization\",\"@id\":\"https:\/\/www.livingstonintl.com\/fr\/#organization\",\"name\":\"Livingston International\",\"url\":\"https:\/\/www.livingstonintl.com\/fr\/\",\"logo\":{\"@type\":\"ImageObject\",\"inLanguage\":\"fr-FR\",\"@id\":\"https:\/\/www.livingstonintl.com\/fr\/#\/schema\/logo\/image\/\",\"url\":\"https:\/\/cdn.livingstonintl.com\/livingston-content\/uploads\/2022\/09\/12163235\/2022-livingston-fb.jpg\",\"contentUrl\":\"https:\/\/cdn.livingstonintl.com\/livingston-content\/uploads\/2022\/09\/12163235\/2022-livingston-fb.jpg\",\"width\":1200,\"height\":630,\"caption\":\"Livingston International\"},\"image\":{\"@id\":\"https:\/\/www.livingstonintl.com\/fr\/#\/schema\/logo\/image\/\"},\"sameAs\":[\"https:\/\/www.facebook.com\/livingstoninternational\",\"https:\/\/x.com\/livingston_intl\",\"https:\/\/linkedin.com\/company\/livingston-international\"]}]}<\/script>\n<!-- \/ Yoast SEO plugin. -->","yoast_head_json":{"title":"Besoins commerciaux - Livingston International","robots":{"index":"index","follow":"follow","max-snippet":"max-snippet:-1","max-image-preview":"max-image-preview:large","max-video-preview":"max-video-preview:-1"},"canonical":"https:\/\/www.livingstonintl.com\/fr\/experience-fr\/besoins-commerciaux\/","og_locale":"fr_FR","og_type":"article","og_title":"Besoins commerciaux - Livingston International","og_description":"La Soci\u00e9t\u00e9 internationale Livingston offre toute une gamme de services de courtage en douane, pour aider les entreprises ayant des besoins commerciaux particuliers en rapport avec les importations et exportations. Veuillez vous reporter aux sections suivantes pour savoir comment nous adaptons nos services \u00e0 vos besoins commerciaux\u00a0: Importation \u00e0 l&rsquo;Am\u00e9rique du Nord Exp\u00e9dition Gestion du... Read more &raquo;","og_url":"https:\/\/www.livingstonintl.com\/fr\/experience-fr\/besoins-commerciaux\/","og_site_name":"Livingston International","article_publisher":"https:\/\/www.facebook.com\/livingstoninternational","article_modified_time":"2015-11-17T22:11:29+00:00","og_image":[{"width":1200,"height":630,"url":"https:\/\/cdn.livingstonintl.com\/livingston-content\/uploads\/2022\/09\/12163235\/2022-livingston-fb.jpg","type":"image\/jpeg"}],"schema":{"@context":"https:\/\/schema.org","@graph":[{"@type":"WebPage","@id":"https:\/\/www.livingstonintl.com\/fr\/experience-fr\/besoins-commerciaux\/","url":"https:\/\/www.livingstonintl.com\/fr\/experience-fr\/besoins-commerciaux\/","name":"Besoins commerciaux - Livingston International","isPartOf":{"@id":"https:\/\/www.livingstonintl.com\/fr\/#website"},"datePublished":"2015-10-09T16:29:24+00:00","dateModified":"2015-11-17T22:11:29+00:00","breadcrumb":{"@id":"https:\/\/www.livingstonintl.com\/fr\/experience-fr\/besoins-commerciaux\/#breadcrumb"},"inLanguage":"fr-FR","potentialAction":[{"@type":"ReadAction","target":["https:\/\/www.livingstonintl.com\/fr\/experience-fr\/besoins-commerciaux\/"]}]},{"@type":"BreadcrumbList","@id":"https:\/\/www.livingstonintl.com\/fr\/experience-fr\/besoins-commerciaux\/#breadcrumb","itemListElement":[{"@type":"ListItem","position":1,"name":"Accueil","item":"https:\/\/www.livingstonintl.com\/fr\/"},{"@type":"ListItem","position":2,"name":"Experience","item":"https:\/\/www.livingstonintl.com\/fr\/experience-fr\/"},{"@type":"ListItem","position":3,"name":"Besoins commerciaux"}]},{"@type":"WebSite","@id":"https:\/\/www.livingstonintl.com\/fr\/#website","url":"https:\/\/www.livingstonintl.com\/fr\/","name":"Livingston International","description":"Simplify Trade","publisher":{"@id":"https:\/\/www.livingstonintl.com\/fr\/#organization"},"potentialAction":[{"@type":"SearchAction","target":{"@type":"EntryPoint","urlTemplate":"https:\/\/www.livingstonintl.com\/fr\/?s={search_term_string}"},"query-input":{"@type":"PropertyValueSpecification","valueRequired":true,"valueName":"search_term_string"}}],"inLanguage":"fr-FR"},{"@type":"Organization","@id":"https:\/\/www.livingstonintl.com\/fr\/#organization","name":"Livingston International","url":"https:\/\/www.livingstonintl.com\/fr\/","logo":{"@type":"ImageObject","inLanguage":"fr-FR","@id":"https:\/\/www.livingstonintl.com\/fr\/#\/schema\/logo\/image\/","url":"https:\/\/cdn.livingstonintl.com\/livingston-content\/uploads\/2022\/09\/12163235\/2022-livingston-fb.jpg","contentUrl":"https:\/\/cdn.livingstonintl.com\/livingston-content\/uploads\/2022\/09\/12163235\/2022-livingston-fb.jpg","width":1200,"height":630,"caption":"Livingston International"},"image":{"@id":"https:\/\/www.livingstonintl.com\/fr\/#\/schema\/logo\/image\/"},"sameAs":["https:\/\/www.facebook.com\/livingstoninternational","https:\/\/x.com\/livingston_intl","https:\/\/linkedin.com\/company\/livingston-international"]}]}},"_links":{"self":[{"href":"https:\/\/wp.livingstonintl.com\/fr\/wp-json\/wp\/v2\/pages\/28387","targetHints":{"allow":["GET"]}}],"collection":[{"href":"https:\/\/wp.livingstonintl.com\/fr\/wp-json\/wp\/v2\/pages"}],"about":[{"href":"https:\/\/wp.livingstonintl.com\/fr\/wp-json\/wp\/v2\/types\/page"}],"author":[{"embeddable":true,"href":"https:\/\/wp.livingstonintl.com\/fr\/wp-json\/wp\/v2\/users\/32"}],"replies":[{"embeddable":true,"href":"https:\/\/wp.livingstonintl.com\/fr\/wp-json\/wp\/v2\/comments?post=28387"}],"version-history":[{"count":0,"href":"https:\/\/wp.livingstonintl.com\/fr\/wp-json\/wp\/v2\/pages\/28387\/revisions"}],"up":[{"embeddable":true,"href":"https:\/\/wp.livingstonintl.com\/fr\/wp-json\/wp\/v2\/pages\/72"}],"wp:attachment":[{"href":"https:\/\/wp.livingstonintl.com\/fr\/wp-json\/wp\/v2\/media?parent=28387"}],"curies":[{"name":"wp","href":"https:\/\/api.w.org\/{rel}","templated":true}]}}