{"id":28404,"date":"2015-10-09T16:35:56","date_gmt":"2015-10-09T16:35:56","guid":{"rendered":"http:\/\/livingston.gocactus.com\/fr\/?page_id=28404"},"modified":"2015-11-12T20:59:10","modified_gmt":"2015-11-12T20:59:10","slug":"fiche-de-preparation-de-vehicule","status":"publish","type":"page","link":"https:\/\/www.livingstonintl.com\/fr\/services-fr\/transport-de-vehicules\/fiche-de-preparation-de-vehicule\/","title":{"rendered":"Fiche de pr\u00e9paration de v\u00e9hicule"},"content":{"rendered":"<p>Gr\u00e2ce aux sp\u00e9cialistes en v\u00e9hicules de Livingston Fret, vous pouvez \u00eatre certain que votre v\u00e9hicule arrivera exactement dans le m\u00eame \u00e9tat qu\u2019\u00e0 son d\u00e9part. Mais il y a plusieurs conditions que vous devez satisfaire afin de pr\u00e9parer votre v\u00e9hicule pour le transport.<\/p>\n<h3><a title=\"Obtenir un devis\" href=\"\/fr\/obtenir-un-devis\/\">Demander un devis pour le transport de votre v\u00e9hicule<\/a><\/h3>\n<p><strong>Lavage du v\u00e9hicule:<\/strong> Afin d\u2019acc\u00e9l\u00e9rer l\u2019examen du v\u00e9hicule au point de d\u00e9part, veuillez le pr\u00e9senter propre \u00e0 Livingston Fret. Vous acc\u00e9l\u00e9rez ainsi l\u2019inspection de votre v\u00e9hicule et la rendez plus \u00e9quitable avant l\u2019exp\u00e9dition.<\/p>\n<p><strong>Climat:<\/strong> Le v\u00e9hicule doit \u00eatre pr\u00e9par\u00e9 aux conditions climatiques de la destination. Mentionnons entre autres le liquide de refroidissement du moteur, l\u2019huile de bo\u00eete de vitesses et les autres liquides. Livingston Fret d\u00e9cline toute responsabilit\u00e9 concernant les dommages caus\u00e9s par des calamit\u00e9s naturelles.<\/p>\n<p><strong>\u00c9tat m\u00e9canique:<\/strong> Assurez-vous que les pneus sont gonfl\u00e9s \u00e0 la pression recommand\u00e9e, que la batterie est fix\u00e9e et en bon \u00e9tat et que, surtout, le frein de stationnement fonctionne.<\/p>\n<p><strong>Glaces fendill\u00e9es:<\/strong> Livingston Fret d\u00e9cline toute responsabilit\u00e9 concernant les dommages dus \u00e0 un \u00e9tat pr\u00e9existant, entaille, \u00e9raflure, \u00e9clat, fissure ou toute autre imperfection dans les glaces de votre v\u00e9hicule.<\/p>\n<p><strong>Alarmes:<\/strong> Les alarmes doivent \u00eatre d\u00e9sactiv\u00e9es. Veuillez nous faire savoir s\u2019il y a des instructions particuli\u00e8res pour d\u00e9marrer un v\u00e9hicule ou d\u00e9sactiver une alarme ou un dispositif antid\u00e9marrage. Nous ne pouvons \u00eatre tenus responsables d\u2019une batterie d\u00e9charg\u00e9e \u00e0 cause d\u2019une alarme qui n\u2019a pas \u00e9t\u00e9 d\u00e9sactiv\u00e9e.<\/p>\n<p><strong>Niveau de carburant:<\/strong> Durant le transport, la manutention des v\u00e9hicules se fait s\u00e9curitairement sur les camions, les wagons et dans les parcs ferroviaires. Livingston Fret exige que le r\u00e9servoir de carburant de votre v\u00e9hicule soit rempli au moins au quart de fa\u00e7on \u00e0 ne pas retarder le chargement et le d\u00e9chargement de votre v\u00e9hicule.<\/p>\n<p><strong>Cl\u00e9s:<\/strong> Livingston Fret demande qu\u2019un jeu de cl\u00e9s soit fourni avec le v\u00e9hicule.<\/p>\n<p><strong>Antennes:<\/strong> Les antennes doivent \u00eatre baiss\u00e9es ou enlev\u00e9es. Les antennes provisoires, comme celles des t\u00e9l\u00e9phones cellulaires ou des radios bande publique, doivent aussi \u00eatre enlev\u00e9es.<\/p>\n<p><strong>St\u00e9r\u00e9os\/GPS:<\/strong>\u00a0Les cha\u00eenes st\u00e9r\u00e9os\/plaques avant de cha\u00eene st\u00e9r\u00e9o amovibles et dispositifs GPS de deuxi\u00e8me monte doivent \u00eatre retir\u00e9s du v\u00e9hicule.<\/p>\n<p><strong>Ailerons et becquets:<\/strong> Les ailerons, car\u00e9nages, jupes de carrosserie et autres \u00e9quipements en position basse doivent \u00eatre relev\u00e9s ou retir\u00e9s du v\u00e9hicule de fa\u00e7on \u00e0 disposer d\u2019une garde au sol suffisante pour le chargement et le d\u00e9chargement sur les rampes de wagon et de camion. Si le v\u00e9hicule proprement dit a \u00e9t\u00e9 baiss\u00e9 ou \u00e9lev\u00e9, informez-vous aupr\u00e8s d\u2019un repr\u00e9sentant du service \u00e0 la client\u00e8le de Livingston Fret pour vous assurer que votre v\u00e9hicule a une garde au sol suffisante.<\/p>\n<p><strong>Couvercles et couvre-caisses:<\/strong> Les couvercles et couvre-caisses des pick-up doivent \u00eatre d\u00fbment boulonn\u00e9s ou verrouill\u00e9s \u00e0 la caisse du v\u00e9hicule afin d\u2019assurer un d\u00e9placement s\u00e9curitaire durant le transport.<\/p>\n<p><strong>Porte-bagages et galeries de toit:<\/strong> Les porte-bagages, porte-bicyclettes ou porte-skis amovibles doivent \u00eatre enlev\u00e9s du v\u00e9hicule; on peut les remiser dans le coffre ou dans le compartiment arri\u00e8re (voir \u00ab Effets personnels \u00bb ci-dessous pour plus de d\u00e9tails).<\/p>\n<p><strong>Effets personnels:\u00a0<\/strong>On ne doit laisser absolument aucun effet personnel dans le v\u00e9hicule durant l\u2019exp\u00e9dition. Toutes les affaires personnelles doivent \u00eatre retir\u00e9es du v\u00e9hicule avant la prise en charge par Livingston Fret. Cette op\u00e9ration comprend le retrait des CD, lunettes de soleil, dispositif GPS de deuxi\u00e8me monte, d\u00e9tecteur de radar, cha\u00eene st\u00e9r\u00e9o amovible, lecteur de DVD, pi\u00e8ces d\u00e9tach\u00e9es automobiles, pare-soleil, dispositifs de s\u00e9curit\u00e9 suppl\u00e9mentaires, etc.<\/p>\n<p>Les SEULES exceptions \u00e0 cette r\u00e8gle comprennent:<\/p>\n<ul>\n<li>Un jeu de pneus d\u2019hiver d\u00fbment arrim\u00e9s\n<ul>\n<li>Remiser le plus grand nombre possible de pneus dans le coffre\/compartiment arri\u00e8re du v\u00e9hicule; ils ne doivent pas d\u00e9passer la hauteur du dossier de banquette arri\u00e8re, appuis-t\u00eate non compris.<\/li>\n<li>S&rsquo;il n&rsquo;y a pas moyen de remiser tous les pneus dans le coffre ou le compartiment arri\u00e8re, il faut placer les pneus restants sur le plancher, derri\u00e8re les si\u00e8ges avant.<\/li>\n<li>Les pneus ne peuvent pas \u00eatre exp\u00e9di\u00e9s avec le v\u00e9hicule s\u2019ils ne sont pas arrim\u00e9s conform\u00e9ment aux directives ci-dessus.<\/li>\n<\/ul>\n<\/li>\n<li>Les si\u00e8ges d\u2019enfant (fix\u00e9s au v\u00e9hicule).<\/li>\n<li>Les c\u00e2bles d\u2019appoint, le cric et la cl\u00e9 pour \u00e9crous de roue.<\/li>\n<li>Les trousses d\u2019urgence et de premiers soins.<\/li>\n<li>Les galeries de toit. Une galerie ou un porte-bagages fixe pos\u00e9 \u00e0 l\u2019usine peut \u00eatre laiss\u00e9 sur le v\u00e9hicule dans la mesure o\u00f9 il ne d\u00e9passe pas les dimensions maximales du wagon de transport (informez-vous aupr\u00e8s de votre repr\u00e9sentant du service \u00e0 la client\u00e8le de Livingston Fret). Les porte-bagages de deuxi\u00e8me monte doivent \u00eatre retir\u00e9s du v\u00e9hicule et plac\u00e9s dans le coffre ou le compartiment arri\u00e8re durant le transport.<\/li>\n<\/ul>\n<p>Les exceptions ci-dessus seront permises pour le v\u00e9hicule en cours de transport, mais ces \u00e9quipements ne sont pas assur\u00e9s et Livingston Fret n\u2019en assume pas la responsabilit\u00e9.<\/p>\n","protected":false},"excerpt":{"rendered":"<p>Gr\u00e2ce aux sp\u00e9cialistes en v\u00e9hicules de Livingston Fret, vous pouvez \u00eatre certain que votre v\u00e9hicule arrivera exactement dans le m\u00eame \u00e9tat qu\u2019\u00e0 son d\u00e9part. Mais il y a plusieurs conditions que vous devez satisfaire afin de pr\u00e9parer votre v\u00e9hicule pour le transport. Demander un devis pour le transport de votre v\u00e9hicule Lavage du v\u00e9hicule: Afin<a class=\"excerpt-read-more\" href=\"https:\/\/www.livingstonintl.com\/fr\/services-fr\/transport-de-vehicules\/fiche-de-preparation-de-vehicule\/\" title=\"ReadFiche de pr\u00e9paration de v\u00e9hicule\">&#8230; Read more &raquo;<\/a><\/p>\n","protected":false},"author":32,"featured_media":0,"parent":98,"menu_order":157,"comment_status":"closed","ping_status":"closed","template":"","meta":{"_acf_changed":false,"footnotes":""},"class_list":["post-28404","page","type-page","status-publish","hentry"],"acf":[],"yoast_head":"<!-- This site is optimized with the Yoast SEO plugin v27.2 - https:\/\/yoast.com\/product\/yoast-seo-wordpress\/ -->\n<title>Fiche de pr\u00e9paration de v\u00e9hicule - Livingston International<\/title>\n<meta name=\"robots\" content=\"index, follow, max-snippet:-1, max-image-preview:large, max-video-preview:-1\" \/>\n<link rel=\"canonical\" href=\"https:\/\/www.livingstonintl.com\/fr\/services-fr\/transport-de-vehicules\/fiche-de-preparation-de-vehicule\/\" \/>\n<meta property=\"og:locale\" content=\"fr_FR\" \/>\n<meta property=\"og:type\" content=\"article\" \/>\n<meta property=\"og:title\" content=\"Fiche de pr\u00e9paration de v\u00e9hicule - Livingston International\" \/>\n<meta property=\"og:description\" content=\"Gr\u00e2ce aux sp\u00e9cialistes en v\u00e9hicules de Livingston Fret, vous pouvez \u00eatre certain que votre v\u00e9hicule arrivera exactement dans le m\u00eame \u00e9tat qu\u2019\u00e0 son d\u00e9part. Mais il y a plusieurs conditions que vous devez satisfaire afin de pr\u00e9parer votre v\u00e9hicule pour le transport. Demander un devis pour le transport de votre v\u00e9hicule Lavage du v\u00e9hicule: Afin... Read more &raquo;\" \/>\n<meta property=\"og:url\" content=\"https:\/\/www.livingstonintl.com\/fr\/services-fr\/transport-de-vehicules\/fiche-de-preparation-de-vehicule\/\" \/>\n<meta property=\"og:site_name\" content=\"Livingston International\" \/>\n<meta property=\"article:publisher\" content=\"https:\/\/www.facebook.com\/livingstoninternational\" \/>\n<meta property=\"article:modified_time\" content=\"2015-11-12T20:59:10+00:00\" \/>\n<meta property=\"og:image\" content=\"https:\/\/cdn.livingstonintl.com\/livingston-content\/uploads\/2022\/09\/12163235\/2022-livingston-fb.jpg\" \/>\n\t<meta property=\"og:image:width\" content=\"1200\" \/>\n\t<meta property=\"og:image:height\" content=\"630\" \/>\n\t<meta property=\"og:image:type\" content=\"image\/jpeg\" \/>\n<meta name=\"twitter:label1\" content=\"Dur\u00e9e de lecture estim\u00e9e\" \/>\n\t<meta name=\"twitter:data1\" content=\"5 minutes\" \/>\n<script type=\"application\/ld+json\" class=\"yoast-schema-graph\">{\"@context\":\"https:\/\/schema.org\",\"@graph\":[{\"@type\":\"WebPage\",\"@id\":\"https:\/\/www.livingstonintl.com\/fr\/services-fr\/transport-de-vehicules\/fiche-de-preparation-de-vehicule\/\",\"url\":\"https:\/\/www.livingstonintl.com\/fr\/services-fr\/transport-de-vehicules\/fiche-de-preparation-de-vehicule\/\",\"name\":\"Fiche de pr\u00e9paration de v\u00e9hicule - Livingston International\",\"isPartOf\":{\"@id\":\"https:\/\/www.livingstonintl.com\/fr\/#website\"},\"datePublished\":\"2015-10-09T16:35:56+00:00\",\"dateModified\":\"2015-11-12T20:59:10+00:00\",\"breadcrumb\":{\"@id\":\"https:\/\/www.livingstonintl.com\/fr\/services-fr\/transport-de-vehicules\/fiche-de-preparation-de-vehicule\/#breadcrumb\"},\"inLanguage\":\"fr-FR\",\"potentialAction\":[{\"@type\":\"ReadAction\",\"target\":[\"https:\/\/www.livingstonintl.com\/fr\/services-fr\/transport-de-vehicules\/fiche-de-preparation-de-vehicule\/\"]}]},{\"@type\":\"BreadcrumbList\",\"@id\":\"https:\/\/www.livingstonintl.com\/fr\/services-fr\/transport-de-vehicules\/fiche-de-preparation-de-vehicule\/#breadcrumb\",\"itemListElement\":[{\"@type\":\"ListItem\",\"position\":1,\"name\":\"Accueil\",\"item\":\"https:\/\/www.livingstonintl.com\/fr\/\"},{\"@type\":\"ListItem\",\"position\":2,\"name\":\"Services\",\"item\":\"https:\/\/www.livingstonintl.com\/fr\/services-fr\/\"},{\"@type\":\"ListItem\",\"position\":3,\"name\":\"Transport de v\u00e9hicules\",\"item\":\"https:\/\/www.livingstonintl.com\/fr\/services-fr\/transport-de-vehicules\/\"},{\"@type\":\"ListItem\",\"position\":4,\"name\":\"Fiche de pr\u00e9paration de v\u00e9hicule\"}]},{\"@type\":\"WebSite\",\"@id\":\"https:\/\/www.livingstonintl.com\/fr\/#website\",\"url\":\"https:\/\/www.livingstonintl.com\/fr\/\",\"name\":\"Livingston International\",\"description\":\"Simplify Trade\",\"publisher\":{\"@id\":\"https:\/\/www.livingstonintl.com\/fr\/#organization\"},\"potentialAction\":[{\"@type\":\"SearchAction\",\"target\":{\"@type\":\"EntryPoint\",\"urlTemplate\":\"https:\/\/www.livingstonintl.com\/fr\/?s={search_term_string}\"},\"query-input\":{\"@type\":\"PropertyValueSpecification\",\"valueRequired\":true,\"valueName\":\"search_term_string\"}}],\"inLanguage\":\"fr-FR\"},{\"@type\":\"Organization\",\"@id\":\"https:\/\/www.livingstonintl.com\/fr\/#organization\",\"name\":\"Livingston International\",\"url\":\"https:\/\/www.livingstonintl.com\/fr\/\",\"logo\":{\"@type\":\"ImageObject\",\"inLanguage\":\"fr-FR\",\"@id\":\"https:\/\/www.livingstonintl.com\/fr\/#\/schema\/logo\/image\/\",\"url\":\"https:\/\/cdn.livingstonintl.com\/livingston-content\/uploads\/2022\/09\/12163235\/2022-livingston-fb.jpg\",\"contentUrl\":\"https:\/\/cdn.livingstonintl.com\/livingston-content\/uploads\/2022\/09\/12163235\/2022-livingston-fb.jpg\",\"width\":1200,\"height\":630,\"caption\":\"Livingston International\"},\"image\":{\"@id\":\"https:\/\/www.livingstonintl.com\/fr\/#\/schema\/logo\/image\/\"},\"sameAs\":[\"https:\/\/www.facebook.com\/livingstoninternational\",\"https:\/\/x.com\/livingston_intl\",\"https:\/\/linkedin.com\/company\/livingston-international\"]}]}<\/script>\n<!-- \/ Yoast SEO plugin. -->","yoast_head_json":{"title":"Fiche de pr\u00e9paration de v\u00e9hicule - Livingston International","robots":{"index":"index","follow":"follow","max-snippet":"max-snippet:-1","max-image-preview":"max-image-preview:large","max-video-preview":"max-video-preview:-1"},"canonical":"https:\/\/www.livingstonintl.com\/fr\/services-fr\/transport-de-vehicules\/fiche-de-preparation-de-vehicule\/","og_locale":"fr_FR","og_type":"article","og_title":"Fiche de pr\u00e9paration de v\u00e9hicule - Livingston International","og_description":"Gr\u00e2ce aux sp\u00e9cialistes en v\u00e9hicules de Livingston Fret, vous pouvez \u00eatre certain que votre v\u00e9hicule arrivera exactement dans le m\u00eame \u00e9tat qu\u2019\u00e0 son d\u00e9part. Mais il y a plusieurs conditions que vous devez satisfaire afin de pr\u00e9parer votre v\u00e9hicule pour le transport. Demander un devis pour le transport de votre v\u00e9hicule Lavage du v\u00e9hicule: Afin... Read more &raquo;","og_url":"https:\/\/www.livingstonintl.com\/fr\/services-fr\/transport-de-vehicules\/fiche-de-preparation-de-vehicule\/","og_site_name":"Livingston International","article_publisher":"https:\/\/www.facebook.com\/livingstoninternational","article_modified_time":"2015-11-12T20:59:10+00:00","og_image":[{"width":1200,"height":630,"url":"https:\/\/cdn.livingstonintl.com\/livingston-content\/uploads\/2022\/09\/12163235\/2022-livingston-fb.jpg","type":"image\/jpeg"}],"twitter_misc":{"Dur\u00e9e de lecture estim\u00e9e":"5 minutes"},"schema":{"@context":"https:\/\/schema.org","@graph":[{"@type":"WebPage","@id":"https:\/\/www.livingstonintl.com\/fr\/services-fr\/transport-de-vehicules\/fiche-de-preparation-de-vehicule\/","url":"https:\/\/www.livingstonintl.com\/fr\/services-fr\/transport-de-vehicules\/fiche-de-preparation-de-vehicule\/","name":"Fiche de pr\u00e9paration de v\u00e9hicule - Livingston International","isPartOf":{"@id":"https:\/\/www.livingstonintl.com\/fr\/#website"},"datePublished":"2015-10-09T16:35:56+00:00","dateModified":"2015-11-12T20:59:10+00:00","breadcrumb":{"@id":"https:\/\/www.livingstonintl.com\/fr\/services-fr\/transport-de-vehicules\/fiche-de-preparation-de-vehicule\/#breadcrumb"},"inLanguage":"fr-FR","potentialAction":[{"@type":"ReadAction","target":["https:\/\/www.livingstonintl.com\/fr\/services-fr\/transport-de-vehicules\/fiche-de-preparation-de-vehicule\/"]}]},{"@type":"BreadcrumbList","@id":"https:\/\/www.livingstonintl.com\/fr\/services-fr\/transport-de-vehicules\/fiche-de-preparation-de-vehicule\/#breadcrumb","itemListElement":[{"@type":"ListItem","position":1,"name":"Accueil","item":"https:\/\/www.livingstonintl.com\/fr\/"},{"@type":"ListItem","position":2,"name":"Services","item":"https:\/\/www.livingstonintl.com\/fr\/services-fr\/"},{"@type":"ListItem","position":3,"name":"Transport de v\u00e9hicules","item":"https:\/\/www.livingstonintl.com\/fr\/services-fr\/transport-de-vehicules\/"},{"@type":"ListItem","position":4,"name":"Fiche de pr\u00e9paration de v\u00e9hicule"}]},{"@type":"WebSite","@id":"https:\/\/www.livingstonintl.com\/fr\/#website","url":"https:\/\/www.livingstonintl.com\/fr\/","name":"Livingston International","description":"Simplify Trade","publisher":{"@id":"https:\/\/www.livingstonintl.com\/fr\/#organization"},"potentialAction":[{"@type":"SearchAction","target":{"@type":"EntryPoint","urlTemplate":"https:\/\/www.livingstonintl.com\/fr\/?s={search_term_string}"},"query-input":{"@type":"PropertyValueSpecification","valueRequired":true,"valueName":"search_term_string"}}],"inLanguage":"fr-FR"},{"@type":"Organization","@id":"https:\/\/www.livingstonintl.com\/fr\/#organization","name":"Livingston International","url":"https:\/\/www.livingstonintl.com\/fr\/","logo":{"@type":"ImageObject","inLanguage":"fr-FR","@id":"https:\/\/www.livingstonintl.com\/fr\/#\/schema\/logo\/image\/","url":"https:\/\/cdn.livingstonintl.com\/livingston-content\/uploads\/2022\/09\/12163235\/2022-livingston-fb.jpg","contentUrl":"https:\/\/cdn.livingstonintl.com\/livingston-content\/uploads\/2022\/09\/12163235\/2022-livingston-fb.jpg","width":1200,"height":630,"caption":"Livingston International"},"image":{"@id":"https:\/\/www.livingstonintl.com\/fr\/#\/schema\/logo\/image\/"},"sameAs":["https:\/\/www.facebook.com\/livingstoninternational","https:\/\/x.com\/livingston_intl","https:\/\/linkedin.com\/company\/livingston-international"]}]}},"_links":{"self":[{"href":"https:\/\/wp.livingstonintl.com\/fr\/wp-json\/wp\/v2\/pages\/28404","targetHints":{"allow":["GET"]}}],"collection":[{"href":"https:\/\/wp.livingstonintl.com\/fr\/wp-json\/wp\/v2\/pages"}],"about":[{"href":"https:\/\/wp.livingstonintl.com\/fr\/wp-json\/wp\/v2\/types\/page"}],"author":[{"embeddable":true,"href":"https:\/\/wp.livingstonintl.com\/fr\/wp-json\/wp\/v2\/users\/32"}],"replies":[{"embeddable":true,"href":"https:\/\/wp.livingstonintl.com\/fr\/wp-json\/wp\/v2\/comments?post=28404"}],"version-history":[{"count":0,"href":"https:\/\/wp.livingstonintl.com\/fr\/wp-json\/wp\/v2\/pages\/28404\/revisions"}],"up":[{"embeddable":true,"href":"https:\/\/wp.livingstonintl.com\/fr\/wp-json\/wp\/v2\/pages\/98"}],"wp:attachment":[{"href":"https:\/\/wp.livingstonintl.com\/fr\/wp-json\/wp\/v2\/media?parent=28404"}],"curies":[{"name":"wp","href":"https:\/\/api.w.org\/{rel}","templated":true}]}}