{"id":28699,"date":"2015-11-12T17:00:15","date_gmt":"2015-11-12T17:00:15","guid":{"rendered":"http:\/\/livingston.gocactus.com\/fr\/?page_id=28699"},"modified":"2024-08-22T09:38:20","modified_gmt":"2024-08-22T13:38:20","slug":"lisa-zangari","status":"publish","type":"page","link":"https:\/\/www.livingstonintl.com\/fr\/a-propos-de-nous\/executive-team\/lisa-zangari\/","title":{"rendered":"Lisa Zangari"},"content":{"rendered":"<h3 class=\"wp-block-heading\">Directrice g\u00e9n\u00e9rale des ressources humaines<\/h3>\n<p>En tant que directrice g\u00e9n\u00e9rale des ressources humaines, Lisa est responsable de la mise en \u0153uvre de la strat\u00e9gie de Livingston \u00e0 l\u2019\u00e9chelle de l\u2019entreprise en mati\u00e8re de ressources humaines et de la direction de tous les aspects de l\u2019exp\u00e9rience des employ\u00e9s. Cela comprend la conception organisationnelle, l\u2019acquisition de talents, et l\u2019exp\u00e9rience compl\u00e8te des employ\u00e9s, y compris l\u2019int\u00e9gration, la gestion des talents, l\u2019apprentissage et le perfectionnement, la r\u00e9mun\u00e9ration globale, la gestion du changement, l\u2019analyse des personnes et les communications internes. Son \u00e9quipe est en premi\u00e8re ligne pour favoriser la culture ax\u00e9e sur le client de Livingston et habiliter nos associ\u00e9s. Elle se consacre \u00e0 embaucher et \u00e0 mobiliser des milliers d\u2019employ\u00e9s dans le monde entier. Lisa et son \u00e9quipe adoptent une approche holistique de l\u2019exp\u00e9rience des employ\u00e9s, s\u2019effor\u00e7ant de cr\u00e9er un milieu de travail exceptionnel gr\u00e2ce \u00e0 de nouveaux programmes et initiatives, \u00e0 de nouvelles technologies, \u00e0 un excellent soutien et \u00e0 des occasions.<\/p>\n<p>Avant de se joindre \u00e0 Livingston en 2022, Lisa a consacr\u00e9 plus de 25\u202fans de sa carri\u00e8re en tant que responsable des ressources humaines internes et chef de sa propre entreprise de conseil. Au cours de cette p\u00e9riode, elle a fourni des conseils strat\u00e9giques aux \u00e9quipes de direction sur des strat\u00e9gies de ressources humaines gagnantes telles que l\u2019optimisation de la main-d\u2019\u0153uvre et la planification de la rel\u00e8ve. Son travail l\u2019a men\u00e9e aux plus hauts niveaux de grandes entreprises technologiques cot\u00e9es en bourse, o\u00f9 elle a fourni des conseils sur la strat\u00e9gie d\u2019entreprise, la r\u00e9mun\u00e9ration, la planification de la rel\u00e8ve, la transformation organisationnelle, la gestion du changement, les fusions et acquisitions, la gestion du risque et la gouvernance d\u2019entreprise.<\/p>\n<p>Elle se distingue comme une cadre sup\u00e9rieure chevronn\u00e9e, collaborative et accomplie en ressources humaines, capable de b\u00e2tir des \u00e9quipes hautement comp\u00e9tentes et performantes.<\/p>\n<p>Lisa est une mentore active aupr\u00e8s des femmes dans le domaine de la technologie ainsi que des ressources humaines et elle est \u00e9galement directrice d\u2019un organisme sans but lucratif. Dans ses temps libres, Lisa aime \u00eatre \u00e0 l\u2019ext\u00e9rieur avec sa famille, soit sur les sentiers, en montagne ou pr\u00e8s de l\u2019eau. Elle est une voyageuse passionn\u00e9e qui appr\u00e9cie la d\u00e9couverte d\u2019autres cultures.<\/p>\n","protected":false},"excerpt":{"rendered":"<p>Directrice g\u00e9n\u00e9rale des ressources humaines En tant que directrice g\u00e9n\u00e9rale des ressources humaines, Lisa est responsable de la mise en \u0153uvre de la strat\u00e9gie de Livingston \u00e0 l\u2019\u00e9chelle de l\u2019entreprise en mati\u00e8re de ressources humaines et de la direction de tous les aspects de l\u2019exp\u00e9rience des employ\u00e9s. Cela comprend la conception organisationnelle, l\u2019acquisition de talents,<a class=\"excerpt-read-more\" href=\"https:\/\/www.livingstonintl.com\/fr\/a-propos-de-nous\/executive-team\/lisa-zangari\/\" title=\"ReadLisa Zangari\">&#8230; Read more &raquo;<\/a><\/p>\n","protected":false},"author":32,"featured_media":0,"parent":354,"menu_order":473,"comment_status":"closed","ping_status":"closed","template":"template-page\/page-minimal.php","meta":{"_acf_changed":false,"footnotes":""},"class_list":["post-28699","page","type-page","status-publish","hentry"],"acf":[],"yoast_head":"<!-- This site is optimized with the Yoast SEO plugin v27.2 - https:\/\/yoast.com\/product\/yoast-seo-wordpress\/ -->\n<title>Lisa Zangari - Livingston International<\/title>\n<meta name=\"description\" content=\"En tant que directrice g\u00e9n\u00e9rale des ressources humaines, Lisa est responsable de la mise en \u0153uvre de la strat\u00e9gie de Livingston \u00e0 l\u2019\u00e9chelle de l\u2019entreprise en mati\u00e8re de ressources humaines et de la direction de tous les aspects de l\u2019exp\u00e9rience des employ\u00e9s.\" \/>\n<meta name=\"robots\" content=\"index, follow, max-snippet:-1, max-image-preview:large, max-video-preview:-1\" \/>\n<link rel=\"canonical\" href=\"https:\/\/www.livingstonintl.com\/fr\/a-propos-de-nous\/executive-team\/lisa-zangari\/\" \/>\n<meta property=\"og:locale\" content=\"fr_FR\" \/>\n<meta property=\"og:type\" content=\"article\" \/>\n<meta property=\"og:title\" content=\"Lisa Zangari - Livingston International\" \/>\n<meta property=\"og:description\" content=\"En tant que directrice g\u00e9n\u00e9rale des ressources humaines, Lisa est responsable de la mise en \u0153uvre de la strat\u00e9gie de Livingston \u00e0 l\u2019\u00e9chelle de l\u2019entreprise en mati\u00e8re de ressources humaines et de la direction de tous les aspects de l\u2019exp\u00e9rience des employ\u00e9s.\" \/>\n<meta property=\"og:url\" content=\"https:\/\/www.livingstonintl.com\/fr\/a-propos-de-nous\/executive-team\/lisa-zangari\/\" \/>\n<meta property=\"og:site_name\" content=\"Livingston International\" \/>\n<meta property=\"article:publisher\" content=\"https:\/\/www.facebook.com\/livingstoninternational\" \/>\n<meta property=\"article:modified_time\" content=\"2024-08-22T13:38:20+00:00\" \/>\n<meta property=\"og:image\" content=\"https:\/\/cdn.livingstonintl.com\/livingston-content\/uploads\/2022\/09\/12163235\/2022-livingston-fb.jpg\" \/>\n\t<meta property=\"og:image:width\" content=\"1200\" \/>\n\t<meta property=\"og:image:height\" content=\"630\" \/>\n\t<meta property=\"og:image:type\" content=\"image\/jpeg\" \/>\n<meta name=\"twitter:label1\" content=\"Dur\u00e9e de lecture estim\u00e9e\" \/>\n\t<meta name=\"twitter:data1\" content=\"2 minutes\" \/>\n<script type=\"application\/ld+json\" class=\"yoast-schema-graph\">{\"@context\":\"https:\/\/schema.org\",\"@graph\":[{\"@type\":\"WebPage\",\"@id\":\"https:\/\/www.livingstonintl.com\/fr\/a-propos-de-nous\/executive-team\/lisa-zangari\/\",\"url\":\"https:\/\/www.livingstonintl.com\/fr\/a-propos-de-nous\/executive-team\/lisa-zangari\/\",\"name\":\"Lisa Zangari - Livingston International\",\"isPartOf\":{\"@id\":\"https:\/\/www.livingstonintl.com\/fr\/#website\"},\"datePublished\":\"2015-11-12T17:00:15+00:00\",\"dateModified\":\"2024-08-22T13:38:20+00:00\",\"description\":\"En tant que directrice g\u00e9n\u00e9rale des ressources humaines, Lisa est responsable de la mise en \u0153uvre de la strat\u00e9gie de Livingston \u00e0 l\u2019\u00e9chelle de l\u2019entreprise en mati\u00e8re de ressources humaines et de la direction de tous les aspects de l\u2019exp\u00e9rience des employ\u00e9s.\",\"breadcrumb\":{\"@id\":\"https:\/\/www.livingstonintl.com\/fr\/a-propos-de-nous\/executive-team\/lisa-zangari\/#breadcrumb\"},\"inLanguage\":\"fr-FR\",\"potentialAction\":[{\"@type\":\"ReadAction\",\"target\":[\"https:\/\/www.livingstonintl.com\/fr\/a-propos-de-nous\/executive-team\/lisa-zangari\/\"]}]},{\"@type\":\"BreadcrumbList\",\"@id\":\"https:\/\/www.livingstonintl.com\/fr\/a-propos-de-nous\/executive-team\/lisa-zangari\/#breadcrumb\",\"itemListElement\":[{\"@type\":\"ListItem\",\"position\":1,\"name\":\"Accueil\",\"item\":\"https:\/\/www.livingstonintl.com\/fr\/\"},{\"@type\":\"ListItem\",\"position\":2,\"name\":\"\u00c0 propos de nous\",\"item\":\"https:\/\/www.livingstonintl.com\/fr\/a-propos-de-nous\/\"},{\"@type\":\"ListItem\",\"position\":3,\"name\":\"Direction\",\"item\":\"https:\/\/www.livingstonintl.com\/fr\/a-propos-de-nous\/executive-team\/\"},{\"@type\":\"ListItem\",\"position\":4,\"name\":\"Lisa Zangari\"}]},{\"@type\":\"WebSite\",\"@id\":\"https:\/\/www.livingstonintl.com\/fr\/#website\",\"url\":\"https:\/\/www.livingstonintl.com\/fr\/\",\"name\":\"Livingston International\",\"description\":\"Simplify Trade\",\"publisher\":{\"@id\":\"https:\/\/www.livingstonintl.com\/fr\/#organization\"},\"potentialAction\":[{\"@type\":\"SearchAction\",\"target\":{\"@type\":\"EntryPoint\",\"urlTemplate\":\"https:\/\/www.livingstonintl.com\/fr\/?s={search_term_string}\"},\"query-input\":{\"@type\":\"PropertyValueSpecification\",\"valueRequired\":true,\"valueName\":\"search_term_string\"}}],\"inLanguage\":\"fr-FR\"},{\"@type\":\"Organization\",\"@id\":\"https:\/\/www.livingstonintl.com\/fr\/#organization\",\"name\":\"Livingston International\",\"url\":\"https:\/\/www.livingstonintl.com\/fr\/\",\"logo\":{\"@type\":\"ImageObject\",\"inLanguage\":\"fr-FR\",\"@id\":\"https:\/\/www.livingstonintl.com\/fr\/#\/schema\/logo\/image\/\",\"url\":\"https:\/\/cdn.livingstonintl.com\/livingston-content\/uploads\/2022\/09\/12163235\/2022-livingston-fb.jpg\",\"contentUrl\":\"https:\/\/cdn.livingstonintl.com\/livingston-content\/uploads\/2022\/09\/12163235\/2022-livingston-fb.jpg\",\"width\":1200,\"height\":630,\"caption\":\"Livingston International\"},\"image\":{\"@id\":\"https:\/\/www.livingstonintl.com\/fr\/#\/schema\/logo\/image\/\"},\"sameAs\":[\"https:\/\/www.facebook.com\/livingstoninternational\",\"https:\/\/x.com\/livingston_intl\",\"https:\/\/linkedin.com\/company\/livingston-international\"]}]}<\/script>\n<!-- \/ Yoast SEO plugin. -->","yoast_head_json":{"title":"Lisa Zangari - Livingston International","description":"En tant que directrice g\u00e9n\u00e9rale des ressources humaines, Lisa est responsable de la mise en \u0153uvre de la strat\u00e9gie de Livingston \u00e0 l\u2019\u00e9chelle de l\u2019entreprise en mati\u00e8re de ressources humaines et de la direction de tous les aspects de l\u2019exp\u00e9rience des employ\u00e9s.","robots":{"index":"index","follow":"follow","max-snippet":"max-snippet:-1","max-image-preview":"max-image-preview:large","max-video-preview":"max-video-preview:-1"},"canonical":"https:\/\/www.livingstonintl.com\/fr\/a-propos-de-nous\/executive-team\/lisa-zangari\/","og_locale":"fr_FR","og_type":"article","og_title":"Lisa Zangari - Livingston International","og_description":"En tant que directrice g\u00e9n\u00e9rale des ressources humaines, Lisa est responsable de la mise en \u0153uvre de la strat\u00e9gie de Livingston \u00e0 l\u2019\u00e9chelle de l\u2019entreprise en mati\u00e8re de ressources humaines et de la direction de tous les aspects de l\u2019exp\u00e9rience des employ\u00e9s.","og_url":"https:\/\/www.livingstonintl.com\/fr\/a-propos-de-nous\/executive-team\/lisa-zangari\/","og_site_name":"Livingston International","article_publisher":"https:\/\/www.facebook.com\/livingstoninternational","article_modified_time":"2024-08-22T13:38:20+00:00","og_image":[{"width":1200,"height":630,"url":"https:\/\/cdn.livingstonintl.com\/livingston-content\/uploads\/2022\/09\/12163235\/2022-livingston-fb.jpg","type":"image\/jpeg"}],"twitter_misc":{"Dur\u00e9e de lecture estim\u00e9e":"2 minutes"},"schema":{"@context":"https:\/\/schema.org","@graph":[{"@type":"WebPage","@id":"https:\/\/www.livingstonintl.com\/fr\/a-propos-de-nous\/executive-team\/lisa-zangari\/","url":"https:\/\/www.livingstonintl.com\/fr\/a-propos-de-nous\/executive-team\/lisa-zangari\/","name":"Lisa Zangari - Livingston International","isPartOf":{"@id":"https:\/\/www.livingstonintl.com\/fr\/#website"},"datePublished":"2015-11-12T17:00:15+00:00","dateModified":"2024-08-22T13:38:20+00:00","description":"En tant que directrice g\u00e9n\u00e9rale des ressources humaines, Lisa est responsable de la mise en \u0153uvre de la strat\u00e9gie de Livingston \u00e0 l\u2019\u00e9chelle de l\u2019entreprise en mati\u00e8re de ressources humaines et de la direction de tous les aspects de l\u2019exp\u00e9rience des employ\u00e9s.","breadcrumb":{"@id":"https:\/\/www.livingstonintl.com\/fr\/a-propos-de-nous\/executive-team\/lisa-zangari\/#breadcrumb"},"inLanguage":"fr-FR","potentialAction":[{"@type":"ReadAction","target":["https:\/\/www.livingstonintl.com\/fr\/a-propos-de-nous\/executive-team\/lisa-zangari\/"]}]},{"@type":"BreadcrumbList","@id":"https:\/\/www.livingstonintl.com\/fr\/a-propos-de-nous\/executive-team\/lisa-zangari\/#breadcrumb","itemListElement":[{"@type":"ListItem","position":1,"name":"Accueil","item":"https:\/\/www.livingstonintl.com\/fr\/"},{"@type":"ListItem","position":2,"name":"\u00c0 propos de nous","item":"https:\/\/www.livingstonintl.com\/fr\/a-propos-de-nous\/"},{"@type":"ListItem","position":3,"name":"Direction","item":"https:\/\/www.livingstonintl.com\/fr\/a-propos-de-nous\/executive-team\/"},{"@type":"ListItem","position":4,"name":"Lisa Zangari"}]},{"@type":"WebSite","@id":"https:\/\/www.livingstonintl.com\/fr\/#website","url":"https:\/\/www.livingstonintl.com\/fr\/","name":"Livingston International","description":"Simplify Trade","publisher":{"@id":"https:\/\/www.livingstonintl.com\/fr\/#organization"},"potentialAction":[{"@type":"SearchAction","target":{"@type":"EntryPoint","urlTemplate":"https:\/\/www.livingstonintl.com\/fr\/?s={search_term_string}"},"query-input":{"@type":"PropertyValueSpecification","valueRequired":true,"valueName":"search_term_string"}}],"inLanguage":"fr-FR"},{"@type":"Organization","@id":"https:\/\/www.livingstonintl.com\/fr\/#organization","name":"Livingston International","url":"https:\/\/www.livingstonintl.com\/fr\/","logo":{"@type":"ImageObject","inLanguage":"fr-FR","@id":"https:\/\/www.livingstonintl.com\/fr\/#\/schema\/logo\/image\/","url":"https:\/\/cdn.livingstonintl.com\/livingston-content\/uploads\/2022\/09\/12163235\/2022-livingston-fb.jpg","contentUrl":"https:\/\/cdn.livingstonintl.com\/livingston-content\/uploads\/2022\/09\/12163235\/2022-livingston-fb.jpg","width":1200,"height":630,"caption":"Livingston International"},"image":{"@id":"https:\/\/www.livingstonintl.com\/fr\/#\/schema\/logo\/image\/"},"sameAs":["https:\/\/www.facebook.com\/livingstoninternational","https:\/\/x.com\/livingston_intl","https:\/\/linkedin.com\/company\/livingston-international"]}]}},"_links":{"self":[{"href":"https:\/\/wp.livingstonintl.com\/fr\/wp-json\/wp\/v2\/pages\/28699","targetHints":{"allow":["GET"]}}],"collection":[{"href":"https:\/\/wp.livingstonintl.com\/fr\/wp-json\/wp\/v2\/pages"}],"about":[{"href":"https:\/\/wp.livingstonintl.com\/fr\/wp-json\/wp\/v2\/types\/page"}],"author":[{"embeddable":true,"href":"https:\/\/wp.livingstonintl.com\/fr\/wp-json\/wp\/v2\/users\/32"}],"replies":[{"embeddable":true,"href":"https:\/\/wp.livingstonintl.com\/fr\/wp-json\/wp\/v2\/comments?post=28699"}],"version-history":[{"count":3,"href":"https:\/\/wp.livingstonintl.com\/fr\/wp-json\/wp\/v2\/pages\/28699\/revisions"}],"predecessor-version":[{"id":60735,"href":"https:\/\/wp.livingstonintl.com\/fr\/wp-json\/wp\/v2\/pages\/28699\/revisions\/60735"}],"up":[{"embeddable":true,"href":"https:\/\/wp.livingstonintl.com\/fr\/wp-json\/wp\/v2\/pages\/354"}],"wp:attachment":[{"href":"https:\/\/wp.livingstonintl.com\/fr\/wp-json\/wp\/v2\/media?parent=28699"}],"curies":[{"name":"wp","href":"https:\/\/api.w.org\/{rel}","templated":true}]}}