{"id":28713,"date":"2015-11-12T17:10:06","date_gmt":"2015-11-12T17:10:06","guid":{"rendered":"http:\/\/livingston.gocactus.com\/fr\/?page_id=28713"},"modified":"2015-11-12T17:10:06","modified_gmt":"2015-11-12T17:10:06","slug":"david-schulingkamp","status":"publish","type":"page","link":"https:\/\/www.livingstonintl.com\/fr\/a-propos-de-nous\/executive-team\/david-schulingkamp\/","title":{"rendered":"David Schulingkamp"},"content":{"rendered":"<p><strong>David Schulingkamp<\/strong><br \/>\nVice-pr\u00e9sident, transit international, \u00c9tats-Unis<\/p>\n<p><img loading=\"lazy\" decoding=\"async\" class=\"alignleft size-full wp-image-18295\" title=\"David Schulingkamp Vice President, International Freight Forwarding, U.S.A.\" src=\"\/livingston-content\/uploads\/2012\/08\/david_schulingkamp_2013-04-25_portrait-085R.jpg\" alt=\"David Schulingkamp Vice President, International Freight Forwarding, U.S.A.\" width=\"136\" height=\"174\" \/>David Schulingkamp est entr\u00e9 chez Livingston en 2012 apr\u00e8s l\u2019acquisition de M.G. Maher and Company et de MCLX, bas\u00e9es \u00e0 la Nouvelle-Orl\u00e9ans. Il dirige maintenant tous les aspects du transit international de Livingston aux \u00c9tats-Unis, en transformant ces op\u00e9rations pour accro\u00eetre leur valeur, leur conf\u00e9rer un avantage concurrentiel et assurer leur croissance strat\u00e9gique. Depuis 1975, David a \u00e9t\u00e9 pr\u00e9sident de M.G. Maher, la plus importante firme de courtage en douane sur la c\u00f4te am\u00e9ricaine du Golfe du Mexique. Il a \u00e9galement dirig\u00e9 MCLX, la division conteneurs de M.G. Maher, ainsi que MBLX, sa filiale de logistique fluviale et de transport par barges, \u00e9galement acquises par Livingston vers la fin de 2012. David a \u00e9galement servi comme major dans la r\u00e9serve de l\u2019arm\u00e9e am\u00e9ricaine, pendant quatre ann\u00e9es de service actif dans la Judge Advocate General\u2019s (JAG) Corp et deux ann\u00e9es dans le JAG Office, Pentagon Litigation Division. Avec plus de 35 ans d\u2019exp\u00e9rience en transit international, courtage en douane et logistique, David est un capitaine d\u2019industrie tr\u00e8s respect\u00e9 dans son secteur aux \u00c9tats-Unis. David est titulaire d\u2019un dipl\u00f4me de premier cycle en gestion et d\u2019un dipl\u00f4me de droit de la Louisiana State University \u00e0 Baton Rouge, en Louisiane. Il est \u00e9galement titulaire d\u2019une ma\u00eetrise en fiscalit\u00e9 de la Georgetown University \u00e0 Washington, D.C. David continue \u00e0 jouer un r\u00f4le actif en tant que commissaire de la New Orleans Public Belt Railroad et comme consul honoraire du Br\u00e9sil en Louisiane. Ancien pr\u00e9sident et membre du conseil d\u2019administration des commissaires du port de la Nouvelle-Orl\u00e9ans, David est \u00e9galement ancien pr\u00e9sident de la chambre de commerce de la Nouvelle-Orl\u00e9ans et ancien membre du conseil d\u2019administration du World Trade Center.<\/p>\n","protected":false},"excerpt":{"rendered":"<p>David Schulingkamp Vice-pr\u00e9sident, transit international, \u00c9tats-Unis David Schulingkamp est entr\u00e9 chez Livingston en 2012 apr\u00e8s l\u2019acquisition de M.G. Maher and Company et de MCLX, bas\u00e9es \u00e0 la Nouvelle-Orl\u00e9ans. Il dirige maintenant tous les aspects du transit international de Livingston aux \u00c9tats-Unis, en transformant ces op\u00e9rations pour accro\u00eetre leur valeur, leur conf\u00e9rer un avantage concurrentiel et<a class=\"excerpt-read-more\" href=\"https:\/\/www.livingstonintl.com\/fr\/a-propos-de-nous\/executive-team\/david-schulingkamp\/\" title=\"ReadDavid Schulingkamp\">&#8230; Read more &raquo;<\/a><\/p>\n","protected":false},"author":32,"featured_media":0,"parent":354,"menu_order":458,"comment_status":"closed","ping_status":"closed","template":"","meta":{"_acf_changed":false,"footnotes":""},"class_list":["post-28713","page","type-page","status-publish","hentry"],"acf":[],"yoast_head":"<!-- This site is optimized with the Yoast SEO plugin v27.2 - https:\/\/yoast.com\/product\/yoast-seo-wordpress\/ -->\n<title>David Schulingkamp - Livingston International<\/title>\n<meta name=\"robots\" content=\"index, follow, max-snippet:-1, max-image-preview:large, max-video-preview:-1\" \/>\n<link rel=\"canonical\" href=\"https:\/\/www.livingstonintl.com\/fr\/a-propos-de-nous\/executive-team\/david-schulingkamp\/\" \/>\n<meta property=\"og:locale\" content=\"fr_FR\" \/>\n<meta property=\"og:type\" content=\"article\" \/>\n<meta property=\"og:title\" content=\"David Schulingkamp - Livingston International\" \/>\n<meta property=\"og:description\" content=\"David Schulingkamp Vice-pr\u00e9sident, transit international, \u00c9tats-Unis David Schulingkamp est entr\u00e9 chez Livingston en 2012 apr\u00e8s l\u2019acquisition de M.G. Maher and Company et de MCLX, bas\u00e9es \u00e0 la Nouvelle-Orl\u00e9ans. Il dirige maintenant tous les aspects du transit international de Livingston aux \u00c9tats-Unis, en transformant ces op\u00e9rations pour accro\u00eetre leur valeur, leur conf\u00e9rer un avantage concurrentiel et... Read more &raquo;\" \/>\n<meta property=\"og:url\" content=\"https:\/\/www.livingstonintl.com\/fr\/a-propos-de-nous\/executive-team\/david-schulingkamp\/\" \/>\n<meta property=\"og:site_name\" content=\"Livingston International\" \/>\n<meta property=\"article:publisher\" content=\"https:\/\/www.facebook.com\/livingstoninternational\" \/>\n<meta property=\"og:image\" content=\"https:\/\/www.livingstonintl.com\/livingston-content\/uploads\/2012\/08\/david_schulingkamp_2013-04-25_portrait-085R.jpg\" \/>\n<meta name=\"twitter:label1\" content=\"Dur\u00e9e de lecture estim\u00e9e\" \/>\n\t<meta name=\"twitter:data1\" content=\"2 minutes\" \/>\n<script type=\"application\/ld+json\" class=\"yoast-schema-graph\">{\"@context\":\"https:\/\/schema.org\",\"@graph\":[{\"@type\":\"WebPage\",\"@id\":\"https:\/\/www.livingstonintl.com\/fr\/a-propos-de-nous\/executive-team\/david-schulingkamp\/\",\"url\":\"https:\/\/www.livingstonintl.com\/fr\/a-propos-de-nous\/executive-team\/david-schulingkamp\/\",\"name\":\"David Schulingkamp - Livingston International\",\"isPartOf\":{\"@id\":\"https:\/\/www.livingstonintl.com\/fr\/#website\"},\"datePublished\":\"2015-11-12T17:10:06+00:00\",\"breadcrumb\":{\"@id\":\"https:\/\/www.livingstonintl.com\/fr\/a-propos-de-nous\/executive-team\/david-schulingkamp\/#breadcrumb\"},\"inLanguage\":\"fr-FR\",\"potentialAction\":[{\"@type\":\"ReadAction\",\"target\":[\"https:\/\/www.livingstonintl.com\/fr\/a-propos-de-nous\/executive-team\/david-schulingkamp\/\"]}]},{\"@type\":\"BreadcrumbList\",\"@id\":\"https:\/\/www.livingstonintl.com\/fr\/a-propos-de-nous\/executive-team\/david-schulingkamp\/#breadcrumb\",\"itemListElement\":[{\"@type\":\"ListItem\",\"position\":1,\"name\":\"Accueil\",\"item\":\"https:\/\/www.livingstonintl.com\/fr\/\"},{\"@type\":\"ListItem\",\"position\":2,\"name\":\"\u00c0 propos de nous\",\"item\":\"https:\/\/www.livingstonintl.com\/fr\/a-propos-de-nous\/\"},{\"@type\":\"ListItem\",\"position\":3,\"name\":\"Direction\",\"item\":\"https:\/\/www.livingstonintl.com\/fr\/a-propos-de-nous\/executive-team\/\"},{\"@type\":\"ListItem\",\"position\":4,\"name\":\"David Schulingkamp\"}]},{\"@type\":\"WebSite\",\"@id\":\"https:\/\/www.livingstonintl.com\/fr\/#website\",\"url\":\"https:\/\/www.livingstonintl.com\/fr\/\",\"name\":\"Livingston International\",\"description\":\"Simplify Trade\",\"publisher\":{\"@id\":\"https:\/\/www.livingstonintl.com\/fr\/#organization\"},\"potentialAction\":[{\"@type\":\"SearchAction\",\"target\":{\"@type\":\"EntryPoint\",\"urlTemplate\":\"https:\/\/www.livingstonintl.com\/fr\/?s={search_term_string}\"},\"query-input\":{\"@type\":\"PropertyValueSpecification\",\"valueRequired\":true,\"valueName\":\"search_term_string\"}}],\"inLanguage\":\"fr-FR\"},{\"@type\":\"Organization\",\"@id\":\"https:\/\/www.livingstonintl.com\/fr\/#organization\",\"name\":\"Livingston International\",\"url\":\"https:\/\/www.livingstonintl.com\/fr\/\",\"logo\":{\"@type\":\"ImageObject\",\"inLanguage\":\"fr-FR\",\"@id\":\"https:\/\/www.livingstonintl.com\/fr\/#\/schema\/logo\/image\/\",\"url\":\"https:\/\/cdn.livingstonintl.com\/livingston-content\/uploads\/2022\/09\/12163235\/2022-livingston-fb.jpg\",\"contentUrl\":\"https:\/\/cdn.livingstonintl.com\/livingston-content\/uploads\/2022\/09\/12163235\/2022-livingston-fb.jpg\",\"width\":1200,\"height\":630,\"caption\":\"Livingston International\"},\"image\":{\"@id\":\"https:\/\/www.livingstonintl.com\/fr\/#\/schema\/logo\/image\/\"},\"sameAs\":[\"https:\/\/www.facebook.com\/livingstoninternational\",\"https:\/\/x.com\/livingston_intl\",\"https:\/\/linkedin.com\/company\/livingston-international\"]}]}<\/script>\n<!-- \/ Yoast SEO plugin. -->","yoast_head_json":{"title":"David Schulingkamp - Livingston International","robots":{"index":"index","follow":"follow","max-snippet":"max-snippet:-1","max-image-preview":"max-image-preview:large","max-video-preview":"max-video-preview:-1"},"canonical":"https:\/\/www.livingstonintl.com\/fr\/a-propos-de-nous\/executive-team\/david-schulingkamp\/","og_locale":"fr_FR","og_type":"article","og_title":"David Schulingkamp - Livingston International","og_description":"David Schulingkamp Vice-pr\u00e9sident, transit international, \u00c9tats-Unis David Schulingkamp est entr\u00e9 chez Livingston en 2012 apr\u00e8s l\u2019acquisition de M.G. Maher and Company et de MCLX, bas\u00e9es \u00e0 la Nouvelle-Orl\u00e9ans. Il dirige maintenant tous les aspects du transit international de Livingston aux \u00c9tats-Unis, en transformant ces op\u00e9rations pour accro\u00eetre leur valeur, leur conf\u00e9rer un avantage concurrentiel et... Read more &raquo;","og_url":"https:\/\/www.livingstonintl.com\/fr\/a-propos-de-nous\/executive-team\/david-schulingkamp\/","og_site_name":"Livingston International","article_publisher":"https:\/\/www.facebook.com\/livingstoninternational","og_image":[{"url":"https:\/\/www.livingstonintl.com\/livingston-content\/uploads\/2012\/08\/david_schulingkamp_2013-04-25_portrait-085R.jpg","type":"","width":"","height":""}],"twitter_misc":{"Dur\u00e9e de lecture estim\u00e9e":"2 minutes"},"schema":{"@context":"https:\/\/schema.org","@graph":[{"@type":"WebPage","@id":"https:\/\/www.livingstonintl.com\/fr\/a-propos-de-nous\/executive-team\/david-schulingkamp\/","url":"https:\/\/www.livingstonintl.com\/fr\/a-propos-de-nous\/executive-team\/david-schulingkamp\/","name":"David Schulingkamp - Livingston International","isPartOf":{"@id":"https:\/\/www.livingstonintl.com\/fr\/#website"},"datePublished":"2015-11-12T17:10:06+00:00","breadcrumb":{"@id":"https:\/\/www.livingstonintl.com\/fr\/a-propos-de-nous\/executive-team\/david-schulingkamp\/#breadcrumb"},"inLanguage":"fr-FR","potentialAction":[{"@type":"ReadAction","target":["https:\/\/www.livingstonintl.com\/fr\/a-propos-de-nous\/executive-team\/david-schulingkamp\/"]}]},{"@type":"BreadcrumbList","@id":"https:\/\/www.livingstonintl.com\/fr\/a-propos-de-nous\/executive-team\/david-schulingkamp\/#breadcrumb","itemListElement":[{"@type":"ListItem","position":1,"name":"Accueil","item":"https:\/\/www.livingstonintl.com\/fr\/"},{"@type":"ListItem","position":2,"name":"\u00c0 propos de nous","item":"https:\/\/www.livingstonintl.com\/fr\/a-propos-de-nous\/"},{"@type":"ListItem","position":3,"name":"Direction","item":"https:\/\/www.livingstonintl.com\/fr\/a-propos-de-nous\/executive-team\/"},{"@type":"ListItem","position":4,"name":"David Schulingkamp"}]},{"@type":"WebSite","@id":"https:\/\/www.livingstonintl.com\/fr\/#website","url":"https:\/\/www.livingstonintl.com\/fr\/","name":"Livingston International","description":"Simplify Trade","publisher":{"@id":"https:\/\/www.livingstonintl.com\/fr\/#organization"},"potentialAction":[{"@type":"SearchAction","target":{"@type":"EntryPoint","urlTemplate":"https:\/\/www.livingstonintl.com\/fr\/?s={search_term_string}"},"query-input":{"@type":"PropertyValueSpecification","valueRequired":true,"valueName":"search_term_string"}}],"inLanguage":"fr-FR"},{"@type":"Organization","@id":"https:\/\/www.livingstonintl.com\/fr\/#organization","name":"Livingston International","url":"https:\/\/www.livingstonintl.com\/fr\/","logo":{"@type":"ImageObject","inLanguage":"fr-FR","@id":"https:\/\/www.livingstonintl.com\/fr\/#\/schema\/logo\/image\/","url":"https:\/\/cdn.livingstonintl.com\/livingston-content\/uploads\/2022\/09\/12163235\/2022-livingston-fb.jpg","contentUrl":"https:\/\/cdn.livingstonintl.com\/livingston-content\/uploads\/2022\/09\/12163235\/2022-livingston-fb.jpg","width":1200,"height":630,"caption":"Livingston International"},"image":{"@id":"https:\/\/www.livingstonintl.com\/fr\/#\/schema\/logo\/image\/"},"sameAs":["https:\/\/www.facebook.com\/livingstoninternational","https:\/\/x.com\/livingston_intl","https:\/\/linkedin.com\/company\/livingston-international"]}]}},"_links":{"self":[{"href":"https:\/\/wp.livingstonintl.com\/fr\/wp-json\/wp\/v2\/pages\/28713","targetHints":{"allow":["GET"]}}],"collection":[{"href":"https:\/\/wp.livingstonintl.com\/fr\/wp-json\/wp\/v2\/pages"}],"about":[{"href":"https:\/\/wp.livingstonintl.com\/fr\/wp-json\/wp\/v2\/types\/page"}],"author":[{"embeddable":true,"href":"https:\/\/wp.livingstonintl.com\/fr\/wp-json\/wp\/v2\/users\/32"}],"replies":[{"embeddable":true,"href":"https:\/\/wp.livingstonintl.com\/fr\/wp-json\/wp\/v2\/comments?post=28713"}],"version-history":[{"count":0,"href":"https:\/\/wp.livingstonintl.com\/fr\/wp-json\/wp\/v2\/pages\/28713\/revisions"}],"up":[{"embeddable":true,"href":"https:\/\/wp.livingstonintl.com\/fr\/wp-json\/wp\/v2\/pages\/354"}],"wp:attachment":[{"href":"https:\/\/wp.livingstonintl.com\/fr\/wp-json\/wp\/v2\/media?parent=28713"}],"curies":[{"name":"wp","href":"https:\/\/api.w.org\/{rel}","templated":true}]}}