{"id":28742,"date":"2015-11-12T17:31:27","date_gmt":"2015-11-12T17:31:27","guid":{"rendered":"http:\/\/livingston.gocactus.com\/fr\/?page_id=28742"},"modified":"2024-08-22T09:37:45","modified_gmt":"2024-08-22T13:37:45","slug":"robert-smith","status":"publish","type":"page","link":"https:\/\/www.livingstonintl.com\/fr\/a-propos-de-nous\/executive-team\/robert-smith\/","title":{"rendered":"Robert Smith"},"content":{"rendered":"<h3 class=\"wp-block-heading\">Pr\u00e9sident-directeur g\u00e9n\u00e9ral<\/h3>\n<p>Apr\u00e8s plus d\u2019une d\u00e9cennie \u00e0 occuper des postes de direction au sein de l\u2019organisation commerciale de Livingston, Robert a officiellement pris la direction de l\u2019entreprise en 2023 lorsqu\u2019il a \u00e9t\u00e9 nomm\u00e9 co-PDG et finalement PDG dans le but de revigorer la dynamique de longue date de l\u2019entreprise qui consiste \u00e0 servir les gens.<\/p>\n<p>Tout au long de son mandat chez Livingston, Robert a plac\u00e9 les gens au centre de tout ce qu\u2019il fait, qu\u2019il s\u2019agisse d\u2019encourager les talents au sein de l\u2019organisation commerciale, de trouver des occasions d\u2019accro\u00eetre l\u2019engagement des clients ou d\u2019humaniser le marketing de Livingston.<\/p>\n<p>Il a acquis la r\u00e9putation d\u2019\u00eatre transparent et direct, ce qui lui a permis de gagner la confiance de ses pairs et des nombreuses \u00e9quipes de l\u2019organisation commerciale, tout en \u00e9tant un visionnaire de l\u2019orientation future de l\u2019entreprise et un champion de son programme d\u2019innovation.<\/p>\n<p>En tant que directeur commercial, Robert a permis \u00e0 l\u2019entreprise de conna\u00eetre une croissance \u00e0 deux chiffres de son chiffre d\u2019affaires, en d\u00e9passant constamment les objectifs de vente gr\u00e2ce \u00e0 une attention particuli\u00e8re port\u00e9e \u00e0 la compr\u00e9hension et \u00e0 la satisfaction des besoins fondamentaux de la client\u00e8le diversifi\u00e9e de l\u2019entreprise. Son succ\u00e8s est enracin\u00e9 dans sa capacit\u00e9 instinctive \u00e0 \u00e9valuer comment les d\u00e9cideurs commerciaux naviguent dans les complexit\u00e9s li\u00e9es aux perturbations commerciales et l\u2019impact que ces perturbations ont sur leurs r\u00e9sultats.<\/p>\n<p>Outre son succ\u00e8s dans le domaine des ventes et de la g\u00e9n\u00e9ration de revenus, Robert a ouvert la voie \u00e0 une \u00e8re d\u2019innovation accrue chez Livingston, avec la mise en place d\u2019un portail client pour la documentation et les paiements, entre autres projets cl\u00e9s. Il a \u00e9galement jou\u00e9 un r\u00f4le d\u00e9terminant dans la r\u00e9organisation de l\u2019organisation commerciale afin d\u2019optimiser l\u2019exp\u00e9rience-client.<\/p>\n<p>Avant de se joindre \u00e0 Livingston en 2013, Robert a occup\u00e9 des postes de haute direction au sein des organisations commerciales d\u2019Iron Mountain et d\u2019Automatic Data Processing Inc. (ADP) aux \u00c9tats-Unis et au Canada.<\/p>\n<p>Robert est titulaire d\u2019un baccalaur\u00e9at \u00e8s arts de l\u2019Universit\u00e9 York \u00e0 Toronto.<\/p>\n","protected":false},"excerpt":{"rendered":"<p>Pr\u00e9sident-directeur g\u00e9n\u00e9ral Apr\u00e8s plus d\u2019une d\u00e9cennie \u00e0 occuper des postes de direction au sein de l\u2019organisation commerciale de Livingston, Robert a officiellement pris la direction de l\u2019entreprise en 2023 lorsqu\u2019il a \u00e9t\u00e9 nomm\u00e9 co-PDG et finalement PDG dans le but de revigorer la dynamique de longue date de l\u2019entreprise qui consiste \u00e0 servir les gens.<a class=\"excerpt-read-more\" href=\"https:\/\/www.livingstonintl.com\/fr\/a-propos-de-nous\/executive-team\/robert-smith\/\" title=\"ReadRobert Smith\">&#8230; Read more &raquo;<\/a><\/p>\n","protected":false},"author":32,"featured_media":0,"parent":354,"menu_order":463,"comment_status":"closed","ping_status":"closed","template":"template-page\/page-minimal.php","meta":{"_acf_changed":false,"footnotes":""},"class_list":["post-28742","page","type-page","status-publish","hentry"],"acf":[],"yoast_head":"<!-- This site is optimized with the Yoast SEO plugin v27.2 - https:\/\/yoast.com\/product\/yoast-seo-wordpress\/ -->\n<title>Robert Smith - Livingston International<\/title>\n<meta name=\"description\" content=\"Apr\u00e8s plus d\u2019une d\u00e9cennie \u00e0 occuper des postes de direction au sein de l\u2019organisation commerciale de Livingston, Robert a officiellement pris la direction de l\u2019entreprise en 2023 lorsqu\u2019il a \u00e9t\u00e9 nomm\u00e9 co-PDG et finalement PDG dans le but de revigorer la dynamique de longue date de l\u2019entreprise qui consiste \u00e0 servir les gens.\" \/>\n<meta name=\"robots\" content=\"index, follow, max-snippet:-1, max-image-preview:large, max-video-preview:-1\" \/>\n<link rel=\"canonical\" href=\"https:\/\/www.livingstonintl.com\/fr\/a-propos-de-nous\/executive-team\/robert-smith\/\" \/>\n<meta property=\"og:locale\" content=\"fr_FR\" \/>\n<meta property=\"og:type\" content=\"article\" \/>\n<meta property=\"og:title\" content=\"Robert Smith - Livingston International\" \/>\n<meta property=\"og:description\" content=\"Apr\u00e8s plus d\u2019une d\u00e9cennie \u00e0 occuper des postes de direction au sein de l\u2019organisation commerciale de Livingston, Robert a officiellement pris la direction de l\u2019entreprise en 2023 lorsqu\u2019il a \u00e9t\u00e9 nomm\u00e9 co-PDG et finalement PDG dans le but de revigorer la dynamique de longue date de l\u2019entreprise qui consiste \u00e0 servir les gens.\" \/>\n<meta property=\"og:url\" content=\"https:\/\/www.livingstonintl.com\/fr\/a-propos-de-nous\/executive-team\/robert-smith\/\" \/>\n<meta property=\"og:site_name\" content=\"Livingston International\" \/>\n<meta property=\"article:publisher\" content=\"https:\/\/www.facebook.com\/livingstoninternational\" \/>\n<meta property=\"article:modified_time\" content=\"2024-08-22T13:37:45+00:00\" \/>\n<meta property=\"og:image\" content=\"https:\/\/cdn.livingstonintl.com\/livingston-content\/uploads\/2022\/09\/12163235\/2022-livingston-fb.jpg\" \/>\n\t<meta property=\"og:image:width\" content=\"1200\" \/>\n\t<meta property=\"og:image:height\" content=\"630\" \/>\n\t<meta property=\"og:image:type\" content=\"image\/jpeg\" \/>\n<meta name=\"twitter:label1\" content=\"Dur\u00e9e de lecture estim\u00e9e\" \/>\n\t<meta name=\"twitter:data1\" content=\"2 minutes\" \/>\n<script type=\"application\/ld+json\" class=\"yoast-schema-graph\">{\"@context\":\"https:\/\/schema.org\",\"@graph\":[{\"@type\":\"WebPage\",\"@id\":\"https:\/\/www.livingstonintl.com\/fr\/a-propos-de-nous\/executive-team\/robert-smith\/\",\"url\":\"https:\/\/www.livingstonintl.com\/fr\/a-propos-de-nous\/executive-team\/robert-smith\/\",\"name\":\"Robert Smith - Livingston International\",\"isPartOf\":{\"@id\":\"https:\/\/www.livingstonintl.com\/fr\/#website\"},\"datePublished\":\"2015-11-12T17:31:27+00:00\",\"dateModified\":\"2024-08-22T13:37:45+00:00\",\"description\":\"Apr\u00e8s plus d\u2019une d\u00e9cennie \u00e0 occuper des postes de direction au sein de l\u2019organisation commerciale de Livingston, Robert a officiellement pris la direction de l\u2019entreprise en 2023 lorsqu\u2019il a \u00e9t\u00e9 nomm\u00e9 co-PDG et finalement PDG dans le but de revigorer la dynamique de longue date de l\u2019entreprise qui consiste \u00e0 servir les gens.\",\"breadcrumb\":{\"@id\":\"https:\/\/www.livingstonintl.com\/fr\/a-propos-de-nous\/executive-team\/robert-smith\/#breadcrumb\"},\"inLanguage\":\"fr-FR\",\"potentialAction\":[{\"@type\":\"ReadAction\",\"target\":[\"https:\/\/www.livingstonintl.com\/fr\/a-propos-de-nous\/executive-team\/robert-smith\/\"]}]},{\"@type\":\"BreadcrumbList\",\"@id\":\"https:\/\/www.livingstonintl.com\/fr\/a-propos-de-nous\/executive-team\/robert-smith\/#breadcrumb\",\"itemListElement\":[{\"@type\":\"ListItem\",\"position\":1,\"name\":\"Accueil\",\"item\":\"https:\/\/www.livingstonintl.com\/fr\/\"},{\"@type\":\"ListItem\",\"position\":2,\"name\":\"\u00c0 propos de nous\",\"item\":\"https:\/\/www.livingstonintl.com\/fr\/a-propos-de-nous\/\"},{\"@type\":\"ListItem\",\"position\":3,\"name\":\"Direction\",\"item\":\"https:\/\/www.livingstonintl.com\/fr\/a-propos-de-nous\/executive-team\/\"},{\"@type\":\"ListItem\",\"position\":4,\"name\":\"Robert Smith\"}]},{\"@type\":\"WebSite\",\"@id\":\"https:\/\/www.livingstonintl.com\/fr\/#website\",\"url\":\"https:\/\/www.livingstonintl.com\/fr\/\",\"name\":\"Livingston International\",\"description\":\"Simplify Trade\",\"publisher\":{\"@id\":\"https:\/\/www.livingstonintl.com\/fr\/#organization\"},\"potentialAction\":[{\"@type\":\"SearchAction\",\"target\":{\"@type\":\"EntryPoint\",\"urlTemplate\":\"https:\/\/www.livingstonintl.com\/fr\/?s={search_term_string}\"},\"query-input\":{\"@type\":\"PropertyValueSpecification\",\"valueRequired\":true,\"valueName\":\"search_term_string\"}}],\"inLanguage\":\"fr-FR\"},{\"@type\":\"Organization\",\"@id\":\"https:\/\/www.livingstonintl.com\/fr\/#organization\",\"name\":\"Livingston International\",\"url\":\"https:\/\/www.livingstonintl.com\/fr\/\",\"logo\":{\"@type\":\"ImageObject\",\"inLanguage\":\"fr-FR\",\"@id\":\"https:\/\/www.livingstonintl.com\/fr\/#\/schema\/logo\/image\/\",\"url\":\"https:\/\/cdn.livingstonintl.com\/livingston-content\/uploads\/2022\/09\/12163235\/2022-livingston-fb.jpg\",\"contentUrl\":\"https:\/\/cdn.livingstonintl.com\/livingston-content\/uploads\/2022\/09\/12163235\/2022-livingston-fb.jpg\",\"width\":1200,\"height\":630,\"caption\":\"Livingston International\"},\"image\":{\"@id\":\"https:\/\/www.livingstonintl.com\/fr\/#\/schema\/logo\/image\/\"},\"sameAs\":[\"https:\/\/www.facebook.com\/livingstoninternational\",\"https:\/\/x.com\/livingston_intl\",\"https:\/\/linkedin.com\/company\/livingston-international\"]}]}<\/script>\n<!-- \/ Yoast SEO plugin. -->","yoast_head_json":{"title":"Robert Smith - Livingston International","description":"Apr\u00e8s plus d\u2019une d\u00e9cennie \u00e0 occuper des postes de direction au sein de l\u2019organisation commerciale de Livingston, Robert a officiellement pris la direction de l\u2019entreprise en 2023 lorsqu\u2019il a \u00e9t\u00e9 nomm\u00e9 co-PDG et finalement PDG dans le but de revigorer la dynamique de longue date de l\u2019entreprise qui consiste \u00e0 servir les gens.","robots":{"index":"index","follow":"follow","max-snippet":"max-snippet:-1","max-image-preview":"max-image-preview:large","max-video-preview":"max-video-preview:-1"},"canonical":"https:\/\/www.livingstonintl.com\/fr\/a-propos-de-nous\/executive-team\/robert-smith\/","og_locale":"fr_FR","og_type":"article","og_title":"Robert Smith - Livingston International","og_description":"Apr\u00e8s plus d\u2019une d\u00e9cennie \u00e0 occuper des postes de direction au sein de l\u2019organisation commerciale de Livingston, Robert a officiellement pris la direction de l\u2019entreprise en 2023 lorsqu\u2019il a \u00e9t\u00e9 nomm\u00e9 co-PDG et finalement PDG dans le but de revigorer la dynamique de longue date de l\u2019entreprise qui consiste \u00e0 servir les gens.","og_url":"https:\/\/www.livingstonintl.com\/fr\/a-propos-de-nous\/executive-team\/robert-smith\/","og_site_name":"Livingston International","article_publisher":"https:\/\/www.facebook.com\/livingstoninternational","article_modified_time":"2024-08-22T13:37:45+00:00","og_image":[{"width":1200,"height":630,"url":"https:\/\/cdn.livingstonintl.com\/livingston-content\/uploads\/2022\/09\/12163235\/2022-livingston-fb.jpg","type":"image\/jpeg"}],"twitter_misc":{"Dur\u00e9e de lecture estim\u00e9e":"2 minutes"},"schema":{"@context":"https:\/\/schema.org","@graph":[{"@type":"WebPage","@id":"https:\/\/www.livingstonintl.com\/fr\/a-propos-de-nous\/executive-team\/robert-smith\/","url":"https:\/\/www.livingstonintl.com\/fr\/a-propos-de-nous\/executive-team\/robert-smith\/","name":"Robert Smith - Livingston International","isPartOf":{"@id":"https:\/\/www.livingstonintl.com\/fr\/#website"},"datePublished":"2015-11-12T17:31:27+00:00","dateModified":"2024-08-22T13:37:45+00:00","description":"Apr\u00e8s plus d\u2019une d\u00e9cennie \u00e0 occuper des postes de direction au sein de l\u2019organisation commerciale de Livingston, Robert a officiellement pris la direction de l\u2019entreprise en 2023 lorsqu\u2019il a \u00e9t\u00e9 nomm\u00e9 co-PDG et finalement PDG dans le but de revigorer la dynamique de longue date de l\u2019entreprise qui consiste \u00e0 servir les gens.","breadcrumb":{"@id":"https:\/\/www.livingstonintl.com\/fr\/a-propos-de-nous\/executive-team\/robert-smith\/#breadcrumb"},"inLanguage":"fr-FR","potentialAction":[{"@type":"ReadAction","target":["https:\/\/www.livingstonintl.com\/fr\/a-propos-de-nous\/executive-team\/robert-smith\/"]}]},{"@type":"BreadcrumbList","@id":"https:\/\/www.livingstonintl.com\/fr\/a-propos-de-nous\/executive-team\/robert-smith\/#breadcrumb","itemListElement":[{"@type":"ListItem","position":1,"name":"Accueil","item":"https:\/\/www.livingstonintl.com\/fr\/"},{"@type":"ListItem","position":2,"name":"\u00c0 propos de nous","item":"https:\/\/www.livingstonintl.com\/fr\/a-propos-de-nous\/"},{"@type":"ListItem","position":3,"name":"Direction","item":"https:\/\/www.livingstonintl.com\/fr\/a-propos-de-nous\/executive-team\/"},{"@type":"ListItem","position":4,"name":"Robert Smith"}]},{"@type":"WebSite","@id":"https:\/\/www.livingstonintl.com\/fr\/#website","url":"https:\/\/www.livingstonintl.com\/fr\/","name":"Livingston International","description":"Simplify Trade","publisher":{"@id":"https:\/\/www.livingstonintl.com\/fr\/#organization"},"potentialAction":[{"@type":"SearchAction","target":{"@type":"EntryPoint","urlTemplate":"https:\/\/www.livingstonintl.com\/fr\/?s={search_term_string}"},"query-input":{"@type":"PropertyValueSpecification","valueRequired":true,"valueName":"search_term_string"}}],"inLanguage":"fr-FR"},{"@type":"Organization","@id":"https:\/\/www.livingstonintl.com\/fr\/#organization","name":"Livingston International","url":"https:\/\/www.livingstonintl.com\/fr\/","logo":{"@type":"ImageObject","inLanguage":"fr-FR","@id":"https:\/\/www.livingstonintl.com\/fr\/#\/schema\/logo\/image\/","url":"https:\/\/cdn.livingstonintl.com\/livingston-content\/uploads\/2022\/09\/12163235\/2022-livingston-fb.jpg","contentUrl":"https:\/\/cdn.livingstonintl.com\/livingston-content\/uploads\/2022\/09\/12163235\/2022-livingston-fb.jpg","width":1200,"height":630,"caption":"Livingston International"},"image":{"@id":"https:\/\/www.livingstonintl.com\/fr\/#\/schema\/logo\/image\/"},"sameAs":["https:\/\/www.facebook.com\/livingstoninternational","https:\/\/x.com\/livingston_intl","https:\/\/linkedin.com\/company\/livingston-international"]}]}},"_links":{"self":[{"href":"https:\/\/wp.livingstonintl.com\/fr\/wp-json\/wp\/v2\/pages\/28742","targetHints":{"allow":["GET"]}}],"collection":[{"href":"https:\/\/wp.livingstonintl.com\/fr\/wp-json\/wp\/v2\/pages"}],"about":[{"href":"https:\/\/wp.livingstonintl.com\/fr\/wp-json\/wp\/v2\/types\/page"}],"author":[{"embeddable":true,"href":"https:\/\/wp.livingstonintl.com\/fr\/wp-json\/wp\/v2\/users\/32"}],"replies":[{"embeddable":true,"href":"https:\/\/wp.livingstonintl.com\/fr\/wp-json\/wp\/v2\/comments?post=28742"}],"version-history":[{"count":3,"href":"https:\/\/wp.livingstonintl.com\/fr\/wp-json\/wp\/v2\/pages\/28742\/revisions"}],"predecessor-version":[{"id":60733,"href":"https:\/\/wp.livingstonintl.com\/fr\/wp-json\/wp\/v2\/pages\/28742\/revisions\/60733"}],"up":[{"embeddable":true,"href":"https:\/\/wp.livingstonintl.com\/fr\/wp-json\/wp\/v2\/pages\/354"}],"wp:attachment":[{"href":"https:\/\/wp.livingstonintl.com\/fr\/wp-json\/wp\/v2\/media?parent=28742"}],"curies":[{"name":"wp","href":"https:\/\/api.w.org\/{rel}","templated":true}]}}