{"id":28982,"date":"2015-11-17T21:57:18","date_gmt":"2015-11-17T21:57:18","guid":{"rendered":"http:\/\/livingston.gocactus.com\/fr\/?page_id=28982"},"modified":"2015-11-17T21:57:18","modified_gmt":"2015-11-17T21:57:18","slug":"importation-a-lamerique-du-nord","status":"publish","type":"page","link":"https:\/\/www.livingstonintl.com\/fr\/experience-fr\/besoins-commerciaux\/importation-a-lamerique-du-nord\/","title":{"rendered":"Importation \u00e0 l&rsquo;Am\u00e9rique du Nord"},"content":{"rendered":"<h3>Services complets de courtage en douane et de conformit\u00e9 douani\u00e8re<\/h3>\n<p>Accapar\u00e9s par la gestion de votre cha\u00eene d\u2019approvisionnement internationale, vous ne devriez pas avoir \u00e0 vous soucier du d\u00e9douanement de vos marchandises et de leur conformit\u00e9.<\/p>\n<p>La Soci\u00e9t\u00e9 internationale Livingston s\u2019est b\u00e2ti sa r\u00e9putation de chef de file du courtage en douane en Am\u00e9rique du Nord en \u00e9pargnant \u00e0 ses clients les nombreux d\u00e9fis que posent les importations. Aucun autre courtier en douane n\u2019offre \u00e0 ses clients la couverture g\u00e9ographique nord-am\u00e9ricaine, les \u00e9quipes d\u00e9vou\u00e9es et la technologie de pointe que Livingston met \u00e0 votre disposition.<\/p>\n<p>Les services de courtage en douane\/d\u00e9douanement que nous offrons aux entreprises qui importent au Canada et aux \u00c9tats-Unis comprennent\u00a0:<\/p>\n<ul>\n<li>Mainlev\u00e9e des marchandises, y compris classement \u00e0 premi\u00e8re vue et pr\u00e9sentation de la d\u00e9claration<\/li>\n<li>Collecte et maintenance des certificats d\u2019origine ALENA<\/li>\n<li>Facilitation du paiement des taxes et droits<\/li>\n<li>Soumission des drawbacks et traitement des demandes de remboursement<\/li>\n<li>Services aux importateurs autod\u00e9douaneurs<\/li>\n<li>Services aux importateurs non-r\u00e9sidents<\/li>\n<li>Services postd\u00e9claratoires<\/li>\n<li>Services de rapprochement<\/li>\n<li>Services d\u2019exportation<\/li>\n<\/ul>\n<p><a href=\"\/?page_id=70\">Contactez un de nos sp\u00e9cialistes<\/a> pour savoir comment Livingston peut vous lib\u00e9rer des tracas du d\u00e9douanement et de la conformit\u00e9.<\/p>\n<p>D\u00e9couvrez les services connexes que nous offrons aux entreprises qui importent au Canada et aux \u00c9tats-Unis\u00a0:<\/p>\n<ul>\n<li><a href=\"\/fr\/services\/services-de-gestion-des-operations-commerciales\/\">Gamme compl\u00e8te de services de conformit\u00e9 \u00e0 la r\u00e9glementation<\/a><\/li>\n<li><a href=\"\/fr\/services\/gestion-du-commerce-mondial\/\">Gestion du commerce mondial<\/a><\/li>\n<li><a href=\"\/fr\/services\/courtage-en-douane\/courtage-en-douane-americain\/solutions-technologiques\/\">Solutions technologiques \u00c9tats-Unis<\/a><\/li>\n<li><a href=\"\/fr\/services\/courtage-en-douane\/courtage-en-douane-canadien\/solutions-technologiques\/\">Solutions technologiques Canada<\/a><\/li>\n<li><a href=\"\/fr\/services\/courtage-en-douane\/abonnez-vous-a-insight\/\">Abonnement \u00e0 Insight\u00ae Compliance Center<\/a><\/li>\n<li><a href=\"\/fr\/services\/courtage-en-douane\/courtage-en-douane-americain\/services-isf-102\/\">Services de d\u00e9claration de s\u00e9curit\u00e9 de l\u2019importateur 10+2 (\u00c9.-U.)<\/a><\/li>\n<li><a href=\"\/fr\/services\/courtage-en-douane\/courtage-en-douane-canadien\/services-aux-importateurs-autodedouaneurs\/\">Services aux importateurs autod\u00e9douaneurs canadiens<\/a><\/li>\n<\/ul>\n","protected":false},"excerpt":{"rendered":"<p>Services complets de courtage en douane et de conformit\u00e9 douani\u00e8re Accapar\u00e9s par la gestion de votre cha\u00eene d\u2019approvisionnement internationale, vous ne devriez pas avoir \u00e0 vous soucier du d\u00e9douanement de vos marchandises et de leur conformit\u00e9. La Soci\u00e9t\u00e9 internationale Livingston s\u2019est b\u00e2ti sa r\u00e9putation de chef de file du courtage en douane en Am\u00e9rique du<a class=\"excerpt-read-more\" href=\"https:\/\/www.livingstonintl.com\/fr\/experience-fr\/besoins-commerciaux\/importation-a-lamerique-du-nord\/\" title=\"ReadImportation \u00e0 l&rsquo;Am\u00e9rique du Nord\">&#8230; Read more &raquo;<\/a><\/p>\n","protected":false},"author":36,"featured_media":0,"parent":28387,"menu_order":493,"comment_status":"closed","ping_status":"closed","template":"","meta":{"_acf_changed":false,"footnotes":""},"class_list":["post-28982","page","type-page","status-publish","hentry"],"acf":[],"yoast_head":"<!-- This site is optimized with the Yoast SEO plugin v27.2 - https:\/\/yoast.com\/product\/yoast-seo-wordpress\/ -->\n<title>Importation \u00e0 l&#039;Am\u00e9rique du Nord - Livingston International<\/title>\n<meta name=\"robots\" content=\"index, follow, max-snippet:-1, max-image-preview:large, max-video-preview:-1\" \/>\n<link rel=\"canonical\" href=\"https:\/\/www.livingstonintl.com\/fr\/experience-fr\/besoins-commerciaux\/importation-a-lamerique-du-nord\/\" \/>\n<meta property=\"og:locale\" content=\"fr_FR\" \/>\n<meta property=\"og:type\" content=\"article\" \/>\n<meta property=\"og:title\" content=\"Importation \u00e0 l&#039;Am\u00e9rique du Nord - Livingston International\" \/>\n<meta property=\"og:description\" content=\"Services complets de courtage en douane et de conformit\u00e9 douani\u00e8re Accapar\u00e9s par la gestion de votre cha\u00eene d\u2019approvisionnement internationale, vous ne devriez pas avoir \u00e0 vous soucier du d\u00e9douanement de vos marchandises et de leur conformit\u00e9. La Soci\u00e9t\u00e9 internationale Livingston s\u2019est b\u00e2ti sa r\u00e9putation de chef de file du courtage en douane en Am\u00e9rique du... Read more &raquo;\" \/>\n<meta property=\"og:url\" content=\"https:\/\/www.livingstonintl.com\/fr\/experience-fr\/besoins-commerciaux\/importation-a-lamerique-du-nord\/\" \/>\n<meta property=\"og:site_name\" content=\"Livingston International\" \/>\n<meta property=\"article:publisher\" content=\"https:\/\/www.facebook.com\/livingstoninternational\" \/>\n<meta property=\"og:image\" content=\"https:\/\/cdn.livingstonintl.com\/livingston-content\/uploads\/2022\/09\/12163235\/2022-livingston-fb.jpg\" \/>\n\t<meta property=\"og:image:width\" content=\"1200\" \/>\n\t<meta property=\"og:image:height\" content=\"630\" \/>\n\t<meta property=\"og:image:type\" content=\"image\/jpeg\" \/>\n<meta name=\"twitter:label1\" content=\"Dur\u00e9e de lecture estim\u00e9e\" \/>\n\t<meta name=\"twitter:data1\" content=\"1 minute\" \/>\n<script type=\"application\/ld+json\" class=\"yoast-schema-graph\">{\"@context\":\"https:\/\/schema.org\",\"@graph\":[{\"@type\":\"WebPage\",\"@id\":\"https:\/\/www.livingstonintl.com\/fr\/experience-fr\/besoins-commerciaux\/importation-a-lamerique-du-nord\/\",\"url\":\"https:\/\/www.livingstonintl.com\/fr\/experience-fr\/besoins-commerciaux\/importation-a-lamerique-du-nord\/\",\"name\":\"Importation \u00e0 l'Am\u00e9rique du Nord - Livingston International\",\"isPartOf\":{\"@id\":\"https:\/\/www.livingstonintl.com\/fr\/#website\"},\"datePublished\":\"2015-11-17T21:57:18+00:00\",\"breadcrumb\":{\"@id\":\"https:\/\/www.livingstonintl.com\/fr\/experience-fr\/besoins-commerciaux\/importation-a-lamerique-du-nord\/#breadcrumb\"},\"inLanguage\":\"fr-FR\",\"potentialAction\":[{\"@type\":\"ReadAction\",\"target\":[\"https:\/\/www.livingstonintl.com\/fr\/experience-fr\/besoins-commerciaux\/importation-a-lamerique-du-nord\/\"]}]},{\"@type\":\"BreadcrumbList\",\"@id\":\"https:\/\/www.livingstonintl.com\/fr\/experience-fr\/besoins-commerciaux\/importation-a-lamerique-du-nord\/#breadcrumb\",\"itemListElement\":[{\"@type\":\"ListItem\",\"position\":1,\"name\":\"Accueil\",\"item\":\"https:\/\/www.livingstonintl.com\/fr\/\"},{\"@type\":\"ListItem\",\"position\":2,\"name\":\"Experience\",\"item\":\"https:\/\/www.livingstonintl.com\/fr\/experience-fr\/\"},{\"@type\":\"ListItem\",\"position\":3,\"name\":\"Besoins commerciaux\",\"item\":\"https:\/\/www.livingstonintl.com\/fr\/experience-fr\/besoins-commerciaux\/\"},{\"@type\":\"ListItem\",\"position\":4,\"name\":\"Importation \u00e0 l&rsquo;Am\u00e9rique du Nord\"}]},{\"@type\":\"WebSite\",\"@id\":\"https:\/\/www.livingstonintl.com\/fr\/#website\",\"url\":\"https:\/\/www.livingstonintl.com\/fr\/\",\"name\":\"Livingston International\",\"description\":\"Simplify Trade\",\"publisher\":{\"@id\":\"https:\/\/www.livingstonintl.com\/fr\/#organization\"},\"potentialAction\":[{\"@type\":\"SearchAction\",\"target\":{\"@type\":\"EntryPoint\",\"urlTemplate\":\"https:\/\/www.livingstonintl.com\/fr\/?s={search_term_string}\"},\"query-input\":{\"@type\":\"PropertyValueSpecification\",\"valueRequired\":true,\"valueName\":\"search_term_string\"}}],\"inLanguage\":\"fr-FR\"},{\"@type\":\"Organization\",\"@id\":\"https:\/\/www.livingstonintl.com\/fr\/#organization\",\"name\":\"Livingston International\",\"url\":\"https:\/\/www.livingstonintl.com\/fr\/\",\"logo\":{\"@type\":\"ImageObject\",\"inLanguage\":\"fr-FR\",\"@id\":\"https:\/\/www.livingstonintl.com\/fr\/#\/schema\/logo\/image\/\",\"url\":\"https:\/\/cdn.livingstonintl.com\/livingston-content\/uploads\/2022\/09\/12163235\/2022-livingston-fb.jpg\",\"contentUrl\":\"https:\/\/cdn.livingstonintl.com\/livingston-content\/uploads\/2022\/09\/12163235\/2022-livingston-fb.jpg\",\"width\":1200,\"height\":630,\"caption\":\"Livingston International\"},\"image\":{\"@id\":\"https:\/\/www.livingstonintl.com\/fr\/#\/schema\/logo\/image\/\"},\"sameAs\":[\"https:\/\/www.facebook.com\/livingstoninternational\",\"https:\/\/x.com\/livingston_intl\",\"https:\/\/linkedin.com\/company\/livingston-international\"]}]}<\/script>\n<!-- \/ Yoast SEO plugin. -->","yoast_head_json":{"title":"Importation \u00e0 l'Am\u00e9rique du Nord - Livingston International","robots":{"index":"index","follow":"follow","max-snippet":"max-snippet:-1","max-image-preview":"max-image-preview:large","max-video-preview":"max-video-preview:-1"},"canonical":"https:\/\/www.livingstonintl.com\/fr\/experience-fr\/besoins-commerciaux\/importation-a-lamerique-du-nord\/","og_locale":"fr_FR","og_type":"article","og_title":"Importation \u00e0 l'Am\u00e9rique du Nord - Livingston International","og_description":"Services complets de courtage en douane et de conformit\u00e9 douani\u00e8re Accapar\u00e9s par la gestion de votre cha\u00eene d\u2019approvisionnement internationale, vous ne devriez pas avoir \u00e0 vous soucier du d\u00e9douanement de vos marchandises et de leur conformit\u00e9. La Soci\u00e9t\u00e9 internationale Livingston s\u2019est b\u00e2ti sa r\u00e9putation de chef de file du courtage en douane en Am\u00e9rique du... Read more &raquo;","og_url":"https:\/\/www.livingstonintl.com\/fr\/experience-fr\/besoins-commerciaux\/importation-a-lamerique-du-nord\/","og_site_name":"Livingston International","article_publisher":"https:\/\/www.facebook.com\/livingstoninternational","og_image":[{"width":1200,"height":630,"url":"https:\/\/cdn.livingstonintl.com\/livingston-content\/uploads\/2022\/09\/12163235\/2022-livingston-fb.jpg","type":"image\/jpeg"}],"twitter_misc":{"Dur\u00e9e de lecture estim\u00e9e":"1 minute"},"schema":{"@context":"https:\/\/schema.org","@graph":[{"@type":"WebPage","@id":"https:\/\/www.livingstonintl.com\/fr\/experience-fr\/besoins-commerciaux\/importation-a-lamerique-du-nord\/","url":"https:\/\/www.livingstonintl.com\/fr\/experience-fr\/besoins-commerciaux\/importation-a-lamerique-du-nord\/","name":"Importation \u00e0 l'Am\u00e9rique du Nord - Livingston International","isPartOf":{"@id":"https:\/\/www.livingstonintl.com\/fr\/#website"},"datePublished":"2015-11-17T21:57:18+00:00","breadcrumb":{"@id":"https:\/\/www.livingstonintl.com\/fr\/experience-fr\/besoins-commerciaux\/importation-a-lamerique-du-nord\/#breadcrumb"},"inLanguage":"fr-FR","potentialAction":[{"@type":"ReadAction","target":["https:\/\/www.livingstonintl.com\/fr\/experience-fr\/besoins-commerciaux\/importation-a-lamerique-du-nord\/"]}]},{"@type":"BreadcrumbList","@id":"https:\/\/www.livingstonintl.com\/fr\/experience-fr\/besoins-commerciaux\/importation-a-lamerique-du-nord\/#breadcrumb","itemListElement":[{"@type":"ListItem","position":1,"name":"Accueil","item":"https:\/\/www.livingstonintl.com\/fr\/"},{"@type":"ListItem","position":2,"name":"Experience","item":"https:\/\/www.livingstonintl.com\/fr\/experience-fr\/"},{"@type":"ListItem","position":3,"name":"Besoins commerciaux","item":"https:\/\/www.livingstonintl.com\/fr\/experience-fr\/besoins-commerciaux\/"},{"@type":"ListItem","position":4,"name":"Importation \u00e0 l&rsquo;Am\u00e9rique du Nord"}]},{"@type":"WebSite","@id":"https:\/\/www.livingstonintl.com\/fr\/#website","url":"https:\/\/www.livingstonintl.com\/fr\/","name":"Livingston International","description":"Simplify Trade","publisher":{"@id":"https:\/\/www.livingstonintl.com\/fr\/#organization"},"potentialAction":[{"@type":"SearchAction","target":{"@type":"EntryPoint","urlTemplate":"https:\/\/www.livingstonintl.com\/fr\/?s={search_term_string}"},"query-input":{"@type":"PropertyValueSpecification","valueRequired":true,"valueName":"search_term_string"}}],"inLanguage":"fr-FR"},{"@type":"Organization","@id":"https:\/\/www.livingstonintl.com\/fr\/#organization","name":"Livingston International","url":"https:\/\/www.livingstonintl.com\/fr\/","logo":{"@type":"ImageObject","inLanguage":"fr-FR","@id":"https:\/\/www.livingstonintl.com\/fr\/#\/schema\/logo\/image\/","url":"https:\/\/cdn.livingstonintl.com\/livingston-content\/uploads\/2022\/09\/12163235\/2022-livingston-fb.jpg","contentUrl":"https:\/\/cdn.livingstonintl.com\/livingston-content\/uploads\/2022\/09\/12163235\/2022-livingston-fb.jpg","width":1200,"height":630,"caption":"Livingston International"},"image":{"@id":"https:\/\/www.livingstonintl.com\/fr\/#\/schema\/logo\/image\/"},"sameAs":["https:\/\/www.facebook.com\/livingstoninternational","https:\/\/x.com\/livingston_intl","https:\/\/linkedin.com\/company\/livingston-international"]}]}},"_links":{"self":[{"href":"https:\/\/wp.livingstonintl.com\/fr\/wp-json\/wp\/v2\/pages\/28982","targetHints":{"allow":["GET"]}}],"collection":[{"href":"https:\/\/wp.livingstonintl.com\/fr\/wp-json\/wp\/v2\/pages"}],"about":[{"href":"https:\/\/wp.livingstonintl.com\/fr\/wp-json\/wp\/v2\/types\/page"}],"author":[{"embeddable":true,"href":"https:\/\/wp.livingstonintl.com\/fr\/wp-json\/wp\/v2\/users\/36"}],"replies":[{"embeddable":true,"href":"https:\/\/wp.livingstonintl.com\/fr\/wp-json\/wp\/v2\/comments?post=28982"}],"version-history":[{"count":0,"href":"https:\/\/wp.livingstonintl.com\/fr\/wp-json\/wp\/v2\/pages\/28982\/revisions"}],"up":[{"embeddable":true,"href":"https:\/\/wp.livingstonintl.com\/fr\/wp-json\/wp\/v2\/pages\/28387"}],"wp:attachment":[{"href":"https:\/\/wp.livingstonintl.com\/fr\/wp-json\/wp\/v2\/media?parent=28982"}],"curies":[{"name":"wp","href":"https:\/\/api.w.org\/{rel}","templated":true}]}}