{"id":28986,"date":"2015-11-17T22:05:14","date_gmt":"2015-11-17T22:05:14","guid":{"rendered":"http:\/\/livingston.gocactus.com\/fr\/?page_id=28986"},"modified":"2015-11-17T22:05:14","modified_gmt":"2015-11-17T22:05:14","slug":"gestion-de-la-conformite-et-des-risques","status":"publish","type":"page","link":"https:\/\/www.livingstonintl.com\/fr\/experience-fr\/besoins-commerciaux\/gestion-de-la-conformite-et-des-risques\/","title":{"rendered":"Gestion de la conformit\u00e9 et des risques"},"content":{"rendered":"<h3>Nous g\u00e9rons la conformit\u00e9 de vos importations pour vous \u00e9viter des sanctions co\u00fbteuses.<\/h3>\n<p>Il peut \u00eatre difficile pour les entreprises, m\u00eame les plus grandes, de maintenir la conformit\u00e9 de leurs importations et exportations. Elles ont de la difficult\u00e9 \u00e0 ma\u00eetriser les exigences r\u00e9glementaires complexes auxquelles sont soumises les exp\u00e9ditions internationales et \u00e0 se tenir au courant de leurs modifications constantes.<\/p>\n<p>Livingston facilite la gestion de la conformit\u00e9 douani\u00e8re et des risques. Avec notre \u00e9quipe de sp\u00e9cialistes, qui connaissent la l\u00e9gislation et la r\u00e9glementation douani\u00e8re applicables sur le bout des doigts, vous \u00eates s\u00fbrs que vos exp\u00e9ditions satisfont \u00e0 toutes les exigences r\u00e9glementaires.<\/p>\n<p>Nos services de conformit\u00e9 comprennent\u00a0:<\/p>\n<ul>\n<li>Assistance \u00e0 la v\u00e9rification douani\u00e8re\u00a0: L\u2019\u00e9quipe de conseil de Livingston peut vous aider \u00e0 vous pr\u00e9parer \u00e0 l\u2019\u00e9ventualit\u00e9 d\u2019une v\u00e9rification, gr\u00e2ce \u00e0 une documentation en r\u00e8gle, ou vous guider en cas de v\u00e9rification r\u00e9elle.<\/li>\n<li>PAD (Programme d\u2019autocotisation des douanes) et ISA (programme d\u2019auto\u00e9valuation des importateurs)\u00a0: L\u2019un des moyens de maintenir sa conformit\u00e9 est de surveiller soi-m\u00eame ses activit\u00e9s commerciales. Livingston Conseil peut vous aider \u00e0 \u00e9laborer un programme d\u2019\u00e9valuation interne veillant \u00e0 la bonne observation de toutes les exigences externes.<\/li>\n<li>C-TPAT (Customs Trade Partnership Against Terrorism) et PEP (Partenaires en protection)\u00a0: Ces programmes officiels, respectivement am\u00e9ricain et canadien, exigent des importateurs un niveau de s\u00e9curit\u00e9 plus \u00e9lev\u00e9, en \u00e9change de quoi ils peuvent b\u00e9n\u00e9ficier d\u2019un traitement commercial pr\u00e9f\u00e9rentiel. Livingston peut vous aider \u00e0 participer \u00e0 ces programmes.<\/li>\n<li>Classement des produits mondiaux\u00a0: Le classement inexact des marchandises est l\u2019un des plus gros probl\u00e8mes en ce qui concerne les importations. Laissez les \u00e9quipes sp\u00e9cialis\u00e9es de Livingston veiller \u00e0 l\u2019exactitude du classement de votre base de donn\u00e9es.<\/li>\n<\/ul>\n<p><a href=\"\/?page_id=70\">Contactez un de nos sp\u00e9cialistes<\/a> pour savoir comment les services de courtage en douane et de conseil de Livingston peuvent vous aider \u00e0 maintenir votre conformit\u00e9.<\/p>\n<p>D\u00e9couvrez les services qu\u2019offre Livingston\u00a0:<\/p>\n<ul>\n<li><a href=\"\/fr\/services\/conseil\/\">Conseil en commerce international<\/a><\/li>\n<li><a href=\"\/fr\/services\/services-de-gestion-des-operations-commerciales\/\">Services de gestion des op\u00e9rations commerciales<\/a><\/li>\n<li><a href=\"\/fr\/services\/gestion-du-commerce-mondial\/\">Gestion du commerce mondial<\/a><\/li>\n<\/ul>\n","protected":false},"excerpt":{"rendered":"<p>Nous g\u00e9rons la conformit\u00e9 de vos importations pour vous \u00e9viter des sanctions co\u00fbteuses. Il peut \u00eatre difficile pour les entreprises, m\u00eame les plus grandes, de maintenir la conformit\u00e9 de leurs importations et exportations. Elles ont de la difficult\u00e9 \u00e0 ma\u00eetriser les exigences r\u00e9glementaires complexes auxquelles sont soumises les exp\u00e9ditions internationales et \u00e0 se tenir au<a class=\"excerpt-read-more\" href=\"https:\/\/www.livingstonintl.com\/fr\/experience-fr\/besoins-commerciaux\/gestion-de-la-conformite-et-des-risques\/\" title=\"ReadGestion de la conformit\u00e9 et des risques\">&#8230; Read more &raquo;<\/a><\/p>\n","protected":false},"author":36,"featured_media":0,"parent":28387,"menu_order":491,"comment_status":"closed","ping_status":"closed","template":"","meta":{"_acf_changed":false,"footnotes":""},"class_list":["post-28986","page","type-page","status-publish","hentry"],"acf":[],"yoast_head":"<!-- This site is optimized with the Yoast SEO plugin v27.2 - https:\/\/yoast.com\/product\/yoast-seo-wordpress\/ -->\n<title>Gestion de la conformit\u00e9 et des risques - Livingston International<\/title>\n<meta name=\"robots\" content=\"index, follow, max-snippet:-1, max-image-preview:large, max-video-preview:-1\" \/>\n<link rel=\"canonical\" href=\"https:\/\/www.livingstonintl.com\/fr\/experience-fr\/besoins-commerciaux\/gestion-de-la-conformite-et-des-risques\/\" \/>\n<meta property=\"og:locale\" content=\"fr_FR\" \/>\n<meta property=\"og:type\" content=\"article\" \/>\n<meta property=\"og:title\" content=\"Gestion de la conformit\u00e9 et des risques - Livingston International\" \/>\n<meta property=\"og:description\" content=\"Nous g\u00e9rons la conformit\u00e9 de vos importations pour vous \u00e9viter des sanctions co\u00fbteuses. Il peut \u00eatre difficile pour les entreprises, m\u00eame les plus grandes, de maintenir la conformit\u00e9 de leurs importations et exportations. Elles ont de la difficult\u00e9 \u00e0 ma\u00eetriser les exigences r\u00e9glementaires complexes auxquelles sont soumises les exp\u00e9ditions internationales et \u00e0 se tenir au... Read more &raquo;\" \/>\n<meta property=\"og:url\" content=\"https:\/\/www.livingstonintl.com\/fr\/experience-fr\/besoins-commerciaux\/gestion-de-la-conformite-et-des-risques\/\" \/>\n<meta property=\"og:site_name\" content=\"Livingston International\" \/>\n<meta property=\"article:publisher\" content=\"https:\/\/www.facebook.com\/livingstoninternational\" \/>\n<meta property=\"og:image\" content=\"https:\/\/cdn.livingstonintl.com\/livingston-content\/uploads\/2022\/09\/12163235\/2022-livingston-fb.jpg\" \/>\n\t<meta property=\"og:image:width\" content=\"1200\" \/>\n\t<meta property=\"og:image:height\" content=\"630\" \/>\n\t<meta property=\"og:image:type\" content=\"image\/jpeg\" \/>\n<meta name=\"twitter:label1\" content=\"Dur\u00e9e de lecture estim\u00e9e\" \/>\n\t<meta name=\"twitter:data1\" content=\"2 minutes\" \/>\n<script type=\"application\/ld+json\" class=\"yoast-schema-graph\">{\"@context\":\"https:\/\/schema.org\",\"@graph\":[{\"@type\":\"WebPage\",\"@id\":\"https:\/\/www.livingstonintl.com\/fr\/experience-fr\/besoins-commerciaux\/gestion-de-la-conformite-et-des-risques\/\",\"url\":\"https:\/\/www.livingstonintl.com\/fr\/experience-fr\/besoins-commerciaux\/gestion-de-la-conformite-et-des-risques\/\",\"name\":\"Gestion de la conformit\u00e9 et des risques - Livingston International\",\"isPartOf\":{\"@id\":\"https:\/\/www.livingstonintl.com\/fr\/#website\"},\"datePublished\":\"2015-11-17T22:05:14+00:00\",\"breadcrumb\":{\"@id\":\"https:\/\/www.livingstonintl.com\/fr\/experience-fr\/besoins-commerciaux\/gestion-de-la-conformite-et-des-risques\/#breadcrumb\"},\"inLanguage\":\"fr-FR\",\"potentialAction\":[{\"@type\":\"ReadAction\",\"target\":[\"https:\/\/www.livingstonintl.com\/fr\/experience-fr\/besoins-commerciaux\/gestion-de-la-conformite-et-des-risques\/\"]}]},{\"@type\":\"BreadcrumbList\",\"@id\":\"https:\/\/www.livingstonintl.com\/fr\/experience-fr\/besoins-commerciaux\/gestion-de-la-conformite-et-des-risques\/#breadcrumb\",\"itemListElement\":[{\"@type\":\"ListItem\",\"position\":1,\"name\":\"Accueil\",\"item\":\"https:\/\/www.livingstonintl.com\/fr\/\"},{\"@type\":\"ListItem\",\"position\":2,\"name\":\"Experience\",\"item\":\"https:\/\/www.livingstonintl.com\/fr\/experience-fr\/\"},{\"@type\":\"ListItem\",\"position\":3,\"name\":\"Besoins commerciaux\",\"item\":\"https:\/\/www.livingstonintl.com\/fr\/experience-fr\/besoins-commerciaux\/\"},{\"@type\":\"ListItem\",\"position\":4,\"name\":\"Gestion de la conformit\u00e9 et des risques\"}]},{\"@type\":\"WebSite\",\"@id\":\"https:\/\/www.livingstonintl.com\/fr\/#website\",\"url\":\"https:\/\/www.livingstonintl.com\/fr\/\",\"name\":\"Livingston International\",\"description\":\"Simplify Trade\",\"publisher\":{\"@id\":\"https:\/\/www.livingstonintl.com\/fr\/#organization\"},\"potentialAction\":[{\"@type\":\"SearchAction\",\"target\":{\"@type\":\"EntryPoint\",\"urlTemplate\":\"https:\/\/www.livingstonintl.com\/fr\/?s={search_term_string}\"},\"query-input\":{\"@type\":\"PropertyValueSpecification\",\"valueRequired\":true,\"valueName\":\"search_term_string\"}}],\"inLanguage\":\"fr-FR\"},{\"@type\":\"Organization\",\"@id\":\"https:\/\/www.livingstonintl.com\/fr\/#organization\",\"name\":\"Livingston International\",\"url\":\"https:\/\/www.livingstonintl.com\/fr\/\",\"logo\":{\"@type\":\"ImageObject\",\"inLanguage\":\"fr-FR\",\"@id\":\"https:\/\/www.livingstonintl.com\/fr\/#\/schema\/logo\/image\/\",\"url\":\"https:\/\/cdn.livingstonintl.com\/livingston-content\/uploads\/2022\/09\/12163235\/2022-livingston-fb.jpg\",\"contentUrl\":\"https:\/\/cdn.livingstonintl.com\/livingston-content\/uploads\/2022\/09\/12163235\/2022-livingston-fb.jpg\",\"width\":1200,\"height\":630,\"caption\":\"Livingston International\"},\"image\":{\"@id\":\"https:\/\/www.livingstonintl.com\/fr\/#\/schema\/logo\/image\/\"},\"sameAs\":[\"https:\/\/www.facebook.com\/livingstoninternational\",\"https:\/\/x.com\/livingston_intl\",\"https:\/\/linkedin.com\/company\/livingston-international\"]}]}<\/script>\n<!-- \/ Yoast SEO plugin. -->","yoast_head_json":{"title":"Gestion de la conformit\u00e9 et des risques - Livingston International","robots":{"index":"index","follow":"follow","max-snippet":"max-snippet:-1","max-image-preview":"max-image-preview:large","max-video-preview":"max-video-preview:-1"},"canonical":"https:\/\/www.livingstonintl.com\/fr\/experience-fr\/besoins-commerciaux\/gestion-de-la-conformite-et-des-risques\/","og_locale":"fr_FR","og_type":"article","og_title":"Gestion de la conformit\u00e9 et des risques - Livingston International","og_description":"Nous g\u00e9rons la conformit\u00e9 de vos importations pour vous \u00e9viter des sanctions co\u00fbteuses. Il peut \u00eatre difficile pour les entreprises, m\u00eame les plus grandes, de maintenir la conformit\u00e9 de leurs importations et exportations. Elles ont de la difficult\u00e9 \u00e0 ma\u00eetriser les exigences r\u00e9glementaires complexes auxquelles sont soumises les exp\u00e9ditions internationales et \u00e0 se tenir au... Read more &raquo;","og_url":"https:\/\/www.livingstonintl.com\/fr\/experience-fr\/besoins-commerciaux\/gestion-de-la-conformite-et-des-risques\/","og_site_name":"Livingston International","article_publisher":"https:\/\/www.facebook.com\/livingstoninternational","og_image":[{"width":1200,"height":630,"url":"https:\/\/cdn.livingstonintl.com\/livingston-content\/uploads\/2022\/09\/12163235\/2022-livingston-fb.jpg","type":"image\/jpeg"}],"twitter_misc":{"Dur\u00e9e de lecture estim\u00e9e":"2 minutes"},"schema":{"@context":"https:\/\/schema.org","@graph":[{"@type":"WebPage","@id":"https:\/\/www.livingstonintl.com\/fr\/experience-fr\/besoins-commerciaux\/gestion-de-la-conformite-et-des-risques\/","url":"https:\/\/www.livingstonintl.com\/fr\/experience-fr\/besoins-commerciaux\/gestion-de-la-conformite-et-des-risques\/","name":"Gestion de la conformit\u00e9 et des risques - Livingston International","isPartOf":{"@id":"https:\/\/www.livingstonintl.com\/fr\/#website"},"datePublished":"2015-11-17T22:05:14+00:00","breadcrumb":{"@id":"https:\/\/www.livingstonintl.com\/fr\/experience-fr\/besoins-commerciaux\/gestion-de-la-conformite-et-des-risques\/#breadcrumb"},"inLanguage":"fr-FR","potentialAction":[{"@type":"ReadAction","target":["https:\/\/www.livingstonintl.com\/fr\/experience-fr\/besoins-commerciaux\/gestion-de-la-conformite-et-des-risques\/"]}]},{"@type":"BreadcrumbList","@id":"https:\/\/www.livingstonintl.com\/fr\/experience-fr\/besoins-commerciaux\/gestion-de-la-conformite-et-des-risques\/#breadcrumb","itemListElement":[{"@type":"ListItem","position":1,"name":"Accueil","item":"https:\/\/www.livingstonintl.com\/fr\/"},{"@type":"ListItem","position":2,"name":"Experience","item":"https:\/\/www.livingstonintl.com\/fr\/experience-fr\/"},{"@type":"ListItem","position":3,"name":"Besoins commerciaux","item":"https:\/\/www.livingstonintl.com\/fr\/experience-fr\/besoins-commerciaux\/"},{"@type":"ListItem","position":4,"name":"Gestion de la conformit\u00e9 et des risques"}]},{"@type":"WebSite","@id":"https:\/\/www.livingstonintl.com\/fr\/#website","url":"https:\/\/www.livingstonintl.com\/fr\/","name":"Livingston International","description":"Simplify Trade","publisher":{"@id":"https:\/\/www.livingstonintl.com\/fr\/#organization"},"potentialAction":[{"@type":"SearchAction","target":{"@type":"EntryPoint","urlTemplate":"https:\/\/www.livingstonintl.com\/fr\/?s={search_term_string}"},"query-input":{"@type":"PropertyValueSpecification","valueRequired":true,"valueName":"search_term_string"}}],"inLanguage":"fr-FR"},{"@type":"Organization","@id":"https:\/\/www.livingstonintl.com\/fr\/#organization","name":"Livingston International","url":"https:\/\/www.livingstonintl.com\/fr\/","logo":{"@type":"ImageObject","inLanguage":"fr-FR","@id":"https:\/\/www.livingstonintl.com\/fr\/#\/schema\/logo\/image\/","url":"https:\/\/cdn.livingstonintl.com\/livingston-content\/uploads\/2022\/09\/12163235\/2022-livingston-fb.jpg","contentUrl":"https:\/\/cdn.livingstonintl.com\/livingston-content\/uploads\/2022\/09\/12163235\/2022-livingston-fb.jpg","width":1200,"height":630,"caption":"Livingston International"},"image":{"@id":"https:\/\/www.livingstonintl.com\/fr\/#\/schema\/logo\/image\/"},"sameAs":["https:\/\/www.facebook.com\/livingstoninternational","https:\/\/x.com\/livingston_intl","https:\/\/linkedin.com\/company\/livingston-international"]}]}},"_links":{"self":[{"href":"https:\/\/wp.livingstonintl.com\/fr\/wp-json\/wp\/v2\/pages\/28986","targetHints":{"allow":["GET"]}}],"collection":[{"href":"https:\/\/wp.livingstonintl.com\/fr\/wp-json\/wp\/v2\/pages"}],"about":[{"href":"https:\/\/wp.livingstonintl.com\/fr\/wp-json\/wp\/v2\/types\/page"}],"author":[{"embeddable":true,"href":"https:\/\/wp.livingstonintl.com\/fr\/wp-json\/wp\/v2\/users\/36"}],"replies":[{"embeddable":true,"href":"https:\/\/wp.livingstonintl.com\/fr\/wp-json\/wp\/v2\/comments?post=28986"}],"version-history":[{"count":0,"href":"https:\/\/wp.livingstonintl.com\/fr\/wp-json\/wp\/v2\/pages\/28986\/revisions"}],"up":[{"embeddable":true,"href":"https:\/\/wp.livingstonintl.com\/fr\/wp-json\/wp\/v2\/pages\/28387"}],"wp:attachment":[{"href":"https:\/\/wp.livingstonintl.com\/fr\/wp-json\/wp\/v2\/media?parent=28986"}],"curies":[{"name":"wp","href":"https:\/\/api.w.org\/{rel}","templated":true}]}}