{"id":28990,"date":"2015-11-17T22:08:16","date_gmt":"2015-11-17T22:08:16","guid":{"rendered":"http:\/\/livingston.gocactus.com\/fr\/?page_id=28990"},"modified":"2015-11-17T22:08:16","modified_gmt":"2015-11-17T22:08:16","slug":"sous-traitance-du-processus-douanier","status":"publish","type":"page","link":"https:\/\/www.livingstonintl.com\/fr\/experience-fr\/besoins-commerciaux\/sous-traitance-du-processus-douanier\/","title":{"rendered":"Sous-Traitance Du Processus Douanier"},"content":{"rendered":"<h3>D\u00e9douanement et conformit\u00e9 sans souci, pour vous laisser vous concentrer sur vos affaires<\/h3>\n<p>Le commerce international est soumis \u00e0 des exigences r\u00e9glementaires et \u00e0 des processus complexes en \u00e9volution constante. Il est difficile, pour les entreprises qui d\u00e9pendent des \u00e9changes transfrontaliers, de se doter des ressources et de la technologie n\u00e9cessaires \u00e0 la gestion efficace du processus douanier.<\/p>\n<p>Face \u00e0 ces d\u00e9fis, beaucoup d\u2019entreprises pr\u00e9f\u00e8rent s\u2019en remettre \u00e0 Livingston pour leurs besoins de douane et de conformit\u00e9.<\/p>\n<p>En confiant votre processus douanier en sous-traitance \u00e0 Livingston, non seulement vous renforcez la fiabilit\u00e9 et la conformit\u00e9 de vos exp\u00e9ditions, mais vous pouvez aussi r\u00e9duire vos co\u00fbts et gagner en souplesse op\u00e9rationnelle.<\/p>\n<p>Nos services en sous-traitance vous aident \u00e0 relever ces d\u00e9fis\u00a0:<\/p>\n<ul>\n<li>Conformit\u00e9 \u00e0 la r\u00e9glementation<\/li>\n<li>Rapports et tenue des documents<\/li>\n<li>Formalit\u00e9s de mainlev\u00e9e avant l\u2019arriv\u00e9e et traitement postd\u00e9claratoire<\/li>\n<li>Classement tarifaire et gestion de base de donn\u00e9es<\/li>\n<li>Calcul des droits, taxes et drawbacks<\/li>\n<\/ul>\n<p>Livingston comprend l\u2019importance d\u2019une cha\u00eene d\u2019approvisionnement efficace pour la bonne marche de votre entreprise. Nos \u00e9quipes sp\u00e9cialis\u00e9es, nos processus et notre technologie ont fait de nous le partenaire de confiance de certains g\u00e9ants du commerce mondial. <a href=\"\/?page_id=70\">Contactez un de nos sp\u00e9cialistes<\/a> pour en savoir plus sur la mani\u00e8re dont Livingston peut g\u00e9rer votre processus douanier.<\/p>\n<p>D\u00e9couvrez les services li\u00e9s \u00e0 la douane qu\u2019offre Livingston\u00a0:<\/p>\n<ul>\n<li><a href=\"\/fr\/services\/courtage-en-douane\/\">Courtage en douane<\/a><\/li>\n<li><a href=\"\/fr\/services\/gestion-du-commerce-mondial\/\">Gestion du commerce mondial<\/a><\/li>\n<li><a href=\"\/fr\/services\/conseil\/\">Conseil en commerce international<\/a><\/li>\n<\/ul>\n","protected":false},"excerpt":{"rendered":"<p>D\u00e9douanement et conformit\u00e9 sans souci, pour vous laisser vous concentrer sur vos affaires Le commerce international est soumis \u00e0 des exigences r\u00e9glementaires et \u00e0 des processus complexes en \u00e9volution constante. Il est difficile, pour les entreprises qui d\u00e9pendent des \u00e9changes transfrontaliers, de se doter des ressources et de la technologie n\u00e9cessaires \u00e0 la gestion efficace<a class=\"excerpt-read-more\" href=\"https:\/\/www.livingstonintl.com\/fr\/experience-fr\/besoins-commerciaux\/sous-traitance-du-processus-douanier\/\" title=\"ReadSous-Traitance Du Processus Douanier\">&#8230; Read more &raquo;<\/a><\/p>\n","protected":false},"author":36,"featured_media":0,"parent":28387,"menu_order":490,"comment_status":"closed","ping_status":"closed","template":"","meta":{"_acf_changed":false,"footnotes":""},"class_list":["post-28990","page","type-page","status-publish","hentry"],"acf":[],"yoast_head":"<!-- This site is optimized with the Yoast SEO plugin v27.2 - https:\/\/yoast.com\/product\/yoast-seo-wordpress\/ -->\n<title>Sous-Traitance Du Processus Douanier - Livingston International<\/title>\n<meta name=\"robots\" content=\"index, follow, max-snippet:-1, max-image-preview:large, max-video-preview:-1\" \/>\n<link rel=\"canonical\" href=\"https:\/\/www.livingstonintl.com\/fr\/experience-fr\/besoins-commerciaux\/sous-traitance-du-processus-douanier\/\" \/>\n<meta property=\"og:locale\" content=\"fr_FR\" \/>\n<meta property=\"og:type\" content=\"article\" \/>\n<meta property=\"og:title\" content=\"Sous-Traitance Du Processus Douanier - Livingston International\" \/>\n<meta property=\"og:description\" content=\"D\u00e9douanement et conformit\u00e9 sans souci, pour vous laisser vous concentrer sur vos affaires Le commerce international est soumis \u00e0 des exigences r\u00e9glementaires et \u00e0 des processus complexes en \u00e9volution constante. Il est difficile, pour les entreprises qui d\u00e9pendent des \u00e9changes transfrontaliers, de se doter des ressources et de la technologie n\u00e9cessaires \u00e0 la gestion efficace... Read more &raquo;\" \/>\n<meta property=\"og:url\" content=\"https:\/\/www.livingstonintl.com\/fr\/experience-fr\/besoins-commerciaux\/sous-traitance-du-processus-douanier\/\" \/>\n<meta property=\"og:site_name\" content=\"Livingston International\" \/>\n<meta property=\"article:publisher\" content=\"https:\/\/www.facebook.com\/livingstoninternational\" \/>\n<meta property=\"og:image\" content=\"https:\/\/cdn.livingstonintl.com\/livingston-content\/uploads\/2022\/09\/12163235\/2022-livingston-fb.jpg\" \/>\n\t<meta property=\"og:image:width\" content=\"1200\" \/>\n\t<meta property=\"og:image:height\" content=\"630\" \/>\n\t<meta property=\"og:image:type\" content=\"image\/jpeg\" \/>\n<meta name=\"twitter:label1\" content=\"Dur\u00e9e de lecture estim\u00e9e\" \/>\n\t<meta name=\"twitter:data1\" content=\"1 minute\" \/>\n<script type=\"application\/ld+json\" class=\"yoast-schema-graph\">{\"@context\":\"https:\/\/schema.org\",\"@graph\":[{\"@type\":\"WebPage\",\"@id\":\"https:\/\/www.livingstonintl.com\/fr\/experience-fr\/besoins-commerciaux\/sous-traitance-du-processus-douanier\/\",\"url\":\"https:\/\/www.livingstonintl.com\/fr\/experience-fr\/besoins-commerciaux\/sous-traitance-du-processus-douanier\/\",\"name\":\"Sous-Traitance Du Processus Douanier - Livingston International\",\"isPartOf\":{\"@id\":\"https:\/\/www.livingstonintl.com\/fr\/#website\"},\"datePublished\":\"2015-11-17T22:08:16+00:00\",\"breadcrumb\":{\"@id\":\"https:\/\/www.livingstonintl.com\/fr\/experience-fr\/besoins-commerciaux\/sous-traitance-du-processus-douanier\/#breadcrumb\"},\"inLanguage\":\"fr-FR\",\"potentialAction\":[{\"@type\":\"ReadAction\",\"target\":[\"https:\/\/www.livingstonintl.com\/fr\/experience-fr\/besoins-commerciaux\/sous-traitance-du-processus-douanier\/\"]}]},{\"@type\":\"BreadcrumbList\",\"@id\":\"https:\/\/www.livingstonintl.com\/fr\/experience-fr\/besoins-commerciaux\/sous-traitance-du-processus-douanier\/#breadcrumb\",\"itemListElement\":[{\"@type\":\"ListItem\",\"position\":1,\"name\":\"Accueil\",\"item\":\"https:\/\/www.livingstonintl.com\/fr\/\"},{\"@type\":\"ListItem\",\"position\":2,\"name\":\"Experience\",\"item\":\"https:\/\/www.livingstonintl.com\/fr\/experience-fr\/\"},{\"@type\":\"ListItem\",\"position\":3,\"name\":\"Besoins commerciaux\",\"item\":\"https:\/\/www.livingstonintl.com\/fr\/experience-fr\/besoins-commerciaux\/\"},{\"@type\":\"ListItem\",\"position\":4,\"name\":\"Sous-Traitance Du Processus Douanier\"}]},{\"@type\":\"WebSite\",\"@id\":\"https:\/\/www.livingstonintl.com\/fr\/#website\",\"url\":\"https:\/\/www.livingstonintl.com\/fr\/\",\"name\":\"Livingston International\",\"description\":\"Simplify Trade\",\"publisher\":{\"@id\":\"https:\/\/www.livingstonintl.com\/fr\/#organization\"},\"potentialAction\":[{\"@type\":\"SearchAction\",\"target\":{\"@type\":\"EntryPoint\",\"urlTemplate\":\"https:\/\/www.livingstonintl.com\/fr\/?s={search_term_string}\"},\"query-input\":{\"@type\":\"PropertyValueSpecification\",\"valueRequired\":true,\"valueName\":\"search_term_string\"}}],\"inLanguage\":\"fr-FR\"},{\"@type\":\"Organization\",\"@id\":\"https:\/\/www.livingstonintl.com\/fr\/#organization\",\"name\":\"Livingston International\",\"url\":\"https:\/\/www.livingstonintl.com\/fr\/\",\"logo\":{\"@type\":\"ImageObject\",\"inLanguage\":\"fr-FR\",\"@id\":\"https:\/\/www.livingstonintl.com\/fr\/#\/schema\/logo\/image\/\",\"url\":\"https:\/\/cdn.livingstonintl.com\/livingston-content\/uploads\/2022\/09\/12163235\/2022-livingston-fb.jpg\",\"contentUrl\":\"https:\/\/cdn.livingstonintl.com\/livingston-content\/uploads\/2022\/09\/12163235\/2022-livingston-fb.jpg\",\"width\":1200,\"height\":630,\"caption\":\"Livingston International\"},\"image\":{\"@id\":\"https:\/\/www.livingstonintl.com\/fr\/#\/schema\/logo\/image\/\"},\"sameAs\":[\"https:\/\/www.facebook.com\/livingstoninternational\",\"https:\/\/x.com\/livingston_intl\",\"https:\/\/linkedin.com\/company\/livingston-international\"]}]}<\/script>\n<!-- \/ Yoast SEO plugin. -->","yoast_head_json":{"title":"Sous-Traitance Du Processus Douanier - Livingston International","robots":{"index":"index","follow":"follow","max-snippet":"max-snippet:-1","max-image-preview":"max-image-preview:large","max-video-preview":"max-video-preview:-1"},"canonical":"https:\/\/www.livingstonintl.com\/fr\/experience-fr\/besoins-commerciaux\/sous-traitance-du-processus-douanier\/","og_locale":"fr_FR","og_type":"article","og_title":"Sous-Traitance Du Processus Douanier - Livingston International","og_description":"D\u00e9douanement et conformit\u00e9 sans souci, pour vous laisser vous concentrer sur vos affaires Le commerce international est soumis \u00e0 des exigences r\u00e9glementaires et \u00e0 des processus complexes en \u00e9volution constante. Il est difficile, pour les entreprises qui d\u00e9pendent des \u00e9changes transfrontaliers, de se doter des ressources et de la technologie n\u00e9cessaires \u00e0 la gestion efficace... Read more &raquo;","og_url":"https:\/\/www.livingstonintl.com\/fr\/experience-fr\/besoins-commerciaux\/sous-traitance-du-processus-douanier\/","og_site_name":"Livingston International","article_publisher":"https:\/\/www.facebook.com\/livingstoninternational","og_image":[{"width":1200,"height":630,"url":"https:\/\/cdn.livingstonintl.com\/livingston-content\/uploads\/2022\/09\/12163235\/2022-livingston-fb.jpg","type":"image\/jpeg"}],"twitter_misc":{"Dur\u00e9e de lecture estim\u00e9e":"1 minute"},"schema":{"@context":"https:\/\/schema.org","@graph":[{"@type":"WebPage","@id":"https:\/\/www.livingstonintl.com\/fr\/experience-fr\/besoins-commerciaux\/sous-traitance-du-processus-douanier\/","url":"https:\/\/www.livingstonintl.com\/fr\/experience-fr\/besoins-commerciaux\/sous-traitance-du-processus-douanier\/","name":"Sous-Traitance Du Processus Douanier - Livingston International","isPartOf":{"@id":"https:\/\/www.livingstonintl.com\/fr\/#website"},"datePublished":"2015-11-17T22:08:16+00:00","breadcrumb":{"@id":"https:\/\/www.livingstonintl.com\/fr\/experience-fr\/besoins-commerciaux\/sous-traitance-du-processus-douanier\/#breadcrumb"},"inLanguage":"fr-FR","potentialAction":[{"@type":"ReadAction","target":["https:\/\/www.livingstonintl.com\/fr\/experience-fr\/besoins-commerciaux\/sous-traitance-du-processus-douanier\/"]}]},{"@type":"BreadcrumbList","@id":"https:\/\/www.livingstonintl.com\/fr\/experience-fr\/besoins-commerciaux\/sous-traitance-du-processus-douanier\/#breadcrumb","itemListElement":[{"@type":"ListItem","position":1,"name":"Accueil","item":"https:\/\/www.livingstonintl.com\/fr\/"},{"@type":"ListItem","position":2,"name":"Experience","item":"https:\/\/www.livingstonintl.com\/fr\/experience-fr\/"},{"@type":"ListItem","position":3,"name":"Besoins commerciaux","item":"https:\/\/www.livingstonintl.com\/fr\/experience-fr\/besoins-commerciaux\/"},{"@type":"ListItem","position":4,"name":"Sous-Traitance Du Processus Douanier"}]},{"@type":"WebSite","@id":"https:\/\/www.livingstonintl.com\/fr\/#website","url":"https:\/\/www.livingstonintl.com\/fr\/","name":"Livingston International","description":"Simplify Trade","publisher":{"@id":"https:\/\/www.livingstonintl.com\/fr\/#organization"},"potentialAction":[{"@type":"SearchAction","target":{"@type":"EntryPoint","urlTemplate":"https:\/\/www.livingstonintl.com\/fr\/?s={search_term_string}"},"query-input":{"@type":"PropertyValueSpecification","valueRequired":true,"valueName":"search_term_string"}}],"inLanguage":"fr-FR"},{"@type":"Organization","@id":"https:\/\/www.livingstonintl.com\/fr\/#organization","name":"Livingston International","url":"https:\/\/www.livingstonintl.com\/fr\/","logo":{"@type":"ImageObject","inLanguage":"fr-FR","@id":"https:\/\/www.livingstonintl.com\/fr\/#\/schema\/logo\/image\/","url":"https:\/\/cdn.livingstonintl.com\/livingston-content\/uploads\/2022\/09\/12163235\/2022-livingston-fb.jpg","contentUrl":"https:\/\/cdn.livingstonintl.com\/livingston-content\/uploads\/2022\/09\/12163235\/2022-livingston-fb.jpg","width":1200,"height":630,"caption":"Livingston International"},"image":{"@id":"https:\/\/www.livingstonintl.com\/fr\/#\/schema\/logo\/image\/"},"sameAs":["https:\/\/www.facebook.com\/livingstoninternational","https:\/\/x.com\/livingston_intl","https:\/\/linkedin.com\/company\/livingston-international"]}]}},"_links":{"self":[{"href":"https:\/\/wp.livingstonintl.com\/fr\/wp-json\/wp\/v2\/pages\/28990","targetHints":{"allow":["GET"]}}],"collection":[{"href":"https:\/\/wp.livingstonintl.com\/fr\/wp-json\/wp\/v2\/pages"}],"about":[{"href":"https:\/\/wp.livingstonintl.com\/fr\/wp-json\/wp\/v2\/types\/page"}],"author":[{"embeddable":true,"href":"https:\/\/wp.livingstonintl.com\/fr\/wp-json\/wp\/v2\/users\/36"}],"replies":[{"embeddable":true,"href":"https:\/\/wp.livingstonintl.com\/fr\/wp-json\/wp\/v2\/comments?post=28990"}],"version-history":[{"count":0,"href":"https:\/\/wp.livingstonintl.com\/fr\/wp-json\/wp\/v2\/pages\/28990\/revisions"}],"up":[{"embeddable":true,"href":"https:\/\/wp.livingstonintl.com\/fr\/wp-json\/wp\/v2\/pages\/28387"}],"wp:attachment":[{"href":"https:\/\/wp.livingstonintl.com\/fr\/wp-json\/wp\/v2\/media?parent=28990"}],"curies":[{"name":"wp","href":"https:\/\/api.w.org\/{rel}","templated":true}]}}