{"id":29690,"date":"2015-10-23T13:48:59","date_gmt":"2015-10-23T17:48:59","guid":{"rendered":"http:\/\/livingston.gocactus.com\/fr\/ace-will-soon-be-mandatory-livingston-is-ready-are-you\/managing-nhtsa-data-under-ace\/"},"modified":"2023-12-14T09:01:24","modified_gmt":"2023-12-14T14:01:24","slug":"managing-nhtsa-data-under-ace","status":"publish","type":"page","link":"https:\/\/www.livingstonintl.com\/fr\/programme-ace-et-de-la-cbp-et-dates-limites-de-logp\/managing-nhtsa-data-under-ace\/","title":{"rendered":"GESTION DES DONN\u00c9ES NHTSA EN VERTU DE L\u2019ACE"},"content":{"rendered":"<p>Quand la transmission \u00e9lectronique des donn\u00e9es d\u2019importation par l\u2019interm\u00e9diaire de l\u2019ACE (Automated Commercial Environment) deviendra obligatoire \u00e0 partir du 28 f\u00e9vrier 2016, plusieurs agences gouvernementales participantes, y compris la National Highway Traffic Safety Administration (NHTSA), imposeront de nouvelles exigences de transmission \u00e9lectronique.<\/p>\n<h4>Comprendre la NHTSA<\/h4>\n<p>La NHTSA est responsable de plusieurs programmes servant \u00e0 g\u00e9rer la conformit\u00e9 des importations de v\u00e9hicules, y compris les v\u00e9hicules motoris\u00e9s standard, les \u00e9quipements de v\u00e9hicules motoris\u00e9s r\u00e9glement\u00e9s, les v\u00e9hicules motoris\u00e9s non d\u00e9sign\u00e9s pour utilisation sur la voie publique, et plus. Les \u00e9l\u00e9ments de donn\u00e9es requis sont pr\u00e9sent\u00e9s sur papier ou par l\u2019interm\u00e9diaire de l\u2019ACS (Automated Commercial System).<\/p>\n<h4>Changements en vertu de l\u2019ACE<\/h4>\n<p>Quand l\u2019ACE entrera en vigueur, on ne pourra plus transmettre de donn\u00e9es par l\u2019interm\u00e9diaire de l\u2019ACS; toutes les transmissions de donn\u00e9es \u00e9lectroniques devront passer par l\u2019ACE. En outre, il faudra identifier le programme duquel votre produit rel\u00e8ve, et les d\u00e9clarations devront comprendre le code de cat\u00e9gorie, le mois de construction (conditionnel) et le c\u00f4t\u00e9 de conduite (conditionnel).<\/p>\n<h4>Identification de la partie\/entit\u00e9<\/h4>\n<p>La NHTSA exigera \u00e9galement l\u2019identification de la partie\/entit\u00e9, y compris le nom complet, l\u2019adresse concr\u00e8te et des renseignements de contact d\u00e9taill\u00e9s tels que l\u2019individu certifiant, le destinataire et le propri\u00e9taire. Plusieurs \u00e9l\u00e9ments de donn\u00e9es conditionnels pourraient \u00e9galement \u00eatre exig\u00e9s.<\/p>\n<h4>\u00c9l\u00e9ments de donn\u00e9es suppl\u00e9mentaires<\/h4>\n<p>Certaines importations NHTSA n\u00e9cessiteront \u00e9galement des documents de donn\u00e9es suppl\u00e9mentaires confirmant leur admissibilit\u00e9. Ces documents (lettre de conformit\u00e9 sign\u00e9e par le constructeur, \u00e9nonc\u00e9 de justification de l\u2019importateur, et autres) devront aussi \u00eatre transmis par l\u2019interm\u00e9diaire de l\u2019ACE.<\/p>\n<h3>Prenez une longueur d\u2019avance sur la conformit\u00e9 ACE. Assurez-vous que vos donn\u00e9es de produits sont exactes.<\/h3>\n<p>Lorsque l\u2019ACE entrera en vigueur, votre courtier en douane aura besoin de donn\u00e9es compl\u00e8tes et exactes pour vos exp\u00e9ditions relatives \u00e0 la NHTSA, pour qu\u2019elles respectent les exigences de conformit\u00e9 de l\u2019ACE.<\/p>\n<h3>Faites confiance \u00e0 Livingston pour vos importations NHTSA<\/h3>\n<p>Livingston surveille toutes les informations relatives \u00e0 l\u2019ACE en provenance du CBP (Customs and Border Protection) et des agences gouvernementales participantes, pour que nos syst\u00e8mes soient enti\u00e8rement conformes lors de l\u2019entr\u00e9e en vigueur de l\u2019ACE. Nous offrons une int\u00e9gration ACE sans accroc \u00e0 nos clients actuels, quelle que soit leur taille, le nombre de leurs transactions ou les exigences des agences gouvernementales participantes.<\/p>\n<p>Nous avons consacr\u00e9 beaucoup de temps et de ressources \u00e0 la pr\u00e9paration de notre personnel et de nos technologies. Nous transmettrons des sommaires de d\u00e9claration ACE et des donn\u00e9es de d\u00e9douanement pour toutes les d\u00e9clarations admissibles et obligatoires avant la ou les dates applicables stipul\u00e9es par le CBP. Tous nos syst\u00e8mes seront pr\u00eats pour l\u2019ACE avant la date obligatoire pour les sommaires de d\u00e9claration, les donn\u00e9es de d\u00e9douanement et les exigences des agences gouvernementales participantes.<\/p>\n","protected":false},"excerpt":{"rendered":"<p>Quand la transmission \u00e9lectronique des donn\u00e9es d\u2019importation par l\u2019interm\u00e9diaire de l\u2019ACE (Automated Commercial Environment) deviendra obligatoire \u00e0 partir du 28 f\u00e9vrier 2016, plusieurs agences gouvernementales participantes, y compris la National Highway Traffic Safety Administration (NHTSA), imposeront de nouvelles exigences de transmission \u00e9lectronique. Comprendre la NHTSA La NHTSA est responsable de plusieurs programmes servant \u00e0 g\u00e9rer<a class=\"excerpt-read-more\" href=\"https:\/\/www.livingstonintl.com\/fr\/programme-ace-et-de-la-cbp-et-dates-limites-de-logp\/managing-nhtsa-data-under-ace\/\" title=\"ReadGESTION DES DONN\u00c9ES NHTSA EN VERTU DE L\u2019ACE\">&#8230; Read more &raquo;<\/a><\/p>\n","protected":false},"author":32,"featured_media":0,"parent":49474,"menu_order":179,"comment_status":"closed","ping_status":"closed","template":"template-retired\/page-landing-withsidebar.php","meta":{"_acf_changed":false,"footnotes":""},"class_list":["post-29690","page","type-page","status-publish","hentry"],"acf":[],"yoast_head":"<!-- This site is optimized with the Yoast SEO plugin v27.2 - https:\/\/yoast.com\/product\/yoast-seo-wordpress\/ -->\n<title>GESTION DES DONN\u00c9ES NHTSA EN VERTU DE L\u2019ACE - Livingston International<\/title>\n<meta name=\"robots\" content=\"index, follow, max-snippet:-1, max-image-preview:large, max-video-preview:-1\" \/>\n<link rel=\"canonical\" href=\"https:\/\/www.livingstonintl.com\/fr\/programme-ace-et-de-la-cbp-et-dates-limites-de-logp\/managing-nhtsa-data-under-ace\/\" \/>\n<meta property=\"og:locale\" content=\"fr_FR\" \/>\n<meta property=\"og:type\" content=\"article\" \/>\n<meta property=\"og:title\" content=\"GESTION DES DONN\u00c9ES NHTSA EN VERTU DE L\u2019ACE - Livingston International\" \/>\n<meta property=\"og:description\" content=\"Quand la transmission \u00e9lectronique des donn\u00e9es d\u2019importation par l\u2019interm\u00e9diaire de l\u2019ACE (Automated Commercial Environment) deviendra obligatoire \u00e0 partir du 28 f\u00e9vrier 2016, plusieurs agences gouvernementales participantes, y compris la National Highway Traffic Safety Administration (NHTSA), imposeront de nouvelles exigences de transmission \u00e9lectronique. Comprendre la NHTSA La NHTSA est responsable de plusieurs programmes servant \u00e0 g\u00e9rer... Read more &raquo;\" \/>\n<meta property=\"og:url\" content=\"https:\/\/www.livingstonintl.com\/fr\/programme-ace-et-de-la-cbp-et-dates-limites-de-logp\/managing-nhtsa-data-under-ace\/\" \/>\n<meta property=\"og:site_name\" content=\"Livingston International\" \/>\n<meta property=\"article:publisher\" content=\"https:\/\/www.facebook.com\/livingstoninternational\" \/>\n<meta property=\"article:modified_time\" content=\"2023-12-14T14:01:24+00:00\" \/>\n<meta property=\"og:image\" content=\"https:\/\/cdn.livingstonintl.com\/livingston-content\/uploads\/2022\/09\/12163235\/2022-livingston-fb.jpg\" \/>\n\t<meta property=\"og:image:width\" content=\"1200\" \/>\n\t<meta property=\"og:image:height\" content=\"630\" \/>\n\t<meta property=\"og:image:type\" content=\"image\/jpeg\" \/>\n<meta name=\"twitter:label1\" content=\"Dur\u00e9e de lecture estim\u00e9e\" \/>\n\t<meta name=\"twitter:data1\" content=\"2 minutes\" \/>\n<script type=\"application\/ld+json\" class=\"yoast-schema-graph\">{\"@context\":\"https:\/\/schema.org\",\"@graph\":[{\"@type\":\"WebPage\",\"@id\":\"https:\/\/www.livingstonintl.com\/fr\/programme-ace-et-de-la-cbp-et-dates-limites-de-logp\/managing-nhtsa-data-under-ace\/\",\"url\":\"https:\/\/www.livingstonintl.com\/fr\/programme-ace-et-de-la-cbp-et-dates-limites-de-logp\/managing-nhtsa-data-under-ace\/\",\"name\":\"GESTION DES DONN\u00c9ES NHTSA EN VERTU DE L\u2019ACE - Livingston International\",\"isPartOf\":{\"@id\":\"https:\/\/www.livingstonintl.com\/fr\/#website\"},\"datePublished\":\"2015-10-23T17:48:59+00:00\",\"dateModified\":\"2023-12-14T14:01:24+00:00\",\"breadcrumb\":{\"@id\":\"https:\/\/www.livingstonintl.com\/fr\/programme-ace-et-de-la-cbp-et-dates-limites-de-logp\/managing-nhtsa-data-under-ace\/#breadcrumb\"},\"inLanguage\":\"fr-FR\",\"potentialAction\":[{\"@type\":\"ReadAction\",\"target\":[\"https:\/\/www.livingstonintl.com\/fr\/programme-ace-et-de-la-cbp-et-dates-limites-de-logp\/managing-nhtsa-data-under-ace\/\"]}]},{\"@type\":\"BreadcrumbList\",\"@id\":\"https:\/\/www.livingstonintl.com\/fr\/programme-ace-et-de-la-cbp-et-dates-limites-de-logp\/managing-nhtsa-data-under-ace\/#breadcrumb\",\"itemListElement\":[{\"@type\":\"ListItem\",\"position\":1,\"name\":\"Accueil\",\"item\":\"https:\/\/www.livingstonintl.com\/fr\/\"},{\"@type\":\"ListItem\",\"position\":2,\"name\":\"Programme ACE et de la CBP et dates limites de l\u2019OGP\",\"item\":\"https:\/\/www.livingstonintl.com\/fr\/programme-ace-et-de-la-cbp-et-dates-limites-de-logp\/\"},{\"@type\":\"ListItem\",\"position\":3,\"name\":\"GESTION DES DONN\u00c9ES NHTSA EN VERTU DE L\u2019ACE\"}]},{\"@type\":\"WebSite\",\"@id\":\"https:\/\/www.livingstonintl.com\/fr\/#website\",\"url\":\"https:\/\/www.livingstonintl.com\/fr\/\",\"name\":\"Livingston International\",\"description\":\"Simplify Trade\",\"publisher\":{\"@id\":\"https:\/\/www.livingstonintl.com\/fr\/#organization\"},\"potentialAction\":[{\"@type\":\"SearchAction\",\"target\":{\"@type\":\"EntryPoint\",\"urlTemplate\":\"https:\/\/www.livingstonintl.com\/fr\/?s={search_term_string}\"},\"query-input\":{\"@type\":\"PropertyValueSpecification\",\"valueRequired\":true,\"valueName\":\"search_term_string\"}}],\"inLanguage\":\"fr-FR\"},{\"@type\":\"Organization\",\"@id\":\"https:\/\/www.livingstonintl.com\/fr\/#organization\",\"name\":\"Livingston International\",\"url\":\"https:\/\/www.livingstonintl.com\/fr\/\",\"logo\":{\"@type\":\"ImageObject\",\"inLanguage\":\"fr-FR\",\"@id\":\"https:\/\/www.livingstonintl.com\/fr\/#\/schema\/logo\/image\/\",\"url\":\"https:\/\/cdn.livingstonintl.com\/livingston-content\/uploads\/2022\/09\/12163235\/2022-livingston-fb.jpg\",\"contentUrl\":\"https:\/\/cdn.livingstonintl.com\/livingston-content\/uploads\/2022\/09\/12163235\/2022-livingston-fb.jpg\",\"width\":1200,\"height\":630,\"caption\":\"Livingston International\"},\"image\":{\"@id\":\"https:\/\/www.livingstonintl.com\/fr\/#\/schema\/logo\/image\/\"},\"sameAs\":[\"https:\/\/www.facebook.com\/livingstoninternational\",\"https:\/\/x.com\/livingston_intl\",\"https:\/\/linkedin.com\/company\/livingston-international\"]}]}<\/script>\n<!-- \/ Yoast SEO plugin. -->","yoast_head_json":{"title":"GESTION DES DONN\u00c9ES NHTSA EN VERTU DE L\u2019ACE - Livingston International","robots":{"index":"index","follow":"follow","max-snippet":"max-snippet:-1","max-image-preview":"max-image-preview:large","max-video-preview":"max-video-preview:-1"},"canonical":"https:\/\/www.livingstonintl.com\/fr\/programme-ace-et-de-la-cbp-et-dates-limites-de-logp\/managing-nhtsa-data-under-ace\/","og_locale":"fr_FR","og_type":"article","og_title":"GESTION DES DONN\u00c9ES NHTSA EN VERTU DE L\u2019ACE - Livingston International","og_description":"Quand la transmission \u00e9lectronique des donn\u00e9es d\u2019importation par l\u2019interm\u00e9diaire de l\u2019ACE (Automated Commercial Environment) deviendra obligatoire \u00e0 partir du 28 f\u00e9vrier 2016, plusieurs agences gouvernementales participantes, y compris la National Highway Traffic Safety Administration (NHTSA), imposeront de nouvelles exigences de transmission \u00e9lectronique. Comprendre la NHTSA La NHTSA est responsable de plusieurs programmes servant \u00e0 g\u00e9rer... Read more &raquo;","og_url":"https:\/\/www.livingstonintl.com\/fr\/programme-ace-et-de-la-cbp-et-dates-limites-de-logp\/managing-nhtsa-data-under-ace\/","og_site_name":"Livingston International","article_publisher":"https:\/\/www.facebook.com\/livingstoninternational","article_modified_time":"2023-12-14T14:01:24+00:00","og_image":[{"width":1200,"height":630,"url":"https:\/\/cdn.livingstonintl.com\/livingston-content\/uploads\/2022\/09\/12163235\/2022-livingston-fb.jpg","type":"image\/jpeg"}],"twitter_misc":{"Dur\u00e9e de lecture estim\u00e9e":"2 minutes"},"schema":{"@context":"https:\/\/schema.org","@graph":[{"@type":"WebPage","@id":"https:\/\/www.livingstonintl.com\/fr\/programme-ace-et-de-la-cbp-et-dates-limites-de-logp\/managing-nhtsa-data-under-ace\/","url":"https:\/\/www.livingstonintl.com\/fr\/programme-ace-et-de-la-cbp-et-dates-limites-de-logp\/managing-nhtsa-data-under-ace\/","name":"GESTION DES DONN\u00c9ES NHTSA EN VERTU DE L\u2019ACE - Livingston International","isPartOf":{"@id":"https:\/\/www.livingstonintl.com\/fr\/#website"},"datePublished":"2015-10-23T17:48:59+00:00","dateModified":"2023-12-14T14:01:24+00:00","breadcrumb":{"@id":"https:\/\/www.livingstonintl.com\/fr\/programme-ace-et-de-la-cbp-et-dates-limites-de-logp\/managing-nhtsa-data-under-ace\/#breadcrumb"},"inLanguage":"fr-FR","potentialAction":[{"@type":"ReadAction","target":["https:\/\/www.livingstonintl.com\/fr\/programme-ace-et-de-la-cbp-et-dates-limites-de-logp\/managing-nhtsa-data-under-ace\/"]}]},{"@type":"BreadcrumbList","@id":"https:\/\/www.livingstonintl.com\/fr\/programme-ace-et-de-la-cbp-et-dates-limites-de-logp\/managing-nhtsa-data-under-ace\/#breadcrumb","itemListElement":[{"@type":"ListItem","position":1,"name":"Accueil","item":"https:\/\/www.livingstonintl.com\/fr\/"},{"@type":"ListItem","position":2,"name":"Programme ACE et de la CBP et dates limites de l\u2019OGP","item":"https:\/\/www.livingstonintl.com\/fr\/programme-ace-et-de-la-cbp-et-dates-limites-de-logp\/"},{"@type":"ListItem","position":3,"name":"GESTION DES DONN\u00c9ES NHTSA EN VERTU DE L\u2019ACE"}]},{"@type":"WebSite","@id":"https:\/\/www.livingstonintl.com\/fr\/#website","url":"https:\/\/www.livingstonintl.com\/fr\/","name":"Livingston International","description":"Simplify Trade","publisher":{"@id":"https:\/\/www.livingstonintl.com\/fr\/#organization"},"potentialAction":[{"@type":"SearchAction","target":{"@type":"EntryPoint","urlTemplate":"https:\/\/www.livingstonintl.com\/fr\/?s={search_term_string}"},"query-input":{"@type":"PropertyValueSpecification","valueRequired":true,"valueName":"search_term_string"}}],"inLanguage":"fr-FR"},{"@type":"Organization","@id":"https:\/\/www.livingstonintl.com\/fr\/#organization","name":"Livingston International","url":"https:\/\/www.livingstonintl.com\/fr\/","logo":{"@type":"ImageObject","inLanguage":"fr-FR","@id":"https:\/\/www.livingstonintl.com\/fr\/#\/schema\/logo\/image\/","url":"https:\/\/cdn.livingstonintl.com\/livingston-content\/uploads\/2022\/09\/12163235\/2022-livingston-fb.jpg","contentUrl":"https:\/\/cdn.livingstonintl.com\/livingston-content\/uploads\/2022\/09\/12163235\/2022-livingston-fb.jpg","width":1200,"height":630,"caption":"Livingston International"},"image":{"@id":"https:\/\/www.livingstonintl.com\/fr\/#\/schema\/logo\/image\/"},"sameAs":["https:\/\/www.facebook.com\/livingstoninternational","https:\/\/x.com\/livingston_intl","https:\/\/linkedin.com\/company\/livingston-international"]}]}},"_links":{"self":[{"href":"https:\/\/wp.livingstonintl.com\/fr\/wp-json\/wp\/v2\/pages\/29690","targetHints":{"allow":["GET"]}}],"collection":[{"href":"https:\/\/wp.livingstonintl.com\/fr\/wp-json\/wp\/v2\/pages"}],"about":[{"href":"https:\/\/wp.livingstonintl.com\/fr\/wp-json\/wp\/v2\/types\/page"}],"author":[{"embeddable":true,"href":"https:\/\/wp.livingstonintl.com\/fr\/wp-json\/wp\/v2\/users\/32"}],"replies":[{"embeddable":true,"href":"https:\/\/wp.livingstonintl.com\/fr\/wp-json\/wp\/v2\/comments?post=29690"}],"version-history":[{"count":2,"href":"https:\/\/wp.livingstonintl.com\/fr\/wp-json\/wp\/v2\/pages\/29690\/revisions"}],"predecessor-version":[{"id":59575,"href":"https:\/\/wp.livingstonintl.com\/fr\/wp-json\/wp\/v2\/pages\/29690\/revisions\/59575"}],"up":[{"embeddable":true,"href":"https:\/\/wp.livingstonintl.com\/fr\/wp-json\/wp\/v2\/pages\/49474"}],"wp:attachment":[{"href":"https:\/\/wp.livingstonintl.com\/fr\/wp-json\/wp\/v2\/media?parent=29690"}],"curies":[{"name":"wp","href":"https:\/\/api.w.org\/{rel}","templated":true}]}}