{"id":29751,"date":"2015-12-07T16:55:56","date_gmt":"2015-12-07T16:55:56","guid":{"rendered":"http:\/\/livingston.gocactus.com\/fr\/?page_id=29751"},"modified":"2024-06-11T07:38:21","modified_gmt":"2024-06-11T11:38:21","slug":"conditions-de-service","status":"publish","type":"page","link":"https:\/\/www.livingstonintl.com\/fr\/conditions-de-service\/","title":{"rendered":"Conditions de service"},"content":{"rendered":"\n<p>Les modalit\u00e9s de paiement standard de la Soci\u00e9t\u00e9 Internationale Livingston ont \u00e9t\u00e9 mises \u00e0 jour \u00e0 15 jours, \u00e0 compter du 15 avril 2021.<\/p>\n\n\n\n<p><em>Tant le Client que le Courtier en douane acceptent d\u2019\u00eatre tenus de respecter l\u2019Accord g\u00e9n\u00e9ral de repr\u00e9sentation et procuration avec pouvoir de d\u00e9signer un sous-mandataire, y compris les Conditions types r\u00e9gissant les transactions, jusqu\u2019\u00e0 ce que l\u2019une des parties avise l\u2019autre de sa r\u00e9siliation par \u00e9crit et conform\u00e9ment aux dispositions du paragraphe 8 des pr\u00e9sentes.<\/em><\/p>\n\n\n\n<p><a class=\"button\" href=\"https:\/\/www3.livingstonintl.com\/downloads\/lcsa\/CA-LCSA-Service-Terms-and-Conditions-FR.pdf\" target=\"_blank\" rel=\"noopener noreferrer\"> T\u00e9l\u00e9charger les Conditions de prestation des services<\/a><\/p>\n\n\n\n<p>(Mise \u00e0 jour : mai 2024)<\/p>\n\n\n\n<h2 class=\"wp-block-heading\">Transit international canadien<\/h2>\n\n\n\n<p>Nous livrons nos services de transit international conform\u00e9ment aux Conditions g\u00e9n\u00e9rales de l\u2019Association des transitaires internationaux canadiens (ATIC). <a href=\"https:\/\/www.ciffa.com\/wp-content\/uploads\/2024\/01\/CIFFA-STCs-2024-French_Rebrand.pdf\" target=\"_blank\" rel=\"noreferrer noopener\">Cliquez<\/a><a href=\"https:\/\/ciffa.com\/resource\/\" target=\"_blank\" rel=\"noreferrer noopener\"> ici<\/a> pour lire ces conditions dans le site de l\u2019ATIC.<\/p>\n\n\n\n<h2 class=\"wp-block-heading\">L\u2019exp\u00e9dition de fret canadien<\/h2>\n\n\n\n<p>Nos services d\u2019exp\u00e9dition de fret sont fournis conform\u00e9ment aux conditions types r\u00e9gissant les transactions \u00e9tablies par l\u2019Association canadienne des transitaires internationaux (ATIC).<\/p>\n\n\n\n<p><a class=\"button\" href=\"https:\/\/ciffa.com\/wp-content\/uploads\/2021\/08\/CIFFA-STCs-2021-French_Rebrand_1.pdf\" target=\"_blank\" rel=\"noopener noreferrer\"> T\u00e9l\u00e9chargez une copie des conditions types r\u00e9gissant les transactions de l\u2019ATIC.<\/a><\/p>\n","protected":false},"excerpt":{"rendered":"<p>Les modalit\u00e9s de paiement standard de la Soci\u00e9t\u00e9 Internationale Livingston ont \u00e9t\u00e9 mises \u00e0 jour \u00e0 15 jours, \u00e0 compter du 15 avril 2021. Tant le Client que le Courtier en douane acceptent d\u2019\u00eatre tenus de respecter l\u2019Accord g\u00e9n\u00e9ral de repr\u00e9sentation et procuration avec pouvoir de d\u00e9signer un sous-mandataire, y compris les Conditions types r\u00e9gissant<a class=\"excerpt-read-more\" href=\"https:\/\/www.livingstonintl.com\/fr\/conditions-de-service\/\" title=\"ReadConditions de service\">&#8230; Read more &raquo;<\/a><\/p>\n","protected":false},"author":32,"featured_media":0,"parent":0,"menu_order":192,"comment_status":"closed","ping_status":"closed","template":"template-page\/page-minimal.php","meta":{"_acf_changed":false,"footnotes":""},"class_list":["post-29751","page","type-page","status-publish","hentry"],"acf":[],"yoast_head":"<!-- This site is optimized with the Yoast SEO plugin v27.2 - https:\/\/yoast.com\/product\/yoast-seo-wordpress\/ -->\n<title>Conditions de service - Livingston International<\/title>\n<meta name=\"robots\" content=\"index, follow, max-snippet:-1, max-image-preview:large, max-video-preview:-1\" \/>\n<link rel=\"canonical\" href=\"https:\/\/www.livingstonintl.com\/fr\/conditions-de-service\/\" \/>\n<meta property=\"og:locale\" content=\"fr_FR\" \/>\n<meta property=\"og:type\" content=\"article\" \/>\n<meta property=\"og:title\" content=\"Conditions de service - Livingston International\" \/>\n<meta property=\"og:description\" content=\"Les modalit\u00e9s de paiement standard de la Soci\u00e9t\u00e9 Internationale Livingston ont \u00e9t\u00e9 mises \u00e0 jour \u00e0 15 jours, \u00e0 compter du 15 avril 2021. Tant le Client que le Courtier en douane acceptent d\u2019\u00eatre tenus de respecter l\u2019Accord g\u00e9n\u00e9ral de repr\u00e9sentation et procuration avec pouvoir de d\u00e9signer un sous-mandataire, y compris les Conditions types r\u00e9gissant... Read more &raquo;\" \/>\n<meta property=\"og:url\" content=\"https:\/\/www.livingstonintl.com\/fr\/conditions-de-service\/\" \/>\n<meta property=\"og:site_name\" content=\"Livingston International\" \/>\n<meta property=\"article:publisher\" content=\"https:\/\/www.facebook.com\/livingstoninternational\" \/>\n<meta property=\"article:modified_time\" content=\"2024-06-11T11:38:21+00:00\" \/>\n<meta property=\"og:image\" content=\"https:\/\/cdn.livingstonintl.com\/livingston-content\/uploads\/2022\/09\/12163235\/2022-livingston-fb.jpg\" \/>\n\t<meta property=\"og:image:width\" content=\"1200\" \/>\n\t<meta property=\"og:image:height\" content=\"630\" \/>\n\t<meta property=\"og:image:type\" content=\"image\/jpeg\" \/>\n<meta name=\"twitter:label1\" content=\"Dur\u00e9e de lecture estim\u00e9e\" \/>\n\t<meta name=\"twitter:data1\" content=\"1 minute\" \/>\n<script type=\"application\/ld+json\" class=\"yoast-schema-graph\">{\"@context\":\"https:\/\/schema.org\",\"@graph\":[{\"@type\":\"WebPage\",\"@id\":\"https:\/\/www.livingstonintl.com\/fr\/conditions-de-service\/\",\"url\":\"https:\/\/www.livingstonintl.com\/fr\/conditions-de-service\/\",\"name\":\"Conditions de service - Livingston International\",\"isPartOf\":{\"@id\":\"https:\/\/www.livingstonintl.com\/fr\/#website\"},\"datePublished\":\"2015-12-07T16:55:56+00:00\",\"dateModified\":\"2024-06-11T11:38:21+00:00\",\"breadcrumb\":{\"@id\":\"https:\/\/www.livingstonintl.com\/fr\/conditions-de-service\/#breadcrumb\"},\"inLanguage\":\"fr-FR\",\"potentialAction\":[{\"@type\":\"ReadAction\",\"target\":[\"https:\/\/www.livingstonintl.com\/fr\/conditions-de-service\/\"]}]},{\"@type\":\"BreadcrumbList\",\"@id\":\"https:\/\/www.livingstonintl.com\/fr\/conditions-de-service\/#breadcrumb\",\"itemListElement\":[{\"@type\":\"ListItem\",\"position\":1,\"name\":\"Accueil\",\"item\":\"https:\/\/www.livingstonintl.com\/fr\/\"},{\"@type\":\"ListItem\",\"position\":2,\"name\":\"Conditions de service\"}]},{\"@type\":\"WebSite\",\"@id\":\"https:\/\/www.livingstonintl.com\/fr\/#website\",\"url\":\"https:\/\/www.livingstonintl.com\/fr\/\",\"name\":\"Livingston International\",\"description\":\"Simplify Trade\",\"publisher\":{\"@id\":\"https:\/\/www.livingstonintl.com\/fr\/#organization\"},\"potentialAction\":[{\"@type\":\"SearchAction\",\"target\":{\"@type\":\"EntryPoint\",\"urlTemplate\":\"https:\/\/www.livingstonintl.com\/fr\/?s={search_term_string}\"},\"query-input\":{\"@type\":\"PropertyValueSpecification\",\"valueRequired\":true,\"valueName\":\"search_term_string\"}}],\"inLanguage\":\"fr-FR\"},{\"@type\":\"Organization\",\"@id\":\"https:\/\/www.livingstonintl.com\/fr\/#organization\",\"name\":\"Livingston International\",\"url\":\"https:\/\/www.livingstonintl.com\/fr\/\",\"logo\":{\"@type\":\"ImageObject\",\"inLanguage\":\"fr-FR\",\"@id\":\"https:\/\/www.livingstonintl.com\/fr\/#\/schema\/logo\/image\/\",\"url\":\"https:\/\/cdn.livingstonintl.com\/livingston-content\/uploads\/2022\/09\/12163235\/2022-livingston-fb.jpg\",\"contentUrl\":\"https:\/\/cdn.livingstonintl.com\/livingston-content\/uploads\/2022\/09\/12163235\/2022-livingston-fb.jpg\",\"width\":1200,\"height\":630,\"caption\":\"Livingston International\"},\"image\":{\"@id\":\"https:\/\/www.livingstonintl.com\/fr\/#\/schema\/logo\/image\/\"},\"sameAs\":[\"https:\/\/www.facebook.com\/livingstoninternational\",\"https:\/\/x.com\/livingston_intl\",\"https:\/\/linkedin.com\/company\/livingston-international\"]}]}<\/script>\n<!-- \/ Yoast SEO plugin. -->","yoast_head_json":{"title":"Conditions de service - Livingston International","robots":{"index":"index","follow":"follow","max-snippet":"max-snippet:-1","max-image-preview":"max-image-preview:large","max-video-preview":"max-video-preview:-1"},"canonical":"https:\/\/www.livingstonintl.com\/fr\/conditions-de-service\/","og_locale":"fr_FR","og_type":"article","og_title":"Conditions de service - Livingston International","og_description":"Les modalit\u00e9s de paiement standard de la Soci\u00e9t\u00e9 Internationale Livingston ont \u00e9t\u00e9 mises \u00e0 jour \u00e0 15 jours, \u00e0 compter du 15 avril 2021. Tant le Client que le Courtier en douane acceptent d\u2019\u00eatre tenus de respecter l\u2019Accord g\u00e9n\u00e9ral de repr\u00e9sentation et procuration avec pouvoir de d\u00e9signer un sous-mandataire, y compris les Conditions types r\u00e9gissant... Read more &raquo;","og_url":"https:\/\/www.livingstonintl.com\/fr\/conditions-de-service\/","og_site_name":"Livingston International","article_publisher":"https:\/\/www.facebook.com\/livingstoninternational","article_modified_time":"2024-06-11T11:38:21+00:00","og_image":[{"width":1200,"height":630,"url":"https:\/\/cdn.livingstonintl.com\/livingston-content\/uploads\/2022\/09\/12163235\/2022-livingston-fb.jpg","type":"image\/jpeg"}],"twitter_misc":{"Dur\u00e9e de lecture estim\u00e9e":"1 minute"},"schema":{"@context":"https:\/\/schema.org","@graph":[{"@type":"WebPage","@id":"https:\/\/www.livingstonintl.com\/fr\/conditions-de-service\/","url":"https:\/\/www.livingstonintl.com\/fr\/conditions-de-service\/","name":"Conditions de service - Livingston International","isPartOf":{"@id":"https:\/\/www.livingstonintl.com\/fr\/#website"},"datePublished":"2015-12-07T16:55:56+00:00","dateModified":"2024-06-11T11:38:21+00:00","breadcrumb":{"@id":"https:\/\/www.livingstonintl.com\/fr\/conditions-de-service\/#breadcrumb"},"inLanguage":"fr-FR","potentialAction":[{"@type":"ReadAction","target":["https:\/\/www.livingstonintl.com\/fr\/conditions-de-service\/"]}]},{"@type":"BreadcrumbList","@id":"https:\/\/www.livingstonintl.com\/fr\/conditions-de-service\/#breadcrumb","itemListElement":[{"@type":"ListItem","position":1,"name":"Accueil","item":"https:\/\/www.livingstonintl.com\/fr\/"},{"@type":"ListItem","position":2,"name":"Conditions de service"}]},{"@type":"WebSite","@id":"https:\/\/www.livingstonintl.com\/fr\/#website","url":"https:\/\/www.livingstonintl.com\/fr\/","name":"Livingston International","description":"Simplify Trade","publisher":{"@id":"https:\/\/www.livingstonintl.com\/fr\/#organization"},"potentialAction":[{"@type":"SearchAction","target":{"@type":"EntryPoint","urlTemplate":"https:\/\/www.livingstonintl.com\/fr\/?s={search_term_string}"},"query-input":{"@type":"PropertyValueSpecification","valueRequired":true,"valueName":"search_term_string"}}],"inLanguage":"fr-FR"},{"@type":"Organization","@id":"https:\/\/www.livingstonintl.com\/fr\/#organization","name":"Livingston International","url":"https:\/\/www.livingstonintl.com\/fr\/","logo":{"@type":"ImageObject","inLanguage":"fr-FR","@id":"https:\/\/www.livingstonintl.com\/fr\/#\/schema\/logo\/image\/","url":"https:\/\/cdn.livingstonintl.com\/livingston-content\/uploads\/2022\/09\/12163235\/2022-livingston-fb.jpg","contentUrl":"https:\/\/cdn.livingstonintl.com\/livingston-content\/uploads\/2022\/09\/12163235\/2022-livingston-fb.jpg","width":1200,"height":630,"caption":"Livingston International"},"image":{"@id":"https:\/\/www.livingstonintl.com\/fr\/#\/schema\/logo\/image\/"},"sameAs":["https:\/\/www.facebook.com\/livingstoninternational","https:\/\/x.com\/livingston_intl","https:\/\/linkedin.com\/company\/livingston-international"]}]}},"_links":{"self":[{"href":"https:\/\/wp.livingstonintl.com\/fr\/wp-json\/wp\/v2\/pages\/29751","targetHints":{"allow":["GET"]}}],"collection":[{"href":"https:\/\/wp.livingstonintl.com\/fr\/wp-json\/wp\/v2\/pages"}],"about":[{"href":"https:\/\/wp.livingstonintl.com\/fr\/wp-json\/wp\/v2\/types\/page"}],"author":[{"embeddable":true,"href":"https:\/\/wp.livingstonintl.com\/fr\/wp-json\/wp\/v2\/users\/32"}],"replies":[{"embeddable":true,"href":"https:\/\/wp.livingstonintl.com\/fr\/wp-json\/wp\/v2\/comments?post=29751"}],"version-history":[{"count":3,"href":"https:\/\/wp.livingstonintl.com\/fr\/wp-json\/wp\/v2\/pages\/29751\/revisions"}],"predecessor-version":[{"id":60253,"href":"https:\/\/wp.livingstonintl.com\/fr\/wp-json\/wp\/v2\/pages\/29751\/revisions\/60253"}],"wp:attachment":[{"href":"https:\/\/wp.livingstonintl.com\/fr\/wp-json\/wp\/v2\/media?parent=29751"}],"curies":[{"name":"wp","href":"https:\/\/api.w.org\/{rel}","templated":true}]}}