{"id":29812,"date":"2015-12-15T16:31:55","date_gmt":"2015-12-15T16:31:55","guid":{"rendered":"\/fr\/?page_id=29812"},"modified":"2024-09-03T14:53:06","modified_gmt":"2024-09-03T18:53:06","slug":"pat-stanghieri","status":"publish","type":"page","link":"https:\/\/www.livingstonintl.com\/fr\/a-propos-de-nous\/executive-team\/pat-stanghieri\/","title":{"rendered":"Pat Stanghieri"},"content":{"rendered":"<h3 class=\"wp-block-heading\">Vice-pr\u00e9sident principal<br \/>\n<span style=\"font-size: 0.7em; color: #7d8e9f;\">Marketing et produit<\/span><\/h3>\n<p>En tant que vice-pr\u00e9sident principal du marketing et produit, Pat supervise le d\u00e9veloppement des produits, la gestion des revenus ainsi que le contenu et les campagnes qui caract\u00e9risent la voix de Livingston dans ses nombreux canaux de communication.<\/p>\n<p>Gr\u00e2ce \u00e0 son approche directe, transparente et pratique en mati\u00e8re de consolidation d\u2019\u00e9quipe et d\u2019ex\u00e9cution r\u00e9ussie du marketing, Pat a favoris\u00e9 un esprit de collaboration et d\u2019ing\u00e9niosit\u00e9 au sein des \u00e9quipes Marketing et Produits. Toujours visionnaire, Pat invente constamment des voies cr\u00e9atives et fructueuses pour le d\u00e9veloppement des affaires et l\u2019acc\u00e9l\u00e9ration de la notori\u00e9t\u00e9 de la marque.<\/p>\n<p>Au cours de son mandat, il a fait \u00e9voluer la marque Livingston \u00e0 travers des p\u00e9riodes de croissance significative et plusieurs ann\u00e9es de perturbations sans pr\u00e9c\u00e9dent dans le domaine du commerce mondial. Il a d\u00e9fendu le changement de marque de l\u2019entreprise et a int\u00e9gr\u00e9 de nombreuses acquisitions \u00e0 cette marque tout en dirigeant des strat\u00e9gies de marketing num\u00e9rique qui ont favoris\u00e9 la g\u00e9n\u00e9ration de pistes de vente. Il a \u00e9galement jou\u00e9 un r\u00f4le cl\u00e9 dans le succ\u00e8s financier de l\u2019entreprise gr\u00e2ce \u00e0 son d\u00e9veloppement d\u2019initiatives strat\u00e9giques de tarification et de renouvellement de compte.<\/p>\n<p>Pat s\u2019est initialement joint \u00e0 Livingston en 2011 apr\u00e8s avoir occup\u00e9 le poste de directeur de la gestion des revenus et, plus tard, de vice-pr\u00e9sident du marketing chez UPS Canada, o\u00f9 il a supervis\u00e9 de nombreuses campagnes de commandite r\u00e9ussies et d\u00e9velopp\u00e9 des initiatives strat\u00e9giques de gestion des revenus.<\/p>\n<p>Pat est titulaire d\u2019un baccalaur\u00e9at de l\u2019Universit\u00e9 Ryerson et poss\u00e8de 30 ans d\u2019exp\u00e9rience en marketing et en gestion des revenus.<\/p>\n","protected":false},"excerpt":{"rendered":"<p>Vice-pr\u00e9sident principal Marketing et produit En tant que vice-pr\u00e9sident principal du marketing et produit, Pat supervise le d\u00e9veloppement des produits, la gestion des revenus ainsi que le contenu et les campagnes qui caract\u00e9risent la voix de Livingston dans ses nombreux canaux de communication. Gr\u00e2ce \u00e0 son approche directe, transparente et pratique en mati\u00e8re de consolidation<a class=\"excerpt-read-more\" href=\"https:\/\/www.livingstonintl.com\/fr\/a-propos-de-nous\/executive-team\/pat-stanghieri\/\" title=\"ReadPat Stanghieri\">&#8230; Read more &raquo;<\/a><\/p>\n","protected":false},"author":32,"featured_media":0,"parent":354,"menu_order":455,"comment_status":"closed","ping_status":"closed","template":"template-page\/page-minimal.php","meta":{"_acf_changed":false,"footnotes":""},"class_list":["post-29812","page","type-page","status-publish","hentry"],"acf":[],"yoast_head":"<!-- This site is optimized with the Yoast SEO plugin v27.1.1 - https:\/\/yoast.com\/product\/yoast-seo-wordpress\/ -->\n<title>Pat Stanghieri - Livingston International<\/title>\n<meta name=\"description\" content=\"En tant que vice-pr\u00e9sident principal du marketing des produits, Pat supervise le d\u00e9veloppement des produits, la gestion des revenus ainsi que le contenu et les campagnes qui caract\u00e9risent la voix de Livingston dans ses nombreux canaux de communication.\" \/>\n<meta name=\"robots\" content=\"index, follow, max-snippet:-1, max-image-preview:large, max-video-preview:-1\" \/>\n<link rel=\"canonical\" href=\"https:\/\/www.livingstonintl.com\/fr\/a-propos-de-nous\/executive-team\/pat-stanghieri\/\" \/>\n<meta property=\"og:locale\" content=\"fr_FR\" \/>\n<meta property=\"og:type\" content=\"article\" \/>\n<meta property=\"og:title\" content=\"Pat Stanghieri - Livingston International\" \/>\n<meta property=\"og:description\" content=\"En tant que vice-pr\u00e9sident principal du marketing des produits, Pat supervise le d\u00e9veloppement des produits, la gestion des revenus ainsi que le contenu et les campagnes qui caract\u00e9risent la voix de Livingston dans ses nombreux canaux de communication.\" \/>\n<meta property=\"og:url\" content=\"https:\/\/www.livingstonintl.com\/fr\/a-propos-de-nous\/executive-team\/pat-stanghieri\/\" \/>\n<meta property=\"og:site_name\" content=\"Livingston International\" \/>\n<meta property=\"article:publisher\" content=\"https:\/\/www.facebook.com\/livingstoninternational\" \/>\n<meta property=\"article:modified_time\" content=\"2024-09-03T18:53:06+00:00\" \/>\n<meta property=\"og:image\" content=\"https:\/\/cdn.livingstonintl.com\/livingston-content\/uploads\/2022\/09\/12163235\/2022-livingston-fb.jpg\" \/>\n\t<meta property=\"og:image:width\" content=\"1200\" \/>\n\t<meta property=\"og:image:height\" content=\"630\" \/>\n\t<meta property=\"og:image:type\" content=\"image\/jpeg\" \/>\n<meta name=\"twitter:label1\" content=\"Dur\u00e9e de lecture estim\u00e9e\" \/>\n\t<meta name=\"twitter:data1\" content=\"2 minutes\" \/>\n<script type=\"application\/ld+json\" class=\"yoast-schema-graph\">{\"@context\":\"https:\/\/schema.org\",\"@graph\":[{\"@type\":\"WebPage\",\"@id\":\"https:\/\/www.livingstonintl.com\/fr\/a-propos-de-nous\/executive-team\/pat-stanghieri\/\",\"url\":\"https:\/\/www.livingstonintl.com\/fr\/a-propos-de-nous\/executive-team\/pat-stanghieri\/\",\"name\":\"Pat Stanghieri - Livingston International\",\"isPartOf\":{\"@id\":\"https:\/\/www.livingstonintl.com\/fr\/#website\"},\"datePublished\":\"2015-12-15T16:31:55+00:00\",\"dateModified\":\"2024-09-03T18:53:06+00:00\",\"description\":\"En tant que vice-pr\u00e9sident principal du marketing des produits, Pat supervise le d\u00e9veloppement des produits, la gestion des revenus ainsi que le contenu et les campagnes qui caract\u00e9risent la voix de Livingston dans ses nombreux canaux de communication.\",\"breadcrumb\":{\"@id\":\"https:\/\/www.livingstonintl.com\/fr\/a-propos-de-nous\/executive-team\/pat-stanghieri\/#breadcrumb\"},\"inLanguage\":\"fr-FR\",\"potentialAction\":[{\"@type\":\"ReadAction\",\"target\":[\"https:\/\/www.livingstonintl.com\/fr\/a-propos-de-nous\/executive-team\/pat-stanghieri\/\"]}]},{\"@type\":\"BreadcrumbList\",\"@id\":\"https:\/\/www.livingstonintl.com\/fr\/a-propos-de-nous\/executive-team\/pat-stanghieri\/#breadcrumb\",\"itemListElement\":[{\"@type\":\"ListItem\",\"position\":1,\"name\":\"Accueil\",\"item\":\"https:\/\/www.livingstonintl.com\/fr\/\"},{\"@type\":\"ListItem\",\"position\":2,\"name\":\"\u00c0 propos de nous\",\"item\":\"https:\/\/www.livingstonintl.com\/fr\/a-propos-de-nous\/\"},{\"@type\":\"ListItem\",\"position\":3,\"name\":\"Direction\",\"item\":\"https:\/\/www.livingstonintl.com\/fr\/a-propos-de-nous\/executive-team\/\"},{\"@type\":\"ListItem\",\"position\":4,\"name\":\"Pat Stanghieri\"}]},{\"@type\":\"WebSite\",\"@id\":\"https:\/\/www.livingstonintl.com\/fr\/#website\",\"url\":\"https:\/\/www.livingstonintl.com\/fr\/\",\"name\":\"Livingston International\",\"description\":\"Simplify Trade\",\"publisher\":{\"@id\":\"https:\/\/www.livingstonintl.com\/fr\/#organization\"},\"potentialAction\":[{\"@type\":\"SearchAction\",\"target\":{\"@type\":\"EntryPoint\",\"urlTemplate\":\"https:\/\/www.livingstonintl.com\/fr\/?s={search_term_string}\"},\"query-input\":{\"@type\":\"PropertyValueSpecification\",\"valueRequired\":true,\"valueName\":\"search_term_string\"}}],\"inLanguage\":\"fr-FR\"},{\"@type\":\"Organization\",\"@id\":\"https:\/\/www.livingstonintl.com\/fr\/#organization\",\"name\":\"Livingston International\",\"url\":\"https:\/\/www.livingstonintl.com\/fr\/\",\"logo\":{\"@type\":\"ImageObject\",\"inLanguage\":\"fr-FR\",\"@id\":\"https:\/\/www.livingstonintl.com\/fr\/#\/schema\/logo\/image\/\",\"url\":\"https:\/\/cdn.livingstonintl.com\/livingston-content\/uploads\/2022\/09\/12163235\/2022-livingston-fb.jpg\",\"contentUrl\":\"https:\/\/cdn.livingstonintl.com\/livingston-content\/uploads\/2022\/09\/12163235\/2022-livingston-fb.jpg\",\"width\":1200,\"height\":630,\"caption\":\"Livingston International\"},\"image\":{\"@id\":\"https:\/\/www.livingstonintl.com\/fr\/#\/schema\/logo\/image\/\"},\"sameAs\":[\"https:\/\/www.facebook.com\/livingstoninternational\",\"https:\/\/x.com\/livingston_intl\",\"https:\/\/linkedin.com\/company\/livingston-international\"]}]}<\/script>\n<!-- \/ Yoast SEO plugin. -->","yoast_head_json":{"title":"Pat Stanghieri - Livingston International","description":"En tant que vice-pr\u00e9sident principal du marketing des produits, Pat supervise le d\u00e9veloppement des produits, la gestion des revenus ainsi que le contenu et les campagnes qui caract\u00e9risent la voix de Livingston dans ses nombreux canaux de communication.","robots":{"index":"index","follow":"follow","max-snippet":"max-snippet:-1","max-image-preview":"max-image-preview:large","max-video-preview":"max-video-preview:-1"},"canonical":"https:\/\/www.livingstonintl.com\/fr\/a-propos-de-nous\/executive-team\/pat-stanghieri\/","og_locale":"fr_FR","og_type":"article","og_title":"Pat Stanghieri - Livingston International","og_description":"En tant que vice-pr\u00e9sident principal du marketing des produits, Pat supervise le d\u00e9veloppement des produits, la gestion des revenus ainsi que le contenu et les campagnes qui caract\u00e9risent la voix de Livingston dans ses nombreux canaux de communication.","og_url":"https:\/\/www.livingstonintl.com\/fr\/a-propos-de-nous\/executive-team\/pat-stanghieri\/","og_site_name":"Livingston International","article_publisher":"https:\/\/www.facebook.com\/livingstoninternational","article_modified_time":"2024-09-03T18:53:06+00:00","og_image":[{"width":1200,"height":630,"url":"https:\/\/cdn.livingstonintl.com\/livingston-content\/uploads\/2022\/09\/12163235\/2022-livingston-fb.jpg","type":"image\/jpeg"}],"twitter_misc":{"Dur\u00e9e de lecture estim\u00e9e":"2 minutes"},"schema":{"@context":"https:\/\/schema.org","@graph":[{"@type":"WebPage","@id":"https:\/\/www.livingstonintl.com\/fr\/a-propos-de-nous\/executive-team\/pat-stanghieri\/","url":"https:\/\/www.livingstonintl.com\/fr\/a-propos-de-nous\/executive-team\/pat-stanghieri\/","name":"Pat Stanghieri - Livingston International","isPartOf":{"@id":"https:\/\/www.livingstonintl.com\/fr\/#website"},"datePublished":"2015-12-15T16:31:55+00:00","dateModified":"2024-09-03T18:53:06+00:00","description":"En tant que vice-pr\u00e9sident principal du marketing des produits, Pat supervise le d\u00e9veloppement des produits, la gestion des revenus ainsi que le contenu et les campagnes qui caract\u00e9risent la voix de Livingston dans ses nombreux canaux de communication.","breadcrumb":{"@id":"https:\/\/www.livingstonintl.com\/fr\/a-propos-de-nous\/executive-team\/pat-stanghieri\/#breadcrumb"},"inLanguage":"fr-FR","potentialAction":[{"@type":"ReadAction","target":["https:\/\/www.livingstonintl.com\/fr\/a-propos-de-nous\/executive-team\/pat-stanghieri\/"]}]},{"@type":"BreadcrumbList","@id":"https:\/\/www.livingstonintl.com\/fr\/a-propos-de-nous\/executive-team\/pat-stanghieri\/#breadcrumb","itemListElement":[{"@type":"ListItem","position":1,"name":"Accueil","item":"https:\/\/www.livingstonintl.com\/fr\/"},{"@type":"ListItem","position":2,"name":"\u00c0 propos de nous","item":"https:\/\/www.livingstonintl.com\/fr\/a-propos-de-nous\/"},{"@type":"ListItem","position":3,"name":"Direction","item":"https:\/\/www.livingstonintl.com\/fr\/a-propos-de-nous\/executive-team\/"},{"@type":"ListItem","position":4,"name":"Pat Stanghieri"}]},{"@type":"WebSite","@id":"https:\/\/www.livingstonintl.com\/fr\/#website","url":"https:\/\/www.livingstonintl.com\/fr\/","name":"Livingston International","description":"Simplify Trade","publisher":{"@id":"https:\/\/www.livingstonintl.com\/fr\/#organization"},"potentialAction":[{"@type":"SearchAction","target":{"@type":"EntryPoint","urlTemplate":"https:\/\/www.livingstonintl.com\/fr\/?s={search_term_string}"},"query-input":{"@type":"PropertyValueSpecification","valueRequired":true,"valueName":"search_term_string"}}],"inLanguage":"fr-FR"},{"@type":"Organization","@id":"https:\/\/www.livingstonintl.com\/fr\/#organization","name":"Livingston International","url":"https:\/\/www.livingstonintl.com\/fr\/","logo":{"@type":"ImageObject","inLanguage":"fr-FR","@id":"https:\/\/www.livingstonintl.com\/fr\/#\/schema\/logo\/image\/","url":"https:\/\/cdn.livingstonintl.com\/livingston-content\/uploads\/2022\/09\/12163235\/2022-livingston-fb.jpg","contentUrl":"https:\/\/cdn.livingstonintl.com\/livingston-content\/uploads\/2022\/09\/12163235\/2022-livingston-fb.jpg","width":1200,"height":630,"caption":"Livingston International"},"image":{"@id":"https:\/\/www.livingstonintl.com\/fr\/#\/schema\/logo\/image\/"},"sameAs":["https:\/\/www.facebook.com\/livingstoninternational","https:\/\/x.com\/livingston_intl","https:\/\/linkedin.com\/company\/livingston-international"]}]}},"_links":{"self":[{"href":"https:\/\/wp.livingstonintl.com\/fr\/wp-json\/wp\/v2\/pages\/29812","targetHints":{"allow":["GET"]}}],"collection":[{"href":"https:\/\/wp.livingstonintl.com\/fr\/wp-json\/wp\/v2\/pages"}],"about":[{"href":"https:\/\/wp.livingstonintl.com\/fr\/wp-json\/wp\/v2\/types\/page"}],"author":[{"embeddable":true,"href":"https:\/\/wp.livingstonintl.com\/fr\/wp-json\/wp\/v2\/users\/32"}],"replies":[{"embeddable":true,"href":"https:\/\/wp.livingstonintl.com\/fr\/wp-json\/wp\/v2\/comments?post=29812"}],"version-history":[{"count":2,"href":"https:\/\/wp.livingstonintl.com\/fr\/wp-json\/wp\/v2\/pages\/29812\/revisions"}],"predecessor-version":[{"id":60843,"href":"https:\/\/wp.livingstonintl.com\/fr\/wp-json\/wp\/v2\/pages\/29812\/revisions\/60843"}],"up":[{"embeddable":true,"href":"https:\/\/wp.livingstonintl.com\/fr\/wp-json\/wp\/v2\/pages\/354"}],"wp:attachment":[{"href":"https:\/\/wp.livingstonintl.com\/fr\/wp-json\/wp\/v2\/media?parent=29812"}],"curies":[{"name":"wp","href":"https:\/\/api.w.org\/{rel}","templated":true}]}}