{"id":30094,"date":"2016-01-06T15:33:54","date_gmt":"2016-01-06T15:33:54","guid":{"rendered":"\/fr\/?page_id=30094"},"modified":"2016-01-06T15:34:46","modified_gmt":"2016-01-06T15:34:46","slug":"modalites-de-paiement-pour-votre-compte-3-vancouver-bc","status":"publish","type":"page","link":"https:\/\/www.livingstonintl.com\/fr\/alias\/modalites-de-paiement\/modalites-de-paiement-pour-votre-compte-3-vancouver-bc\/","title":{"rendered":"Modalit\u00e9s de paiement pour votre compte 3 &#8211; Vancouver BC"},"content":{"rendered":"<p>Vous avez cliqu\u00e9 sur Livingston LP \u00e0 Vancouver BC tel qu&rsquo;indiqu\u00e9 sur votre facture.<\/p>\n<p><strong>Paiement des factures de Livingston en ligne ou par t\u00e9l\u00e9phone\u00a0<\/strong><br \/>\nLivingston s&rsquo;est associ\u00e9e avec les principales banques du Canada pour vous permettre de mieux contr\u00f4ler le processus de paiement de vos factures. Nos partenaires bancaires sont les suivants :<\/p>\n<ul>\n<li>Banque de Nouvelle-\u00c9cosse<\/li>\n<li>CIBC<\/li>\n<li>TD<\/li>\n<li>Banque de Montr\u00e9al<\/li>\n<li>Toutes les coop\u00e9ratives de cr\u00e9dit en Colombie-Britannique<\/li>\n<li>Banque Royale du Canada<\/li>\n<li>F\u00e9d\u00e9ration des Caisses Desjardins du Qu\u00e9bec<\/li>\n<li>Banque Nationale du Canada<\/li>\n<li>Alberta Treasury Branches (ATB)<\/li>\n<li>Banque HSBC Canada<\/li>\n<\/ul>\n<p>Ajoutez simplement \u00e0 votre processus de paiement actuel le nom de la Soci\u00e9t\u00e9 internationale Livingston inc. comme nouveau fournisseur \u00e9metteur de factures, en introduisant votre num\u00e9ro de compte \u00e0 six chiffres.<\/p>\n<p>Vous avez la possibilit\u00e9 de payer vos factures de Livingston en ligne si vous \u00eates un importateur canadien r\u00e9sident ou non-r\u00e9sident avec un compte en dollars canadiens dans l&rsquo;une de nos banques partenaires.<\/p>\n<p>Pour que Livingston re\u00e7oive les paiements \u00e0 temps, vous devez les effectuer en ligne :<\/p>\n<ol>\n<li>au plus tard le deuxi\u00e8me jour ouvrable avant la fin de chaque mois, et<\/li>\n<li>avant l&rsquo;heure limite quotidienne de votre banque (voir ci-dessous).<\/li>\n<\/ol>\n<table cellspacing=\"0\" cellpadding=\"0\">\n<tbody>\n<tr>\n<td colspan=\"2\">Banque Heure limite au 2<sup>e<\/sup>\u00a0jour ouvrable avant la fin du mois<\/td>\n<\/tr>\n<tr>\n<td>Banque de Nouvelle-\u00c9cosse<\/td>\n<td>\u00a0\u00a0 20 h 29 HAE<\/td>\n<\/tr>\n<tr>\n<td>Banque Royale du Canada<\/td>\n<td>\u00a0\u00a0 18 h (heure de traitement locale)<\/td>\n<\/tr>\n<tr>\n<td>CIBC<\/td>\n<td>\u00a0\u00a0 18 h HAE<\/td>\n<\/tr>\n<tr>\n<td>TD<\/td>\n<td>\u00a0\u00a0 23 h HAE<\/td>\n<\/tr>\n<tr>\n<td>Banque de Montr\u00e9al<\/td>\n<td>\u00a0\u00a0 20 h HAE<\/td>\n<\/tr>\n<tr>\n<td>Banque Nationale du Canada<\/td>\n<td>\u00a0\u00a0 15 h 30 HAE<\/td>\n<\/tr>\n<tr>\n<td>F\u00e9d\u00e9ration des Caisses Desjardins du Qu\u00e9bec<\/td>\n<td>\u00a0\u00a0 12 h (midi) HAE<\/td>\n<\/tr>\n<tr>\n<td>Alberta Treasury Branches (ATB)<\/td>\n<td>\u00a0\u00a0 23 h HAR<\/td>\n<\/tr>\n<tr>\n<td>Toutes les coop\u00e9ratives de cr\u00e9dit en Colombie-Britannique<\/td>\n<td>\u00a0\u00a0 24 h HAP<\/td>\n<\/tr>\n<tr>\n<td>Banque HSBC Canada<\/td>\n<td>\u00a0\u00a0 19 h HAP<\/td>\n<\/tr>\n<\/tbody>\n<\/table>\n<p>En outre, la Banque Laurentienne du Canada offre des services bancaires en ligne et au t\u00e9l\u00e9phone aux clients qui les demandent, au 1-800-522-1846.<\/p>\n<p><strong>Notes<\/strong><\/p>\n<ol>\n<li>Si vous utilisez les modes de paiement TPS directe ou Caution directe et que vous payez des droits et des taxes \u00e0 l&rsquo;Agence des services frontaliers du Canada, vous devez quand m\u00eame envoyer \u00e0 Livingston un ch\u00e8que \u00e0 l&rsquo;ordre du Receveur g\u00e9n\u00e9ral du Canada pour cette partie de votre paiement.<\/li>\n<li>Si vous payez un montant diff\u00e9rent de celui figurant sur votre Rapport \u00e9lectronique, veuillez envoyer un courriel \u00e0 Livingston \u00e0 epayment@livingstonintl.com en indiquant le nom complet de votre entreprise, votre num\u00e9ro de compte et une liste des factures et montant non pay\u00e9s.<\/li>\n<\/ol>\n<p><strong>Paiement des factures de Livingston par messager\u00a0<\/strong><br \/>\nSi vous d\u00e9cidez de r\u00e9gler vos factures par ch\u00e8ques, veuillez les envoyer directement par messager \u00e0 :<\/p>\n<p><strong>Livingston International\u00a0<\/strong><br \/>\n1140 West Pender Street, Suite. 720<br \/>\nVancouver, BC\u00a0 V6E 4H5<\/p>\n<p><strong>Contactez-nous<\/strong><br \/>\nSi vous avez des questions, veuillez les poser \u00e0 votre gestionnaire de compte ou \u00e0 votre repr\u00e9sentant des services financiers \u00e0 la client\u00e8le, au 1-800-663-0301.<\/p>\n","protected":false},"excerpt":{"rendered":"<p>Vous avez cliqu\u00e9 sur Livingston LP \u00e0 Vancouver BC tel qu&rsquo;indiqu\u00e9 sur votre facture. Paiement des factures de Livingston en ligne ou par t\u00e9l\u00e9phone\u00a0 Livingston s&rsquo;est associ\u00e9e avec les principales banques du Canada pour vous permettre de mieux contr\u00f4ler le processus de paiement de vos factures. Nos partenaires bancaires sont les suivants : Banque de<a class=\"excerpt-read-more\" href=\"https:\/\/www.livingstonintl.com\/fr\/alias\/modalites-de-paiement\/modalites-de-paiement-pour-votre-compte-3-vancouver-bc\/\" title=\"ReadModalit\u00e9s de paiement pour votre compte 3 &#8211; Vancouver BC\">&#8230; Read more &raquo;<\/a><\/p>\n","protected":false},"author":32,"featured_media":0,"parent":30027,"menu_order":403,"comment_status":"closed","ping_status":"closed","template":"","meta":{"_acf_changed":false,"footnotes":""},"class_list":["post-30094","page","type-page","status-publish","hentry"],"acf":[],"yoast_head":"<!-- This site is optimized with the Yoast SEO plugin v27.2 - https:\/\/yoast.com\/product\/yoast-seo-wordpress\/ -->\n<title>Modalit\u00e9s de paiement pour votre compte 3 - Vancouver BC - Livingston International<\/title>\n<meta name=\"robots\" content=\"index, follow, max-snippet:-1, max-image-preview:large, max-video-preview:-1\" \/>\n<link rel=\"canonical\" href=\"https:\/\/www.livingstonintl.com\/fr\/alias\/modalites-de-paiement\/modalites-de-paiement-pour-votre-compte-3-vancouver-bc\/\" \/>\n<meta property=\"og:locale\" content=\"fr_FR\" \/>\n<meta property=\"og:type\" content=\"article\" \/>\n<meta property=\"og:title\" content=\"Modalit\u00e9s de paiement pour votre compte 3 - Vancouver BC - Livingston International\" \/>\n<meta property=\"og:description\" content=\"Vous avez cliqu\u00e9 sur Livingston LP \u00e0 Vancouver BC tel qu&rsquo;indiqu\u00e9 sur votre facture. Paiement des factures de Livingston en ligne ou par t\u00e9l\u00e9phone\u00a0 Livingston s&rsquo;est associ\u00e9e avec les principales banques du Canada pour vous permettre de mieux contr\u00f4ler le processus de paiement de vos factures. Nos partenaires bancaires sont les suivants : Banque de... Read more &raquo;\" \/>\n<meta property=\"og:url\" content=\"https:\/\/www.livingstonintl.com\/fr\/alias\/modalites-de-paiement\/modalites-de-paiement-pour-votre-compte-3-vancouver-bc\/\" \/>\n<meta property=\"og:site_name\" content=\"Livingston International\" \/>\n<meta property=\"article:publisher\" content=\"https:\/\/www.facebook.com\/livingstoninternational\" \/>\n<meta property=\"article:modified_time\" content=\"2016-01-06T15:34:46+00:00\" \/>\n<meta property=\"og:image\" content=\"https:\/\/cdn.livingstonintl.com\/livingston-content\/uploads\/2022\/09\/12163235\/2022-livingston-fb.jpg\" \/>\n\t<meta property=\"og:image:width\" content=\"1200\" \/>\n\t<meta property=\"og:image:height\" content=\"630\" \/>\n\t<meta property=\"og:image:type\" content=\"image\/jpeg\" \/>\n<meta name=\"twitter:label1\" content=\"Dur\u00e9e de lecture estim\u00e9e\" \/>\n\t<meta name=\"twitter:data1\" content=\"2 minutes\" \/>\n<script type=\"application\/ld+json\" class=\"yoast-schema-graph\">{\"@context\":\"https:\/\/schema.org\",\"@graph\":[{\"@type\":\"WebPage\",\"@id\":\"https:\/\/www.livingstonintl.com\/fr\/alias\/modalites-de-paiement\/modalites-de-paiement-pour-votre-compte-3-vancouver-bc\/\",\"url\":\"https:\/\/www.livingstonintl.com\/fr\/alias\/modalites-de-paiement\/modalites-de-paiement-pour-votre-compte-3-vancouver-bc\/\",\"name\":\"Modalit\u00e9s de paiement pour votre compte 3 - Vancouver BC - Livingston International\",\"isPartOf\":{\"@id\":\"https:\/\/www.livingstonintl.com\/fr\/#website\"},\"datePublished\":\"2016-01-06T15:33:54+00:00\",\"dateModified\":\"2016-01-06T15:34:46+00:00\",\"breadcrumb\":{\"@id\":\"https:\/\/www.livingstonintl.com\/fr\/alias\/modalites-de-paiement\/modalites-de-paiement-pour-votre-compte-3-vancouver-bc\/#breadcrumb\"},\"inLanguage\":\"fr-FR\",\"potentialAction\":[{\"@type\":\"ReadAction\",\"target\":[\"https:\/\/www.livingstonintl.com\/fr\/alias\/modalites-de-paiement\/modalites-de-paiement-pour-votre-compte-3-vancouver-bc\/\"]}]},{\"@type\":\"BreadcrumbList\",\"@id\":\"https:\/\/www.livingstonintl.com\/fr\/alias\/modalites-de-paiement\/modalites-de-paiement-pour-votre-compte-3-vancouver-bc\/#breadcrumb\",\"itemListElement\":[{\"@type\":\"ListItem\",\"position\":1,\"name\":\"Accueil\",\"item\":\"https:\/\/www.livingstonintl.com\/fr\/\"},{\"@type\":\"ListItem\",\"position\":2,\"name\":\"Alias\",\"item\":\"https:\/\/www.livingstonintl.com\/fr\/alias\/\"},{\"@type\":\"ListItem\",\"position\":3,\"name\":\"Modalit\u00e9s de paiement\",\"item\":\"https:\/\/www.livingstonintl.com\/fr\/alias\/modalites-de-paiement\/\"},{\"@type\":\"ListItem\",\"position\":4,\"name\":\"Modalit\u00e9s de paiement pour votre compte 3 &#8211; Vancouver BC\"}]},{\"@type\":\"WebSite\",\"@id\":\"https:\/\/www.livingstonintl.com\/fr\/#website\",\"url\":\"https:\/\/www.livingstonintl.com\/fr\/\",\"name\":\"Livingston International\",\"description\":\"Simplify Trade\",\"publisher\":{\"@id\":\"https:\/\/www.livingstonintl.com\/fr\/#organization\"},\"potentialAction\":[{\"@type\":\"SearchAction\",\"target\":{\"@type\":\"EntryPoint\",\"urlTemplate\":\"https:\/\/www.livingstonintl.com\/fr\/?s={search_term_string}\"},\"query-input\":{\"@type\":\"PropertyValueSpecification\",\"valueRequired\":true,\"valueName\":\"search_term_string\"}}],\"inLanguage\":\"fr-FR\"},{\"@type\":\"Organization\",\"@id\":\"https:\/\/www.livingstonintl.com\/fr\/#organization\",\"name\":\"Livingston International\",\"url\":\"https:\/\/www.livingstonintl.com\/fr\/\",\"logo\":{\"@type\":\"ImageObject\",\"inLanguage\":\"fr-FR\",\"@id\":\"https:\/\/www.livingstonintl.com\/fr\/#\/schema\/logo\/image\/\",\"url\":\"https:\/\/cdn.livingstonintl.com\/livingston-content\/uploads\/2022\/09\/12163235\/2022-livingston-fb.jpg\",\"contentUrl\":\"https:\/\/cdn.livingstonintl.com\/livingston-content\/uploads\/2022\/09\/12163235\/2022-livingston-fb.jpg\",\"width\":1200,\"height\":630,\"caption\":\"Livingston International\"},\"image\":{\"@id\":\"https:\/\/www.livingstonintl.com\/fr\/#\/schema\/logo\/image\/\"},\"sameAs\":[\"https:\/\/www.facebook.com\/livingstoninternational\",\"https:\/\/x.com\/livingston_intl\",\"https:\/\/linkedin.com\/company\/livingston-international\"]}]}<\/script>\n<!-- \/ Yoast SEO plugin. -->","yoast_head_json":{"title":"Modalit\u00e9s de paiement pour votre compte 3 - Vancouver BC - Livingston International","robots":{"index":"index","follow":"follow","max-snippet":"max-snippet:-1","max-image-preview":"max-image-preview:large","max-video-preview":"max-video-preview:-1"},"canonical":"https:\/\/www.livingstonintl.com\/fr\/alias\/modalites-de-paiement\/modalites-de-paiement-pour-votre-compte-3-vancouver-bc\/","og_locale":"fr_FR","og_type":"article","og_title":"Modalit\u00e9s de paiement pour votre compte 3 - Vancouver BC - Livingston International","og_description":"Vous avez cliqu\u00e9 sur Livingston LP \u00e0 Vancouver BC tel qu&rsquo;indiqu\u00e9 sur votre facture. Paiement des factures de Livingston en ligne ou par t\u00e9l\u00e9phone\u00a0 Livingston s&rsquo;est associ\u00e9e avec les principales banques du Canada pour vous permettre de mieux contr\u00f4ler le processus de paiement de vos factures. Nos partenaires bancaires sont les suivants : Banque de... Read more &raquo;","og_url":"https:\/\/www.livingstonintl.com\/fr\/alias\/modalites-de-paiement\/modalites-de-paiement-pour-votre-compte-3-vancouver-bc\/","og_site_name":"Livingston International","article_publisher":"https:\/\/www.facebook.com\/livingstoninternational","article_modified_time":"2016-01-06T15:34:46+00:00","og_image":[{"width":1200,"height":630,"url":"https:\/\/cdn.livingstonintl.com\/livingston-content\/uploads\/2022\/09\/12163235\/2022-livingston-fb.jpg","type":"image\/jpeg"}],"twitter_misc":{"Dur\u00e9e de lecture estim\u00e9e":"2 minutes"},"schema":{"@context":"https:\/\/schema.org","@graph":[{"@type":"WebPage","@id":"https:\/\/www.livingstonintl.com\/fr\/alias\/modalites-de-paiement\/modalites-de-paiement-pour-votre-compte-3-vancouver-bc\/","url":"https:\/\/www.livingstonintl.com\/fr\/alias\/modalites-de-paiement\/modalites-de-paiement-pour-votre-compte-3-vancouver-bc\/","name":"Modalit\u00e9s de paiement pour votre compte 3 - Vancouver BC - Livingston International","isPartOf":{"@id":"https:\/\/www.livingstonintl.com\/fr\/#website"},"datePublished":"2016-01-06T15:33:54+00:00","dateModified":"2016-01-06T15:34:46+00:00","breadcrumb":{"@id":"https:\/\/www.livingstonintl.com\/fr\/alias\/modalites-de-paiement\/modalites-de-paiement-pour-votre-compte-3-vancouver-bc\/#breadcrumb"},"inLanguage":"fr-FR","potentialAction":[{"@type":"ReadAction","target":["https:\/\/www.livingstonintl.com\/fr\/alias\/modalites-de-paiement\/modalites-de-paiement-pour-votre-compte-3-vancouver-bc\/"]}]},{"@type":"BreadcrumbList","@id":"https:\/\/www.livingstonintl.com\/fr\/alias\/modalites-de-paiement\/modalites-de-paiement-pour-votre-compte-3-vancouver-bc\/#breadcrumb","itemListElement":[{"@type":"ListItem","position":1,"name":"Accueil","item":"https:\/\/www.livingstonintl.com\/fr\/"},{"@type":"ListItem","position":2,"name":"Alias","item":"https:\/\/www.livingstonintl.com\/fr\/alias\/"},{"@type":"ListItem","position":3,"name":"Modalit\u00e9s de paiement","item":"https:\/\/www.livingstonintl.com\/fr\/alias\/modalites-de-paiement\/"},{"@type":"ListItem","position":4,"name":"Modalit\u00e9s de paiement pour votre compte 3 &#8211; Vancouver BC"}]},{"@type":"WebSite","@id":"https:\/\/www.livingstonintl.com\/fr\/#website","url":"https:\/\/www.livingstonintl.com\/fr\/","name":"Livingston International","description":"Simplify Trade","publisher":{"@id":"https:\/\/www.livingstonintl.com\/fr\/#organization"},"potentialAction":[{"@type":"SearchAction","target":{"@type":"EntryPoint","urlTemplate":"https:\/\/www.livingstonintl.com\/fr\/?s={search_term_string}"},"query-input":{"@type":"PropertyValueSpecification","valueRequired":true,"valueName":"search_term_string"}}],"inLanguage":"fr-FR"},{"@type":"Organization","@id":"https:\/\/www.livingstonintl.com\/fr\/#organization","name":"Livingston International","url":"https:\/\/www.livingstonintl.com\/fr\/","logo":{"@type":"ImageObject","inLanguage":"fr-FR","@id":"https:\/\/www.livingstonintl.com\/fr\/#\/schema\/logo\/image\/","url":"https:\/\/cdn.livingstonintl.com\/livingston-content\/uploads\/2022\/09\/12163235\/2022-livingston-fb.jpg","contentUrl":"https:\/\/cdn.livingstonintl.com\/livingston-content\/uploads\/2022\/09\/12163235\/2022-livingston-fb.jpg","width":1200,"height":630,"caption":"Livingston International"},"image":{"@id":"https:\/\/www.livingstonintl.com\/fr\/#\/schema\/logo\/image\/"},"sameAs":["https:\/\/www.facebook.com\/livingstoninternational","https:\/\/x.com\/livingston_intl","https:\/\/linkedin.com\/company\/livingston-international"]}]}},"_links":{"self":[{"href":"https:\/\/wp.livingstonintl.com\/fr\/wp-json\/wp\/v2\/pages\/30094","targetHints":{"allow":["GET"]}}],"collection":[{"href":"https:\/\/wp.livingstonintl.com\/fr\/wp-json\/wp\/v2\/pages"}],"about":[{"href":"https:\/\/wp.livingstonintl.com\/fr\/wp-json\/wp\/v2\/types\/page"}],"author":[{"embeddable":true,"href":"https:\/\/wp.livingstonintl.com\/fr\/wp-json\/wp\/v2\/users\/32"}],"replies":[{"embeddable":true,"href":"https:\/\/wp.livingstonintl.com\/fr\/wp-json\/wp\/v2\/comments?post=30094"}],"version-history":[{"count":0,"href":"https:\/\/wp.livingstonintl.com\/fr\/wp-json\/wp\/v2\/pages\/30094\/revisions"}],"up":[{"embeddable":true,"href":"https:\/\/wp.livingstonintl.com\/fr\/wp-json\/wp\/v2\/pages\/30027"}],"wp:attachment":[{"href":"https:\/\/wp.livingstonintl.com\/fr\/wp-json\/wp\/v2\/media?parent=30094"}],"curies":[{"name":"wp","href":"https:\/\/api.w.org\/{rel}","templated":true}]}}