{"id":30131,"date":"2016-01-06T15:40:01","date_gmt":"2016-01-06T15:40:01","guid":{"rendered":"\/fr\/?page_id=30131"},"modified":"2016-01-06T15:40:01","modified_gmt":"2016-01-06T15:40:01","slug":"declaration-de-securite-de-limportateur-isf","status":"publish","type":"page","link":"https:\/\/www.livingstonintl.com\/fr\/alias\/declaration-de-securite-de-limportateur-isf\/","title":{"rendered":"D\u00e9claration de s\u00e9curit\u00e9 de l\u2019importateur (ISF)"},"content":{"rendered":"<p>La d\u00e9claration de s\u00e9curit\u00e9 de l\u2019importateur (ISF), souvent appel\u00e9e initiative 10+2, est une r\u00e9glementation du CBP (Customs and Border Protection) qui oblige les importateurs et les transporteurs maritimes \u00e0 transmettre au CBP les donn\u00e9es pr\u00e9alables des exp\u00e9ditions maritimes \u00e0 destination des \u00c9tats-Unis. La d\u00e9claration ISF aide les autorit\u00e9s douani\u00e8res \u00e0 rep\u00e9rer les cargaisons \u00e0 haut risque arrivant aux \u00c9tats-Unis, qui n\u00e9cessitent une inspection plus d\u00e9taill\u00e9e et ne seront pas autoris\u00e9es \u00e0 poursuivre leur chemin sans une v\u00e9rification suppl\u00e9mentaire.<\/p>\n<p>En plus des formalit\u00e9s d\u00e9j\u00e0 prises en charge par leur courtier en douane am\u00e9ricain, les importateurs des \u00c9tats-Unis doivent transmettre dix \u00e9l\u00e9ments de donn\u00e9es suppl\u00e9mentaires. Comme pour la soumission des d\u00e9clarations en douane, c\u2019est \u00e0 l\u2019importateur que revient la responsabilit\u00e9 d\u2019obtenir les \u00e9l\u00e9ments de donn\u00e9es ISF requis et de les transmettre aux autorit\u00e9s douani\u00e8res am\u00e9ricaines 24 heures avant le chargement du navire au port d\u2019origine. Les transporteurs doivent transmettre deux ensembles de donn\u00e9es suppl\u00e9mentaires, en plus de leurs obligations actuelles en vertu de la r\u00e8gle des 24 heures de 2003.<\/p>\n<p>En vertu de la r\u00e9glementation, les importateurs et les transporteurs qui commettent une infraction sont passibles de dommages-int\u00e9r\u00eats extrajudiciaires allant de 5000 $ \u00e0 100 000 $, selon le type et le nombre des infractions. Dans le cadre de l\u2019application compl\u00e8te de la r\u00e9glementation ISF, les importateurs s\u2019exposent \u00e0 des dommages-int\u00e9r\u00eats extrajudiciaires de 5000 $ chaque fois qu\u2019ils soumettent des donn\u00e9es ISF inexactes, incompl\u00e8tes ou en retard.<\/p>\n<p>Livingston peut vous aider \u00e0 transmettre les donn\u00e9es ISF au CBP avec exactitude et \u00e0 temps, afin de maximiser votre conformit\u00e9 et de r\u00e9duire les risques de p\u00e9nalit\u00e9s. Pour plus de d\u00e9tails, <a href=\"\/fr\/services\/courtage-en-douane\/courtage-en-douane-americain\/services-isf-102\/\" title=\"Services ISF 10+2\" target=\"_blank\">visitez notre page Services ISF 10+2<\/a>. <\/p>\n<p><span style=\"font-size: 12px; line-height: 18px;\">\u00a0<\/span><\/p>\n<table width=\"100%\" border=\"0\" cellpadding=\"3\">\n<tbody>\n<tr>\n<td rowspan=\"2\" align=\"left\" valign=\"top\" width=\"50%\">\n<h3>Derni\u00e8res nouvelles<\/h3>\n<ul>\n<li>D\u00e9but de la prochaine \u00e9tape de la mise en application de l\u2019ISF. <a title=\"D\u00e9but de la prochaine \u00e9tape de la mise en application de l\u2019ISF\" href=\"\/fr\/u-s-regulatory-updates\/debut-de-la-prochaine-etape-de-la-mise-en-application-de-lisf\/\" target=\"_blank\">Lire la suite<\/a>.<\/li>\n<\/ul>\n<ul>\n<li>C\u2019est un d\u00e9part pour la mise en application de l\u2019ISF.\u00a0<a title=\"C\u2019est un d\u00e9part pour la mise en application de l\u2019ISF\" href=\"\/fr\/u-s-regulatory-updates\/cest-un-depart-pour-la-mise-en-application-de-lisf\/\" target=\"_blank\">Lire la suite<\/a>.<\/li>\n<\/ul>\n<\/td>\n<td colspan=\"2\" align=\"left\" valign=\"top\" width=\"50%\">\n<h3>More resources<\/h3>\n<ul>\n<li>10 faits sur 10+2 : Nouvelles exigences pour les importateurs am\u00e9ricains.\u00a0<a title=\"10 faits sur 10+2 : Nouvelles exigences pour les importateurs am\u00e9ricains\" href=\"\/resource\/10-facts-about-102\/\" target=\"_blank\">Lire la suite<\/a>.(en anglais)<\/li>\n<li>D\u00e9claration de s\u00e9curit\u00e9 de l\u2019importateur : \u00e9l\u00e9ments de donn\u00e9es requis.\u00a0<a title=\"Importer Security Filing: Required data elements\" href=\"\/resource\/isf-10-data-elements\/\" target=\"_blank\">Lire la suite<\/a>.(en anglais)<\/li>\n<\/ul>\n<\/td>\n<\/tr>\n<\/tbody>\n<\/table>\n<p><span style=\"font-size: 12px; line-height: 18px;\"><br \/>\n<\/span><span style=\"font-size: 12px; line-height: 18px;\">\u00a0<\/span><span style=\"font-size: 12px; line-height: 18px;\">\u00a0<\/span><span style=\"font-size: 12px; line-height: 18px;\">\u00a0<\/span><\/p>\n","protected":false},"excerpt":{"rendered":"<p>La d\u00e9claration de s\u00e9curit\u00e9 de l\u2019importateur (ISF), souvent appel\u00e9e initiative 10+2, est une r\u00e9glementation du CBP (Customs and Border Protection) qui oblige les importateurs et les transporteurs maritimes \u00e0 transmettre au CBP les donn\u00e9es pr\u00e9alables des exp\u00e9ditions maritimes \u00e0 destination des \u00c9tats-Unis. La d\u00e9claration ISF aide les autorit\u00e9s douani\u00e8res \u00e0 rep\u00e9rer les cargaisons \u00e0 haut<a class=\"excerpt-read-more\" href=\"https:\/\/www.livingstonintl.com\/fr\/alias\/declaration-de-securite-de-limportateur-isf\/\" title=\"ReadD\u00e9claration de s\u00e9curit\u00e9 de l\u2019importateur (ISF)\">&#8230; Read more &raquo;<\/a><\/p>\n","protected":false},"author":32,"featured_media":0,"parent":29892,"menu_order":352,"comment_status":"closed","ping_status":"closed","template":"template-retired\/page-onecol-nosidebar.php","meta":{"_acf_changed":false,"footnotes":""},"class_list":["post-30131","page","type-page","status-publish","hentry"],"acf":[],"yoast_head":"<!-- This site is optimized with the Yoast SEO plugin v27.2 - https:\/\/yoast.com\/product\/yoast-seo-wordpress\/ -->\n<title>D\u00e9claration de s\u00e9curit\u00e9 de l\u2019importateur (ISF) - Livingston International<\/title>\n<meta name=\"robots\" content=\"index, follow, max-snippet:-1, max-image-preview:large, max-video-preview:-1\" \/>\n<link rel=\"canonical\" href=\"https:\/\/www.livingstonintl.com\/fr\/alias\/declaration-de-securite-de-limportateur-isf\/\" \/>\n<meta property=\"og:locale\" content=\"fr_FR\" \/>\n<meta property=\"og:type\" content=\"article\" \/>\n<meta property=\"og:title\" content=\"D\u00e9claration de s\u00e9curit\u00e9 de l\u2019importateur (ISF) - Livingston International\" \/>\n<meta property=\"og:description\" content=\"La d\u00e9claration de s\u00e9curit\u00e9 de l\u2019importateur (ISF), souvent appel\u00e9e initiative 10+2, est une r\u00e9glementation du CBP (Customs and Border Protection) qui oblige les importateurs et les transporteurs maritimes \u00e0 transmettre au CBP les donn\u00e9es pr\u00e9alables des exp\u00e9ditions maritimes \u00e0 destination des \u00c9tats-Unis. La d\u00e9claration ISF aide les autorit\u00e9s douani\u00e8res \u00e0 rep\u00e9rer les cargaisons \u00e0 haut... Read more &raquo;\" \/>\n<meta property=\"og:url\" content=\"https:\/\/www.livingstonintl.com\/fr\/alias\/declaration-de-securite-de-limportateur-isf\/\" \/>\n<meta property=\"og:site_name\" content=\"Livingston International\" \/>\n<meta property=\"article:publisher\" content=\"https:\/\/www.facebook.com\/livingstoninternational\" \/>\n<meta property=\"og:image\" content=\"https:\/\/cdn.livingstonintl.com\/livingston-content\/uploads\/2022\/09\/12163235\/2022-livingston-fb.jpg\" \/>\n\t<meta property=\"og:image:width\" content=\"1200\" \/>\n\t<meta property=\"og:image:height\" content=\"630\" \/>\n\t<meta property=\"og:image:type\" content=\"image\/jpeg\" \/>\n<meta name=\"twitter:label1\" content=\"Dur\u00e9e de lecture estim\u00e9e\" \/>\n\t<meta name=\"twitter:data1\" content=\"2 minutes\" \/>\n<script type=\"application\/ld+json\" class=\"yoast-schema-graph\">{\"@context\":\"https:\/\/schema.org\",\"@graph\":[{\"@type\":\"WebPage\",\"@id\":\"https:\/\/www.livingstonintl.com\/fr\/alias\/declaration-de-securite-de-limportateur-isf\/\",\"url\":\"https:\/\/www.livingstonintl.com\/fr\/alias\/declaration-de-securite-de-limportateur-isf\/\",\"name\":\"D\u00e9claration de s\u00e9curit\u00e9 de l\u2019importateur (ISF) - Livingston International\",\"isPartOf\":{\"@id\":\"https:\/\/www.livingstonintl.com\/fr\/#website\"},\"datePublished\":\"2016-01-06T15:40:01+00:00\",\"breadcrumb\":{\"@id\":\"https:\/\/www.livingstonintl.com\/fr\/alias\/declaration-de-securite-de-limportateur-isf\/#breadcrumb\"},\"inLanguage\":\"fr-FR\",\"potentialAction\":[{\"@type\":\"ReadAction\",\"target\":[\"https:\/\/www.livingstonintl.com\/fr\/alias\/declaration-de-securite-de-limportateur-isf\/\"]}]},{\"@type\":\"BreadcrumbList\",\"@id\":\"https:\/\/www.livingstonintl.com\/fr\/alias\/declaration-de-securite-de-limportateur-isf\/#breadcrumb\",\"itemListElement\":[{\"@type\":\"ListItem\",\"position\":1,\"name\":\"Accueil\",\"item\":\"https:\/\/www.livingstonintl.com\/fr\/\"},{\"@type\":\"ListItem\",\"position\":2,\"name\":\"Alias\",\"item\":\"https:\/\/www.livingstonintl.com\/fr\/alias\/\"},{\"@type\":\"ListItem\",\"position\":3,\"name\":\"D\u00e9claration de s\u00e9curit\u00e9 de l\u2019importateur (ISF)\"}]},{\"@type\":\"WebSite\",\"@id\":\"https:\/\/www.livingstonintl.com\/fr\/#website\",\"url\":\"https:\/\/www.livingstonintl.com\/fr\/\",\"name\":\"Livingston International\",\"description\":\"Simplify Trade\",\"publisher\":{\"@id\":\"https:\/\/www.livingstonintl.com\/fr\/#organization\"},\"potentialAction\":[{\"@type\":\"SearchAction\",\"target\":{\"@type\":\"EntryPoint\",\"urlTemplate\":\"https:\/\/www.livingstonintl.com\/fr\/?s={search_term_string}\"},\"query-input\":{\"@type\":\"PropertyValueSpecification\",\"valueRequired\":true,\"valueName\":\"search_term_string\"}}],\"inLanguage\":\"fr-FR\"},{\"@type\":\"Organization\",\"@id\":\"https:\/\/www.livingstonintl.com\/fr\/#organization\",\"name\":\"Livingston International\",\"url\":\"https:\/\/www.livingstonintl.com\/fr\/\",\"logo\":{\"@type\":\"ImageObject\",\"inLanguage\":\"fr-FR\",\"@id\":\"https:\/\/www.livingstonintl.com\/fr\/#\/schema\/logo\/image\/\",\"url\":\"https:\/\/cdn.livingstonintl.com\/livingston-content\/uploads\/2022\/09\/12163235\/2022-livingston-fb.jpg\",\"contentUrl\":\"https:\/\/cdn.livingstonintl.com\/livingston-content\/uploads\/2022\/09\/12163235\/2022-livingston-fb.jpg\",\"width\":1200,\"height\":630,\"caption\":\"Livingston International\"},\"image\":{\"@id\":\"https:\/\/www.livingstonintl.com\/fr\/#\/schema\/logo\/image\/\"},\"sameAs\":[\"https:\/\/www.facebook.com\/livingstoninternational\",\"https:\/\/x.com\/livingston_intl\",\"https:\/\/linkedin.com\/company\/livingston-international\"]}]}<\/script>\n<!-- \/ Yoast SEO plugin. -->","yoast_head_json":{"title":"D\u00e9claration de s\u00e9curit\u00e9 de l\u2019importateur (ISF) - Livingston International","robots":{"index":"index","follow":"follow","max-snippet":"max-snippet:-1","max-image-preview":"max-image-preview:large","max-video-preview":"max-video-preview:-1"},"canonical":"https:\/\/www.livingstonintl.com\/fr\/alias\/declaration-de-securite-de-limportateur-isf\/","og_locale":"fr_FR","og_type":"article","og_title":"D\u00e9claration de s\u00e9curit\u00e9 de l\u2019importateur (ISF) - Livingston International","og_description":"La d\u00e9claration de s\u00e9curit\u00e9 de l\u2019importateur (ISF), souvent appel\u00e9e initiative 10+2, est une r\u00e9glementation du CBP (Customs and Border Protection) qui oblige les importateurs et les transporteurs maritimes \u00e0 transmettre au CBP les donn\u00e9es pr\u00e9alables des exp\u00e9ditions maritimes \u00e0 destination des \u00c9tats-Unis. La d\u00e9claration ISF aide les autorit\u00e9s douani\u00e8res \u00e0 rep\u00e9rer les cargaisons \u00e0 haut... Read more &raquo;","og_url":"https:\/\/www.livingstonintl.com\/fr\/alias\/declaration-de-securite-de-limportateur-isf\/","og_site_name":"Livingston International","article_publisher":"https:\/\/www.facebook.com\/livingstoninternational","og_image":[{"width":1200,"height":630,"url":"https:\/\/cdn.livingstonintl.com\/livingston-content\/uploads\/2022\/09\/12163235\/2022-livingston-fb.jpg","type":"image\/jpeg"}],"twitter_misc":{"Dur\u00e9e de lecture estim\u00e9e":"2 minutes"},"schema":{"@context":"https:\/\/schema.org","@graph":[{"@type":"WebPage","@id":"https:\/\/www.livingstonintl.com\/fr\/alias\/declaration-de-securite-de-limportateur-isf\/","url":"https:\/\/www.livingstonintl.com\/fr\/alias\/declaration-de-securite-de-limportateur-isf\/","name":"D\u00e9claration de s\u00e9curit\u00e9 de l\u2019importateur (ISF) - Livingston International","isPartOf":{"@id":"https:\/\/www.livingstonintl.com\/fr\/#website"},"datePublished":"2016-01-06T15:40:01+00:00","breadcrumb":{"@id":"https:\/\/www.livingstonintl.com\/fr\/alias\/declaration-de-securite-de-limportateur-isf\/#breadcrumb"},"inLanguage":"fr-FR","potentialAction":[{"@type":"ReadAction","target":["https:\/\/www.livingstonintl.com\/fr\/alias\/declaration-de-securite-de-limportateur-isf\/"]}]},{"@type":"BreadcrumbList","@id":"https:\/\/www.livingstonintl.com\/fr\/alias\/declaration-de-securite-de-limportateur-isf\/#breadcrumb","itemListElement":[{"@type":"ListItem","position":1,"name":"Accueil","item":"https:\/\/www.livingstonintl.com\/fr\/"},{"@type":"ListItem","position":2,"name":"Alias","item":"https:\/\/www.livingstonintl.com\/fr\/alias\/"},{"@type":"ListItem","position":3,"name":"D\u00e9claration de s\u00e9curit\u00e9 de l\u2019importateur (ISF)"}]},{"@type":"WebSite","@id":"https:\/\/www.livingstonintl.com\/fr\/#website","url":"https:\/\/www.livingstonintl.com\/fr\/","name":"Livingston International","description":"Simplify Trade","publisher":{"@id":"https:\/\/www.livingstonintl.com\/fr\/#organization"},"potentialAction":[{"@type":"SearchAction","target":{"@type":"EntryPoint","urlTemplate":"https:\/\/www.livingstonintl.com\/fr\/?s={search_term_string}"},"query-input":{"@type":"PropertyValueSpecification","valueRequired":true,"valueName":"search_term_string"}}],"inLanguage":"fr-FR"},{"@type":"Organization","@id":"https:\/\/www.livingstonintl.com\/fr\/#organization","name":"Livingston International","url":"https:\/\/www.livingstonintl.com\/fr\/","logo":{"@type":"ImageObject","inLanguage":"fr-FR","@id":"https:\/\/www.livingstonintl.com\/fr\/#\/schema\/logo\/image\/","url":"https:\/\/cdn.livingstonintl.com\/livingston-content\/uploads\/2022\/09\/12163235\/2022-livingston-fb.jpg","contentUrl":"https:\/\/cdn.livingstonintl.com\/livingston-content\/uploads\/2022\/09\/12163235\/2022-livingston-fb.jpg","width":1200,"height":630,"caption":"Livingston International"},"image":{"@id":"https:\/\/www.livingstonintl.com\/fr\/#\/schema\/logo\/image\/"},"sameAs":["https:\/\/www.facebook.com\/livingstoninternational","https:\/\/x.com\/livingston_intl","https:\/\/linkedin.com\/company\/livingston-international"]}]}},"_links":{"self":[{"href":"https:\/\/wp.livingstonintl.com\/fr\/wp-json\/wp\/v2\/pages\/30131","targetHints":{"allow":["GET"]}}],"collection":[{"href":"https:\/\/wp.livingstonintl.com\/fr\/wp-json\/wp\/v2\/pages"}],"about":[{"href":"https:\/\/wp.livingstonintl.com\/fr\/wp-json\/wp\/v2\/types\/page"}],"author":[{"embeddable":true,"href":"https:\/\/wp.livingstonintl.com\/fr\/wp-json\/wp\/v2\/users\/32"}],"replies":[{"embeddable":true,"href":"https:\/\/wp.livingstonintl.com\/fr\/wp-json\/wp\/v2\/comments?post=30131"}],"version-history":[{"count":0,"href":"https:\/\/wp.livingstonintl.com\/fr\/wp-json\/wp\/v2\/pages\/30131\/revisions"}],"up":[{"embeddable":true,"href":"https:\/\/wp.livingstonintl.com\/fr\/wp-json\/wp\/v2\/pages\/29892"}],"wp:attachment":[{"href":"https:\/\/wp.livingstonintl.com\/fr\/wp-json\/wp\/v2\/media?parent=30131"}],"curies":[{"name":"wp","href":"https:\/\/api.w.org\/{rel}","templated":true}]}}