{"id":30243,"date":"2016-01-06T15:58:09","date_gmt":"2016-01-06T15:58:09","guid":{"rendered":"\/fr\/?page_id=30243"},"modified":"2023-11-20T07:46:59","modified_gmt":"2023-11-20T12:46:59","slug":"acia","status":"publish","type":"page","link":"https:\/\/www.livingstonintl.com\/fr\/acia\/","title":{"rendered":"Programme d&rsquo;inspection des aliments de l&rsquo;ACIA"},"content":{"rendered":"\n<p class=\"large\">Avec une approche ax\u00e9e sur des r\u00e8gles strictes et normalis\u00e9es en mati\u00e8re de s\u00e9curit\u00e9 alimentaire, une inspection efficace, la tra\u00e7abilit\u00e9, un contr\u00f4le pr\u00e9ventif et une plus grande transparence des renseignements pour les consommateurs, l\u2019agence canadienne d\u2019inspection des aliments (acia) respecte \u00e0 la fois la <a href=\"http:\/\/laws-lois.justice.gc.ca\/eng\/acts\/S-1.1\/index.html\" target=\"_blank\" rel=\"noopener noreferrer\">loi sur la salubrit\u00e9 des aliments pour les canadiens<\/a> et le <a href=\"https:\/\/inspection.canada.ca\/english\/reg\/jredirect2.shtml?sfcrrsac\" target=\"_blank\" rel=\"noopener noreferrer\">r\u00e8glement sur la salubrit\u00e9 des aliments pour les canadiens<\/a>.<\/p>\n\n\n\n<p>La Loi sur la salubrit\u00e9 des aliments au Canada est la pierre angulaire du programme de changement de l\u2019ACIA qui pr\u00e9conise une meilleure salubrit\u00e9 des aliments et une protection accrue, afin de prot\u00e9ger la sant\u00e9 et la s\u00e9curit\u00e9 des Canadiens et de rendre les entreprises canadiennes plus concurrentielles \u00e0 l\u2019\u00e9chelle mondiale.<\/p>\n\n\n\n<p><strong>Les principales initiatives du programme incluent :<\/strong><\/p>\n\n\n\n<ul class=\"wp-block-list\">\n<li>inspections<\/li>\n\n\n\n<li>r\u00e9glementation alimentaire<\/li>\n\n\n\n<li>un syst\u00e8me de d\u00e9livrance de licences d\u2019importation du Plan d\u2019action pour assurer la s\u00e9curit\u00e9 des produits alimentaires;<\/li>\n\n\n\n<li>la promotion de la conformit\u00e9;<\/li>\n\n\n\n<li>l&rsquo;\u00e9tiquetage des aliments<\/li>\n<\/ul>\n\n\n\n<p><strong>Sites les plus demand\u00e9s de l\u2019ACIA&nbsp;:<\/strong><\/p>\n\n\n\n<ul class=\"wp-block-list\">\n<li><a href=\"https:\/\/inspection.canada.ca\/salubrite-alimentaire-pour-l-industrie\/trousse-d-outils-pour-les-entreprises-alimentaires\/fra\/1427299500843\/1427299800380\">Trousse d&rsquo;outils pour les entreprises alimentaires<\/a><\/li>\n\n\n\n<li><a href=\"https:\/\/recalls-rappels.canada.ca\/fr\/recherche\/site?f%5B0%5D=category%3A144\">Rappels d&rsquo;aliments<\/a><\/li>\n\n\n\n<li><a href=\"https:\/\/inspection.canada.ca\/exigences-et-documents-d-orientation-relatives-a-c\/fra\/1521720158031\/1521720158588\">Exigences et documents d&rsquo;orientation relatives \u00e0 certains aliments<\/a><\/li>\n\n\n\n<li><a href=\"https:\/\/inspection.canada.ca\/etiquetage-des-aliments\/fra\/1574436698583\/1574436791492\">\u00c9tiquetage des aliments<\/a><\/li>\n\n\n\n<li><a href=\"https:\/\/inspection.canada.ca\/controles-preventifs\/fra\/1526472289805\/1526472290070\">Contr\u00f4les pr\u00e9ventifs<\/a><\/li>\n\n\n\n<li><a href=\"https:\/\/inspection.canada.ca\/salubrite-alimentaire-pour-les-consommateurs\/fra\/1299093858143\/1303766424564\">Salubrit\u00e9 alimentaire pour les consommateurs<\/a><\/li>\n\n\n\n<li><a href=\"https:\/\/inspection.canada.ca\/salubrite-alimentaire-pour-l-industrie\/information-pour-les-medias\/fra\/1528746083978\/1528746084227\">Information pour les m\u00e9dias<\/a><\/li>\n\n\n\n<li><a href=\"https:\/\/inspection.canada.ca\/a-propos-de-l-acia\/lois-et-reglements\/fra\/1299846777345\/1299847442232\">Lois et r\u00e8glements<\/a><\/li>\n<\/ul>\n\n\n\n<p>Veuillez consulter la page Web du <a href=\"https:\/\/inspection.canada.ca\/fra\/1297964599443\/1297965645317\">R\u00e8glement sur la salubrit\u00e9 des aliments au Canada<\/a> pour en apprendre davantage.<\/p>\n","protected":false},"excerpt":{"rendered":"<p>Avec une approche ax\u00e9e sur des r\u00e8gles strictes et normalis\u00e9es en mati\u00e8re de s\u00e9curit\u00e9 alimentaire, une inspection efficace, la tra\u00e7abilit\u00e9, un contr\u00f4le pr\u00e9ventif et une plus grande transparence des renseignements pour les consommateurs, l\u2019agence canadienne d\u2019inspection des aliments (acia) respecte \u00e0 la fois la loi sur la salubrit\u00e9 des aliments pour les canadiens et le<a class=\"excerpt-read-more\" href=\"https:\/\/www.livingstonintl.com\/fr\/acia\/\" title=\"ReadProgramme d&rsquo;inspection des aliments de l&rsquo;ACIA\">&#8230; Read more &raquo;<\/a><\/p>\n","protected":false},"author":32,"featured_media":0,"parent":0,"menu_order":146,"comment_status":"closed","ping_status":"closed","template":"template-retired\/page-landing-withsidebar.php","meta":{"_acf_changed":false,"footnotes":""},"class_list":["post-30243","page","type-page","status-publish","hentry"],"acf":[],"yoast_head":"<!-- This site is optimized with the Yoast SEO plugin v27.5 - https:\/\/yoast.com\/product\/yoast-seo-wordpress\/ -->\n<title>Programme d&#039;inspection des aliments de l&#039;ACIA - Livingston International<\/title>\n<meta name=\"robots\" content=\"index, follow, max-snippet:-1, max-image-preview:large, max-video-preview:-1\" \/>\n<link rel=\"canonical\" href=\"https:\/\/www.livingstonintl.com\/fr\/acia\/\" \/>\n<meta property=\"og:locale\" content=\"fr_FR\" \/>\n<meta property=\"og:type\" content=\"article\" \/>\n<meta property=\"og:title\" content=\"Programme d&#039;inspection des aliments de l&#039;ACIA - Livingston International\" \/>\n<meta property=\"og:description\" content=\"Avec une approche ax\u00e9e sur des r\u00e8gles strictes et normalis\u00e9es en mati\u00e8re de s\u00e9curit\u00e9 alimentaire, une inspection efficace, la tra\u00e7abilit\u00e9, un contr\u00f4le pr\u00e9ventif et une plus grande transparence des renseignements pour les consommateurs, l\u2019agence canadienne d\u2019inspection des aliments (acia) respecte \u00e0 la fois la loi sur la salubrit\u00e9 des aliments pour les canadiens et le... Read more &raquo;\" \/>\n<meta property=\"og:url\" content=\"https:\/\/www.livingstonintl.com\/fr\/acia\/\" \/>\n<meta property=\"og:site_name\" content=\"Livingston International\" \/>\n<meta property=\"article:publisher\" content=\"https:\/\/www.facebook.com\/livingstoninternational\" \/>\n<meta property=\"article:modified_time\" content=\"2023-11-20T12:46:59+00:00\" \/>\n<meta property=\"og:image\" content=\"https:\/\/cdn.livingstonintl.com\/livingston-content\/uploads\/2022\/09\/12163235\/2022-livingston-fb.jpg\" \/>\n\t<meta property=\"og:image:width\" content=\"1200\" \/>\n\t<meta property=\"og:image:height\" content=\"630\" \/>\n\t<meta property=\"og:image:type\" content=\"image\/jpeg\" \/>\n<meta name=\"twitter:label1\" content=\"Dur\u00e9e de lecture estim\u00e9e\" \/>\n\t<meta name=\"twitter:data1\" content=\"1 minute\" \/>\n<script type=\"application\/ld+json\" class=\"yoast-schema-graph\">{\"@context\":\"https:\\\/\\\/schema.org\",\"@graph\":[{\"@type\":\"WebPage\",\"@id\":\"https:\\\/\\\/www.livingstonintl.com\\\/fr\\\/acia\\\/\",\"url\":\"https:\\\/\\\/www.livingstonintl.com\\\/fr\\\/acia\\\/\",\"name\":\"Programme d'inspection des aliments de l'ACIA - Livingston International\",\"isPartOf\":{\"@id\":\"https:\\\/\\\/www.livingstonintl.com\\\/fr\\\/#website\"},\"datePublished\":\"2016-01-06T15:58:09+00:00\",\"dateModified\":\"2023-11-20T12:46:59+00:00\",\"breadcrumb\":{\"@id\":\"https:\\\/\\\/www.livingstonintl.com\\\/fr\\\/acia\\\/#breadcrumb\"},\"inLanguage\":\"fr-FR\",\"potentialAction\":[{\"@type\":\"ReadAction\",\"target\":[\"https:\\\/\\\/www.livingstonintl.com\\\/fr\\\/acia\\\/\"]}]},{\"@type\":\"BreadcrumbList\",\"@id\":\"https:\\\/\\\/www.livingstonintl.com\\\/fr\\\/acia\\\/#breadcrumb\",\"itemListElement\":[{\"@type\":\"ListItem\",\"position\":1,\"name\":\"Accueil\",\"item\":\"https:\\\/\\\/www.livingstonintl.com\\\/fr\\\/\"},{\"@type\":\"ListItem\",\"position\":2,\"name\":\"Programme d&#8217;inspection des aliments de l&#8217;ACIA\"}]},{\"@type\":\"WebSite\",\"@id\":\"https:\\\/\\\/www.livingstonintl.com\\\/fr\\\/#website\",\"url\":\"https:\\\/\\\/www.livingstonintl.com\\\/fr\\\/\",\"name\":\"Livingston International\",\"description\":\"Simplify Trade\",\"publisher\":{\"@id\":\"https:\\\/\\\/www.livingstonintl.com\\\/fr\\\/#organization\"},\"potentialAction\":[{\"@type\":\"SearchAction\",\"target\":{\"@type\":\"EntryPoint\",\"urlTemplate\":\"https:\\\/\\\/www.livingstonintl.com\\\/fr\\\/?s={search_term_string}\"},\"query-input\":{\"@type\":\"PropertyValueSpecification\",\"valueRequired\":true,\"valueName\":\"search_term_string\"}}],\"inLanguage\":\"fr-FR\"},{\"@type\":\"Organization\",\"@id\":\"https:\\\/\\\/www.livingstonintl.com\\\/fr\\\/#organization\",\"name\":\"Livingston International\",\"url\":\"https:\\\/\\\/www.livingstonintl.com\\\/fr\\\/\",\"logo\":{\"@type\":\"ImageObject\",\"inLanguage\":\"fr-FR\",\"@id\":\"https:\\\/\\\/www.livingstonintl.com\\\/fr\\\/#\\\/schema\\\/logo\\\/image\\\/\",\"url\":\"https:\\\/\\\/cdn.livingstonintl.com\\\/livingston-content\\\/uploads\\\/2022\\\/09\\\/12163235\\\/2022-livingston-fb.jpg\",\"contentUrl\":\"https:\\\/\\\/cdn.livingstonintl.com\\\/livingston-content\\\/uploads\\\/2022\\\/09\\\/12163235\\\/2022-livingston-fb.jpg\",\"width\":1200,\"height\":630,\"caption\":\"Livingston International\"},\"image\":{\"@id\":\"https:\\\/\\\/www.livingstonintl.com\\\/fr\\\/#\\\/schema\\\/logo\\\/image\\\/\"},\"sameAs\":[\"https:\\\/\\\/www.facebook.com\\\/livingstoninternational\",\"https:\\\/\\\/x.com\\\/livingston_intl\",\"https:\\\/\\\/linkedin.com\\\/company\\\/livingston-international\"]}]}<\/script>\n<!-- \/ Yoast SEO plugin. -->","yoast_head_json":{"title":"Programme d'inspection des aliments de l'ACIA - Livingston International","robots":{"index":"index","follow":"follow","max-snippet":"max-snippet:-1","max-image-preview":"max-image-preview:large","max-video-preview":"max-video-preview:-1"},"canonical":"https:\/\/www.livingstonintl.com\/fr\/acia\/","og_locale":"fr_FR","og_type":"article","og_title":"Programme d'inspection des aliments de l'ACIA - Livingston International","og_description":"Avec une approche ax\u00e9e sur des r\u00e8gles strictes et normalis\u00e9es en mati\u00e8re de s\u00e9curit\u00e9 alimentaire, une inspection efficace, la tra\u00e7abilit\u00e9, un contr\u00f4le pr\u00e9ventif et une plus grande transparence des renseignements pour les consommateurs, l\u2019agence canadienne d\u2019inspection des aliments (acia) respecte \u00e0 la fois la loi sur la salubrit\u00e9 des aliments pour les canadiens et le... Read more &raquo;","og_url":"https:\/\/www.livingstonintl.com\/fr\/acia\/","og_site_name":"Livingston International","article_publisher":"https:\/\/www.facebook.com\/livingstoninternational","article_modified_time":"2023-11-20T12:46:59+00:00","og_image":[{"width":1200,"height":630,"url":"https:\/\/cdn.livingstonintl.com\/livingston-content\/uploads\/2022\/09\/12163235\/2022-livingston-fb.jpg","type":"image\/jpeg"}],"twitter_misc":{"Dur\u00e9e de lecture estim\u00e9e":"1 minute"},"schema":{"@context":"https:\/\/schema.org","@graph":[{"@type":"WebPage","@id":"https:\/\/www.livingstonintl.com\/fr\/acia\/","url":"https:\/\/www.livingstonintl.com\/fr\/acia\/","name":"Programme d'inspection des aliments de l'ACIA - Livingston International","isPartOf":{"@id":"https:\/\/www.livingstonintl.com\/fr\/#website"},"datePublished":"2016-01-06T15:58:09+00:00","dateModified":"2023-11-20T12:46:59+00:00","breadcrumb":{"@id":"https:\/\/www.livingstonintl.com\/fr\/acia\/#breadcrumb"},"inLanguage":"fr-FR","potentialAction":[{"@type":"ReadAction","target":["https:\/\/www.livingstonintl.com\/fr\/acia\/"]}]},{"@type":"BreadcrumbList","@id":"https:\/\/www.livingstonintl.com\/fr\/acia\/#breadcrumb","itemListElement":[{"@type":"ListItem","position":1,"name":"Accueil","item":"https:\/\/www.livingstonintl.com\/fr\/"},{"@type":"ListItem","position":2,"name":"Programme d&#8217;inspection des aliments de l&#8217;ACIA"}]},{"@type":"WebSite","@id":"https:\/\/www.livingstonintl.com\/fr\/#website","url":"https:\/\/www.livingstonintl.com\/fr\/","name":"Livingston International","description":"Simplify Trade","publisher":{"@id":"https:\/\/www.livingstonintl.com\/fr\/#organization"},"potentialAction":[{"@type":"SearchAction","target":{"@type":"EntryPoint","urlTemplate":"https:\/\/www.livingstonintl.com\/fr\/?s={search_term_string}"},"query-input":{"@type":"PropertyValueSpecification","valueRequired":true,"valueName":"search_term_string"}}],"inLanguage":"fr-FR"},{"@type":"Organization","@id":"https:\/\/www.livingstonintl.com\/fr\/#organization","name":"Livingston International","url":"https:\/\/www.livingstonintl.com\/fr\/","logo":{"@type":"ImageObject","inLanguage":"fr-FR","@id":"https:\/\/www.livingstonintl.com\/fr\/#\/schema\/logo\/image\/","url":"https:\/\/cdn.livingstonintl.com\/livingston-content\/uploads\/2022\/09\/12163235\/2022-livingston-fb.jpg","contentUrl":"https:\/\/cdn.livingstonintl.com\/livingston-content\/uploads\/2022\/09\/12163235\/2022-livingston-fb.jpg","width":1200,"height":630,"caption":"Livingston International"},"image":{"@id":"https:\/\/www.livingstonintl.com\/fr\/#\/schema\/logo\/image\/"},"sameAs":["https:\/\/www.facebook.com\/livingstoninternational","https:\/\/x.com\/livingston_intl","https:\/\/linkedin.com\/company\/livingston-international"]}]}},"_links":{"self":[{"href":"https:\/\/wp.livingstonintl.com\/fr\/wp-json\/wp\/v2\/pages\/30243","targetHints":{"allow":["GET"]}}],"collection":[{"href":"https:\/\/wp.livingstonintl.com\/fr\/wp-json\/wp\/v2\/pages"}],"about":[{"href":"https:\/\/wp.livingstonintl.com\/fr\/wp-json\/wp\/v2\/types\/page"}],"author":[{"embeddable":true,"href":"https:\/\/wp.livingstonintl.com\/fr\/wp-json\/wp\/v2\/users\/32"}],"replies":[{"embeddable":true,"href":"https:\/\/wp.livingstonintl.com\/fr\/wp-json\/wp\/v2\/comments?post=30243"}],"version-history":[{"count":2,"href":"https:\/\/wp.livingstonintl.com\/fr\/wp-json\/wp\/v2\/pages\/30243\/revisions"}],"predecessor-version":[{"id":59422,"href":"https:\/\/wp.livingstonintl.com\/fr\/wp-json\/wp\/v2\/pages\/30243\/revisions\/59422"}],"wp:attachment":[{"href":"https:\/\/wp.livingstonintl.com\/fr\/wp-json\/wp\/v2\/media?parent=30243"}],"curies":[{"name":"wp","href":"https:\/\/api.w.org\/{rel}","templated":true}]}}