{"id":33554,"date":"2015-11-06T19:00:34","date_gmt":"2015-11-06T23:00:34","guid":{"rendered":"http:\/\/livingston-new.dev\/fr\/canadian-goods-and-services-tax-gst-services\/"},"modified":"2016-10-12T17:54:05","modified_gmt":"2016-10-12T17:54:05","slug":"services-de-gestion-de-la-taxe-canadienne-sur-les-produits-et-services-tps","status":"publish","type":"page","link":"https:\/\/www.livingstonintl.com\/fr\/services-de-gestion-de-la-taxe-canadienne-sur-les-produits-et-services-tps\/","title":{"rendered":"Services de gestion de la taxe canadienne sur les produits et services (TPS)"},"content":{"rendered":"<p>Peu de biens et services \u00e9chappent aux imp\u00f4ts et, sous la pression d\u2019une l\u00e9gislation en \u00e9volution constante, la complexit\u00e9 des taxes \u00e0 la consommation donne souvent lieu \u00e0 des paiements exc\u00e9dentaires.<\/p>\n<p>Ce service, adapt\u00e9 \u00e0 vos besoins, comprend :<\/p>\n<ul>\n<li>l\u2019examen des paiements tels que la taxe sur les produits et services (TPS), la taxe de vente provinciale (TVP\/TVQ) et la taxe de vente harmonis\u00e9e (TVH);<\/li>\n<li>un rapport \u00e9crit d\u00e9taillant les r\u00e9sultats et les possibilit\u00e9s de recouvrement;<\/li>\n<li>la pr\u00e9paration et le traitement de toutes les demandes de remboursement;<\/li>\n<li>un point de contact unique pour g\u00e9rer l\u2019examen.<\/li>\n<\/ul>\n<p>Avantages pour vous :<\/p>\n<ul>\n<li>Les montants recouverts viennent s\u2019ajouter directement \u00e0 votre tr\u00e9sorerie.<\/li>\n<li>Cela ne vous co\u00fbte rien s\u2019il n\u2019y a pas de taxes ou de droits recouvrables.<\/li>\n<li>Nos sp\u00e9cialistes travaillent de mani\u00e8re autonome en minimisant toute perturbation pour votre personnel.<\/li>\n<li>Vous disposez d\u2019une m\u00e9thode de recouvrement de taxes pour l\u2019avenir. <\/li>\n<li>Vous savez que votre entreprise g\u00e8re efficacement ses taxes \u00e0 la consommation.<\/li>\n<\/ul>\n","protected":false},"excerpt":{"rendered":"<p>Peu de biens et services \u00e9chappent aux imp\u00f4ts et, sous la pression d\u2019une l\u00e9gislation en \u00e9volution constante, la complexit\u00e9 des taxes \u00e0 la consommation donne souvent lieu \u00e0 des paiements exc\u00e9dentaires. Ce service, adapt\u00e9 \u00e0 vos besoins, comprend : l\u2019examen des paiements tels que la taxe sur les produits et services (TPS), la taxe de<a class=\"excerpt-read-more\" href=\"https:\/\/www.livingstonintl.com\/fr\/services-de-gestion-de-la-taxe-canadienne-sur-les-produits-et-services-tps\/\" title=\"ReadServices de gestion de la taxe canadienne sur les produits et services (TPS)\">&#8230; Read more &raquo;<\/a><\/p>\n","protected":false},"author":32,"featured_media":0,"parent":0,"menu_order":419,"comment_status":"closed","ping_status":"closed","template":"","meta":{"_acf_changed":false,"footnotes":""},"class_list":["post-33554","page","type-page","status-publish","hentry"],"acf":[],"yoast_head":"<!-- This site is optimized with the Yoast SEO plugin v27.2 - https:\/\/yoast.com\/product\/yoast-seo-wordpress\/ -->\n<title>Services de gestion de la taxe canadienne sur les produits et services (TPS) - Livingston International<\/title>\n<meta name=\"robots\" content=\"index, follow, max-snippet:-1, max-image-preview:large, max-video-preview:-1\" \/>\n<link rel=\"canonical\" href=\"https:\/\/www.livingstonintl.com\/fr\/services-de-gestion-de-la-taxe-canadienne-sur-les-produits-et-services-tps\/\" \/>\n<meta property=\"og:locale\" content=\"fr_FR\" \/>\n<meta property=\"og:type\" content=\"article\" \/>\n<meta property=\"og:title\" content=\"Services de gestion de la taxe canadienne sur les produits et services (TPS) - Livingston International\" \/>\n<meta property=\"og:description\" content=\"Peu de biens et services \u00e9chappent aux imp\u00f4ts et, sous la pression d\u2019une l\u00e9gislation en \u00e9volution constante, la complexit\u00e9 des taxes \u00e0 la consommation donne souvent lieu \u00e0 des paiements exc\u00e9dentaires. Ce service, adapt\u00e9 \u00e0 vos besoins, comprend : l\u2019examen des paiements tels que la taxe sur les produits et services (TPS), la taxe de... Read more &raquo;\" \/>\n<meta property=\"og:url\" content=\"https:\/\/www.livingstonintl.com\/fr\/services-de-gestion-de-la-taxe-canadienne-sur-les-produits-et-services-tps\/\" \/>\n<meta property=\"og:site_name\" content=\"Livingston International\" \/>\n<meta property=\"article:publisher\" content=\"https:\/\/www.facebook.com\/livingstoninternational\" \/>\n<meta property=\"article:modified_time\" content=\"2016-10-12T17:54:05+00:00\" \/>\n<meta property=\"og:image\" content=\"https:\/\/cdn.livingstonintl.com\/livingston-content\/uploads\/2022\/09\/12163235\/2022-livingston-fb.jpg\" \/>\n\t<meta property=\"og:image:width\" content=\"1200\" \/>\n\t<meta property=\"og:image:height\" content=\"630\" \/>\n\t<meta property=\"og:image:type\" content=\"image\/jpeg\" \/>\n<meta name=\"twitter:label1\" content=\"Dur\u00e9e de lecture estim\u00e9e\" \/>\n\t<meta name=\"twitter:data1\" content=\"1 minute\" \/>\n<script type=\"application\/ld+json\" class=\"yoast-schema-graph\">{\"@context\":\"https:\/\/schema.org\",\"@graph\":[{\"@type\":\"WebPage\",\"@id\":\"https:\/\/www.livingstonintl.com\/fr\/services-de-gestion-de-la-taxe-canadienne-sur-les-produits-et-services-tps\/\",\"url\":\"https:\/\/www.livingstonintl.com\/fr\/services-de-gestion-de-la-taxe-canadienne-sur-les-produits-et-services-tps\/\",\"name\":\"Services de gestion de la taxe canadienne sur les produits et services (TPS) - Livingston International\",\"isPartOf\":{\"@id\":\"https:\/\/www.livingstonintl.com\/fr\/#website\"},\"datePublished\":\"2015-11-06T23:00:34+00:00\",\"dateModified\":\"2016-10-12T17:54:05+00:00\",\"breadcrumb\":{\"@id\":\"https:\/\/www.livingstonintl.com\/fr\/services-de-gestion-de-la-taxe-canadienne-sur-les-produits-et-services-tps\/#breadcrumb\"},\"inLanguage\":\"fr-FR\",\"potentialAction\":[{\"@type\":\"ReadAction\",\"target\":[\"https:\/\/www.livingstonintl.com\/fr\/services-de-gestion-de-la-taxe-canadienne-sur-les-produits-et-services-tps\/\"]}]},{\"@type\":\"BreadcrumbList\",\"@id\":\"https:\/\/www.livingstonintl.com\/fr\/services-de-gestion-de-la-taxe-canadienne-sur-les-produits-et-services-tps\/#breadcrumb\",\"itemListElement\":[{\"@type\":\"ListItem\",\"position\":1,\"name\":\"Accueil\",\"item\":\"https:\/\/www.livingstonintl.com\/fr\/\"},{\"@type\":\"ListItem\",\"position\":2,\"name\":\"Services de gestion de la taxe canadienne sur les produits et services (TPS)\"}]},{\"@type\":\"WebSite\",\"@id\":\"https:\/\/www.livingstonintl.com\/fr\/#website\",\"url\":\"https:\/\/www.livingstonintl.com\/fr\/\",\"name\":\"Livingston International\",\"description\":\"Simplify Trade\",\"publisher\":{\"@id\":\"https:\/\/www.livingstonintl.com\/fr\/#organization\"},\"potentialAction\":[{\"@type\":\"SearchAction\",\"target\":{\"@type\":\"EntryPoint\",\"urlTemplate\":\"https:\/\/www.livingstonintl.com\/fr\/?s={search_term_string}\"},\"query-input\":{\"@type\":\"PropertyValueSpecification\",\"valueRequired\":true,\"valueName\":\"search_term_string\"}}],\"inLanguage\":\"fr-FR\"},{\"@type\":\"Organization\",\"@id\":\"https:\/\/www.livingstonintl.com\/fr\/#organization\",\"name\":\"Livingston International\",\"url\":\"https:\/\/www.livingstonintl.com\/fr\/\",\"logo\":{\"@type\":\"ImageObject\",\"inLanguage\":\"fr-FR\",\"@id\":\"https:\/\/www.livingstonintl.com\/fr\/#\/schema\/logo\/image\/\",\"url\":\"https:\/\/cdn.livingstonintl.com\/livingston-content\/uploads\/2022\/09\/12163235\/2022-livingston-fb.jpg\",\"contentUrl\":\"https:\/\/cdn.livingstonintl.com\/livingston-content\/uploads\/2022\/09\/12163235\/2022-livingston-fb.jpg\",\"width\":1200,\"height\":630,\"caption\":\"Livingston International\"},\"image\":{\"@id\":\"https:\/\/www.livingstonintl.com\/fr\/#\/schema\/logo\/image\/\"},\"sameAs\":[\"https:\/\/www.facebook.com\/livingstoninternational\",\"https:\/\/x.com\/livingston_intl\",\"https:\/\/linkedin.com\/company\/livingston-international\"]}]}<\/script>\n<!-- \/ Yoast SEO plugin. -->","yoast_head_json":{"title":"Services de gestion de la taxe canadienne sur les produits et services (TPS) - Livingston International","robots":{"index":"index","follow":"follow","max-snippet":"max-snippet:-1","max-image-preview":"max-image-preview:large","max-video-preview":"max-video-preview:-1"},"canonical":"https:\/\/www.livingstonintl.com\/fr\/services-de-gestion-de-la-taxe-canadienne-sur-les-produits-et-services-tps\/","og_locale":"fr_FR","og_type":"article","og_title":"Services de gestion de la taxe canadienne sur les produits et services (TPS) - Livingston International","og_description":"Peu de biens et services \u00e9chappent aux imp\u00f4ts et, sous la pression d\u2019une l\u00e9gislation en \u00e9volution constante, la complexit\u00e9 des taxes \u00e0 la consommation donne souvent lieu \u00e0 des paiements exc\u00e9dentaires. Ce service, adapt\u00e9 \u00e0 vos besoins, comprend : l\u2019examen des paiements tels que la taxe sur les produits et services (TPS), la taxe de... Read more &raquo;","og_url":"https:\/\/www.livingstonintl.com\/fr\/services-de-gestion-de-la-taxe-canadienne-sur-les-produits-et-services-tps\/","og_site_name":"Livingston International","article_publisher":"https:\/\/www.facebook.com\/livingstoninternational","article_modified_time":"2016-10-12T17:54:05+00:00","og_image":[{"width":1200,"height":630,"url":"https:\/\/cdn.livingstonintl.com\/livingston-content\/uploads\/2022\/09\/12163235\/2022-livingston-fb.jpg","type":"image\/jpeg"}],"twitter_misc":{"Dur\u00e9e de lecture estim\u00e9e":"1 minute"},"schema":{"@context":"https:\/\/schema.org","@graph":[{"@type":"WebPage","@id":"https:\/\/www.livingstonintl.com\/fr\/services-de-gestion-de-la-taxe-canadienne-sur-les-produits-et-services-tps\/","url":"https:\/\/www.livingstonintl.com\/fr\/services-de-gestion-de-la-taxe-canadienne-sur-les-produits-et-services-tps\/","name":"Services de gestion de la taxe canadienne sur les produits et services (TPS) - Livingston International","isPartOf":{"@id":"https:\/\/www.livingstonintl.com\/fr\/#website"},"datePublished":"2015-11-06T23:00:34+00:00","dateModified":"2016-10-12T17:54:05+00:00","breadcrumb":{"@id":"https:\/\/www.livingstonintl.com\/fr\/services-de-gestion-de-la-taxe-canadienne-sur-les-produits-et-services-tps\/#breadcrumb"},"inLanguage":"fr-FR","potentialAction":[{"@type":"ReadAction","target":["https:\/\/www.livingstonintl.com\/fr\/services-de-gestion-de-la-taxe-canadienne-sur-les-produits-et-services-tps\/"]}]},{"@type":"BreadcrumbList","@id":"https:\/\/www.livingstonintl.com\/fr\/services-de-gestion-de-la-taxe-canadienne-sur-les-produits-et-services-tps\/#breadcrumb","itemListElement":[{"@type":"ListItem","position":1,"name":"Accueil","item":"https:\/\/www.livingstonintl.com\/fr\/"},{"@type":"ListItem","position":2,"name":"Services de gestion de la taxe canadienne sur les produits et services (TPS)"}]},{"@type":"WebSite","@id":"https:\/\/www.livingstonintl.com\/fr\/#website","url":"https:\/\/www.livingstonintl.com\/fr\/","name":"Livingston International","description":"Simplify Trade","publisher":{"@id":"https:\/\/www.livingstonintl.com\/fr\/#organization"},"potentialAction":[{"@type":"SearchAction","target":{"@type":"EntryPoint","urlTemplate":"https:\/\/www.livingstonintl.com\/fr\/?s={search_term_string}"},"query-input":{"@type":"PropertyValueSpecification","valueRequired":true,"valueName":"search_term_string"}}],"inLanguage":"fr-FR"},{"@type":"Organization","@id":"https:\/\/www.livingstonintl.com\/fr\/#organization","name":"Livingston International","url":"https:\/\/www.livingstonintl.com\/fr\/","logo":{"@type":"ImageObject","inLanguage":"fr-FR","@id":"https:\/\/www.livingstonintl.com\/fr\/#\/schema\/logo\/image\/","url":"https:\/\/cdn.livingstonintl.com\/livingston-content\/uploads\/2022\/09\/12163235\/2022-livingston-fb.jpg","contentUrl":"https:\/\/cdn.livingstonintl.com\/livingston-content\/uploads\/2022\/09\/12163235\/2022-livingston-fb.jpg","width":1200,"height":630,"caption":"Livingston International"},"image":{"@id":"https:\/\/www.livingstonintl.com\/fr\/#\/schema\/logo\/image\/"},"sameAs":["https:\/\/www.facebook.com\/livingstoninternational","https:\/\/x.com\/livingston_intl","https:\/\/linkedin.com\/company\/livingston-international"]}]}},"_links":{"self":[{"href":"https:\/\/wp.livingstonintl.com\/fr\/wp-json\/wp\/v2\/pages\/33554","targetHints":{"allow":["GET"]}}],"collection":[{"href":"https:\/\/wp.livingstonintl.com\/fr\/wp-json\/wp\/v2\/pages"}],"about":[{"href":"https:\/\/wp.livingstonintl.com\/fr\/wp-json\/wp\/v2\/types\/page"}],"author":[{"embeddable":true,"href":"https:\/\/wp.livingstonintl.com\/fr\/wp-json\/wp\/v2\/users\/32"}],"replies":[{"embeddable":true,"href":"https:\/\/wp.livingstonintl.com\/fr\/wp-json\/wp\/v2\/comments?post=33554"}],"version-history":[{"count":0,"href":"https:\/\/wp.livingstonintl.com\/fr\/wp-json\/wp\/v2\/pages\/33554\/revisions"}],"wp:attachment":[{"href":"https:\/\/wp.livingstonintl.com\/fr\/wp-json\/wp\/v2\/media?parent=33554"}],"curies":[{"name":"wp","href":"https:\/\/api.w.org\/{rel}","templated":true}]}}