{"id":353,"date":"2015-04-28T16:09:10","date_gmt":"2015-04-28T16:09:10","guid":{"rendered":"http:\/\/livingston.gocactus.com\/careers\/history\/"},"modified":"2025-03-27T06:31:59","modified_gmt":"2025-03-27T10:31:59","slug":"historique","status":"publish","type":"page","link":"https:\/\/www.livingstonintl.com\/fr\/a-propos-de-nous\/historique\/","title":{"rendered":"Historique"},"content":{"rendered":"\n<h2 class=\"wp-block-heading\">Historique De Livingston<\/h2>\n\n\n\n<figure class=\"wp-block-table\"><table><tbody><tr><td><h4>2025<\/h4><\/td><td>Livingston devient une filiale en propri\u00e9t\u00e9 exclusive de Purolator Inc., un chef de file en mati\u00e8re de solutions int\u00e9gr\u00e9es de transport, de colis et de logistique qui exerce ses activit\u00e9s principalement au Canada et aux \u00c9tats-Unis.<\/td><\/tr><tr><td><h4>2021<\/h4><\/td><td>Lancement du service de commerce \u00e9lectronique.<\/td><\/tr><tr><td><h4>2019<\/h4><\/td><td>Livingston est acquise par Platinum Equity, une soci\u00e9t\u00e9 de placement mondiale qui g\u00e8re environ 36\u00a0milliards de dollars d&rsquo;actifs et poss\u00e8de un portefeuille d\u2019environ 50\u00a0soci\u00e9t\u00e9s d\u2019exploitation.<\/td><\/tr><tr><td><h4>2012<\/h4><\/td><td>Livingston acc\u00e9l\u00e8re la croissance gr\u00e2ce \u00e0 de nombreuses acquisitions sur une p\u00e9riode de six ans, y compris l\u2019acquisition d\u2019Affiliated Customs Brokers \u00e0 Montr\u00e9al en 2016 et de ses soci\u00e9t\u00e9s affili\u00e9es.<\/td><\/tr><tr><td><h4>2012<\/h4><\/td><td>Introduction de l\u2019offre de conformit\u00e9 douani\u00e8re, \u00e9tendant les activit\u00e9s de Livingston au Mexique, en Europe et en Asie.\u00a0<\/td><\/tr><tr><td><h4>2010<\/h4><\/td><td>Les activit\u00e9s de courtage en douane aux \u00c9tats-Unis se d\u00e9veloppent pour faciliter les entr\u00e9es le long de la fronti\u00e8re entre les \u00c9tats-Unis et le Mexique.<\/td><\/tr><tr><td><h4>2005<\/h4><\/td><td>Livingston pr\u00e9sente son application SmartBorderMD pour les courtiers a\u00e9riens et maritimes am\u00e9ricains et ajoute \u00e9galement des capacit\u00e9s de d\u00e9placement de v\u00e9hicules \u00e0 l\u2019\u00e9chelle du continent.<\/td><\/tr><tr><td><h4>2003<span style=\"font-family: inherit; font-size: inherit; font-weight: inherit; color: initial;\"> <\/span><\/h4><\/td><td>Lancement des activit\u00e9s a\u00e9riennes et maritimes des \u00c9tats-Unis.<\/td><\/tr><tr><td><h4>1993<span style=\"font-family: inherit; font-size: inherit; font-weight: inherit; color: initial;\"> <\/span><\/h4><\/td><td>L\u2019entreprise d\u00e9ploie des services de courtage en douane aux \u00c9tats-Unis, devenant ainsi le premier courtier en douane actif d\u2019un oc\u00e9an \u00e0 l\u2019autre au Canada et aux \u00c9tats-Unis.<\/td><\/tr><tr><td><h4>1978<\/h4><\/td><td>Le courtage en douane de Livingston est lanc\u00e9.\u00a0<\/td><\/tr><tr><td><h4>1967<\/h4><\/td><td>L\u2019entreprise est renomm\u00e9e Livingston Industries Limited.<\/td><\/tr><tr><td><h4>1945<\/h4><\/td><td>L\u2019entreprise d\u2019emballage pour exportation de Gerry Livingston est constitu\u00e9e sous le nom de Livingston Lumber &amp; Manufacturing Ltd.<\/td><\/tr><\/tbody><\/table><\/figure>\n\n\n\n<p><\/p>\n","protected":false},"excerpt":{"rendered":"<p>Historique De Livingston 2025 Livingston devient une filiale en propri\u00e9t\u00e9 exclusive de Purolator Inc., un chef de file en mati\u00e8re de solutions int\u00e9gr\u00e9es de transport, de colis et de logistique qui exerce ses activit\u00e9s principalement au Canada et aux \u00c9tats-Unis. 2021 Lancement du service de commerce \u00e9lectronique. 2019 Livingston est acquise par Platinum Equity, une<a class=\"excerpt-read-more\" href=\"https:\/\/www.livingstonintl.com\/fr\/a-propos-de-nous\/historique\/\" title=\"ReadHistorique\">&#8230; Read more &raquo;<\/a><\/p>\n","protected":false},"author":32,"featured_media":0,"parent":73,"menu_order":469,"comment_status":"closed","ping_status":"closed","template":"","meta":{"_acf_changed":false,"footnotes":""},"class_list":["post-353","page","type-page","status-publish","hentry"],"acf":[],"yoast_head":"<!-- This site is optimized with the Yoast SEO plugin v27.2 - https:\/\/yoast.com\/product\/yoast-seo-wordpress\/ -->\n<title>Historique - Livingston International<\/title>\n<meta name=\"robots\" content=\"index, follow, max-snippet:-1, max-image-preview:large, max-video-preview:-1\" \/>\n<link rel=\"canonical\" href=\"https:\/\/www.livingstonintl.com\/fr\/a-propos-de-nous\/historique\/\" \/>\n<meta property=\"og:locale\" content=\"fr_FR\" \/>\n<meta property=\"og:type\" content=\"article\" \/>\n<meta property=\"og:title\" content=\"Historique - Livingston International\" \/>\n<meta property=\"og:description\" content=\"Historique De Livingston 2025 Livingston devient une filiale en propri\u00e9t\u00e9 exclusive de Purolator Inc., un chef de file en mati\u00e8re de solutions int\u00e9gr\u00e9es de transport, de colis et de logistique qui exerce ses activit\u00e9s principalement au Canada et aux \u00c9tats-Unis. 2021 Lancement du service de commerce \u00e9lectronique. 2019 Livingston est acquise par Platinum Equity, une... Read more &raquo;\" \/>\n<meta property=\"og:url\" content=\"https:\/\/www.livingstonintl.com\/fr\/a-propos-de-nous\/historique\/\" \/>\n<meta property=\"og:site_name\" content=\"Livingston International\" \/>\n<meta property=\"article:publisher\" content=\"https:\/\/www.facebook.com\/livingstoninternational\" \/>\n<meta property=\"article:modified_time\" content=\"2025-03-27T10:31:59+00:00\" \/>\n<meta property=\"og:image\" content=\"https:\/\/cdn.livingstonintl.com\/livingston-content\/uploads\/2022\/09\/12163235\/2022-livingston-fb.jpg\" \/>\n\t<meta property=\"og:image:width\" content=\"1200\" \/>\n\t<meta property=\"og:image:height\" content=\"630\" \/>\n\t<meta property=\"og:image:type\" content=\"image\/jpeg\" \/>\n<meta name=\"twitter:label1\" content=\"Dur\u00e9e de lecture estim\u00e9e\" \/>\n\t<meta name=\"twitter:data1\" content=\"2 minutes\" \/>\n<script type=\"application\/ld+json\" class=\"yoast-schema-graph\">{\"@context\":\"https:\/\/schema.org\",\"@graph\":[{\"@type\":\"WebPage\",\"@id\":\"https:\/\/www.livingstonintl.com\/fr\/a-propos-de-nous\/historique\/\",\"url\":\"https:\/\/www.livingstonintl.com\/fr\/a-propos-de-nous\/historique\/\",\"name\":\"Historique - Livingston International\",\"isPartOf\":{\"@id\":\"https:\/\/www.livingstonintl.com\/fr\/#website\"},\"datePublished\":\"2015-04-28T16:09:10+00:00\",\"dateModified\":\"2025-03-27T10:31:59+00:00\",\"breadcrumb\":{\"@id\":\"https:\/\/www.livingstonintl.com\/fr\/a-propos-de-nous\/historique\/#breadcrumb\"},\"inLanguage\":\"fr-FR\",\"potentialAction\":[{\"@type\":\"ReadAction\",\"target\":[\"https:\/\/www.livingstonintl.com\/fr\/a-propos-de-nous\/historique\/\"]}]},{\"@type\":\"BreadcrumbList\",\"@id\":\"https:\/\/www.livingstonintl.com\/fr\/a-propos-de-nous\/historique\/#breadcrumb\",\"itemListElement\":[{\"@type\":\"ListItem\",\"position\":1,\"name\":\"Accueil\",\"item\":\"https:\/\/www.livingstonintl.com\/fr\/\"},{\"@type\":\"ListItem\",\"position\":2,\"name\":\"\u00c0 propos de nous\",\"item\":\"https:\/\/www.livingstonintl.com\/fr\/a-propos-de-nous\/\"},{\"@type\":\"ListItem\",\"position\":3,\"name\":\"Historique\"}]},{\"@type\":\"WebSite\",\"@id\":\"https:\/\/www.livingstonintl.com\/fr\/#website\",\"url\":\"https:\/\/www.livingstonintl.com\/fr\/\",\"name\":\"Livingston International\",\"description\":\"Simplify Trade\",\"publisher\":{\"@id\":\"https:\/\/www.livingstonintl.com\/fr\/#organization\"},\"potentialAction\":[{\"@type\":\"SearchAction\",\"target\":{\"@type\":\"EntryPoint\",\"urlTemplate\":\"https:\/\/www.livingstonintl.com\/fr\/?s={search_term_string}\"},\"query-input\":{\"@type\":\"PropertyValueSpecification\",\"valueRequired\":true,\"valueName\":\"search_term_string\"}}],\"inLanguage\":\"fr-FR\"},{\"@type\":\"Organization\",\"@id\":\"https:\/\/www.livingstonintl.com\/fr\/#organization\",\"name\":\"Livingston International\",\"url\":\"https:\/\/www.livingstonintl.com\/fr\/\",\"logo\":{\"@type\":\"ImageObject\",\"inLanguage\":\"fr-FR\",\"@id\":\"https:\/\/www.livingstonintl.com\/fr\/#\/schema\/logo\/image\/\",\"url\":\"https:\/\/cdn.livingstonintl.com\/livingston-content\/uploads\/2022\/09\/12163235\/2022-livingston-fb.jpg\",\"contentUrl\":\"https:\/\/cdn.livingstonintl.com\/livingston-content\/uploads\/2022\/09\/12163235\/2022-livingston-fb.jpg\",\"width\":1200,\"height\":630,\"caption\":\"Livingston International\"},\"image\":{\"@id\":\"https:\/\/www.livingstonintl.com\/fr\/#\/schema\/logo\/image\/\"},\"sameAs\":[\"https:\/\/www.facebook.com\/livingstoninternational\",\"https:\/\/x.com\/livingston_intl\",\"https:\/\/linkedin.com\/company\/livingston-international\"]}]}<\/script>\n<!-- \/ Yoast SEO plugin. -->","yoast_head_json":{"title":"Historique - Livingston International","robots":{"index":"index","follow":"follow","max-snippet":"max-snippet:-1","max-image-preview":"max-image-preview:large","max-video-preview":"max-video-preview:-1"},"canonical":"https:\/\/www.livingstonintl.com\/fr\/a-propos-de-nous\/historique\/","og_locale":"fr_FR","og_type":"article","og_title":"Historique - Livingston International","og_description":"Historique De Livingston 2025 Livingston devient une filiale en propri\u00e9t\u00e9 exclusive de Purolator Inc., un chef de file en mati\u00e8re de solutions int\u00e9gr\u00e9es de transport, de colis et de logistique qui exerce ses activit\u00e9s principalement au Canada et aux \u00c9tats-Unis. 2021 Lancement du service de commerce \u00e9lectronique. 2019 Livingston est acquise par Platinum Equity, une... Read more &raquo;","og_url":"https:\/\/www.livingstonintl.com\/fr\/a-propos-de-nous\/historique\/","og_site_name":"Livingston International","article_publisher":"https:\/\/www.facebook.com\/livingstoninternational","article_modified_time":"2025-03-27T10:31:59+00:00","og_image":[{"width":1200,"height":630,"url":"https:\/\/cdn.livingstonintl.com\/livingston-content\/uploads\/2022\/09\/12163235\/2022-livingston-fb.jpg","type":"image\/jpeg"}],"twitter_misc":{"Dur\u00e9e de lecture estim\u00e9e":"2 minutes"},"schema":{"@context":"https:\/\/schema.org","@graph":[{"@type":"WebPage","@id":"https:\/\/www.livingstonintl.com\/fr\/a-propos-de-nous\/historique\/","url":"https:\/\/www.livingstonintl.com\/fr\/a-propos-de-nous\/historique\/","name":"Historique - Livingston International","isPartOf":{"@id":"https:\/\/www.livingstonintl.com\/fr\/#website"},"datePublished":"2015-04-28T16:09:10+00:00","dateModified":"2025-03-27T10:31:59+00:00","breadcrumb":{"@id":"https:\/\/www.livingstonintl.com\/fr\/a-propos-de-nous\/historique\/#breadcrumb"},"inLanguage":"fr-FR","potentialAction":[{"@type":"ReadAction","target":["https:\/\/www.livingstonintl.com\/fr\/a-propos-de-nous\/historique\/"]}]},{"@type":"BreadcrumbList","@id":"https:\/\/www.livingstonintl.com\/fr\/a-propos-de-nous\/historique\/#breadcrumb","itemListElement":[{"@type":"ListItem","position":1,"name":"Accueil","item":"https:\/\/www.livingstonintl.com\/fr\/"},{"@type":"ListItem","position":2,"name":"\u00c0 propos de nous","item":"https:\/\/www.livingstonintl.com\/fr\/a-propos-de-nous\/"},{"@type":"ListItem","position":3,"name":"Historique"}]},{"@type":"WebSite","@id":"https:\/\/www.livingstonintl.com\/fr\/#website","url":"https:\/\/www.livingstonintl.com\/fr\/","name":"Livingston International","description":"Simplify Trade","publisher":{"@id":"https:\/\/www.livingstonintl.com\/fr\/#organization"},"potentialAction":[{"@type":"SearchAction","target":{"@type":"EntryPoint","urlTemplate":"https:\/\/www.livingstonintl.com\/fr\/?s={search_term_string}"},"query-input":{"@type":"PropertyValueSpecification","valueRequired":true,"valueName":"search_term_string"}}],"inLanguage":"fr-FR"},{"@type":"Organization","@id":"https:\/\/www.livingstonintl.com\/fr\/#organization","name":"Livingston International","url":"https:\/\/www.livingstonintl.com\/fr\/","logo":{"@type":"ImageObject","inLanguage":"fr-FR","@id":"https:\/\/www.livingstonintl.com\/fr\/#\/schema\/logo\/image\/","url":"https:\/\/cdn.livingstonintl.com\/livingston-content\/uploads\/2022\/09\/12163235\/2022-livingston-fb.jpg","contentUrl":"https:\/\/cdn.livingstonintl.com\/livingston-content\/uploads\/2022\/09\/12163235\/2022-livingston-fb.jpg","width":1200,"height":630,"caption":"Livingston International"},"image":{"@id":"https:\/\/www.livingstonintl.com\/fr\/#\/schema\/logo\/image\/"},"sameAs":["https:\/\/www.facebook.com\/livingstoninternational","https:\/\/x.com\/livingston_intl","https:\/\/linkedin.com\/company\/livingston-international"]}]}},"_links":{"self":[{"href":"https:\/\/wp.livingstonintl.com\/fr\/wp-json\/wp\/v2\/pages\/353","targetHints":{"allow":["GET"]}}],"collection":[{"href":"https:\/\/wp.livingstonintl.com\/fr\/wp-json\/wp\/v2\/pages"}],"about":[{"href":"https:\/\/wp.livingstonintl.com\/fr\/wp-json\/wp\/v2\/types\/page"}],"author":[{"embeddable":true,"href":"https:\/\/wp.livingstonintl.com\/fr\/wp-json\/wp\/v2\/users\/32"}],"replies":[{"embeddable":true,"href":"https:\/\/wp.livingstonintl.com\/fr\/wp-json\/wp\/v2\/comments?post=353"}],"version-history":[{"count":2,"href":"https:\/\/wp.livingstonintl.com\/fr\/wp-json\/wp\/v2\/pages\/353\/revisions"}],"predecessor-version":[{"id":62073,"href":"https:\/\/wp.livingstonintl.com\/fr\/wp-json\/wp\/v2\/pages\/353\/revisions\/62073"}],"up":[{"embeddable":true,"href":"https:\/\/wp.livingstonintl.com\/fr\/wp-json\/wp\/v2\/pages\/73"}],"wp:attachment":[{"href":"https:\/\/wp.livingstonintl.com\/fr\/wp-json\/wp\/v2\/media?parent=353"}],"curies":[{"name":"wp","href":"https:\/\/api.w.org\/{rel}","templated":true}]}}