{"id":355,"date":"2015-04-28T16:08:26","date_gmt":"2015-04-28T16:08:26","guid":{"rendered":"http:\/\/livingston.gocactus.com\/careers\/vision-values-and-purpose\/"},"modified":"2025-03-20T05:45:29","modified_gmt":"2025-03-20T09:45:29","slug":"vision-valeurs-et-notre-raison-detre","status":"publish","type":"page","link":"https:\/\/www.livingstonintl.com\/fr\/a-propos-de-nous\/vision-valeurs-et-notre-raison-detre\/","title":{"rendered":"Vision et valeurs"},"content":{"rendered":"\n<p>&nbsp;Livingston International livrera des rendements financiers sup\u00e9rieurs en fournissant un service diff\u00e9renci\u00e9 et appr\u00e9ci\u00e9 \u00e0 nos clients par le courtage en douane int\u00e9gr\u00e9, la conformit\u00e9 r\u00e9glementaire et les services d&rsquo;exp\u00e9dition mondiaux.&nbsp;<\/p>\n\n\n\n<p>Nos clients et nos employ\u00e9s sont nos actifs les plus importants. Notre vision est que Livingston soit \u00ab le premier choix \u00bb comme fournisseur de services pour nos clients et comme employeur pour nos associ\u00e9s. Nous nous efforcerons toujours de livrer la qualit\u00e9 exceptionnelle et l&rsquo;excellence op\u00e9rationnelle pour nous assurer que nous attirons, servons et retenons tant les clients que les employ\u00e9s.&nbsp;<\/p>\n\n\n\n<h2 class=\"wp-block-heading\">Nos valeurs nous orientent<\/h2>\n\n\n\n<p>Les valeurs sont \u00e0 la base de la vision et de la culture d\u2019une organisation. Elles repr\u00e9sentent ce en quoi nous croyons et guident notre fa\u00e7on d\u2019agir et de faire des affaires. Nos valeurs fondamentales constituent le fondement de notre fa\u00e7on d\u2019atteindre nos objectifs commerciaux et de travailler les uns avec les autres, avec nos clients et avec les autres. Ce sont nos valeurs qui nous font avancer.<\/p>\n\n\n\n<style>\n   .c-icon-list{\n      margin-left:0;\n      gap: 1rem;\n      display: flex;\n      flex-direction: column;\n      text-indent:0;\n   }\n\n   .c-icon-list .c-list-item{\n      display: flex;\n      flex-direction: row;\n      gap: 1.5rem;\n      align-items: center;\n   }\n\n   .c-icon-list .c-list-item p{\n      margin-bottom:0;\n   }\n\n   .c-icon-list .c-list-item:before{\n      display:none;\n   }\n\n   \n<\/style>\n\n<ul class=\"c-icon-list\">\n   <li class=\"c-list-item\">\n      <img loading=\"lazy\" decoding=\"async\" src=\"https:\/\/www.livingstonintl.com\/livingston-content\/uploads\/2022\/08\/light-bulb.svg\" alt-text=\"light-bulb-icon\" height=\"26\" width=\"26\">\n      <p>Nous <strong>innovons<\/strong> pour aller de l\u2019avant.<\/p>\n   <\/li>\n   <li class=\"c-list-item\">\n      <img loading=\"lazy\" decoding=\"async\" src=\"https:\/\/www.livingstonintl.com\/livingston-content\/uploads\/2022\/08\/trade-agreements.svg\" alt-text=\"handshake-icon\" height=\"28\" width=\"28\">\n      <p>Nous formons une <strong>\u00e9quipe<\/strong> unie.<\/p>\n   <\/li>\n   <li class=\"c-list-item\">\n      <img loading=\"lazy\" decoding=\"async\" src=\"https:\/\/www.livingstonintl.com\/livingston-content\/uploads\/2022\/08\/shield-filled.svg\" alt-text=\"shield-icon\" height=\"28\" width=\"28\">\n      <p>Nous b\u00e2tissons la <strong>confiance<\/strong> par la transparence.<\/p>\n   <\/li>\n   <li class=\"c-list-item\">\n      <img loading=\"lazy\" decoding=\"async\" src=\"https:\/\/www.livingstonintl.com\/livingston-content\/uploads\/2022\/12\/check-clear.svg\" alt-text=\"checkmark-icon\" height=\"28\" width=\"28\">\n      <p>Nous sommes des <strong>personnes<\/strong> au service des <strong>gens<\/strong>.<\/p>\n   <\/li>\n<\/ul>\n\n\n\n<p><\/p>\n","protected":false},"excerpt":{"rendered":"<p>&nbsp;Livingston International livrera des rendements financiers sup\u00e9rieurs en fournissant un service diff\u00e9renci\u00e9 et appr\u00e9ci\u00e9 \u00e0 nos clients par le courtage en douane int\u00e9gr\u00e9, la conformit\u00e9 r\u00e9glementaire et les services d&rsquo;exp\u00e9dition mondiaux.&nbsp; Nos clients et nos employ\u00e9s sont nos actifs les plus importants. Notre vision est que Livingston soit \u00ab le premier choix \u00bb comme fournisseur<a class=\"excerpt-read-more\" href=\"https:\/\/www.livingstonintl.com\/fr\/a-propos-de-nous\/vision-valeurs-et-notre-raison-detre\/\" title=\"ReadVision et valeurs\">&#8230; Read more &raquo;<\/a><\/p>\n","protected":false},"author":32,"featured_media":0,"parent":73,"menu_order":450,"comment_status":"closed","ping_status":"closed","template":"","meta":{"_acf_changed":false,"footnotes":""},"class_list":["post-355","page","type-page","status-publish","hentry"],"acf":[],"yoast_head":"<!-- This site is optimized with the Yoast SEO plugin v27.2 - https:\/\/yoast.com\/product\/yoast-seo-wordpress\/ -->\n<title>Vision et valeurs - Livingston International<\/title>\n<meta name=\"robots\" content=\"index, follow, max-snippet:-1, max-image-preview:large, max-video-preview:-1\" \/>\n<link rel=\"canonical\" href=\"https:\/\/www.livingstonintl.com\/fr\/a-propos-de-nous\/vision-valeurs-et-notre-raison-detre\/\" \/>\n<meta property=\"og:locale\" content=\"fr_FR\" \/>\n<meta property=\"og:type\" content=\"article\" \/>\n<meta property=\"og:title\" content=\"Vision et valeurs - Livingston International\" \/>\n<meta property=\"og:description\" content=\"&nbsp;Livingston International livrera des rendements financiers sup\u00e9rieurs en fournissant un service diff\u00e9renci\u00e9 et appr\u00e9ci\u00e9 \u00e0 nos clients par le courtage en douane int\u00e9gr\u00e9, la conformit\u00e9 r\u00e9glementaire et les services d&rsquo;exp\u00e9dition mondiaux.&nbsp; Nos clients et nos employ\u00e9s sont nos actifs les plus importants. Notre vision est que Livingston soit \u00ab le premier choix \u00bb comme fournisseur... Read more &raquo;\" \/>\n<meta property=\"og:url\" content=\"https:\/\/www.livingstonintl.com\/fr\/a-propos-de-nous\/vision-valeurs-et-notre-raison-detre\/\" \/>\n<meta property=\"og:site_name\" content=\"Livingston International\" \/>\n<meta property=\"article:publisher\" content=\"https:\/\/www.facebook.com\/livingstoninternational\" \/>\n<meta property=\"article:modified_time\" content=\"2025-03-20T09:45:29+00:00\" \/>\n<meta property=\"og:image\" content=\"https:\/\/www.livingstonintl.com\/livingston-content\/uploads\/2022\/08\/light-bulb.svg\" \/>\n<meta name=\"twitter:label1\" content=\"Dur\u00e9e de lecture estim\u00e9e\" \/>\n\t<meta name=\"twitter:data1\" content=\"2 minutes\" \/>\n<script type=\"application\/ld+json\" class=\"yoast-schema-graph\">{\"@context\":\"https:\/\/schema.org\",\"@graph\":[{\"@type\":\"WebPage\",\"@id\":\"https:\/\/www.livingstonintl.com\/fr\/a-propos-de-nous\/vision-valeurs-et-notre-raison-detre\/\",\"url\":\"https:\/\/www.livingstonintl.com\/fr\/a-propos-de-nous\/vision-valeurs-et-notre-raison-detre\/\",\"name\":\"Vision et valeurs - Livingston International\",\"isPartOf\":{\"@id\":\"https:\/\/www.livingstonintl.com\/fr\/#website\"},\"primaryImageOfPage\":{\"@id\":\"https:\/\/www.livingstonintl.com\/fr\/a-propos-de-nous\/vision-valeurs-et-notre-raison-detre\/#primaryimage\"},\"image\":{\"@id\":\"https:\/\/www.livingstonintl.com\/fr\/a-propos-de-nous\/vision-valeurs-et-notre-raison-detre\/#primaryimage\"},\"thumbnailUrl\":\"https:\/\/www.livingstonintl.com\/livingston-content\/uploads\/2022\/08\/light-bulb.svg\",\"datePublished\":\"2015-04-28T16:08:26+00:00\",\"dateModified\":\"2025-03-20T09:45:29+00:00\",\"breadcrumb\":{\"@id\":\"https:\/\/www.livingstonintl.com\/fr\/a-propos-de-nous\/vision-valeurs-et-notre-raison-detre\/#breadcrumb\"},\"inLanguage\":\"fr-FR\",\"potentialAction\":[{\"@type\":\"ReadAction\",\"target\":[\"https:\/\/www.livingstonintl.com\/fr\/a-propos-de-nous\/vision-valeurs-et-notre-raison-detre\/\"]}]},{\"@type\":\"ImageObject\",\"inLanguage\":\"fr-FR\",\"@id\":\"https:\/\/www.livingstonintl.com\/fr\/a-propos-de-nous\/vision-valeurs-et-notre-raison-detre\/#primaryimage\",\"url\":\"https:\/\/www.livingstonintl.com\/livingston-content\/uploads\/2022\/08\/light-bulb.svg\",\"contentUrl\":\"https:\/\/www.livingstonintl.com\/livingston-content\/uploads\/2022\/08\/light-bulb.svg\"},{\"@type\":\"BreadcrumbList\",\"@id\":\"https:\/\/www.livingstonintl.com\/fr\/a-propos-de-nous\/vision-valeurs-et-notre-raison-detre\/#breadcrumb\",\"itemListElement\":[{\"@type\":\"ListItem\",\"position\":1,\"name\":\"Accueil\",\"item\":\"https:\/\/www.livingstonintl.com\/fr\/\"},{\"@type\":\"ListItem\",\"position\":2,\"name\":\"\u00c0 propos de nous\",\"item\":\"https:\/\/www.livingstonintl.com\/fr\/a-propos-de-nous\/\"},{\"@type\":\"ListItem\",\"position\":3,\"name\":\"Vision et valeurs\"}]},{\"@type\":\"WebSite\",\"@id\":\"https:\/\/www.livingstonintl.com\/fr\/#website\",\"url\":\"https:\/\/www.livingstonintl.com\/fr\/\",\"name\":\"Livingston International\",\"description\":\"Simplify Trade\",\"publisher\":{\"@id\":\"https:\/\/www.livingstonintl.com\/fr\/#organization\"},\"potentialAction\":[{\"@type\":\"SearchAction\",\"target\":{\"@type\":\"EntryPoint\",\"urlTemplate\":\"https:\/\/www.livingstonintl.com\/fr\/?s={search_term_string}\"},\"query-input\":{\"@type\":\"PropertyValueSpecification\",\"valueRequired\":true,\"valueName\":\"search_term_string\"}}],\"inLanguage\":\"fr-FR\"},{\"@type\":\"Organization\",\"@id\":\"https:\/\/www.livingstonintl.com\/fr\/#organization\",\"name\":\"Livingston International\",\"url\":\"https:\/\/www.livingstonintl.com\/fr\/\",\"logo\":{\"@type\":\"ImageObject\",\"inLanguage\":\"fr-FR\",\"@id\":\"https:\/\/www.livingstonintl.com\/fr\/#\/schema\/logo\/image\/\",\"url\":\"https:\/\/cdn.livingstonintl.com\/livingston-content\/uploads\/2022\/09\/12163235\/2022-livingston-fb.jpg\",\"contentUrl\":\"https:\/\/cdn.livingstonintl.com\/livingston-content\/uploads\/2022\/09\/12163235\/2022-livingston-fb.jpg\",\"width\":1200,\"height\":630,\"caption\":\"Livingston International\"},\"image\":{\"@id\":\"https:\/\/www.livingstonintl.com\/fr\/#\/schema\/logo\/image\/\"},\"sameAs\":[\"https:\/\/www.facebook.com\/livingstoninternational\",\"https:\/\/x.com\/livingston_intl\",\"https:\/\/linkedin.com\/company\/livingston-international\"]}]}<\/script>\n<!-- \/ Yoast SEO plugin. -->","yoast_head_json":{"title":"Vision et valeurs - Livingston International","robots":{"index":"index","follow":"follow","max-snippet":"max-snippet:-1","max-image-preview":"max-image-preview:large","max-video-preview":"max-video-preview:-1"},"canonical":"https:\/\/www.livingstonintl.com\/fr\/a-propos-de-nous\/vision-valeurs-et-notre-raison-detre\/","og_locale":"fr_FR","og_type":"article","og_title":"Vision et valeurs - Livingston International","og_description":"&nbsp;Livingston International livrera des rendements financiers sup\u00e9rieurs en fournissant un service diff\u00e9renci\u00e9 et appr\u00e9ci\u00e9 \u00e0 nos clients par le courtage en douane int\u00e9gr\u00e9, la conformit\u00e9 r\u00e9glementaire et les services d&rsquo;exp\u00e9dition mondiaux.&nbsp; Nos clients et nos employ\u00e9s sont nos actifs les plus importants. Notre vision est que Livingston soit \u00ab le premier choix \u00bb comme fournisseur... Read more &raquo;","og_url":"https:\/\/www.livingstonintl.com\/fr\/a-propos-de-nous\/vision-valeurs-et-notre-raison-detre\/","og_site_name":"Livingston International","article_publisher":"https:\/\/www.facebook.com\/livingstoninternational","article_modified_time":"2025-03-20T09:45:29+00:00","og_image":[{"url":"https:\/\/www.livingstonintl.com\/livingston-content\/uploads\/2022\/08\/light-bulb.svg","type":"","width":"","height":""}],"twitter_misc":{"Dur\u00e9e de lecture estim\u00e9e":"2 minutes"},"schema":{"@context":"https:\/\/schema.org","@graph":[{"@type":"WebPage","@id":"https:\/\/www.livingstonintl.com\/fr\/a-propos-de-nous\/vision-valeurs-et-notre-raison-detre\/","url":"https:\/\/www.livingstonintl.com\/fr\/a-propos-de-nous\/vision-valeurs-et-notre-raison-detre\/","name":"Vision et valeurs - Livingston International","isPartOf":{"@id":"https:\/\/www.livingstonintl.com\/fr\/#website"},"primaryImageOfPage":{"@id":"https:\/\/www.livingstonintl.com\/fr\/a-propos-de-nous\/vision-valeurs-et-notre-raison-detre\/#primaryimage"},"image":{"@id":"https:\/\/www.livingstonintl.com\/fr\/a-propos-de-nous\/vision-valeurs-et-notre-raison-detre\/#primaryimage"},"thumbnailUrl":"https:\/\/www.livingstonintl.com\/livingston-content\/uploads\/2022\/08\/light-bulb.svg","datePublished":"2015-04-28T16:08:26+00:00","dateModified":"2025-03-20T09:45:29+00:00","breadcrumb":{"@id":"https:\/\/www.livingstonintl.com\/fr\/a-propos-de-nous\/vision-valeurs-et-notre-raison-detre\/#breadcrumb"},"inLanguage":"fr-FR","potentialAction":[{"@type":"ReadAction","target":["https:\/\/www.livingstonintl.com\/fr\/a-propos-de-nous\/vision-valeurs-et-notre-raison-detre\/"]}]},{"@type":"ImageObject","inLanguage":"fr-FR","@id":"https:\/\/www.livingstonintl.com\/fr\/a-propos-de-nous\/vision-valeurs-et-notre-raison-detre\/#primaryimage","url":"https:\/\/www.livingstonintl.com\/livingston-content\/uploads\/2022\/08\/light-bulb.svg","contentUrl":"https:\/\/www.livingstonintl.com\/livingston-content\/uploads\/2022\/08\/light-bulb.svg"},{"@type":"BreadcrumbList","@id":"https:\/\/www.livingstonintl.com\/fr\/a-propos-de-nous\/vision-valeurs-et-notre-raison-detre\/#breadcrumb","itemListElement":[{"@type":"ListItem","position":1,"name":"Accueil","item":"https:\/\/www.livingstonintl.com\/fr\/"},{"@type":"ListItem","position":2,"name":"\u00c0 propos de nous","item":"https:\/\/www.livingstonintl.com\/fr\/a-propos-de-nous\/"},{"@type":"ListItem","position":3,"name":"Vision et valeurs"}]},{"@type":"WebSite","@id":"https:\/\/www.livingstonintl.com\/fr\/#website","url":"https:\/\/www.livingstonintl.com\/fr\/","name":"Livingston International","description":"Simplify Trade","publisher":{"@id":"https:\/\/www.livingstonintl.com\/fr\/#organization"},"potentialAction":[{"@type":"SearchAction","target":{"@type":"EntryPoint","urlTemplate":"https:\/\/www.livingstonintl.com\/fr\/?s={search_term_string}"},"query-input":{"@type":"PropertyValueSpecification","valueRequired":true,"valueName":"search_term_string"}}],"inLanguage":"fr-FR"},{"@type":"Organization","@id":"https:\/\/www.livingstonintl.com\/fr\/#organization","name":"Livingston International","url":"https:\/\/www.livingstonintl.com\/fr\/","logo":{"@type":"ImageObject","inLanguage":"fr-FR","@id":"https:\/\/www.livingstonintl.com\/fr\/#\/schema\/logo\/image\/","url":"https:\/\/cdn.livingstonintl.com\/livingston-content\/uploads\/2022\/09\/12163235\/2022-livingston-fb.jpg","contentUrl":"https:\/\/cdn.livingstonintl.com\/livingston-content\/uploads\/2022\/09\/12163235\/2022-livingston-fb.jpg","width":1200,"height":630,"caption":"Livingston International"},"image":{"@id":"https:\/\/www.livingstonintl.com\/fr\/#\/schema\/logo\/image\/"},"sameAs":["https:\/\/www.facebook.com\/livingstoninternational","https:\/\/x.com\/livingston_intl","https:\/\/linkedin.com\/company\/livingston-international"]}]}},"_links":{"self":[{"href":"https:\/\/wp.livingstonintl.com\/fr\/wp-json\/wp\/v2\/pages\/355","targetHints":{"allow":["GET"]}}],"collection":[{"href":"https:\/\/wp.livingstonintl.com\/fr\/wp-json\/wp\/v2\/pages"}],"about":[{"href":"https:\/\/wp.livingstonintl.com\/fr\/wp-json\/wp\/v2\/types\/page"}],"author":[{"embeddable":true,"href":"https:\/\/wp.livingstonintl.com\/fr\/wp-json\/wp\/v2\/users\/32"}],"replies":[{"embeddable":true,"href":"https:\/\/wp.livingstonintl.com\/fr\/wp-json\/wp\/v2\/comments?post=355"}],"version-history":[{"count":2,"href":"https:\/\/wp.livingstonintl.com\/fr\/wp-json\/wp\/v2\/pages\/355\/revisions"}],"predecessor-version":[{"id":61987,"href":"https:\/\/wp.livingstonintl.com\/fr\/wp-json\/wp\/v2\/pages\/355\/revisions\/61987"}],"up":[{"embeddable":true,"href":"https:\/\/wp.livingstonintl.com\/fr\/wp-json\/wp\/v2\/pages\/73"}],"wp:attachment":[{"href":"https:\/\/wp.livingstonintl.com\/fr\/wp-json\/wp\/v2\/media?parent=355"}],"curies":[{"name":"wp","href":"https:\/\/api.w.org\/{rel}","templated":true}]}}