{"id":358,"date":"2015-04-28T16:06:07","date_gmt":"2015-04-28T16:06:07","guid":{"rendered":"http:\/\/livingston.gocactus.com\/careers\/mergers-and-acquisitinos\/"},"modified":"2021-07-08T11:03:01","modified_gmt":"2021-07-08T15:03:01","slug":"mergers-and-acquisitions","status":"publish","type":"page","link":"https:\/\/www.livingstonintl.com\/fr\/a-propos-de-nous\/mergers-and-acquisitions\/","title":{"rendered":"Fusions et acquisitions"},"content":{"rendered":"\n<h2 class=\"wp-block-heading\">Planifier votre avenir<\/h2>\n\n\n\n<p>En tant qu\u2019entrepreneur, vous avez investi beaucoup dans votre entreprise et vous voulez vous assurer qu\u2019elle peut supporter tous les changements qui pourraient survenir. Cela comprend d\u2019avoir un plan pour l\u2019avenir de votre entreprise lorsque vous \u00eates pr\u00eat \u00e0 vous retirer.<\/p>\n\n\n\n<p>M\u00eame si vous n\u2019avez jamais s\u00e9rieusement r\u00e9fl\u00e9chi \u00e0 la vente de votre entreprise, il n\u2019y a pas de mal \u00e0 penser aux avantages potentiels d\u2019une vente, tant pour vous que pour l\u2019entreprise. Voici quelques-uns des nombreux avantages&nbsp;:<\/p>\n\n\n\n<ul class=\"wp-block-list\"><li>Atteindre la stabilit\u00e9 financi\u00e8re \u2013 r\u00e9coltez les fruits du travail acharn\u00e9 que vous avez d\u00e9ploy\u00e9 pour b\u00e2tir votre entreprise. La vente vous permettra de diversifier vos actifs aujourd\u2019hui et d\u2019obtenir une stabilit\u00e9 financi\u00e8re pour l\u2019avenir.<\/li><li>Miser sur le moment opportun \u2013 il se peut qu\u2019il n\u2019y ait pas d\u2019acheteur motiv\u00e9 si vous reportez la vente de votre entreprise.<\/li><li>R\u00e9soudre les probl\u00e8mes de rel\u00e8ve \u2013 vendre votre entreprise peut aider \u00e0 r\u00e9soudre les probl\u00e8mes potentiels de planification de la rel\u00e8ve.<\/li><li>Offrir de nouvelles possibilit\u00e9s \u2013 int\u00e9grer votre entreprise \u00e0 une nouvelle entreprise peut \u00e9largir les possibilit\u00e9s de vos employ\u00e9s, et les v\u00f4tres.<\/li><li>R\u00e9aliser le potentiel de croissance \u2013 vendre \u00e0 une plus grande entreprise peut fournir le capital suppl\u00e9mentaire dont votre entreprise a besoin pour passer au niveau sup\u00e9rieur.<\/li><li>R\u00e9duire le stress personnel \u2013 \u00eatre propri\u00e9taire d\u2019une entreprise pr\u00e9sente un large \u00e9ventail de d\u00e9fis. Vendre signifie que vous pourriez \u00eatre en mesure de continuer \u00e0 travailler dans l\u2019entreprise tout en transf\u00e9rant les \u00e9l\u00e9ments de stress quotidien, comme la gestion des flux de tr\u00e9sorerie, \u00e0 quelqu\u2019un d\u2019autre.<\/li><li>Si vous envisagez la vente de votre entreprise, nous croyons que nous pouvons \u00eatre un partenaire int\u00e9ressant dans ce processus.<\/li><\/ul>\n\n\n\n<h2 class=\"wp-block-heading\">Notre philosophie<\/h2>\n\n\n\n<p>Notre objectif est d\u2019\u00eatre un fournisseur de premier plan de services de courtage en douane et de conformit\u00e9 r\u00e9glementaire, et de renforcer notre plateforme d\u2019exp\u00e9dition de fret. Nous avons connu une croissance \u00e9norme au cours des derni\u00e8res ann\u00e9es, gr\u00e2ce \u00e0 la croissance interne et aux acquisitions. Depuis&nbsp;2010, Livingston a effectu\u00e9 10&nbsp;acquisitions, ce qui nous a permis d\u2019accomplir ceci&nbsp;:<\/p>\n\n\n\n<ul class=\"wp-block-list\"><li>Renforcer notre pr\u00e9sence \u00e0 la fronti\u00e8re canado-am\u00e9ricaine.<\/li><li>\u00c9tendre notre pr\u00e9sence sur les march\u00e9s am\u00e9ricains de courtage en douane et d\u2019exp\u00e9dition de fret a\u00e9rien et maritime et \u00e0 la fronti\u00e8re sud.<\/li><li>Ajouter de nouvelles capacit\u00e9s, telles que la gestion du commerce mondial et l\u2019acheminement par barge.<\/li><\/ul>\n\n\n\n<p>Pour poursuivre sur cette lanc\u00e9e de croissance acc\u00e9l\u00e9r\u00e9e, nous pr\u00e9voyons un partenariat avec des entreprises partageant les m\u00eames id\u00e9es, dignes de confiance et ax\u00e9es sur le client. Notre approche consiste \u00e0 tirer parti des pratiques exemplaires et \u00e0 pr\u00e9server les relations que les entreprises ont b\u00e2ties avec leurs clients, leurs employ\u00e9s et leurs communaut\u00e9s.<\/p>\n\n\n\n<p>Nous croyons \u00e9galement que les grandes entreprises sont \u00e9tablies gr\u00e2ce \u00e0 de grandes personnes. En joignant nos forces \u00e0 celles des entreprises les plus performantes, nous b\u00e9n\u00e9ficions des comp\u00e9tences, de l\u2019expertise et des exp\u00e9riences des nouveaux employ\u00e9s. En fait, plusieurs membres de notre \u00e9quipe de direction actuelle se sont joints \u00e0 la famille Livingston par le biais de transactions ant\u00e9rieures.<\/p>\n\n\n\n<h2 class=\"wp-block-heading\">Vendre votre entreprise \u00e0 Livingston<\/h2>\n\n\n\n<p>Voici quelques-unes des raisons pour lesquelles vous devriez envisager Livingston si vous songez \u00e0 vendre votre entreprise&nbsp;:<\/p>\n\n\n\n<ul class=\"wp-block-list\"><li>Une \u00e9valuation juste \u2013 notre groupe de propri\u00e9taires et notre soutien financier solides nous permettent de proposer un prix juste pour votre entreprise.<\/li><li>Perfectionnement des employ\u00e9s \u2013 vos employ\u00e9s b\u00e9n\u00e9ficieront de nouvelles possibilit\u00e9s de carri\u00e8re et de perfectionnement.<\/li><li>Continuit\u00e9 \u2013 nous valorisons et pr\u00e9servons les relations que vous et votre \u00e9quipe avez b\u00e2ties.<\/li><li>Ressources suppl\u00e9mentaires \u2013 vos clients b\u00e9n\u00e9ficieront d\u2019une meilleure offre de services et de notre orientation client.<\/li><li>Nouvelles possibilit\u00e9s \u2013 notre pr\u00e9sence mondiale permettra \u00e0 votre entreprise d\u2019atteindre de nouveaux march\u00e9s.<\/li><\/ul>\n\n\n\n<h2 class=\"wp-block-heading\">D\u00e9terminer la valeur de votre entreprise<\/h2>\n\n\n\n<p>Comme nous croyons que chaque entreprise est unique, nous n\u2019utilisons pas de mesures d\u2019\u00e9valuation simples et pr\u00e9d\u00e9finies pour d\u00e9terminer la valeur de votre entreprise.<br>Nous tenons plut\u00f4t compte de chaque entreprise individuellement et \u00e9valuons les facteurs suivants au moment de d\u00e9terminer une offre \u00e9quitable&nbsp;:<\/p>\n\n\n\n<ul class=\"wp-block-list\"><li>Taille (employ\u00e9s, salaires, revenus)<\/li><li>Tendances financi\u00e8res<\/li><li>\u00c9chelle g\u00e9ographique<\/li><li>Capacit\u00e9s des produits et des services<\/li><li>Diversit\u00e9 et anciennet\u00e9 des clients<\/li><li>Exposition\/diversit\u00e9 de l\u2019industrie<\/li><li>Potentiel de l\u2019\u00e9quipe de direction<\/li><\/ul>\n\n\n\n<h2 class=\"wp-block-heading\">Processus d\u2019acquisition<\/h2>\n\n\n\n<p>Notre exp\u00e9rience dans l\u2019achat et l\u2019int\u00e9gration d\u2019entreprises dans la grande famille Livingston nous a permis de concevoir un processus d\u2019acquisition efficace et normalis\u00e9. Chaque entreprise est diff\u00e9rente, et le processus peut varier selon votre entreprise, mais g\u00e9n\u00e9ralement, le processus prend de trois \u00e0 six mois, en tenant compte des ajustements qui doivent \u00eatre faits en fonction de la taille et de l\u2019ampleur de l\u2019organisation avec laquelle nous collaborons.<\/p>\n\n\n\n<h2 class=\"wp-block-heading\">Acquisitions compl\u00e9t\u00e9es<\/h2>\n\n\n\n<p>Depuis&nbsp;2010, Livingston a r\u00e9alis\u00e9 les acquisitions suivantes&nbsp;:<\/p>\n\n\n\n<ul class=\"wp-block-list\"><li><a href=\"https:\/\/www.livingstonintl.com\/fr\/press-release\/livingston-acquiert-affiliated-agents-en-douane\/\">Affiliated<\/a>&nbsp;(septembre&nbsp;2016)<\/li><li><a href=\"https:\/\/www.livingstonintl.com\/press-release\/livingston-international-acquires-fpa-customs-brokers-inc-strengthen-position-u-s-airsea-brokerage-market\/\">FPA<\/a>&nbsp;(ao\u00fbt&nbsp;2014)<\/li><li><a href=\"https:\/\/www.livingstonintl.com\/press-release\/livingston-international-acquires-transportation-and-customs-brokerage-firm-advantex-express\/\">Advantex Express<\/a>&nbsp;(octobre&nbsp;2013)<\/li><li><a href=\"https:\/\/www.livingstonintl.com\/press-release\/livingston-international-acquires-mblx-to-expand-international-freight-forwarding-in-the-u-s-and-meet-needs-of-growing-client-base\/\">MBLX<\/a>&nbsp;(d\u00e9cembre&nbsp;2012)<\/li><li><a href=\"https:\/\/www.livingstonintl.com\/press-release\/livingston-international-acquires-norman-g-jensen-inc-to-strengthen-position-throughout-the-united-states-as-well-as-in-canada\/\">Norman G. Jensen, Inc.<\/a>&nbsp;(octobre&nbsp;2012)<\/li><li><a href=\"https:\/\/www.livingstonintl.com\/press-release\/livingston-international-acquires-evans-and-wood-co-to-expand-airsea-customs-brokerage-and-freight-forwarding-operations\/\">Evans and Wood &amp; Co.<\/a>&nbsp;(juillet&nbsp;2012)<\/li><li><a href=\"https:\/\/www.livingstonintl.com\/press-release\/livingston-international-acquires-m-g-maher-to-expand-freight-forwarding-and-customs-brokerage-operations-in-the-u-s\/\">M.G. Maher<\/a>&nbsp;(avril&nbsp;2012)<\/li><li><a href=\"https:\/\/www.livingstonintl.com\/press-release\/livingston-international-finalizes-acquisition-of-customs-and-trade-compliance-services-of-jpmorgan-chase-bank-n-a\/\">Vastera<\/a>&nbsp;(avril&nbsp;2012)<\/li><li><a href=\"https:\/\/www.livingstonintl.com\/press-release\/livingston-acquires-dell-will-customs-brokers-to-bolster-southwestern-ontario-operation\/\">Courtiers en douane Dell Will<\/a>&nbsp;(mars&nbsp;2012)<\/li><li><a href=\"https:\/\/www.livingstonintl.com\/press-release\/livingston-acquires-hipage-to-expand-operations-in-southeastern-u-s\/\">Hipage<\/a>&nbsp;(octobre&nbsp;2011)<\/li><li>Maquilogistics (septembre&nbsp;2010)<\/li><\/ul>\n\n\n\n<h2 class=\"wp-block-heading\">Parlons-en<\/h2>\n\n\n\n<p>Si vous souhaitez explorer la possibilit\u00e9 de vendre votre entreprise, nous serions heureux de poursuivre les discussions et d\u2019en savoir plus sur l\u2019entreprise que vous avez b\u00e2tie et sur la fa\u00e7on dont elle s\u2019inscrit dans la culture de Livingston. Pour en savoir plus, communiquez avec nous \u00e0 l\u2019adresse&nbsp;<a href=\"mailto:acquisitions@livingstonintl.com\" target=\"_blank\" rel=\"noreferrer noopener\">acquisitions@livingstonintl.com<\/a>.<\/p>\n","protected":false},"excerpt":{"rendered":"<p>Planifier votre avenir En tant qu\u2019entrepreneur, vous avez investi beaucoup dans votre entreprise et vous voulez vous assurer qu\u2019elle peut supporter tous les changements qui pourraient survenir. Cela comprend d\u2019avoir un plan pour l\u2019avenir de votre entreprise lorsque vous \u00eates pr\u00eat \u00e0 vous retirer. M\u00eame si vous n\u2019avez jamais s\u00e9rieusement r\u00e9fl\u00e9chi \u00e0 la vente de<a class=\"excerpt-read-more\" href=\"https:\/\/www.livingstonintl.com\/fr\/a-propos-de-nous\/mergers-and-acquisitions\/\" title=\"ReadFusions et acquisitions\">&#8230; Read more &raquo;<\/a><\/p>\n","protected":false},"author":32,"featured_media":0,"parent":73,"menu_order":445,"comment_status":"closed","ping_status":"closed","template":"","meta":{"_acf_changed":false,"footnotes":""},"class_list":["post-358","page","type-page","status-publish","hentry"],"acf":[],"yoast_head":"<!-- This site is optimized with the Yoast SEO plugin v27.2 - https:\/\/yoast.com\/product\/yoast-seo-wordpress\/ -->\n<title>Fusions et acquisitions - Livingston International<\/title>\n<meta name=\"robots\" content=\"index, follow, max-snippet:-1, max-image-preview:large, max-video-preview:-1\" \/>\n<link rel=\"canonical\" href=\"https:\/\/www.livingstonintl.com\/fr\/a-propos-de-nous\/mergers-and-acquisitions\/\" \/>\n<meta property=\"og:locale\" content=\"fr_FR\" \/>\n<meta property=\"og:type\" content=\"article\" \/>\n<meta property=\"og:title\" content=\"Fusions et acquisitions - Livingston International\" \/>\n<meta property=\"og:description\" content=\"Planifier votre avenir En tant qu\u2019entrepreneur, vous avez investi beaucoup dans votre entreprise et vous voulez vous assurer qu\u2019elle peut supporter tous les changements qui pourraient survenir. Cela comprend d\u2019avoir un plan pour l\u2019avenir de votre entreprise lorsque vous \u00eates pr\u00eat \u00e0 vous retirer. M\u00eame si vous n\u2019avez jamais s\u00e9rieusement r\u00e9fl\u00e9chi \u00e0 la vente de... Read more &raquo;\" \/>\n<meta property=\"og:url\" content=\"https:\/\/www.livingstonintl.com\/fr\/a-propos-de-nous\/mergers-and-acquisitions\/\" \/>\n<meta property=\"og:site_name\" content=\"Livingston International\" \/>\n<meta property=\"article:publisher\" content=\"https:\/\/www.facebook.com\/livingstoninternational\" \/>\n<meta property=\"article:modified_time\" content=\"2021-07-08T15:03:01+00:00\" \/>\n<meta property=\"og:image\" content=\"https:\/\/cdn.livingstonintl.com\/livingston-content\/uploads\/2022\/09\/12163235\/2022-livingston-fb.jpg\" \/>\n\t<meta property=\"og:image:width\" content=\"1200\" \/>\n\t<meta property=\"og:image:height\" content=\"630\" \/>\n\t<meta property=\"og:image:type\" content=\"image\/jpeg\" \/>\n<meta name=\"twitter:label1\" content=\"Dur\u00e9e de lecture estim\u00e9e\" \/>\n\t<meta name=\"twitter:data1\" content=\"4 minutes\" \/>\n<script type=\"application\/ld+json\" class=\"yoast-schema-graph\">{\"@context\":\"https:\/\/schema.org\",\"@graph\":[{\"@type\":\"WebPage\",\"@id\":\"https:\/\/www.livingstonintl.com\/fr\/a-propos-de-nous\/mergers-and-acquisitions\/\",\"url\":\"https:\/\/www.livingstonintl.com\/fr\/a-propos-de-nous\/mergers-and-acquisitions\/\",\"name\":\"Fusions et acquisitions - Livingston International\",\"isPartOf\":{\"@id\":\"https:\/\/www.livingstonintl.com\/fr\/#website\"},\"datePublished\":\"2015-04-28T16:06:07+00:00\",\"dateModified\":\"2021-07-08T15:03:01+00:00\",\"breadcrumb\":{\"@id\":\"https:\/\/www.livingstonintl.com\/fr\/a-propos-de-nous\/mergers-and-acquisitions\/#breadcrumb\"},\"inLanguage\":\"fr-FR\",\"potentialAction\":[{\"@type\":\"ReadAction\",\"target\":[\"https:\/\/www.livingstonintl.com\/fr\/a-propos-de-nous\/mergers-and-acquisitions\/\"]}]},{\"@type\":\"BreadcrumbList\",\"@id\":\"https:\/\/www.livingstonintl.com\/fr\/a-propos-de-nous\/mergers-and-acquisitions\/#breadcrumb\",\"itemListElement\":[{\"@type\":\"ListItem\",\"position\":1,\"name\":\"Accueil\",\"item\":\"https:\/\/www.livingstonintl.com\/fr\/\"},{\"@type\":\"ListItem\",\"position\":2,\"name\":\"\u00c0 propos de nous\",\"item\":\"https:\/\/www.livingstonintl.com\/fr\/a-propos-de-nous\/\"},{\"@type\":\"ListItem\",\"position\":3,\"name\":\"Fusions et acquisitions\"}]},{\"@type\":\"WebSite\",\"@id\":\"https:\/\/www.livingstonintl.com\/fr\/#website\",\"url\":\"https:\/\/www.livingstonintl.com\/fr\/\",\"name\":\"Livingston International\",\"description\":\"Simplify Trade\",\"publisher\":{\"@id\":\"https:\/\/www.livingstonintl.com\/fr\/#organization\"},\"potentialAction\":[{\"@type\":\"SearchAction\",\"target\":{\"@type\":\"EntryPoint\",\"urlTemplate\":\"https:\/\/www.livingstonintl.com\/fr\/?s={search_term_string}\"},\"query-input\":{\"@type\":\"PropertyValueSpecification\",\"valueRequired\":true,\"valueName\":\"search_term_string\"}}],\"inLanguage\":\"fr-FR\"},{\"@type\":\"Organization\",\"@id\":\"https:\/\/www.livingstonintl.com\/fr\/#organization\",\"name\":\"Livingston International\",\"url\":\"https:\/\/www.livingstonintl.com\/fr\/\",\"logo\":{\"@type\":\"ImageObject\",\"inLanguage\":\"fr-FR\",\"@id\":\"https:\/\/www.livingstonintl.com\/fr\/#\/schema\/logo\/image\/\",\"url\":\"https:\/\/cdn.livingstonintl.com\/livingston-content\/uploads\/2022\/09\/12163235\/2022-livingston-fb.jpg\",\"contentUrl\":\"https:\/\/cdn.livingstonintl.com\/livingston-content\/uploads\/2022\/09\/12163235\/2022-livingston-fb.jpg\",\"width\":1200,\"height\":630,\"caption\":\"Livingston International\"},\"image\":{\"@id\":\"https:\/\/www.livingstonintl.com\/fr\/#\/schema\/logo\/image\/\"},\"sameAs\":[\"https:\/\/www.facebook.com\/livingstoninternational\",\"https:\/\/x.com\/livingston_intl\",\"https:\/\/linkedin.com\/company\/livingston-international\"]}]}<\/script>\n<!-- \/ Yoast SEO plugin. -->","yoast_head_json":{"title":"Fusions et acquisitions - Livingston International","robots":{"index":"index","follow":"follow","max-snippet":"max-snippet:-1","max-image-preview":"max-image-preview:large","max-video-preview":"max-video-preview:-1"},"canonical":"https:\/\/www.livingstonintl.com\/fr\/a-propos-de-nous\/mergers-and-acquisitions\/","og_locale":"fr_FR","og_type":"article","og_title":"Fusions et acquisitions - Livingston International","og_description":"Planifier votre avenir En tant qu\u2019entrepreneur, vous avez investi beaucoup dans votre entreprise et vous voulez vous assurer qu\u2019elle peut supporter tous les changements qui pourraient survenir. Cela comprend d\u2019avoir un plan pour l\u2019avenir de votre entreprise lorsque vous \u00eates pr\u00eat \u00e0 vous retirer. M\u00eame si vous n\u2019avez jamais s\u00e9rieusement r\u00e9fl\u00e9chi \u00e0 la vente de... Read more &raquo;","og_url":"https:\/\/www.livingstonintl.com\/fr\/a-propos-de-nous\/mergers-and-acquisitions\/","og_site_name":"Livingston International","article_publisher":"https:\/\/www.facebook.com\/livingstoninternational","article_modified_time":"2021-07-08T15:03:01+00:00","og_image":[{"width":1200,"height":630,"url":"https:\/\/cdn.livingstonintl.com\/livingston-content\/uploads\/2022\/09\/12163235\/2022-livingston-fb.jpg","type":"image\/jpeg"}],"twitter_misc":{"Dur\u00e9e de lecture estim\u00e9e":"4 minutes"},"schema":{"@context":"https:\/\/schema.org","@graph":[{"@type":"WebPage","@id":"https:\/\/www.livingstonintl.com\/fr\/a-propos-de-nous\/mergers-and-acquisitions\/","url":"https:\/\/www.livingstonintl.com\/fr\/a-propos-de-nous\/mergers-and-acquisitions\/","name":"Fusions et acquisitions - Livingston International","isPartOf":{"@id":"https:\/\/www.livingstonintl.com\/fr\/#website"},"datePublished":"2015-04-28T16:06:07+00:00","dateModified":"2021-07-08T15:03:01+00:00","breadcrumb":{"@id":"https:\/\/www.livingstonintl.com\/fr\/a-propos-de-nous\/mergers-and-acquisitions\/#breadcrumb"},"inLanguage":"fr-FR","potentialAction":[{"@type":"ReadAction","target":["https:\/\/www.livingstonintl.com\/fr\/a-propos-de-nous\/mergers-and-acquisitions\/"]}]},{"@type":"BreadcrumbList","@id":"https:\/\/www.livingstonintl.com\/fr\/a-propos-de-nous\/mergers-and-acquisitions\/#breadcrumb","itemListElement":[{"@type":"ListItem","position":1,"name":"Accueil","item":"https:\/\/www.livingstonintl.com\/fr\/"},{"@type":"ListItem","position":2,"name":"\u00c0 propos de nous","item":"https:\/\/www.livingstonintl.com\/fr\/a-propos-de-nous\/"},{"@type":"ListItem","position":3,"name":"Fusions et acquisitions"}]},{"@type":"WebSite","@id":"https:\/\/www.livingstonintl.com\/fr\/#website","url":"https:\/\/www.livingstonintl.com\/fr\/","name":"Livingston International","description":"Simplify Trade","publisher":{"@id":"https:\/\/www.livingstonintl.com\/fr\/#organization"},"potentialAction":[{"@type":"SearchAction","target":{"@type":"EntryPoint","urlTemplate":"https:\/\/www.livingstonintl.com\/fr\/?s={search_term_string}"},"query-input":{"@type":"PropertyValueSpecification","valueRequired":true,"valueName":"search_term_string"}}],"inLanguage":"fr-FR"},{"@type":"Organization","@id":"https:\/\/www.livingstonintl.com\/fr\/#organization","name":"Livingston International","url":"https:\/\/www.livingstonintl.com\/fr\/","logo":{"@type":"ImageObject","inLanguage":"fr-FR","@id":"https:\/\/www.livingstonintl.com\/fr\/#\/schema\/logo\/image\/","url":"https:\/\/cdn.livingstonintl.com\/livingston-content\/uploads\/2022\/09\/12163235\/2022-livingston-fb.jpg","contentUrl":"https:\/\/cdn.livingstonintl.com\/livingston-content\/uploads\/2022\/09\/12163235\/2022-livingston-fb.jpg","width":1200,"height":630,"caption":"Livingston International"},"image":{"@id":"https:\/\/www.livingstonintl.com\/fr\/#\/schema\/logo\/image\/"},"sameAs":["https:\/\/www.facebook.com\/livingstoninternational","https:\/\/x.com\/livingston_intl","https:\/\/linkedin.com\/company\/livingston-international"]}]}},"_links":{"self":[{"href":"https:\/\/wp.livingstonintl.com\/fr\/wp-json\/wp\/v2\/pages\/358","targetHints":{"allow":["GET"]}}],"collection":[{"href":"https:\/\/wp.livingstonintl.com\/fr\/wp-json\/wp\/v2\/pages"}],"about":[{"href":"https:\/\/wp.livingstonintl.com\/fr\/wp-json\/wp\/v2\/types\/page"}],"author":[{"embeddable":true,"href":"https:\/\/wp.livingstonintl.com\/fr\/wp-json\/wp\/v2\/users\/32"}],"replies":[{"embeddable":true,"href":"https:\/\/wp.livingstonintl.com\/fr\/wp-json\/wp\/v2\/comments?post=358"}],"version-history":[{"count":3,"href":"https:\/\/wp.livingstonintl.com\/fr\/wp-json\/wp\/v2\/pages\/358\/revisions"}],"predecessor-version":[{"id":54444,"href":"https:\/\/wp.livingstonintl.com\/fr\/wp-json\/wp\/v2\/pages\/358\/revisions\/54444"}],"up":[{"embeddable":true,"href":"https:\/\/wp.livingstonintl.com\/fr\/wp-json\/wp\/v2\/pages\/73"}],"wp:attachment":[{"href":"https:\/\/wp.livingstonintl.com\/fr\/wp-json\/wp\/v2\/media?parent=358"}],"curies":[{"name":"wp","href":"https:\/\/api.w.org\/{rel}","templated":true}]}}