{"id":40860,"date":"2018-02-08T21:23:49","date_gmt":"2018-02-09T02:23:49","guid":{"rendered":"\/?page_id=40860"},"modified":"2022-06-27T13:10:36","modified_gmt":"2022-06-27T17:10:36","slug":"sgu","status":"publish","type":"page","link":"https:\/\/www.livingstonintl.com\/fr\/sgu\/","title":{"rendered":"Projet de services \u00e0 guichet unique"},"content":{"rendered":"\n<p class=\"large\"><strong>L\u2019Agence des services frontaliers du Canada (ASFC) a mis hors service les anciennes options de service de mainlev\u00e9e des autres minist\u00e8res (SEA AM [SO463] et SEA MDM [SO471]) le 17 ao\u00fbt 2020.<\/strong><\/p>\n\n\n\n<p>Le projet de Services \u00e0 guichet unique&nbsp;(SGU) de l\u2019Agence des services frontaliers du Canada&nbsp;(ASFC) se concentre sur la normalisation des donn\u00e9es et la simplification des processus.<\/p>\n\n\n\n<p>Ce projet r\u00e9duira en partie les risques et am\u00e9liorera les contr\u00f4les \u00e0 la fronti\u00e8re en permettant \u00e0 la Douane de mieux cibler les marchandises avec des besoins d\u2019importation, de valider les permis et d\u2019\u00e9changer des renseignements avec les Organismes gouvernementales participantes&nbsp;(OGP).<\/p>\n\n\n\n<h2 class=\"wp-block-heading\">Contexte du programme<\/h2>\n\n\n\n<p>Le programme modernise et harmonise les processus de traitement des importations canadiennes et am\u00e9ricaines dans le cadre du Plan d\u2019action Par-del\u00e0 la fronti\u00e8re.<\/p>\n\n\n\n<p>Avec le SGU, les importateurs peuvent d\u00e9poser \u00e9lectroniquement tous les documents requis \u00e0 l\u2019ASFC, y compris les renseignements exig\u00e9s par les OGP. L\u2019ASFC transmettra alors toutes les donn\u00e9es applicables directement aux AGP respectives. Les OGP passeront en revue les renseignements ayant \u00e9t\u00e9 re\u00e7us et retourneront leur d\u00e9cision de lev\u00e9e \u00e0 la Douane qui la transmettra \u00e0 l\u2019importateur concern\u00e9.<\/p>\n\n\n\n<p>Cette solution int\u00e9gr\u00e9e permet aux importateurs de se conformer aux exigences r\u00e9glementaires de multiples agences gouvernementales en envoyant les donn\u00e9es relatives \u00e0 leurs chargements par la d\u00e9claration int\u00e9gr\u00e9e des importations&nbsp;(DII). Cela permet non seulement de simplifier le processus d\u2019importation, mais aussi d\u2019\u00e9liminer la redondance et r\u00e9duit les d\u00e9lais de d\u00e9douanement.<\/p>\n\n\n\n<p><strong>La date de transition \u00e0 venir affectera les OGP suivants :<\/strong><br><i>Pour plus d&rsquo;informations sur les OGP et leurs programmes respectifs, cliquez sur le nom de l&rsquo;OGP.<\/i><\/p>\n\n\n\n<ul class=\"wp-block-list\"><li><a href=\"\/fr\/sgu\/acia\/\">Agence canadienne d\u2019inspection des aliments (ACIA)<\/a><\/li><li><a href=\"\/fr\/sgu\/ccsn\/\">Commission canadienne de s\u00fbret\u00e9 nucl\u00e9aire (CCSN)<\/a><\/li><li><a href=\"\/fr\/sgu\/eccc\/\">Environnement et changement climatique Canada (ECCC)<\/a><\/li><li><a href=\"\/fr\/sgu\/mpo\/\">P\u00eaches et Oc\u00e9ans Canada (MPO)<\/a><\/li><li><a href=\"\/fr\/sgu\/amc\/\">Affaires mondiales Canada (AMC)<\/a><\/li><li><a href=\"\/fr\/sgu\/sc\/\">Sant\u00e9 Canada (SC)<\/a><\/li><li><a href=\"\/fr\/sgu\/rncan\/\">Ressources naturelles Canada (RNCAN)<\/a><\/li><li><a href=\"\/fr\/sgu\/aspc\/\">Agence de la sant\u00e9 publique du Canada (ASPC)<\/a><\/li><li><a href=\"\/fr\/sgu\/tc\/\">Transports&nbsp;Canada (TC)<\/a><\/li><\/ul>\n\n\n\n<h2 class=\"wp-block-heading\">Livingston est pr\u00eat pour le SGU<\/h2>\n\n\n\n<p>Les gens, les processus et la technologie de Livingston sont tous pr\u00eats pour le SGU&nbsp;:<\/p>\n\n\n\n<ul class=\"wp-block-list\"><li>Nous participons au Guichet unique depuis octobre&nbsp;2016 pour nous assurer de bien conna\u00eetre le SGU et ses exigences.<\/li><li>Nous avons mis \u00e0 jour nos syst\u00e8mes de courtage afin qu\u2019ils soient enti\u00e8rement conformes aux normes du SGU.<\/li><li>Nous nous engageons \u00e0 informer nos clients de tout changement d\u00e8s que nous en prendrons connaissance.<\/li><\/ul>\n\n\n\n<p><i>Bien que nous ayons tout mis en \u0153uvre pour nous assurer que l\u2019information publi\u00e9e sur les pages des ressources du projet de Services \u00e0 guichet unique (SGU) a \u00e9t\u00e9 obtenue aupr\u00e8s de sources fiables, Livingston International n\u2019est responsable d\u2019aucune erreur ou omission, et n\u2019est pas responsable des r\u00e9sultats obtenus \u00e0 la suite de l\u2019utilisation de cette information.<\/i><\/p>\n","protected":false},"excerpt":{"rendered":"<p>L\u2019Agence des services frontaliers du Canada (ASFC) a mis hors service les anciennes options de service de mainlev\u00e9e des autres minist\u00e8res (SEA AM [SO463] et SEA MDM [SO471]) le 17 ao\u00fbt 2020. Le projet de Services \u00e0 guichet unique&nbsp;(SGU) de l\u2019Agence des services frontaliers du Canada&nbsp;(ASFC) se concentre sur la normalisation des donn\u00e9es et la<a class=\"excerpt-read-more\" href=\"https:\/\/www.livingstonintl.com\/fr\/sgu\/\" title=\"ReadProjet de services \u00e0 guichet unique\">&#8230; Read more &raquo;<\/a><\/p>\n","protected":false},"author":36,"featured_media":0,"parent":0,"menu_order":169,"comment_status":"closed","ping_status":"closed","template":"template-retired\/page-landing-withsidebar.php","meta":{"_acf_changed":false,"footnotes":""},"class_list":["post-40860","page","type-page","status-publish","hentry"],"acf":[],"yoast_head":"<!-- This site is optimized with the Yoast SEO plugin v27.2 - https:\/\/yoast.com\/product\/yoast-seo-wordpress\/ -->\n<title>Projet de services \u00e0 guichet unique - Livingston International<\/title>\n<meta name=\"robots\" content=\"index, follow, max-snippet:-1, max-image-preview:large, max-video-preview:-1\" \/>\n<link rel=\"canonical\" href=\"https:\/\/www.livingstonintl.com\/fr\/sgu\/\" \/>\n<meta property=\"og:locale\" content=\"fr_FR\" \/>\n<meta property=\"og:type\" content=\"article\" \/>\n<meta property=\"og:title\" content=\"Projet de services \u00e0 guichet unique - Livingston International\" \/>\n<meta property=\"og:description\" content=\"L\u2019Agence des services frontaliers du Canada (ASFC) a mis hors service les anciennes options de service de mainlev\u00e9e des autres minist\u00e8res (SEA AM [SO463] et SEA MDM [SO471]) le 17 ao\u00fbt 2020. Le projet de Services \u00e0 guichet unique&nbsp;(SGU) de l\u2019Agence des services frontaliers du Canada&nbsp;(ASFC) se concentre sur la normalisation des donn\u00e9es et la... Read more &raquo;\" \/>\n<meta property=\"og:url\" content=\"https:\/\/www.livingstonintl.com\/fr\/sgu\/\" \/>\n<meta property=\"og:site_name\" content=\"Livingston International\" \/>\n<meta property=\"article:publisher\" content=\"https:\/\/www.facebook.com\/livingstoninternational\" \/>\n<meta property=\"article:modified_time\" content=\"2022-06-27T17:10:36+00:00\" \/>\n<meta property=\"og:image\" content=\"https:\/\/cdn.livingstonintl.com\/livingston-content\/uploads\/2022\/09\/12163235\/2022-livingston-fb.jpg\" \/>\n\t<meta property=\"og:image:width\" content=\"1200\" \/>\n\t<meta property=\"og:image:height\" content=\"630\" \/>\n\t<meta property=\"og:image:type\" content=\"image\/jpeg\" \/>\n<meta name=\"twitter:label1\" content=\"Dur\u00e9e de lecture estim\u00e9e\" \/>\n\t<meta name=\"twitter:data1\" content=\"2 minutes\" \/>\n<script type=\"application\/ld+json\" class=\"yoast-schema-graph\">{\"@context\":\"https:\/\/schema.org\",\"@graph\":[{\"@type\":\"WebPage\",\"@id\":\"https:\/\/www.livingstonintl.com\/fr\/sgu\/\",\"url\":\"https:\/\/www.livingstonintl.com\/fr\/sgu\/\",\"name\":\"Projet de services \u00e0 guichet unique - Livingston International\",\"isPartOf\":{\"@id\":\"https:\/\/www.livingstonintl.com\/fr\/#website\"},\"datePublished\":\"2018-02-09T02:23:49+00:00\",\"dateModified\":\"2022-06-27T17:10:36+00:00\",\"breadcrumb\":{\"@id\":\"https:\/\/www.livingstonintl.com\/fr\/sgu\/#breadcrumb\"},\"inLanguage\":\"fr-FR\",\"potentialAction\":[{\"@type\":\"ReadAction\",\"target\":[\"https:\/\/www.livingstonintl.com\/fr\/sgu\/\"]}]},{\"@type\":\"BreadcrumbList\",\"@id\":\"https:\/\/www.livingstonintl.com\/fr\/sgu\/#breadcrumb\",\"itemListElement\":[{\"@type\":\"ListItem\",\"position\":1,\"name\":\"Accueil\",\"item\":\"https:\/\/www.livingstonintl.com\/fr\/\"},{\"@type\":\"ListItem\",\"position\":2,\"name\":\"Projet de services \u00e0 guichet unique\"}]},{\"@type\":\"WebSite\",\"@id\":\"https:\/\/www.livingstonintl.com\/fr\/#website\",\"url\":\"https:\/\/www.livingstonintl.com\/fr\/\",\"name\":\"Livingston International\",\"description\":\"Simplify Trade\",\"publisher\":{\"@id\":\"https:\/\/www.livingstonintl.com\/fr\/#organization\"},\"potentialAction\":[{\"@type\":\"SearchAction\",\"target\":{\"@type\":\"EntryPoint\",\"urlTemplate\":\"https:\/\/www.livingstonintl.com\/fr\/?s={search_term_string}\"},\"query-input\":{\"@type\":\"PropertyValueSpecification\",\"valueRequired\":true,\"valueName\":\"search_term_string\"}}],\"inLanguage\":\"fr-FR\"},{\"@type\":\"Organization\",\"@id\":\"https:\/\/www.livingstonintl.com\/fr\/#organization\",\"name\":\"Livingston International\",\"url\":\"https:\/\/www.livingstonintl.com\/fr\/\",\"logo\":{\"@type\":\"ImageObject\",\"inLanguage\":\"fr-FR\",\"@id\":\"https:\/\/www.livingstonintl.com\/fr\/#\/schema\/logo\/image\/\",\"url\":\"https:\/\/cdn.livingstonintl.com\/livingston-content\/uploads\/2022\/09\/12163235\/2022-livingston-fb.jpg\",\"contentUrl\":\"https:\/\/cdn.livingstonintl.com\/livingston-content\/uploads\/2022\/09\/12163235\/2022-livingston-fb.jpg\",\"width\":1200,\"height\":630,\"caption\":\"Livingston International\"},\"image\":{\"@id\":\"https:\/\/www.livingstonintl.com\/fr\/#\/schema\/logo\/image\/\"},\"sameAs\":[\"https:\/\/www.facebook.com\/livingstoninternational\",\"https:\/\/x.com\/livingston_intl\",\"https:\/\/linkedin.com\/company\/livingston-international\"]}]}<\/script>\n<!-- \/ Yoast SEO plugin. -->","yoast_head_json":{"title":"Projet de services \u00e0 guichet unique - Livingston International","robots":{"index":"index","follow":"follow","max-snippet":"max-snippet:-1","max-image-preview":"max-image-preview:large","max-video-preview":"max-video-preview:-1"},"canonical":"https:\/\/www.livingstonintl.com\/fr\/sgu\/","og_locale":"fr_FR","og_type":"article","og_title":"Projet de services \u00e0 guichet unique - Livingston International","og_description":"L\u2019Agence des services frontaliers du Canada (ASFC) a mis hors service les anciennes options de service de mainlev\u00e9e des autres minist\u00e8res (SEA AM [SO463] et SEA MDM [SO471]) le 17 ao\u00fbt 2020. Le projet de Services \u00e0 guichet unique&nbsp;(SGU) de l\u2019Agence des services frontaliers du Canada&nbsp;(ASFC) se concentre sur la normalisation des donn\u00e9es et la... Read more &raquo;","og_url":"https:\/\/www.livingstonintl.com\/fr\/sgu\/","og_site_name":"Livingston International","article_publisher":"https:\/\/www.facebook.com\/livingstoninternational","article_modified_time":"2022-06-27T17:10:36+00:00","og_image":[{"width":1200,"height":630,"url":"https:\/\/cdn.livingstonintl.com\/livingston-content\/uploads\/2022\/09\/12163235\/2022-livingston-fb.jpg","type":"image\/jpeg"}],"twitter_misc":{"Dur\u00e9e de lecture estim\u00e9e":"2 minutes"},"schema":{"@context":"https:\/\/schema.org","@graph":[{"@type":"WebPage","@id":"https:\/\/www.livingstonintl.com\/fr\/sgu\/","url":"https:\/\/www.livingstonintl.com\/fr\/sgu\/","name":"Projet de services \u00e0 guichet unique - Livingston International","isPartOf":{"@id":"https:\/\/www.livingstonintl.com\/fr\/#website"},"datePublished":"2018-02-09T02:23:49+00:00","dateModified":"2022-06-27T17:10:36+00:00","breadcrumb":{"@id":"https:\/\/www.livingstonintl.com\/fr\/sgu\/#breadcrumb"},"inLanguage":"fr-FR","potentialAction":[{"@type":"ReadAction","target":["https:\/\/www.livingstonintl.com\/fr\/sgu\/"]}]},{"@type":"BreadcrumbList","@id":"https:\/\/www.livingstonintl.com\/fr\/sgu\/#breadcrumb","itemListElement":[{"@type":"ListItem","position":1,"name":"Accueil","item":"https:\/\/www.livingstonintl.com\/fr\/"},{"@type":"ListItem","position":2,"name":"Projet de services \u00e0 guichet unique"}]},{"@type":"WebSite","@id":"https:\/\/www.livingstonintl.com\/fr\/#website","url":"https:\/\/www.livingstonintl.com\/fr\/","name":"Livingston International","description":"Simplify Trade","publisher":{"@id":"https:\/\/www.livingstonintl.com\/fr\/#organization"},"potentialAction":[{"@type":"SearchAction","target":{"@type":"EntryPoint","urlTemplate":"https:\/\/www.livingstonintl.com\/fr\/?s={search_term_string}"},"query-input":{"@type":"PropertyValueSpecification","valueRequired":true,"valueName":"search_term_string"}}],"inLanguage":"fr-FR"},{"@type":"Organization","@id":"https:\/\/www.livingstonintl.com\/fr\/#organization","name":"Livingston International","url":"https:\/\/www.livingstonintl.com\/fr\/","logo":{"@type":"ImageObject","inLanguage":"fr-FR","@id":"https:\/\/www.livingstonintl.com\/fr\/#\/schema\/logo\/image\/","url":"https:\/\/cdn.livingstonintl.com\/livingston-content\/uploads\/2022\/09\/12163235\/2022-livingston-fb.jpg","contentUrl":"https:\/\/cdn.livingstonintl.com\/livingston-content\/uploads\/2022\/09\/12163235\/2022-livingston-fb.jpg","width":1200,"height":630,"caption":"Livingston International"},"image":{"@id":"https:\/\/www.livingstonintl.com\/fr\/#\/schema\/logo\/image\/"},"sameAs":["https:\/\/www.facebook.com\/livingstoninternational","https:\/\/x.com\/livingston_intl","https:\/\/linkedin.com\/company\/livingston-international"]}]}},"_links":{"self":[{"href":"https:\/\/wp.livingstonintl.com\/fr\/wp-json\/wp\/v2\/pages\/40860","targetHints":{"allow":["GET"]}}],"collection":[{"href":"https:\/\/wp.livingstonintl.com\/fr\/wp-json\/wp\/v2\/pages"}],"about":[{"href":"https:\/\/wp.livingstonintl.com\/fr\/wp-json\/wp\/v2\/types\/page"}],"author":[{"embeddable":true,"href":"https:\/\/wp.livingstonintl.com\/fr\/wp-json\/wp\/v2\/users\/36"}],"replies":[{"embeddable":true,"href":"https:\/\/wp.livingstonintl.com\/fr\/wp-json\/wp\/v2\/comments?post=40860"}],"version-history":[{"count":2,"href":"https:\/\/wp.livingstonintl.com\/fr\/wp-json\/wp\/v2\/pages\/40860\/revisions"}],"predecessor-version":[{"id":56623,"href":"https:\/\/wp.livingstonintl.com\/fr\/wp-json\/wp\/v2\/pages\/40860\/revisions\/56623"}],"wp:attachment":[{"href":"https:\/\/wp.livingstonintl.com\/fr\/wp-json\/wp\/v2\/media?parent=40860"}],"curies":[{"name":"wp","href":"https:\/\/api.w.org\/{rel}","templated":true}]}}