{"id":42400,"date":"2018-05-28T11:38:14","date_gmt":"2018-05-28T15:38:14","guid":{"rendered":"\/?page_id=42400"},"modified":"2024-09-10T03:58:05","modified_gmt":"2024-09-10T07:58:05","slug":"gerer-lincertitude-commerciale","status":"publish","type":"page","link":"https:\/\/www.livingstonintl.com\/fr\/gerer-lincertitude-commerciale\/","title":{"rendered":"Mises \u00e0 jour r\u00e9glementaires"},"content":{"rendered":"<h1 style=\"filter: drop-shadow(0px 0px 60px rgba(42, 52, 61, 0.5));\"><span class=\"white\">Le monde du commerce est en changement.<\/span><span class=\"orange\">L\u2019\u00eate-vous?<\/span><\/h1>\n<p style=\"filter: drop-shadow(0px 0px 60px rgba(42, 52, 61, 0.6));\">Les nouvelles zones d\u2019\u00e9changes commerciaux, l\u2019\u00e9volution des accords de libre-\u00e9change et le renforcement des politiques commerciales protectionnistes continuent de cr\u00e9er des occasions et des risques commerciaux. <strong>Or, le changement constant ne se traduit pas n\u00e9cessairement par une perturbation constante.<\/strong><\/p>\n","protected":false},"excerpt":{"rendered":"<p>Le monde du commerce est en changement.L\u2019\u00eate-vous? Les nouvelles zones d\u2019\u00e9changes commerciaux, l\u2019\u00e9volution des accords de libre-\u00e9change et le renforcement des politiques commerciales protectionnistes continuent de cr\u00e9er des occasions et des risques commerciaux. Or, le changement constant ne se traduit pas n\u00e9cessairement par une perturbation constante.<\/p>\n","protected":false},"author":45,"featured_media":53525,"parent":0,"menu_order":104,"comment_status":"closed","ping_status":"closed","template":"template-retired\/page-regulatory-changes.php","meta":{"_acf_changed":false,"footnotes":""},"class_list":["post-42400","page","type-page","status-publish","has-post-thumbnail","hentry"],"acf":[],"yoast_head":"<!-- This site is optimized with the Yoast SEO plugin v27.2 - https:\/\/yoast.com\/product\/yoast-seo-wordpress\/ -->\n<title>Mises \u00e0 jour r\u00e9glementaires - Livingston International<\/title>\n<meta name=\"robots\" content=\"index, follow, max-snippet:-1, max-image-preview:large, max-video-preview:-1\" \/>\n<link rel=\"canonical\" href=\"https:\/\/www.livingstonintl.com\/fr\/gerer-lincertitude-commerciale\/\" \/>\n<meta property=\"og:locale\" content=\"fr_FR\" \/>\n<meta property=\"og:type\" content=\"article\" \/>\n<meta property=\"og:title\" content=\"Mises \u00e0 jour r\u00e9glementaires - Livingston International\" \/>\n<meta property=\"og:description\" content=\"Le monde du commerce est en changement.L\u2019\u00eate-vous? Les nouvelles zones d\u2019\u00e9changes commerciaux, l\u2019\u00e9volution des accords de libre-\u00e9change et le renforcement des politiques commerciales protectionnistes continuent de cr\u00e9er des occasions et des risques commerciaux. Or, le changement constant ne se traduit pas n\u00e9cessairement par une perturbation constante.\" \/>\n<meta property=\"og:url\" content=\"https:\/\/www.livingstonintl.com\/fr\/gerer-lincertitude-commerciale\/\" \/>\n<meta property=\"og:site_name\" content=\"Livingston International\" \/>\n<meta property=\"article:publisher\" content=\"https:\/\/www.facebook.com\/livingstoninternational\" \/>\n<meta property=\"article:modified_time\" content=\"2024-09-10T07:58:05+00:00\" \/>\n<meta property=\"og:image\" content=\"https:\/\/cdn.livingstonintl.com\/livingston-content\/uploads\/2021\/03\/11163816\/news-trade-uncertainty.jpg\" \/>\n\t<meta property=\"og:image:width\" content=\"1920\" \/>\n\t<meta property=\"og:image:height\" content=\"1080\" \/>\n\t<meta property=\"og:image:type\" content=\"image\/jpeg\" \/>\n<meta name=\"twitter:label1\" content=\"Dur\u00e9e de lecture estim\u00e9e\" \/>\n\t<meta name=\"twitter:data1\" content=\"4 minutes\" \/>\n<script type=\"application\/ld+json\" class=\"yoast-schema-graph\">{\"@context\":\"https:\/\/schema.org\",\"@graph\":[{\"@type\":\"WebPage\",\"@id\":\"https:\/\/www.livingstonintl.com\/fr\/gerer-lincertitude-commerciale\/\",\"url\":\"https:\/\/www.livingstonintl.com\/fr\/gerer-lincertitude-commerciale\/\",\"name\":\"Mises \u00e0 jour r\u00e9glementaires - Livingston International\",\"isPartOf\":{\"@id\":\"https:\/\/www.livingstonintl.com\/fr\/#website\"},\"primaryImageOfPage\":{\"@id\":\"https:\/\/www.livingstonintl.com\/fr\/gerer-lincertitude-commerciale\/#primaryimage\"},\"image\":{\"@id\":\"https:\/\/www.livingstonintl.com\/fr\/gerer-lincertitude-commerciale\/#primaryimage\"},\"thumbnailUrl\":\"https:\/\/cdn.livingstonintl.com\/livingston-content\/uploads\/2021\/03\/11163816\/news-trade-uncertainty.jpg\",\"datePublished\":\"2018-05-28T15:38:14+00:00\",\"dateModified\":\"2024-09-10T07:58:05+00:00\",\"breadcrumb\":{\"@id\":\"https:\/\/www.livingstonintl.com\/fr\/gerer-lincertitude-commerciale\/#breadcrumb\"},\"inLanguage\":\"fr-FR\",\"potentialAction\":[{\"@type\":\"ReadAction\",\"target\":[\"https:\/\/www.livingstonintl.com\/fr\/gerer-lincertitude-commerciale\/\"]}]},{\"@type\":\"ImageObject\",\"inLanguage\":\"fr-FR\",\"@id\":\"https:\/\/www.livingstonintl.com\/fr\/gerer-lincertitude-commerciale\/#primaryimage\",\"url\":\"https:\/\/cdn.livingstonintl.com\/livingston-content\/uploads\/2021\/03\/11163816\/news-trade-uncertainty.jpg\",\"contentUrl\":\"https:\/\/cdn.livingstonintl.com\/livingston-content\/uploads\/2021\/03\/11163816\/news-trade-uncertainty.jpg\",\"width\":1920,\"height\":1080},{\"@type\":\"BreadcrumbList\",\"@id\":\"https:\/\/www.livingstonintl.com\/fr\/gerer-lincertitude-commerciale\/#breadcrumb\",\"itemListElement\":[{\"@type\":\"ListItem\",\"position\":1,\"name\":\"Accueil\",\"item\":\"https:\/\/www.livingstonintl.com\/fr\/\"},{\"@type\":\"ListItem\",\"position\":2,\"name\":\"Mises \u00e0 jour r\u00e9glementaires\"}]},{\"@type\":\"WebSite\",\"@id\":\"https:\/\/www.livingstonintl.com\/fr\/#website\",\"url\":\"https:\/\/www.livingstonintl.com\/fr\/\",\"name\":\"Livingston International\",\"description\":\"Simplify Trade\",\"publisher\":{\"@id\":\"https:\/\/www.livingstonintl.com\/fr\/#organization\"},\"potentialAction\":[{\"@type\":\"SearchAction\",\"target\":{\"@type\":\"EntryPoint\",\"urlTemplate\":\"https:\/\/www.livingstonintl.com\/fr\/?s={search_term_string}\"},\"query-input\":{\"@type\":\"PropertyValueSpecification\",\"valueRequired\":true,\"valueName\":\"search_term_string\"}}],\"inLanguage\":\"fr-FR\"},{\"@type\":\"Organization\",\"@id\":\"https:\/\/www.livingstonintl.com\/fr\/#organization\",\"name\":\"Livingston International\",\"url\":\"https:\/\/www.livingstonintl.com\/fr\/\",\"logo\":{\"@type\":\"ImageObject\",\"inLanguage\":\"fr-FR\",\"@id\":\"https:\/\/www.livingstonintl.com\/fr\/#\/schema\/logo\/image\/\",\"url\":\"https:\/\/cdn.livingstonintl.com\/livingston-content\/uploads\/2022\/09\/12163235\/2022-livingston-fb.jpg\",\"contentUrl\":\"https:\/\/cdn.livingstonintl.com\/livingston-content\/uploads\/2022\/09\/12163235\/2022-livingston-fb.jpg\",\"width\":1200,\"height\":630,\"caption\":\"Livingston International\"},\"image\":{\"@id\":\"https:\/\/www.livingstonintl.com\/fr\/#\/schema\/logo\/image\/\"},\"sameAs\":[\"https:\/\/www.facebook.com\/livingstoninternational\",\"https:\/\/x.com\/livingston_intl\",\"https:\/\/linkedin.com\/company\/livingston-international\"]}]}<\/script>\n<!-- \/ Yoast SEO plugin. -->","yoast_head_json":{"title":"Mises \u00e0 jour r\u00e9glementaires - Livingston International","robots":{"index":"index","follow":"follow","max-snippet":"max-snippet:-1","max-image-preview":"max-image-preview:large","max-video-preview":"max-video-preview:-1"},"canonical":"https:\/\/www.livingstonintl.com\/fr\/gerer-lincertitude-commerciale\/","og_locale":"fr_FR","og_type":"article","og_title":"Mises \u00e0 jour r\u00e9glementaires - Livingston International","og_description":"Le monde du commerce est en changement.L\u2019\u00eate-vous? Les nouvelles zones d\u2019\u00e9changes commerciaux, l\u2019\u00e9volution des accords de libre-\u00e9change et le renforcement des politiques commerciales protectionnistes continuent de cr\u00e9er des occasions et des risques commerciaux. Or, le changement constant ne se traduit pas n\u00e9cessairement par une perturbation constante.","og_url":"https:\/\/www.livingstonintl.com\/fr\/gerer-lincertitude-commerciale\/","og_site_name":"Livingston International","article_publisher":"https:\/\/www.facebook.com\/livingstoninternational","article_modified_time":"2024-09-10T07:58:05+00:00","og_image":[{"width":1920,"height":1080,"url":"https:\/\/cdn.livingstonintl.com\/livingston-content\/uploads\/2021\/03\/11163816\/news-trade-uncertainty.jpg","type":"image\/jpeg"}],"twitter_misc":{"Dur\u00e9e de lecture estim\u00e9e":"4 minutes"},"schema":{"@context":"https:\/\/schema.org","@graph":[{"@type":"WebPage","@id":"https:\/\/www.livingstonintl.com\/fr\/gerer-lincertitude-commerciale\/","url":"https:\/\/www.livingstonintl.com\/fr\/gerer-lincertitude-commerciale\/","name":"Mises \u00e0 jour r\u00e9glementaires - Livingston International","isPartOf":{"@id":"https:\/\/www.livingstonintl.com\/fr\/#website"},"primaryImageOfPage":{"@id":"https:\/\/www.livingstonintl.com\/fr\/gerer-lincertitude-commerciale\/#primaryimage"},"image":{"@id":"https:\/\/www.livingstonintl.com\/fr\/gerer-lincertitude-commerciale\/#primaryimage"},"thumbnailUrl":"https:\/\/cdn.livingstonintl.com\/livingston-content\/uploads\/2021\/03\/11163816\/news-trade-uncertainty.jpg","datePublished":"2018-05-28T15:38:14+00:00","dateModified":"2024-09-10T07:58:05+00:00","breadcrumb":{"@id":"https:\/\/www.livingstonintl.com\/fr\/gerer-lincertitude-commerciale\/#breadcrumb"},"inLanguage":"fr-FR","potentialAction":[{"@type":"ReadAction","target":["https:\/\/www.livingstonintl.com\/fr\/gerer-lincertitude-commerciale\/"]}]},{"@type":"ImageObject","inLanguage":"fr-FR","@id":"https:\/\/www.livingstonintl.com\/fr\/gerer-lincertitude-commerciale\/#primaryimage","url":"https:\/\/cdn.livingstonintl.com\/livingston-content\/uploads\/2021\/03\/11163816\/news-trade-uncertainty.jpg","contentUrl":"https:\/\/cdn.livingstonintl.com\/livingston-content\/uploads\/2021\/03\/11163816\/news-trade-uncertainty.jpg","width":1920,"height":1080},{"@type":"BreadcrumbList","@id":"https:\/\/www.livingstonintl.com\/fr\/gerer-lincertitude-commerciale\/#breadcrumb","itemListElement":[{"@type":"ListItem","position":1,"name":"Accueil","item":"https:\/\/www.livingstonintl.com\/fr\/"},{"@type":"ListItem","position":2,"name":"Mises \u00e0 jour r\u00e9glementaires"}]},{"@type":"WebSite","@id":"https:\/\/www.livingstonintl.com\/fr\/#website","url":"https:\/\/www.livingstonintl.com\/fr\/","name":"Livingston International","description":"Simplify Trade","publisher":{"@id":"https:\/\/www.livingstonintl.com\/fr\/#organization"},"potentialAction":[{"@type":"SearchAction","target":{"@type":"EntryPoint","urlTemplate":"https:\/\/www.livingstonintl.com\/fr\/?s={search_term_string}"},"query-input":{"@type":"PropertyValueSpecification","valueRequired":true,"valueName":"search_term_string"}}],"inLanguage":"fr-FR"},{"@type":"Organization","@id":"https:\/\/www.livingstonintl.com\/fr\/#organization","name":"Livingston International","url":"https:\/\/www.livingstonintl.com\/fr\/","logo":{"@type":"ImageObject","inLanguage":"fr-FR","@id":"https:\/\/www.livingstonintl.com\/fr\/#\/schema\/logo\/image\/","url":"https:\/\/cdn.livingstonintl.com\/livingston-content\/uploads\/2022\/09\/12163235\/2022-livingston-fb.jpg","contentUrl":"https:\/\/cdn.livingstonintl.com\/livingston-content\/uploads\/2022\/09\/12163235\/2022-livingston-fb.jpg","width":1200,"height":630,"caption":"Livingston International"},"image":{"@id":"https:\/\/www.livingstonintl.com\/fr\/#\/schema\/logo\/image\/"},"sameAs":["https:\/\/www.facebook.com\/livingstoninternational","https:\/\/x.com\/livingston_intl","https:\/\/linkedin.com\/company\/livingston-international"]}]}},"_links":{"self":[{"href":"https:\/\/wp.livingstonintl.com\/fr\/wp-json\/wp\/v2\/pages\/42400","targetHints":{"allow":["GET"]}}],"collection":[{"href":"https:\/\/wp.livingstonintl.com\/fr\/wp-json\/wp\/v2\/pages"}],"about":[{"href":"https:\/\/wp.livingstonintl.com\/fr\/wp-json\/wp\/v2\/types\/page"}],"author":[{"embeddable":true,"href":"https:\/\/wp.livingstonintl.com\/fr\/wp-json\/wp\/v2\/users\/45"}],"replies":[{"embeddable":true,"href":"https:\/\/wp.livingstonintl.com\/fr\/wp-json\/wp\/v2\/comments?post=42400"}],"version-history":[{"count":3,"href":"https:\/\/wp.livingstonintl.com\/fr\/wp-json\/wp\/v2\/pages\/42400\/revisions"}],"predecessor-version":[{"id":57434,"href":"https:\/\/wp.livingstonintl.com\/fr\/wp-json\/wp\/v2\/pages\/42400\/revisions\/57434"}],"wp:featuredmedia":[{"embeddable":true,"href":"https:\/\/wp.livingstonintl.com\/fr\/wp-json\/wp\/v2\/media\/53525"}],"wp:attachment":[{"href":"https:\/\/wp.livingstonintl.com\/fr\/wp-json\/wp\/v2\/media?parent=42400"}],"curies":[{"name":"wp","href":"https:\/\/api.w.org\/{rel}","templated":true}]}}