{"id":43849,"date":"2018-09-07T05:05:49","date_gmt":"2018-09-07T09:05:49","guid":{"rendered":"\/?page_id=43849"},"modified":"2022-03-03T13:16:08","modified_gmt":"2022-03-03T18:16:08","slug":"responsabilite-sociale-de-lentreprise","status":"publish","type":"page","link":"https:\/\/www.livingstonintl.com\/fr\/a-propos-de-nous\/responsabilite-sociale-de-lentreprise\/","title":{"rendered":"Responsabilit\u00e9 sociale de l\u2019entreprise"},"content":{"rendered":"\n<p>Livingston a un programme de responsabilit\u00e9 sociale de l\u2019entreprise actif. \u00c9tant donn\u00e9 notre rayonnement mondial et nos cultures diverses, nos associ\u00e9s choisissent de soutenir les organisations qui sont les plus importantes pour eux et leurs collectivit\u00e9s. Gr\u00e2ce aux activit\u00e9s des \u00e9quipes et au b\u00e9n\u00e9volat, nous jouissons d\u2019un lieu de travail positif et d\u00e9veloppons l\u2019exp\u00e9rience et les comp\u00e9tences de nos associ\u00e9s. Nous encourageons l\u2019apprentissage, la croissance et la nouvelle g\u00e9n\u00e9ration d\u2019employ\u00e9s. Livingston travaille activement pour r\u00e9duire son empreinte environnementale pour r\u00e9pondre aux attentes de nos clients qui souhaitent \u00e9tablir un partenariat avec des entreprises respectueuses de l\u2019environnement.<\/p>\n\n\n\n<p><strong>Le programme RSE comporte trois composantes cl\u00e9s :<\/strong><\/p>\n\n\n\n<h2 class=\"wp-block-heading\">Nos collectivit\u00e9s\u2013 Redonner<\/h2>\n\n\n\n<p>Nous encourageons nos associ\u00e9s \u00e0 recueillir des fonds pour des organismes de bienfaisance qui leur importent et Livingston ajoutera un montant \u00e9quivalent \u00e0 ces dons. Livingston peut aussi envisager d\u2019offrir des services de secours en cas de catastrophe dans les collectivit\u00e9s o\u00f9 nos associ\u00e9s sont touch\u00e9s.<\/p>\n\n\n\n<h2 class=\"wp-block-heading\">Nos gens \u2013 Investir dans le futur<\/h2>\n\n\n\n<p>Nous invitons nos associ\u00e9s \u00e0 faire du b\u00e9n\u00e9volat pour soutenir des organismes de bienfaisance. Livingston a \u00e9tabli des bourses dans 15 \u00e9tablissements d\u2019Am\u00e9rique du Nord et en Europe qui offrent des programmes reli\u00e9s au commerce international. Chaque ann\u00e9e, nous offrons 15 bourses suppl\u00e9mentaires pour les enfants des employ\u00e9s de Livingston. Nous avons aussi mis en place un fonds d\u2019urgence pour les employ\u00e9s pour soutenir nos gens quand ils en ont le plus besoin.<\/p>\n\n\n\n<h2 class=\"wp-block-heading\">Notre environnement \u2013 Soutenir le d\u00e9veloppement durable<\/h2>\n\n\n\n<p>Livingston a cr\u00e9\u00e9 un comit\u00e9 de d\u00e9veloppement durable pour soutenir les efforts et les investissements environnementaux continus.<br>Le comit\u00e9 \u00e9largit nos programmes de recyclage actuels, r\u00e9duit l\u2019utilisation du papier par l\u2019automatisation et l\u2019imagerie et rend les emplacements de nos bureaux plus favorables \u00e0 l\u2019environnement durable par une utilisation efficace de l\u2019\u00e9nergie. Nous surveillons notre parc de v\u00e9hicules de transport avec Smartway et passons \u00e0 des moteurs et pneus plus \u00e9conomes d\u2019\u00e9nergie dans la mesure du possible.<\/p>\n\n\n\n<p>En outre, Livingston est fi\u00e8re d\u2019endosser et de soutenir trois organisations d\u2019envergure mondiale : la Croix-Rouge, le Fonds mondial pour la nature et One Tree Planted.<\/p>\n\n\n\n<p>EEn 2021, Livingston a fait des dons d&rsquo;entreprise et a \u00e9gal\u00e9 100% des dons des associ\u00e9s et des efforts de collecte de fonds.<\/p>\n\n\n\n<figure class=\"wp-block-image\"><img decoding=\"async\" src=\"https:\/\/www.livingstonintl.com\/livingston-content\/uploads\/2018\/09\/Itasca-Feed-My-Starving-Children-CSR-event.jpg\" alt=\"Itasca Feed My Starving Children CSR event\" class=\"wp-image-41929\"\/><\/figure>\n","protected":false},"excerpt":{"rendered":"<p>Livingston a un programme de responsabilit\u00e9 sociale de l\u2019entreprise actif. \u00c9tant donn\u00e9 notre rayonnement mondial et nos cultures diverses, nos associ\u00e9s choisissent de soutenir les organisations qui sont les plus importantes pour eux et leurs collectivit\u00e9s. Gr\u00e2ce aux activit\u00e9s des \u00e9quipes et au b\u00e9n\u00e9volat, nous jouissons d\u2019un lieu de travail positif et d\u00e9veloppons l\u2019exp\u00e9rience et<a class=\"excerpt-read-more\" href=\"https:\/\/www.livingstonintl.com\/fr\/a-propos-de-nous\/responsabilite-sociale-de-lentreprise\/\" title=\"ReadResponsabilit\u00e9 sociale de l\u2019entreprise\">&#8230; Read more &raquo;<\/a><\/p>\n","protected":false},"author":45,"featured_media":0,"parent":73,"menu_order":96,"comment_status":"closed","ping_status":"closed","template":"","meta":{"_acf_changed":false,"footnotes":""},"class_list":["post-43849","page","type-page","status-publish","hentry"],"acf":[],"yoast_head":"<!-- This site is optimized with the Yoast SEO plugin v27.2 - https:\/\/yoast.com\/product\/yoast-seo-wordpress\/ -->\n<title>Responsabilit\u00e9 sociale de l\u2019entreprise - Livingston International<\/title>\n<meta name=\"robots\" content=\"index, follow, max-snippet:-1, max-image-preview:large, max-video-preview:-1\" \/>\n<link rel=\"canonical\" href=\"https:\/\/www.livingstonintl.com\/fr\/a-propos-de-nous\/responsabilite-sociale-de-lentreprise\/\" \/>\n<meta property=\"og:locale\" content=\"fr_FR\" \/>\n<meta property=\"og:type\" content=\"article\" \/>\n<meta property=\"og:title\" content=\"Responsabilit\u00e9 sociale de l\u2019entreprise - Livingston International\" \/>\n<meta property=\"og:description\" content=\"Livingston a un programme de responsabilit\u00e9 sociale de l\u2019entreprise actif. \u00c9tant donn\u00e9 notre rayonnement mondial et nos cultures diverses, nos associ\u00e9s choisissent de soutenir les organisations qui sont les plus importantes pour eux et leurs collectivit\u00e9s. Gr\u00e2ce aux activit\u00e9s des \u00e9quipes et au b\u00e9n\u00e9volat, nous jouissons d\u2019un lieu de travail positif et d\u00e9veloppons l\u2019exp\u00e9rience et... Read more &raquo;\" \/>\n<meta property=\"og:url\" content=\"https:\/\/www.livingstonintl.com\/fr\/a-propos-de-nous\/responsabilite-sociale-de-lentreprise\/\" \/>\n<meta property=\"og:site_name\" content=\"Livingston International\" \/>\n<meta property=\"article:publisher\" content=\"https:\/\/www.facebook.com\/livingstoninternational\" \/>\n<meta property=\"article:modified_time\" content=\"2022-03-03T18:16:08+00:00\" \/>\n<meta property=\"og:image\" content=\"https:\/\/www.livingstonintl.com\/livingston-content\/uploads\/2018\/09\/Itasca-Feed-My-Starving-Children-CSR-event.jpg\" \/>\n<meta name=\"twitter:label1\" content=\"Dur\u00e9e de lecture estim\u00e9e\" \/>\n\t<meta name=\"twitter:data1\" content=\"2 minutes\" \/>\n<script type=\"application\/ld+json\" class=\"yoast-schema-graph\">{\"@context\":\"https:\/\/schema.org\",\"@graph\":[{\"@type\":\"WebPage\",\"@id\":\"https:\/\/www.livingstonintl.com\/fr\/a-propos-de-nous\/responsabilite-sociale-de-lentreprise\/\",\"url\":\"https:\/\/www.livingstonintl.com\/fr\/a-propos-de-nous\/responsabilite-sociale-de-lentreprise\/\",\"name\":\"Responsabilit\u00e9 sociale de l\u2019entreprise - Livingston International\",\"isPartOf\":{\"@id\":\"https:\/\/www.livingstonintl.com\/fr\/#website\"},\"primaryImageOfPage\":{\"@id\":\"https:\/\/www.livingstonintl.com\/fr\/a-propos-de-nous\/responsabilite-sociale-de-lentreprise\/#primaryimage\"},\"image\":{\"@id\":\"https:\/\/www.livingstonintl.com\/fr\/a-propos-de-nous\/responsabilite-sociale-de-lentreprise\/#primaryimage\"},\"thumbnailUrl\":\"https:\/\/www.livingstonintl.com\/livingston-content\/uploads\/2018\/09\/Itasca-Feed-My-Starving-Children-CSR-event.jpg\",\"datePublished\":\"2018-09-07T09:05:49+00:00\",\"dateModified\":\"2022-03-03T18:16:08+00:00\",\"breadcrumb\":{\"@id\":\"https:\/\/www.livingstonintl.com\/fr\/a-propos-de-nous\/responsabilite-sociale-de-lentreprise\/#breadcrumb\"},\"inLanguage\":\"fr-FR\",\"potentialAction\":[{\"@type\":\"ReadAction\",\"target\":[\"https:\/\/www.livingstonintl.com\/fr\/a-propos-de-nous\/responsabilite-sociale-de-lentreprise\/\"]}]},{\"@type\":\"ImageObject\",\"inLanguage\":\"fr-FR\",\"@id\":\"https:\/\/www.livingstonintl.com\/fr\/a-propos-de-nous\/responsabilite-sociale-de-lentreprise\/#primaryimage\",\"url\":\"https:\/\/www.livingstonintl.com\/livingston-content\/uploads\/2018\/09\/Itasca-Feed-My-Starving-Children-CSR-event.jpg\",\"contentUrl\":\"https:\/\/www.livingstonintl.com\/livingston-content\/uploads\/2018\/09\/Itasca-Feed-My-Starving-Children-CSR-event.jpg\"},{\"@type\":\"BreadcrumbList\",\"@id\":\"https:\/\/www.livingstonintl.com\/fr\/a-propos-de-nous\/responsabilite-sociale-de-lentreprise\/#breadcrumb\",\"itemListElement\":[{\"@type\":\"ListItem\",\"position\":1,\"name\":\"Accueil\",\"item\":\"https:\/\/www.livingstonintl.com\/fr\/\"},{\"@type\":\"ListItem\",\"position\":2,\"name\":\"\u00c0 propos de nous\",\"item\":\"https:\/\/www.livingstonintl.com\/fr\/a-propos-de-nous\/\"},{\"@type\":\"ListItem\",\"position\":3,\"name\":\"Responsabilit\u00e9 sociale de l\u2019entreprise\"}]},{\"@type\":\"WebSite\",\"@id\":\"https:\/\/www.livingstonintl.com\/fr\/#website\",\"url\":\"https:\/\/www.livingstonintl.com\/fr\/\",\"name\":\"Livingston International\",\"description\":\"Simplify Trade\",\"publisher\":{\"@id\":\"https:\/\/www.livingstonintl.com\/fr\/#organization\"},\"potentialAction\":[{\"@type\":\"SearchAction\",\"target\":{\"@type\":\"EntryPoint\",\"urlTemplate\":\"https:\/\/www.livingstonintl.com\/fr\/?s={search_term_string}\"},\"query-input\":{\"@type\":\"PropertyValueSpecification\",\"valueRequired\":true,\"valueName\":\"search_term_string\"}}],\"inLanguage\":\"fr-FR\"},{\"@type\":\"Organization\",\"@id\":\"https:\/\/www.livingstonintl.com\/fr\/#organization\",\"name\":\"Livingston International\",\"url\":\"https:\/\/www.livingstonintl.com\/fr\/\",\"logo\":{\"@type\":\"ImageObject\",\"inLanguage\":\"fr-FR\",\"@id\":\"https:\/\/www.livingstonintl.com\/fr\/#\/schema\/logo\/image\/\",\"url\":\"https:\/\/cdn.livingstonintl.com\/livingston-content\/uploads\/2022\/09\/12163235\/2022-livingston-fb.jpg\",\"contentUrl\":\"https:\/\/cdn.livingstonintl.com\/livingston-content\/uploads\/2022\/09\/12163235\/2022-livingston-fb.jpg\",\"width\":1200,\"height\":630,\"caption\":\"Livingston International\"},\"image\":{\"@id\":\"https:\/\/www.livingstonintl.com\/fr\/#\/schema\/logo\/image\/\"},\"sameAs\":[\"https:\/\/www.facebook.com\/livingstoninternational\",\"https:\/\/x.com\/livingston_intl\",\"https:\/\/linkedin.com\/company\/livingston-international\"]}]}<\/script>\n<!-- \/ Yoast SEO plugin. -->","yoast_head_json":{"title":"Responsabilit\u00e9 sociale de l\u2019entreprise - Livingston International","robots":{"index":"index","follow":"follow","max-snippet":"max-snippet:-1","max-image-preview":"max-image-preview:large","max-video-preview":"max-video-preview:-1"},"canonical":"https:\/\/www.livingstonintl.com\/fr\/a-propos-de-nous\/responsabilite-sociale-de-lentreprise\/","og_locale":"fr_FR","og_type":"article","og_title":"Responsabilit\u00e9 sociale de l\u2019entreprise - Livingston International","og_description":"Livingston a un programme de responsabilit\u00e9 sociale de l\u2019entreprise actif. \u00c9tant donn\u00e9 notre rayonnement mondial et nos cultures diverses, nos associ\u00e9s choisissent de soutenir les organisations qui sont les plus importantes pour eux et leurs collectivit\u00e9s. Gr\u00e2ce aux activit\u00e9s des \u00e9quipes et au b\u00e9n\u00e9volat, nous jouissons d\u2019un lieu de travail positif et d\u00e9veloppons l\u2019exp\u00e9rience et... Read more &raquo;","og_url":"https:\/\/www.livingstonintl.com\/fr\/a-propos-de-nous\/responsabilite-sociale-de-lentreprise\/","og_site_name":"Livingston International","article_publisher":"https:\/\/www.facebook.com\/livingstoninternational","article_modified_time":"2022-03-03T18:16:08+00:00","og_image":[{"url":"https:\/\/www.livingstonintl.com\/livingston-content\/uploads\/2018\/09\/Itasca-Feed-My-Starving-Children-CSR-event.jpg","type":"","width":"","height":""}],"twitter_misc":{"Dur\u00e9e de lecture estim\u00e9e":"2 minutes"},"schema":{"@context":"https:\/\/schema.org","@graph":[{"@type":"WebPage","@id":"https:\/\/www.livingstonintl.com\/fr\/a-propos-de-nous\/responsabilite-sociale-de-lentreprise\/","url":"https:\/\/www.livingstonintl.com\/fr\/a-propos-de-nous\/responsabilite-sociale-de-lentreprise\/","name":"Responsabilit\u00e9 sociale de l\u2019entreprise - Livingston International","isPartOf":{"@id":"https:\/\/www.livingstonintl.com\/fr\/#website"},"primaryImageOfPage":{"@id":"https:\/\/www.livingstonintl.com\/fr\/a-propos-de-nous\/responsabilite-sociale-de-lentreprise\/#primaryimage"},"image":{"@id":"https:\/\/www.livingstonintl.com\/fr\/a-propos-de-nous\/responsabilite-sociale-de-lentreprise\/#primaryimage"},"thumbnailUrl":"https:\/\/www.livingstonintl.com\/livingston-content\/uploads\/2018\/09\/Itasca-Feed-My-Starving-Children-CSR-event.jpg","datePublished":"2018-09-07T09:05:49+00:00","dateModified":"2022-03-03T18:16:08+00:00","breadcrumb":{"@id":"https:\/\/www.livingstonintl.com\/fr\/a-propos-de-nous\/responsabilite-sociale-de-lentreprise\/#breadcrumb"},"inLanguage":"fr-FR","potentialAction":[{"@type":"ReadAction","target":["https:\/\/www.livingstonintl.com\/fr\/a-propos-de-nous\/responsabilite-sociale-de-lentreprise\/"]}]},{"@type":"ImageObject","inLanguage":"fr-FR","@id":"https:\/\/www.livingstonintl.com\/fr\/a-propos-de-nous\/responsabilite-sociale-de-lentreprise\/#primaryimage","url":"https:\/\/www.livingstonintl.com\/livingston-content\/uploads\/2018\/09\/Itasca-Feed-My-Starving-Children-CSR-event.jpg","contentUrl":"https:\/\/www.livingstonintl.com\/livingston-content\/uploads\/2018\/09\/Itasca-Feed-My-Starving-Children-CSR-event.jpg"},{"@type":"BreadcrumbList","@id":"https:\/\/www.livingstonintl.com\/fr\/a-propos-de-nous\/responsabilite-sociale-de-lentreprise\/#breadcrumb","itemListElement":[{"@type":"ListItem","position":1,"name":"Accueil","item":"https:\/\/www.livingstonintl.com\/fr\/"},{"@type":"ListItem","position":2,"name":"\u00c0 propos de nous","item":"https:\/\/www.livingstonintl.com\/fr\/a-propos-de-nous\/"},{"@type":"ListItem","position":3,"name":"Responsabilit\u00e9 sociale de l\u2019entreprise"}]},{"@type":"WebSite","@id":"https:\/\/www.livingstonintl.com\/fr\/#website","url":"https:\/\/www.livingstonintl.com\/fr\/","name":"Livingston International","description":"Simplify Trade","publisher":{"@id":"https:\/\/www.livingstonintl.com\/fr\/#organization"},"potentialAction":[{"@type":"SearchAction","target":{"@type":"EntryPoint","urlTemplate":"https:\/\/www.livingstonintl.com\/fr\/?s={search_term_string}"},"query-input":{"@type":"PropertyValueSpecification","valueRequired":true,"valueName":"search_term_string"}}],"inLanguage":"fr-FR"},{"@type":"Organization","@id":"https:\/\/www.livingstonintl.com\/fr\/#organization","name":"Livingston International","url":"https:\/\/www.livingstonintl.com\/fr\/","logo":{"@type":"ImageObject","inLanguage":"fr-FR","@id":"https:\/\/www.livingstonintl.com\/fr\/#\/schema\/logo\/image\/","url":"https:\/\/cdn.livingstonintl.com\/livingston-content\/uploads\/2022\/09\/12163235\/2022-livingston-fb.jpg","contentUrl":"https:\/\/cdn.livingstonintl.com\/livingston-content\/uploads\/2022\/09\/12163235\/2022-livingston-fb.jpg","width":1200,"height":630,"caption":"Livingston International"},"image":{"@id":"https:\/\/www.livingstonintl.com\/fr\/#\/schema\/logo\/image\/"},"sameAs":["https:\/\/www.facebook.com\/livingstoninternational","https:\/\/x.com\/livingston_intl","https:\/\/linkedin.com\/company\/livingston-international"]}]}},"_links":{"self":[{"href":"https:\/\/wp.livingstonintl.com\/fr\/wp-json\/wp\/v2\/pages\/43849","targetHints":{"allow":["GET"]}}],"collection":[{"href":"https:\/\/wp.livingstonintl.com\/fr\/wp-json\/wp\/v2\/pages"}],"about":[{"href":"https:\/\/wp.livingstonintl.com\/fr\/wp-json\/wp\/v2\/types\/page"}],"author":[{"embeddable":true,"href":"https:\/\/wp.livingstonintl.com\/fr\/wp-json\/wp\/v2\/users\/45"}],"replies":[{"embeddable":true,"href":"https:\/\/wp.livingstonintl.com\/fr\/wp-json\/wp\/v2\/comments?post=43849"}],"version-history":[{"count":2,"href":"https:\/\/wp.livingstonintl.com\/fr\/wp-json\/wp\/v2\/pages\/43849\/revisions"}],"predecessor-version":[{"id":55989,"href":"https:\/\/wp.livingstonintl.com\/fr\/wp-json\/wp\/v2\/pages\/43849\/revisions\/55989"}],"up":[{"embeddable":true,"href":"https:\/\/wp.livingstonintl.com\/fr\/wp-json\/wp\/v2\/pages\/73"}],"wp:attachment":[{"href":"https:\/\/wp.livingstonintl.com\/fr\/wp-json\/wp\/v2\/media?parent=43849"}],"curies":[{"name":"wp","href":"https:\/\/api.w.org\/{rel}","templated":true}]}}