{"id":46597,"date":"2019-04-02T03:12:22","date_gmt":"2019-04-02T07:12:22","guid":{"rendered":"\/?page_id=46597"},"modified":"2021-07-01T11:21:34","modified_gmt":"2021-07-01T15:21:34","slug":"embarquement-courtage-en-douane-canadienne-importateur-frequent","status":"publish","type":"page","link":"https:\/\/www.livingstonintl.com\/fr\/embarquement-courtage-en-douane-canadienne-importateur-frequent\/","title":{"rendered":"Courtage en douane Canadienne importateur fr\u00e9quent"},"content":{"rendered":"<div class=\"supratitle\">COURTAGE EN DOUANES CANADIENNES<\/div>\n\n\n<h1 class=\"wp-block-heading\"><span class=\"blue\" style=\"display: inline;\">EMBARQUEZ<\/span><span class=\"white\" style=\"display: inline;\">-VOUS<\/span><\/h1>\n\n\n\n<p><b>Bienvenue chez Livingston!<\/b><\/p>\n\n\n\n<p>En tant qu&rsquo;importateur, vous comprenez l&rsquo;importance de d\u00e9douaner rapidement vos marchandises et de r\u00e9duire les risques de conformit\u00e9 r\u00e9glementaire. Pour que cela se produise, nous avons rassembl\u00e9 une s\u00e9rie de documents qui vous aideront lors de votre premi\u00e8re exp\u00e9dition avec Livingston.<\/p>\n","protected":false},"excerpt":{"rendered":"<p>COURTAGE EN DOUANES CANADIENNES EMBARQUEZ-VOUS Bienvenue chez Livingston! En tant qu&rsquo;importateur, vous comprenez l&rsquo;importance de d\u00e9douaner rapidement vos marchandises et de r\u00e9duire les risques de conformit\u00e9 r\u00e9glementaire. Pour que cela se produise, nous avons rassembl\u00e9 une s\u00e9rie de documents qui vous aideront lors de votre premi\u00e8re exp\u00e9dition avec Livingston.<\/p>\n","protected":false},"author":45,"featured_media":0,"parent":0,"menu_order":80,"comment_status":"closed","ping_status":"closed","template":"template-retired\/page-default-tabs.php","meta":{"_acf_changed":false,"footnotes":""},"class_list":["post-46597","page","type-page","status-publish","hentry"],"acf":[],"yoast_head":"<!-- This site is optimized with the Yoast SEO plugin v27.2 - https:\/\/yoast.com\/product\/yoast-seo-wordpress\/ -->\n<title>Courtage en douane Canadienne importateur fr\u00e9quent - Livingston International<\/title>\n<meta name=\"robots\" content=\"index, follow, max-snippet:-1, max-image-preview:large, max-video-preview:-1\" \/>\n<link rel=\"canonical\" href=\"https:\/\/www.livingstonintl.com\/fr\/embarquement-courtage-en-douane-canadienne-importateur-frequent\/\" \/>\n<meta property=\"og:locale\" content=\"fr_FR\" \/>\n<meta property=\"og:type\" content=\"article\" \/>\n<meta property=\"og:title\" content=\"Courtage en douane Canadienne importateur fr\u00e9quent - Livingston International\" \/>\n<meta property=\"og:description\" content=\"COURTAGE EN DOUANES CANADIENNES EMBARQUEZ-VOUS Bienvenue chez Livingston! En tant qu&rsquo;importateur, vous comprenez l&rsquo;importance de d\u00e9douaner rapidement vos marchandises et de r\u00e9duire les risques de conformit\u00e9 r\u00e9glementaire. Pour que cela se produise, nous avons rassembl\u00e9 une s\u00e9rie de documents qui vous aideront lors de votre premi\u00e8re exp\u00e9dition avec Livingston.\" \/>\n<meta property=\"og:url\" content=\"https:\/\/www.livingstonintl.com\/fr\/embarquement-courtage-en-douane-canadienne-importateur-frequent\/\" \/>\n<meta property=\"og:site_name\" content=\"Livingston International\" \/>\n<meta property=\"article:publisher\" content=\"https:\/\/www.facebook.com\/livingstoninternational\" \/>\n<meta property=\"article:modified_time\" content=\"2021-07-01T15:21:34+00:00\" \/>\n<meta property=\"og:image\" content=\"https:\/\/cdn.livingstonintl.com\/livingston-content\/uploads\/2022\/09\/12163235\/2022-livingston-fb.jpg\" \/>\n\t<meta property=\"og:image:width\" content=\"1200\" \/>\n\t<meta property=\"og:image:height\" content=\"630\" \/>\n\t<meta property=\"og:image:type\" content=\"image\/jpeg\" \/>\n<meta name=\"twitter:label1\" content=\"Dur\u00e9e de lecture estim\u00e9e\" \/>\n\t<meta name=\"twitter:data1\" content=\"1 minute\" \/>\n<script type=\"application\/ld+json\" class=\"yoast-schema-graph\">{\"@context\":\"https:\/\/schema.org\",\"@graph\":[{\"@type\":\"WebPage\",\"@id\":\"https:\/\/www.livingstonintl.com\/fr\/embarquement-courtage-en-douane-canadienne-importateur-frequent\/\",\"url\":\"https:\/\/www.livingstonintl.com\/fr\/embarquement-courtage-en-douane-canadienne-importateur-frequent\/\",\"name\":\"Courtage en douane Canadienne importateur fr\u00e9quent - Livingston International\",\"isPartOf\":{\"@id\":\"https:\/\/www.livingstonintl.com\/fr\/#website\"},\"datePublished\":\"2019-04-02T07:12:22+00:00\",\"dateModified\":\"2021-07-01T15:21:34+00:00\",\"breadcrumb\":{\"@id\":\"https:\/\/www.livingstonintl.com\/fr\/embarquement-courtage-en-douane-canadienne-importateur-frequent\/#breadcrumb\"},\"inLanguage\":\"fr-FR\",\"potentialAction\":[{\"@type\":\"ReadAction\",\"target\":[\"https:\/\/www.livingstonintl.com\/fr\/embarquement-courtage-en-douane-canadienne-importateur-frequent\/\"]}]},{\"@type\":\"BreadcrumbList\",\"@id\":\"https:\/\/www.livingstonintl.com\/fr\/embarquement-courtage-en-douane-canadienne-importateur-frequent\/#breadcrumb\",\"itemListElement\":[{\"@type\":\"ListItem\",\"position\":1,\"name\":\"Accueil\",\"item\":\"https:\/\/www.livingstonintl.com\/fr\/\"},{\"@type\":\"ListItem\",\"position\":2,\"name\":\"Courtage en douane Canadienne importateur fr\u00e9quent\"}]},{\"@type\":\"WebSite\",\"@id\":\"https:\/\/www.livingstonintl.com\/fr\/#website\",\"url\":\"https:\/\/www.livingstonintl.com\/fr\/\",\"name\":\"Livingston International\",\"description\":\"Simplify Trade\",\"publisher\":{\"@id\":\"https:\/\/www.livingstonintl.com\/fr\/#organization\"},\"potentialAction\":[{\"@type\":\"SearchAction\",\"target\":{\"@type\":\"EntryPoint\",\"urlTemplate\":\"https:\/\/www.livingstonintl.com\/fr\/?s={search_term_string}\"},\"query-input\":{\"@type\":\"PropertyValueSpecification\",\"valueRequired\":true,\"valueName\":\"search_term_string\"}}],\"inLanguage\":\"fr-FR\"},{\"@type\":\"Organization\",\"@id\":\"https:\/\/www.livingstonintl.com\/fr\/#organization\",\"name\":\"Livingston International\",\"url\":\"https:\/\/www.livingstonintl.com\/fr\/\",\"logo\":{\"@type\":\"ImageObject\",\"inLanguage\":\"fr-FR\",\"@id\":\"https:\/\/www.livingstonintl.com\/fr\/#\/schema\/logo\/image\/\",\"url\":\"https:\/\/cdn.livingstonintl.com\/livingston-content\/uploads\/2022\/09\/12163235\/2022-livingston-fb.jpg\",\"contentUrl\":\"https:\/\/cdn.livingstonintl.com\/livingston-content\/uploads\/2022\/09\/12163235\/2022-livingston-fb.jpg\",\"width\":1200,\"height\":630,\"caption\":\"Livingston International\"},\"image\":{\"@id\":\"https:\/\/www.livingstonintl.com\/fr\/#\/schema\/logo\/image\/\"},\"sameAs\":[\"https:\/\/www.facebook.com\/livingstoninternational\",\"https:\/\/x.com\/livingston_intl\",\"https:\/\/linkedin.com\/company\/livingston-international\"]}]}<\/script>\n<!-- \/ Yoast SEO plugin. -->","yoast_head_json":{"title":"Courtage en douane Canadienne importateur fr\u00e9quent - Livingston International","robots":{"index":"index","follow":"follow","max-snippet":"max-snippet:-1","max-image-preview":"max-image-preview:large","max-video-preview":"max-video-preview:-1"},"canonical":"https:\/\/www.livingstonintl.com\/fr\/embarquement-courtage-en-douane-canadienne-importateur-frequent\/","og_locale":"fr_FR","og_type":"article","og_title":"Courtage en douane Canadienne importateur fr\u00e9quent - Livingston International","og_description":"COURTAGE EN DOUANES CANADIENNES EMBARQUEZ-VOUS Bienvenue chez Livingston! En tant qu&rsquo;importateur, vous comprenez l&rsquo;importance de d\u00e9douaner rapidement vos marchandises et de r\u00e9duire les risques de conformit\u00e9 r\u00e9glementaire. Pour que cela se produise, nous avons rassembl\u00e9 une s\u00e9rie de documents qui vous aideront lors de votre premi\u00e8re exp\u00e9dition avec Livingston.","og_url":"https:\/\/www.livingstonintl.com\/fr\/embarquement-courtage-en-douane-canadienne-importateur-frequent\/","og_site_name":"Livingston International","article_publisher":"https:\/\/www.facebook.com\/livingstoninternational","article_modified_time":"2021-07-01T15:21:34+00:00","og_image":[{"width":1200,"height":630,"url":"https:\/\/cdn.livingstonintl.com\/livingston-content\/uploads\/2022\/09\/12163235\/2022-livingston-fb.jpg","type":"image\/jpeg"}],"twitter_misc":{"Dur\u00e9e de lecture estim\u00e9e":"1 minute"},"schema":{"@context":"https:\/\/schema.org","@graph":[{"@type":"WebPage","@id":"https:\/\/www.livingstonintl.com\/fr\/embarquement-courtage-en-douane-canadienne-importateur-frequent\/","url":"https:\/\/www.livingstonintl.com\/fr\/embarquement-courtage-en-douane-canadienne-importateur-frequent\/","name":"Courtage en douane Canadienne importateur fr\u00e9quent - Livingston International","isPartOf":{"@id":"https:\/\/www.livingstonintl.com\/fr\/#website"},"datePublished":"2019-04-02T07:12:22+00:00","dateModified":"2021-07-01T15:21:34+00:00","breadcrumb":{"@id":"https:\/\/www.livingstonintl.com\/fr\/embarquement-courtage-en-douane-canadienne-importateur-frequent\/#breadcrumb"},"inLanguage":"fr-FR","potentialAction":[{"@type":"ReadAction","target":["https:\/\/www.livingstonintl.com\/fr\/embarquement-courtage-en-douane-canadienne-importateur-frequent\/"]}]},{"@type":"BreadcrumbList","@id":"https:\/\/www.livingstonintl.com\/fr\/embarquement-courtage-en-douane-canadienne-importateur-frequent\/#breadcrumb","itemListElement":[{"@type":"ListItem","position":1,"name":"Accueil","item":"https:\/\/www.livingstonintl.com\/fr\/"},{"@type":"ListItem","position":2,"name":"Courtage en douane Canadienne importateur fr\u00e9quent"}]},{"@type":"WebSite","@id":"https:\/\/www.livingstonintl.com\/fr\/#website","url":"https:\/\/www.livingstonintl.com\/fr\/","name":"Livingston International","description":"Simplify Trade","publisher":{"@id":"https:\/\/www.livingstonintl.com\/fr\/#organization"},"potentialAction":[{"@type":"SearchAction","target":{"@type":"EntryPoint","urlTemplate":"https:\/\/www.livingstonintl.com\/fr\/?s={search_term_string}"},"query-input":{"@type":"PropertyValueSpecification","valueRequired":true,"valueName":"search_term_string"}}],"inLanguage":"fr-FR"},{"@type":"Organization","@id":"https:\/\/www.livingstonintl.com\/fr\/#organization","name":"Livingston International","url":"https:\/\/www.livingstonintl.com\/fr\/","logo":{"@type":"ImageObject","inLanguage":"fr-FR","@id":"https:\/\/www.livingstonintl.com\/fr\/#\/schema\/logo\/image\/","url":"https:\/\/cdn.livingstonintl.com\/livingston-content\/uploads\/2022\/09\/12163235\/2022-livingston-fb.jpg","contentUrl":"https:\/\/cdn.livingstonintl.com\/livingston-content\/uploads\/2022\/09\/12163235\/2022-livingston-fb.jpg","width":1200,"height":630,"caption":"Livingston International"},"image":{"@id":"https:\/\/www.livingstonintl.com\/fr\/#\/schema\/logo\/image\/"},"sameAs":["https:\/\/www.facebook.com\/livingstoninternational","https:\/\/x.com\/livingston_intl","https:\/\/linkedin.com\/company\/livingston-international"]}]}},"_links":{"self":[{"href":"https:\/\/wp.livingstonintl.com\/fr\/wp-json\/wp\/v2\/pages\/46597","targetHints":{"allow":["GET"]}}],"collection":[{"href":"https:\/\/wp.livingstonintl.com\/fr\/wp-json\/wp\/v2\/pages"}],"about":[{"href":"https:\/\/wp.livingstonintl.com\/fr\/wp-json\/wp\/v2\/types\/page"}],"author":[{"embeddable":true,"href":"https:\/\/wp.livingstonintl.com\/fr\/wp-json\/wp\/v2\/users\/45"}],"replies":[{"embeddable":true,"href":"https:\/\/wp.livingstonintl.com\/fr\/wp-json\/wp\/v2\/comments?post=46597"}],"version-history":[{"count":3,"href":"https:\/\/wp.livingstonintl.com\/fr\/wp-json\/wp\/v2\/pages\/46597\/revisions"}],"predecessor-version":[{"id":54281,"href":"https:\/\/wp.livingstonintl.com\/fr\/wp-json\/wp\/v2\/pages\/46597\/revisions\/54281"}],"wp:attachment":[{"href":"https:\/\/wp.livingstonintl.com\/fr\/wp-json\/wp\/v2\/media?parent=46597"}],"curies":[{"name":"wp","href":"https:\/\/api.w.org\/{rel}","templated":true}]}}