{"id":47165,"date":"2019-05-20T06:52:24","date_gmt":"2019-05-20T10:52:24","guid":{"rendered":"\/?page_id=47165"},"modified":"2019-06-10T15:16:25","modified_gmt":"2019-06-10T19:16:25","slug":"demande-de-service-la-clientele","status":"publish","type":"page","link":"https:\/\/www.livingstonintl.com\/fr\/demande-de-service-la-clientele\/","title":{"rendered":"Demande de service \u00e0 la client\u00e8le"},"content":{"rendered":"<p>    <script src=\"https:\/\/www.google.com\/recaptcha\/api.js?hl=fr\" async defer><\/script><br \/>\n    <script>\n        function timestamp() { var response = document.getElementById(\"g-recaptcha-response\"); if (response == null || response.value.trim() == \"\") {var elems = JSON.parse(document.getElementsByName(\"captcha_settings\")[0].value);elems[\"ts\"] = JSON.stringify(new Date().getTime());document.getElementsByName(\"captcha_settings\")[0].value = JSON.stringify(elems); } } setInterval(timestamp, 500); \n    <\/script><\/p>\n<p>    <!-- form --><\/p>\n<div id=\"form-holder\">\n<p class=\"large\">\n\t\t\tPour commencer, remplissez le formulaire ci-dessous et un repr\u00e9sentant de Livingston vous contactera sous peu.\n\t\t<\/p>\n<p class='submit-error'>Un probl\u00e8me est survenu lors de l&rsquo;envoi de votre demande. Veuillez r\u00e9essayer&#8230;<\/p>\n<p>\t\t<!-- All fields are submitted to URL specified in form action. Fields with 'form-field' class is processed with javascript. --><\/p>\n<form id=\"livingston-form\" action=\"https:\/\/webto.salesforce.com\/servlet\/servlet.WebToCase?encoding=UTF-8\" method=\"POST\">\n<p>            <input type=hidden name='captcha_settings' value='{\"keyname\":\"webinquiry\",\"fallback\":\"true\",\"orgId\":\"00D60000000J7iW\",\"ts\":\"\"}'><br \/>\n\t\t\t<input type=\"hidden\" name=\"orgid\" value=\"00D60000000J7iW\"><br \/>\n\t\t\t<input type=\"hidden\" name=\"retURL\" value=\"\/\"><br \/>\n\t\t\t<input type=\"hidden\" id=\"external\" name=\"external\" value=\"1\" \/><br \/>\n\t\t\t<input type=\"hidden\" id=\"recordType\" name=\"recordType\" value=\"0120d000000Dxhn\"><br \/>\n\t\t\t<input type=\"hidden\" id=\"status\" name=\"status\" value=\"New\" \/><\/p>\n<div class=\"form-field-holder\">\n\t\t\t\t<label for=\"name\">Votre nom<\/label><br \/>\n\t\t\t\t<input id=\"name\" class=\"form-field form-check\" maxlength=\"80\" name=\"name\" size=\"20\" type=\"text\" \/><br \/>\n\t\t\t\t<span class=\"errormsg\">S&rsquo;il vous pla\u00eet fournir un nom valide.<\/span>\n\t\t\t<\/div>\n<div class=\"form-field-holder\">\n\t\t\t\t<label for=\"company\">Nom de l\u2019entreprise<\/label><br \/>\n\t\t\t\t<input id=\"company\" class=\"form-field form-check\" maxlength=\"80\" name=\"company\" size=\"20\" type=\"text\" \/><br \/>\n\t\t\t\t<span class=\"errormsg\">S&rsquo;il vous pla\u00eet fournir votre entreprise.<\/span>\n\t\t\t<\/div>\n<div class=\"form-field-holder\">\n\t\t\t\t<label for=\"email\">Courriel<\/label><br \/>\n\t\t\t\t<input id=\"email\" class=\"form-field form-check form-check-email\" maxlength=\"80\" name=\"email\" size=\"20\" type=\"text\" \/><br \/>\n\t\t\t\t<span class=\"errormsg\">Veuillez fournir une adresse courriel valide.<\/span>\n\t\t\t<\/div>\n<div class=\"form-field-holder\">\n\t\t\t\t<label for=\"phone\">T\u00e9l\u00e9phone<\/label><br \/>\n\t\t\t\t<input id=\"phone\" class=\"form-field form-check form-check-phone\" maxlength=\"40\" name=\"phone\" size=\"20\" type=\"text\" \/><br \/>\n\t\t\t\t<span class=\"errormsg\">Veuillez fournir un num\u00e9ro de t\u00e9l\u00e9phone valide.<\/span>\n\t\t\t<\/div>\n<div class=\"form-field-holder\">\n\t\t\t\t<label for=\"subject\">Sujet<\/label><br \/>\n\t\t\t\t<input id=\"subject\" class=\"form-field form-check\" maxlength=\"80\" name=\"subject\" size=\"20\" type=\"text\" \/><br \/>\n\t\t\t\t<span class=\"errormsg\">S&rsquo;il vous pla\u00eet fournir un sujet.<\/span>\n\t\t\t<\/div>\n<div class=\"form-field-holder\">\n\t\t\t\t<label for=\"description\">Comment pouvons-nous vous aider ?<\/label><br \/>\n\t\t\t\t<textarea name=\"description\"><\/textarea>\n\t\t\t<\/div>\n<div class=\"form-field-holder\">\n\t\t\t\t<label for=\"00N0d000003CZVK\">O\u00f9 exp\u00e9diez-vous ?<\/label><br \/>\n\t\t\t\t<select  id=\"00N0d000003CZVK\" name=\"00N0d000003CZVK\" title=\"Web To Case Country\"><option value=\"\">&#8211;les choix sont&#8211;<\/option><option value=\"Canada\">Canada<\/option><option value=\"US\">\u00c9tats-Unis<\/option><\/select>\n\t\t\t<\/div>\n<div class=\"form-field-holder\">\n\t\t\t\t<label for=\"00N600000027Urr\">Num\u00e9ro de facture :<\/label><br \/>\n\t\t\t\t<input id=\"00N600000027Urr\" maxlength=\"255\" name=\"00N600000027Urr\" size=\"20\" type=\"text\" \/>\n\t\t\t<\/div>\n<div class=\"form-field-holder\">\n\t\t\t\t<label for=\"00N600000027WmJ\">B3\/ num\u00e9ro de l\u2019entr\u00e9e :<\/label><br \/>\n\t\t\t\t<input id=\"00N600000027WmJ\" maxlength=\"80\" name=\"00N600000027WmJ\" size=\"20\" type=\"text\" \/>\n\t\t\t<\/div>\n<div class=\"form-field-holder\">\n\t\t\t\t<label for=\"00N0d000003CXHa\">Num\u00e9ro de client (si connu) :<\/label><br \/>\n\t\t\t\t<input  id=\"00N0d000003CXHa\" maxlength=\"6\" name=\"00N0d000003CXHa\" size=\"20\" type=\"text\" \/>\n            <\/div>\n<div class=\"form-field-holder\">\n<div class=\"g-recaptcha\" data-sitekey=\"6LcgDaYUAAAAAEMG6NCbLfm1JSy_bUUJX_HQFItv\" data-callback=\"verifyCaptcha\"><\/div>\n<p>\n            <\/div>\n<p>            <button id=\"livingston-form-submit\" type=\"button\" class=\"\">Soumettre<\/button><br \/>\n\t\t<\/form>\n<\/p><\/div>\n<p>\t<!-- \/ form --><\/p>\n<p>\t<!-- form loading --><\/p>\n<div id=\"form-loading\">\n<h3 class=\"widget-title\">Veuillez patienter&#8230;<\/h3>\n<\/p><\/div>\n<p>\t<!-- form thankyou --><\/p>\n<div id=\"form-thankyou\">\n<h3 class=\"widget-title\">Merci!<\/h3>\n<p>Nous avons re\u00e7u votre demande et nous vous contacterons sous peu.<\/p>\n<\/p><\/div>\n<p>    <script>\n        \/\/ disable submit button\n        jQuery('#livingston-form-submit').css('opacity',0.5);\n        jQuery('#livingston-form-submit').prop(\"disabled\", true);\n        \/\/ enable submit if CAPTCHA completed\n        var verifyCaptcha = function(response) {\n            if (response !== '') {\n                jQuery('#livingston-form-submit').css('opacity',1);\n                jQuery('#livingston-form-submit').prop(\"disabled\", false);\n            }\n        };\n    <\/script><\/p>\n","protected":false},"excerpt":{"rendered":"<p>Pour commencer, remplissez le formulaire ci-dessous et un repr\u00e9sentant de Livingston vous contactera sous peu. Un probl\u00e8me est survenu lors de l&rsquo;envoi de votre demande. Veuillez r\u00e9essayer&#8230; Votre nom S&rsquo;il vous pla\u00eet fournir un nom valide. Nom de l\u2019entreprise S&rsquo;il vous pla\u00eet fournir votre entreprise. Courriel Veuillez fournir une adresse courriel valide. T\u00e9l\u00e9phone Veuillez fournir<a class=\"excerpt-read-more\" href=\"https:\/\/www.livingstonintl.com\/fr\/demande-de-service-la-clientele\/\" title=\"ReadDemande de service \u00e0 la client\u00e8le\">&#8230; Read more &raquo;<\/a><\/p>\n","protected":false},"author":45,"featured_media":0,"parent":0,"menu_order":100,"comment_status":"closed","ping_status":"closed","template":"template-retired\/page-client-service-inquiry.php","meta":{"_acf_changed":false,"footnotes":""},"class_list":["post-47165","page","type-page","status-publish","hentry"],"acf":[],"yoast_head":"<!-- This site is optimized with the Yoast SEO plugin v27.2 - https:\/\/yoast.com\/product\/yoast-seo-wordpress\/ -->\n<title>Demande de service \u00e0 la client\u00e8le - Livingston International<\/title>\n<meta name=\"robots\" content=\"noindex, nofollow\" \/>\n<meta property=\"og:locale\" content=\"fr_FR\" \/>\n<meta property=\"og:type\" content=\"article\" \/>\n<meta property=\"og:title\" content=\"Demande de service \u00e0 la client\u00e8le - Livingston International\" \/>\n<meta property=\"og:description\" content=\"Pour commencer, remplissez le formulaire ci-dessous et un repr\u00e9sentant de Livingston vous contactera sous peu. Un probl\u00e8me est survenu lors de l&rsquo;envoi de votre demande. Veuillez r\u00e9essayer&#8230; Votre nom S&rsquo;il vous pla\u00eet fournir un nom valide. Nom de l\u2019entreprise S&rsquo;il vous pla\u00eet fournir votre entreprise. Courriel Veuillez fournir une adresse courriel valide. T\u00e9l\u00e9phone Veuillez fournir... Read more &raquo;\" \/>\n<meta property=\"og:url\" content=\"https:\/\/www.livingstonintl.com\/fr\/demande-de-service-la-clientele\/\" \/>\n<meta property=\"og:site_name\" content=\"Livingston International\" \/>\n<meta property=\"article:publisher\" content=\"https:\/\/www.facebook.com\/livingstoninternational\" \/>\n<meta property=\"article:modified_time\" content=\"2019-06-10T19:16:25+00:00\" \/>\n<meta property=\"og:image\" content=\"https:\/\/cdn.livingstonintl.com\/livingston-content\/uploads\/2022\/09\/12163235\/2022-livingston-fb.jpg\" \/>\n\t<meta property=\"og:image:width\" content=\"1200\" \/>\n\t<meta property=\"og:image:height\" content=\"630\" \/>\n\t<meta property=\"og:image:type\" content=\"image\/jpeg\" \/>\n<meta name=\"twitter:label1\" content=\"Dur\u00e9e de lecture estim\u00e9e\" \/>\n\t<meta name=\"twitter:data1\" content=\"1 minute\" \/>\n<script type=\"application\/ld+json\" class=\"yoast-schema-graph\">{\"@context\":\"https:\/\/schema.org\",\"@graph\":[{\"@type\":\"WebPage\",\"@id\":\"https:\/\/www.livingstonintl.com\/fr\/demande-de-service-la-clientele\/\",\"url\":\"https:\/\/www.livingstonintl.com\/fr\/demande-de-service-la-clientele\/\",\"name\":\"Demande de service \u00e0 la client\u00e8le - Livingston International\",\"isPartOf\":{\"@id\":\"https:\/\/www.livingstonintl.com\/fr\/#website\"},\"datePublished\":\"2019-05-20T10:52:24+00:00\",\"dateModified\":\"2019-06-10T19:16:25+00:00\",\"breadcrumb\":{\"@id\":\"https:\/\/www.livingstonintl.com\/fr\/demande-de-service-la-clientele\/#breadcrumb\"},\"inLanguage\":\"fr-FR\",\"potentialAction\":[{\"@type\":\"ReadAction\",\"target\":[\"https:\/\/www.livingstonintl.com\/fr\/demande-de-service-la-clientele\/\"]}]},{\"@type\":\"BreadcrumbList\",\"@id\":\"https:\/\/www.livingstonintl.com\/fr\/demande-de-service-la-clientele\/#breadcrumb\",\"itemListElement\":[{\"@type\":\"ListItem\",\"position\":1,\"name\":\"Accueil\",\"item\":\"https:\/\/www.livingstonintl.com\/fr\/\"},{\"@type\":\"ListItem\",\"position\":2,\"name\":\"Demande de service \u00e0 la client\u00e8le\"}]},{\"@type\":\"WebSite\",\"@id\":\"https:\/\/www.livingstonintl.com\/fr\/#website\",\"url\":\"https:\/\/www.livingstonintl.com\/fr\/\",\"name\":\"Livingston International\",\"description\":\"Simplify Trade\",\"publisher\":{\"@id\":\"https:\/\/www.livingstonintl.com\/fr\/#organization\"},\"potentialAction\":[{\"@type\":\"SearchAction\",\"target\":{\"@type\":\"EntryPoint\",\"urlTemplate\":\"https:\/\/www.livingstonintl.com\/fr\/?s={search_term_string}\"},\"query-input\":{\"@type\":\"PropertyValueSpecification\",\"valueRequired\":true,\"valueName\":\"search_term_string\"}}],\"inLanguage\":\"fr-FR\"},{\"@type\":\"Organization\",\"@id\":\"https:\/\/www.livingstonintl.com\/fr\/#organization\",\"name\":\"Livingston International\",\"url\":\"https:\/\/www.livingstonintl.com\/fr\/\",\"logo\":{\"@type\":\"ImageObject\",\"inLanguage\":\"fr-FR\",\"@id\":\"https:\/\/www.livingstonintl.com\/fr\/#\/schema\/logo\/image\/\",\"url\":\"https:\/\/cdn.livingstonintl.com\/livingston-content\/uploads\/2022\/09\/12163235\/2022-livingston-fb.jpg\",\"contentUrl\":\"https:\/\/cdn.livingstonintl.com\/livingston-content\/uploads\/2022\/09\/12163235\/2022-livingston-fb.jpg\",\"width\":1200,\"height\":630,\"caption\":\"Livingston International\"},\"image\":{\"@id\":\"https:\/\/www.livingstonintl.com\/fr\/#\/schema\/logo\/image\/\"},\"sameAs\":[\"https:\/\/www.facebook.com\/livingstoninternational\",\"https:\/\/x.com\/livingston_intl\",\"https:\/\/linkedin.com\/company\/livingston-international\"]}]}<\/script>\n<!-- \/ Yoast SEO plugin. -->","yoast_head_json":{"title":"Demande de service \u00e0 la client\u00e8le - Livingston International","robots":{"index":"noindex","follow":"nofollow"},"og_locale":"fr_FR","og_type":"article","og_title":"Demande de service \u00e0 la client\u00e8le - Livingston International","og_description":"Pour commencer, remplissez le formulaire ci-dessous et un repr\u00e9sentant de Livingston vous contactera sous peu. Un probl\u00e8me est survenu lors de l&rsquo;envoi de votre demande. Veuillez r\u00e9essayer&#8230; Votre nom S&rsquo;il vous pla\u00eet fournir un nom valide. Nom de l\u2019entreprise S&rsquo;il vous pla\u00eet fournir votre entreprise. Courriel Veuillez fournir une adresse courriel valide. T\u00e9l\u00e9phone Veuillez fournir... Read more &raquo;","og_url":"https:\/\/www.livingstonintl.com\/fr\/demande-de-service-la-clientele\/","og_site_name":"Livingston International","article_publisher":"https:\/\/www.facebook.com\/livingstoninternational","article_modified_time":"2019-06-10T19:16:25+00:00","og_image":[{"width":1200,"height":630,"url":"https:\/\/cdn.livingstonintl.com\/livingston-content\/uploads\/2022\/09\/12163235\/2022-livingston-fb.jpg","type":"image\/jpeg"}],"twitter_misc":{"Dur\u00e9e de lecture estim\u00e9e":"1 minute"},"schema":{"@context":"https:\/\/schema.org","@graph":[{"@type":"WebPage","@id":"https:\/\/www.livingstonintl.com\/fr\/demande-de-service-la-clientele\/","url":"https:\/\/www.livingstonintl.com\/fr\/demande-de-service-la-clientele\/","name":"Demande de service \u00e0 la client\u00e8le - Livingston International","isPartOf":{"@id":"https:\/\/www.livingstonintl.com\/fr\/#website"},"datePublished":"2019-05-20T10:52:24+00:00","dateModified":"2019-06-10T19:16:25+00:00","breadcrumb":{"@id":"https:\/\/www.livingstonintl.com\/fr\/demande-de-service-la-clientele\/#breadcrumb"},"inLanguage":"fr-FR","potentialAction":[{"@type":"ReadAction","target":["https:\/\/www.livingstonintl.com\/fr\/demande-de-service-la-clientele\/"]}]},{"@type":"BreadcrumbList","@id":"https:\/\/www.livingstonintl.com\/fr\/demande-de-service-la-clientele\/#breadcrumb","itemListElement":[{"@type":"ListItem","position":1,"name":"Accueil","item":"https:\/\/www.livingstonintl.com\/fr\/"},{"@type":"ListItem","position":2,"name":"Demande de service \u00e0 la client\u00e8le"}]},{"@type":"WebSite","@id":"https:\/\/www.livingstonintl.com\/fr\/#website","url":"https:\/\/www.livingstonintl.com\/fr\/","name":"Livingston International","description":"Simplify Trade","publisher":{"@id":"https:\/\/www.livingstonintl.com\/fr\/#organization"},"potentialAction":[{"@type":"SearchAction","target":{"@type":"EntryPoint","urlTemplate":"https:\/\/www.livingstonintl.com\/fr\/?s={search_term_string}"},"query-input":{"@type":"PropertyValueSpecification","valueRequired":true,"valueName":"search_term_string"}}],"inLanguage":"fr-FR"},{"@type":"Organization","@id":"https:\/\/www.livingstonintl.com\/fr\/#organization","name":"Livingston International","url":"https:\/\/www.livingstonintl.com\/fr\/","logo":{"@type":"ImageObject","inLanguage":"fr-FR","@id":"https:\/\/www.livingstonintl.com\/fr\/#\/schema\/logo\/image\/","url":"https:\/\/cdn.livingstonintl.com\/livingston-content\/uploads\/2022\/09\/12163235\/2022-livingston-fb.jpg","contentUrl":"https:\/\/cdn.livingstonintl.com\/livingston-content\/uploads\/2022\/09\/12163235\/2022-livingston-fb.jpg","width":1200,"height":630,"caption":"Livingston International"},"image":{"@id":"https:\/\/www.livingstonintl.com\/fr\/#\/schema\/logo\/image\/"},"sameAs":["https:\/\/www.facebook.com\/livingstoninternational","https:\/\/x.com\/livingston_intl","https:\/\/linkedin.com\/company\/livingston-international"]}]}},"_links":{"self":[{"href":"https:\/\/wp.livingstonintl.com\/fr\/wp-json\/wp\/v2\/pages\/47165","targetHints":{"allow":["GET"]}}],"collection":[{"href":"https:\/\/wp.livingstonintl.com\/fr\/wp-json\/wp\/v2\/pages"}],"about":[{"href":"https:\/\/wp.livingstonintl.com\/fr\/wp-json\/wp\/v2\/types\/page"}],"author":[{"embeddable":true,"href":"https:\/\/wp.livingstonintl.com\/fr\/wp-json\/wp\/v2\/users\/45"}],"replies":[{"embeddable":true,"href":"https:\/\/wp.livingstonintl.com\/fr\/wp-json\/wp\/v2\/comments?post=47165"}],"version-history":[{"count":0,"href":"https:\/\/wp.livingstonintl.com\/fr\/wp-json\/wp\/v2\/pages\/47165\/revisions"}],"wp:attachment":[{"href":"https:\/\/wp.livingstonintl.com\/fr\/wp-json\/wp\/v2\/media?parent=47165"}],"curies":[{"name":"wp","href":"https:\/\/api.w.org\/{rel}","templated":true}]}}