{"id":47899,"date":"2019-07-31T17:08:14","date_gmt":"2019-07-31T21:08:14","guid":{"rendered":"\/a-propos-de-nous\/executive-team\/michael-wilder\/"},"modified":"2024-08-21T10:01:24","modified_gmt":"2024-08-21T14:01:24","slug":"michael-wilder","status":"publish","type":"page","link":"https:\/\/www.livingstonintl.com\/fr\/a-propos-de-nous\/executive-team\/michael-wilder\/","title":{"rendered":"Michael Wilder"},"content":{"rendered":"<h3 class=\"wp-block-heading\">Vice-pr\u00e9sident principal<br \/>\n<span style=\"font-size: 0.7em; color: #7d8e9f;\">Solutions de gestion du commerce<\/span><\/h3>\n<p>Michael s\u2019est joint \u00e0 Livingston en f\u00e9vrier\u00a02018, amenant avec lui 30\u00a0ans d\u2019expertise en gestion du commerce mondial, dont le contr\u00f4le interne, la v\u00e9rification et la gestion des risques. Depuis son arriv\u00e9e chez Livingston, Michael a concentr\u00e9 ses efforts dans le but d\u2019aider de grandes entreprises multinationales \u00e0 minimiser les risques li\u00e9s \u00e0 la conformit\u00e9 r\u00e9glementaire, \u00e0 r\u00e9duire la friction dans la cha\u00eene d\u2019approvisionnement et \u00e0 tirer profit de programmes l\u00e9gaux d\u2019exon\u00e9ration des droits de douane pour r\u00e9duire les co\u00fbts d\u2019importation. Il a jou\u00e9 un r\u00f4le de soutien important pour ces entreprises en aidant \u00e0 la prise de d\u00e9cisions strat\u00e9giques pour la cha\u00eene d\u2019approvisionnement durant une p\u00e9riode d\u2019instabilit\u00e9 du commerce mondial.<\/p>\n<p>Avant de se joindre \u00e0 Livingston, Michael a occup\u00e9 une vari\u00e9t\u00e9 de postes de haute direction, y compris ceux de vice-pr\u00e9sident d\u2019un important cabinet de conseil en commerce international et de directeur r\u00e9gional des douanes pour une entreprise de technologie automobile.<\/p>\n<p>Michael est un expert-comptable certifi\u00e9 (Certified Public Accountant, CPA) et d\u00e9tient un baccalaur\u00e9at en administration des affaires de l\u2019Universit\u00e9 du Texas et une ma\u00eetrise en administration des affaires de l\u2019universit\u00e9 du Michigan.<\/p>\n","protected":false},"excerpt":{"rendered":"<p>Vice-pr\u00e9sident principal Solutions de gestion du commerce Michael s\u2019est joint \u00e0 Livingston en f\u00e9vrier\u00a02018, amenant avec lui 30\u00a0ans d\u2019expertise en gestion du commerce mondial, dont le contr\u00f4le interne, la v\u00e9rification et la gestion des risques. Depuis son arriv\u00e9e chez Livingston, Michael a concentr\u00e9 ses efforts dans le but d\u2019aider de grandes entreprises multinationales \u00e0 minimiser<a class=\"excerpt-read-more\" href=\"https:\/\/www.livingstonintl.com\/fr\/a-propos-de-nous\/executive-team\/michael-wilder\/\" title=\"ReadMichael Wilder\">&#8230; Read more &raquo;<\/a><\/p>\n","protected":false},"author":36,"featured_media":0,"parent":354,"menu_order":51,"comment_status":"closed","ping_status":"closed","template":"template-page\/page-minimal.php","meta":{"_acf_changed":false,"footnotes":""},"class_list":["post-47899","page","type-page","status-publish","hentry"],"acf":[],"yoast_head":"<!-- This site is optimized with the Yoast SEO plugin v27.1.1 - https:\/\/yoast.com\/product\/yoast-seo-wordpress\/ -->\n<title>Michael Wilder - Livingston International<\/title>\n<meta name=\"description\" content=\"Michael s\u2019est joint \u00e0 Livingston en f\u00e9vrier\u00a02018, amenant avec lui 30\u00a0ans d\u2019expertise en gestion du commerce mondial, dont le contr\u00f4le interne, la v\u00e9rification et la gestion des risques.\" \/>\n<meta name=\"robots\" content=\"index, follow, max-snippet:-1, max-image-preview:large, max-video-preview:-1\" \/>\n<link rel=\"canonical\" href=\"https:\/\/www.livingstonintl.com\/fr\/a-propos-de-nous\/executive-team\/michael-wilder\/\" \/>\n<meta property=\"og:locale\" content=\"fr_FR\" \/>\n<meta property=\"og:type\" content=\"article\" \/>\n<meta property=\"og:title\" content=\"Michael Wilder - Livingston International\" \/>\n<meta property=\"og:description\" content=\"Michael s\u2019est joint \u00e0 Livingston en f\u00e9vrier\u00a02018, amenant avec lui 30\u00a0ans d\u2019expertise en gestion du commerce mondial, dont le contr\u00f4le interne, la v\u00e9rification et la gestion des risques.\" \/>\n<meta property=\"og:url\" content=\"https:\/\/www.livingstonintl.com\/fr\/a-propos-de-nous\/executive-team\/michael-wilder\/\" \/>\n<meta property=\"og:site_name\" content=\"Livingston International\" \/>\n<meta property=\"article:publisher\" content=\"https:\/\/www.facebook.com\/livingstoninternational\" \/>\n<meta property=\"article:modified_time\" content=\"2024-08-21T14:01:24+00:00\" \/>\n<meta property=\"og:image\" content=\"https:\/\/cdn.livingstonintl.com\/livingston-content\/uploads\/2022\/09\/12163235\/2022-livingston-fb.jpg\" \/>\n\t<meta property=\"og:image:width\" content=\"1200\" \/>\n\t<meta property=\"og:image:height\" content=\"630\" \/>\n\t<meta property=\"og:image:type\" content=\"image\/jpeg\" \/>\n<meta name=\"twitter:label1\" content=\"Dur\u00e9e de lecture estim\u00e9e\" \/>\n\t<meta name=\"twitter:data1\" content=\"1 minute\" \/>\n<script type=\"application\/ld+json\" class=\"yoast-schema-graph\">{\"@context\":\"https:\/\/schema.org\",\"@graph\":[{\"@type\":\"WebPage\",\"@id\":\"https:\/\/www.livingstonintl.com\/fr\/a-propos-de-nous\/executive-team\/michael-wilder\/\",\"url\":\"https:\/\/www.livingstonintl.com\/fr\/a-propos-de-nous\/executive-team\/michael-wilder\/\",\"name\":\"Michael Wilder - Livingston International\",\"isPartOf\":{\"@id\":\"https:\/\/www.livingstonintl.com\/fr\/#website\"},\"datePublished\":\"2019-07-31T21:08:14+00:00\",\"dateModified\":\"2024-08-21T14:01:24+00:00\",\"description\":\"Michael s\u2019est joint \u00e0 Livingston en f\u00e9vrier\u00a02018, amenant avec lui 30\u00a0ans d\u2019expertise en gestion du commerce mondial, dont le contr\u00f4le interne, la v\u00e9rification et la gestion des risques.\",\"breadcrumb\":{\"@id\":\"https:\/\/www.livingstonintl.com\/fr\/a-propos-de-nous\/executive-team\/michael-wilder\/#breadcrumb\"},\"inLanguage\":\"fr-FR\",\"potentialAction\":[{\"@type\":\"ReadAction\",\"target\":[\"https:\/\/www.livingstonintl.com\/fr\/a-propos-de-nous\/executive-team\/michael-wilder\/\"]}]},{\"@type\":\"BreadcrumbList\",\"@id\":\"https:\/\/www.livingstonintl.com\/fr\/a-propos-de-nous\/executive-team\/michael-wilder\/#breadcrumb\",\"itemListElement\":[{\"@type\":\"ListItem\",\"position\":1,\"name\":\"Accueil\",\"item\":\"https:\/\/www.livingstonintl.com\/fr\/\"},{\"@type\":\"ListItem\",\"position\":2,\"name\":\"\u00c0 propos de nous\",\"item\":\"https:\/\/www.livingstonintl.com\/fr\/a-propos-de-nous\/\"},{\"@type\":\"ListItem\",\"position\":3,\"name\":\"Direction\",\"item\":\"https:\/\/www.livingstonintl.com\/fr\/a-propos-de-nous\/executive-team\/\"},{\"@type\":\"ListItem\",\"position\":4,\"name\":\"Michael Wilder\"}]},{\"@type\":\"WebSite\",\"@id\":\"https:\/\/www.livingstonintl.com\/fr\/#website\",\"url\":\"https:\/\/www.livingstonintl.com\/fr\/\",\"name\":\"Livingston International\",\"description\":\"Simplify Trade\",\"publisher\":{\"@id\":\"https:\/\/www.livingstonintl.com\/fr\/#organization\"},\"potentialAction\":[{\"@type\":\"SearchAction\",\"target\":{\"@type\":\"EntryPoint\",\"urlTemplate\":\"https:\/\/www.livingstonintl.com\/fr\/?s={search_term_string}\"},\"query-input\":{\"@type\":\"PropertyValueSpecification\",\"valueRequired\":true,\"valueName\":\"search_term_string\"}}],\"inLanguage\":\"fr-FR\"},{\"@type\":\"Organization\",\"@id\":\"https:\/\/www.livingstonintl.com\/fr\/#organization\",\"name\":\"Livingston International\",\"url\":\"https:\/\/www.livingstonintl.com\/fr\/\",\"logo\":{\"@type\":\"ImageObject\",\"inLanguage\":\"fr-FR\",\"@id\":\"https:\/\/www.livingstonintl.com\/fr\/#\/schema\/logo\/image\/\",\"url\":\"https:\/\/cdn.livingstonintl.com\/livingston-content\/uploads\/2022\/09\/12163235\/2022-livingston-fb.jpg\",\"contentUrl\":\"https:\/\/cdn.livingstonintl.com\/livingston-content\/uploads\/2022\/09\/12163235\/2022-livingston-fb.jpg\",\"width\":1200,\"height\":630,\"caption\":\"Livingston International\"},\"image\":{\"@id\":\"https:\/\/www.livingstonintl.com\/fr\/#\/schema\/logo\/image\/\"},\"sameAs\":[\"https:\/\/www.facebook.com\/livingstoninternational\",\"https:\/\/x.com\/livingston_intl\",\"https:\/\/linkedin.com\/company\/livingston-international\"]}]}<\/script>\n<!-- \/ Yoast SEO plugin. -->","yoast_head_json":{"title":"Michael Wilder - Livingston International","description":"Michael s\u2019est joint \u00e0 Livingston en f\u00e9vrier\u00a02018, amenant avec lui 30\u00a0ans d\u2019expertise en gestion du commerce mondial, dont le contr\u00f4le interne, la v\u00e9rification et la gestion des risques.","robots":{"index":"index","follow":"follow","max-snippet":"max-snippet:-1","max-image-preview":"max-image-preview:large","max-video-preview":"max-video-preview:-1"},"canonical":"https:\/\/www.livingstonintl.com\/fr\/a-propos-de-nous\/executive-team\/michael-wilder\/","og_locale":"fr_FR","og_type":"article","og_title":"Michael Wilder - Livingston International","og_description":"Michael s\u2019est joint \u00e0 Livingston en f\u00e9vrier\u00a02018, amenant avec lui 30\u00a0ans d\u2019expertise en gestion du commerce mondial, dont le contr\u00f4le interne, la v\u00e9rification et la gestion des risques.","og_url":"https:\/\/www.livingstonintl.com\/fr\/a-propos-de-nous\/executive-team\/michael-wilder\/","og_site_name":"Livingston International","article_publisher":"https:\/\/www.facebook.com\/livingstoninternational","article_modified_time":"2024-08-21T14:01:24+00:00","og_image":[{"width":1200,"height":630,"url":"https:\/\/cdn.livingstonintl.com\/livingston-content\/uploads\/2022\/09\/12163235\/2022-livingston-fb.jpg","type":"image\/jpeg"}],"twitter_misc":{"Dur\u00e9e de lecture estim\u00e9e":"1 minute"},"schema":{"@context":"https:\/\/schema.org","@graph":[{"@type":"WebPage","@id":"https:\/\/www.livingstonintl.com\/fr\/a-propos-de-nous\/executive-team\/michael-wilder\/","url":"https:\/\/www.livingstonintl.com\/fr\/a-propos-de-nous\/executive-team\/michael-wilder\/","name":"Michael Wilder - Livingston International","isPartOf":{"@id":"https:\/\/www.livingstonintl.com\/fr\/#website"},"datePublished":"2019-07-31T21:08:14+00:00","dateModified":"2024-08-21T14:01:24+00:00","description":"Michael s\u2019est joint \u00e0 Livingston en f\u00e9vrier\u00a02018, amenant avec lui 30\u00a0ans d\u2019expertise en gestion du commerce mondial, dont le contr\u00f4le interne, la v\u00e9rification et la gestion des risques.","breadcrumb":{"@id":"https:\/\/www.livingstonintl.com\/fr\/a-propos-de-nous\/executive-team\/michael-wilder\/#breadcrumb"},"inLanguage":"fr-FR","potentialAction":[{"@type":"ReadAction","target":["https:\/\/www.livingstonintl.com\/fr\/a-propos-de-nous\/executive-team\/michael-wilder\/"]}]},{"@type":"BreadcrumbList","@id":"https:\/\/www.livingstonintl.com\/fr\/a-propos-de-nous\/executive-team\/michael-wilder\/#breadcrumb","itemListElement":[{"@type":"ListItem","position":1,"name":"Accueil","item":"https:\/\/www.livingstonintl.com\/fr\/"},{"@type":"ListItem","position":2,"name":"\u00c0 propos de nous","item":"https:\/\/www.livingstonintl.com\/fr\/a-propos-de-nous\/"},{"@type":"ListItem","position":3,"name":"Direction","item":"https:\/\/www.livingstonintl.com\/fr\/a-propos-de-nous\/executive-team\/"},{"@type":"ListItem","position":4,"name":"Michael Wilder"}]},{"@type":"WebSite","@id":"https:\/\/www.livingstonintl.com\/fr\/#website","url":"https:\/\/www.livingstonintl.com\/fr\/","name":"Livingston International","description":"Simplify Trade","publisher":{"@id":"https:\/\/www.livingstonintl.com\/fr\/#organization"},"potentialAction":[{"@type":"SearchAction","target":{"@type":"EntryPoint","urlTemplate":"https:\/\/www.livingstonintl.com\/fr\/?s={search_term_string}"},"query-input":{"@type":"PropertyValueSpecification","valueRequired":true,"valueName":"search_term_string"}}],"inLanguage":"fr-FR"},{"@type":"Organization","@id":"https:\/\/www.livingstonintl.com\/fr\/#organization","name":"Livingston International","url":"https:\/\/www.livingstonintl.com\/fr\/","logo":{"@type":"ImageObject","inLanguage":"fr-FR","@id":"https:\/\/www.livingstonintl.com\/fr\/#\/schema\/logo\/image\/","url":"https:\/\/cdn.livingstonintl.com\/livingston-content\/uploads\/2022\/09\/12163235\/2022-livingston-fb.jpg","contentUrl":"https:\/\/cdn.livingstonintl.com\/livingston-content\/uploads\/2022\/09\/12163235\/2022-livingston-fb.jpg","width":1200,"height":630,"caption":"Livingston International"},"image":{"@id":"https:\/\/www.livingstonintl.com\/fr\/#\/schema\/logo\/image\/"},"sameAs":["https:\/\/www.facebook.com\/livingstoninternational","https:\/\/x.com\/livingston_intl","https:\/\/linkedin.com\/company\/livingston-international"]}]}},"_links":{"self":[{"href":"https:\/\/wp.livingstonintl.com\/fr\/wp-json\/wp\/v2\/pages\/47899","targetHints":{"allow":["GET"]}}],"collection":[{"href":"https:\/\/wp.livingstonintl.com\/fr\/wp-json\/wp\/v2\/pages"}],"about":[{"href":"https:\/\/wp.livingstonintl.com\/fr\/wp-json\/wp\/v2\/types\/page"}],"author":[{"embeddable":true,"href":"https:\/\/wp.livingstonintl.com\/fr\/wp-json\/wp\/v2\/users\/36"}],"replies":[{"embeddable":true,"href":"https:\/\/wp.livingstonintl.com\/fr\/wp-json\/wp\/v2\/comments?post=47899"}],"version-history":[{"count":3,"href":"https:\/\/wp.livingstonintl.com\/fr\/wp-json\/wp\/v2\/pages\/47899\/revisions"}],"predecessor-version":[{"id":60685,"href":"https:\/\/wp.livingstonintl.com\/fr\/wp-json\/wp\/v2\/pages\/47899\/revisions\/60685"}],"up":[{"embeddable":true,"href":"https:\/\/wp.livingstonintl.com\/fr\/wp-json\/wp\/v2\/pages\/354"}],"wp:attachment":[{"href":"https:\/\/wp.livingstonintl.com\/fr\/wp-json\/wp\/v2\/media?parent=47899"}],"curies":[{"name":"wp","href":"https:\/\/api.w.org\/{rel}","templated":true}]}}