{"id":48334,"date":"2019-09-20T07:06:23","date_gmt":"2019-09-20T11:06:23","guid":{"rendered":"\/a-propos-de-nous\/executive-team\/silvio-silvestre\/"},"modified":"2024-08-21T09:54:55","modified_gmt":"2024-08-21T13:54:55","slug":"silvio-silvestre","status":"publish","type":"page","link":"https:\/\/www.livingstonintl.com\/fr\/a-propos-de-nous\/executive-team\/silvio-silvestre\/","title":{"rendered":"Silvio Silvestre"},"content":{"rendered":"<h3 class=\"wp-block-heading\">Directeur g\u00e9n\u00e9ral des finances<\/h3>\n<p>En tant que directeur g\u00e9n\u00e9ral des finances, Silvio est responsable de l\u2019administration financi\u00e8re de l\u2019entreprise et de la cr\u00e9ation de valeur \u00e0 l\u2019\u00e9chelle de l\u2019entreprise, avec un contr\u00f4le sp\u00e9cifique sur la comptabilit\u00e9, la planification et l\u2019analyse financi\u00e8res, la tr\u00e9sorerie, les services financiers \u00e0 la client\u00e8le, la fiscalit\u00e9, l\u2019immobilier et les installations et la v\u00e9rification interne.<\/p>\n<p>Avant de se joindre \u00e0 Livingston, Silvio a pass\u00e9 plus de 20\u00a0ans \u00e0 des postes de plus en plus \u00e9lev\u00e9s en comptabilit\u00e9 et en gestion financi\u00e8re, dont 14\u00a0ans au sein du cabinet de services financiers Symcor Inc &#8211; dont cinq ans \u00e0 titre de directeur g\u00e9n\u00e9ral des finances &#8211; o\u00f9 il a dirig\u00e9 des initiatives financi\u00e8res et corporatives. En tant que directeur g\u00e9n\u00e9ral des finances , Silvio \u00e9tait responsable de la supervision de l\u2019approvisionnement, de l\u2019immobilier et des installations, de la v\u00e9rification interne et de la planification de la continuit\u00e9 des activit\u00e9s. Il a \u00e9galement travaill\u00e9 chez Deloitte \u00e0 des postes de v\u00e9rification et de finance d\u2019entreprise au Canada et en Europe.<\/p>\n<p>Silvio est titulaire d\u2019un titre de compte professionnel agr\u00e9\u00e9 (CPA) et d\u2019un baccalaur\u00e9at en commerce de l\u2019Universit\u00e9 de Toronto.<\/p>\n","protected":false},"excerpt":{"rendered":"<p>Directeur g\u00e9n\u00e9ral des finances En tant que directeur g\u00e9n\u00e9ral des finances, Silvio est responsable de l\u2019administration financi\u00e8re de l\u2019entreprise et de la cr\u00e9ation de valeur \u00e0 l\u2019\u00e9chelle de l\u2019entreprise, avec un contr\u00f4le sp\u00e9cifique sur la comptabilit\u00e9, la planification et l\u2019analyse financi\u00e8res, la tr\u00e9sorerie, les services financiers \u00e0 la client\u00e8le, la fiscalit\u00e9, l\u2019immobilier et les installations<a class=\"excerpt-read-more\" href=\"https:\/\/www.livingstonintl.com\/fr\/a-propos-de-nous\/executive-team\/silvio-silvestre\/\" title=\"ReadSilvio Silvestre\">&#8230; Read more &raquo;<\/a><\/p>\n","protected":false},"author":36,"featured_media":0,"parent":354,"menu_order":45,"comment_status":"closed","ping_status":"closed","template":"template-page\/page-minimal.php","meta":{"_acf_changed":false,"footnotes":""},"class_list":["post-48334","page","type-page","status-publish","hentry"],"acf":[],"yoast_head":"<!-- This site is optimized with the Yoast SEO plugin v27.2 - https:\/\/yoast.com\/product\/yoast-seo-wordpress\/ -->\n<title>Silvio Silvestre - Livingston International<\/title>\n<meta name=\"description\" content=\"En tant que directeur g\u00e9n\u00e9ral des finances, Silvio est responsable de l\u2019administration financi\u00e8re de l\u2019entreprise et de la cr\u00e9ation de valeur \u00e0 l\u2019\u00e9chelle de l\u2019entreprise.\" \/>\n<meta name=\"robots\" content=\"index, follow, max-snippet:-1, max-image-preview:large, max-video-preview:-1\" \/>\n<link rel=\"canonical\" href=\"https:\/\/www.livingstonintl.com\/fr\/a-propos-de-nous\/executive-team\/silvio-silvestre\/\" \/>\n<meta property=\"og:locale\" content=\"fr_FR\" \/>\n<meta property=\"og:type\" content=\"article\" \/>\n<meta property=\"og:title\" content=\"Silvio Silvestre - Livingston International\" \/>\n<meta property=\"og:description\" content=\"En tant que directeur g\u00e9n\u00e9ral des finances, Silvio est responsable de l\u2019administration financi\u00e8re de l\u2019entreprise et de la cr\u00e9ation de valeur \u00e0 l\u2019\u00e9chelle de l\u2019entreprise.\" \/>\n<meta property=\"og:url\" content=\"https:\/\/www.livingstonintl.com\/fr\/a-propos-de-nous\/executive-team\/silvio-silvestre\/\" \/>\n<meta property=\"og:site_name\" content=\"Livingston International\" \/>\n<meta property=\"article:publisher\" content=\"https:\/\/www.facebook.com\/livingstoninternational\" \/>\n<meta property=\"article:modified_time\" content=\"2024-08-21T13:54:55+00:00\" \/>\n<meta property=\"og:image\" content=\"https:\/\/cdn.livingstonintl.com\/livingston-content\/uploads\/2022\/09\/12163235\/2022-livingston-fb.jpg\" \/>\n\t<meta property=\"og:image:width\" content=\"1200\" \/>\n\t<meta property=\"og:image:height\" content=\"630\" \/>\n\t<meta property=\"og:image:type\" content=\"image\/jpeg\" \/>\n<meta name=\"twitter:label1\" content=\"Dur\u00e9e de lecture estim\u00e9e\" \/>\n\t<meta name=\"twitter:data1\" content=\"1 minute\" \/>\n<script type=\"application\/ld+json\" class=\"yoast-schema-graph\">{\"@context\":\"https:\/\/schema.org\",\"@graph\":[{\"@type\":\"WebPage\",\"@id\":\"https:\/\/www.livingstonintl.com\/fr\/a-propos-de-nous\/executive-team\/silvio-silvestre\/\",\"url\":\"https:\/\/www.livingstonintl.com\/fr\/a-propos-de-nous\/executive-team\/silvio-silvestre\/\",\"name\":\"Silvio Silvestre - Livingston International\",\"isPartOf\":{\"@id\":\"https:\/\/www.livingstonintl.com\/fr\/#website\"},\"datePublished\":\"2019-09-20T11:06:23+00:00\",\"dateModified\":\"2024-08-21T13:54:55+00:00\",\"description\":\"En tant que directeur g\u00e9n\u00e9ral des finances, Silvio est responsable de l\u2019administration financi\u00e8re de l\u2019entreprise et de la cr\u00e9ation de valeur \u00e0 l\u2019\u00e9chelle de l\u2019entreprise.\",\"breadcrumb\":{\"@id\":\"https:\/\/www.livingstonintl.com\/fr\/a-propos-de-nous\/executive-team\/silvio-silvestre\/#breadcrumb\"},\"inLanguage\":\"fr-FR\",\"potentialAction\":[{\"@type\":\"ReadAction\",\"target\":[\"https:\/\/www.livingstonintl.com\/fr\/a-propos-de-nous\/executive-team\/silvio-silvestre\/\"]}]},{\"@type\":\"BreadcrumbList\",\"@id\":\"https:\/\/www.livingstonintl.com\/fr\/a-propos-de-nous\/executive-team\/silvio-silvestre\/#breadcrumb\",\"itemListElement\":[{\"@type\":\"ListItem\",\"position\":1,\"name\":\"Accueil\",\"item\":\"https:\/\/www.livingstonintl.com\/fr\/\"},{\"@type\":\"ListItem\",\"position\":2,\"name\":\"\u00c0 propos de nous\",\"item\":\"https:\/\/www.livingstonintl.com\/fr\/a-propos-de-nous\/\"},{\"@type\":\"ListItem\",\"position\":3,\"name\":\"Direction\",\"item\":\"https:\/\/www.livingstonintl.com\/fr\/a-propos-de-nous\/executive-team\/\"},{\"@type\":\"ListItem\",\"position\":4,\"name\":\"Silvio Silvestre\"}]},{\"@type\":\"WebSite\",\"@id\":\"https:\/\/www.livingstonintl.com\/fr\/#website\",\"url\":\"https:\/\/www.livingstonintl.com\/fr\/\",\"name\":\"Livingston International\",\"description\":\"Simplify Trade\",\"publisher\":{\"@id\":\"https:\/\/www.livingstonintl.com\/fr\/#organization\"},\"potentialAction\":[{\"@type\":\"SearchAction\",\"target\":{\"@type\":\"EntryPoint\",\"urlTemplate\":\"https:\/\/www.livingstonintl.com\/fr\/?s={search_term_string}\"},\"query-input\":{\"@type\":\"PropertyValueSpecification\",\"valueRequired\":true,\"valueName\":\"search_term_string\"}}],\"inLanguage\":\"fr-FR\"},{\"@type\":\"Organization\",\"@id\":\"https:\/\/www.livingstonintl.com\/fr\/#organization\",\"name\":\"Livingston International\",\"url\":\"https:\/\/www.livingstonintl.com\/fr\/\",\"logo\":{\"@type\":\"ImageObject\",\"inLanguage\":\"fr-FR\",\"@id\":\"https:\/\/www.livingstonintl.com\/fr\/#\/schema\/logo\/image\/\",\"url\":\"https:\/\/cdn.livingstonintl.com\/livingston-content\/uploads\/2022\/09\/12163235\/2022-livingston-fb.jpg\",\"contentUrl\":\"https:\/\/cdn.livingstonintl.com\/livingston-content\/uploads\/2022\/09\/12163235\/2022-livingston-fb.jpg\",\"width\":1200,\"height\":630,\"caption\":\"Livingston International\"},\"image\":{\"@id\":\"https:\/\/www.livingstonintl.com\/fr\/#\/schema\/logo\/image\/\"},\"sameAs\":[\"https:\/\/www.facebook.com\/livingstoninternational\",\"https:\/\/x.com\/livingston_intl\",\"https:\/\/linkedin.com\/company\/livingston-international\"]}]}<\/script>\n<!-- \/ Yoast SEO plugin. -->","yoast_head_json":{"title":"Silvio Silvestre - Livingston International","description":"En tant que directeur g\u00e9n\u00e9ral des finances, Silvio est responsable de l\u2019administration financi\u00e8re de l\u2019entreprise et de la cr\u00e9ation de valeur \u00e0 l\u2019\u00e9chelle de l\u2019entreprise.","robots":{"index":"index","follow":"follow","max-snippet":"max-snippet:-1","max-image-preview":"max-image-preview:large","max-video-preview":"max-video-preview:-1"},"canonical":"https:\/\/www.livingstonintl.com\/fr\/a-propos-de-nous\/executive-team\/silvio-silvestre\/","og_locale":"fr_FR","og_type":"article","og_title":"Silvio Silvestre - Livingston International","og_description":"En tant que directeur g\u00e9n\u00e9ral des finances, Silvio est responsable de l\u2019administration financi\u00e8re de l\u2019entreprise et de la cr\u00e9ation de valeur \u00e0 l\u2019\u00e9chelle de l\u2019entreprise.","og_url":"https:\/\/www.livingstonintl.com\/fr\/a-propos-de-nous\/executive-team\/silvio-silvestre\/","og_site_name":"Livingston International","article_publisher":"https:\/\/www.facebook.com\/livingstoninternational","article_modified_time":"2024-08-21T13:54:55+00:00","og_image":[{"width":1200,"height":630,"url":"https:\/\/cdn.livingstonintl.com\/livingston-content\/uploads\/2022\/09\/12163235\/2022-livingston-fb.jpg","type":"image\/jpeg"}],"twitter_misc":{"Dur\u00e9e de lecture estim\u00e9e":"1 minute"},"schema":{"@context":"https:\/\/schema.org","@graph":[{"@type":"WebPage","@id":"https:\/\/www.livingstonintl.com\/fr\/a-propos-de-nous\/executive-team\/silvio-silvestre\/","url":"https:\/\/www.livingstonintl.com\/fr\/a-propos-de-nous\/executive-team\/silvio-silvestre\/","name":"Silvio Silvestre - Livingston International","isPartOf":{"@id":"https:\/\/www.livingstonintl.com\/fr\/#website"},"datePublished":"2019-09-20T11:06:23+00:00","dateModified":"2024-08-21T13:54:55+00:00","description":"En tant que directeur g\u00e9n\u00e9ral des finances, Silvio est responsable de l\u2019administration financi\u00e8re de l\u2019entreprise et de la cr\u00e9ation de valeur \u00e0 l\u2019\u00e9chelle de l\u2019entreprise.","breadcrumb":{"@id":"https:\/\/www.livingstonintl.com\/fr\/a-propos-de-nous\/executive-team\/silvio-silvestre\/#breadcrumb"},"inLanguage":"fr-FR","potentialAction":[{"@type":"ReadAction","target":["https:\/\/www.livingstonintl.com\/fr\/a-propos-de-nous\/executive-team\/silvio-silvestre\/"]}]},{"@type":"BreadcrumbList","@id":"https:\/\/www.livingstonintl.com\/fr\/a-propos-de-nous\/executive-team\/silvio-silvestre\/#breadcrumb","itemListElement":[{"@type":"ListItem","position":1,"name":"Accueil","item":"https:\/\/www.livingstonintl.com\/fr\/"},{"@type":"ListItem","position":2,"name":"\u00c0 propos de nous","item":"https:\/\/www.livingstonintl.com\/fr\/a-propos-de-nous\/"},{"@type":"ListItem","position":3,"name":"Direction","item":"https:\/\/www.livingstonintl.com\/fr\/a-propos-de-nous\/executive-team\/"},{"@type":"ListItem","position":4,"name":"Silvio Silvestre"}]},{"@type":"WebSite","@id":"https:\/\/www.livingstonintl.com\/fr\/#website","url":"https:\/\/www.livingstonintl.com\/fr\/","name":"Livingston International","description":"Simplify Trade","publisher":{"@id":"https:\/\/www.livingstonintl.com\/fr\/#organization"},"potentialAction":[{"@type":"SearchAction","target":{"@type":"EntryPoint","urlTemplate":"https:\/\/www.livingstonintl.com\/fr\/?s={search_term_string}"},"query-input":{"@type":"PropertyValueSpecification","valueRequired":true,"valueName":"search_term_string"}}],"inLanguage":"fr-FR"},{"@type":"Organization","@id":"https:\/\/www.livingstonintl.com\/fr\/#organization","name":"Livingston International","url":"https:\/\/www.livingstonintl.com\/fr\/","logo":{"@type":"ImageObject","inLanguage":"fr-FR","@id":"https:\/\/www.livingstonintl.com\/fr\/#\/schema\/logo\/image\/","url":"https:\/\/cdn.livingstonintl.com\/livingston-content\/uploads\/2022\/09\/12163235\/2022-livingston-fb.jpg","contentUrl":"https:\/\/cdn.livingstonintl.com\/livingston-content\/uploads\/2022\/09\/12163235\/2022-livingston-fb.jpg","width":1200,"height":630,"caption":"Livingston International"},"image":{"@id":"https:\/\/www.livingstonintl.com\/fr\/#\/schema\/logo\/image\/"},"sameAs":["https:\/\/www.facebook.com\/livingstoninternational","https:\/\/x.com\/livingston_intl","https:\/\/linkedin.com\/company\/livingston-international"]}]}},"_links":{"self":[{"href":"https:\/\/wp.livingstonintl.com\/fr\/wp-json\/wp\/v2\/pages\/48334","targetHints":{"allow":["GET"]}}],"collection":[{"href":"https:\/\/wp.livingstonintl.com\/fr\/wp-json\/wp\/v2\/pages"}],"about":[{"href":"https:\/\/wp.livingstonintl.com\/fr\/wp-json\/wp\/v2\/types\/page"}],"author":[{"embeddable":true,"href":"https:\/\/wp.livingstonintl.com\/fr\/wp-json\/wp\/v2\/users\/36"}],"replies":[{"embeddable":true,"href":"https:\/\/wp.livingstonintl.com\/fr\/wp-json\/wp\/v2\/comments?post=48334"}],"version-history":[{"count":1,"href":"https:\/\/wp.livingstonintl.com\/fr\/wp-json\/wp\/v2\/pages\/48334\/revisions"}],"predecessor-version":[{"id":60657,"href":"https:\/\/wp.livingstonintl.com\/fr\/wp-json\/wp\/v2\/pages\/48334\/revisions\/60657"}],"up":[{"embeddable":true,"href":"https:\/\/wp.livingstonintl.com\/fr\/wp-json\/wp\/v2\/pages\/354"}],"wp:attachment":[{"href":"https:\/\/wp.livingstonintl.com\/fr\/wp-json\/wp\/v2\/media?parent=48334"}],"curies":[{"name":"wp","href":"https:\/\/api.w.org\/{rel}","templated":true}]}}