{"id":49475,"date":"2020-02-11T07:18:59","date_gmt":"2020-02-11T12:18:59","guid":{"rendered":"\/?page_id=49475"},"modified":"2020-02-11T08:17:04","modified_gmt":"2020-02-11T13:17:04","slug":"exigences-relatives-aux-donnees-dans-ace-et-aphis-principal","status":"publish","type":"page","link":"https:\/\/www.livingstonintl.com\/fr\/programme-ace-et-de-la-cbp-et-dates-limites-de-logp\/exigences-relatives-aux-donnees-dans-ace-et-aphis-principal\/","title":{"rendered":"APHIS (principal) &#8211; exigences relatives aux donn\u00e9es dans ACE"},"content":{"rendered":"<p>Les exigences de transmission des donn\u00e9es de l\u2019Animal and Plant Health Inspection Service (APHIS) vont changer dans le cadre de l\u2019ACE. Veuillez prendre note que les exigences APHIS (principal) diff\u00e8rent pour les\u00a0<a href=\"\/ace-cbp-program-deadlines-and-pga-impact\/managing-aphis-ace-requirements\/\">produits r\u00e9gis par les exigences de la Lacey Act<\/a>, qui est entr\u00e9e en vigueur le 31\u00a0mars\u00a02016.<\/p>\n<h3>Comprendre les changements reli\u00e9s \u00e0 l\u2019ACE<\/h3>\n<p>L\u2019APHIS est responsable des importations d\u2019animaux, de biotechnologie et de plantes. Actuellement, lorsque ces marchandises arrivent \u00e0 la fronti\u00e8re, des formulaires papier et divers permis et certificats sont pr\u00e9sent\u00e9s par le transporteur \u00e0 l\u2019inspecteur de l\u2019Agriculture du d\u00e9partement de la S\u00e9curit\u00e9 int\u00e9rieure (DHS) et de la Customs and Border Protection (Douanes et protection des fronti\u00e8res [CBP]).<\/p>\n<p>Aux termes de l\u2019ACE, la plupart de ces formulaires papier doivent \u00eatre soumis par voie \u00e9lectronique sous forme de messages, afin de garantir une mainlev\u00e9e plus rapide. Toutefois, ce ne sont pas tous les formulaires papier qui sont soumis sous forme de messages; les formulaires suivants seront num\u00e9ris\u00e9s dans le syst\u00e8me d\u2019imagerie de documents (DIS)\u00a0:<\/p>\n<ul>\n<li>Documentation \u00e0 l\u2019appui STAT<\/li>\n<li>D\u00e9claration d\u2019importation (Obligatoire pour voyager avec un animal)<\/li>\n<li>Demande d\u2019inspection et de fouille<\/li>\n<li>Permis am\u00e9ricain pour les produits biologiques v\u00e9t\u00e9rinaires<\/li>\n<li>Divers documents d\u2019importation<\/li>\n<\/ul>\n<p>Les formulaires suivants continueront d\u2019\u00eatre uniquement sur papier\u00a0:<\/p>\n<ul>\n<li>Permis d\u2019importation am\u00e9ricain (cela comprend le transit)<\/li>\n<li>Certificat sanitaire d\u2019un gouvernement \u00e9tranger (certificats sanitaires v\u00e9t\u00e9rinaires)<\/li>\n<li>Accord du propri\u00e9taire de l\u2019oiseau de compagnie (d\u2019origine am\u00e9ricaine retournant aux \u00c9tats-Unis)<\/li>\n<li>Certificat de viande \u00e9tranger<\/li>\n<li>Certificat phytosanitaire (provenant du pays d\u2019origine)<\/li>\n<li>Certificats de sant\u00e9 d\u2019un gouvernement \u00e9tranger (y compris les dipl\u00f4mes d\u2019\u00e9tudes, les certificats de st\u00e9rilisation, les fiches d\u2019examen, etc.)<\/li>\n<\/ul>\n<p>Pour tous les autres formulaires APHIS non \u00e9num\u00e9r\u00e9s ci-dessus (dans le DIS ou en version papier), la d\u00e9claration \u00e9lectronique n\u00e9cessitera des donn\u00e9es dans la transaction d\u2019entr\u00e9e sous forme de messages. Certains \u00e9l\u00e9ments de donn\u00e9es sont obligatoires, tandis que d\u2019autres sont conditionnels, voire facultatifs. Les exigences en mati\u00e8re d\u2019\u00e9l\u00e9ments de donn\u00e9es varient selon le produit.<\/p>\n<p>Notez qu\u2019aucun des formulaires actuels n\u2019est en voie d\u2019\u00eatre retir\u00e9 \u00e0 ce stade. Les inspecteurs de l\u2019Agriculture de l\u2019APHIS et du CBP se r\u00e9servent le droit de continuer \u00e0 recueillir ou demander les documents papier originaux. Dans de nombreux cas, leur demande sera pr\u00e9sent\u00e9e au courtier en douane.<\/p>\n<h3 style=\"text-transform: none;\">Faites confiance aux experts de l\u2019APHIS de Livingston<\/h3>\n<p><span lang=\"FR-CA\">Les sp\u00e9cialistes en douanes am\u00e9ricaines de Livingston sont pr\u00eats \u00e0 vous aider \u00e0 saisir et \u00e0 transmettre les \u00e9l\u00e9ments de donn\u00e9es requis, et \u00e0 s\u2019assurer que vous \u00eates en conformit\u00e9 avec les exigences de l\u2019APHIS.<\/span><span lang=\"FR-CA\">Nous sommes maintenant pr\u00eats \u00e0 accueillir le programme ACE. Notre personnel, nos processus et notre technologie sont en place pour soutenir les nouveaux clients et les clients actuels, quels que soient les besoins de leur organisme gouvernemental partenaire (PGA) ou de l\u2019ACE.<\/span><\/p>\n","protected":false},"excerpt":{"rendered":"<p>Les exigences de transmission des donn\u00e9es de l\u2019Animal and Plant Health Inspection Service (APHIS) vont changer dans le cadre de l\u2019ACE. Veuillez prendre note que les exigences APHIS (principal) diff\u00e8rent pour les\u00a0produits r\u00e9gis par les exigences de la Lacey Act, qui est entr\u00e9e en vigueur le 31\u00a0mars\u00a02016. Comprendre les changements reli\u00e9s \u00e0 l\u2019ACE L\u2019APHIS est<a class=\"excerpt-read-more\" href=\"https:\/\/www.livingstonintl.com\/fr\/programme-ace-et-de-la-cbp-et-dates-limites-de-logp\/exigences-relatives-aux-donnees-dans-ace-et-aphis-principal\/\" title=\"ReadAPHIS (principal) &#8211; exigences relatives aux donn\u00e9es dans ACE\">&#8230; Read more &raquo;<\/a><\/p>\n","protected":false},"author":45,"featured_media":0,"parent":49474,"menu_order":174,"comment_status":"closed","ping_status":"closed","template":"template-retired\/page-landing-withsidebar.php","meta":{"_acf_changed":false,"footnotes":""},"class_list":["post-49475","page","type-page","status-publish","hentry"],"acf":[],"yoast_head":"<!-- This site is optimized with the Yoast SEO plugin v27.2 - https:\/\/yoast.com\/product\/yoast-seo-wordpress\/ -->\n<title>APHIS (principal) - exigences relatives aux donn\u00e9es dans ACE - Livingston International<\/title>\n<meta name=\"robots\" content=\"index, follow, max-snippet:-1, max-image-preview:large, max-video-preview:-1\" \/>\n<link rel=\"canonical\" href=\"https:\/\/www.livingstonintl.com\/fr\/programme-ace-et-de-la-cbp-et-dates-limites-de-logp\/exigences-relatives-aux-donnees-dans-ace-et-aphis-principal\/\" \/>\n<meta property=\"og:locale\" content=\"fr_FR\" \/>\n<meta property=\"og:type\" content=\"article\" \/>\n<meta property=\"og:title\" content=\"APHIS (principal) - exigences relatives aux donn\u00e9es dans ACE - Livingston International\" \/>\n<meta property=\"og:description\" content=\"Les exigences de transmission des donn\u00e9es de l\u2019Animal and Plant Health Inspection Service (APHIS) vont changer dans le cadre de l\u2019ACE. Veuillez prendre note que les exigences APHIS (principal) diff\u00e8rent pour les\u00a0produits r\u00e9gis par les exigences de la Lacey Act, qui est entr\u00e9e en vigueur le 31\u00a0mars\u00a02016. Comprendre les changements reli\u00e9s \u00e0 l\u2019ACE L\u2019APHIS est... Read more &raquo;\" \/>\n<meta property=\"og:url\" content=\"https:\/\/www.livingstonintl.com\/fr\/programme-ace-et-de-la-cbp-et-dates-limites-de-logp\/exigences-relatives-aux-donnees-dans-ace-et-aphis-principal\/\" \/>\n<meta property=\"og:site_name\" content=\"Livingston International\" \/>\n<meta property=\"article:publisher\" content=\"https:\/\/www.facebook.com\/livingstoninternational\" \/>\n<meta property=\"article:modified_time\" content=\"2020-02-11T13:17:04+00:00\" \/>\n<meta property=\"og:image\" content=\"https:\/\/cdn.livingstonintl.com\/livingston-content\/uploads\/2022\/09\/12163235\/2022-livingston-fb.jpg\" \/>\n\t<meta property=\"og:image:width\" content=\"1200\" \/>\n\t<meta property=\"og:image:height\" content=\"630\" \/>\n\t<meta property=\"og:image:type\" content=\"image\/jpeg\" \/>\n<meta name=\"twitter:label1\" content=\"Dur\u00e9e de lecture estim\u00e9e\" \/>\n\t<meta name=\"twitter:data1\" content=\"3 minutes\" \/>\n<script type=\"application\/ld+json\" class=\"yoast-schema-graph\">{\"@context\":\"https:\/\/schema.org\",\"@graph\":[{\"@type\":\"WebPage\",\"@id\":\"https:\/\/www.livingstonintl.com\/fr\/programme-ace-et-de-la-cbp-et-dates-limites-de-logp\/exigences-relatives-aux-donnees-dans-ace-et-aphis-principal\/\",\"url\":\"https:\/\/www.livingstonintl.com\/fr\/programme-ace-et-de-la-cbp-et-dates-limites-de-logp\/exigences-relatives-aux-donnees-dans-ace-et-aphis-principal\/\",\"name\":\"APHIS (principal) - exigences relatives aux donn\u00e9es dans ACE - Livingston International\",\"isPartOf\":{\"@id\":\"https:\/\/www.livingstonintl.com\/fr\/#website\"},\"datePublished\":\"2020-02-11T12:18:59+00:00\",\"dateModified\":\"2020-02-11T13:17:04+00:00\",\"breadcrumb\":{\"@id\":\"https:\/\/www.livingstonintl.com\/fr\/programme-ace-et-de-la-cbp-et-dates-limites-de-logp\/exigences-relatives-aux-donnees-dans-ace-et-aphis-principal\/#breadcrumb\"},\"inLanguage\":\"fr-FR\",\"potentialAction\":[{\"@type\":\"ReadAction\",\"target\":[\"https:\/\/www.livingstonintl.com\/fr\/programme-ace-et-de-la-cbp-et-dates-limites-de-logp\/exigences-relatives-aux-donnees-dans-ace-et-aphis-principal\/\"]}]},{\"@type\":\"BreadcrumbList\",\"@id\":\"https:\/\/www.livingstonintl.com\/fr\/programme-ace-et-de-la-cbp-et-dates-limites-de-logp\/exigences-relatives-aux-donnees-dans-ace-et-aphis-principal\/#breadcrumb\",\"itemListElement\":[{\"@type\":\"ListItem\",\"position\":1,\"name\":\"Accueil\",\"item\":\"https:\/\/www.livingstonintl.com\/fr\/\"},{\"@type\":\"ListItem\",\"position\":2,\"name\":\"Programme ACE et de la CBP et dates limites de l\u2019OGP\",\"item\":\"https:\/\/www.livingstonintl.com\/fr\/programme-ace-et-de-la-cbp-et-dates-limites-de-logp\/\"},{\"@type\":\"ListItem\",\"position\":3,\"name\":\"APHIS (principal) &#8211; exigences relatives aux donn\u00e9es dans ACE\"}]},{\"@type\":\"WebSite\",\"@id\":\"https:\/\/www.livingstonintl.com\/fr\/#website\",\"url\":\"https:\/\/www.livingstonintl.com\/fr\/\",\"name\":\"Livingston International\",\"description\":\"Simplify Trade\",\"publisher\":{\"@id\":\"https:\/\/www.livingstonintl.com\/fr\/#organization\"},\"potentialAction\":[{\"@type\":\"SearchAction\",\"target\":{\"@type\":\"EntryPoint\",\"urlTemplate\":\"https:\/\/www.livingstonintl.com\/fr\/?s={search_term_string}\"},\"query-input\":{\"@type\":\"PropertyValueSpecification\",\"valueRequired\":true,\"valueName\":\"search_term_string\"}}],\"inLanguage\":\"fr-FR\"},{\"@type\":\"Organization\",\"@id\":\"https:\/\/www.livingstonintl.com\/fr\/#organization\",\"name\":\"Livingston International\",\"url\":\"https:\/\/www.livingstonintl.com\/fr\/\",\"logo\":{\"@type\":\"ImageObject\",\"inLanguage\":\"fr-FR\",\"@id\":\"https:\/\/www.livingstonintl.com\/fr\/#\/schema\/logo\/image\/\",\"url\":\"https:\/\/cdn.livingstonintl.com\/livingston-content\/uploads\/2022\/09\/12163235\/2022-livingston-fb.jpg\",\"contentUrl\":\"https:\/\/cdn.livingstonintl.com\/livingston-content\/uploads\/2022\/09\/12163235\/2022-livingston-fb.jpg\",\"width\":1200,\"height\":630,\"caption\":\"Livingston International\"},\"image\":{\"@id\":\"https:\/\/www.livingstonintl.com\/fr\/#\/schema\/logo\/image\/\"},\"sameAs\":[\"https:\/\/www.facebook.com\/livingstoninternational\",\"https:\/\/x.com\/livingston_intl\",\"https:\/\/linkedin.com\/company\/livingston-international\"]}]}<\/script>\n<!-- \/ Yoast SEO plugin. -->","yoast_head_json":{"title":"APHIS (principal) - exigences relatives aux donn\u00e9es dans ACE - Livingston International","robots":{"index":"index","follow":"follow","max-snippet":"max-snippet:-1","max-image-preview":"max-image-preview:large","max-video-preview":"max-video-preview:-1"},"canonical":"https:\/\/www.livingstonintl.com\/fr\/programme-ace-et-de-la-cbp-et-dates-limites-de-logp\/exigences-relatives-aux-donnees-dans-ace-et-aphis-principal\/","og_locale":"fr_FR","og_type":"article","og_title":"APHIS (principal) - exigences relatives aux donn\u00e9es dans ACE - Livingston International","og_description":"Les exigences de transmission des donn\u00e9es de l\u2019Animal and Plant Health Inspection Service (APHIS) vont changer dans le cadre de l\u2019ACE. Veuillez prendre note que les exigences APHIS (principal) diff\u00e8rent pour les\u00a0produits r\u00e9gis par les exigences de la Lacey Act, qui est entr\u00e9e en vigueur le 31\u00a0mars\u00a02016. Comprendre les changements reli\u00e9s \u00e0 l\u2019ACE L\u2019APHIS est... Read more &raquo;","og_url":"https:\/\/www.livingstonintl.com\/fr\/programme-ace-et-de-la-cbp-et-dates-limites-de-logp\/exigences-relatives-aux-donnees-dans-ace-et-aphis-principal\/","og_site_name":"Livingston International","article_publisher":"https:\/\/www.facebook.com\/livingstoninternational","article_modified_time":"2020-02-11T13:17:04+00:00","og_image":[{"width":1200,"height":630,"url":"https:\/\/cdn.livingstonintl.com\/livingston-content\/uploads\/2022\/09\/12163235\/2022-livingston-fb.jpg","type":"image\/jpeg"}],"twitter_misc":{"Dur\u00e9e de lecture estim\u00e9e":"3 minutes"},"schema":{"@context":"https:\/\/schema.org","@graph":[{"@type":"WebPage","@id":"https:\/\/www.livingstonintl.com\/fr\/programme-ace-et-de-la-cbp-et-dates-limites-de-logp\/exigences-relatives-aux-donnees-dans-ace-et-aphis-principal\/","url":"https:\/\/www.livingstonintl.com\/fr\/programme-ace-et-de-la-cbp-et-dates-limites-de-logp\/exigences-relatives-aux-donnees-dans-ace-et-aphis-principal\/","name":"APHIS (principal) - exigences relatives aux donn\u00e9es dans ACE - Livingston International","isPartOf":{"@id":"https:\/\/www.livingstonintl.com\/fr\/#website"},"datePublished":"2020-02-11T12:18:59+00:00","dateModified":"2020-02-11T13:17:04+00:00","breadcrumb":{"@id":"https:\/\/www.livingstonintl.com\/fr\/programme-ace-et-de-la-cbp-et-dates-limites-de-logp\/exigences-relatives-aux-donnees-dans-ace-et-aphis-principal\/#breadcrumb"},"inLanguage":"fr-FR","potentialAction":[{"@type":"ReadAction","target":["https:\/\/www.livingstonintl.com\/fr\/programme-ace-et-de-la-cbp-et-dates-limites-de-logp\/exigences-relatives-aux-donnees-dans-ace-et-aphis-principal\/"]}]},{"@type":"BreadcrumbList","@id":"https:\/\/www.livingstonintl.com\/fr\/programme-ace-et-de-la-cbp-et-dates-limites-de-logp\/exigences-relatives-aux-donnees-dans-ace-et-aphis-principal\/#breadcrumb","itemListElement":[{"@type":"ListItem","position":1,"name":"Accueil","item":"https:\/\/www.livingstonintl.com\/fr\/"},{"@type":"ListItem","position":2,"name":"Programme ACE et de la CBP et dates limites de l\u2019OGP","item":"https:\/\/www.livingstonintl.com\/fr\/programme-ace-et-de-la-cbp-et-dates-limites-de-logp\/"},{"@type":"ListItem","position":3,"name":"APHIS (principal) &#8211; exigences relatives aux donn\u00e9es dans ACE"}]},{"@type":"WebSite","@id":"https:\/\/www.livingstonintl.com\/fr\/#website","url":"https:\/\/www.livingstonintl.com\/fr\/","name":"Livingston International","description":"Simplify Trade","publisher":{"@id":"https:\/\/www.livingstonintl.com\/fr\/#organization"},"potentialAction":[{"@type":"SearchAction","target":{"@type":"EntryPoint","urlTemplate":"https:\/\/www.livingstonintl.com\/fr\/?s={search_term_string}"},"query-input":{"@type":"PropertyValueSpecification","valueRequired":true,"valueName":"search_term_string"}}],"inLanguage":"fr-FR"},{"@type":"Organization","@id":"https:\/\/www.livingstonintl.com\/fr\/#organization","name":"Livingston International","url":"https:\/\/www.livingstonintl.com\/fr\/","logo":{"@type":"ImageObject","inLanguage":"fr-FR","@id":"https:\/\/www.livingstonintl.com\/fr\/#\/schema\/logo\/image\/","url":"https:\/\/cdn.livingstonintl.com\/livingston-content\/uploads\/2022\/09\/12163235\/2022-livingston-fb.jpg","contentUrl":"https:\/\/cdn.livingstonintl.com\/livingston-content\/uploads\/2022\/09\/12163235\/2022-livingston-fb.jpg","width":1200,"height":630,"caption":"Livingston International"},"image":{"@id":"https:\/\/www.livingstonintl.com\/fr\/#\/schema\/logo\/image\/"},"sameAs":["https:\/\/www.facebook.com\/livingstoninternational","https:\/\/x.com\/livingston_intl","https:\/\/linkedin.com\/company\/livingston-international"]}]}},"_links":{"self":[{"href":"https:\/\/wp.livingstonintl.com\/fr\/wp-json\/wp\/v2\/pages\/49475","targetHints":{"allow":["GET"]}}],"collection":[{"href":"https:\/\/wp.livingstonintl.com\/fr\/wp-json\/wp\/v2\/pages"}],"about":[{"href":"https:\/\/wp.livingstonintl.com\/fr\/wp-json\/wp\/v2\/types\/page"}],"author":[{"embeddable":true,"href":"https:\/\/wp.livingstonintl.com\/fr\/wp-json\/wp\/v2\/users\/45"}],"replies":[{"embeddable":true,"href":"https:\/\/wp.livingstonintl.com\/fr\/wp-json\/wp\/v2\/comments?post=49475"}],"version-history":[{"count":0,"href":"https:\/\/wp.livingstonintl.com\/fr\/wp-json\/wp\/v2\/pages\/49475\/revisions"}],"up":[{"embeddable":true,"href":"https:\/\/wp.livingstonintl.com\/fr\/wp-json\/wp\/v2\/pages\/49474"}],"wp:attachment":[{"href":"https:\/\/wp.livingstonintl.com\/fr\/wp-json\/wp\/v2\/media?parent=49475"}],"curies":[{"name":"wp","href":"https:\/\/api.w.org\/{rel}","templated":true}]}}