{"id":55403,"date":"2021-12-20T11:01:08","date_gmt":"2021-12-20T16:01:08","guid":{"rendered":"https:\/\/www.livingstonintl.com\/?page_id=55403"},"modified":"2021-12-20T11:01:10","modified_gmt":"2021-12-20T16:01:10","slug":"tarif-douanier-harmonise","status":"publish","type":"page","link":"https:\/\/www.livingstonintl.com\/fr\/tarif-douanier-harmonise\/","title":{"rendered":"Tarif Douanier Harmonis\u00e9"},"content":{"rendered":"\n<h2 class=\"wp-block-heading\"><strong>Ce que les importateurs doivent savoir\u00a0<\/strong><\/h2>\n\n\n\n<p>Tous les cinq ans, l\u2019Organisation mondiale des douanes (OMD) examine le SH pour s\u2019assurer qu\u2019il demeure \u00e0 jour \u00e0 la lumi\u00e8re des progr\u00e8s technologiques, des nouveaux produits et des enjeux mondiaux. L\u2019OMD a r\u00e9cemment adopt\u00e9 351 cat\u00e9gories de modifications au SH, qui entreront en vigueur le 1er janvier 2022 dans de nombreux pays du monde.<\/p>\n\n\n\n<p>Ces changements affecteront les entreprises qui importent des marchandises. L\u2019utilisation de codes de classification HS d\u00e9suets entra\u00eene des retards co\u00fbteux \u2013 votre envoi ne passera pas aux douanes en temps opportun.<\/p>\n\n\n\n<h2 class=\"wp-block-heading\"><strong><strong>Qui est affect\u00e9 par ces changements?\u00a0<\/strong><\/strong><\/h2>\n\n\n\n<p>Les entreprises du monde entier seront affect\u00e9es par ces changements. En particulier, nous verrons des changements dans les secteurs suivants\u00a0:<\/p>\n\n\n\n<h3 class=\"wp-block-heading\">Produits chimiques<\/h3>\n\n\n\n<p>De nouvelles dispositions ont \u00e9t\u00e9 ajout\u00e9es pour les substances appauvrissant la couche d\u2019ozone contr\u00f4l\u00e9e par le Protocole de Montr\u00e9al, afin de r\u00e9duire la production et la consommation en vertu des modifications de Kigali. Certains produits chimiques sp\u00e9cifiques sont maintenant identifi\u00e9s dans le tarif douanier harmonis\u00e9 afin de faciliter la surveillance des substances contr\u00f4l\u00e9es en vertu de la Convention sur les armes chimiques, de la Convention de Rotterdam et de la Convention de Stockholm, ainsi que des articles contenant des \u00e9l\u00e9ments radioactifs et des isotopes.<\/p>\n\n\n\n<h3 class=\"wp-block-heading\">Drones<\/h3>\n\n\n\n<p>L\u2019OMD a ajout\u00e9 des dispositions sp\u00e9cifiques pour les v\u00e9hicules a\u00e9riens sans pilote (UAV) afin de simplifier leur classification.<\/p>\n\n\n\n<h3 class=\"wp-block-heading\">Tabac<\/h3>\n\n\n\n<p>En raison des innovations dans les produits du tabac (comme le vapotage) et les produits \u00e0 base de nicotine, l\u2019OMD a ajout\u00e9 de nouvelles dispositions pour accro\u00eetre la visibilit\u00e9 des statistiques commerciales et faciliter la classification.<\/p>\n\n\n\n<h3 class=\"wp-block-heading\">Produits pharmaceutiques<\/h3>\n\n\n\n<p>Nouvelles dispositions pour :<\/p>\n\n\n\n<ul class=\"wp-block-list\"><li>Placebos et trousses d\u2019essais cliniques \u00e0 double insu dans le cadre de la position 3006.<\/li><li>Substances et d\u00e9riv\u00e9s de fentanyl-opio\u00efdes contr\u00f4l\u00e9s par l\u2019Organe international de contr\u00f4le des stup\u00e9fiants.<\/li><li>Produits de th\u00e9rapie cellulaire. Les progr\u00e8s de la science et de la m\u00e9decine ont n\u00e9cessit\u00e9 l\u2019ajout de nouvelles dispositions.<\/li><li>Des trousses de diagnostics rapides pour d\u00e9tecter le virus Zika et d\u2019autres maladies transmises par les moustiques.<\/li><\/ul>\n\n\n\n<h3 class=\"wp-block-heading\">Produits \u00e0 double usage<\/h3>\n\n\n\n<p>L\u2019OMD a ajout\u00e9 de nouveaux sous-titres pour les marchandises qui pourraient \u00eatre d\u00e9tourn\u00e9es \u00e0 des fins non autoris\u00e9es, comme des mati\u00e8res radioactives ou pour faciliter la surveillance et le contr\u00f4le de divers produits \u00e0 double usage.<\/p>\n\n\n\n<h3 class=\"wp-block-heading\">Mat\u00e9riel contr\u00f4l\u00e9 en vertu de conventions internationales<\/h3>\n\n\n\n<p>HS 2022 comprend de nouvelles sous-positions pour les \u00e9l\u00e9ments suivants :<\/p>\n\n\n\n<ul class=\"wp-block-list\"><li>Certains produits chimiques&nbsp;pr\u00e9cis&nbsp;contr\u00f4l\u00e9s par l\u2019Organisation pour l\u2019interdiction des armes chimiques.&nbsp;<\/li><li>Produits chimiques dangereux contr\u00f4l\u00e9s en vertu de la Convention de Rotterdam.&nbsp;<\/li><li>Polluants organiques persistants contr\u00f4l\u00e9s en vertu de la Convention de Stockholm.<\/li><li>Substances et d\u00e9riv\u00e9s de fentanyl-opio\u00efdes contr\u00f4l\u00e9s par l\u2019Organe international de contr\u00f4le des stup\u00e9fiants.<\/li><\/ul>\n\n\n\n<h3 class=\"wp-block-heading\">D\u00e9chets \u00e9lectroniques<\/h3>\n\n\n\n<p>Il existe de nouvelles dispositions pour les d\u00e9chets \u00e9lectroniques. Les d\u00e9chets tels que les piles, les cartes de circuits imprim\u00e9s et le verre du tube \u00e0 rayons cathodiques ont \u00e9t\u00e9 d\u00e9plac\u00e9s des positions 3825 et 7001 \u00e0 la position 8549, afin d\u2019offrir une meilleure visibilit\u00e9 et d\u2019aider les pays \u00e0 respecter la Convention de B\u00e2le.<\/p>\n\n\n\n<h3 class=\"wp-block-heading\">\u00c9lectronique<\/h3>\n\n\n\n<p>De nouvelles positions ont \u00e9t\u00e9 ajout\u00e9es pour les imprimantes 3D afin de les diff\u00e9rencier en fonction du type de d\u00e9p\u00f4t, comme le caoutchouc, le plastique, le pl\u00e2tre ou la c\u00e9ramique. La technologie des t\u00e9l\u00e9phones intelligents a \u00e9volu\u00e9 rapidement au cours des derni\u00e8res ann\u00e9es. \u00c0 cette fin, l\u2019OMD a ajout\u00e9 une nouvelle sous-position et une note de chapitre pour d\u00e9finir le terme. Des modules d\u2019affichage \u00e0 \u00e9cran plat ont \u00e9t\u00e9 d\u00e9finis et une classification a \u00e9t\u00e9 ajout\u00e9e.<br>Des ampoules \u00e0 DEL, y compris la vari\u00e9t\u00e9 \u00e0 \u00e9nergie solaire, et les classifications de luminaires ont \u00e9t\u00e9 ajout\u00e9es. Les codes SH pour les cam\u00e9ras de t\u00e9l\u00e9vision, les cam\u00e9ras num\u00e9riques et les cam\u00e9ras vid\u00e9o enregistreuses ont \u00e9t\u00e9 d\u00e9compos\u00e9s pour faciliter la surveillance et le contr\u00f4le des articles \u00e0 double usage.<\/p>\n\n\n\n<h3 class=\"wp-block-heading\">Produits alimentaires<\/h3>\n\n\n\n<p>Il existe de nouvelles dispositions pour :<\/p>\n\n\n\n<ul class=\"wp-block-list\"><li>Farines, poudres et agglom\u00e9r\u00e9s sous forme de granul\u00e9s de poissons, de crustac\u00e9s, de mollusques et d\u2019autres invert\u00e9br\u00e9s aquatiques qui conviennent \u00e0 la consommation humaine dans la position 0309.<\/li><li>Les produits comestibles non vivants sont maintenant offerts sp\u00e9cifiquement dans la position 0410.<\/li><li>Graisses et huiles microbiennes comestibles.<\/li><li>Truffes et champignons, en raison de l\u2019accroissement des volumes de commerce.<\/li><\/ul>\n\n\n\n<p>L\u2019huile d\u2019olive vierge et l\u2019huile d\u2019olive extra vierge ont \u00e9t\u00e9 restructur\u00e9es en raison de l\u2019accroissement du commerce et pour s\u2019aligner sur les d\u00e9finitions sp\u00e9cifi\u00e9es dans la norme de commerce de la COI pour les huiles d\u2019olive et les huiles de grignons. La position 0403 pour le yogourt comprendra du yogourt contenant des \u00e9pices, du caf\u00e9, des extraits de caf\u00e9, des v\u00e9g\u00e9taux, des parties v\u00e9g\u00e9tales, des c\u00e9r\u00e9ales ou des produits de boulangerie. Aux \u00c9tats-Unis, les arachides blanchies sont pass\u00e9es de la position 2008 \u00e0 1202, conservant les m\u00eames taux de droits et les m\u00eames traitements contingentaires.<\/p>\n\n\n\n<h3 class=\"wp-block-heading\">Automobile<\/h3>\n\n\n\n<p>Il y a une nouvelle disposition dans la position 8707.22 pour les pare-brise automobiles, les vitres arri\u00e8re et autres fen\u00eatres encadr\u00e9es pour les v\u00e9hicules \u00e0 moteur sous les positions 8701 \u00e0 8705, ainsi que les fen\u00eatres automobiles incorporant des dispositifs \u00e9lectriques ou \u00e9lectroniques. De plus, l\u2019OMD a cr\u00e9\u00e9 de nouvelles sous-positions 8701.21 \u00e0 8701.29 pour les v\u00e9hicules hybrides et \u00e9lectriques. Le SH 2022 \u00e9largit les dispositions de la position 8704 pour certains tracteurs et v\u00e9hicules automobiles qui transportent des marchandises afin d\u2019inclure de nouvelles sous-positions pour les v\u00e9hicules lourds qui sont hybrides ou enti\u00e8rement \u00e9lectriques.<\/p>\n\n\n\n<h3 class=\"wp-block-heading\">Navigation de plaisance<\/h3>\n\n\n\n<p>Le SH 2022 comprend de nouvelles r\u00e9partitions pour les bateaux pneumatiques, les voiliers, les bateaux \u00e0 moteur et les canots.<\/p>\n\n\n\n<h3 class=\"wp-block-heading\">\u00c9quipement de parc d\u2019attractions<\/h3>\n\n\n\n<p>De nouvelles cat\u00e9gories et d\u00e9finitions du SH ont \u00e9t\u00e9 cr\u00e9\u00e9es pour distinguer les man\u00e8ges des parcs d\u2019attractions des parcs aquatiques et des divertissements de foires, avec de nouveaux codes SH pour des choses telles que les montagnes russes, les autos tamponneuses et les man\u00e8ges aquatiques.<\/p>\n\n\n\n<h3 class=\"wp-block-heading\">Articles culturels<\/h3>\n\n\n\n<p>Dans le chapitre 97, les positions ont \u00e9t\u00e9 subdivis\u00e9es en fonction du crit\u00e8re d\u2019\u00e2ge ou de la cat\u00e9gorie pour faciliter la surveillance et la lutte contre le commerce illicite et le trafic d\u2019articles culturels.<\/p>\n\n\n\n<h2 class=\"wp-block-heading\">Que doivent faire les importateurs?<\/h2>\n\n\n\n<p>Avant que ces changements entrent en vigueur, les entreprises doivent examiner leurs listes de produits touch\u00e9s, puis mettre \u00e0 jour les codes de classification du SH ainsi que tout accord de libre-\u00e9change touch\u00e9. Ensuite, ils doivent informer Livingston de ces changements afin que nous puissions continuer \u00e0 r\u00e9pondre \u00e0 vos besoins commerciaux.<\/p>\n\n\n\n<h2 class=\"wp-block-heading\">Comment Livingston peut aider<\/h2>\n\n\n\n<p>Le SH 2022 apporte d\u2019\u00e9normes changements aux codes du SH en place. Si vous n\u2019avez pas mis \u00e0 jour vos codes, vous risquez d\u2019importants retards dans la cha\u00eene d\u2019approvisionnement ainsi que des droits et des frais accrus. Livingston peut comparer votre liste existante aux changements propos\u00e9s et vous fournir une estimation des r\u00e9percussions.<\/p>\n\n\n\n<p><a class=\"button\" href=\"\/fr\/obtenir-un-devis\/\" tabindex=\"0\">Obtenir un devis<\/a><\/p>\n","protected":false},"excerpt":{"rendered":"<p>Ce que les importateurs doivent savoir\u00a0 Tous les cinq ans, l\u2019Organisation mondiale des douanes (OMD) examine le SH pour s\u2019assurer qu\u2019il demeure \u00e0 jour \u00e0 la lumi\u00e8re des progr\u00e8s technologiques, des nouveaux produits et des enjeux mondiaux. L\u2019OMD a r\u00e9cemment adopt\u00e9 351 cat\u00e9gories de modifications au SH, qui entreront en vigueur le 1er janvier 2022<a class=\"excerpt-read-more\" href=\"https:\/\/www.livingstonintl.com\/fr\/tarif-douanier-harmonise\/\" title=\"ReadTarif Douanier Harmonis\u00e9\">&#8230; Read more &raquo;<\/a><\/p>\n","protected":false},"author":45,"featured_media":0,"parent":0,"menu_order":199,"comment_status":"closed","ping_status":"closed","template":"template-retired\/page-landing-withsidebar.php","meta":{"_acf_changed":false,"footnotes":""},"class_list":["post-55403","page","type-page","status-publish","hentry"],"acf":[],"yoast_head":"<!-- This site is optimized with the Yoast SEO plugin v27.2 - https:\/\/yoast.com\/product\/yoast-seo-wordpress\/ -->\n<title>Tarif Douanier Harmonis\u00e9 - Livingston International<\/title>\n<meta name=\"robots\" content=\"index, follow, max-snippet:-1, max-image-preview:large, max-video-preview:-1\" \/>\n<link rel=\"canonical\" href=\"https:\/\/www.livingstonintl.com\/fr\/tarif-douanier-harmonise\/\" \/>\n<meta property=\"og:locale\" content=\"fr_FR\" \/>\n<meta property=\"og:type\" content=\"article\" \/>\n<meta property=\"og:title\" content=\"Tarif Douanier Harmonis\u00e9 - Livingston International\" \/>\n<meta property=\"og:description\" content=\"Ce que les importateurs doivent savoir\u00a0 Tous les cinq ans, l\u2019Organisation mondiale des douanes (OMD) examine le SH pour s\u2019assurer qu\u2019il demeure \u00e0 jour \u00e0 la lumi\u00e8re des progr\u00e8s technologiques, des nouveaux produits et des enjeux mondiaux. L\u2019OMD a r\u00e9cemment adopt\u00e9 351 cat\u00e9gories de modifications au SH, qui entreront en vigueur le 1er janvier 2022... Read more &raquo;\" \/>\n<meta property=\"og:url\" content=\"https:\/\/www.livingstonintl.com\/fr\/tarif-douanier-harmonise\/\" \/>\n<meta property=\"og:site_name\" content=\"Livingston International\" \/>\n<meta property=\"article:publisher\" content=\"https:\/\/www.facebook.com\/livingstoninternational\" \/>\n<meta property=\"article:modified_time\" content=\"2021-12-20T16:01:10+00:00\" \/>\n<meta property=\"og:image\" content=\"https:\/\/cdn.livingstonintl.com\/livingston-content\/uploads\/2022\/09\/12163235\/2022-livingston-fb.jpg\" \/>\n\t<meta property=\"og:image:width\" content=\"1200\" \/>\n\t<meta property=\"og:image:height\" content=\"630\" \/>\n\t<meta property=\"og:image:type\" content=\"image\/jpeg\" \/>\n<meta name=\"twitter:label1\" content=\"Dur\u00e9e de lecture estim\u00e9e\" \/>\n\t<meta name=\"twitter:data1\" content=\"5 minutes\" \/>\n<script type=\"application\/ld+json\" class=\"yoast-schema-graph\">{\"@context\":\"https:\/\/schema.org\",\"@graph\":[{\"@type\":\"WebPage\",\"@id\":\"https:\/\/www.livingstonintl.com\/fr\/tarif-douanier-harmonise\/\",\"url\":\"https:\/\/www.livingstonintl.com\/fr\/tarif-douanier-harmonise\/\",\"name\":\"Tarif Douanier Harmonis\u00e9 - Livingston International\",\"isPartOf\":{\"@id\":\"https:\/\/www.livingstonintl.com\/fr\/#website\"},\"datePublished\":\"2021-12-20T16:01:08+00:00\",\"dateModified\":\"2021-12-20T16:01:10+00:00\",\"breadcrumb\":{\"@id\":\"https:\/\/www.livingstonintl.com\/fr\/tarif-douanier-harmonise\/#breadcrumb\"},\"inLanguage\":\"fr-FR\",\"potentialAction\":[{\"@type\":\"ReadAction\",\"target\":[\"https:\/\/www.livingstonintl.com\/fr\/tarif-douanier-harmonise\/\"]}]},{\"@type\":\"BreadcrumbList\",\"@id\":\"https:\/\/www.livingstonintl.com\/fr\/tarif-douanier-harmonise\/#breadcrumb\",\"itemListElement\":[{\"@type\":\"ListItem\",\"position\":1,\"name\":\"Accueil\",\"item\":\"https:\/\/www.livingstonintl.com\/fr\/\"},{\"@type\":\"ListItem\",\"position\":2,\"name\":\"Tarif Douanier Harmonis\u00e9\"}]},{\"@type\":\"WebSite\",\"@id\":\"https:\/\/www.livingstonintl.com\/fr\/#website\",\"url\":\"https:\/\/www.livingstonintl.com\/fr\/\",\"name\":\"Livingston International\",\"description\":\"Simplify Trade\",\"publisher\":{\"@id\":\"https:\/\/www.livingstonintl.com\/fr\/#organization\"},\"potentialAction\":[{\"@type\":\"SearchAction\",\"target\":{\"@type\":\"EntryPoint\",\"urlTemplate\":\"https:\/\/www.livingstonintl.com\/fr\/?s={search_term_string}\"},\"query-input\":{\"@type\":\"PropertyValueSpecification\",\"valueRequired\":true,\"valueName\":\"search_term_string\"}}],\"inLanguage\":\"fr-FR\"},{\"@type\":\"Organization\",\"@id\":\"https:\/\/www.livingstonintl.com\/fr\/#organization\",\"name\":\"Livingston International\",\"url\":\"https:\/\/www.livingstonintl.com\/fr\/\",\"logo\":{\"@type\":\"ImageObject\",\"inLanguage\":\"fr-FR\",\"@id\":\"https:\/\/www.livingstonintl.com\/fr\/#\/schema\/logo\/image\/\",\"url\":\"https:\/\/cdn.livingstonintl.com\/livingston-content\/uploads\/2022\/09\/12163235\/2022-livingston-fb.jpg\",\"contentUrl\":\"https:\/\/cdn.livingstonintl.com\/livingston-content\/uploads\/2022\/09\/12163235\/2022-livingston-fb.jpg\",\"width\":1200,\"height\":630,\"caption\":\"Livingston International\"},\"image\":{\"@id\":\"https:\/\/www.livingstonintl.com\/fr\/#\/schema\/logo\/image\/\"},\"sameAs\":[\"https:\/\/www.facebook.com\/livingstoninternational\",\"https:\/\/x.com\/livingston_intl\",\"https:\/\/linkedin.com\/company\/livingston-international\"]}]}<\/script>\n<!-- \/ Yoast SEO plugin. -->","yoast_head_json":{"title":"Tarif Douanier Harmonis\u00e9 - Livingston International","robots":{"index":"index","follow":"follow","max-snippet":"max-snippet:-1","max-image-preview":"max-image-preview:large","max-video-preview":"max-video-preview:-1"},"canonical":"https:\/\/www.livingstonintl.com\/fr\/tarif-douanier-harmonise\/","og_locale":"fr_FR","og_type":"article","og_title":"Tarif Douanier Harmonis\u00e9 - Livingston International","og_description":"Ce que les importateurs doivent savoir\u00a0 Tous les cinq ans, l\u2019Organisation mondiale des douanes (OMD) examine le SH pour s\u2019assurer qu\u2019il demeure \u00e0 jour \u00e0 la lumi\u00e8re des progr\u00e8s technologiques, des nouveaux produits et des enjeux mondiaux. L\u2019OMD a r\u00e9cemment adopt\u00e9 351 cat\u00e9gories de modifications au SH, qui entreront en vigueur le 1er janvier 2022... Read more &raquo;","og_url":"https:\/\/www.livingstonintl.com\/fr\/tarif-douanier-harmonise\/","og_site_name":"Livingston International","article_publisher":"https:\/\/www.facebook.com\/livingstoninternational","article_modified_time":"2021-12-20T16:01:10+00:00","og_image":[{"width":1200,"height":630,"url":"https:\/\/cdn.livingstonintl.com\/livingston-content\/uploads\/2022\/09\/12163235\/2022-livingston-fb.jpg","type":"image\/jpeg"}],"twitter_misc":{"Dur\u00e9e de lecture estim\u00e9e":"5 minutes"},"schema":{"@context":"https:\/\/schema.org","@graph":[{"@type":"WebPage","@id":"https:\/\/www.livingstonintl.com\/fr\/tarif-douanier-harmonise\/","url":"https:\/\/www.livingstonintl.com\/fr\/tarif-douanier-harmonise\/","name":"Tarif Douanier Harmonis\u00e9 - Livingston International","isPartOf":{"@id":"https:\/\/www.livingstonintl.com\/fr\/#website"},"datePublished":"2021-12-20T16:01:08+00:00","dateModified":"2021-12-20T16:01:10+00:00","breadcrumb":{"@id":"https:\/\/www.livingstonintl.com\/fr\/tarif-douanier-harmonise\/#breadcrumb"},"inLanguage":"fr-FR","potentialAction":[{"@type":"ReadAction","target":["https:\/\/www.livingstonintl.com\/fr\/tarif-douanier-harmonise\/"]}]},{"@type":"BreadcrumbList","@id":"https:\/\/www.livingstonintl.com\/fr\/tarif-douanier-harmonise\/#breadcrumb","itemListElement":[{"@type":"ListItem","position":1,"name":"Accueil","item":"https:\/\/www.livingstonintl.com\/fr\/"},{"@type":"ListItem","position":2,"name":"Tarif Douanier Harmonis\u00e9"}]},{"@type":"WebSite","@id":"https:\/\/www.livingstonintl.com\/fr\/#website","url":"https:\/\/www.livingstonintl.com\/fr\/","name":"Livingston International","description":"Simplify Trade","publisher":{"@id":"https:\/\/www.livingstonintl.com\/fr\/#organization"},"potentialAction":[{"@type":"SearchAction","target":{"@type":"EntryPoint","urlTemplate":"https:\/\/www.livingstonintl.com\/fr\/?s={search_term_string}"},"query-input":{"@type":"PropertyValueSpecification","valueRequired":true,"valueName":"search_term_string"}}],"inLanguage":"fr-FR"},{"@type":"Organization","@id":"https:\/\/www.livingstonintl.com\/fr\/#organization","name":"Livingston International","url":"https:\/\/www.livingstonintl.com\/fr\/","logo":{"@type":"ImageObject","inLanguage":"fr-FR","@id":"https:\/\/www.livingstonintl.com\/fr\/#\/schema\/logo\/image\/","url":"https:\/\/cdn.livingstonintl.com\/livingston-content\/uploads\/2022\/09\/12163235\/2022-livingston-fb.jpg","contentUrl":"https:\/\/cdn.livingstonintl.com\/livingston-content\/uploads\/2022\/09\/12163235\/2022-livingston-fb.jpg","width":1200,"height":630,"caption":"Livingston International"},"image":{"@id":"https:\/\/www.livingstonintl.com\/fr\/#\/schema\/logo\/image\/"},"sameAs":["https:\/\/www.facebook.com\/livingstoninternational","https:\/\/x.com\/livingston_intl","https:\/\/linkedin.com\/company\/livingston-international"]}]}},"_links":{"self":[{"href":"https:\/\/wp.livingstonintl.com\/fr\/wp-json\/wp\/v2\/pages\/55403","targetHints":{"allow":["GET"]}}],"collection":[{"href":"https:\/\/wp.livingstonintl.com\/fr\/wp-json\/wp\/v2\/pages"}],"about":[{"href":"https:\/\/wp.livingstonintl.com\/fr\/wp-json\/wp\/v2\/types\/page"}],"author":[{"embeddable":true,"href":"https:\/\/wp.livingstonintl.com\/fr\/wp-json\/wp\/v2\/users\/45"}],"replies":[{"embeddable":true,"href":"https:\/\/wp.livingstonintl.com\/fr\/wp-json\/wp\/v2\/comments?post=55403"}],"version-history":[{"count":2,"href":"https:\/\/wp.livingstonintl.com\/fr\/wp-json\/wp\/v2\/pages\/55403\/revisions"}],"predecessor-version":[{"id":55646,"href":"https:\/\/wp.livingstonintl.com\/fr\/wp-json\/wp\/v2\/pages\/55403\/revisions\/55646"}],"wp:attachment":[{"href":"https:\/\/wp.livingstonintl.com\/fr\/wp-json\/wp\/v2\/media?parent=55403"}],"curies":[{"name":"wp","href":"https:\/\/api.w.org\/{rel}","templated":true}]}}