{"id":58517,"date":"2023-04-28T14:59:39","date_gmt":"2023-04-28T18:59:39","guid":{"rendered":"https:\/\/www.livingstonintl.com\/?page_id=58517"},"modified":"2024-08-21T09:48:02","modified_gmt":"2024-08-21T13:48:02","slug":"shawn-kloostra","status":"publish","type":"page","link":"https:\/\/www.livingstonintl.com\/fr\/a-propos-de-nous\/executive-team\/shawn-kloostra\/","title":{"rendered":"Shawn Kloostra"},"content":{"rendered":"<h3 class=\"wp-block-heading\">Vice-pr\u00e9sident principal<br \/>\n<span style=\"font-size: 0.7em; color: #7d8e9f;\">Solutions douani\u00e8res<\/span><\/h3>\n<p>En tant que vice-pr\u00e9sident principal des solutions douani\u00e8res, Shawn est responsable du maintien et de l&rsquo;\u00e9volution des op\u00e9rations de courtage de l&rsquo;entreprise &#8211; qu\u2019il s\u2019agisse de la rapidit\u00e9 de livraison, la qualit\u00e9 du service, les am\u00e9liorations op\u00e9rationnelles ou l&rsquo;optimisation des produits. Il dirige une importante \u00e9quipe de sp\u00e9cialistes en mettant l&rsquo;accent sur la collaboration et l&rsquo;innovation par le biais de l&rsquo;autonomisation.<\/p>\n<p>Shawn s\u2019est joint \u00e0 Livingston en 1999 en tant que sp\u00e9cialiste en douane et a occup\u00e9 des postes de plus en plus importants. Avant d\u2019occuper le poste de vice-pr\u00e9sident principal, solutions douani\u00e8res, Shawn occupait le poste de vice-pr\u00e9sident, courtage canadien, o\u00f9 il s\u2019est concentr\u00e9 sur la mise en \u0153uvre d\u2019initiatives visant \u00e0 faire accro\u00eetre l\u2019efficacit\u00e9 et la rentabilit\u00e9, l\u2019am\u00e9lioration des processus pour am\u00e9liorer l\u2019exp\u00e9rience client, la transformation num\u00e9rique et le d\u00e9veloppement de relations avec les clients.<\/p>\n<p>Ses domaines d\u2019expertise comprennent la r\u00e9glementation douani\u00e8re internationale, la logistique mondiale, la strat\u00e9gie organisationnelle, l\u2019ing\u00e9nierie des processus et la consolidation d\u2019\u00e9quipe.<\/p>\n<p>Shawn est titulaire d&rsquo;un titre professionnel de l&rsquo;Agence des services frontaliers du Canada et est courtier en douane agr\u00e9\u00e9, sp\u00e9cialiste agr\u00e9\u00e9 de la conformit\u00e9 r\u00e9glementaire (CTCS), sp\u00e9cialiste en douane agr\u00e9\u00e9 (CCS) et est \u00e9galement titulaire de la d\u00e9signation P.Log (logisticien professionnel). Il est titulaire d&rsquo;un dipl\u00f4me en administration des douanes du Fleming College et est dipl\u00f4m\u00e9 du programme de formation pour cadres de l&rsquo;Universit\u00e9 Queen&rsquo;s.<\/p>\n","protected":false},"excerpt":{"rendered":"<p>Vice-pr\u00e9sident principal Solutions douani\u00e8res En tant que vice-pr\u00e9sident principal des solutions douani\u00e8res, Shawn est responsable du maintien et de l&rsquo;\u00e9volution des op\u00e9rations de courtage de l&rsquo;entreprise &#8211; qu\u2019il s\u2019agisse de la rapidit\u00e9 de livraison, la qualit\u00e9 du service, les am\u00e9liorations op\u00e9rationnelles ou l&rsquo;optimisation des produits. Il dirige une importante \u00e9quipe de sp\u00e9cialistes en mettant l&rsquo;accent<a class=\"excerpt-read-more\" href=\"https:\/\/www.livingstonintl.com\/fr\/a-propos-de-nous\/executive-team\/shawn-kloostra\/\" title=\"ReadShawn Kloostra\">&#8230; Read more &raquo;<\/a><\/p>\n","protected":false},"author":54,"featured_media":0,"parent":354,"menu_order":32,"comment_status":"closed","ping_status":"closed","template":"template-page\/page-minimal.php","meta":{"_acf_changed":false,"footnotes":""},"class_list":["post-58517","page","type-page","status-publish","hentry"],"acf":[],"yoast_head":"<!-- This site is optimized with the Yoast SEO plugin v27.2 - https:\/\/yoast.com\/product\/yoast-seo-wordpress\/ -->\n<title>Shawn Kloostra - Livingston International<\/title>\n<meta name=\"description\" content=\"En tant que vice-pr\u00e9sident principal des solutions douani\u00e8res, Shawn est responsable du maintien et de l&#039;\u00e9volution des op\u00e9rations de courtage de l&#039;entreprise.\" \/>\n<meta name=\"robots\" content=\"index, follow, max-snippet:-1, max-image-preview:large, max-video-preview:-1\" \/>\n<link rel=\"canonical\" href=\"https:\/\/www.livingstonintl.com\/fr\/a-propos-de-nous\/executive-team\/shawn-kloostra\/\" \/>\n<meta property=\"og:locale\" content=\"fr_FR\" \/>\n<meta property=\"og:type\" content=\"article\" \/>\n<meta property=\"og:title\" content=\"Shawn Kloostra - Livingston International\" \/>\n<meta property=\"og:description\" content=\"En tant que vice-pr\u00e9sident principal des solutions douani\u00e8res, Shawn est responsable du maintien et de l&#039;\u00e9volution des op\u00e9rations de courtage de l&#039;entreprise.\" \/>\n<meta property=\"og:url\" content=\"https:\/\/www.livingstonintl.com\/fr\/a-propos-de-nous\/executive-team\/shawn-kloostra\/\" \/>\n<meta property=\"og:site_name\" content=\"Livingston International\" \/>\n<meta property=\"article:publisher\" content=\"https:\/\/www.facebook.com\/livingstoninternational\" \/>\n<meta property=\"article:modified_time\" content=\"2024-08-21T13:48:02+00:00\" \/>\n<meta property=\"og:image\" content=\"https:\/\/cdn.livingstonintl.com\/livingston-content\/uploads\/2022\/09\/12163235\/2022-livingston-fb.jpg\" \/>\n\t<meta property=\"og:image:width\" content=\"1200\" \/>\n\t<meta property=\"og:image:height\" content=\"630\" \/>\n\t<meta property=\"og:image:type\" content=\"image\/jpeg\" \/>\n<meta name=\"twitter:label1\" content=\"Dur\u00e9e de lecture estim\u00e9e\" \/>\n\t<meta name=\"twitter:data1\" content=\"1 minute\" \/>\n<script type=\"application\/ld+json\" class=\"yoast-schema-graph\">{\"@context\":\"https:\/\/schema.org\",\"@graph\":[{\"@type\":\"WebPage\",\"@id\":\"https:\/\/www.livingstonintl.com\/fr\/a-propos-de-nous\/executive-team\/shawn-kloostra\/\",\"url\":\"https:\/\/www.livingstonintl.com\/fr\/a-propos-de-nous\/executive-team\/shawn-kloostra\/\",\"name\":\"Shawn Kloostra - Livingston International\",\"isPartOf\":{\"@id\":\"https:\/\/www.livingstonintl.com\/fr\/#website\"},\"datePublished\":\"2023-04-28T18:59:39+00:00\",\"dateModified\":\"2024-08-21T13:48:02+00:00\",\"description\":\"En tant que vice-pr\u00e9sident principal des solutions douani\u00e8res, Shawn est responsable du maintien et de l'\u00e9volution des op\u00e9rations de courtage de l'entreprise.\",\"breadcrumb\":{\"@id\":\"https:\/\/www.livingstonintl.com\/fr\/a-propos-de-nous\/executive-team\/shawn-kloostra\/#breadcrumb\"},\"inLanguage\":\"fr-FR\",\"potentialAction\":[{\"@type\":\"ReadAction\",\"target\":[\"https:\/\/www.livingstonintl.com\/fr\/a-propos-de-nous\/executive-team\/shawn-kloostra\/\"]}]},{\"@type\":\"BreadcrumbList\",\"@id\":\"https:\/\/www.livingstonintl.com\/fr\/a-propos-de-nous\/executive-team\/shawn-kloostra\/#breadcrumb\",\"itemListElement\":[{\"@type\":\"ListItem\",\"position\":1,\"name\":\"Accueil\",\"item\":\"https:\/\/www.livingstonintl.com\/fr\/\"},{\"@type\":\"ListItem\",\"position\":2,\"name\":\"\u00c0 propos de nous\",\"item\":\"https:\/\/www.livingstonintl.com\/fr\/a-propos-de-nous\/\"},{\"@type\":\"ListItem\",\"position\":3,\"name\":\"Direction\",\"item\":\"https:\/\/www.livingstonintl.com\/fr\/a-propos-de-nous\/executive-team\/\"},{\"@type\":\"ListItem\",\"position\":4,\"name\":\"Shawn Kloostra\"}]},{\"@type\":\"WebSite\",\"@id\":\"https:\/\/www.livingstonintl.com\/fr\/#website\",\"url\":\"https:\/\/www.livingstonintl.com\/fr\/\",\"name\":\"Livingston International\",\"description\":\"Simplify Trade\",\"publisher\":{\"@id\":\"https:\/\/www.livingstonintl.com\/fr\/#organization\"},\"potentialAction\":[{\"@type\":\"SearchAction\",\"target\":{\"@type\":\"EntryPoint\",\"urlTemplate\":\"https:\/\/www.livingstonintl.com\/fr\/?s={search_term_string}\"},\"query-input\":{\"@type\":\"PropertyValueSpecification\",\"valueRequired\":true,\"valueName\":\"search_term_string\"}}],\"inLanguage\":\"fr-FR\"},{\"@type\":\"Organization\",\"@id\":\"https:\/\/www.livingstonintl.com\/fr\/#organization\",\"name\":\"Livingston International\",\"url\":\"https:\/\/www.livingstonintl.com\/fr\/\",\"logo\":{\"@type\":\"ImageObject\",\"inLanguage\":\"fr-FR\",\"@id\":\"https:\/\/www.livingstonintl.com\/fr\/#\/schema\/logo\/image\/\",\"url\":\"https:\/\/cdn.livingstonintl.com\/livingston-content\/uploads\/2022\/09\/12163235\/2022-livingston-fb.jpg\",\"contentUrl\":\"https:\/\/cdn.livingstonintl.com\/livingston-content\/uploads\/2022\/09\/12163235\/2022-livingston-fb.jpg\",\"width\":1200,\"height\":630,\"caption\":\"Livingston International\"},\"image\":{\"@id\":\"https:\/\/www.livingstonintl.com\/fr\/#\/schema\/logo\/image\/\"},\"sameAs\":[\"https:\/\/www.facebook.com\/livingstoninternational\",\"https:\/\/x.com\/livingston_intl\",\"https:\/\/linkedin.com\/company\/livingston-international\"]}]}<\/script>\n<!-- \/ Yoast SEO plugin. -->","yoast_head_json":{"title":"Shawn Kloostra - Livingston International","description":"En tant que vice-pr\u00e9sident principal des solutions douani\u00e8res, Shawn est responsable du maintien et de l'\u00e9volution des op\u00e9rations de courtage de l'entreprise.","robots":{"index":"index","follow":"follow","max-snippet":"max-snippet:-1","max-image-preview":"max-image-preview:large","max-video-preview":"max-video-preview:-1"},"canonical":"https:\/\/www.livingstonintl.com\/fr\/a-propos-de-nous\/executive-team\/shawn-kloostra\/","og_locale":"fr_FR","og_type":"article","og_title":"Shawn Kloostra - Livingston International","og_description":"En tant que vice-pr\u00e9sident principal des solutions douani\u00e8res, Shawn est responsable du maintien et de l'\u00e9volution des op\u00e9rations de courtage de l'entreprise.","og_url":"https:\/\/www.livingstonintl.com\/fr\/a-propos-de-nous\/executive-team\/shawn-kloostra\/","og_site_name":"Livingston International","article_publisher":"https:\/\/www.facebook.com\/livingstoninternational","article_modified_time":"2024-08-21T13:48:02+00:00","og_image":[{"width":1200,"height":630,"url":"https:\/\/cdn.livingstonintl.com\/livingston-content\/uploads\/2022\/09\/12163235\/2022-livingston-fb.jpg","type":"image\/jpeg"}],"twitter_misc":{"Dur\u00e9e de lecture estim\u00e9e":"1 minute"},"schema":{"@context":"https:\/\/schema.org","@graph":[{"@type":"WebPage","@id":"https:\/\/www.livingstonintl.com\/fr\/a-propos-de-nous\/executive-team\/shawn-kloostra\/","url":"https:\/\/www.livingstonintl.com\/fr\/a-propos-de-nous\/executive-team\/shawn-kloostra\/","name":"Shawn Kloostra - Livingston International","isPartOf":{"@id":"https:\/\/www.livingstonintl.com\/fr\/#website"},"datePublished":"2023-04-28T18:59:39+00:00","dateModified":"2024-08-21T13:48:02+00:00","description":"En tant que vice-pr\u00e9sident principal des solutions douani\u00e8res, Shawn est responsable du maintien et de l'\u00e9volution des op\u00e9rations de courtage de l'entreprise.","breadcrumb":{"@id":"https:\/\/www.livingstonintl.com\/fr\/a-propos-de-nous\/executive-team\/shawn-kloostra\/#breadcrumb"},"inLanguage":"fr-FR","potentialAction":[{"@type":"ReadAction","target":["https:\/\/www.livingstonintl.com\/fr\/a-propos-de-nous\/executive-team\/shawn-kloostra\/"]}]},{"@type":"BreadcrumbList","@id":"https:\/\/www.livingstonintl.com\/fr\/a-propos-de-nous\/executive-team\/shawn-kloostra\/#breadcrumb","itemListElement":[{"@type":"ListItem","position":1,"name":"Accueil","item":"https:\/\/www.livingstonintl.com\/fr\/"},{"@type":"ListItem","position":2,"name":"\u00c0 propos de nous","item":"https:\/\/www.livingstonintl.com\/fr\/a-propos-de-nous\/"},{"@type":"ListItem","position":3,"name":"Direction","item":"https:\/\/www.livingstonintl.com\/fr\/a-propos-de-nous\/executive-team\/"},{"@type":"ListItem","position":4,"name":"Shawn Kloostra"}]},{"@type":"WebSite","@id":"https:\/\/www.livingstonintl.com\/fr\/#website","url":"https:\/\/www.livingstonintl.com\/fr\/","name":"Livingston International","description":"Simplify Trade","publisher":{"@id":"https:\/\/www.livingstonintl.com\/fr\/#organization"},"potentialAction":[{"@type":"SearchAction","target":{"@type":"EntryPoint","urlTemplate":"https:\/\/www.livingstonintl.com\/fr\/?s={search_term_string}"},"query-input":{"@type":"PropertyValueSpecification","valueRequired":true,"valueName":"search_term_string"}}],"inLanguage":"fr-FR"},{"@type":"Organization","@id":"https:\/\/www.livingstonintl.com\/fr\/#organization","name":"Livingston International","url":"https:\/\/www.livingstonintl.com\/fr\/","logo":{"@type":"ImageObject","inLanguage":"fr-FR","@id":"https:\/\/www.livingstonintl.com\/fr\/#\/schema\/logo\/image\/","url":"https:\/\/cdn.livingstonintl.com\/livingston-content\/uploads\/2022\/09\/12163235\/2022-livingston-fb.jpg","contentUrl":"https:\/\/cdn.livingstonintl.com\/livingston-content\/uploads\/2022\/09\/12163235\/2022-livingston-fb.jpg","width":1200,"height":630,"caption":"Livingston International"},"image":{"@id":"https:\/\/www.livingstonintl.com\/fr\/#\/schema\/logo\/image\/"},"sameAs":["https:\/\/www.facebook.com\/livingstoninternational","https:\/\/x.com\/livingston_intl","https:\/\/linkedin.com\/company\/livingston-international"]}]}},"_links":{"self":[{"href":"https:\/\/wp.livingstonintl.com\/fr\/wp-json\/wp\/v2\/pages\/58517","targetHints":{"allow":["GET"]}}],"collection":[{"href":"https:\/\/wp.livingstonintl.com\/fr\/wp-json\/wp\/v2\/pages"}],"about":[{"href":"https:\/\/wp.livingstonintl.com\/fr\/wp-json\/wp\/v2\/types\/page"}],"author":[{"embeddable":true,"href":"https:\/\/wp.livingstonintl.com\/fr\/wp-json\/wp\/v2\/users\/54"}],"replies":[{"embeddable":true,"href":"https:\/\/wp.livingstonintl.com\/fr\/wp-json\/wp\/v2\/comments?post=58517"}],"version-history":[{"count":3,"href":"https:\/\/wp.livingstonintl.com\/fr\/wp-json\/wp\/v2\/pages\/58517\/revisions"}],"predecessor-version":[{"id":60670,"href":"https:\/\/wp.livingstonintl.com\/fr\/wp-json\/wp\/v2\/pages\/58517\/revisions\/60670"}],"up":[{"embeddable":true,"href":"https:\/\/wp.livingstonintl.com\/fr\/wp-json\/wp\/v2\/pages\/354"}],"wp:attachment":[{"href":"https:\/\/wp.livingstonintl.com\/fr\/wp-json\/wp\/v2\/media?parent=58517"}],"curies":[{"name":"wp","href":"https:\/\/api.w.org\/{rel}","templated":true}]}}