{"id":62153,"date":"2025-04-07T06:24:38","date_gmt":"2025-04-07T10:24:38","guid":{"rendered":"https:\/\/www.livingstonintl.com\/?page_id=62153"},"modified":"2025-04-07T06:24:41","modified_gmt":"2025-04-07T10:24:41","slug":"temoignages-demployes","status":"publish","type":"page","link":"https:\/\/www.livingstonintl.com\/fr\/carrieres\/temoignages-demployes\/","title":{"rendered":"T\u00e9moignages d\u2019employ\u00e9s"},"content":{"rendered":"\n<style type=\"text\/css\">\n   #mainContent .page-info-sheet .lii-block.c-videos{\n      margin-top:3rem;\n   }\n\n   .c-videos .cell h3{\n      margin-bottom:1.25rem;\n   }\n\n   .c-videos .cell p{\n      transition:0.3s;\n      filter: drop-shadow(0 .3125rem .625rem rgba(0, 0, 0, .15));\n   }\n\n   .c-videos .cell:hover p{\n      transform: scale(1.05);\n      filter:drop-shadow(0 .625rem .625rem rgba(0, 0, 0, .15));\n   }\n\n\n\/* Medium Screens *\/\n@media only screen and (max-width: 63.9988em){\n\n}\n\n\/* Small Screens *\/\n@media only screen and (max-width: 39.9988em){\n\n}\n\n<\/style>\n\n\n\n<p class=\"supratitle\">CE QUE NOS PERSONNES DISENT<\/p>\n\n\n\n<h1 class=\"wp-block-heading\">\u00ab Mon travail change le cours des choses. \u00bb<\/h1>\n\n\n\n<p class=\"has-text-align-center\">Automobile. M\u00e9decine. Alimentation. \u00c9nergie. Agriculture. Et bien plus encore. \u00ab&nbsp;Quand nous sommes \u00e0 leurs c\u00f4t\u00e9s, nos clients peuvent accomplir de grandes choses.&nbsp;\u00bb<\/p>\n\n\n\n<div style=\"margin-top:4rem; margin-bottom:4rem;\">\n<script src=\"https:\/\/fast.wistia.com\/player.js\" async><\/script><script src=\"https:\/\/fast.wistia.com\/embed\/fkwyv7263e.js\" async type=\"module\"><\/script><style>wistia-player[media-id='fkwyv7263e']:not(:defined) { background: center \/ contain no-repeat url('https:\/\/fast.wistia.com\/embed\/medias\/fkwyv7263e\/swatch'); display: block; filter: blur(5px); padding-top:56.25%; }<\/style> <wistia-player media-id=\"fkwyv7263e\" aspect=\"1.7777777777777777\"><\/wistia-player><\/div>\n\n\n\n<!-- TEXT BLOCKS -->\n<div id=\"text-block_f9af18510319ce955855cc0117f4c0e5\" class=\"lii-block lii-block-text no-padding-top no-padding-bottom c-videos white-background no-border\">\n\n\t\n\t\t<section class=\"grid-container lii-columns \">\n\t\t<div class=\"grid-x grid-margin-x \">\n\t\t\t\t\t\t<div class=\"cell small-12 medium-auto\">\n\t\t\t\t\t\t\t\t<h3 class=\"\"><span class=\"h4\">Livingston se soucie r\u00e9ellement.<\/span><br><span class=\"h5\" style=\"margin-bottom: 1.5rem;     font-weight: 400;     color: #485865;\">Amie<\/span><\/h3><p><script src=\"https:\/\/fast.wistia.com\/player.js\" async><\/script><script src=\"https:\/\/fast.wistia.com\/embed\/ppn9wjf8oh.js\" async type=\"module\"><\/script><style>wistia-player[media-id='ppn9wjf8oh']:not(:defined) { background: center \/ contain no-repeat url('https:\/\/fast.wistia.com\/embed\/medias\/ppn9wjf8oh\/swatch'); display: block; filter: blur(5px); padding-top:56.25%; }<\/style> <wistia-player media-id=\"ppn9wjf8oh\" wistia-popover=\"true\" aspect=\"1.7777777777777777\"><\/wistia-player><\/p>\t\t\t<\/div>\n\t\t\t\t\t\t<div class=\"cell small-12 medium-auto\">\n\t\t\t\t\t\t\t\t<h3 class=\"\"><span class=\"h4\">Perfectionnement personnalis\u00e9.<\/span><br><span class=\"h5\" style=\"margin-bottom: 1.5rem;     font-weight: 400;     color: #485865;\">Amie<\/span><\/h3><p><script src=\"https:\/\/fast.wistia.com\/player.js\" async><\/script><script src=\"https:\/\/fast.wistia.com\/embed\/323jcdqnf7.js\" async type=\"module\"><\/script><style>wistia-player[media-id='323jcdqnf7']:not(:defined) { background: center \/ contain no-repeat url('https:\/\/fast.wistia.com\/embed\/medias\/323jcdqnf7\/swatch'); display: block; filter: blur(5px); padding-top:56.25%; }<\/style> <wistia-player media-id=\"323jcdqnf7\" wistia-popover=\"true\" aspect=\"1.7777777777777777\"><\/wistia-player><\/p>\t\t\t<\/div>\n\t\t\t\t\t\t<div class=\"cell small-12 medium-auto\">\n\t\t\t\t\t\t\t\t<h3 class=\"\"><span class=\"h4\">Aucune journ\u00e9e n\u2019est identique.<\/span><br><span class=\"h5\" style=\"margin-bottom: 1.5rem;     font-weight: 400;     color: #485865;\">Chris<\/span><\/h3><p><script src=\"https:\/\/fast.wistia.com\/player.js\" async><\/script><script src=\"https:\/\/fast.wistia.com\/embed\/fkwyv7263e.js\" async type=\"module\"><\/script><style>wistia-player[media-id='fkwyv7263e']:not(:defined) { background: center \/ contain no-repeat url('https:\/\/fast.wistia.com\/embed\/medias\/fkwyv7263e\/swatch'); display: block; filter: blur(5px); padding-top:56.25%; }<\/style> <wistia-player media-id=\"fkwyv7263e\" wistia-popover=\"true\" aspect=\"1.7777777777777777\"><\/wistia-player><\/p>\t\t\t<\/div>\n\t\t\t\t\t<\/div>\n\t<\/section>\n\t\n\t\n\t\n<\/div>\n<!-- \/ TEXT BLOCKS -->\n\n\n\n\n\n<!-- TEXT BLOCKS -->\n<div id=\"text-block_d895f2a8c0f845844caac4249bbb28aa\" class=\"lii-block lii-block-text no-padding-top no-padding-bottom c-videos white-background no-border\">\n\n\t\n\t\t<section class=\"grid-container lii-columns \">\n\t\t<div class=\"grid-x grid-margin-x \">\n\t\t\t\t\t\t<div class=\"cell small-12 medium-auto\">\n\t\t\t\t\t\t\t\t<h3 class=\"\"><span class=\"h4\">Mon \u00e9quipe est enthousiaste.<\/span><br><span class=\"h5\" style=\"margin-bottom: 1.5rem;     font-weight: 400;     color: #485865;\">Chris<\/span><\/h3><p><script src=\"https:\/\/fast.wistia.com\/player.js\" async><\/script><script src=\"https:\/\/fast.wistia.com\/embed\/evms828wxi.js\" async type=\"module\"><\/script><style>wistia-player[media-id='evms828wxi']:not(:defined) { background: center \/ contain no-repeat url('https:\/\/fast.wistia.com\/embed\/medias\/evms828wxi\/swatch'); display: block; filter: blur(5px); padding-top:56.25%; }<\/style> <wistia-player media-id=\"evms828wxi\" wistia-popover=\"true\" aspect=\"1.7777777777777777\"><\/wistia-player><\/p>\t\t\t<\/div>\n\t\t\t\t\t\t<div class=\"cell small-12 medium-auto\">\n\t\t\t\t\t\t\t\t<h3 class=\"\"><span class=\"h4\">On me soutient tr\u00e8s bien.<\/span><br><span class=\"h5\" style=\"margin-bottom: 1.5rem;     font-weight: 400;     color: #485865;\">Jamie<\/span><\/h3><p><script src=\"https:\/\/fast.wistia.com\/player.js\" async><\/script><script src=\"https:\/\/fast.wistia.com\/embed\/hpnom2f833.js\" async type=\"module\"><\/script><style>wistia-player[media-id='hpnom2f833']:not(:defined) { background: center \/ contain no-repeat url('https:\/\/fast.wistia.com\/embed\/medias\/hpnom2f833\/swatch'); display: block; filter: blur(5px); padding-top:56.25%; }<\/style> <wistia-player media-id=\"hpnom2f833\" wistia-popover=\"true\" aspect=\"1.7777777777777777\"><\/wistia-player><\/p>\t\t\t<\/div>\n\t\t\t\t\t\t<div class=\"cell small-12 medium-auto\">\n\t\t\t\t\t\t\t\t<h3 class=\"\"><span class=\"h4\">R\u00e9putation exceptionnelle.<\/span><br><span class=\"h5\" style=\"margin-bottom: 1.5rem;     font-weight: 400;     color: #485865;\">Jamie<\/span><\/h3><p><script src=\"https:\/\/fast.wistia.com\/player.js\" async><\/script><script src=\"https:\/\/fast.wistia.com\/embed\/nzazxluprg.js\" async type=\"module\"><\/script><style>wistia-player[media-id='nzazxluprg']:not(:defined) { background: center \/ contain no-repeat url('https:\/\/fast.wistia.com\/embed\/medias\/nzazxluprg\/swatch'); display: block; filter: blur(5px); padding-top:56.25%; }<\/style> <wistia-player media-id=\"nzazxluprg\" wistia-popover=\"true\" aspect=\"1.7777777777777777\"><\/wistia-player><\/p>\t\t\t<\/div>\n\t\t\t\t\t<\/div>\n\t<\/section>\n\t\n\t\n\t\n<\/div>\n<!-- \/ TEXT BLOCKS -->\n\n\n\n\n\n<!-- TEXT BLOCKS -->\n<div id=\"text-block_b060454fa1c25d605b8d8e429c506c5a\" class=\"lii-block lii-block-text no-padding-top no-padding-bottom c-videos white-background no-border\">\n\n\t\n\t\t<section class=\"grid-container lii-columns \">\n\t\t<div class=\"grid-x grid-margin-x \">\n\t\t\t\t\t\t<div class=\"cell small-12 medium-auto\">\n\t\t\t\t\t\t\t\t<h3 class=\"\"><span class=\"h4\">Grande souplesse au travail.<\/span><br><span class=\"h5\" style=\"margin-bottom: 1.5rem;     font-weight: 400;     color: #485865;\">Lindsay<\/span><\/h3><p><script src=\"https:\/\/fast.wistia.com\/player.js\" async><\/script><script src=\"https:\/\/fast.wistia.com\/embed\/ikrkrghgaq.js\" async type=\"module\"><\/script><style>wistia-player[media-id='ikrkrghgaq']:not(:defined) { background: center \/ contain no-repeat url('https:\/\/fast.wistia.com\/embed\/medias\/ikrkrghgaq\/swatch'); display: block; filter: blur(5px); padding-top:56.25%; }<\/style> <wistia-player media-id=\"ikrkrghgaq\" wistia-popover=\"true\" aspect=\"1.7777777777777777\"><\/wistia-player><\/p>\t\t\t<\/div>\n\t\t\t\t\t\t<div class=\"cell small-12 medium-auto\">\n\t\t\t\t\t\t\t\t<h3 class=\"\"><span class=\"h4\">Famille d&rsquo;abord.<\/span><br><span class=\"h5\" style=\"margin-bottom: 1.5rem;     font-weight: 400;     color: #485865;\">Lindsay<\/span><\/h3><p><script src=\"https:\/\/fast.wistia.com\/player.js\" async><\/script><script src=\"https:\/\/fast.wistia.com\/embed\/9x9ck5rmr6.js\" async type=\"module\"><\/script><style>wistia-player[media-id='9x9ck5rmr6']:not(:defined) { background: center \/ contain no-repeat url('https:\/\/fast.wistia.com\/embed\/medias\/9x9ck5rmr6\/swatch'); display: block; filter: blur(5px); padding-top:56.25%; }<\/style> <wistia-player media-id=\"9x9ck5rmr6\" wistia-popover=\"true\" aspect=\"1.7777777777777777\"><\/wistia-player><\/p>\t\t\t<\/div>\n\t\t\t\t\t\t<div class=\"cell small-12 medium-auto\">\n\t\t\t\t\t\t\t\t<h3 class=\"\"><span class=\"h4\">Avancement rapide.<\/span><br><span class=\"h5\" style=\"margin-bottom: 1.5rem;     font-weight: 400;     color: #485865;\">Marcin (Polonais)<\/span><\/h3><p><script src=\"https:\/\/fast.wistia.com\/player.js\" async><\/script><script src=\"https:\/\/fast.wistia.com\/embed\/lks3i2hij1.js\" async type=\"module\"><\/script><style>wistia-player[media-id='lks3i2hij1']:not(:defined) { background: center \/ contain no-repeat url('https:\/\/fast.wistia.com\/embed\/medias\/lks3i2hij1\/swatch'); display: block; filter: blur(5px); padding-top:56.25%; }<\/style> <wistia-player media-id=\"lks3i2hij1\" wistia-popover=\"true\" aspect=\"1.7777777777777777\"><\/wistia-player><\/p>\t\t\t<\/div>\n\t\t\t\t\t<\/div>\n\t<\/section>\n\t\n\t\n\t\n<\/div>\n<!-- \/ TEXT BLOCKS -->\n\n\n\n\n\n<!-- TEXT BLOCKS -->\n<div id=\"text-block_37edb31cc9de71f9d579833b9c809606\" class=\"lii-block lii-block-text no-padding-top c-videos white-background no-border\">\n\n\t\n\t\t<section class=\"grid-container lii-columns \">\n\t\t<div class=\"grid-x grid-margin-x \">\n\t\t\t\t\t\t<div class=\"cell small-12 medium-auto\">\n\t\t\t\t\t\t\t\t<h3 class=\"\"><span class=\"h4\">Respect mutuel.<\/span><br><span class=\"h5\" style=\"margin-bottom: 1.5rem;     font-weight: 400;     color: #485865;\">Marouan (Fran\u00e7ais)<\/span><\/h3><p><script src=\"https:\/\/fast.wistia.com\/player.js\" async><\/script><script src=\"https:\/\/fast.wistia.com\/embed\/n8jrezz9cu.js\" async type=\"module\"><\/script><style>wistia-player[media-id='n8jrezz9cu']:not(:defined) { background: center \/ contain no-repeat url('https:\/\/fast.wistia.com\/embed\/medias\/n8jrezz9cu\/swatch'); display: block; filter: blur(5px); padding-top:56.25%; }<\/style> <wistia-player media-id=\"n8jrezz9cu\" wistia-popover=\"true\" aspect=\"1.7777777777777777\"><\/wistia-player><\/p>\t\t\t<\/div>\n\t\t\t\t\t\t<div class=\"cell small-12 medium-auto\">\n\t\t\t\t\t\t\t\t<h3 class=\"\"><span class=\"h4\">Amiti\u00e9s \u00e0 long terme.<\/span><br><span class=\"h5\" style=\"margin-bottom: 1.5rem;     font-weight: 400;     color: #485865;\">Rody (Espagnol)<\/span><\/h3><p><script src=\"https:\/\/fast.wistia.com\/player.js\" async><\/script><script src=\"https:\/\/fast.wistia.com\/embed\/ds8u8oh0m1.js\" async type=\"module\"><\/script><style>wistia-player[media-id='ds8u8oh0m1']:not(:defined) { background: center \/ contain no-repeat url('https:\/\/fast.wistia.com\/embed\/medias\/ds8u8oh0m1\/swatch'); display: block; filter: blur(5px); padding-top:56.25%; }<\/style> <wistia-player media-id=\"ds8u8oh0m1\" wistia-popover=\"true\" aspect=\"1.7777777777777777\"><\/wistia-player><\/p>\t\t\t<\/div>\n\t\t\t\t\t\t<div class=\"cell small-12 medium-auto\">\n\t\t\t\t\t\t\t\t\t\t\t<\/div>\n\t\t\t\t\t<\/div>\n\t<\/section>\n\t\n\t\n\t\n<\/div>\n<!-- \/ TEXT BLOCKS -->\n\n\n","protected":false},"excerpt":{"rendered":"<p>CE QUE NOS PERSONNES DISENT \u00ab Mon travail change le cours des choses. \u00bb Automobile. M\u00e9decine. Alimentation. \u00c9nergie. Agriculture. Et bien plus encore. \u00ab&nbsp;Quand nous sommes \u00e0 leurs c\u00f4t\u00e9s, nos clients peuvent accomplir de grandes choses.&nbsp;\u00bb<\/p>\n","protected":false},"author":58,"featured_media":0,"parent":71,"menu_order":2,"comment_status":"closed","ping_status":"closed","template":"template-page\/page-info-sheet.php","meta":{"_acf_changed":false,"footnotes":""},"class_list":["post-62153","page","type-page","status-publish","hentry"],"acf":[],"yoast_head":"<!-- This site is optimized with the Yoast SEO plugin v27.2 - https:\/\/yoast.com\/product\/yoast-seo-wordpress\/ -->\n<title>T\u00e9moignages d\u2019employ\u00e9s - Livingston International<\/title>\n<meta name=\"robots\" content=\"index, follow, max-snippet:-1, max-image-preview:large, max-video-preview:-1\" \/>\n<link rel=\"canonical\" href=\"https:\/\/www.livingstonintl.com\/fr\/carrieres\/temoignages-demployes\/\" \/>\n<meta property=\"og:locale\" content=\"fr_FR\" \/>\n<meta property=\"og:type\" content=\"article\" \/>\n<meta property=\"og:title\" content=\"T\u00e9moignages d\u2019employ\u00e9s - Livingston International\" \/>\n<meta property=\"og:description\" content=\"CE QUE NOS PERSONNES DISENT \u00ab Mon travail change le cours des choses. \u00bb Automobile. M\u00e9decine. Alimentation. \u00c9nergie. Agriculture. Et bien plus encore. \u00ab&nbsp;Quand nous sommes \u00e0 leurs c\u00f4t\u00e9s, nos clients peuvent accomplir de grandes choses.&nbsp;\u00bb\" \/>\n<meta property=\"og:url\" content=\"https:\/\/www.livingstonintl.com\/fr\/carrieres\/temoignages-demployes\/\" \/>\n<meta property=\"og:site_name\" content=\"Livingston International\" \/>\n<meta property=\"article:publisher\" content=\"https:\/\/www.facebook.com\/livingstoninternational\" \/>\n<meta property=\"article:modified_time\" content=\"2025-04-07T10:24:41+00:00\" \/>\n<meta property=\"og:image\" content=\"https:\/\/cdn.livingstonintl.com\/livingston-content\/uploads\/2022\/09\/12163235\/2022-livingston-fb.jpg\" \/>\n\t<meta property=\"og:image:width\" content=\"1200\" \/>\n\t<meta property=\"og:image:height\" content=\"630\" \/>\n\t<meta property=\"og:image:type\" content=\"image\/jpeg\" \/>\n<meta name=\"twitter:label1\" content=\"Dur\u00e9e de lecture estim\u00e9e\" \/>\n\t<meta name=\"twitter:data1\" content=\"1 minute\" \/>\n<script type=\"application\/ld+json\" class=\"yoast-schema-graph\">{\"@context\":\"https:\/\/schema.org\",\"@graph\":[{\"@type\":\"WebPage\",\"@id\":\"https:\/\/www.livingstonintl.com\/fr\/carrieres\/temoignages-demployes\/\",\"url\":\"https:\/\/www.livingstonintl.com\/fr\/carrieres\/temoignages-demployes\/\",\"name\":\"T\u00e9moignages d\u2019employ\u00e9s - Livingston International\",\"isPartOf\":{\"@id\":\"https:\/\/www.livingstonintl.com\/fr\/#website\"},\"datePublished\":\"2025-04-07T10:24:38+00:00\",\"dateModified\":\"2025-04-07T10:24:41+00:00\",\"breadcrumb\":{\"@id\":\"https:\/\/www.livingstonintl.com\/fr\/carrieres\/temoignages-demployes\/#breadcrumb\"},\"inLanguage\":\"fr-FR\",\"potentialAction\":[{\"@type\":\"ReadAction\",\"target\":[\"https:\/\/www.livingstonintl.com\/fr\/carrieres\/temoignages-demployes\/\"]}]},{\"@type\":\"BreadcrumbList\",\"@id\":\"https:\/\/www.livingstonintl.com\/fr\/carrieres\/temoignages-demployes\/#breadcrumb\",\"itemListElement\":[{\"@type\":\"ListItem\",\"position\":1,\"name\":\"Accueil\",\"item\":\"https:\/\/www.livingstonintl.com\/fr\/\"},{\"@type\":\"ListItem\",\"position\":2,\"name\":\"Carri\u00e8res\",\"item\":\"https:\/\/www.livingstonintl.com\/fr\/carrieres\/\"},{\"@type\":\"ListItem\",\"position\":3,\"name\":\"T\u00e9moignages d\u2019employ\u00e9s\"}]},{\"@type\":\"WebSite\",\"@id\":\"https:\/\/www.livingstonintl.com\/fr\/#website\",\"url\":\"https:\/\/www.livingstonintl.com\/fr\/\",\"name\":\"Livingston International\",\"description\":\"Simplify Trade\",\"publisher\":{\"@id\":\"https:\/\/www.livingstonintl.com\/fr\/#organization\"},\"potentialAction\":[{\"@type\":\"SearchAction\",\"target\":{\"@type\":\"EntryPoint\",\"urlTemplate\":\"https:\/\/www.livingstonintl.com\/fr\/?s={search_term_string}\"},\"query-input\":{\"@type\":\"PropertyValueSpecification\",\"valueRequired\":true,\"valueName\":\"search_term_string\"}}],\"inLanguage\":\"fr-FR\"},{\"@type\":\"Organization\",\"@id\":\"https:\/\/www.livingstonintl.com\/fr\/#organization\",\"name\":\"Livingston International\",\"url\":\"https:\/\/www.livingstonintl.com\/fr\/\",\"logo\":{\"@type\":\"ImageObject\",\"inLanguage\":\"fr-FR\",\"@id\":\"https:\/\/www.livingstonintl.com\/fr\/#\/schema\/logo\/image\/\",\"url\":\"https:\/\/cdn.livingstonintl.com\/livingston-content\/uploads\/2022\/09\/12163235\/2022-livingston-fb.jpg\",\"contentUrl\":\"https:\/\/cdn.livingstonintl.com\/livingston-content\/uploads\/2022\/09\/12163235\/2022-livingston-fb.jpg\",\"width\":1200,\"height\":630,\"caption\":\"Livingston International\"},\"image\":{\"@id\":\"https:\/\/www.livingstonintl.com\/fr\/#\/schema\/logo\/image\/\"},\"sameAs\":[\"https:\/\/www.facebook.com\/livingstoninternational\",\"https:\/\/x.com\/livingston_intl\",\"https:\/\/linkedin.com\/company\/livingston-international\"]}]}<\/script>\n<!-- \/ Yoast SEO plugin. -->","yoast_head_json":{"title":"T\u00e9moignages d\u2019employ\u00e9s - Livingston International","robots":{"index":"index","follow":"follow","max-snippet":"max-snippet:-1","max-image-preview":"max-image-preview:large","max-video-preview":"max-video-preview:-1"},"canonical":"https:\/\/www.livingstonintl.com\/fr\/carrieres\/temoignages-demployes\/","og_locale":"fr_FR","og_type":"article","og_title":"T\u00e9moignages d\u2019employ\u00e9s - Livingston International","og_description":"CE QUE NOS PERSONNES DISENT \u00ab Mon travail change le cours des choses. \u00bb Automobile. M\u00e9decine. Alimentation. \u00c9nergie. Agriculture. Et bien plus encore. \u00ab&nbsp;Quand nous sommes \u00e0 leurs c\u00f4t\u00e9s, nos clients peuvent accomplir de grandes choses.&nbsp;\u00bb","og_url":"https:\/\/www.livingstonintl.com\/fr\/carrieres\/temoignages-demployes\/","og_site_name":"Livingston International","article_publisher":"https:\/\/www.facebook.com\/livingstoninternational","article_modified_time":"2025-04-07T10:24:41+00:00","og_image":[{"width":1200,"height":630,"url":"https:\/\/cdn.livingstonintl.com\/livingston-content\/uploads\/2022\/09\/12163235\/2022-livingston-fb.jpg","type":"image\/jpeg"}],"twitter_misc":{"Dur\u00e9e de lecture estim\u00e9e":"1 minute"},"schema":{"@context":"https:\/\/schema.org","@graph":[{"@type":"WebPage","@id":"https:\/\/www.livingstonintl.com\/fr\/carrieres\/temoignages-demployes\/","url":"https:\/\/www.livingstonintl.com\/fr\/carrieres\/temoignages-demployes\/","name":"T\u00e9moignages d\u2019employ\u00e9s - Livingston International","isPartOf":{"@id":"https:\/\/www.livingstonintl.com\/fr\/#website"},"datePublished":"2025-04-07T10:24:38+00:00","dateModified":"2025-04-07T10:24:41+00:00","breadcrumb":{"@id":"https:\/\/www.livingstonintl.com\/fr\/carrieres\/temoignages-demployes\/#breadcrumb"},"inLanguage":"fr-FR","potentialAction":[{"@type":"ReadAction","target":["https:\/\/www.livingstonintl.com\/fr\/carrieres\/temoignages-demployes\/"]}]},{"@type":"BreadcrumbList","@id":"https:\/\/www.livingstonintl.com\/fr\/carrieres\/temoignages-demployes\/#breadcrumb","itemListElement":[{"@type":"ListItem","position":1,"name":"Accueil","item":"https:\/\/www.livingstonintl.com\/fr\/"},{"@type":"ListItem","position":2,"name":"Carri\u00e8res","item":"https:\/\/www.livingstonintl.com\/fr\/carrieres\/"},{"@type":"ListItem","position":3,"name":"T\u00e9moignages d\u2019employ\u00e9s"}]},{"@type":"WebSite","@id":"https:\/\/www.livingstonintl.com\/fr\/#website","url":"https:\/\/www.livingstonintl.com\/fr\/","name":"Livingston International","description":"Simplify Trade","publisher":{"@id":"https:\/\/www.livingstonintl.com\/fr\/#organization"},"potentialAction":[{"@type":"SearchAction","target":{"@type":"EntryPoint","urlTemplate":"https:\/\/www.livingstonintl.com\/fr\/?s={search_term_string}"},"query-input":{"@type":"PropertyValueSpecification","valueRequired":true,"valueName":"search_term_string"}}],"inLanguage":"fr-FR"},{"@type":"Organization","@id":"https:\/\/www.livingstonintl.com\/fr\/#organization","name":"Livingston International","url":"https:\/\/www.livingstonintl.com\/fr\/","logo":{"@type":"ImageObject","inLanguage":"fr-FR","@id":"https:\/\/www.livingstonintl.com\/fr\/#\/schema\/logo\/image\/","url":"https:\/\/cdn.livingstonintl.com\/livingston-content\/uploads\/2022\/09\/12163235\/2022-livingston-fb.jpg","contentUrl":"https:\/\/cdn.livingstonintl.com\/livingston-content\/uploads\/2022\/09\/12163235\/2022-livingston-fb.jpg","width":1200,"height":630,"caption":"Livingston International"},"image":{"@id":"https:\/\/www.livingstonintl.com\/fr\/#\/schema\/logo\/image\/"},"sameAs":["https:\/\/www.facebook.com\/livingstoninternational","https:\/\/x.com\/livingston_intl","https:\/\/linkedin.com\/company\/livingston-international"]}]}},"_links":{"self":[{"href":"https:\/\/wp.livingstonintl.com\/fr\/wp-json\/wp\/v2\/pages\/62153","targetHints":{"allow":["GET"]}}],"collection":[{"href":"https:\/\/wp.livingstonintl.com\/fr\/wp-json\/wp\/v2\/pages"}],"about":[{"href":"https:\/\/wp.livingstonintl.com\/fr\/wp-json\/wp\/v2\/types\/page"}],"author":[{"embeddable":true,"href":"https:\/\/wp.livingstonintl.com\/fr\/wp-json\/wp\/v2\/users\/58"}],"replies":[{"embeddable":true,"href":"https:\/\/wp.livingstonintl.com\/fr\/wp-json\/wp\/v2\/comments?post=62153"}],"version-history":[{"count":1,"href":"https:\/\/wp.livingstonintl.com\/fr\/wp-json\/wp\/v2\/pages\/62153\/revisions"}],"predecessor-version":[{"id":62154,"href":"https:\/\/wp.livingstonintl.com\/fr\/wp-json\/wp\/v2\/pages\/62153\/revisions\/62154"}],"up":[{"embeddable":true,"href":"https:\/\/wp.livingstonintl.com\/fr\/wp-json\/wp\/v2\/pages\/71"}],"wp:attachment":[{"href":"https:\/\/wp.livingstonintl.com\/fr\/wp-json\/wp\/v2\/media?parent=62153"}],"curies":[{"name":"wp","href":"https:\/\/api.w.org\/{rel}","templated":true}]}}