{"id":63401,"date":"2026-02-19T04:36:25","date_gmt":"2026-02-19T09:36:25","guid":{"rendered":"https:\/\/www.livingstonintl.com\/?page_id=63401"},"modified":"2026-02-19T04:37:42","modified_gmt":"2026-02-19T09:37:42","slug":"accessibilite","status":"publish","type":"page","link":"https:\/\/www.livingstonintl.com\/fr\/a-propos-de-nous\/accessibilite\/","title":{"rendered":"Accessibilit\u00e9"},"content":{"rendered":"<h3>Notre engagement :<\/h3>\n<p>Livingston International (\u00ab Livingston \u00bb) s\u2019engage \u00e0 fournir des services dans le respect de la dignit\u00e9 et de l\u2019autonomie des personnes handicap\u00e9es. Nous nous engageons \u00e9galement \u00e0 r\u00e9pondre rapidement aux besoins des personnes handicap\u00e9es et nous respecterons les exigences l\u00e9gislatives applicables en mati\u00e8re de pr\u00e9vention et d\u2019\u00e9limination des obstacles.<\/p>\n<h3>Communication :<\/h3>\n<p>Livingston communiquera avec les personnes handicap\u00e9es en tenant compte de leur handicap et en respectant les principes d\u2019autonomie, de dignit\u00e9, d\u2019int\u00e9gration et d\u2019\u00e9galit\u00e9 des chances.<\/p>\n<h3>Appareils fonctionnels :<\/h3>\n<p>Nous invitons les clients \u00e0 utiliser leurs appareils fonctionnels personnels pour acc\u00e9der \u00e0 nos bureaux ou \u00e0 nos services.<\/p>\n<h3>Personnes ou animaux de soutien :<\/h3>\n<p>Les personnes ou les animaux d\u2019assistance accompagnant les clients handicap\u00e9s sont les bienvenus dans les zones de nos bureaux ouvertes au public afin de permettre aux clients de continuer \u00e0 b\u00e9n\u00e9ficier de l\u2019aide dont ils ont besoin.<\/p>\n<h3>Avis de perturbation temporaire :<\/h3>\n<p>Dans la mesure du possible, Livingston publiera un avis sur son site Web et \u00e0 l\u2019installation concern\u00e9e en cas de perturbation planifi\u00e9e ou non de l\u2019installation ou des services qui pourraient affecter les personnes handicap\u00e9es.<\/p>\n<h3>Formation du personnel :<\/h3>\n<p>Une formation sera dispens\u00e9e \u00e0 tous les employ\u00e9s, entrepreneurs et autres personnes qui traitent avec le public ou d\u2019autres tiers en leur nom, ainsi qu\u2019\u00e0 toutes les personnes qui participent \u00e0 l\u2019\u00e9laboration et \u00e0 l\u2019approbation des r\u00e8glements, pratiques et proc\u00e9dures en mati\u00e8re de service \u00e0 la client\u00e8le. Livingston tiendra un registre des dates auxquelles chaque personne a suivi la formation. Le personnel sera \u00e9galement form\u00e9 sur une base continue lorsque des changements seront apport\u00e9s \u00e0 ces r\u00e8glements, pratiques et proc\u00e9dures.<\/p>\n<h3>Emploi :<\/h3>\n<p>Nous proposons respectueusement des mesures d\u2019adaptation en mati\u00e8re d\u2019emploi pendant les processus de recrutement, d\u2019\u00e9valuation et d\u2019orientation. Livingston inclura une mention dans ses affichages de postes afin d\u2019informer les candidats que des mesures d\u2019adaptation seront mises en place pour les personnes handicap\u00e9es qui en feront la demande.<\/p>\n<h3>Commentaires :<\/h3>\n<p>Ce r\u00e8glement est mis \u00e0 la disposition du public sur le site Web de notre entreprise. Il est \u00e9galement possible de l\u2019obtenir par t\u00e9l\u00e9phone et par courriel sous d\u2019autres formats, sur demande.<\/p>\n<p>Livingston cherche \u00e0 satisfaire et \u00e0 d\u00e9passer les attentes de ses clients tout en servant les clients handicap\u00e9s. Nous appr\u00e9cions vos commentaires sur notre service et sur la mani\u00e8re dont nous r\u00e9pondons \u00e0 vos attentes.<\/p>\n<p>Consultez le <a href=\"https:\/\/www3.livingstonintl.com\/downloads\/documents\/accessible-customer-service-policy-ontario-en.pdf\">r\u00e8glement complet sur l\u2019accessibilit\u00e9 du service \u00e0 la client\u00e8le (Ontario)<\/a> de Livingston.<\/p>\n<p>Consultez le <a href=\"https:\/\/www3.livingstonintl.com\/downloads\/documents\/multi-year-accessibility-plan-en.pdf\">plan d\u2019accessibilit\u00e9 pluriannuel<\/a> de Livingston.<\/p>\n<p>Consultez le <a href=\"https:\/\/www3.livingstonintl.com\/downloads\/documents\/emergency-procedures-guide-en.pdf\">guide des proc\u00e9dures d\u2019urgence<\/a> de Livingston, qui comprend le plan d\u2019urgence personnel.<\/p>\n<p>Les questions ou les commentaires concernant la fa\u00e7on dont nous fournissons nos services aux personnes handicap\u00e9es peuvent \u00eatre adress\u00e9s directement selon l\u2019une des m\u00e9thodes suivantes :<\/p>\n<ul>\n<li>Par la poste \u00e0 l\u2019attention de Livingston International, directeur des ressources humaines, 405 The West Mall, Suite 400, Toronto (Ontario) M9C 5K7<\/li>\n<li>Par courriel \u00e0 l\u2019adresse <a href=\"mailto:hr@livingstonintl.com\">HR@livingstonintl.com<\/a> ou<\/li>\n<li>Par t\u00e9l\u00e9phone au <a href=\"tel:18449598471\">1-844-959-8471<\/a><\/li>\n<\/ul>\n\n\n<p><\/p>\n","protected":false},"excerpt":{"rendered":"<p>Notre engagement : Livingston International (\u00ab Livingston \u00bb) s\u2019engage \u00e0 fournir des services dans le respect de la dignit\u00e9 et de l\u2019autonomie des personnes handicap\u00e9es. Nous nous engageons \u00e9galement \u00e0 r\u00e9pondre rapidement aux besoins des personnes handicap\u00e9es et nous respecterons les exigences l\u00e9gislatives applicables en mati\u00e8re de pr\u00e9vention et d\u2019\u00e9limination des obstacles. Communication : Livingston<a class=\"excerpt-read-more\" href=\"https:\/\/www.livingstonintl.com\/fr\/a-propos-de-nous\/accessibilite\/\" title=\"ReadAccessibilit\u00e9\">&#8230; Read more &raquo;<\/a><\/p>\n","protected":false},"author":58,"featured_media":0,"parent":73,"menu_order":435,"comment_status":"closed","ping_status":"closed","template":"template-page\/page-minimal.php","meta":{"_acf_changed":false,"footnotes":""},"class_list":["post-63401","page","type-page","status-publish","hentry"],"acf":[],"yoast_head":"<!-- This site is optimized with the Yoast SEO plugin v27.2 - https:\/\/yoast.com\/product\/yoast-seo-wordpress\/ -->\n<title>Accessibilit\u00e9 - Livingston International<\/title>\n<meta name=\"robots\" content=\"index, follow, max-snippet:-1, max-image-preview:large, max-video-preview:-1\" \/>\n<link rel=\"canonical\" href=\"https:\/\/www.livingstonintl.com\/fr\/a-propos-de-nous\/accessibilite\/\" \/>\n<meta property=\"og:locale\" content=\"fr_FR\" \/>\n<meta property=\"og:type\" content=\"article\" \/>\n<meta property=\"og:title\" content=\"Accessibilit\u00e9 - Livingston International\" \/>\n<meta property=\"og:description\" content=\"Notre engagement : Livingston International (\u00ab Livingston \u00bb) s\u2019engage \u00e0 fournir des services dans le respect de la dignit\u00e9 et de l\u2019autonomie des personnes handicap\u00e9es. Nous nous engageons \u00e9galement \u00e0 r\u00e9pondre rapidement aux besoins des personnes handicap\u00e9es et nous respecterons les exigences l\u00e9gislatives applicables en mati\u00e8re de pr\u00e9vention et d\u2019\u00e9limination des obstacles. Communication : Livingston... Read more &raquo;\" \/>\n<meta property=\"og:url\" content=\"https:\/\/www.livingstonintl.com\/fr\/a-propos-de-nous\/accessibilite\/\" \/>\n<meta property=\"og:site_name\" content=\"Livingston International\" \/>\n<meta property=\"article:publisher\" content=\"https:\/\/www.facebook.com\/livingstoninternational\" \/>\n<meta property=\"article:modified_time\" content=\"2026-02-19T09:37:42+00:00\" \/>\n<meta property=\"og:image\" content=\"https:\/\/cdn.livingstonintl.com\/livingston-content\/uploads\/2022\/09\/12163235\/2022-livingston-fb.jpg\" \/>\n\t<meta property=\"og:image:width\" content=\"1200\" \/>\n\t<meta property=\"og:image:height\" content=\"630\" \/>\n\t<meta property=\"og:image:type\" content=\"image\/jpeg\" \/>\n<meta name=\"twitter:label1\" content=\"Dur\u00e9e de lecture estim\u00e9e\" \/>\n\t<meta name=\"twitter:data1\" content=\"3 minutes\" \/>\n<script type=\"application\/ld+json\" class=\"yoast-schema-graph\">{\"@context\":\"https:\/\/schema.org\",\"@graph\":[{\"@type\":\"WebPage\",\"@id\":\"https:\/\/www.livingstonintl.com\/fr\/a-propos-de-nous\/accessibilite\/\",\"url\":\"https:\/\/www.livingstonintl.com\/fr\/a-propos-de-nous\/accessibilite\/\",\"name\":\"Accessibilit\u00e9 - Livingston International\",\"isPartOf\":{\"@id\":\"https:\/\/www.livingstonintl.com\/fr\/#website\"},\"datePublished\":\"2026-02-19T09:36:25+00:00\",\"dateModified\":\"2026-02-19T09:37:42+00:00\",\"breadcrumb\":{\"@id\":\"https:\/\/www.livingstonintl.com\/fr\/a-propos-de-nous\/accessibilite\/#breadcrumb\"},\"inLanguage\":\"fr-FR\",\"potentialAction\":[{\"@type\":\"ReadAction\",\"target\":[\"https:\/\/www.livingstonintl.com\/fr\/a-propos-de-nous\/accessibilite\/\"]}]},{\"@type\":\"BreadcrumbList\",\"@id\":\"https:\/\/www.livingstonintl.com\/fr\/a-propos-de-nous\/accessibilite\/#breadcrumb\",\"itemListElement\":[{\"@type\":\"ListItem\",\"position\":1,\"name\":\"Accueil\",\"item\":\"https:\/\/www.livingstonintl.com\/fr\/\"},{\"@type\":\"ListItem\",\"position\":2,\"name\":\"\u00c0 propos de nous\",\"item\":\"https:\/\/www.livingstonintl.com\/fr\/a-propos-de-nous\/\"},{\"@type\":\"ListItem\",\"position\":3,\"name\":\"Accessibilit\u00e9\"}]},{\"@type\":\"WebSite\",\"@id\":\"https:\/\/www.livingstonintl.com\/fr\/#website\",\"url\":\"https:\/\/www.livingstonintl.com\/fr\/\",\"name\":\"Livingston International\",\"description\":\"Simplify Trade\",\"publisher\":{\"@id\":\"https:\/\/www.livingstonintl.com\/fr\/#organization\"},\"potentialAction\":[{\"@type\":\"SearchAction\",\"target\":{\"@type\":\"EntryPoint\",\"urlTemplate\":\"https:\/\/www.livingstonintl.com\/fr\/?s={search_term_string}\"},\"query-input\":{\"@type\":\"PropertyValueSpecification\",\"valueRequired\":true,\"valueName\":\"search_term_string\"}}],\"inLanguage\":\"fr-FR\"},{\"@type\":\"Organization\",\"@id\":\"https:\/\/www.livingstonintl.com\/fr\/#organization\",\"name\":\"Livingston International\",\"url\":\"https:\/\/www.livingstonintl.com\/fr\/\",\"logo\":{\"@type\":\"ImageObject\",\"inLanguage\":\"fr-FR\",\"@id\":\"https:\/\/www.livingstonintl.com\/fr\/#\/schema\/logo\/image\/\",\"url\":\"https:\/\/cdn.livingstonintl.com\/livingston-content\/uploads\/2022\/09\/12163235\/2022-livingston-fb.jpg\",\"contentUrl\":\"https:\/\/cdn.livingstonintl.com\/livingston-content\/uploads\/2022\/09\/12163235\/2022-livingston-fb.jpg\",\"width\":1200,\"height\":630,\"caption\":\"Livingston International\"},\"image\":{\"@id\":\"https:\/\/www.livingstonintl.com\/fr\/#\/schema\/logo\/image\/\"},\"sameAs\":[\"https:\/\/www.facebook.com\/livingstoninternational\",\"https:\/\/x.com\/livingston_intl\",\"https:\/\/linkedin.com\/company\/livingston-international\"]}]}<\/script>\n<!-- \/ Yoast SEO plugin. -->","yoast_head_json":{"title":"Accessibilit\u00e9 - Livingston International","robots":{"index":"index","follow":"follow","max-snippet":"max-snippet:-1","max-image-preview":"max-image-preview:large","max-video-preview":"max-video-preview:-1"},"canonical":"https:\/\/www.livingstonintl.com\/fr\/a-propos-de-nous\/accessibilite\/","og_locale":"fr_FR","og_type":"article","og_title":"Accessibilit\u00e9 - Livingston International","og_description":"Notre engagement : Livingston International (\u00ab Livingston \u00bb) s\u2019engage \u00e0 fournir des services dans le respect de la dignit\u00e9 et de l\u2019autonomie des personnes handicap\u00e9es. Nous nous engageons \u00e9galement \u00e0 r\u00e9pondre rapidement aux besoins des personnes handicap\u00e9es et nous respecterons les exigences l\u00e9gislatives applicables en mati\u00e8re de pr\u00e9vention et d\u2019\u00e9limination des obstacles. Communication : Livingston... Read more &raquo;","og_url":"https:\/\/www.livingstonintl.com\/fr\/a-propos-de-nous\/accessibilite\/","og_site_name":"Livingston International","article_publisher":"https:\/\/www.facebook.com\/livingstoninternational","article_modified_time":"2026-02-19T09:37:42+00:00","og_image":[{"width":1200,"height":630,"url":"https:\/\/cdn.livingstonintl.com\/livingston-content\/uploads\/2022\/09\/12163235\/2022-livingston-fb.jpg","type":"image\/jpeg"}],"twitter_misc":{"Dur\u00e9e de lecture estim\u00e9e":"3 minutes"},"schema":{"@context":"https:\/\/schema.org","@graph":[{"@type":"WebPage","@id":"https:\/\/www.livingstonintl.com\/fr\/a-propos-de-nous\/accessibilite\/","url":"https:\/\/www.livingstonintl.com\/fr\/a-propos-de-nous\/accessibilite\/","name":"Accessibilit\u00e9 - Livingston International","isPartOf":{"@id":"https:\/\/www.livingstonintl.com\/fr\/#website"},"datePublished":"2026-02-19T09:36:25+00:00","dateModified":"2026-02-19T09:37:42+00:00","breadcrumb":{"@id":"https:\/\/www.livingstonintl.com\/fr\/a-propos-de-nous\/accessibilite\/#breadcrumb"},"inLanguage":"fr-FR","potentialAction":[{"@type":"ReadAction","target":["https:\/\/www.livingstonintl.com\/fr\/a-propos-de-nous\/accessibilite\/"]}]},{"@type":"BreadcrumbList","@id":"https:\/\/www.livingstonintl.com\/fr\/a-propos-de-nous\/accessibilite\/#breadcrumb","itemListElement":[{"@type":"ListItem","position":1,"name":"Accueil","item":"https:\/\/www.livingstonintl.com\/fr\/"},{"@type":"ListItem","position":2,"name":"\u00c0 propos de nous","item":"https:\/\/www.livingstonintl.com\/fr\/a-propos-de-nous\/"},{"@type":"ListItem","position":3,"name":"Accessibilit\u00e9"}]},{"@type":"WebSite","@id":"https:\/\/www.livingstonintl.com\/fr\/#website","url":"https:\/\/www.livingstonintl.com\/fr\/","name":"Livingston International","description":"Simplify Trade","publisher":{"@id":"https:\/\/www.livingstonintl.com\/fr\/#organization"},"potentialAction":[{"@type":"SearchAction","target":{"@type":"EntryPoint","urlTemplate":"https:\/\/www.livingstonintl.com\/fr\/?s={search_term_string}"},"query-input":{"@type":"PropertyValueSpecification","valueRequired":true,"valueName":"search_term_string"}}],"inLanguage":"fr-FR"},{"@type":"Organization","@id":"https:\/\/www.livingstonintl.com\/fr\/#organization","name":"Livingston International","url":"https:\/\/www.livingstonintl.com\/fr\/","logo":{"@type":"ImageObject","inLanguage":"fr-FR","@id":"https:\/\/www.livingstonintl.com\/fr\/#\/schema\/logo\/image\/","url":"https:\/\/cdn.livingstonintl.com\/livingston-content\/uploads\/2022\/09\/12163235\/2022-livingston-fb.jpg","contentUrl":"https:\/\/cdn.livingstonintl.com\/livingston-content\/uploads\/2022\/09\/12163235\/2022-livingston-fb.jpg","width":1200,"height":630,"caption":"Livingston International"},"image":{"@id":"https:\/\/www.livingstonintl.com\/fr\/#\/schema\/logo\/image\/"},"sameAs":["https:\/\/www.facebook.com\/livingstoninternational","https:\/\/x.com\/livingston_intl","https:\/\/linkedin.com\/company\/livingston-international"]}]}},"_links":{"self":[{"href":"https:\/\/wp.livingstonintl.com\/fr\/wp-json\/wp\/v2\/pages\/63401","targetHints":{"allow":["GET"]}}],"collection":[{"href":"https:\/\/wp.livingstonintl.com\/fr\/wp-json\/wp\/v2\/pages"}],"about":[{"href":"https:\/\/wp.livingstonintl.com\/fr\/wp-json\/wp\/v2\/types\/page"}],"author":[{"embeddable":true,"href":"https:\/\/wp.livingstonintl.com\/fr\/wp-json\/wp\/v2\/users\/58"}],"replies":[{"embeddable":true,"href":"https:\/\/wp.livingstonintl.com\/fr\/wp-json\/wp\/v2\/comments?post=63401"}],"version-history":[{"count":1,"href":"https:\/\/wp.livingstonintl.com\/fr\/wp-json\/wp\/v2\/pages\/63401\/revisions"}],"predecessor-version":[{"id":63402,"href":"https:\/\/wp.livingstonintl.com\/fr\/wp-json\/wp\/v2\/pages\/63401\/revisions\/63402"}],"up":[{"embeddable":true,"href":"https:\/\/wp.livingstonintl.com\/fr\/wp-json\/wp\/v2\/pages\/73"}],"wp:attachment":[{"href":"https:\/\/wp.livingstonintl.com\/fr\/wp-json\/wp\/v2\/media?parent=63401"}],"curies":[{"name":"wp","href":"https:\/\/api.w.org\/{rel}","templated":true}]}}