{"id":660,"date":"2015-04-29T15:41:59","date_gmt":"2015-04-29T15:41:59","guid":{"rendered":"http:\/\/livingston.gocactus.com\/services\/vehicle-transportation-services\/commercial-corporate-vehicle-moves\/"},"modified":"2015-11-24T19:19:20","modified_gmt":"2015-11-24T19:19:20","slug":"transport-de-vehicules-commerciaux","status":"publish","type":"page","link":"https:\/\/www.livingstonintl.com\/fr\/services-fr\/transport-de-vehicules\/transport-de-vehicules-commerciaux\/","title":{"rendered":"Exp\u00e9dition de v\u00e9hicules commerciaux et d\u2019entreprise"},"content":{"rendered":"<p>Nous comptons parmi nos clients d\u2019importants constructeurs automobiles, des concessionnaires automobiles, des soci\u00e9t\u00e9s r\u00e9put\u00e9es de vente aux ench\u00e8res de v\u00e9hicules, des entreprises de d\u00e9m\u00e9nagement et des soci\u00e9t\u00e9s cherchant \u00e0 transf\u00e9rer leur personnel. Faisant partie d\u2019un organisme de fret bien plus important, nous disposons du personnel, des syst\u00e8mes et des processus pour r\u00e9pondre \u00e0 leurs besoins particuliers et offrir un excellent service. Vous devez transf\u00e9rer fr\u00e9quemment plusieurs v\u00e9hicules, aider un client \u00e0 se r\u00e9installer \u00e0 l\u2019autre bout du pays ou envoyer un v\u00e9hicule de l\u2019autre c\u00f4t\u00e9 de l\u2019oc\u00e9an : nous connaissons les normes strictes qu\u2019il faut satisfaire. En plus de prix concurrentiels et d\u2019un service professionnel, il vous faut un fournisseur qui vous offre un <a title=\"R\u00e9seau de transport\" href=\"\/?page_id=28401\">r\u00e9seau de transport<\/a> \u00e0 l&rsquo;\u00e9chelle nationale, des syst\u00e8mes, des capacit\u00e9s technologiques et une am\u00e9lioration continue de la qualit\u00e9. Vous devez peut-\u00eatre acc\u00e9der \u00e0 un \u00e9quipement et \u00e0 un service sp\u00e9cialis\u00e9s pour garantir la bonne arriv\u00e9e de votre v\u00e9hicule \u00e0 sa destination finale. C\u2019est ici que les sp\u00e9cialistes en transport de v\u00e9hicules de Livingston Fret peuvent vous aider.<\/p>\n<p>Plusieurs raisons s\u2019imposent au choix des sp\u00e9cialistes en transport de v\u00e9hicules de Livingston Fret :<\/p>\n<ul>\n<li>Nous disposons d\u2019un <a href=\"\/?page_id=28401\">r\u00e9seau \u00e9tendu de transport<\/a>\u00a0 routier et ferroviaire dans toute l\u2019Am\u00e9rique du Nord.<\/li>\n<li>Notre groupe de <a title=\"Transit international\" href=\"\/?page_id=28969\">transit international<\/a> peut transporter votre v\u00e9hicule par voie a\u00e9rienne ou maritime en dehors de l\u2019Am\u00e9rique du Nord.<\/li>\n<li>Si le v\u00e9hicule traverse une fronti\u00e8re internationale, nous vous aiderons \u00e0 r\u00e9unir les documents requis et fournirons le service de courtage en douane n\u00e9cessaire.<\/li>\n<li>Nous offrons des tarifs industriels concurrentiels.<\/li>\n<li>Notre \u00e9quipement est neuf, \u00e0 la pointe de la technologie et bien entretenu.<\/li>\n<li>Nous faisons partie d\u2019une importante organisation polyvalente et financi\u00e8rement stable.<\/li>\n<li>Nous disposons d\u2019installations s\u00e9curis\u00e9es \u00e0 chacun de nos <a title=\"Contactez-nous\" href=\"\/?page_id=70\">emplacements<\/a>.<\/li>\n<li>Notre personnel est comp\u00e9tent et bien form\u00e9.<\/li>\n<li>Nous insistons sur la s\u00e9curit\u00e9 et la conformit\u00e9 pour minimiser votre incidence de dommages.<\/li>\n<li>Nous sommes \u00e0 proximit\u00e9 de gares de triage ferroviaires dans ces villes cl\u00e9s : Edmonton, Toronto, Montr\u00e9al et Halifax.<\/li>\n<li>Nous disposons de capacit\u00e9s compl\u00e8tes \u00c9DI\/FTP et d\u2019une interface Web s\u00e9curis\u00e9e pour les clients, ce qui leur permet la recherche au moyen de divers crit\u00e8res, de s\u2019informer sur la situation des v\u00e9hicules et de t\u00e9l\u00e9charger des rapports.<\/li>\n<\/ul>\n","protected":false},"excerpt":{"rendered":"<p>Nous comptons parmi nos clients d\u2019importants constructeurs automobiles, des concessionnaires automobiles, des soci\u00e9t\u00e9s r\u00e9put\u00e9es de vente aux ench\u00e8res de v\u00e9hicules, des entreprises de d\u00e9m\u00e9nagement et des soci\u00e9t\u00e9s cherchant \u00e0 transf\u00e9rer leur personnel. Faisant partie d\u2019un organisme de fret bien plus important, nous disposons du personnel, des syst\u00e8mes et des processus pour r\u00e9pondre \u00e0 leurs besoins<a class=\"excerpt-read-more\" href=\"https:\/\/www.livingstonintl.com\/fr\/services-fr\/transport-de-vehicules\/transport-de-vehicules-commerciaux\/\" title=\"ReadExp\u00e9dition de v\u00e9hicules commerciaux et d\u2019entreprise\">&#8230; Read more &raquo;<\/a><\/p>\n","protected":false},"author":32,"featured_media":0,"parent":98,"menu_order":161,"comment_status":"closed","ping_status":"closed","template":"","meta":{"_acf_changed":false,"footnotes":""},"class_list":["post-660","page","type-page","status-publish","hentry"],"acf":[],"yoast_head":"<!-- This site is optimized with the Yoast SEO plugin v27.1.1 - https:\/\/yoast.com\/product\/yoast-seo-wordpress\/ -->\n<title>Exp\u00e9dition de v\u00e9hicules commerciaux et d\u2019entreprise - Livingston International<\/title>\n<meta name=\"robots\" content=\"index, follow, max-snippet:-1, max-image-preview:large, max-video-preview:-1\" \/>\n<link rel=\"canonical\" href=\"https:\/\/www.livingstonintl.com\/fr\/services-fr\/transport-de-vehicules\/transport-de-vehicules-commerciaux\/\" \/>\n<meta property=\"og:locale\" content=\"fr_FR\" \/>\n<meta property=\"og:type\" content=\"article\" \/>\n<meta property=\"og:title\" content=\"Exp\u00e9dition de v\u00e9hicules commerciaux et d\u2019entreprise - Livingston International\" \/>\n<meta property=\"og:description\" content=\"Nous comptons parmi nos clients d\u2019importants constructeurs automobiles, des concessionnaires automobiles, des soci\u00e9t\u00e9s r\u00e9put\u00e9es de vente aux ench\u00e8res de v\u00e9hicules, des entreprises de d\u00e9m\u00e9nagement et des soci\u00e9t\u00e9s cherchant \u00e0 transf\u00e9rer leur personnel. Faisant partie d\u2019un organisme de fret bien plus important, nous disposons du personnel, des syst\u00e8mes et des processus pour r\u00e9pondre \u00e0 leurs besoins... Read more &raquo;\" \/>\n<meta property=\"og:url\" content=\"https:\/\/www.livingstonintl.com\/fr\/services-fr\/transport-de-vehicules\/transport-de-vehicules-commerciaux\/\" \/>\n<meta property=\"og:site_name\" content=\"Livingston International\" \/>\n<meta property=\"article:publisher\" content=\"https:\/\/www.facebook.com\/livingstoninternational\" \/>\n<meta property=\"article:modified_time\" content=\"2015-11-24T19:19:20+00:00\" \/>\n<meta property=\"og:image\" content=\"https:\/\/cdn.livingstonintl.com\/livingston-content\/uploads\/2022\/09\/12163235\/2022-livingston-fb.jpg\" \/>\n\t<meta property=\"og:image:width\" content=\"1200\" \/>\n\t<meta property=\"og:image:height\" content=\"630\" \/>\n\t<meta property=\"og:image:type\" content=\"image\/jpeg\" \/>\n<meta name=\"twitter:label1\" content=\"Dur\u00e9e de lecture estim\u00e9e\" \/>\n\t<meta name=\"twitter:data1\" content=\"2 minutes\" \/>\n<script type=\"application\/ld+json\" class=\"yoast-schema-graph\">{\"@context\":\"https:\/\/schema.org\",\"@graph\":[{\"@type\":\"WebPage\",\"@id\":\"https:\/\/www.livingstonintl.com\/fr\/services-fr\/transport-de-vehicules\/transport-de-vehicules-commerciaux\/\",\"url\":\"https:\/\/www.livingstonintl.com\/fr\/services-fr\/transport-de-vehicules\/transport-de-vehicules-commerciaux\/\",\"name\":\"Exp\u00e9dition de v\u00e9hicules commerciaux et d\u2019entreprise - Livingston International\",\"isPartOf\":{\"@id\":\"https:\/\/www.livingstonintl.com\/fr\/#website\"},\"datePublished\":\"2015-04-29T15:41:59+00:00\",\"dateModified\":\"2015-11-24T19:19:20+00:00\",\"breadcrumb\":{\"@id\":\"https:\/\/www.livingstonintl.com\/fr\/services-fr\/transport-de-vehicules\/transport-de-vehicules-commerciaux\/#breadcrumb\"},\"inLanguage\":\"fr-FR\",\"potentialAction\":[{\"@type\":\"ReadAction\",\"target\":[\"https:\/\/www.livingstonintl.com\/fr\/services-fr\/transport-de-vehicules\/transport-de-vehicules-commerciaux\/\"]}]},{\"@type\":\"BreadcrumbList\",\"@id\":\"https:\/\/www.livingstonintl.com\/fr\/services-fr\/transport-de-vehicules\/transport-de-vehicules-commerciaux\/#breadcrumb\",\"itemListElement\":[{\"@type\":\"ListItem\",\"position\":1,\"name\":\"Accueil\",\"item\":\"https:\/\/www.livingstonintl.com\/fr\/\"},{\"@type\":\"ListItem\",\"position\":2,\"name\":\"Services\",\"item\":\"https:\/\/www.livingstonintl.com\/fr\/services-fr\/\"},{\"@type\":\"ListItem\",\"position\":3,\"name\":\"Transport de v\u00e9hicules\",\"item\":\"https:\/\/www.livingstonintl.com\/fr\/services-fr\/transport-de-vehicules\/\"},{\"@type\":\"ListItem\",\"position\":4,\"name\":\"Exp\u00e9dition de v\u00e9hicules commerciaux et d\u2019entreprise\"}]},{\"@type\":\"WebSite\",\"@id\":\"https:\/\/www.livingstonintl.com\/fr\/#website\",\"url\":\"https:\/\/www.livingstonintl.com\/fr\/\",\"name\":\"Livingston International\",\"description\":\"Simplify Trade\",\"publisher\":{\"@id\":\"https:\/\/www.livingstonintl.com\/fr\/#organization\"},\"potentialAction\":[{\"@type\":\"SearchAction\",\"target\":{\"@type\":\"EntryPoint\",\"urlTemplate\":\"https:\/\/www.livingstonintl.com\/fr\/?s={search_term_string}\"},\"query-input\":{\"@type\":\"PropertyValueSpecification\",\"valueRequired\":true,\"valueName\":\"search_term_string\"}}],\"inLanguage\":\"fr-FR\"},{\"@type\":\"Organization\",\"@id\":\"https:\/\/www.livingstonintl.com\/fr\/#organization\",\"name\":\"Livingston International\",\"url\":\"https:\/\/www.livingstonintl.com\/fr\/\",\"logo\":{\"@type\":\"ImageObject\",\"inLanguage\":\"fr-FR\",\"@id\":\"https:\/\/www.livingstonintl.com\/fr\/#\/schema\/logo\/image\/\",\"url\":\"https:\/\/cdn.livingstonintl.com\/livingston-content\/uploads\/2022\/09\/12163235\/2022-livingston-fb.jpg\",\"contentUrl\":\"https:\/\/cdn.livingstonintl.com\/livingston-content\/uploads\/2022\/09\/12163235\/2022-livingston-fb.jpg\",\"width\":1200,\"height\":630,\"caption\":\"Livingston International\"},\"image\":{\"@id\":\"https:\/\/www.livingstonintl.com\/fr\/#\/schema\/logo\/image\/\"},\"sameAs\":[\"https:\/\/www.facebook.com\/livingstoninternational\",\"https:\/\/x.com\/livingston_intl\",\"https:\/\/linkedin.com\/company\/livingston-international\"]}]}<\/script>\n<!-- \/ Yoast SEO plugin. -->","yoast_head_json":{"title":"Exp\u00e9dition de v\u00e9hicules commerciaux et d\u2019entreprise - Livingston International","robots":{"index":"index","follow":"follow","max-snippet":"max-snippet:-1","max-image-preview":"max-image-preview:large","max-video-preview":"max-video-preview:-1"},"canonical":"https:\/\/www.livingstonintl.com\/fr\/services-fr\/transport-de-vehicules\/transport-de-vehicules-commerciaux\/","og_locale":"fr_FR","og_type":"article","og_title":"Exp\u00e9dition de v\u00e9hicules commerciaux et d\u2019entreprise - Livingston International","og_description":"Nous comptons parmi nos clients d\u2019importants constructeurs automobiles, des concessionnaires automobiles, des soci\u00e9t\u00e9s r\u00e9put\u00e9es de vente aux ench\u00e8res de v\u00e9hicules, des entreprises de d\u00e9m\u00e9nagement et des soci\u00e9t\u00e9s cherchant \u00e0 transf\u00e9rer leur personnel. Faisant partie d\u2019un organisme de fret bien plus important, nous disposons du personnel, des syst\u00e8mes et des processus pour r\u00e9pondre \u00e0 leurs besoins... Read more &raquo;","og_url":"https:\/\/www.livingstonintl.com\/fr\/services-fr\/transport-de-vehicules\/transport-de-vehicules-commerciaux\/","og_site_name":"Livingston International","article_publisher":"https:\/\/www.facebook.com\/livingstoninternational","article_modified_time":"2015-11-24T19:19:20+00:00","og_image":[{"width":1200,"height":630,"url":"https:\/\/cdn.livingstonintl.com\/livingston-content\/uploads\/2022\/09\/12163235\/2022-livingston-fb.jpg","type":"image\/jpeg"}],"twitter_misc":{"Dur\u00e9e de lecture estim\u00e9e":"2 minutes"},"schema":{"@context":"https:\/\/schema.org","@graph":[{"@type":"WebPage","@id":"https:\/\/www.livingstonintl.com\/fr\/services-fr\/transport-de-vehicules\/transport-de-vehicules-commerciaux\/","url":"https:\/\/www.livingstonintl.com\/fr\/services-fr\/transport-de-vehicules\/transport-de-vehicules-commerciaux\/","name":"Exp\u00e9dition de v\u00e9hicules commerciaux et d\u2019entreprise - Livingston International","isPartOf":{"@id":"https:\/\/www.livingstonintl.com\/fr\/#website"},"datePublished":"2015-04-29T15:41:59+00:00","dateModified":"2015-11-24T19:19:20+00:00","breadcrumb":{"@id":"https:\/\/www.livingstonintl.com\/fr\/services-fr\/transport-de-vehicules\/transport-de-vehicules-commerciaux\/#breadcrumb"},"inLanguage":"fr-FR","potentialAction":[{"@type":"ReadAction","target":["https:\/\/www.livingstonintl.com\/fr\/services-fr\/transport-de-vehicules\/transport-de-vehicules-commerciaux\/"]}]},{"@type":"BreadcrumbList","@id":"https:\/\/www.livingstonintl.com\/fr\/services-fr\/transport-de-vehicules\/transport-de-vehicules-commerciaux\/#breadcrumb","itemListElement":[{"@type":"ListItem","position":1,"name":"Accueil","item":"https:\/\/www.livingstonintl.com\/fr\/"},{"@type":"ListItem","position":2,"name":"Services","item":"https:\/\/www.livingstonintl.com\/fr\/services-fr\/"},{"@type":"ListItem","position":3,"name":"Transport de v\u00e9hicules","item":"https:\/\/www.livingstonintl.com\/fr\/services-fr\/transport-de-vehicules\/"},{"@type":"ListItem","position":4,"name":"Exp\u00e9dition de v\u00e9hicules commerciaux et d\u2019entreprise"}]},{"@type":"WebSite","@id":"https:\/\/www.livingstonintl.com\/fr\/#website","url":"https:\/\/www.livingstonintl.com\/fr\/","name":"Livingston International","description":"Simplify Trade","publisher":{"@id":"https:\/\/www.livingstonintl.com\/fr\/#organization"},"potentialAction":[{"@type":"SearchAction","target":{"@type":"EntryPoint","urlTemplate":"https:\/\/www.livingstonintl.com\/fr\/?s={search_term_string}"},"query-input":{"@type":"PropertyValueSpecification","valueRequired":true,"valueName":"search_term_string"}}],"inLanguage":"fr-FR"},{"@type":"Organization","@id":"https:\/\/www.livingstonintl.com\/fr\/#organization","name":"Livingston International","url":"https:\/\/www.livingstonintl.com\/fr\/","logo":{"@type":"ImageObject","inLanguage":"fr-FR","@id":"https:\/\/www.livingstonintl.com\/fr\/#\/schema\/logo\/image\/","url":"https:\/\/cdn.livingstonintl.com\/livingston-content\/uploads\/2022\/09\/12163235\/2022-livingston-fb.jpg","contentUrl":"https:\/\/cdn.livingstonintl.com\/livingston-content\/uploads\/2022\/09\/12163235\/2022-livingston-fb.jpg","width":1200,"height":630,"caption":"Livingston International"},"image":{"@id":"https:\/\/www.livingstonintl.com\/fr\/#\/schema\/logo\/image\/"},"sameAs":["https:\/\/www.facebook.com\/livingstoninternational","https:\/\/x.com\/livingston_intl","https:\/\/linkedin.com\/company\/livingston-international"]}]}},"_links":{"self":[{"href":"https:\/\/wp.livingstonintl.com\/fr\/wp-json\/wp\/v2\/pages\/660","targetHints":{"allow":["GET"]}}],"collection":[{"href":"https:\/\/wp.livingstonintl.com\/fr\/wp-json\/wp\/v2\/pages"}],"about":[{"href":"https:\/\/wp.livingstonintl.com\/fr\/wp-json\/wp\/v2\/types\/page"}],"author":[{"embeddable":true,"href":"https:\/\/wp.livingstonintl.com\/fr\/wp-json\/wp\/v2\/users\/32"}],"replies":[{"embeddable":true,"href":"https:\/\/wp.livingstonintl.com\/fr\/wp-json\/wp\/v2\/comments?post=660"}],"version-history":[{"count":0,"href":"https:\/\/wp.livingstonintl.com\/fr\/wp-json\/wp\/v2\/pages\/660\/revisions"}],"up":[{"embeddable":true,"href":"https:\/\/wp.livingstonintl.com\/fr\/wp-json\/wp\/v2\/pages\/98"}],"wp:attachment":[{"href":"https:\/\/wp.livingstonintl.com\/fr\/wp-json\/wp\/v2\/media?parent=660"}],"curies":[{"name":"wp","href":"https:\/\/api.w.org\/{rel}","templated":true}]}}