{"id":669,"date":"2015-04-29T16:06:53","date_gmt":"2015-04-29T16:06:53","guid":{"rendered":"http:\/\/livingston.gocactus.com\/experience-2\/partnerships\/carrier-and-forwarders\/parnership-program-for-frieght-forwarders\/"},"modified":"2015-11-24T18:52:02","modified_gmt":"2015-11-24T18:52:02","slug":"parnership-program-for-frieght-forwarders","status":"publish","type":"page","link":"https:\/\/www.livingstonintl.com\/fr\/experience-fr\/partenariat\/carrier-and-forwarder-partnerships\/parnership-program-for-frieght-forwarders\/","title":{"rendered":"Partenariats De Transit"},"content":{"rendered":"<p>En tant que transitaire, vous savez ce que vos clients veulent la simplicit\u00e9. Ils n\u2019ont pas \u00e0 sombrer dans les complexit\u00e9s de la cha\u00eene d\u2019approvisionnement; ils veulent seulement que leurs produits arrivent \u00e0 bon port. Le plus que vous pouvez faire pour r\u00e9duire la complexit\u00e9 et am\u00e9liorer l\u2019efficacit\u00e9 pour vos clients, le plus attirant vous serez comme partenaire.<\/p>\n<p>Offrir \u00e0 vos clients une solution de transport compl\u00e8te, d\u2019un bout \u00e0 l\u2019autre, y compris le courtage en douane, est une bonne fa\u00e7on de simplifier les choses.<\/p>\n<h4>Solutions De Transport D\u2019un Bout \u00c0 L\u2019autre Pour Les Transitaires<\/h4>\n<p>Livingston offre des occasions de partenariat \u00e0 des transitaires comme vous. Des occasions qui vous permettent d\u2019offrir plus \u00e0 vos clients. Nous g\u00e9rons les fonctions administratives de courtage \u2013notre expertise principale \u2013 et nous vous permettons ainsi de vous concentrer sur vos affaires principales et sur vos clients.<\/p>\n<p>M\u00eame si vous avez d\u00e9j\u00e0 une solution de courtage de douane, nous pouvons augmenter vos services existants pour que votre solution se d\u00e9marque de la concurrence. Avec Livingston \u00e0 vos c\u00f4t\u00e9s, vous pouvez offrir \u00e0 vos clients un d\u00e9douanement le soir et la fin de semaine, sans co\u00fbt suppl\u00e9mentaire.<\/p>\n<h4>Offrir Des Avantages \u00c0 Vos Clients, Et \u00c0 Vous<\/h4>\n<p>En offrant \u00e0 vos clients un courtage en douane en plus de vos transits habituels, vous offrez une toute nouvelle s\u00e9rie d\u2019avantages. Ils obtiennent une solution d\u2019un coup et une seule facture, couvrant le transit, le d\u00e9douanement, les droits et les taxes. Ils ont aussi l\u2019avantage de recevoir un service de d\u00e9douanement 24\/7, ce qui aide \u00e0 la rationalisation des op\u00e9rations de livraison.<\/p>\n<p>Votre entreprise aura aussi des avantages suppl\u00e9mentaires. Ajouter le service de courtage cr\u00e9e un revenu suppl\u00e9mentaire pour votre entreprise. Si vous avez d\u00e9j\u00e0 une solution de courtage, vous pouvez utiliser l\u2019efficacit\u00e9 de Livingston pour r\u00e9duire vos co\u00fbts fixes et offrir de plus grands services \u00e0 vos clients.<\/p>\n<p>Nous comprenons aussi l\u2019importance de maintenir vos relations avec vos clients. C\u2019est pourquoi la sous-traitance des op\u00e9rations de courtage est fortement s\u00e9par\u00e9e de nos autres offres de courtage et a \u00e9t\u00e9 d\u00e9velopp\u00e9e sp\u00e9cifiquement pour la communaut\u00e9 de transit. Vos relations avec vos clients restent entre vos mains et nous gardons nos services flexibles et taill\u00e9s selon vos besoins.<\/p>\n<p>Avec son engagement de livraison de services, un excellent service \u00e0 la client\u00e8le, Livingston est le partenaire id\u00e9al pour tout transitaire d\u00e9sirant augmenter ses offres de produit. Appelez d\u00e8s aujourd\u2019hui pour en savoir plus!<\/p>\n","protected":false},"excerpt":{"rendered":"<p>En tant que transitaire, vous savez ce que vos clients veulent la simplicit\u00e9. Ils n\u2019ont pas \u00e0 sombrer dans les complexit\u00e9s de la cha\u00eene d\u2019approvisionnement; ils veulent seulement que leurs produits arrivent \u00e0 bon port. Le plus que vous pouvez faire pour r\u00e9duire la complexit\u00e9 et am\u00e9liorer l\u2019efficacit\u00e9 pour vos clients, le plus attirant vous<a class=\"excerpt-read-more\" href=\"https:\/\/www.livingstonintl.com\/fr\/experience-fr\/partenariat\/carrier-and-forwarder-partnerships\/parnership-program-for-frieght-forwarders\/\" title=\"ReadPartenariats De Transit\">&#8230; Read more &raquo;<\/a><\/p>\n","protected":false},"author":32,"featured_media":0,"parent":215,"menu_order":410,"comment_status":"closed","ping_status":"closed","template":"","meta":{"_acf_changed":false,"footnotes":""},"class_list":["post-669","page","type-page","status-publish","hentry"],"acf":[],"yoast_head":"<!-- This site is optimized with the Yoast SEO plugin v27.5 - https:\/\/yoast.com\/product\/yoast-seo-wordpress\/ -->\n<title>Partenariats De Transit - Livingston International<\/title>\n<meta name=\"robots\" content=\"index, follow, max-snippet:-1, max-image-preview:large, max-video-preview:-1\" \/>\n<link rel=\"canonical\" href=\"https:\/\/www.livingstonintl.com\/fr\/experience-fr\/partenariat\/carrier-and-forwarder-partnerships\/parnership-program-for-frieght-forwarders\/\" \/>\n<meta property=\"og:locale\" content=\"fr_FR\" \/>\n<meta property=\"og:type\" content=\"article\" \/>\n<meta property=\"og:title\" content=\"Partenariats De Transit - Livingston International\" \/>\n<meta property=\"og:description\" content=\"En tant que transitaire, vous savez ce que vos clients veulent la simplicit\u00e9. Ils n\u2019ont pas \u00e0 sombrer dans les complexit\u00e9s de la cha\u00eene d\u2019approvisionnement; ils veulent seulement que leurs produits arrivent \u00e0 bon port. Le plus que vous pouvez faire pour r\u00e9duire la complexit\u00e9 et am\u00e9liorer l\u2019efficacit\u00e9 pour vos clients, le plus attirant vous... Read more &raquo;\" \/>\n<meta property=\"og:url\" content=\"https:\/\/www.livingstonintl.com\/fr\/experience-fr\/partenariat\/carrier-and-forwarder-partnerships\/parnership-program-for-frieght-forwarders\/\" \/>\n<meta property=\"og:site_name\" content=\"Livingston International\" \/>\n<meta property=\"article:publisher\" content=\"https:\/\/www.facebook.com\/livingstoninternational\" \/>\n<meta property=\"article:modified_time\" content=\"2015-11-24T18:52:02+00:00\" \/>\n<meta property=\"og:image\" content=\"https:\/\/cdn.livingstonintl.com\/livingston-content\/uploads\/2022\/09\/12163235\/2022-livingston-fb.jpg\" \/>\n\t<meta property=\"og:image:width\" content=\"1200\" \/>\n\t<meta property=\"og:image:height\" content=\"630\" \/>\n\t<meta property=\"og:image:type\" content=\"image\/jpeg\" \/>\n<meta name=\"twitter:label1\" content=\"Dur\u00e9e de lecture estim\u00e9e\" \/>\n\t<meta name=\"twitter:data1\" content=\"2 minutes\" \/>\n<script type=\"application\/ld+json\" class=\"yoast-schema-graph\">{\"@context\":\"https:\\\/\\\/schema.org\",\"@graph\":[{\"@type\":\"WebPage\",\"@id\":\"https:\\\/\\\/www.livingstonintl.com\\\/fr\\\/experience-fr\\\/partenariat\\\/carrier-and-forwarder-partnerships\\\/parnership-program-for-frieght-forwarders\\\/\",\"url\":\"https:\\\/\\\/www.livingstonintl.com\\\/fr\\\/experience-fr\\\/partenariat\\\/carrier-and-forwarder-partnerships\\\/parnership-program-for-frieght-forwarders\\\/\",\"name\":\"Partenariats De Transit - Livingston International\",\"isPartOf\":{\"@id\":\"https:\\\/\\\/www.livingstonintl.com\\\/fr\\\/#website\"},\"datePublished\":\"2015-04-29T16:06:53+00:00\",\"dateModified\":\"2015-11-24T18:52:02+00:00\",\"breadcrumb\":{\"@id\":\"https:\\\/\\\/www.livingstonintl.com\\\/fr\\\/experience-fr\\\/partenariat\\\/carrier-and-forwarder-partnerships\\\/parnership-program-for-frieght-forwarders\\\/#breadcrumb\"},\"inLanguage\":\"fr-FR\",\"potentialAction\":[{\"@type\":\"ReadAction\",\"target\":[\"https:\\\/\\\/www.livingstonintl.com\\\/fr\\\/experience-fr\\\/partenariat\\\/carrier-and-forwarder-partnerships\\\/parnership-program-for-frieght-forwarders\\\/\"]}]},{\"@type\":\"BreadcrumbList\",\"@id\":\"https:\\\/\\\/www.livingstonintl.com\\\/fr\\\/experience-fr\\\/partenariat\\\/carrier-and-forwarder-partnerships\\\/parnership-program-for-frieght-forwarders\\\/#breadcrumb\",\"itemListElement\":[{\"@type\":\"ListItem\",\"position\":1,\"name\":\"Accueil\",\"item\":\"https:\\\/\\\/www.livingstonintl.com\\\/fr\\\/\"},{\"@type\":\"ListItem\",\"position\":2,\"name\":\"Experience\",\"item\":\"https:\\\/\\\/www.livingstonintl.com\\\/fr\\\/experience-fr\\\/\"},{\"@type\":\"ListItem\",\"position\":3,\"name\":\"Partenariat\",\"item\":\"https:\\\/\\\/www.livingstonintl.com\\\/fr\\\/experience-fr\\\/partenariat\\\/\"},{\"@type\":\"ListItem\",\"position\":4,\"name\":\"Partenariats de transporteurs et transitaires\",\"item\":\"https:\\\/\\\/www.livingstonintl.com\\\/fr\\\/experience-fr\\\/partenariat\\\/carrier-and-forwarder-partnerships\\\/\"},{\"@type\":\"ListItem\",\"position\":5,\"name\":\"Partenariats De Transit\"}]},{\"@type\":\"WebSite\",\"@id\":\"https:\\\/\\\/www.livingstonintl.com\\\/fr\\\/#website\",\"url\":\"https:\\\/\\\/www.livingstonintl.com\\\/fr\\\/\",\"name\":\"Livingston International\",\"description\":\"Simplify Trade\",\"publisher\":{\"@id\":\"https:\\\/\\\/www.livingstonintl.com\\\/fr\\\/#organization\"},\"potentialAction\":[{\"@type\":\"SearchAction\",\"target\":{\"@type\":\"EntryPoint\",\"urlTemplate\":\"https:\\\/\\\/www.livingstonintl.com\\\/fr\\\/?s={search_term_string}\"},\"query-input\":{\"@type\":\"PropertyValueSpecification\",\"valueRequired\":true,\"valueName\":\"search_term_string\"}}],\"inLanguage\":\"fr-FR\"},{\"@type\":\"Organization\",\"@id\":\"https:\\\/\\\/www.livingstonintl.com\\\/fr\\\/#organization\",\"name\":\"Livingston International\",\"url\":\"https:\\\/\\\/www.livingstonintl.com\\\/fr\\\/\",\"logo\":{\"@type\":\"ImageObject\",\"inLanguage\":\"fr-FR\",\"@id\":\"https:\\\/\\\/www.livingstonintl.com\\\/fr\\\/#\\\/schema\\\/logo\\\/image\\\/\",\"url\":\"https:\\\/\\\/cdn.livingstonintl.com\\\/livingston-content\\\/uploads\\\/2022\\\/09\\\/12163235\\\/2022-livingston-fb.jpg\",\"contentUrl\":\"https:\\\/\\\/cdn.livingstonintl.com\\\/livingston-content\\\/uploads\\\/2022\\\/09\\\/12163235\\\/2022-livingston-fb.jpg\",\"width\":1200,\"height\":630,\"caption\":\"Livingston International\"},\"image\":{\"@id\":\"https:\\\/\\\/www.livingstonintl.com\\\/fr\\\/#\\\/schema\\\/logo\\\/image\\\/\"},\"sameAs\":[\"https:\\\/\\\/www.facebook.com\\\/livingstoninternational\",\"https:\\\/\\\/x.com\\\/livingston_intl\",\"https:\\\/\\\/linkedin.com\\\/company\\\/livingston-international\"]}]}<\/script>\n<!-- \/ Yoast SEO plugin. -->","yoast_head_json":{"title":"Partenariats De Transit - Livingston International","robots":{"index":"index","follow":"follow","max-snippet":"max-snippet:-1","max-image-preview":"max-image-preview:large","max-video-preview":"max-video-preview:-1"},"canonical":"https:\/\/www.livingstonintl.com\/fr\/experience-fr\/partenariat\/carrier-and-forwarder-partnerships\/parnership-program-for-frieght-forwarders\/","og_locale":"fr_FR","og_type":"article","og_title":"Partenariats De Transit - Livingston International","og_description":"En tant que transitaire, vous savez ce que vos clients veulent la simplicit\u00e9. Ils n\u2019ont pas \u00e0 sombrer dans les complexit\u00e9s de la cha\u00eene d\u2019approvisionnement; ils veulent seulement que leurs produits arrivent \u00e0 bon port. Le plus que vous pouvez faire pour r\u00e9duire la complexit\u00e9 et am\u00e9liorer l\u2019efficacit\u00e9 pour vos clients, le plus attirant vous... Read more &raquo;","og_url":"https:\/\/www.livingstonintl.com\/fr\/experience-fr\/partenariat\/carrier-and-forwarder-partnerships\/parnership-program-for-frieght-forwarders\/","og_site_name":"Livingston International","article_publisher":"https:\/\/www.facebook.com\/livingstoninternational","article_modified_time":"2015-11-24T18:52:02+00:00","og_image":[{"width":1200,"height":630,"url":"https:\/\/cdn.livingstonintl.com\/livingston-content\/uploads\/2022\/09\/12163235\/2022-livingston-fb.jpg","type":"image\/jpeg"}],"twitter_misc":{"Dur\u00e9e de lecture estim\u00e9e":"2 minutes"},"schema":{"@context":"https:\/\/schema.org","@graph":[{"@type":"WebPage","@id":"https:\/\/www.livingstonintl.com\/fr\/experience-fr\/partenariat\/carrier-and-forwarder-partnerships\/parnership-program-for-frieght-forwarders\/","url":"https:\/\/www.livingstonintl.com\/fr\/experience-fr\/partenariat\/carrier-and-forwarder-partnerships\/parnership-program-for-frieght-forwarders\/","name":"Partenariats De Transit - Livingston International","isPartOf":{"@id":"https:\/\/www.livingstonintl.com\/fr\/#website"},"datePublished":"2015-04-29T16:06:53+00:00","dateModified":"2015-11-24T18:52:02+00:00","breadcrumb":{"@id":"https:\/\/www.livingstonintl.com\/fr\/experience-fr\/partenariat\/carrier-and-forwarder-partnerships\/parnership-program-for-frieght-forwarders\/#breadcrumb"},"inLanguage":"fr-FR","potentialAction":[{"@type":"ReadAction","target":["https:\/\/www.livingstonintl.com\/fr\/experience-fr\/partenariat\/carrier-and-forwarder-partnerships\/parnership-program-for-frieght-forwarders\/"]}]},{"@type":"BreadcrumbList","@id":"https:\/\/www.livingstonintl.com\/fr\/experience-fr\/partenariat\/carrier-and-forwarder-partnerships\/parnership-program-for-frieght-forwarders\/#breadcrumb","itemListElement":[{"@type":"ListItem","position":1,"name":"Accueil","item":"https:\/\/www.livingstonintl.com\/fr\/"},{"@type":"ListItem","position":2,"name":"Experience","item":"https:\/\/www.livingstonintl.com\/fr\/experience-fr\/"},{"@type":"ListItem","position":3,"name":"Partenariat","item":"https:\/\/www.livingstonintl.com\/fr\/experience-fr\/partenariat\/"},{"@type":"ListItem","position":4,"name":"Partenariats de transporteurs et transitaires","item":"https:\/\/www.livingstonintl.com\/fr\/experience-fr\/partenariat\/carrier-and-forwarder-partnerships\/"},{"@type":"ListItem","position":5,"name":"Partenariats De Transit"}]},{"@type":"WebSite","@id":"https:\/\/www.livingstonintl.com\/fr\/#website","url":"https:\/\/www.livingstonintl.com\/fr\/","name":"Livingston International","description":"Simplify Trade","publisher":{"@id":"https:\/\/www.livingstonintl.com\/fr\/#organization"},"potentialAction":[{"@type":"SearchAction","target":{"@type":"EntryPoint","urlTemplate":"https:\/\/www.livingstonintl.com\/fr\/?s={search_term_string}"},"query-input":{"@type":"PropertyValueSpecification","valueRequired":true,"valueName":"search_term_string"}}],"inLanguage":"fr-FR"},{"@type":"Organization","@id":"https:\/\/www.livingstonintl.com\/fr\/#organization","name":"Livingston International","url":"https:\/\/www.livingstonintl.com\/fr\/","logo":{"@type":"ImageObject","inLanguage":"fr-FR","@id":"https:\/\/www.livingstonintl.com\/fr\/#\/schema\/logo\/image\/","url":"https:\/\/cdn.livingstonintl.com\/livingston-content\/uploads\/2022\/09\/12163235\/2022-livingston-fb.jpg","contentUrl":"https:\/\/cdn.livingstonintl.com\/livingston-content\/uploads\/2022\/09\/12163235\/2022-livingston-fb.jpg","width":1200,"height":630,"caption":"Livingston International"},"image":{"@id":"https:\/\/www.livingstonintl.com\/fr\/#\/schema\/logo\/image\/"},"sameAs":["https:\/\/www.facebook.com\/livingstoninternational","https:\/\/x.com\/livingston_intl","https:\/\/linkedin.com\/company\/livingston-international"]}]}},"_links":{"self":[{"href":"https:\/\/wp.livingstonintl.com\/fr\/wp-json\/wp\/v2\/pages\/669","targetHints":{"allow":["GET"]}}],"collection":[{"href":"https:\/\/wp.livingstonintl.com\/fr\/wp-json\/wp\/v2\/pages"}],"about":[{"href":"https:\/\/wp.livingstonintl.com\/fr\/wp-json\/wp\/v2\/types\/page"}],"author":[{"embeddable":true,"href":"https:\/\/wp.livingstonintl.com\/fr\/wp-json\/wp\/v2\/users\/32"}],"replies":[{"embeddable":true,"href":"https:\/\/wp.livingstonintl.com\/fr\/wp-json\/wp\/v2\/comments?post=669"}],"version-history":[{"count":0,"href":"https:\/\/wp.livingstonintl.com\/fr\/wp-json\/wp\/v2\/pages\/669\/revisions"}],"up":[{"embeddable":true,"href":"https:\/\/wp.livingstonintl.com\/fr\/wp-json\/wp\/v2\/pages\/215"}],"wp:attachment":[{"href":"https:\/\/wp.livingstonintl.com\/fr\/wp-json\/wp\/v2\/media?parent=669"}],"curies":[{"name":"wp","href":"https:\/\/api.w.org\/{rel}","templated":true}]}}