{"id":670,"date":"2015-04-29T16:05:45","date_gmt":"2015-04-29T16:05:45","guid":{"rendered":"http:\/\/livingston.gocactus.com\/experience-2\/partnerships\/carrier-and-forwarders\/partnership-program-for-carriers\/"},"modified":"2015-11-24T18:45:25","modified_gmt":"2015-11-24T18:45:25","slug":"partnership-program-for-carriers","status":"publish","type":"page","link":"https:\/\/www.livingstonintl.com\/fr\/experience-fr\/partenariat\/carrier-and-forwarder-partnerships\/partnership-program-for-carriers\/","title":{"rendered":"Partenariats De Transporteurs"},"content":{"rendered":"<p>En tant que transporteur, il est dans votre int\u00e9r\u00eat de faciliter la vie de vos clients, de leur redonner du temps pour qu\u2019ils se concentrent sur leurs principales affaires. Les transporteurs qui offrent \u00e0 leurs clients des options et des services suppl\u00e9mentaires, particuli\u00e8rement ceux qui peuvent r\u00e9duire les co\u00fbts des clients, se d\u00e9marquent de la foule.<\/p>\n<h4>Un Partenariat Qui Est \u00c0 Votre Avantage Et \u00c0 Celui De Vos Clients<\/h4>\n<p>Votre expertise est dans le d\u00e9placement de produits, pas leur d\u00e9douanement. Et si vous pouviez offrir une solution de d\u00e9douanement en plus de vos services de transporteur? Devenir un fournisseur de services de transport complet peut offrir nombre d\u2019avantages \u00e0 votre compagnie, sans mentionner ceux pour vos clients :<\/p>\n<p>1. Une solution de courtage en douane offre une source de revenus suppl\u00e9mentaire, ce qui am\u00e9liore vos r\u00e9sultats.<\/p>\n<p>2. Le courtage est une solution importante pour le maintien d\u2019une client\u00e8le. Nous avons appris au cours des ans que les clients tendent \u00e0 rester avec les fournisseurs qui peuvent g\u00e9rer des exigences complexes d\u00e9coulant du d\u00e9douanement.<\/p>\n<p>3. Le courtage en douane peut vous d\u00e9marquer du march\u00e9 surpeupl\u00e9 qu\u2019est le transport. Il peut \u00e9galement vous aider \u00e0 \u00e9galer les gros joueurs qui offrent eux-m\u00eames un service de courtage.<\/p>\n<p>Une plus grande offre de services \u2013 celle qui g\u00e9n\u00e8re des revenus sans autres frais, vous aide \u00e0 grandir, \u00e0 conserver vos clients et \u00e0 vous diff\u00e9rencier de la comp\u00e9tition \u2013 est id\u00e9ale pour positionner votre entreprise vers une croissance future.<\/p>\n<h4>Programme De Partenariat De Transport De Livingston<\/h4>\n<p>Livingston a les connaissances, l\u2019expertise et les ressources disponibles pour assurer le d\u00e9douanement rapide et efficace de produits, peu importe la cargaison, la destination ou le port d\u2019entr\u00e9e. Notre programme de partenariat de transport vous permet de tirer profit de ces ressources et de vous concentrer sur vos op\u00e9rations de tous les jours.<\/p>\n<p>Lorsque les exp\u00e9ditions sont retard\u00e9es aux douanes en raison de probl\u00e8mes douaniers, les transporteurs sont bien souvent aussi dans l\u2019ignorance que le client. Avec Livingston comme partenaire, vous pouvez \u00eatre s\u00fbr que votre exp\u00e9dition sortira des douanes rapidement et efficacement. Vous conna\u00eetrez toujours l\u2019\u00e9tat de l\u2019exp\u00e9dition de vos clients et pourrez les garder inform\u00e9s.<\/p>\n<p>Avec les ressources de Livingston \u00e0 vos c\u00f4t\u00e9s, vous pourrez offrir \u00e0 vos clients une solution robuste et compl\u00e8te qui am\u00e9liorera vos r\u00e9sultats et facilitera la vie de vos clients. Appelez d\u00e8s aujourd\u2019hui pour en savoir plus!<\/p>\n","protected":false},"excerpt":{"rendered":"<p>En tant que transporteur, il est dans votre int\u00e9r\u00eat de faciliter la vie de vos clients, de leur redonner du temps pour qu\u2019ils se concentrent sur leurs principales affaires. Les transporteurs qui offrent \u00e0 leurs clients des options et des services suppl\u00e9mentaires, particuli\u00e8rement ceux qui peuvent r\u00e9duire les co\u00fbts des clients, se d\u00e9marquent de la<a class=\"excerpt-read-more\" href=\"https:\/\/www.livingstonintl.com\/fr\/experience-fr\/partenariat\/carrier-and-forwarder-partnerships\/partnership-program-for-carriers\/\" title=\"ReadPartenariats De Transporteurs\">&#8230; Read more &raquo;<\/a><\/p>\n","protected":false},"author":32,"featured_media":0,"parent":215,"menu_order":408,"comment_status":"closed","ping_status":"closed","template":"","meta":{"_acf_changed":false,"footnotes":""},"class_list":["post-670","page","type-page","status-publish","hentry"],"acf":[],"yoast_head":"<!-- This site is optimized with the Yoast SEO plugin v27.2 - https:\/\/yoast.com\/product\/yoast-seo-wordpress\/ -->\n<title>Partenariats De Transporteurs - Livingston International<\/title>\n<meta name=\"robots\" content=\"index, follow, max-snippet:-1, max-image-preview:large, max-video-preview:-1\" \/>\n<link rel=\"canonical\" href=\"https:\/\/www.livingstonintl.com\/fr\/experience-fr\/partenariat\/carrier-and-forwarder-partnerships\/partnership-program-for-carriers\/\" \/>\n<meta property=\"og:locale\" content=\"fr_FR\" \/>\n<meta property=\"og:type\" content=\"article\" \/>\n<meta property=\"og:title\" content=\"Partenariats De Transporteurs - Livingston International\" \/>\n<meta property=\"og:description\" content=\"En tant que transporteur, il est dans votre int\u00e9r\u00eat de faciliter la vie de vos clients, de leur redonner du temps pour qu\u2019ils se concentrent sur leurs principales affaires. Les transporteurs qui offrent \u00e0 leurs clients des options et des services suppl\u00e9mentaires, particuli\u00e8rement ceux qui peuvent r\u00e9duire les co\u00fbts des clients, se d\u00e9marquent de la... Read more &raquo;\" \/>\n<meta property=\"og:url\" content=\"https:\/\/www.livingstonintl.com\/fr\/experience-fr\/partenariat\/carrier-and-forwarder-partnerships\/partnership-program-for-carriers\/\" \/>\n<meta property=\"og:site_name\" content=\"Livingston International\" \/>\n<meta property=\"article:publisher\" content=\"https:\/\/www.facebook.com\/livingstoninternational\" \/>\n<meta property=\"article:modified_time\" content=\"2015-11-24T18:45:25+00:00\" \/>\n<meta property=\"og:image\" content=\"https:\/\/cdn.livingstonintl.com\/livingston-content\/uploads\/2022\/09\/12163235\/2022-livingston-fb.jpg\" \/>\n\t<meta property=\"og:image:width\" content=\"1200\" \/>\n\t<meta property=\"og:image:height\" content=\"630\" \/>\n\t<meta property=\"og:image:type\" content=\"image\/jpeg\" \/>\n<meta name=\"twitter:label1\" content=\"Dur\u00e9e de lecture estim\u00e9e\" \/>\n\t<meta name=\"twitter:data1\" content=\"2 minutes\" \/>\n<script type=\"application\/ld+json\" class=\"yoast-schema-graph\">{\"@context\":\"https:\/\/schema.org\",\"@graph\":[{\"@type\":\"WebPage\",\"@id\":\"https:\/\/www.livingstonintl.com\/fr\/experience-fr\/partenariat\/carrier-and-forwarder-partnerships\/partnership-program-for-carriers\/\",\"url\":\"https:\/\/www.livingstonintl.com\/fr\/experience-fr\/partenariat\/carrier-and-forwarder-partnerships\/partnership-program-for-carriers\/\",\"name\":\"Partenariats De Transporteurs - Livingston International\",\"isPartOf\":{\"@id\":\"https:\/\/www.livingstonintl.com\/fr\/#website\"},\"datePublished\":\"2015-04-29T16:05:45+00:00\",\"dateModified\":\"2015-11-24T18:45:25+00:00\",\"breadcrumb\":{\"@id\":\"https:\/\/www.livingstonintl.com\/fr\/experience-fr\/partenariat\/carrier-and-forwarder-partnerships\/partnership-program-for-carriers\/#breadcrumb\"},\"inLanguage\":\"fr-FR\",\"potentialAction\":[{\"@type\":\"ReadAction\",\"target\":[\"https:\/\/www.livingstonintl.com\/fr\/experience-fr\/partenariat\/carrier-and-forwarder-partnerships\/partnership-program-for-carriers\/\"]}]},{\"@type\":\"BreadcrumbList\",\"@id\":\"https:\/\/www.livingstonintl.com\/fr\/experience-fr\/partenariat\/carrier-and-forwarder-partnerships\/partnership-program-for-carriers\/#breadcrumb\",\"itemListElement\":[{\"@type\":\"ListItem\",\"position\":1,\"name\":\"Accueil\",\"item\":\"https:\/\/www.livingstonintl.com\/fr\/\"},{\"@type\":\"ListItem\",\"position\":2,\"name\":\"Experience\",\"item\":\"https:\/\/www.livingstonintl.com\/fr\/experience-fr\/\"},{\"@type\":\"ListItem\",\"position\":3,\"name\":\"Partenariat\",\"item\":\"https:\/\/www.livingstonintl.com\/fr\/experience-fr\/partenariat\/\"},{\"@type\":\"ListItem\",\"position\":4,\"name\":\"Partenariats de transporteurs et transitaires\",\"item\":\"https:\/\/www.livingstonintl.com\/fr\/experience-fr\/partenariat\/carrier-and-forwarder-partnerships\/\"},{\"@type\":\"ListItem\",\"position\":5,\"name\":\"Partenariats De Transporteurs\"}]},{\"@type\":\"WebSite\",\"@id\":\"https:\/\/www.livingstonintl.com\/fr\/#website\",\"url\":\"https:\/\/www.livingstonintl.com\/fr\/\",\"name\":\"Livingston International\",\"description\":\"Simplify Trade\",\"publisher\":{\"@id\":\"https:\/\/www.livingstonintl.com\/fr\/#organization\"},\"potentialAction\":[{\"@type\":\"SearchAction\",\"target\":{\"@type\":\"EntryPoint\",\"urlTemplate\":\"https:\/\/www.livingstonintl.com\/fr\/?s={search_term_string}\"},\"query-input\":{\"@type\":\"PropertyValueSpecification\",\"valueRequired\":true,\"valueName\":\"search_term_string\"}}],\"inLanguage\":\"fr-FR\"},{\"@type\":\"Organization\",\"@id\":\"https:\/\/www.livingstonintl.com\/fr\/#organization\",\"name\":\"Livingston International\",\"url\":\"https:\/\/www.livingstonintl.com\/fr\/\",\"logo\":{\"@type\":\"ImageObject\",\"inLanguage\":\"fr-FR\",\"@id\":\"https:\/\/www.livingstonintl.com\/fr\/#\/schema\/logo\/image\/\",\"url\":\"https:\/\/cdn.livingstonintl.com\/livingston-content\/uploads\/2022\/09\/12163235\/2022-livingston-fb.jpg\",\"contentUrl\":\"https:\/\/cdn.livingstonintl.com\/livingston-content\/uploads\/2022\/09\/12163235\/2022-livingston-fb.jpg\",\"width\":1200,\"height\":630,\"caption\":\"Livingston International\"},\"image\":{\"@id\":\"https:\/\/www.livingstonintl.com\/fr\/#\/schema\/logo\/image\/\"},\"sameAs\":[\"https:\/\/www.facebook.com\/livingstoninternational\",\"https:\/\/x.com\/livingston_intl\",\"https:\/\/linkedin.com\/company\/livingston-international\"]}]}<\/script>\n<!-- \/ Yoast SEO plugin. -->","yoast_head_json":{"title":"Partenariats De Transporteurs - Livingston International","robots":{"index":"index","follow":"follow","max-snippet":"max-snippet:-1","max-image-preview":"max-image-preview:large","max-video-preview":"max-video-preview:-1"},"canonical":"https:\/\/www.livingstonintl.com\/fr\/experience-fr\/partenariat\/carrier-and-forwarder-partnerships\/partnership-program-for-carriers\/","og_locale":"fr_FR","og_type":"article","og_title":"Partenariats De Transporteurs - Livingston International","og_description":"En tant que transporteur, il est dans votre int\u00e9r\u00eat de faciliter la vie de vos clients, de leur redonner du temps pour qu\u2019ils se concentrent sur leurs principales affaires. Les transporteurs qui offrent \u00e0 leurs clients des options et des services suppl\u00e9mentaires, particuli\u00e8rement ceux qui peuvent r\u00e9duire les co\u00fbts des clients, se d\u00e9marquent de la... Read more &raquo;","og_url":"https:\/\/www.livingstonintl.com\/fr\/experience-fr\/partenariat\/carrier-and-forwarder-partnerships\/partnership-program-for-carriers\/","og_site_name":"Livingston International","article_publisher":"https:\/\/www.facebook.com\/livingstoninternational","article_modified_time":"2015-11-24T18:45:25+00:00","og_image":[{"width":1200,"height":630,"url":"https:\/\/cdn.livingstonintl.com\/livingston-content\/uploads\/2022\/09\/12163235\/2022-livingston-fb.jpg","type":"image\/jpeg"}],"twitter_misc":{"Dur\u00e9e de lecture estim\u00e9e":"2 minutes"},"schema":{"@context":"https:\/\/schema.org","@graph":[{"@type":"WebPage","@id":"https:\/\/www.livingstonintl.com\/fr\/experience-fr\/partenariat\/carrier-and-forwarder-partnerships\/partnership-program-for-carriers\/","url":"https:\/\/www.livingstonintl.com\/fr\/experience-fr\/partenariat\/carrier-and-forwarder-partnerships\/partnership-program-for-carriers\/","name":"Partenariats De Transporteurs - Livingston International","isPartOf":{"@id":"https:\/\/www.livingstonintl.com\/fr\/#website"},"datePublished":"2015-04-29T16:05:45+00:00","dateModified":"2015-11-24T18:45:25+00:00","breadcrumb":{"@id":"https:\/\/www.livingstonintl.com\/fr\/experience-fr\/partenariat\/carrier-and-forwarder-partnerships\/partnership-program-for-carriers\/#breadcrumb"},"inLanguage":"fr-FR","potentialAction":[{"@type":"ReadAction","target":["https:\/\/www.livingstonintl.com\/fr\/experience-fr\/partenariat\/carrier-and-forwarder-partnerships\/partnership-program-for-carriers\/"]}]},{"@type":"BreadcrumbList","@id":"https:\/\/www.livingstonintl.com\/fr\/experience-fr\/partenariat\/carrier-and-forwarder-partnerships\/partnership-program-for-carriers\/#breadcrumb","itemListElement":[{"@type":"ListItem","position":1,"name":"Accueil","item":"https:\/\/www.livingstonintl.com\/fr\/"},{"@type":"ListItem","position":2,"name":"Experience","item":"https:\/\/www.livingstonintl.com\/fr\/experience-fr\/"},{"@type":"ListItem","position":3,"name":"Partenariat","item":"https:\/\/www.livingstonintl.com\/fr\/experience-fr\/partenariat\/"},{"@type":"ListItem","position":4,"name":"Partenariats de transporteurs et transitaires","item":"https:\/\/www.livingstonintl.com\/fr\/experience-fr\/partenariat\/carrier-and-forwarder-partnerships\/"},{"@type":"ListItem","position":5,"name":"Partenariats De Transporteurs"}]},{"@type":"WebSite","@id":"https:\/\/www.livingstonintl.com\/fr\/#website","url":"https:\/\/www.livingstonintl.com\/fr\/","name":"Livingston International","description":"Simplify Trade","publisher":{"@id":"https:\/\/www.livingstonintl.com\/fr\/#organization"},"potentialAction":[{"@type":"SearchAction","target":{"@type":"EntryPoint","urlTemplate":"https:\/\/www.livingstonintl.com\/fr\/?s={search_term_string}"},"query-input":{"@type":"PropertyValueSpecification","valueRequired":true,"valueName":"search_term_string"}}],"inLanguage":"fr-FR"},{"@type":"Organization","@id":"https:\/\/www.livingstonintl.com\/fr\/#organization","name":"Livingston International","url":"https:\/\/www.livingstonintl.com\/fr\/","logo":{"@type":"ImageObject","inLanguage":"fr-FR","@id":"https:\/\/www.livingstonintl.com\/fr\/#\/schema\/logo\/image\/","url":"https:\/\/cdn.livingstonintl.com\/livingston-content\/uploads\/2022\/09\/12163235\/2022-livingston-fb.jpg","contentUrl":"https:\/\/cdn.livingstonintl.com\/livingston-content\/uploads\/2022\/09\/12163235\/2022-livingston-fb.jpg","width":1200,"height":630,"caption":"Livingston International"},"image":{"@id":"https:\/\/www.livingstonintl.com\/fr\/#\/schema\/logo\/image\/"},"sameAs":["https:\/\/www.facebook.com\/livingstoninternational","https:\/\/x.com\/livingston_intl","https:\/\/linkedin.com\/company\/livingston-international"]}]}},"_links":{"self":[{"href":"https:\/\/wp.livingstonintl.com\/fr\/wp-json\/wp\/v2\/pages\/670","targetHints":{"allow":["GET"]}}],"collection":[{"href":"https:\/\/wp.livingstonintl.com\/fr\/wp-json\/wp\/v2\/pages"}],"about":[{"href":"https:\/\/wp.livingstonintl.com\/fr\/wp-json\/wp\/v2\/types\/page"}],"author":[{"embeddable":true,"href":"https:\/\/wp.livingstonintl.com\/fr\/wp-json\/wp\/v2\/users\/32"}],"replies":[{"embeddable":true,"href":"https:\/\/wp.livingstonintl.com\/fr\/wp-json\/wp\/v2\/comments?post=670"}],"version-history":[{"count":0,"href":"https:\/\/wp.livingstonintl.com\/fr\/wp-json\/wp\/v2\/pages\/670\/revisions"}],"up":[{"embeddable":true,"href":"https:\/\/wp.livingstonintl.com\/fr\/wp-json\/wp\/v2\/pages\/215"}],"wp:attachment":[{"href":"https:\/\/wp.livingstonintl.com\/fr\/wp-json\/wp\/v2\/media?parent=670"}],"curies":[{"name":"wp","href":"https:\/\/api.w.org\/{rel}","templated":true}]}}