{"id":98,"date":"2015-04-27T20:04:49","date_gmt":"2015-04-27T20:04:49","guid":{"rendered":"http:\/\/livingston.gocactus.com\/services\/vehicle-transportation-services\/"},"modified":"2022-10-27T13:03:08","modified_gmt":"2022-10-27T17:03:08","slug":"transport-de-vehicules","status":"publish","type":"page","link":"https:\/\/www.livingstonintl.com\/fr\/services-fr\/transport-de-vehicules\/","title":{"rendered":"Transport de v\u00e9hicules"},"content":{"rendered":"\n\n\n<!-- MASTHEAD: MAIN -->\n<section id=\"masthead-block\" class=\"lii-block lii-block-masthead\">\n\n\t<div class=\"masthead-background hide-for-small-only\">\n\t\t\t\t<img decoding=\"async\" src=\"data:image\/image\/jpeg;base64, \/9j\/4AAQSkZJRgABAQEAYABgAAD\/\/gA7Q1JFQVRPUjogZ2QtanBlZyB2MS4wICh1c2luZyBJSkcgSlBFRyB2NjIpLCBxdWFsaXR5ID0gODIK\/9sAQwAGBAQFBAQGBQUFBgYGBwkOCQkICAkSDQ0KDhUSFhYVEhQUFxohHBcYHxkUFB0nHR8iIyUlJRYcKSwoJCshJCUk\/9sAQwEGBgYJCAkRCQkRJBgUGCQkJCQkJCQkJCQkJCQkJCQkJCQkJCQkJCQkJCQkJCQkJCQkJCQkJCQkJCQkJCQkJCQk\/8AAEQgAawC+AwEiAAIRAQMRAf\/EAB8AAAEFAQEBAQEBAAAAAAAAAAABAgMEBQYHCAkKC\/\/EALUQAAIBAwMCBAMFBQQEAAABfQECAwAEEQUSITFBBhNRYQcicRQygZGhCCNCscEVUtHwJDNicoIJChYXGBkaJSYnKCkqNDU2Nzg5OkNERUZHSElKU1RVVldYWVpjZGVmZ2hpanN0dXZ3eHl6g4SFhoeIiYqSk5SVlpeYmZqio6Slpqeoqaqys7S1tre4ubrCw8TFxsfIycrS09TV1tfY2drh4uPk5ebn6Onq8fLz9PX29\/j5+v\/EAB8BAAMBAQEBAQEBAQEAAAAAAAABAgMEBQYHCAkKC\/\/EALURAAIBAgQEAwQHBQQEAAECdwABAgMRBAUhMQYSQVEHYXETIjKBCBRCkaGxwQkjM1LwFWJy0QoWJDThJfEXGBkaJicoKSo1Njc4OTpDREVGR0hJSlNUVVZXWFlaY2RlZmdoaWpzdHV2d3h5eoKDhIWGh4iJipKTlJWWl5iZmqKjpKWmp6ipqrKztLW2t7i5usLDxMXGx8jJytLT1NXW19jZ2uLj5OXm5+jp6vLz9PX29\/j5+v\/aAAwDAQACEQMRAD8A87ig44Fc5r+3eytxXVeascRYdhXG65epMzb8A+orvPIgtTkb1SkpxyPUVD5zldu449KtS4Mh2kEULapIcjCn0rnad9D0k7LUp8+hp6blIO01oJbKuOmauReQF2yIPrS5QcyrZ3XlSI+3GDzXZHSPt9it9ZPtfHOP6iuOm8pXwp4rovDOvR2CmCaTarfdPb6UJalSm+WyF2NMfJul8qQ8LKOVY+h\/z+dbWjafbvIba7IhLDDHrj0PuKsQR22rq728kZfuOoPsRUqwoFENwjQuv3W9Poa1TOSSudR4G1e60G6k0y+fzbBX27+vk56MP9k9\/Tr649Ra0wMgZryvwJZC7luYLkrKjgqj9x7f\/Wr0vwzfB9P+x3Mn+kWreS2T94D7p\/L+VTJdQj2Y54jn7tRtCzHpW0Io2PUUphQdqkqxjx2zH+Gr1vZliBiriIgPQVOoCN8tA7EDab+7yG59Kh\/s8hjWii85JpXYHoRikOxSGnJtyxGfSq0tmFbHGKuSSc8VXeQucEUCZWa2ULxiqk8RHStLaW4xUb259KBHOXcO9qzprTJya6eez6nHJ6VTl0125xVIzaPHJbWVIGyCeO1cDr8LBmIJ+levwW7SDDDINc74q8A\/bYHuLSby5OpRxkH8a1kzKkuWVzx3LKx55qVJz3p2o2F1p07RXEZUg9RyDVTcT3rlbaZ6ejVy8Lk\/3qkF2wHNZx3DrRuOMZo5w5S482856GrdlaPqH7pD8x6VkBmB611fgny31BEmXKE8kdRTi7sUtEVLU6j4V1SOV\/MVcjcrDGR7j+teoWl9Z6zbB4Jo3YrloieR9Kb480S3fRA0yESAAxynkEen1rzKB2t2HlzNFIvQg4NXsZW59TvdDvbnSfEAjR2WGXJ4PYf\/AF8Vt66fE0sU8sIFxCEzJIjncyg5Hyjrj\/PvyGi+KBZSINZsxcxMOLhPvqP616No2pQeQLzT7xbq0HXBw8fsR2qkyJKzucvH8SdcgaHFx8ox94ZyOBXs2n+JYP3ImlVoZRjzQ2QjdwfxryXV\/D3h+712Fo9UNql42UiSHcFc4zyOB83btxXR6X5RsNUSMny0upCrHorfxA+gJ79KXWzKUbxbPW44mfBTkHoRV630m5nUso4Hqa5TwLrclxItiylo2UGLP3kbnKn8ifbFd4i3Kr91lWh6Ex1M6ewuLdQWAwfeqzo\/QnFb4ieYgFTx3NNl00yjOMe+Km5TRgLbhupp5sQxGB1rYj0zYwcZYDjhalNvIcgwso7Z60XBIyFtAoxs5+lMNgzsAB1rbMRK5YHPrUEhEakswFS2x2RkXWmBRv6nsBWZdoqkLkfhWne6inKiUVjyTRMfvg1UU+pnO3Q+dE+LVnH0tSf+BVbX4xaXJGY5rOUAjHBzW7P4B0G8XE2l2594xsP5jFZU\/wAF9Cu2P2a7vLQ\/3SQ4H58\/rVNsUVDzOC8S6npWsSNLbSsjH+FxiuXMPPBFepX3wFvkUtYazbS+izxsn6jP8q5jUvhd4t0rLNpUtyg\/jtWEufwHP6VlK73OiHKlZM5URle2fpRhO681JPb3FrIYriKSKReqyKVI\/A1EWPekaEkbxoeYww9607PVYLaRJYleCZOVdTnmsgHBzgVcgvYkXbJZQyj3JH8jn9aaEztJPHU+uaa+m386rvwPNHAP4dKxIbCa03CVY7yA8rtbDD6Zrn3K7yY1KqexOcVIk00B3RtIE9sjFO5KilsdH5bQxeZamZM8NFjep\/DrVzRJpjc5tyYZG+R\/Kf7wPqp5xWJaa1KwEckyj2mTI\/MVs27XStHKbdJUPIeGUHj6GmiZaLU6rSLaPwdrslrqM0UtudtxF5w5RiGyVJ9wOhPSpPDXj+PSI76Oe1knivZfmC\/8syTgt+v6CuZ1W6j1+BC148MkY2ILiLAXnpxwKu+ENM+x2+qjUZLaSN7VhE6sGVm9B6H096uzMlOLR7Ra6ve6ZqtstvZLJIMSeaW2CUKRhc9ASCefYivWvBdxqdzpULa20Et1NKApt+FCmMOM\/hXzboniJo8tDJ5tuzbpLeRiNp7lSeVb2PB9O9dJp3xX1G30i1S2JjFvK8cbNKRu2oVGR24YUS1BaH0r9nRQSqKCfUU1plt4m3OBx2PNeW6V8SJZYBJcXe5W6AHesgOcYOPQZrprLTbTXNP\/ALQCPCrjKMjkq34dalwtuVz9jee\/sdwLNCGHUs\/NQT6npuwZmUY\/uc1x1zapC5jQEsO+TVi20q6aMTbVZO4DCnyoXMy9qHiKzjBVGlYDoMVzWp66LjOyN1X61cvJoEBRLcKxPLMQcfpVFbOwuMtcTlcc\/WmkiWzDn1FhnBxVU3cjd\/1rV1K2s7dcwIG92Irmr3UZI3wuxR7VaV9iJMyra8mYDJq\/ExOCevtXktl8VcYE+nH6xy\/0IrfsPidpM5CzLdwZ7lQw\/Q1Oj2FyyW6PSIbkp1bj3q3DIjnIwPoa5XStd03VCBb6pASf4WYKfyNdHDZMQG87j1HNKxSZoz6bZapF5V7a290n92aMOP1rz\/xf8NPC9wGNraRWkuPvQsUAP05H6V02qah\/Z0ZAuV3flisKxlm1W6AMm5AenXJpWK5mcTpPwTvrucNvhmtyehYq+P5V1x\/Z70KWHcNQvraTup2uP5V6RpLRWUQjdVfPUjg1fkngA3Bto9zSK5meHXfwAiRyLfXW+klv\/gaoyfs\/64AWg1LT3HbeWXP6Gvab\/wASaNp5\/wBJu0X8Mn8hSWWu6JqpC2ur2ZYnAWRjGfybFOyDnZ4Hd\/BHxfbgmO3tbgD\/AJ5zr\/7NisFPDGqaXqMlnfypptwib\/3k23eM8AFd2T7V9KeJtbtvDFupmkilZ+ipKBx65rxe+1Vrm7vHMsEpupPMkmUYIGeF6nAFNRTFKo0tTktVvptKe3hgkHnKoaQsoO45yCadF4jeeSGW6tbSd1OCiqyM3sSODWjN4ObU5HuY783LsfuW8fmEemcHgV2fhL4OIjwapeagz+Ttl+zGEg+wbPTp70m3cqMYqOu5zMmtvbQXAeG9slmysSsokRCR03H5vfrXR+EvGOn6NdyrJbPd6e8EgaONc75Mcgo2ecDHXoa7Pw1pV1rmm3Vl4j0cpHIgTy2jKhwGbBHvgg5FeM3903g\/Xlt13TrZyzKc4+bkoOfXAFNslJXsj1bxJq9lbRWSW11aqBfx7IrdApCbCpB\/Wuo8JeKrqOwNov2r9\/dlVR2JCk78j\/ZGIicDua8H0rxC+vzR2d9PISr+ashVAECq2R75z7njiuw8IarqdprcNpFcW0yPcCaIvKUUPnaCWI3AbS2eOp560JjlG2h7fGdSlUPFEzBhuBQHOKIrfV7sMIkkbbyQWx+lamn6bfLBbvDcksEHzooYZxzgluakns9UVSX1C4GTkliBj8iafOibM5y4Gp2vM0DKAej4\/kayryeRssYyp9uldXc2C3agXN7NK4GMsTgCsyfR7KBSZbs49EAP\/s1UpolpnMCO4uCQu724NZ1zp1+zkC1dsd9tditzpVom03N+49F+UD8M1Rv9csQo8iC7Yg9S3ajnfREuPdnx+sj9mNSrPIpzhT9VBqAgocZU\/Q5p6PiuW53NF2G+cEZjQ\/p\/KtW28TX1muIpbmL\/AHJ3H9axUmUDlaUSmQ0yeVG1L4l1WeQMbi+f6yFq6\/wr8Q77S1CtBFKcdJoMn8wRXHWemxvFve6aM4yBuApFnns5x5crygd85qrslxTPWLn4rX8yYjt4bZv7yoxA\/nWTceL9Yvgd+qMVPZBj+gNcgdVkKBg6K3owp8fiB8hRarK3qpx\/OjmaEqd9EbbiSdtztvJ6kuM\/lnNSxBwwRVLfTk\/pWGNdjP34Itx\/hZwMfmKBr5ZPl04lc9pAKfM2J0rbm943uZI9DsIoZZEkL9EbawyDXJ30z2+nhBO7T8FjuJbHrmnEz3F2Z5A6RgfLE0mQKaY4\/N82ZcM52sFcEYNXcztd+SO++EjzxWEs88sTJK\/ylnJk44IOe3pXceJvF+qaRPYWumFTG80b3WFBzGxCbT6Z5\/KvBFS5gmaHTtRu7bDE\/PMcEdewrW0XV9StftNz\/aSXkrqqxyyMxCMpyMgjtz+dTuW7bntMuraJdX\/21NUhL2KyExrKFY8cgqec8V4D4m1P7XOsZGGQuXcnl2J5JPfkY\/Ctq58aahq3l2d79gdHYM86Id+B1X5gMcjt\/WsTVntIp55FtpJoVlkVCyHAw5IzyMcGjoJR94oafiKzvrkHkIIVPux5\/QH866L4b3c3\/CTWaG4ZVR1CliSE+ZeQM\/4Vl2eqW008EEcQRC+9srjPy\/X1BxWtFaPbGA2rRpcTIrCSOMhlc8kE7uuQO3rxRctp6n094P8As3hnSIrGS63SozlnDMVbc7N3\/wB6tifXbV1O6ZW9ua8Mt5fGkI2zXFvIqj5SJBuP1zzTbi\/8cOmI44xgclZF5\/HNLljuTeR7Dda1pqB3keJVX7ztwB9T2rmNS+I3hKxmdZNRtmkQZPlqZP8A0EEV4feeFPFk0zstkqI5yUSaMA9ecZqhL4D8Stwtnj38+Pn\/AMeqWUl3PTNc+Neg2t3LBa2b3iKDiZflVm9MEZx71x8nxyv3hRZNGtHkHVtzBep6Dt271y1z4J1+0wtza+WvBJ85DgHvwTWBLaNCfnJzn+EZ\/rSuxqKZQjVCfmcKPpmpdkXRJC3\/AAHFMUP2AqQCX\/JotoaEiWM7jKqpH+8P8alSwvAflty30wabHKydUJ\/4FVmK\/CdUcfQ1m3NbI1SgyN7fUYxl4JEH0FQF7jOD5g\/4DWhNqKSLgCWqDS5bOcfWqjKT3FKMeg9A7felnH0GKcsz27gxu2f9sZ\/nTY5dxwZlQepz\/SlmmgXhZWlPrtwKrR7kap6Gna3KKoeWNW\/2idv9Klm1y3iGItpP+wmf1Nc+84P3V\/OmmZsYBx+FNSsS43eptT6s0wVYtoLHkkZ\/Sqs980QK7vNZuMnAx+ArOEsgOdxP1puGznGfwo5xKmlodK0nnRQXCAF2Uqecc0ltItnPJayqBOz\/AC8Z5wP0rM0y6KzRRywGVA2doByfatpPDOpXV\/8AbkaO3y25Qc5WqbuTGKjoULm3MV\/Kgb50kP3n29q1dK07UriGRGitZ3cud7tkgsoGRg9RjNdJZaHaw\/PMqzTty7sPvGteCJI1ARFRfYUkNs4u18A6pJPE32qPepG0BST1zXY2ngi2sriK7vJCtzCdy7m+cH\/dHT\/gWK011GWOPyoCIFIwfKGC31bqfpnFQ+ftH3qLCbbLyXE6D\/WtinHU7hFA81toOQM1lNenHJqpNf7jjPFGojd\/t+7X\/lrkejAMP1qrJr8q\/wDPL\/v2v+FYE1+VyM1Qn1A4P+NFiWzqJNZgvEMV2MJ\/C6D5oz7eo9q5LxF4cVpEmeATxOfkngzhvY46H2NVpNSI5B\/WktvEl3p5Y21w0YbqOo\/Kiwrs4DeaPMPrTe9LU3Z1WF8w0vmt60yijULD\/Mb1pN7HvRilApAJk0oBNOFTRqDjiiwrkaRM1W4NPaQjg1PAi5HFatuAMYGKtRRDkQWuiocbx+da9tpVqmP3SsaZETViJiTgnimQ2y9bpFFwiAeyir0TdicCs+MkLkVMjHB5oJNNJVXuBUn2gDqazAx45od245oA0WuveoJb0dM1ns7bjyahmZgvXvQBbnvweM+1VJLvA61SkYktz3qpO7AH5j1oKsWpb4DPNUZrwknniqsjN61VlY+tAWJpbo5xmqslyc1XlY561CzH1oGon\/\/Z\" data-src='https:\/\/cdn.livingstonintl.com\/livingston-content\/uploads\/2020\/11\/08054443\/masthead-services-vehicle-transportation.jpg' alt=\"\" \/>\n\t\t\t<\/div>\n\n\t<div class=\"masthead-container\" style=\"background: linear-gradient(90deg, rgba(0, 14, 28, 0.8) 0%, rgba(49, 70, 87, 0) 72%);\">\n\t\t<div class=\"grid-container\">\n\t\t\t<div id=\"mastheadContent\" class=\"masthead-content \" style=\"filter: drop-shadow(0px 0px 40px rgba(42, 52, 61, 0.5))\">\n\t\t\t\t<div class=\"grid-x masthead-breadcrumbs\">\n\t\t\t\t\t<div class=\"small-12 cell\">\n\t\t\t\t\t\t\n\n\t<section class=\"breadcrumbs hide-for-small-only clearfix\" itemprop=\"breadcrumb\">\n\t\t<span property=\"itemListElement\" typeof=\"ListItem\">\n\t\t\t\t\t<a property=\"item\" typeof=\"WebPage\" title=\"Aller \u00e0 Soci\u00e9t\u00e9 internationale Livingston.\" href=\"https:\/\/www.livingstonintl.com\/fr\/\" class=\"home\"><span property=\"name\">Accueil<\/span><\/a>&nbsp;\/&nbsp;\n\t\t\t\t<meta property=\"position\" content=\"1\"><\/span>\n\t\t<\/section>\n\t\t\t\t\t<\/div>\n\t\t\t\t<\/div>\n\t\t\t\t<div class=\"grid-x\">\n\t\t\t\t\t<div class=\"small-12 cell\">\n\t\t\t\t\t\t<h1 style=\"filter: drop-shadow(0px 0px 40px rgba(42, 52, 61, 0.5)); width:calc(1em * 10.5);\">\n\t\t\t\t\t\t\t<span class=\"white\">Transport <br>de v\u00e9hicules <\/span>\n\t\t\t\t\t\t\t<span class=\"orange\">Manipuler <br>avec soin.<\/span>\n\t\t\t\t\t\t<\/h1>\n\t\t\t\t\t<\/div>\n\t\t\t\t<\/div>\n\t\t\t\t<div class=\"grid-x\">\n\t\t\t\t\t<div class=\"small-12 cell\">\n\t\t\t\t\t\t<p style=\"width:calc(1em * 22);\">\n\t\t\t\t\t\t\tApr\u00e8s 35 ans, notre service de transport de v\u00e9hicules est la norme de r\u00e9f\u00e9rence. Pour un v\u00e9hicule ou 100. Rapide. S\u00e9curitaire. \u00c9conomique. Votre marchandise est en s\u00e9curit\u00e9 avec nous. \t\t\t\t\t\t<\/p>\n\t\t\t\t\t\t\t\t\t\t\t<\/div>\n\t\t\t\t<\/div>\n\t\t\t<\/div>\n\t\t<\/div>\n\t<\/div>\n\n\t<div class=\"masthead-background show-for-small-only\">\n\t\t\t\t\t<img decoding=\"async\" src=\"data:image\/image\/jpeg;base64, \/9j\/4AAQSkZJRgABAQEAYABgAAD\/\/gA7Q1JFQVRPUjogZ2QtanBlZyB2MS4wICh1c2luZyBJSkcgSlBFRyB2NjIpLCBxdWFsaXR5ID0gODIK\/9sAQwAGBAQFBAQGBQUFBgYGBwkOCQkICAkSDQ0KDhUSFhYVEhQUFxohHBcYHxkUFB0nHR8iIyUlJRYcKSwoJCshJCUk\/9sAQwEGBgYJCAkRCQkRJBgUGCQkJCQkJCQkJCQkJCQkJCQkJCQkJCQkJCQkJCQkJCQkJCQkJCQkJCQkJCQkJCQkJCQk\/8AAEQgAawC+AwEiAAIRAQMRAf\/EAB8AAAEFAQEBAQEBAAAAAAAAAAABAgMEBQYHCAkKC\/\/EALUQAAIBAwMCBAMFBQQEAAABfQECAwAEEQUSITFBBhNRYQcicRQygZGhCCNCscEVUtHwJDNicoIJChYXGBkaJSYnKCkqNDU2Nzg5OkNERUZHSElKU1RVVldYWVpjZGVmZ2hpanN0dXZ3eHl6g4SFhoeIiYqSk5SVlpeYmZqio6Slpqeoqaqys7S1tre4ubrCw8TFxsfIycrS09TV1tfY2drh4uPk5ebn6Onq8fLz9PX29\/j5+v\/EAB8BAAMBAQEBAQEBAQEAAAAAAAABAgMEBQYHCAkKC\/\/EALURAAIBAgQEAwQHBQQEAAECdwABAgMRBAUhMQYSQVEHYXETIjKBCBRCkaGxwQkjM1LwFWJy0QoWJDThJfEXGBkaJicoKSo1Njc4OTpDREVGR0hJSlNUVVZXWFlaY2RlZmdoaWpzdHV2d3h5eoKDhIWGh4iJipKTlJWWl5iZmqKjpKWmp6ipqrKztLW2t7i5usLDxMXGx8jJytLT1NXW19jZ2uLj5OXm5+jp6vLz9PX29\/j5+v\/aAAwDAQACEQMRAD8A87ig44Fc5r+3eytxXVeascRYdhXG65epMzb8A+orvPIgtTkb1SkpxyPUVD5zldu449KtS4Mh2kEULapIcjCn0rnad9D0k7LUp8+hp6blIO01oJbKuOmauReQF2yIPrS5QcyrZ3XlSI+3GDzXZHSPt9it9ZPtfHOP6iuOm8pXwp4rovDOvR2CmCaTarfdPb6UJalSm+WyF2NMfJul8qQ8LKOVY+h\/z+dbWjafbvIba7IhLDDHrj0PuKsQR22rq728kZfuOoPsRUqwoFENwjQuv3W9Poa1TOSSudR4G1e60G6k0y+fzbBX27+vk56MP9k9\/Tr649Ra0wMgZryvwJZC7luYLkrKjgqj9x7f\/Wr0vwzfB9P+x3Mn+kWreS2T94D7p\/L+VTJdQj2Y54jn7tRtCzHpW0Io2PUUphQdqkqxjx2zH+Gr1vZliBiriIgPQVOoCN8tA7EDab+7yG59Kh\/s8hjWii85JpXYHoRikOxSGnJtyxGfSq0tmFbHGKuSSc8VXeQucEUCZWa2ULxiqk8RHStLaW4xUb259KBHOXcO9qzprTJya6eez6nHJ6VTl0125xVIzaPHJbWVIGyCeO1cDr8LBmIJ+levwW7SDDDINc74q8A\/bYHuLSby5OpRxkH8a1kzKkuWVzx3LKx55qVJz3p2o2F1p07RXEZUg9RyDVTcT3rlbaZ6ejVy8Lk\/3qkF2wHNZx3DrRuOMZo5w5S482856GrdlaPqH7pD8x6VkBmB611fgny31BEmXKE8kdRTi7sUtEVLU6j4V1SOV\/MVcjcrDGR7j+teoWl9Z6zbB4Jo3YrloieR9Kb480S3fRA0yESAAxynkEen1rzKB2t2HlzNFIvQg4NXsZW59TvdDvbnSfEAjR2WGXJ4PYf\/AF8Vt66fE0sU8sIFxCEzJIjncyg5Hyjrj\/PvyGi+KBZSINZsxcxMOLhPvqP616No2pQeQLzT7xbq0HXBw8fsR2qkyJKzucvH8SdcgaHFx8ox94ZyOBXs2n+JYP3ImlVoZRjzQ2QjdwfxryXV\/D3h+712Fo9UNql42UiSHcFc4zyOB83btxXR6X5RsNUSMny0upCrHorfxA+gJ79KXWzKUbxbPW44mfBTkHoRV630m5nUso4Hqa5TwLrclxItiylo2UGLP3kbnKn8ifbFd4i3Kr91lWh6Ex1M6ewuLdQWAwfeqzo\/QnFb4ieYgFTx3NNl00yjOMe+Km5TRgLbhupp5sQxGB1rYj0zYwcZYDjhalNvIcgwso7Z60XBIyFtAoxs5+lMNgzsAB1rbMRK5YHPrUEhEakswFS2x2RkXWmBRv6nsBWZdoqkLkfhWne6inKiUVjyTRMfvg1UU+pnO3Q+dE+LVnH0tSf+BVbX4xaXJGY5rOUAjHBzW7P4B0G8XE2l2594xsP5jFZU\/wAF9Cu2P2a7vLQ\/3SQ4H58\/rVNsUVDzOC8S6npWsSNLbSsjH+FxiuXMPPBFepX3wFvkUtYazbS+izxsn6jP8q5jUvhd4t0rLNpUtyg\/jtWEufwHP6VlK73OiHKlZM5URle2fpRhO681JPb3FrIYriKSKReqyKVI\/A1EWPekaEkbxoeYww9607PVYLaRJYleCZOVdTnmsgHBzgVcgvYkXbJZQyj3JH8jn9aaEztJPHU+uaa+m386rvwPNHAP4dKxIbCa03CVY7yA8rtbDD6Zrn3K7yY1KqexOcVIk00B3RtIE9sjFO5KilsdH5bQxeZamZM8NFjep\/DrVzRJpjc5tyYZG+R\/Kf7wPqp5xWJaa1KwEckyj2mTI\/MVs27XStHKbdJUPIeGUHj6GmiZaLU6rSLaPwdrslrqM0UtudtxF5w5RiGyVJ9wOhPSpPDXj+PSI76Oe1knivZfmC\/8syTgt+v6CuZ1W6j1+BC148MkY2ILiLAXnpxwKu+ENM+x2+qjUZLaSN7VhE6sGVm9B6H096uzMlOLR7Ra6ve6ZqtstvZLJIMSeaW2CUKRhc9ASCefYivWvBdxqdzpULa20Et1NKApt+FCmMOM\/hXzboniJo8tDJ5tuzbpLeRiNp7lSeVb2PB9O9dJp3xX1G30i1S2JjFvK8cbNKRu2oVGR24YUS1BaH0r9nRQSqKCfUU1plt4m3OBx2PNeW6V8SJZYBJcXe5W6AHesgOcYOPQZrprLTbTXNP\/ALQCPCrjKMjkq34dalwtuVz9jee\/sdwLNCGHUs\/NQT6npuwZmUY\/uc1x1zapC5jQEsO+TVi20q6aMTbVZO4DCnyoXMy9qHiKzjBVGlYDoMVzWp66LjOyN1X61cvJoEBRLcKxPLMQcfpVFbOwuMtcTlcc\/WmkiWzDn1FhnBxVU3cjd\/1rV1K2s7dcwIG92Irmr3UZI3wuxR7VaV9iJMyra8mYDJq\/ExOCevtXktl8VcYE+nH6xy\/0IrfsPidpM5CzLdwZ7lQw\/Q1Oj2FyyW6PSIbkp1bj3q3DIjnIwPoa5XStd03VCBb6pASf4WYKfyNdHDZMQG87j1HNKxSZoz6bZapF5V7a290n92aMOP1rz\/xf8NPC9wGNraRWkuPvQsUAP05H6V02qah\/Z0ZAuV3flisKxlm1W6AMm5AenXJpWK5mcTpPwTvrucNvhmtyehYq+P5V1x\/Z70KWHcNQvraTup2uP5V6RpLRWUQjdVfPUjg1fkngA3Bto9zSK5meHXfwAiRyLfXW+klv\/gaoyfs\/64AWg1LT3HbeWXP6Gvab\/wASaNp5\/wBJu0X8Mn8hSWWu6JqpC2ur2ZYnAWRjGfybFOyDnZ4Hd\/BHxfbgmO3tbgD\/AJ5zr\/7NisFPDGqaXqMlnfypptwib\/3k23eM8AFd2T7V9KeJtbtvDFupmkilZ+ipKBx65rxe+1Vrm7vHMsEpupPMkmUYIGeF6nAFNRTFKo0tTktVvptKe3hgkHnKoaQsoO45yCadF4jeeSGW6tbSd1OCiqyM3sSODWjN4ObU5HuY783LsfuW8fmEemcHgV2fhL4OIjwapeagz+Ttl+zGEg+wbPTp70m3cqMYqOu5zMmtvbQXAeG9slmysSsokRCR03H5vfrXR+EvGOn6NdyrJbPd6e8EgaONc75Mcgo2ecDHXoa7Pw1pV1rmm3Vl4j0cpHIgTy2jKhwGbBHvgg5FeM3903g\/Xlt13TrZyzKc4+bkoOfXAFNslJXsj1bxJq9lbRWSW11aqBfx7IrdApCbCpB\/Wuo8JeKrqOwNov2r9\/dlVR2JCk78j\/ZGIicDua8H0rxC+vzR2d9PISr+ashVAECq2R75z7njiuw8IarqdprcNpFcW0yPcCaIvKUUPnaCWI3AbS2eOp560JjlG2h7fGdSlUPFEzBhuBQHOKIrfV7sMIkkbbyQWx+lamn6bfLBbvDcksEHzooYZxzgluakns9UVSX1C4GTkliBj8iafOibM5y4Gp2vM0DKAej4\/kayryeRssYyp9uldXc2C3agXN7NK4GMsTgCsyfR7KBSZbs49EAP\/s1UpolpnMCO4uCQu724NZ1zp1+zkC1dsd9tditzpVom03N+49F+UD8M1Rv9csQo8iC7Yg9S3ajnfREuPdnx+sj9mNSrPIpzhT9VBqAgocZU\/Q5p6PiuW53NF2G+cEZjQ\/p\/KtW28TX1muIpbmL\/AHJ3H9axUmUDlaUSmQ0yeVG1L4l1WeQMbi+f6yFq6\/wr8Q77S1CtBFKcdJoMn8wRXHWemxvFve6aM4yBuApFnns5x5crygd85qrslxTPWLn4rX8yYjt4bZv7yoxA\/nWTceL9Yvgd+qMVPZBj+gNcgdVkKBg6K3owp8fiB8hRarK3qpx\/OjmaEqd9EbbiSdtztvJ6kuM\/lnNSxBwwRVLfTk\/pWGNdjP34Itx\/hZwMfmKBr5ZPl04lc9pAKfM2J0rbm943uZI9DsIoZZEkL9EbawyDXJ30z2+nhBO7T8FjuJbHrmnEz3F2Z5A6RgfLE0mQKaY4\/N82ZcM52sFcEYNXcztd+SO++EjzxWEs88sTJK\/ylnJk44IOe3pXceJvF+qaRPYWumFTG80b3WFBzGxCbT6Z5\/KvBFS5gmaHTtRu7bDE\/PMcEdewrW0XV9StftNz\/aSXkrqqxyyMxCMpyMgjtz+dTuW7bntMuraJdX\/21NUhL2KyExrKFY8cgqec8V4D4m1P7XOsZGGQuXcnl2J5JPfkY\/Ctq58aahq3l2d79gdHYM86Id+B1X5gMcjt\/WsTVntIp55FtpJoVlkVCyHAw5IzyMcGjoJR94oafiKzvrkHkIIVPux5\/QH866L4b3c3\/CTWaG4ZVR1CliSE+ZeQM\/4Vl2eqW008EEcQRC+9srjPy\/X1BxWtFaPbGA2rRpcTIrCSOMhlc8kE7uuQO3rxRctp6n094P8As3hnSIrGS63SozlnDMVbc7N3\/wB6tifXbV1O6ZW9ua8Mt5fGkI2zXFvIqj5SJBuP1zzTbi\/8cOmI44xgclZF5\/HNLljuTeR7Dda1pqB3keJVX7ztwB9T2rmNS+I3hKxmdZNRtmkQZPlqZP8A0EEV4feeFPFk0zstkqI5yUSaMA9ecZqhL4D8Stwtnj38+Pn\/AMeqWUl3PTNc+Neg2t3LBa2b3iKDiZflVm9MEZx71x8nxyv3hRZNGtHkHVtzBep6Dt271y1z4J1+0wtza+WvBJ85DgHvwTWBLaNCfnJzn+EZ\/rSuxqKZQjVCfmcKPpmpdkXRJC3\/AAHFMUP2AqQCX\/JotoaEiWM7jKqpH+8P8alSwvAflty30wabHKydUJ\/4FVmK\/CdUcfQ1m3NbI1SgyN7fUYxl4JEH0FQF7jOD5g\/4DWhNqKSLgCWqDS5bOcfWqjKT3FKMeg9A7felnH0GKcsz27gxu2f9sZ\/nTY5dxwZlQepz\/SlmmgXhZWlPrtwKrR7kap6Gna3KKoeWNW\/2idv9Klm1y3iGItpP+wmf1Nc+84P3V\/OmmZsYBx+FNSsS43eptT6s0wVYtoLHkkZ\/Sqs980QK7vNZuMnAx+ArOEsgOdxP1puGznGfwo5xKmlodK0nnRQXCAF2Uqecc0ltItnPJayqBOz\/AC8Z5wP0rM0y6KzRRywGVA2doByfatpPDOpXV\/8AbkaO3y25Qc5WqbuTGKjoULm3MV\/Kgb50kP3n29q1dK07UriGRGitZ3cud7tkgsoGRg9RjNdJZaHaw\/PMqzTty7sPvGteCJI1ARFRfYUkNs4u18A6pJPE32qPepG0BST1zXY2ngi2sriK7vJCtzCdy7m+cH\/dHT\/gWK011GWOPyoCIFIwfKGC31bqfpnFQ+ftH3qLCbbLyXE6D\/WtinHU7hFA81toOQM1lNenHJqpNf7jjPFGojd\/t+7X\/lrkejAMP1qrJr8q\/wDPL\/v2v+FYE1+VyM1Qn1A4P+NFiWzqJNZgvEMV2MJ\/C6D5oz7eo9q5LxF4cVpEmeATxOfkngzhvY46H2NVpNSI5B\/WktvEl3p5Y21w0YbqOo\/Kiwrs4DeaPMPrTe9LU3Z1WF8w0vmt60yijULD\/Mb1pN7HvRilApAJk0oBNOFTRqDjiiwrkaRM1W4NPaQjg1PAi5HFatuAMYGKtRRDkQWuiocbx+da9tpVqmP3SsaZETViJiTgnimQ2y9bpFFwiAeyir0TdicCs+MkLkVMjHB5oJNNJVXuBUn2gDqazAx45od245oA0WuveoJb0dM1ns7bjyahmZgvXvQBbnvweM+1VJLvA61SkYktz3qpO7AH5j1oKsWpb4DPNUZrwknniqsjN61VlY+tAWJpbo5xmqslyc1XlY561CzH1oGon\/\/Z\" class=\"lii-lazy\" data-src='https:\/\/cdn.livingstonintl.com\/livingston-content\/uploads\/2020\/11\/08054443\/masthead-services-vehicle-transportation.jpg' alt=\"\" \/>\n\t\t\t<\/div>\n\n\t<!--\t\t<div class=\"masthead-breadcrumbs\">-->\n<!--\t\t\t<div class=\"grid-container\">-->\n<!--\t\t\t\t<div class=\"grid-x\">-->\n<!--\t\t\t\t\t<div class=\"small-12 cell\">-->\n<!--\t\t\t\t\t\t--><!--\t\t\t\t\t<\/div>-->\n<!--\t\t\t\t<\/div>-->\n<!--\t\t\t<\/div>-->\n<!--\t\t<\/div>-->\n\t\n<\/section>\n<!-- \/ MASTHEAD: MAIN -->\n","protected":false},"excerpt":{"rendered":"","protected":false},"author":32,"featured_media":0,"parent":27117,"menu_order":273,"comment_status":"closed","ping_status":"closed","template":"template-retired\/page-services-vts.php","meta":{"_acf_changed":false,"footnotes":""},"class_list":["post-98","page","type-page","status-publish","hentry"],"acf":[],"yoast_head":"<!-- This site is optimized with the Yoast SEO plugin v27.2 - https:\/\/yoast.com\/product\/yoast-seo-wordpress\/ -->\n<title>Transport de v\u00e9hicules - Livingston International<\/title>\n<meta name=\"robots\" content=\"index, follow, max-snippet:-1, max-image-preview:large, max-video-preview:-1\" \/>\n<link rel=\"canonical\" href=\"https:\/\/www.livingstonintl.com\/fr\/services-fr\/transport-de-vehicules\/\" \/>\n<meta property=\"og:locale\" content=\"fr_FR\" \/>\n<meta property=\"og:type\" content=\"article\" \/>\n<meta property=\"og:title\" content=\"Transport de v\u00e9hicules - Livingston International\" \/>\n<meta property=\"og:url\" content=\"https:\/\/www.livingstonintl.com\/fr\/services-fr\/transport-de-vehicules\/\" \/>\n<meta property=\"og:site_name\" content=\"Livingston International\" \/>\n<meta property=\"article:publisher\" content=\"https:\/\/www.facebook.com\/livingstoninternational\" \/>\n<meta property=\"article:modified_time\" content=\"2022-10-27T17:03:08+00:00\" \/>\n<meta property=\"og:image\" content=\"https:\/\/cdn.livingstonintl.com\/livingston-content\/uploads\/2022\/09\/12163235\/2022-livingston-fb.jpg\" \/>\n\t<meta property=\"og:image:width\" content=\"1200\" \/>\n\t<meta property=\"og:image:height\" content=\"630\" \/>\n\t<meta property=\"og:image:type\" content=\"image\/jpeg\" \/>\n<script type=\"application\/ld+json\" class=\"yoast-schema-graph\">{\"@context\":\"https:\/\/schema.org\",\"@graph\":[{\"@type\":\"WebPage\",\"@id\":\"https:\/\/www.livingstonintl.com\/fr\/services-fr\/transport-de-vehicules\/\",\"url\":\"https:\/\/www.livingstonintl.com\/fr\/services-fr\/transport-de-vehicules\/\",\"name\":\"Transport de v\u00e9hicules - Livingston International\",\"isPartOf\":{\"@id\":\"https:\/\/www.livingstonintl.com\/fr\/#website\"},\"datePublished\":\"2015-04-27T20:04:49+00:00\",\"dateModified\":\"2022-10-27T17:03:08+00:00\",\"breadcrumb\":{\"@id\":\"https:\/\/www.livingstonintl.com\/fr\/services-fr\/transport-de-vehicules\/#breadcrumb\"},\"inLanguage\":\"fr-FR\",\"potentialAction\":[{\"@type\":\"ReadAction\",\"target\":[\"https:\/\/www.livingstonintl.com\/fr\/services-fr\/transport-de-vehicules\/\"]}]},{\"@type\":\"BreadcrumbList\",\"@id\":\"https:\/\/www.livingstonintl.com\/fr\/services-fr\/transport-de-vehicules\/#breadcrumb\",\"itemListElement\":[{\"@type\":\"ListItem\",\"position\":1,\"name\":\"Accueil\",\"item\":\"https:\/\/www.livingstonintl.com\/fr\/\"},{\"@type\":\"ListItem\",\"position\":2,\"name\":\"Services\",\"item\":\"https:\/\/www.livingstonintl.com\/fr\/services-fr\/\"},{\"@type\":\"ListItem\",\"position\":3,\"name\":\"Transport de v\u00e9hicules\"}]},{\"@type\":\"WebSite\",\"@id\":\"https:\/\/www.livingstonintl.com\/fr\/#website\",\"url\":\"https:\/\/www.livingstonintl.com\/fr\/\",\"name\":\"Livingston International\",\"description\":\"Simplify Trade\",\"publisher\":{\"@id\":\"https:\/\/www.livingstonintl.com\/fr\/#organization\"},\"potentialAction\":[{\"@type\":\"SearchAction\",\"target\":{\"@type\":\"EntryPoint\",\"urlTemplate\":\"https:\/\/www.livingstonintl.com\/fr\/?s={search_term_string}\"},\"query-input\":{\"@type\":\"PropertyValueSpecification\",\"valueRequired\":true,\"valueName\":\"search_term_string\"}}],\"inLanguage\":\"fr-FR\"},{\"@type\":\"Organization\",\"@id\":\"https:\/\/www.livingstonintl.com\/fr\/#organization\",\"name\":\"Livingston International\",\"url\":\"https:\/\/www.livingstonintl.com\/fr\/\",\"logo\":{\"@type\":\"ImageObject\",\"inLanguage\":\"fr-FR\",\"@id\":\"https:\/\/www.livingstonintl.com\/fr\/#\/schema\/logo\/image\/\",\"url\":\"https:\/\/cdn.livingstonintl.com\/livingston-content\/uploads\/2022\/09\/12163235\/2022-livingston-fb.jpg\",\"contentUrl\":\"https:\/\/cdn.livingstonintl.com\/livingston-content\/uploads\/2022\/09\/12163235\/2022-livingston-fb.jpg\",\"width\":1200,\"height\":630,\"caption\":\"Livingston International\"},\"image\":{\"@id\":\"https:\/\/www.livingstonintl.com\/fr\/#\/schema\/logo\/image\/\"},\"sameAs\":[\"https:\/\/www.facebook.com\/livingstoninternational\",\"https:\/\/x.com\/livingston_intl\",\"https:\/\/linkedin.com\/company\/livingston-international\"]}]}<\/script>\n<!-- \/ Yoast SEO plugin. -->","yoast_head_json":{"title":"Transport de v\u00e9hicules - Livingston International","robots":{"index":"index","follow":"follow","max-snippet":"max-snippet:-1","max-image-preview":"max-image-preview:large","max-video-preview":"max-video-preview:-1"},"canonical":"https:\/\/www.livingstonintl.com\/fr\/services-fr\/transport-de-vehicules\/","og_locale":"fr_FR","og_type":"article","og_title":"Transport de v\u00e9hicules - Livingston International","og_url":"https:\/\/www.livingstonintl.com\/fr\/services-fr\/transport-de-vehicules\/","og_site_name":"Livingston International","article_publisher":"https:\/\/www.facebook.com\/livingstoninternational","article_modified_time":"2022-10-27T17:03:08+00:00","og_image":[{"width":1200,"height":630,"url":"https:\/\/cdn.livingstonintl.com\/livingston-content\/uploads\/2022\/09\/12163235\/2022-livingston-fb.jpg","type":"image\/jpeg"}],"schema":{"@context":"https:\/\/schema.org","@graph":[{"@type":"WebPage","@id":"https:\/\/www.livingstonintl.com\/fr\/services-fr\/transport-de-vehicules\/","url":"https:\/\/www.livingstonintl.com\/fr\/services-fr\/transport-de-vehicules\/","name":"Transport de v\u00e9hicules - Livingston International","isPartOf":{"@id":"https:\/\/www.livingstonintl.com\/fr\/#website"},"datePublished":"2015-04-27T20:04:49+00:00","dateModified":"2022-10-27T17:03:08+00:00","breadcrumb":{"@id":"https:\/\/www.livingstonintl.com\/fr\/services-fr\/transport-de-vehicules\/#breadcrumb"},"inLanguage":"fr-FR","potentialAction":[{"@type":"ReadAction","target":["https:\/\/www.livingstonintl.com\/fr\/services-fr\/transport-de-vehicules\/"]}]},{"@type":"BreadcrumbList","@id":"https:\/\/www.livingstonintl.com\/fr\/services-fr\/transport-de-vehicules\/#breadcrumb","itemListElement":[{"@type":"ListItem","position":1,"name":"Accueil","item":"https:\/\/www.livingstonintl.com\/fr\/"},{"@type":"ListItem","position":2,"name":"Services","item":"https:\/\/www.livingstonintl.com\/fr\/services-fr\/"},{"@type":"ListItem","position":3,"name":"Transport de v\u00e9hicules"}]},{"@type":"WebSite","@id":"https:\/\/www.livingstonintl.com\/fr\/#website","url":"https:\/\/www.livingstonintl.com\/fr\/","name":"Livingston International","description":"Simplify Trade","publisher":{"@id":"https:\/\/www.livingstonintl.com\/fr\/#organization"},"potentialAction":[{"@type":"SearchAction","target":{"@type":"EntryPoint","urlTemplate":"https:\/\/www.livingstonintl.com\/fr\/?s={search_term_string}"},"query-input":{"@type":"PropertyValueSpecification","valueRequired":true,"valueName":"search_term_string"}}],"inLanguage":"fr-FR"},{"@type":"Organization","@id":"https:\/\/www.livingstonintl.com\/fr\/#organization","name":"Livingston International","url":"https:\/\/www.livingstonintl.com\/fr\/","logo":{"@type":"ImageObject","inLanguage":"fr-FR","@id":"https:\/\/www.livingstonintl.com\/fr\/#\/schema\/logo\/image\/","url":"https:\/\/cdn.livingstonintl.com\/livingston-content\/uploads\/2022\/09\/12163235\/2022-livingston-fb.jpg","contentUrl":"https:\/\/cdn.livingstonintl.com\/livingston-content\/uploads\/2022\/09\/12163235\/2022-livingston-fb.jpg","width":1200,"height":630,"caption":"Livingston International"},"image":{"@id":"https:\/\/www.livingstonintl.com\/fr\/#\/schema\/logo\/image\/"},"sameAs":["https:\/\/www.facebook.com\/livingstoninternational","https:\/\/x.com\/livingston_intl","https:\/\/linkedin.com\/company\/livingston-international"]}]}},"_links":{"self":[{"href":"https:\/\/wp.livingstonintl.com\/fr\/wp-json\/wp\/v2\/pages\/98","targetHints":{"allow":["GET"]}}],"collection":[{"href":"https:\/\/wp.livingstonintl.com\/fr\/wp-json\/wp\/v2\/pages"}],"about":[{"href":"https:\/\/wp.livingstonintl.com\/fr\/wp-json\/wp\/v2\/types\/page"}],"author":[{"embeddable":true,"href":"https:\/\/wp.livingstonintl.com\/fr\/wp-json\/wp\/v2\/users\/32"}],"replies":[{"embeddable":true,"href":"https:\/\/wp.livingstonintl.com\/fr\/wp-json\/wp\/v2\/comments?post=98"}],"version-history":[{"count":3,"href":"https:\/\/wp.livingstonintl.com\/fr\/wp-json\/wp\/v2\/pages\/98\/revisions"}],"predecessor-version":[{"id":57629,"href":"https:\/\/wp.livingstonintl.com\/fr\/wp-json\/wp\/v2\/pages\/98\/revisions\/57629"}],"up":[{"embeddable":true,"href":"https:\/\/wp.livingstonintl.com\/fr\/wp-json\/wp\/v2\/pages\/27117"}],"wp:attachment":[{"href":"https:\/\/wp.livingstonintl.com\/fr\/wp-json\/wp\/v2\/media?parent=98"}],"curies":[{"name":"wp","href":"https:\/\/api.w.org\/{rel}","templated":true}]}}